{"id":16204,"date":"2020-11-11T17:41:25","date_gmt":"2020-11-11T17:41:25","guid":{"rendered":"https:\/\/zaldionline.com\/?post_type=product&#038;p=16204"},"modified":"2023-04-23T11:11:21","modified_gmt":"2023-04-23T11:11:21","slug":"arena-alupro-aluminium-safety-stirrup-steigbugel","status":"publish","type":"product","link":"https:\/\/www.zaldionline.com\/es\/producto\/arena-alupro-aluminium-safety-stirrup-steigbugel\/","title":{"rendered":"ARENA ALUPRO ALUMINIUM SAFETY STIRRUP STEIGB\u00dcGEL"},"content":{"rendered":"\t\t<div data-elementor-type=\"wp-post\" data-elementor-id=\"16204\" class=\"elementor elementor-16204\">\n\t\t\t\t\t\t<section class=\"elementor-section elementor-top-section elementor-element elementor-element-43ea1ad1 elementor-section-boxed elementor-section-height-default elementor-section-height-default\" data-id=\"43ea1ad1\" data-element_type=\"section\" data-e-type=\"section\">\n\t\t\t\t\t\t<div class=\"elementor-container elementor-column-gap-default\">\n\t\t\t\t\t<div class=\"elementor-column elementor-col-100 elementor-top-column elementor-element elementor-element-591756f1\" data-id=\"591756f1\" data-element_type=\"column\" data-e-type=\"column\">\n\t\t\t<div class=\"elementor-widget-wrap elementor-element-populated\">\n\t\t\t\t\t\t<div class=\"elementor-element elementor-element-6affc829 elementor-widget elementor-widget-text-editor\" data-id=\"6affc829\" data-element_type=\"widget\" data-e-type=\"widget\" data-widget_type=\"text-editor.default\">\n\t\t\t\t<div class=\"elementor-widget-container\">\n\t\t\t\t\t\t\t\t\t<p>Preis inkl. MwSt.: 172,88\u20ac<\/p><p>Der Sicherheitssteigb\u00fcgel der neuen Generation<\/p><p>Materialkombination aus Metall und Polyamid:<\/p><p>Der Steigb\u00fcgelbogen besteht aus Aluminium, w\u00e4hrend der \u00d6ffnungsarm aus einem speziellen Polyamidmaterial besteht. <span data-language-for-alternatives=\"de\" data-language-to-translate-into=\"es\" data-phrase-index=\"6\">Das Steigb\u00fcgelpolster besteht ebenfalls aus Polyamid und das Profil ist aus Edelstahl.<\/span><\/p><p>Einzigartiger, spannungsbet\u00e4tigter Verriegelungs- und Entriegelungsmechanismus.<\/p><p>Betr\u00e4chtliche Vorteile f\u00fcr den Reiter: Erleichterung der Unterseite der F\u00fc\u00dfe, Kn\u00f6chel, Knie und H\u00fcften. <span data-language-for-alternatives=\"de\" data-language-to-translate-into=\"es\" data-phrase-index=\"12\">Angezeigt f\u00fcr Reiter, die unter orthop\u00e4dischen Problemen leiden.<\/span><\/p><p>Paarweise verkauft.<\/p><p>Einheitsgr\u00f6\u00dfe.<\/p><p>Farbe: Aluminium, Schwarz, Rot, Orange, Braun, Bronze, Blau, Grau, Dunkelgrau, Ros\u00e9gold.<\/p><p>Ref. 2103950<\/p><p><strong>Wenn Du hier nicht gefunden hast wonach Du suchst,<\/strong><\/p><p>schau bitte auf der\u00a0<a href=\"https:\/\/tienda.zaldi.com\/en\/98-stirrups-accessories\">https:\/\/tienda.zaldi.com\/en\/98-stirrups-accessories<\/a> Seite. Dort sind noch weitere Artikel aufgef\u00fchrt.<\/p><p>Suche die entsprechende Referenznummer und Beschreibung heraus und<\/p><p>sende uns Deinen gesamten Auftrag per E-Mail zu.<\/p>\t\t\t\t\t\t\t\t<\/div>\n\t\t\t\t<\/div>\n\t\t\t\t\t<\/div>\n\t\t<\/div>\n\t\t\t\t\t<\/div>\n\t\t<\/section>\n\t\t\t\t<\/div>\n\t\t","protected":false},"excerpt":{"rendered":"<p>Preis inkl. MwSt.: 172,88\u20ac Der Sicherheitssteigb\u00fcgel der neuen Generation Materialkombination aus Metall und Polyamid: Der Steigb\u00fcgelbogen besteht aus Aluminium, w\u00e4hrend der \u00d6ffnungsarm aus einem speziellen Polyamidmaterial besteht. Das Steigb\u00fcgelpolster besteht ebenfalls aus Polyamid und das Profil ist aus Edelstahl. Einzigartiger, spannungsbet\u00e4tigter Verriegelungs- und Entriegelungsmechanismus. Betr\u00e4chtliche Vorteile f\u00fcr den Reiter: Erleichterung der Unterseite der F\u00fc\u00dfe, Kn\u00f6chel, [&hellip;]<\/p>\n","protected":false},"featured_media":17416,"comment_status":"open","ping_status":"closed","template":"","meta":{"site-sidebar-layout":"default","site-content-layout":"default","ast-site-content-layout":"default","site-content-style":"default","site-sidebar-style":"default","ast-global-header-display":"","ast-banner-title-visibility":"","ast-main-header-display":"","ast-hfb-above-header-display":"","ast-hfb-below-header-display":"","ast-hfb-mobile-header-display":"","site-post-title":"","ast-breadcrumbs-content":"","ast-featured-img":"","footer-sml-layout":"","ast-disable-related-posts":"","theme-transparent-header-meta":"default","adv-header-id-meta":"","stick-header-meta":"","header-above-stick-meta":"","header-main-stick-meta":"","header-below-stick-meta":"","astra-migrate-meta-layouts":"default","ast-page-background-enabled":"default","ast-page-background-meta":{"desktop":{"background-color":"var(--ast-global-color-4)","background-image":"","background-repeat":"repeat","background-position":"center center","background-size":"auto","background-attachment":"scroll","background-type":"","background-media":"","overlay-type":"","overlay-color":"","overlay-opacity":"","overlay-gradient":""},"tablet":{"background-color":"","background-image":"","background-repeat":"repeat","background-position":"center center","background-size":"auto","background-attachment":"scroll","background-type":"","background-media":"","overlay-type":"","overlay-color":"","overlay-opacity":"","overlay-gradient":""},"mobile":{"background-color":"","background-image":"","background-repeat":"repeat","background-position":"center center","background-size":"auto","background-attachment":"scroll","background-type":"","background-media":"","overlay-type":"","overlay-color":"","overlay-opacity":"","overlay-gradient":""}},"ast-content-background-meta":{"desktop":{"background-color":"var(--ast-global-color-5)","background-image":"","background-repeat":"repeat","background-position":"center center","background-size":"auto","background-attachment":"scroll","background-type":"","background-media":"","overlay-type":"","overlay-color":"","overlay-opacity":"","overlay-gradient":""},"tablet":{"background-color":"var(--ast-global-color-5)","background-image":"","background-repeat":"repeat","background-position":"center center","background-size":"auto","background-attachment":"scroll","background-type":"","background-media":"","overlay-type":"","overlay-color":"","overlay-opacity":"","overlay-gradient":""},"mobile":{"background-color":"var(--ast-global-color-5)","background-image":"","background-repeat":"repeat","background-position":"center center","background-size":"auto","background-attachment":"scroll","background-type":"","background-media":"","overlay-type":"","overlay-color":"","overlay-opacity":"","overlay-gradient":""}},"ngg_post_thumbnail":0},"product_brand":[],"product_cat":[18,51],"product_tag":[886,634,895,896,340,337,338,339],"class_list":{"0":"post-16204","1":"product","2":"type-product","3":"status-publish","4":"has-post-thumbnail","6":"product_cat-accesorios","7":"product_cat-estribos-accesorios","8":"product_tag-sicherheitssteigbuegel","9":"product_tag-steigbuegel","10":"product_tag-steigbuegel-in-verschiedenen-farben-verfuegbar","11":"product_tag-stirrup","12":"product_tag-susanne-nagel","13":"product_tag-zaldi","14":"product_tag-zaldi-deutschland","15":"product_tag-zaldi-online-com","16":"desktop-align-left","17":"tablet-align-left","18":"mobile-align-left","20":"first","21":"instock","22":"taxable","23":"shipping-taxable","24":"purchasable","25":"product-type-variable"},"yoast_head":"<!-- This site is optimized with the Yoast SEO plugin v27.4 - https:\/\/yoast.com\/product\/yoast-seo-wordpress\/ -->\n<title>ARENA ALUPRO ALUMINIUM SAFETY STIRRUP STEIGB\u00dcGEL - Zaldionline.com<\/title>\n<meta name=\"description\" content=\"Preis inkl. MwSt.: 172,88\u20ac. Der Sicherheitssteigb\u00fcgel der neuen Generation. Materialkombination aus Metall und Polyamid: Der Steigb\u00fcgelbogen besteht aus Aluminium, w\u00e4hrend der \u00d6ffnungsarm aus einem speziellen Polyamidmaterial besteht. Das Steigb\u00fcgelpolster besteht ebenfalls aus Polyamid und das Profil ist aus Edelstahl. Einzigartiger, spannungsbet\u00e4tigter Verriegelungs- und Entriegelungsmechanismus. Betr\u00e4chtliche Vorteile f\u00fcr den Reiter: Erleichterung der Unterseite der F\u00fc\u00dfe, Kn\u00f6chel, Knie und H\u00fcften. Angezeigt f\u00fcr Reiter, die unter orthop\u00e4dischen Problemen leiden. Paarweise verkauft. Einheitsgr\u00f6\u00dfe. Farbe: Aluminium, Schwarz, Rot, Orange, Braun, Bronze, Blau, Grau, Dunkelgrau, Ros\u00e9gold. Erh\u00e4ltlich \u00fcber Zaldionline.com Ref. 2103950\" \/>\n<meta name=\"robots\" content=\"noindex, follow, max-snippet:-1, max-image-preview:large, max-video-preview:-1\" \/>\n<meta property=\"og:locale\" content=\"es_ES\" \/>\n<meta property=\"og:type\" content=\"article\" \/>\n<meta property=\"og:title\" content=\"ARENA ALUPRO ALUMINIUM SAFETY STIRRUP STEIGB\u00dcGEL - Zaldionline.com\" \/>\n<meta property=\"og:description\" content=\"Preis inkl. MwSt.: 172,88\u20ac. Der Sicherheitssteigb\u00fcgel der neuen Generation. Materialkombination aus Metall und Polyamid: Der Steigb\u00fcgelbogen besteht aus Aluminium, w\u00e4hrend der \u00d6ffnungsarm aus einem speziellen Polyamidmaterial besteht. Das Steigb\u00fcgelpolster besteht ebenfalls aus Polyamid und das Profil ist aus Edelstahl. Einzigartiger, spannungsbet\u00e4tigter Verriegelungs- und Entriegelungsmechanismus. Betr\u00e4chtliche Vorteile f\u00fcr den Reiter: Erleichterung der Unterseite der F\u00fc\u00dfe, Kn\u00f6chel, Knie und H\u00fcften. Angezeigt f\u00fcr Reiter, die unter orthop\u00e4dischen Problemen leiden. Paarweise verkauft. Einheitsgr\u00f6\u00dfe. Farbe: Aluminium, Schwarz, Rot, Orange, Braun, Bronze, Blau, Grau, Dunkelgrau, Ros\u00e9gold. Erh\u00e4ltlich \u00fcber Zaldionline.com Ref. 2103950\" \/>\n<meta property=\"og:url\" content=\"https:\/\/www.zaldionline.com\/es\/producto\/arena-alupro-aluminium-safety-stirrup-steigbugel\/\" \/>\n<meta property=\"og:site_name\" content=\"Zaldionline.com\" \/>\n<meta property=\"article:modified_time\" content=\"2023-04-23T11:11:21+00:00\" \/>\n<meta property=\"og:image\" content=\"https:\/\/www.zaldionline.com\/es\/wp-content\/uploads\/sites\/2\/2020\/11\/Bild_2020-12-10_153928.png\" \/>\n\t<meta property=\"og:image:width\" content=\"501\" \/>\n\t<meta property=\"og:image:height\" content=\"506\" \/>\n\t<meta property=\"og:image:type\" content=\"image\/png\" \/>\n<meta name=\"twitter:card\" content=\"summary_large_image\" \/>\n<meta name=\"twitter:label1\" content=\"Tiempo de lectura\" \/>\n\t<meta name=\"twitter:data1\" content=\"1 minuto\" \/>\n<script type=\"application\/ld+json\" class=\"yoast-schema-graph\">{\"@context\":\"https:\\\/\\\/schema.org\",\"@graph\":[{\"@type\":\"WebPage\",\"@id\":\"https:\\\/\\\/www.zaldionline.com\\\/es\\\/producto\\\/arena-alupro-aluminium-safety-stirrup-steigbugel\\\/\",\"url\":\"https:\\\/\\\/www.zaldionline.com\\\/es\\\/producto\\\/arena-alupro-aluminium-safety-stirrup-steigbugel\\\/\",\"name\":\"ARENA ALUPRO ALUMINIUM SAFETY STIRRUP STEIGB\u00dcGEL - Zaldionline.com\",\"isPartOf\":{\"@id\":\"https:\\\/\\\/www.zaldionline.com\\\/es\\\/#website\"},\"primaryImageOfPage\":{\"@id\":\"https:\\\/\\\/www.zaldionline.com\\\/es\\\/producto\\\/arena-alupro-aluminium-safety-stirrup-steigbugel\\\/#primaryimage\"},\"image\":{\"@id\":\"https:\\\/\\\/www.zaldionline.com\\\/es\\\/producto\\\/arena-alupro-aluminium-safety-stirrup-steigbugel\\\/#primaryimage\"},\"thumbnailUrl\":\"https:\\\/\\\/www.zaldionline.com\\\/es\\\/wp-content\\\/uploads\\\/sites\\\/2\\\/2020\\\/11\\\/Bild_2020-12-10_153928.png\",\"datePublished\":\"2020-11-11T17:41:25+00:00\",\"dateModified\":\"2023-04-23T11:11:21+00:00\",\"description\":\"Preis inkl. MwSt.: 172,88\u20ac. Der Sicherheitssteigb\u00fcgel der neuen Generation. Materialkombination aus Metall und Polyamid: Der Steigb\u00fcgelbogen besteht aus Aluminium, w\u00e4hrend der \u00d6ffnungsarm aus einem speziellen Polyamidmaterial besteht. Das Steigb\u00fcgelpolster besteht ebenfalls aus Polyamid und das Profil ist aus Edelstahl. Einzigartiger, spannungsbet\u00e4tigter Verriegelungs- und Entriegelungsmechanismus. Betr\u00e4chtliche Vorteile f\u00fcr den Reiter: Erleichterung der Unterseite der F\u00fc\u00dfe, Kn\u00f6chel, Knie und H\u00fcften. Angezeigt f\u00fcr Reiter, die unter orthop\u00e4dischen Problemen leiden. Paarweise verkauft. Einheitsgr\u00f6\u00dfe. Farbe: Aluminium, Schwarz, Rot, Orange, Braun, Bronze, Blau, Grau, Dunkelgrau, Ros\u00e9gold. Erh\u00e4ltlich \u00fcber Zaldionline.com Ref. 2103950\",\"breadcrumb\":{\"@id\":\"https:\\\/\\\/www.zaldionline.com\\\/es\\\/producto\\\/arena-alupro-aluminium-safety-stirrup-steigbugel\\\/#breadcrumb\"},\"inLanguage\":\"es\",\"potentialAction\":[{\"@type\":\"ReadAction\",\"target\":[\"https:\\\/\\\/www.zaldionline.com\\\/es\\\/producto\\\/arena-alupro-aluminium-safety-stirrup-steigbugel\\\/\"]}]},{\"@type\":\"ImageObject\",\"inLanguage\":\"es\",\"@id\":\"https:\\\/\\\/www.zaldionline.com\\\/es\\\/producto\\\/arena-alupro-aluminium-safety-stirrup-steigbugel\\\/#primaryimage\",\"url\":\"https:\\\/\\\/www.zaldionline.com\\\/es\\\/wp-content\\\/uploads\\\/sites\\\/2\\\/2020\\\/11\\\/Bild_2020-12-10_153928.png\",\"contentUrl\":\"https:\\\/\\\/www.zaldionline.com\\\/es\\\/wp-content\\\/uploads\\\/sites\\\/2\\\/2020\\\/11\\\/Bild_2020-12-10_153928.png\",\"width\":501,\"height\":506},{\"@type\":\"BreadcrumbList\",\"@id\":\"https:\\\/\\\/www.zaldionline.com\\\/es\\\/producto\\\/arena-alupro-aluminium-safety-stirrup-steigbugel\\\/#breadcrumb\",\"itemListElement\":[{\"@type\":\"ListItem\",\"position\":1,\"name\":\"Portada\",\"item\":\"https:\\\/\\\/www.zaldionline.com\\\/es\\\/\"},{\"@type\":\"ListItem\",\"position\":2,\"name\":\"Sillas y accesorios\",\"item\":\"https:\\\/\\\/www.zaldionline.com\\\/es\\\/sillas-y-accesorios\\\/\"},{\"@type\":\"ListItem\",\"position\":3,\"name\":\"ARENA ALUPRO ALUMINIUM SAFETY STIRRUP STEIGB\u00dcGEL\"}]},{\"@type\":\"WebSite\",\"@id\":\"https:\\\/\\\/www.zaldionline.com\\\/es\\\/#website\",\"url\":\"https:\\\/\\\/www.zaldionline.com\\\/es\\\/\",\"name\":\"Zaldionline.com\",\"description\":\"Los mejores productos para usted y su caballo\",\"potentialAction\":[{\"@type\":\"SearchAction\",\"target\":{\"@type\":\"EntryPoint\",\"urlTemplate\":\"https:\\\/\\\/www.zaldionline.com\\\/es\\\/?s={search_term_string}\"},\"query-input\":{\"@type\":\"PropertyValueSpecification\",\"valueRequired\":true,\"valueName\":\"search_term_string\"}}],\"inLanguage\":\"es\"}]}<\/script>\n<!-- \/ Yoast SEO plugin. -->","yoast_head_json":{"title":"ARENA ALUPRO ALUMINIUM SAFETY STIRRUP STEIGB\u00dcGEL - Zaldionline.com","description":"Preis inkl. MwSt.: 172,88\u20ac. Der Sicherheitssteigb\u00fcgel der neuen Generation. Materialkombination aus Metall und Polyamid: Der Steigb\u00fcgelbogen besteht aus Aluminium, w\u00e4hrend der \u00d6ffnungsarm aus einem speziellen Polyamidmaterial besteht. Das Steigb\u00fcgelpolster besteht ebenfalls aus Polyamid und das Profil ist aus Edelstahl. Einzigartiger, spannungsbet\u00e4tigter Verriegelungs- und Entriegelungsmechanismus. Betr\u00e4chtliche Vorteile f\u00fcr den Reiter: Erleichterung der Unterseite der F\u00fc\u00dfe, Kn\u00f6chel, Knie und H\u00fcften. Angezeigt f\u00fcr Reiter, die unter orthop\u00e4dischen Problemen leiden. Paarweise verkauft. Einheitsgr\u00f6\u00dfe. Farbe: Aluminium, Schwarz, Rot, Orange, Braun, Bronze, Blau, Grau, Dunkelgrau, Ros\u00e9gold. Erh\u00e4ltlich \u00fcber Zaldionline.com Ref. 2103950","robots":{"index":"noindex","follow":"follow","max-snippet":"max-snippet:-1","max-image-preview":"max-image-preview:large","max-video-preview":"max-video-preview:-1"},"og_locale":"es_ES","og_type":"article","og_title":"ARENA ALUPRO ALUMINIUM SAFETY STIRRUP STEIGB\u00dcGEL - Zaldionline.com","og_description":"Preis inkl. MwSt.: 172,88\u20ac. Der Sicherheitssteigb\u00fcgel der neuen Generation. Materialkombination aus Metall und Polyamid: Der Steigb\u00fcgelbogen besteht aus Aluminium, w\u00e4hrend der \u00d6ffnungsarm aus einem speziellen Polyamidmaterial besteht. Das Steigb\u00fcgelpolster besteht ebenfalls aus Polyamid und das Profil ist aus Edelstahl. Einzigartiger, spannungsbet\u00e4tigter Verriegelungs- und Entriegelungsmechanismus. Betr\u00e4chtliche Vorteile f\u00fcr den Reiter: Erleichterung der Unterseite der F\u00fc\u00dfe, Kn\u00f6chel, Knie und H\u00fcften. Angezeigt f\u00fcr Reiter, die unter orthop\u00e4dischen Problemen leiden. Paarweise verkauft. Einheitsgr\u00f6\u00dfe. Farbe: Aluminium, Schwarz, Rot, Orange, Braun, Bronze, Blau, Grau, Dunkelgrau, Ros\u00e9gold. Erh\u00e4ltlich \u00fcber Zaldionline.com Ref. 2103950","og_url":"https:\/\/www.zaldionline.com\/es\/producto\/arena-alupro-aluminium-safety-stirrup-steigbugel\/","og_site_name":"Zaldionline.com","article_modified_time":"2023-04-23T11:11:21+00:00","og_image":[{"width":501,"height":506,"url":"https:\/\/www.zaldionline.com\/es\/wp-content\/uploads\/sites\/2\/2020\/11\/Bild_2020-12-10_153928.png","type":"image\/png"}],"twitter_card":"summary_large_image","twitter_misc":{"Tiempo de lectura":"1 minuto"},"schema":{"@context":"https:\/\/schema.org","@graph":[{"@type":"WebPage","@id":"https:\/\/www.zaldionline.com\/es\/producto\/arena-alupro-aluminium-safety-stirrup-steigbugel\/","url":"https:\/\/www.zaldionline.com\/es\/producto\/arena-alupro-aluminium-safety-stirrup-steigbugel\/","name":"ARENA ALUPRO ALUMINIUM SAFETY STIRRUP STEIGB\u00dcGEL - Zaldionline.com","isPartOf":{"@id":"https:\/\/www.zaldionline.com\/es\/#website"},"primaryImageOfPage":{"@id":"https:\/\/www.zaldionline.com\/es\/producto\/arena-alupro-aluminium-safety-stirrup-steigbugel\/#primaryimage"},"image":{"@id":"https:\/\/www.zaldionline.com\/es\/producto\/arena-alupro-aluminium-safety-stirrup-steigbugel\/#primaryimage"},"thumbnailUrl":"https:\/\/www.zaldionline.com\/es\/wp-content\/uploads\/sites\/2\/2020\/11\/Bild_2020-12-10_153928.png","datePublished":"2020-11-11T17:41:25+00:00","dateModified":"2023-04-23T11:11:21+00:00","description":"Preis inkl. MwSt.: 172,88\u20ac. Der Sicherheitssteigb\u00fcgel der neuen Generation. Materialkombination aus Metall und Polyamid: Der Steigb\u00fcgelbogen besteht aus Aluminium, w\u00e4hrend der \u00d6ffnungsarm aus einem speziellen Polyamidmaterial besteht. Das Steigb\u00fcgelpolster besteht ebenfalls aus Polyamid und das Profil ist aus Edelstahl. Einzigartiger, spannungsbet\u00e4tigter Verriegelungs- und Entriegelungsmechanismus. Betr\u00e4chtliche Vorteile f\u00fcr den Reiter: Erleichterung der Unterseite der F\u00fc\u00dfe, Kn\u00f6chel, Knie und H\u00fcften. Angezeigt f\u00fcr Reiter, die unter orthop\u00e4dischen Problemen leiden. Paarweise verkauft. Einheitsgr\u00f6\u00dfe. Farbe: Aluminium, Schwarz, Rot, Orange, Braun, Bronze, Blau, Grau, Dunkelgrau, Ros\u00e9gold. Erh\u00e4ltlich \u00fcber Zaldionline.com Ref. 2103950","breadcrumb":{"@id":"https:\/\/www.zaldionline.com\/es\/producto\/arena-alupro-aluminium-safety-stirrup-steigbugel\/#breadcrumb"},"inLanguage":"es","potentialAction":[{"@type":"ReadAction","target":["https:\/\/www.zaldionline.com\/es\/producto\/arena-alupro-aluminium-safety-stirrup-steigbugel\/"]}]},{"@type":"ImageObject","inLanguage":"es","@id":"https:\/\/www.zaldionline.com\/es\/producto\/arena-alupro-aluminium-safety-stirrup-steigbugel\/#primaryimage","url":"https:\/\/www.zaldionline.com\/es\/wp-content\/uploads\/sites\/2\/2020\/11\/Bild_2020-12-10_153928.png","contentUrl":"https:\/\/www.zaldionline.com\/es\/wp-content\/uploads\/sites\/2\/2020\/11\/Bild_2020-12-10_153928.png","width":501,"height":506},{"@type":"BreadcrumbList","@id":"https:\/\/www.zaldionline.com\/es\/producto\/arena-alupro-aluminium-safety-stirrup-steigbugel\/#breadcrumb","itemListElement":[{"@type":"ListItem","position":1,"name":"Portada","item":"https:\/\/www.zaldionline.com\/es\/"},{"@type":"ListItem","position":2,"name":"Sillas y accesorios","item":"https:\/\/www.zaldionline.com\/es\/sillas-y-accesorios\/"},{"@type":"ListItem","position":3,"name":"ARENA ALUPRO ALUMINIUM SAFETY STIRRUP STEIGB\u00dcGEL"}]},{"@type":"WebSite","@id":"https:\/\/www.zaldionline.com\/es\/#website","url":"https:\/\/www.zaldionline.com\/es\/","name":"Zaldionline.com","description":"Los mejores productos para usted y su caballo","potentialAction":[{"@type":"SearchAction","target":{"@type":"EntryPoint","urlTemplate":"https:\/\/www.zaldionline.com\/es\/?s={search_term_string}"},"query-input":{"@type":"PropertyValueSpecification","valueRequired":true,"valueName":"search_term_string"}}],"inLanguage":"es"}]}},"_links":{"self":[{"href":"https:\/\/www.zaldionline.com\/es\/wp-json\/wp\/v2\/product\/16204","targetHints":{"allow":["GET"]}}],"collection":[{"href":"https:\/\/www.zaldionline.com\/es\/wp-json\/wp\/v2\/product"}],"about":[{"href":"https:\/\/www.zaldionline.com\/es\/wp-json\/wp\/v2\/types\/product"}],"replies":[{"embeddable":true,"href":"https:\/\/www.zaldionline.com\/es\/wp-json\/wp\/v2\/comments?post=16204"}],"version-history":[{"count":4,"href":"https:\/\/www.zaldionline.com\/es\/wp-json\/wp\/v2\/product\/16204\/revisions"}],"predecessor-version":[{"id":23544,"href":"https:\/\/www.zaldionline.com\/es\/wp-json\/wp\/v2\/product\/16204\/revisions\/23544"}],"wp:featuredmedia":[{"embeddable":true,"href":"https:\/\/www.zaldionline.com\/es\/wp-json\/wp\/v2\/media\/17416"}],"wp:attachment":[{"href":"https:\/\/www.zaldionline.com\/es\/wp-json\/wp\/v2\/media?parent=16204"}],"wp:term":[{"taxonomy":"product_brand","embeddable":true,"href":"https:\/\/www.zaldionline.com\/es\/wp-json\/wp\/v2\/product_brand?post=16204"},{"taxonomy":"product_cat","embeddable":true,"href":"https:\/\/www.zaldionline.com\/es\/wp-json\/wp\/v2\/product_cat?post=16204"},{"taxonomy":"product_tag","embeddable":true,"href":"https:\/\/www.zaldionline.com\/es\/wp-json\/wp\/v2\/product_tag?post=16204"}],"curies":[{"name":"wp","href":"https:\/\/api.w.org\/{rel}","templated":true}]}}