{"id":16216,"date":"2020-11-11T18:03:31","date_gmt":"2020-11-11T18:03:31","guid":{"rendered":"https:\/\/zaldionline.com\/?post_type=product&#038;p=16216"},"modified":"2023-04-23T11:13:11","modified_gmt":"2023-04-23T11:13:11","slug":"estribo-ingles-dorado-46-steigbugel","status":"publish","type":"product","link":"https:\/\/www.zaldionline.com\/es\/producto\/estribo-ingles-dorado-46-steigbugel\/","title":{"rendered":"GOLDENE ENGLISCHE STEIGB\u00dcGEL MIT PADS STIRRUP ORO"},"content":{"rendered":"\t\t<div data-elementor-type=\"wp-post\" data-elementor-id=\"16216\" class=\"elementor elementor-16216\">\n\t\t\t\t\t\t<section class=\"elementor-section elementor-top-section elementor-element elementor-element-34e6fba8 elementor-section-boxed elementor-section-height-default elementor-section-height-default\" data-id=\"34e6fba8\" data-element_type=\"section\" data-e-type=\"section\">\n\t\t\t\t\t\t<div class=\"elementor-container elementor-column-gap-default\">\n\t\t\t\t\t<div class=\"elementor-column elementor-col-100 elementor-top-column elementor-element elementor-element-243da482\" data-id=\"243da482\" data-element_type=\"column\" data-e-type=\"column\">\n\t\t\t<div class=\"elementor-widget-wrap elementor-element-populated\">\n\t\t\t\t\t\t<div class=\"elementor-element elementor-element-29a3b23e elementor-widget elementor-widget-text-editor\" data-id=\"29a3b23e\" data-element_type=\"widget\" data-e-type=\"widget\" data-widget_type=\"text-editor.default\">\n\t\t\t\t<div class=\"elementor-widget-container\">\n\t\t\t\t\t\t\t\t\t<p>Preis inkl. MwSt.: 55,48\u20ac<\/p><p>Englischer Steigb\u00fcgel<\/p><p>Gummiauflage<\/p><p>Edelstahl<\/p><p>Goldfarben<\/p><p>Ref. 2103904<\/p><p><strong>Wenn Du hier nicht gefunden hast wonach Du suchst,<\/strong><\/p><p>schau bitte auf der\u00a0<a href=\"https:\/\/tienda.zaldi.com\/en\/98-stirrups-accessories\">https:\/\/tienda.zaldi.com\/en\/98-stirrups-accessories<\/a> Seite. Dort sind noch weitere Artikel aufgef\u00fchrt.<\/p><p>Suche die entsprechende Referenznummer und Beschreibung heraus und<\/p><p>sende uns Deinen gesamten Auftrag per E-Mail zu.<\/p>\t\t\t\t\t\t\t\t<\/div>\n\t\t\t\t<\/div>\n\t\t\t\t\t<\/div>\n\t\t<\/div>\n\t\t\t\t\t<\/div>\n\t\t<\/section>\n\t\t\t\t<\/div>\n\t\t","protected":false},"excerpt":{"rendered":"<p>Preis inkl. MwSt.: 55,48\u20ac Englischer Steigb\u00fcgel Gummiauflage Edelstahl Goldfarben Ref. 2103904 Wenn Du hier nicht gefunden hast wonach Du suchst, schau bitte auf der&nbsp;https:\/\/tienda.zaldi.com\/en\/98-stirrups-accessories Seite. Dort sind noch weitere Artikel aufgef\u00fchrt. Suche die entsprechende Referenznummer und Beschreibung heraus und sende uns Deinen gesamten Auftrag per E-Mail zu.<\/p>\n","protected":false},"featured_media":17509,"comment_status":"open","ping_status":"closed","template":"","meta":{"site-sidebar-layout":"default","site-content-layout":"default","ast-site-content-layout":"default","site-content-style":"default","site-sidebar-style":"default","ast-global-header-display":"","ast-banner-title-visibility":"","ast-main-header-display":"","ast-hfb-above-header-display":"","ast-hfb-below-header-display":"","ast-hfb-mobile-header-display":"","site-post-title":"","ast-breadcrumbs-content":"","ast-featured-img":"","footer-sml-layout":"","ast-disable-related-posts":"","theme-transparent-header-meta":"default","adv-header-id-meta":"","stick-header-meta":"","header-above-stick-meta":"","header-main-stick-meta":"","header-below-stick-meta":"","astra-migrate-meta-layouts":"default","ast-page-background-enabled":"default","ast-page-background-meta":{"desktop":{"background-color":"var(--ast-global-color-4)","background-image":"","background-repeat":"repeat","background-position":"center center","background-size":"auto","background-attachment":"scroll","background-type":"","background-media":"","overlay-type":"","overlay-color":"","overlay-opacity":"","overlay-gradient":""},"tablet":{"background-color":"","background-image":"","background-repeat":"repeat","background-position":"center center","background-size":"auto","background-attachment":"scroll","background-type":"","background-media":"","overlay-type":"","overlay-color":"","overlay-opacity":"","overlay-gradient":""},"mobile":{"background-color":"","background-image":"","background-repeat":"repeat","background-position":"center center","background-size":"auto","background-attachment":"scroll","background-type":"","background-media":"","overlay-type":"","overlay-color":"","overlay-opacity":"","overlay-gradient":""}},"ast-content-background-meta":{"desktop":{"background-color":"var(--ast-global-color-5)","background-image":"","background-repeat":"repeat","background-position":"center center","background-size":"auto","background-attachment":"scroll","background-type":"","background-media":"","overlay-type":"","overlay-color":"","overlay-opacity":"","overlay-gradient":""},"tablet":{"background-color":"var(--ast-global-color-5)","background-image":"","background-repeat":"repeat","background-position":"center center","background-size":"auto","background-attachment":"scroll","background-type":"","background-media":"","overlay-type":"","overlay-color":"","overlay-opacity":"","overlay-gradient":""},"mobile":{"background-color":"var(--ast-global-color-5)","background-image":"","background-repeat":"repeat","background-position":"center center","background-size":"auto","background-attachment":"scroll","background-type":"","background-media":"","overlay-type":"","overlay-color":"","overlay-opacity":"","overlay-gradient":""}},"ngg_post_thumbnail":0},"product_brand":[],"product_cat":[18,51],"product_tag":[892,893,634,896,897,340,337,338,339],"class_list":{"0":"post-16216","1":"product","2":"type-product","3":"status-publish","4":"has-post-thumbnail","6":"product_cat-accesorios","7":"product_cat-estribos-accesorios","8":"product_tag-englische-steigbuegel","9":"product_tag-goldfarbene-steigbuegel","10":"product_tag-steigbuegel","11":"product_tag-stirrup","12":"product_tag-stirrup-oro","13":"product_tag-susanne-nagel","14":"product_tag-zaldi","15":"product_tag-zaldi-deutschland","16":"product_tag-zaldi-online-com","17":"desktop-align-left","18":"tablet-align-left","19":"mobile-align-left","21":"first","22":"instock","23":"taxable","24":"shipping-taxable","25":"purchasable","26":"product-type-simple"},"yoast_head":"<!-- This site is optimized with the Yoast SEO plugin v27.4 - https:\/\/yoast.com\/product\/yoast-seo-wordpress\/ -->\n<title>GOLDENE ENGLISCHE STEIGB\u00dcGEL MIT PADS STIRRUP ORO - Zaldionline.com<\/title>\n<meta name=\"description\" content=\"Preis inkl. MwSt.: 55,48\u20ac Englischer Steigb\u00fcgel. Gummiauflage. Edelstahl. Goldfarben. Erh\u00e4ltlich \u00fcber Zaldionline.com Ref. 2103904\" \/>\n<meta name=\"robots\" content=\"noindex, follow, max-snippet:-1, max-image-preview:large, max-video-preview:-1\" \/>\n<meta property=\"og:locale\" content=\"es_ES\" \/>\n<meta property=\"og:type\" content=\"article\" \/>\n<meta property=\"og:title\" content=\"GOLDENE ENGLISCHE STEIGB\u00dcGEL MIT PADS STIRRUP ORO - Zaldionline.com\" \/>\n<meta property=\"og:description\" content=\"Preis inkl. MwSt.: 55,48\u20ac Englischer Steigb\u00fcgel. Gummiauflage. Edelstahl. Goldfarben. Erh\u00e4ltlich \u00fcber Zaldionline.com Ref. 2103904\" \/>\n<meta property=\"og:url\" content=\"https:\/\/www.zaldionline.com\/es\/producto\/estribo-ingles-dorado-46-steigbugel\/\" \/>\n<meta property=\"og:site_name\" content=\"Zaldionline.com\" \/>\n<meta property=\"article:modified_time\" content=\"2023-04-23T11:13:11+00:00\" \/>\n<meta property=\"og:image\" content=\"https:\/\/www.zaldionline.com\/es\/wp-content\/uploads\/sites\/2\/2020\/11\/Bild_2020-12-10_190519.png\" \/>\n\t<meta property=\"og:image:width\" content=\"519\" \/>\n\t<meta property=\"og:image:height\" content=\"507\" \/>\n\t<meta property=\"og:image:type\" content=\"image\/png\" \/>\n<meta name=\"twitter:card\" content=\"summary_large_image\" \/>\n<meta name=\"twitter:label1\" content=\"Tiempo de lectura\" \/>\n\t<meta name=\"twitter:data1\" content=\"1 minuto\" \/>\n<script type=\"application\/ld+json\" class=\"yoast-schema-graph\">{\"@context\":\"https:\\\/\\\/schema.org\",\"@graph\":[{\"@type\":\"WebPage\",\"@id\":\"https:\\\/\\\/www.zaldionline.com\\\/es\\\/producto\\\/estribo-ingles-dorado-46-steigbugel\\\/\",\"url\":\"https:\\\/\\\/www.zaldionline.com\\\/es\\\/producto\\\/estribo-ingles-dorado-46-steigbugel\\\/\",\"name\":\"GOLDENE ENGLISCHE STEIGB\u00dcGEL MIT PADS STIRRUP ORO - Zaldionline.com\",\"isPartOf\":{\"@id\":\"https:\\\/\\\/www.zaldionline.com\\\/es\\\/#website\"},\"primaryImageOfPage\":{\"@id\":\"https:\\\/\\\/www.zaldionline.com\\\/es\\\/producto\\\/estribo-ingles-dorado-46-steigbugel\\\/#primaryimage\"},\"image\":{\"@id\":\"https:\\\/\\\/www.zaldionline.com\\\/es\\\/producto\\\/estribo-ingles-dorado-46-steigbugel\\\/#primaryimage\"},\"thumbnailUrl\":\"https:\\\/\\\/www.zaldionline.com\\\/es\\\/wp-content\\\/uploads\\\/sites\\\/2\\\/2020\\\/11\\\/Bild_2020-12-10_190519.png\",\"datePublished\":\"2020-11-11T18:03:31+00:00\",\"dateModified\":\"2023-04-23T11:13:11+00:00\",\"description\":\"Preis inkl. MwSt.: 55,48\u20ac Englischer Steigb\u00fcgel. Gummiauflage. Edelstahl. Goldfarben. Erh\u00e4ltlich \u00fcber Zaldionline.com Ref. 2103904\",\"breadcrumb\":{\"@id\":\"https:\\\/\\\/www.zaldionline.com\\\/es\\\/producto\\\/estribo-ingles-dorado-46-steigbugel\\\/#breadcrumb\"},\"inLanguage\":\"es\",\"potentialAction\":[{\"@type\":\"ReadAction\",\"target\":[\"https:\\\/\\\/www.zaldionline.com\\\/es\\\/producto\\\/estribo-ingles-dorado-46-steigbugel\\\/\"]}]},{\"@type\":\"ImageObject\",\"inLanguage\":\"es\",\"@id\":\"https:\\\/\\\/www.zaldionline.com\\\/es\\\/producto\\\/estribo-ingles-dorado-46-steigbugel\\\/#primaryimage\",\"url\":\"https:\\\/\\\/www.zaldionline.com\\\/es\\\/wp-content\\\/uploads\\\/sites\\\/2\\\/2020\\\/11\\\/Bild_2020-12-10_190519.png\",\"contentUrl\":\"https:\\\/\\\/www.zaldionline.com\\\/es\\\/wp-content\\\/uploads\\\/sites\\\/2\\\/2020\\\/11\\\/Bild_2020-12-10_190519.png\",\"width\":519,\"height\":507},{\"@type\":\"BreadcrumbList\",\"@id\":\"https:\\\/\\\/www.zaldionline.com\\\/es\\\/producto\\\/estribo-ingles-dorado-46-steigbugel\\\/#breadcrumb\",\"itemListElement\":[{\"@type\":\"ListItem\",\"position\":1,\"name\":\"Portada\",\"item\":\"https:\\\/\\\/www.zaldionline.com\\\/es\\\/\"},{\"@type\":\"ListItem\",\"position\":2,\"name\":\"Sillas y accesorios\",\"item\":\"https:\\\/\\\/www.zaldionline.com\\\/es\\\/sillas-y-accesorios\\\/\"},{\"@type\":\"ListItem\",\"position\":3,\"name\":\"GOLDENE ENGLISCHE STEIGB\u00dcGEL MIT PADS STIRRUP ORO\"}]},{\"@type\":\"WebSite\",\"@id\":\"https:\\\/\\\/www.zaldionline.com\\\/es\\\/#website\",\"url\":\"https:\\\/\\\/www.zaldionline.com\\\/es\\\/\",\"name\":\"Zaldionline.com\",\"description\":\"Los mejores productos para usted y su caballo\",\"potentialAction\":[{\"@type\":\"SearchAction\",\"target\":{\"@type\":\"EntryPoint\",\"urlTemplate\":\"https:\\\/\\\/www.zaldionline.com\\\/es\\\/?s={search_term_string}\"},\"query-input\":{\"@type\":\"PropertyValueSpecification\",\"valueRequired\":true,\"valueName\":\"search_term_string\"}}],\"inLanguage\":\"es\"}]}<\/script>\n<!-- \/ Yoast SEO plugin. -->","yoast_head_json":{"title":"GOLDENE ENGLISCHE STEIGB\u00dcGEL MIT PADS STIRRUP ORO - Zaldionline.com","description":"Preis inkl. MwSt.: 55,48\u20ac Englischer Steigb\u00fcgel. Gummiauflage. Edelstahl. Goldfarben. Erh\u00e4ltlich \u00fcber Zaldionline.com Ref. 2103904","robots":{"index":"noindex","follow":"follow","max-snippet":"max-snippet:-1","max-image-preview":"max-image-preview:large","max-video-preview":"max-video-preview:-1"},"og_locale":"es_ES","og_type":"article","og_title":"GOLDENE ENGLISCHE STEIGB\u00dcGEL MIT PADS STIRRUP ORO - Zaldionline.com","og_description":"Preis inkl. MwSt.: 55,48\u20ac Englischer Steigb\u00fcgel. Gummiauflage. Edelstahl. Goldfarben. Erh\u00e4ltlich \u00fcber Zaldionline.com Ref. 2103904","og_url":"https:\/\/www.zaldionline.com\/es\/producto\/estribo-ingles-dorado-46-steigbugel\/","og_site_name":"Zaldionline.com","article_modified_time":"2023-04-23T11:13:11+00:00","og_image":[{"width":519,"height":507,"url":"https:\/\/www.zaldionline.com\/es\/wp-content\/uploads\/sites\/2\/2020\/11\/Bild_2020-12-10_190519.png","type":"image\/png"}],"twitter_card":"summary_large_image","twitter_misc":{"Tiempo de lectura":"1 minuto"},"schema":{"@context":"https:\/\/schema.org","@graph":[{"@type":"WebPage","@id":"https:\/\/www.zaldionline.com\/es\/producto\/estribo-ingles-dorado-46-steigbugel\/","url":"https:\/\/www.zaldionline.com\/es\/producto\/estribo-ingles-dorado-46-steigbugel\/","name":"GOLDENE ENGLISCHE STEIGB\u00dcGEL MIT PADS STIRRUP ORO - Zaldionline.com","isPartOf":{"@id":"https:\/\/www.zaldionline.com\/es\/#website"},"primaryImageOfPage":{"@id":"https:\/\/www.zaldionline.com\/es\/producto\/estribo-ingles-dorado-46-steigbugel\/#primaryimage"},"image":{"@id":"https:\/\/www.zaldionline.com\/es\/producto\/estribo-ingles-dorado-46-steigbugel\/#primaryimage"},"thumbnailUrl":"https:\/\/www.zaldionline.com\/es\/wp-content\/uploads\/sites\/2\/2020\/11\/Bild_2020-12-10_190519.png","datePublished":"2020-11-11T18:03:31+00:00","dateModified":"2023-04-23T11:13:11+00:00","description":"Preis inkl. MwSt.: 55,48\u20ac Englischer Steigb\u00fcgel. Gummiauflage. Edelstahl. Goldfarben. Erh\u00e4ltlich \u00fcber Zaldionline.com Ref. 2103904","breadcrumb":{"@id":"https:\/\/www.zaldionline.com\/es\/producto\/estribo-ingles-dorado-46-steigbugel\/#breadcrumb"},"inLanguage":"es","potentialAction":[{"@type":"ReadAction","target":["https:\/\/www.zaldionline.com\/es\/producto\/estribo-ingles-dorado-46-steigbugel\/"]}]},{"@type":"ImageObject","inLanguage":"es","@id":"https:\/\/www.zaldionline.com\/es\/producto\/estribo-ingles-dorado-46-steigbugel\/#primaryimage","url":"https:\/\/www.zaldionline.com\/es\/wp-content\/uploads\/sites\/2\/2020\/11\/Bild_2020-12-10_190519.png","contentUrl":"https:\/\/www.zaldionline.com\/es\/wp-content\/uploads\/sites\/2\/2020\/11\/Bild_2020-12-10_190519.png","width":519,"height":507},{"@type":"BreadcrumbList","@id":"https:\/\/www.zaldionline.com\/es\/producto\/estribo-ingles-dorado-46-steigbugel\/#breadcrumb","itemListElement":[{"@type":"ListItem","position":1,"name":"Portada","item":"https:\/\/www.zaldionline.com\/es\/"},{"@type":"ListItem","position":2,"name":"Sillas y accesorios","item":"https:\/\/www.zaldionline.com\/es\/sillas-y-accesorios\/"},{"@type":"ListItem","position":3,"name":"GOLDENE ENGLISCHE STEIGB\u00dcGEL MIT PADS STIRRUP ORO"}]},{"@type":"WebSite","@id":"https:\/\/www.zaldionline.com\/es\/#website","url":"https:\/\/www.zaldionline.com\/es\/","name":"Zaldionline.com","description":"Los mejores productos para usted y su caballo","potentialAction":[{"@type":"SearchAction","target":{"@type":"EntryPoint","urlTemplate":"https:\/\/www.zaldionline.com\/es\/?s={search_term_string}"},"query-input":{"@type":"PropertyValueSpecification","valueRequired":true,"valueName":"search_term_string"}}],"inLanguage":"es"}]}},"_links":{"self":[{"href":"https:\/\/www.zaldionline.com\/es\/wp-json\/wp\/v2\/product\/16216","targetHints":{"allow":["GET"]}}],"collection":[{"href":"https:\/\/www.zaldionline.com\/es\/wp-json\/wp\/v2\/product"}],"about":[{"href":"https:\/\/www.zaldionline.com\/es\/wp-json\/wp\/v2\/types\/product"}],"replies":[{"embeddable":true,"href":"https:\/\/www.zaldionline.com\/es\/wp-json\/wp\/v2\/comments?post=16216"}],"version-history":[{"count":6,"href":"https:\/\/www.zaldionline.com\/es\/wp-json\/wp\/v2\/product\/16216\/revisions"}],"predecessor-version":[{"id":23546,"href":"https:\/\/www.zaldionline.com\/es\/wp-json\/wp\/v2\/product\/16216\/revisions\/23546"}],"wp:featuredmedia":[{"embeddable":true,"href":"https:\/\/www.zaldionline.com\/es\/wp-json\/wp\/v2\/media\/17509"}],"wp:attachment":[{"href":"https:\/\/www.zaldionline.com\/es\/wp-json\/wp\/v2\/media?parent=16216"}],"wp:term":[{"taxonomy":"product_brand","embeddable":true,"href":"https:\/\/www.zaldionline.com\/es\/wp-json\/wp\/v2\/product_brand?post=16216"},{"taxonomy":"product_cat","embeddable":true,"href":"https:\/\/www.zaldionline.com\/es\/wp-json\/wp\/v2\/product_cat?post=16216"},{"taxonomy":"product_tag","embeddable":true,"href":"https:\/\/www.zaldionline.com\/es\/wp-json\/wp\/v2\/product_tag?post=16216"}],"curies":[{"name":"wp","href":"https:\/\/api.w.org\/{rel}","templated":true}]}}