{"id":16343,"date":"2020-11-13T15:18:52","date_gmt":"2020-11-13T15:18:52","guid":{"rendered":"https:\/\/zaldionline.com\/?post_type=product&#038;p=16343"},"modified":"2023-04-22T13:45:59","modified_gmt":"2023-04-22T13:45:59","slug":"bocado-ps-pelham-bit-cambridge-ps-21250c","status":"publish","type":"product","link":"https:\/\/www.zaldionline.com\/es\/producto\/bocado-ps-pelham-bit-cambridge-ps-21250c\/","title":{"rendered":"KANDARE BR\u00dcCKE PELHAM BIT CAMBRIDGE PS 21250C"},"content":{"rendered":"\t\t<div data-elementor-type=\"wp-post\" data-elementor-id=\"16343\" class=\"elementor elementor-16343\">\n\t\t\t\t\t\t<section class=\"elementor-section elementor-top-section elementor-element elementor-element-79c4f7d9 elementor-section-boxed elementor-section-height-default elementor-section-height-default\" data-id=\"79c4f7d9\" data-element_type=\"section\" data-e-type=\"section\">\n\t\t\t\t\t\t<div class=\"elementor-container elementor-column-gap-default\">\n\t\t\t\t\t<div class=\"elementor-column elementor-col-100 elementor-top-column elementor-element elementor-element-703fd9e0\" data-id=\"703fd9e0\" data-element_type=\"column\" data-e-type=\"column\">\n\t\t\t<div class=\"elementor-widget-wrap elementor-element-populated\">\n\t\t\t\t\t\t<div class=\"elementor-element elementor-element-7a529d30 elementor-widget elementor-widget-text-editor\" data-id=\"7a529d30\" data-element_type=\"widget\" data-e-type=\"widget\" data-widget_type=\"text-editor.default\">\n\t\t\t\t<div class=\"elementor-widget-container\">\n\t\t\t\t\t\t\t\t\t<p>Preis inkl. MwSt.: 82,49 \u20ac<\/p><p>Bein: 7 cm<\/p><p>Griffhalter: 5 cm<\/p><p>Dicke: 14 mm<\/p><p>Mit Bart<\/p><p>Ref. 21013304<\/p>\t\t\t\t\t\t\t\t<\/div>\n\t\t\t\t<\/div>\n\t\t\t\t\t<\/div>\n\t\t<\/div>\n\t\t\t\t\t<\/div>\n\t\t<\/section>\n\t\t\t\t<\/div>\n\t\t","protected":false},"excerpt":{"rendered":"<p>Preis inkl. MwSt.: 82,49 \u20ac Bein: 7 cm Griffhalter: 5 cm Dicke: 14 mm Mit Bart Ref. 21013304<\/p>\n","protected":false},"featured_media":17436,"comment_status":"open","ping_status":"closed","template":"","meta":{"site-sidebar-layout":"default","site-content-layout":"default","ast-site-content-layout":"default","site-content-style":"default","site-sidebar-style":"default","ast-global-header-display":"","ast-banner-title-visibility":"","ast-main-header-display":"","ast-hfb-above-header-display":"","ast-hfb-below-header-display":"","ast-hfb-mobile-header-display":"","site-post-title":"","ast-breadcrumbs-content":"","ast-featured-img":"","footer-sml-layout":"","ast-disable-related-posts":"","theme-transparent-header-meta":"default","adv-header-id-meta":"","stick-header-meta":"","header-above-stick-meta":"","header-main-stick-meta":"","header-below-stick-meta":"","astra-migrate-meta-layouts":"default","ast-page-background-enabled":"default","ast-page-background-meta":{"desktop":{"background-color":"var(--ast-global-color-4)","background-image":"","background-repeat":"repeat","background-position":"center center","background-size":"auto","background-attachment":"scroll","background-type":"","background-media":"","overlay-type":"","overlay-color":"","overlay-opacity":"","overlay-gradient":""},"tablet":{"background-color":"","background-image":"","background-repeat":"repeat","background-position":"center center","background-size":"auto","background-attachment":"scroll","background-type":"","background-media":"","overlay-type":"","overlay-color":"","overlay-opacity":"","overlay-gradient":""},"mobile":{"background-color":"","background-image":"","background-repeat":"repeat","background-position":"center center","background-size":"auto","background-attachment":"scroll","background-type":"","background-media":"","overlay-type":"","overlay-color":"","overlay-opacity":"","overlay-gradient":""}},"ast-content-background-meta":{"desktop":{"background-color":"var(--ast-global-color-5)","background-image":"","background-repeat":"repeat","background-position":"center center","background-size":"auto","background-attachment":"scroll","background-type":"","background-media":"","overlay-type":"","overlay-color":"","overlay-opacity":"","overlay-gradient":""},"tablet":{"background-color":"var(--ast-global-color-5)","background-image":"","background-repeat":"repeat","background-position":"center center","background-size":"auto","background-attachment":"scroll","background-type":"","background-media":"","overlay-type":"","overlay-color":"","overlay-opacity":"","overlay-gradient":""},"mobile":{"background-color":"var(--ast-global-color-5)","background-image":"","background-repeat":"repeat","background-position":"center center","background-size":"auto","background-attachment":"scroll","background-type":"","background-media":"","overlay-type":"","overlay-color":"","overlay-opacity":"","overlay-gradient":""}},"ngg_post_thumbnail":0},"product_brand":[],"product_cat":[18,42],"product_tag":[868,753,862,871,340,337,338,339],"class_list":{"0":"post-16343","1":"product","2":"type-product","3":"status-publish","4":"has-post-thumbnail","6":"product_cat-accesorios","7":"product_cat-bocados-filetes-accesorios","8":"product_tag-bocado","9":"product_tag-gebisse","10":"product_tag-kandare","11":"product_tag-pelham","12":"product_tag-susanne-nagel","13":"product_tag-zaldi","14":"product_tag-zaldi-deutschland","15":"product_tag-zaldi-online-com","16":"desktop-align-left","17":"tablet-align-left","18":"mobile-align-left","20":"first","21":"instock","22":"taxable","23":"shipping-taxable","24":"purchasable","25":"product-type-simple"},"yoast_head":"<!-- This site is optimized with the Yoast SEO plugin v27.4 - https:\/\/yoast.com\/product\/yoast-seo-wordpress\/ -->\n<title>KANDARE BR\u00dcCKE PELHAM BIT CAMBRIDGE PS 21250C - Zaldionline.com<\/title>\n<meta name=\"description\" content=\"Preis inkl. MwSt.: 82,49\u20ac. Schenkelma\u00df: 7 cm; Griffhalter: 5 cm; Dicke: 14 mm. Mit Bart. Erh\u00e4ltlich \u00fcber Zaldionline.com Ref. 21013304\" \/>\n<meta name=\"robots\" content=\"noindex, follow, max-snippet:-1, max-image-preview:large, max-video-preview:-1\" \/>\n<meta property=\"og:locale\" content=\"es_ES\" \/>\n<meta property=\"og:type\" content=\"article\" \/>\n<meta property=\"og:title\" content=\"KANDARE BR\u00dcCKE PELHAM BIT CAMBRIDGE PS 21250C - Zaldionline.com\" \/>\n<meta property=\"og:description\" content=\"Preis inkl. MwSt.: 82,49\u20ac. Schenkelma\u00df: 7 cm; Griffhalter: 5 cm; Dicke: 14 mm. Mit Bart. Erh\u00e4ltlich \u00fcber Zaldionline.com Ref. 21013304\" \/>\n<meta property=\"og:url\" content=\"https:\/\/www.zaldionline.com\/es\/producto\/bocado-ps-pelham-bit-cambridge-ps-21250c\/\" \/>\n<meta property=\"og:site_name\" content=\"Zaldionline.com\" \/>\n<meta property=\"article:modified_time\" content=\"2023-04-22T13:45:59+00:00\" \/>\n<meta property=\"og:image\" content=\"https:\/\/www.zaldionline.com\/es\/wp-content\/uploads\/sites\/2\/2020\/11\/Bild_2020-12-10_160544.png\" \/>\n\t<meta property=\"og:image:width\" content=\"509\" \/>\n\t<meta property=\"og:image:height\" content=\"499\" \/>\n\t<meta property=\"og:image:type\" content=\"image\/png\" \/>\n<meta name=\"twitter:card\" content=\"summary_large_image\" \/>\n<meta name=\"twitter:label1\" content=\"Tiempo de lectura\" \/>\n\t<meta name=\"twitter:data1\" content=\"1 minuto\" \/>\n<script type=\"application\/ld+json\" class=\"yoast-schema-graph\">{\"@context\":\"https:\\\/\\\/schema.org\",\"@graph\":[{\"@type\":\"WebPage\",\"@id\":\"https:\\\/\\\/www.zaldionline.com\\\/es\\\/producto\\\/bocado-ps-pelham-bit-cambridge-ps-21250c\\\/\",\"url\":\"https:\\\/\\\/www.zaldionline.com\\\/es\\\/producto\\\/bocado-ps-pelham-bit-cambridge-ps-21250c\\\/\",\"name\":\"KANDARE BR\u00dcCKE PELHAM BIT CAMBRIDGE PS 21250C - Zaldionline.com\",\"isPartOf\":{\"@id\":\"https:\\\/\\\/www.zaldionline.com\\\/es\\\/#website\"},\"primaryImageOfPage\":{\"@id\":\"https:\\\/\\\/www.zaldionline.com\\\/es\\\/producto\\\/bocado-ps-pelham-bit-cambridge-ps-21250c\\\/#primaryimage\"},\"image\":{\"@id\":\"https:\\\/\\\/www.zaldionline.com\\\/es\\\/producto\\\/bocado-ps-pelham-bit-cambridge-ps-21250c\\\/#primaryimage\"},\"thumbnailUrl\":\"https:\\\/\\\/www.zaldionline.com\\\/es\\\/wp-content\\\/uploads\\\/sites\\\/2\\\/2020\\\/11\\\/Bild_2020-12-10_160544.png\",\"datePublished\":\"2020-11-13T15:18:52+00:00\",\"dateModified\":\"2023-04-22T13:45:59+00:00\",\"description\":\"Preis inkl. MwSt.: 82,49\u20ac. Schenkelma\u00df: 7 cm; Griffhalter: 5 cm; Dicke: 14 mm. Mit Bart. Erh\u00e4ltlich \u00fcber Zaldionline.com Ref. 21013304\",\"breadcrumb\":{\"@id\":\"https:\\\/\\\/www.zaldionline.com\\\/es\\\/producto\\\/bocado-ps-pelham-bit-cambridge-ps-21250c\\\/#breadcrumb\"},\"inLanguage\":\"es\",\"potentialAction\":[{\"@type\":\"ReadAction\",\"target\":[\"https:\\\/\\\/www.zaldionline.com\\\/es\\\/producto\\\/bocado-ps-pelham-bit-cambridge-ps-21250c\\\/\"]}]},{\"@type\":\"ImageObject\",\"inLanguage\":\"es\",\"@id\":\"https:\\\/\\\/www.zaldionline.com\\\/es\\\/producto\\\/bocado-ps-pelham-bit-cambridge-ps-21250c\\\/#primaryimage\",\"url\":\"https:\\\/\\\/www.zaldionline.com\\\/es\\\/wp-content\\\/uploads\\\/sites\\\/2\\\/2020\\\/11\\\/Bild_2020-12-10_160544.png\",\"contentUrl\":\"https:\\\/\\\/www.zaldionline.com\\\/es\\\/wp-content\\\/uploads\\\/sites\\\/2\\\/2020\\\/11\\\/Bild_2020-12-10_160544.png\",\"width\":509,\"height\":499},{\"@type\":\"BreadcrumbList\",\"@id\":\"https:\\\/\\\/www.zaldionline.com\\\/es\\\/producto\\\/bocado-ps-pelham-bit-cambridge-ps-21250c\\\/#breadcrumb\",\"itemListElement\":[{\"@type\":\"ListItem\",\"position\":1,\"name\":\"Portada\",\"item\":\"https:\\\/\\\/www.zaldionline.com\\\/es\\\/\"},{\"@type\":\"ListItem\",\"position\":2,\"name\":\"Sillas y accesorios\",\"item\":\"https:\\\/\\\/www.zaldionline.com\\\/es\\\/sillas-y-accesorios\\\/\"},{\"@type\":\"ListItem\",\"position\":3,\"name\":\"KANDARE BR\u00dcCKE PELHAM BIT CAMBRIDGE PS 21250C\"}]},{\"@type\":\"WebSite\",\"@id\":\"https:\\\/\\\/www.zaldionline.com\\\/es\\\/#website\",\"url\":\"https:\\\/\\\/www.zaldionline.com\\\/es\\\/\",\"name\":\"Zaldionline.com\",\"description\":\"Los mejores productos para usted y su caballo\",\"potentialAction\":[{\"@type\":\"SearchAction\",\"target\":{\"@type\":\"EntryPoint\",\"urlTemplate\":\"https:\\\/\\\/www.zaldionline.com\\\/es\\\/?s={search_term_string}\"},\"query-input\":{\"@type\":\"PropertyValueSpecification\",\"valueRequired\":true,\"valueName\":\"search_term_string\"}}],\"inLanguage\":\"es\"}]}<\/script>\n<!-- \/ Yoast SEO plugin. -->","yoast_head_json":{"title":"KANDARE BR\u00dcCKE PELHAM BIT CAMBRIDGE PS 21250C - Zaldionline.com","description":"Preis inkl. MwSt.: 82,49\u20ac. Schenkelma\u00df: 7 cm; Griffhalter: 5 cm; Dicke: 14 mm. Mit Bart. Erh\u00e4ltlich \u00fcber Zaldionline.com Ref. 21013304","robots":{"index":"noindex","follow":"follow","max-snippet":"max-snippet:-1","max-image-preview":"max-image-preview:large","max-video-preview":"max-video-preview:-1"},"og_locale":"es_ES","og_type":"article","og_title":"KANDARE BR\u00dcCKE PELHAM BIT CAMBRIDGE PS 21250C - Zaldionline.com","og_description":"Preis inkl. MwSt.: 82,49\u20ac. Schenkelma\u00df: 7 cm; Griffhalter: 5 cm; Dicke: 14 mm. Mit Bart. Erh\u00e4ltlich \u00fcber Zaldionline.com Ref. 21013304","og_url":"https:\/\/www.zaldionline.com\/es\/producto\/bocado-ps-pelham-bit-cambridge-ps-21250c\/","og_site_name":"Zaldionline.com","article_modified_time":"2023-04-22T13:45:59+00:00","og_image":[{"width":509,"height":499,"url":"https:\/\/www.zaldionline.com\/es\/wp-content\/uploads\/sites\/2\/2020\/11\/Bild_2020-12-10_160544.png","type":"image\/png"}],"twitter_card":"summary_large_image","twitter_misc":{"Tiempo de lectura":"1 minuto"},"schema":{"@context":"https:\/\/schema.org","@graph":[{"@type":"WebPage","@id":"https:\/\/www.zaldionline.com\/es\/producto\/bocado-ps-pelham-bit-cambridge-ps-21250c\/","url":"https:\/\/www.zaldionline.com\/es\/producto\/bocado-ps-pelham-bit-cambridge-ps-21250c\/","name":"KANDARE BR\u00dcCKE PELHAM BIT CAMBRIDGE PS 21250C - Zaldionline.com","isPartOf":{"@id":"https:\/\/www.zaldionline.com\/es\/#website"},"primaryImageOfPage":{"@id":"https:\/\/www.zaldionline.com\/es\/producto\/bocado-ps-pelham-bit-cambridge-ps-21250c\/#primaryimage"},"image":{"@id":"https:\/\/www.zaldionline.com\/es\/producto\/bocado-ps-pelham-bit-cambridge-ps-21250c\/#primaryimage"},"thumbnailUrl":"https:\/\/www.zaldionline.com\/es\/wp-content\/uploads\/sites\/2\/2020\/11\/Bild_2020-12-10_160544.png","datePublished":"2020-11-13T15:18:52+00:00","dateModified":"2023-04-22T13:45:59+00:00","description":"Preis inkl. MwSt.: 82,49\u20ac. Schenkelma\u00df: 7 cm; Griffhalter: 5 cm; Dicke: 14 mm. Mit Bart. Erh\u00e4ltlich \u00fcber Zaldionline.com Ref. 21013304","breadcrumb":{"@id":"https:\/\/www.zaldionline.com\/es\/producto\/bocado-ps-pelham-bit-cambridge-ps-21250c\/#breadcrumb"},"inLanguage":"es","potentialAction":[{"@type":"ReadAction","target":["https:\/\/www.zaldionline.com\/es\/producto\/bocado-ps-pelham-bit-cambridge-ps-21250c\/"]}]},{"@type":"ImageObject","inLanguage":"es","@id":"https:\/\/www.zaldionline.com\/es\/producto\/bocado-ps-pelham-bit-cambridge-ps-21250c\/#primaryimage","url":"https:\/\/www.zaldionline.com\/es\/wp-content\/uploads\/sites\/2\/2020\/11\/Bild_2020-12-10_160544.png","contentUrl":"https:\/\/www.zaldionline.com\/es\/wp-content\/uploads\/sites\/2\/2020\/11\/Bild_2020-12-10_160544.png","width":509,"height":499},{"@type":"BreadcrumbList","@id":"https:\/\/www.zaldionline.com\/es\/producto\/bocado-ps-pelham-bit-cambridge-ps-21250c\/#breadcrumb","itemListElement":[{"@type":"ListItem","position":1,"name":"Portada","item":"https:\/\/www.zaldionline.com\/es\/"},{"@type":"ListItem","position":2,"name":"Sillas y accesorios","item":"https:\/\/www.zaldionline.com\/es\/sillas-y-accesorios\/"},{"@type":"ListItem","position":3,"name":"KANDARE BR\u00dcCKE PELHAM BIT CAMBRIDGE PS 21250C"}]},{"@type":"WebSite","@id":"https:\/\/www.zaldionline.com\/es\/#website","url":"https:\/\/www.zaldionline.com\/es\/","name":"Zaldionline.com","description":"Los mejores productos para usted y su caballo","potentialAction":[{"@type":"SearchAction","target":{"@type":"EntryPoint","urlTemplate":"https:\/\/www.zaldionline.com\/es\/?s={search_term_string}"},"query-input":{"@type":"PropertyValueSpecification","valueRequired":true,"valueName":"search_term_string"}}],"inLanguage":"es"}]}},"_links":{"self":[{"href":"https:\/\/www.zaldionline.com\/es\/wp-json\/wp\/v2\/product\/16343","targetHints":{"allow":["GET"]}}],"collection":[{"href":"https:\/\/www.zaldionline.com\/es\/wp-json\/wp\/v2\/product"}],"about":[{"href":"https:\/\/www.zaldionline.com\/es\/wp-json\/wp\/v2\/types\/product"}],"replies":[{"embeddable":true,"href":"https:\/\/www.zaldionline.com\/es\/wp-json\/wp\/v2\/comments?post=16343"}],"version-history":[{"count":2,"href":"https:\/\/www.zaldionline.com\/es\/wp-json\/wp\/v2\/product\/16343\/revisions"}],"predecessor-version":[{"id":23491,"href":"https:\/\/www.zaldionline.com\/es\/wp-json\/wp\/v2\/product\/16343\/revisions\/23491"}],"wp:featuredmedia":[{"embeddable":true,"href":"https:\/\/www.zaldionline.com\/es\/wp-json\/wp\/v2\/media\/17436"}],"wp:attachment":[{"href":"https:\/\/www.zaldionline.com\/es\/wp-json\/wp\/v2\/media?parent=16343"}],"wp:term":[{"taxonomy":"product_brand","embeddable":true,"href":"https:\/\/www.zaldionline.com\/es\/wp-json\/wp\/v2\/product_brand?post=16343"},{"taxonomy":"product_cat","embeddable":true,"href":"https:\/\/www.zaldionline.com\/es\/wp-json\/wp\/v2\/product_cat?post=16343"},{"taxonomy":"product_tag","embeddable":true,"href":"https:\/\/www.zaldionline.com\/es\/wp-json\/wp\/v2\/product_tag?post=16343"}],"curies":[{"name":"wp","href":"https:\/\/api.w.org\/{rel}","templated":true}]}}