{"id":16399,"date":"2020-11-13T16:33:35","date_gmt":"2020-11-13T16:33:35","guid":{"rendered":"https:\/\/zaldionline.com\/?post_type=product&#038;p=16399"},"modified":"2023-04-22T13:02:15","modified_gmt":"2023-04-22T13:02:15","slug":"bocados-filete-trense-sprenger-oliva-kk-ultra-hs-40366","status":"publish","type":"product","link":"https:\/\/www.zaldionline.com\/es\/producto\/bocados-filete-trense-sprenger-oliva-kk-ultra-hs-40366\/","title":{"rendered":"GEBISS MIT OLIVENKOPF  SPRENGER OLIVA KK ULTRA HS-40366"},"content":{"rendered":"<p>Preis inkl. MwSt.: 190,60\u20ac<\/p>\n<p>Ringdurchmesser: 7 cm<\/p>\n<p>Kaliber: 18 mm<\/p>\n<p>SENSOGAN-Material ergibt sich aus einer optimalen Kombination von Kupfer, Mangan und Zink.<\/p>\n<p>Die Kombination von Mangan mit einem niedrigen Kupfergehalt macht dieses Material viel weicher und mit einem stark reduzierten und kompensierten Oxidationsprozess.<\/p>\n<p>Mangan ist ein wichtiger Mikron\u00e4hrstoff f\u00fcr die Entwicklung des Stoffwechsels und den Abbau von Stress.<\/p>\n<p>Der niedrige Kupfergehalt reduziert das Auftreten von Flecken.<\/p>\n<p>* Toxikologisch getestet.<\/p>\n<p>* Hohe Toleranz<\/p>\n<p>* Einfach zu s\u00e4ubern<\/p>\n<p>* Erleichtert den konstanten Speichelfluss<\/p>\n<p>Im Sprenger-Katalog die Qualit\u00e4tscodes 78 (goldenes Mundst\u00fcck mit rostfreien Ringen) und 79 (goldenes Mundst\u00fcck und Ringe).<\/p>\n<p>KK Ultra System.<\/p>\n<p>Kurzes Mittelst\u00fcck mit Rautenform (auch Bohne genannt) und mit zwei Gelenken, die sich um bis zu 45 \u00b0 drehen, um die bestm\u00f6gliche Wirkung im Maul des Pferdes zu erzielen.<\/p>\n<p>Anatomische Form f\u00fcr das Maul des Pferdes. * Einzigartiger 45 \u00b0 -Winkel, der einen perfekten Sitz im Maul des Pferdes erreicht und die Anweisungen mit den Z\u00fcgeln erleichtert. * Kein Druck auf den Gaumen, ergonomische Form, die den Druck reduziert, da weniger Platz im Mund ben\u00f6tigt wird. * Schont Mund und Zunge bei optimalem Kontakt. Das Pferd entspannt sich und reagiert besser.<\/p>\n<p>Ref. 21043423<\/p>\n<p>&nbsp;<\/p>\n","protected":false},"excerpt":{"rendered":"<p>Preis inkl. MwSt.: 190,60\u20ac Ringdurchmesser: 7 cm Kaliber: 18 mm SENSOGAN-Material ergibt sich aus einer optimalen Kombination von Kupfer, Mangan und Zink. Die Kombination von Mangan mit einem niedrigen Kupfergehalt macht dieses Material viel weicher und mit einem stark reduzierten und kompensierten Oxidationsprozess. Mangan ist ein wichtiger Mikron\u00e4hrstoff f\u00fcr die Entwicklung des Stoffwechsels und den [&hellip;]<\/p>\n","protected":false},"featured_media":17428,"comment_status":"open","ping_status":"closed","template":"","meta":{"site-sidebar-layout":"default","site-content-layout":"default","ast-site-content-layout":"default","site-content-style":"default","site-sidebar-style":"default","ast-global-header-display":"","ast-banner-title-visibility":"","ast-main-header-display":"","ast-hfb-above-header-display":"","ast-hfb-below-header-display":"","ast-hfb-mobile-header-display":"","site-post-title":"","ast-breadcrumbs-content":"","ast-featured-img":"","footer-sml-layout":"","ast-disable-related-posts":"","theme-transparent-header-meta":"default","adv-header-id-meta":"","stick-header-meta":"","header-above-stick-meta":"","header-main-stick-meta":"","header-below-stick-meta":"","astra-migrate-meta-layouts":"default","ast-page-background-enabled":"default","ast-page-background-meta":{"desktop":{"background-color":"var(--ast-global-color-4)","background-image":"","background-repeat":"repeat","background-position":"center center","background-size":"auto","background-attachment":"scroll","background-type":"","background-media":"","overlay-type":"","overlay-color":"","overlay-opacity":"","overlay-gradient":""},"tablet":{"background-color":"","background-image":"","background-repeat":"repeat","background-position":"center center","background-size":"auto","background-attachment":"scroll","background-type":"","background-media":"","overlay-type":"","overlay-color":"","overlay-opacity":"","overlay-gradient":""},"mobile":{"background-color":"","background-image":"","background-repeat":"repeat","background-position":"center center","background-size":"auto","background-attachment":"scroll","background-type":"","background-media":"","overlay-type":"","overlay-color":"","overlay-opacity":"","overlay-gradient":""}},"ast-content-background-meta":{"desktop":{"background-color":"var(--ast-global-color-5)","background-image":"","background-repeat":"repeat","background-position":"center center","background-size":"auto","background-attachment":"scroll","background-type":"","background-media":"","overlay-type":"","overlay-color":"","overlay-opacity":"","overlay-gradient":""},"tablet":{"background-color":"var(--ast-global-color-5)","background-image":"","background-repeat":"repeat","background-position":"center center","background-size":"auto","background-attachment":"scroll","background-type":"","background-media":"","overlay-type":"","overlay-color":"","overlay-opacity":"","overlay-gradient":""},"mobile":{"background-color":"var(--ast-global-color-5)","background-image":"","background-repeat":"repeat","background-position":"center center","background-size":"auto","background-attachment":"scroll","background-type":"","background-media":"","overlay-type":"","overlay-color":"","overlay-opacity":"","overlay-gradient":""}},"ngg_post_thumbnail":0},"product_brand":[],"product_cat":[18,42],"product_tag":[856,860,858,857,859],"class_list":{"0":"post-16399","1":"product","2":"type-product","3":"status-publish","4":"has-post-thumbnail","6":"product_cat-accesorios","7":"product_cat-bocados-filetes-accesorios","8":"product_tag-anatomisch-geformtes-mundstueck","9":"product_tag-einfach-zu-saeubern","10":"product_tag-gebiss-mit-olive","11":"product_tag-sprenger-mundstueck","12":"product_tag-sprenger-oliva","13":"desktop-align-left","14":"tablet-align-left","15":"mobile-align-left","17":"first","18":"instock","19":"taxable","20":"shipping-taxable","21":"purchasable","22":"product-type-simple"},"yoast_head":"<!-- This site is optimized with the Yoast SEO plugin v27.5 - https:\/\/yoast.com\/product\/yoast-seo-wordpress\/ -->\n<title>GEBISS MIT OLIVENKOPF SPRENGER OLIVA KK ULTRA HS-40366 - Zaldionline.com<\/title>\n<meta name=\"description\" content=\"Preis inkl. MwSt.: 190,60\u20ac Ringdurchmesser: 7 cm; Kaliber: 18 mm. SENSOGAN-Material ergibt sich aus einer optimalen Kombination von Kupfer, Mangan und Zink. Die Kombination von Mangan mit einem niedrigen Kupfergehalt macht dieses Material viel weicher und mit einem stark reduzierten und kompensierten Oxidationsprozess. Mangan ist ein wichtiger Mikron\u00e4hrstoff f\u00fcr die Entwicklung des Stoffwechsels und den Abbau von Stress. Der niedrige Kupfergehalt reduziert das Auftreten von Flecken.* Toxikologisch getestet.* Hohe Toleranz* Einfach zu s\u00e4ubern* Erleichtert den konstanten Speichelfluss. Im Sprenger-Katalog die Qualit\u00e4tscodes 78 (goldenes Mundst\u00fcck mit rostfreien Ringen) und 79 (goldenes Mundst\u00fcck und Ringe).KK Ultra System. Kurzes Mittelst\u00fcck mit Rautenform (auch Bohne genannt) und mit zwei Gelenken, die sich um bis zu 45 \u00b0 drehen, um die bestm\u00f6gliche Wirkung im Maul des Pferdes zu erzielen. Anatomische Form f\u00fcr das Maul des Pferdes. * Einzigartiger 45 \u00b0 -Winkel, der einen perfekten Sitz im Maul des Pferdes erreicht und die Anweisungen mit den Z\u00fcgeln erleichtert. * Kein Druck auf den Gaumen, ergonomische Form, die den Druck reduziert, da weniger Platz im Mund ben\u00f6tigt wird. * Schont Mund und Zunge bei optimalem Kontakt. Das Pferd entspannt sich und reagiert besser. Erh\u00e4ltlich \u00fcber Zaldionline.com Ref. 21043423\" \/>\n<meta name=\"robots\" content=\"noindex, follow, max-snippet:-1, max-image-preview:large, max-video-preview:-1\" \/>\n<meta property=\"og:locale\" content=\"es_ES\" \/>\n<meta property=\"og:type\" content=\"article\" \/>\n<meta property=\"og:title\" content=\"GEBISS MIT OLIVENKOPF SPRENGER OLIVA KK ULTRA HS-40366 - Zaldionline.com\" \/>\n<meta property=\"og:description\" content=\"Preis inkl. MwSt.: 190,60\u20ac Ringdurchmesser: 7 cm; Kaliber: 18 mm. SENSOGAN-Material ergibt sich aus einer optimalen Kombination von Kupfer, Mangan und Zink. Die Kombination von Mangan mit einem niedrigen Kupfergehalt macht dieses Material viel weicher und mit einem stark reduzierten und kompensierten Oxidationsprozess. Mangan ist ein wichtiger Mikron\u00e4hrstoff f\u00fcr die Entwicklung des Stoffwechsels und den Abbau von Stress. Der niedrige Kupfergehalt reduziert das Auftreten von Flecken.* Toxikologisch getestet.* Hohe Toleranz* Einfach zu s\u00e4ubern* Erleichtert den konstanten Speichelfluss. Im Sprenger-Katalog die Qualit\u00e4tscodes 78 (goldenes Mundst\u00fcck mit rostfreien Ringen) und 79 (goldenes Mundst\u00fcck und Ringe).KK Ultra System. Kurzes Mittelst\u00fcck mit Rautenform (auch Bohne genannt) und mit zwei Gelenken, die sich um bis zu 45 \u00b0 drehen, um die bestm\u00f6gliche Wirkung im Maul des Pferdes zu erzielen. Anatomische Form f\u00fcr das Maul des Pferdes. * Einzigartiger 45 \u00b0 -Winkel, der einen perfekten Sitz im Maul des Pferdes erreicht und die Anweisungen mit den Z\u00fcgeln erleichtert. * Kein Druck auf den Gaumen, ergonomische Form, die den Druck reduziert, da weniger Platz im Mund ben\u00f6tigt wird. * Schont Mund und Zunge bei optimalem Kontakt. Das Pferd entspannt sich und reagiert besser. Erh\u00e4ltlich \u00fcber Zaldionline.com Ref. 21043423\" \/>\n<meta property=\"og:url\" content=\"https:\/\/www.zaldionline.com\/es\/producto\/bocados-filete-trense-sprenger-oliva-kk-ultra-hs-40366\/\" \/>\n<meta property=\"og:site_name\" content=\"Zaldionline.com\" \/>\n<meta property=\"article:modified_time\" content=\"2023-04-22T13:02:15+00:00\" \/>\n<meta property=\"og:image\" content=\"https:\/\/www.zaldionline.com\/es\/wp-content\/uploads\/sites\/2\/2020\/11\/Bild_2020-12-10_155651.png\" \/>\n\t<meta property=\"og:image:width\" content=\"517\" \/>\n\t<meta property=\"og:image:height\" content=\"499\" \/>\n\t<meta property=\"og:image:type\" content=\"image\/png\" \/>\n<meta name=\"twitter:card\" content=\"summary_large_image\" \/>\n<meta name=\"twitter:label1\" content=\"Tiempo de lectura\" \/>\n\t<meta name=\"twitter:data1\" content=\"2 minutos\" \/>\n<script type=\"application\/ld+json\" class=\"yoast-schema-graph\">{\"@context\":\"https:\\\/\\\/schema.org\",\"@graph\":[{\"@type\":\"WebPage\",\"@id\":\"https:\\\/\\\/www.zaldionline.com\\\/es\\\/producto\\\/bocados-filete-trense-sprenger-oliva-kk-ultra-hs-40366\\\/\",\"url\":\"https:\\\/\\\/www.zaldionline.com\\\/es\\\/producto\\\/bocados-filete-trense-sprenger-oliva-kk-ultra-hs-40366\\\/\",\"name\":\"GEBISS MIT OLIVENKOPF SPRENGER OLIVA KK ULTRA HS-40366 - Zaldionline.com\",\"isPartOf\":{\"@id\":\"https:\\\/\\\/www.zaldionline.com\\\/es\\\/#website\"},\"primaryImageOfPage\":{\"@id\":\"https:\\\/\\\/www.zaldionline.com\\\/es\\\/producto\\\/bocados-filete-trense-sprenger-oliva-kk-ultra-hs-40366\\\/#primaryimage\"},\"image\":{\"@id\":\"https:\\\/\\\/www.zaldionline.com\\\/es\\\/producto\\\/bocados-filete-trense-sprenger-oliva-kk-ultra-hs-40366\\\/#primaryimage\"},\"thumbnailUrl\":\"https:\\\/\\\/www.zaldionline.com\\\/es\\\/wp-content\\\/uploads\\\/sites\\\/2\\\/2020\\\/11\\\/Bild_2020-12-10_155651.png\",\"datePublished\":\"2020-11-13T16:33:35+00:00\",\"dateModified\":\"2023-04-22T13:02:15+00:00\",\"description\":\"Preis inkl. MwSt.: 190,60\u20ac Ringdurchmesser: 7 cm; Kaliber: 18 mm. SENSOGAN-Material ergibt sich aus einer optimalen Kombination von Kupfer, Mangan und Zink. Die Kombination von Mangan mit einem niedrigen Kupfergehalt macht dieses Material viel weicher und mit einem stark reduzierten und kompensierten Oxidationsprozess. Mangan ist ein wichtiger Mikron\u00e4hrstoff f\u00fcr die Entwicklung des Stoffwechsels und den Abbau von Stress. Der niedrige Kupfergehalt reduziert das Auftreten von Flecken.* Toxikologisch getestet.* Hohe Toleranz* Einfach zu s\u00e4ubern* Erleichtert den konstanten Speichelfluss. Im Sprenger-Katalog die Qualit\u00e4tscodes 78 (goldenes Mundst\u00fcck mit rostfreien Ringen) und 79 (goldenes Mundst\u00fcck und Ringe).KK Ultra System. Kurzes Mittelst\u00fcck mit Rautenform (auch Bohne genannt) und mit zwei Gelenken, die sich um bis zu 45 \u00b0 drehen, um die bestm\u00f6gliche Wirkung im Maul des Pferdes zu erzielen. Anatomische Form f\u00fcr das Maul des Pferdes. * Einzigartiger 45 \u00b0 -Winkel, der einen perfekten Sitz im Maul des Pferdes erreicht und die Anweisungen mit den Z\u00fcgeln erleichtert. * Kein Druck auf den Gaumen, ergonomische Form, die den Druck reduziert, da weniger Platz im Mund ben\u00f6tigt wird. * Schont Mund und Zunge bei optimalem Kontakt. Das Pferd entspannt sich und reagiert besser. Erh\u00e4ltlich \u00fcber Zaldionline.com Ref. 21043423\",\"breadcrumb\":{\"@id\":\"https:\\\/\\\/www.zaldionline.com\\\/es\\\/producto\\\/bocados-filete-trense-sprenger-oliva-kk-ultra-hs-40366\\\/#breadcrumb\"},\"inLanguage\":\"es\",\"potentialAction\":[{\"@type\":\"ReadAction\",\"target\":[\"https:\\\/\\\/www.zaldionline.com\\\/es\\\/producto\\\/bocados-filete-trense-sprenger-oliva-kk-ultra-hs-40366\\\/\"]}]},{\"@type\":\"ImageObject\",\"inLanguage\":\"es\",\"@id\":\"https:\\\/\\\/www.zaldionline.com\\\/es\\\/producto\\\/bocados-filete-trense-sprenger-oliva-kk-ultra-hs-40366\\\/#primaryimage\",\"url\":\"https:\\\/\\\/www.zaldionline.com\\\/es\\\/wp-content\\\/uploads\\\/sites\\\/2\\\/2020\\\/11\\\/Bild_2020-12-10_155651.png\",\"contentUrl\":\"https:\\\/\\\/www.zaldionline.com\\\/es\\\/wp-content\\\/uploads\\\/sites\\\/2\\\/2020\\\/11\\\/Bild_2020-12-10_155651.png\",\"width\":517,\"height\":499},{\"@type\":\"BreadcrumbList\",\"@id\":\"https:\\\/\\\/www.zaldionline.com\\\/es\\\/producto\\\/bocados-filete-trense-sprenger-oliva-kk-ultra-hs-40366\\\/#breadcrumb\",\"itemListElement\":[{\"@type\":\"ListItem\",\"position\":1,\"name\":\"Portada\",\"item\":\"https:\\\/\\\/www.zaldionline.com\\\/es\\\/\"},{\"@type\":\"ListItem\",\"position\":2,\"name\":\"Sillas y accesorios\",\"item\":\"https:\\\/\\\/www.zaldionline.com\\\/es\\\/sillas-y-accesorios\\\/\"},{\"@type\":\"ListItem\",\"position\":3,\"name\":\"GEBISS MIT OLIVENKOPF SPRENGER OLIVA KK ULTRA HS-40366\"}]},{\"@type\":\"WebSite\",\"@id\":\"https:\\\/\\\/www.zaldionline.com\\\/es\\\/#website\",\"url\":\"https:\\\/\\\/www.zaldionline.com\\\/es\\\/\",\"name\":\"Zaldionline.com\",\"description\":\"Los mejores productos para usted y su caballo\",\"potentialAction\":[{\"@type\":\"SearchAction\",\"target\":{\"@type\":\"EntryPoint\",\"urlTemplate\":\"https:\\\/\\\/www.zaldionline.com\\\/es\\\/?s={search_term_string}\"},\"query-input\":{\"@type\":\"PropertyValueSpecification\",\"valueRequired\":true,\"valueName\":\"search_term_string\"}}],\"inLanguage\":\"es\"}]}<\/script>\n<!-- \/ Yoast SEO plugin. -->","yoast_head_json":{"title":"GEBISS MIT OLIVENKOPF SPRENGER OLIVA KK ULTRA HS-40366 - Zaldionline.com","description":"Preis inkl. MwSt.: 190,60\u20ac Ringdurchmesser: 7 cm; Kaliber: 18 mm. SENSOGAN-Material ergibt sich aus einer optimalen Kombination von Kupfer, Mangan und Zink. Die Kombination von Mangan mit einem niedrigen Kupfergehalt macht dieses Material viel weicher und mit einem stark reduzierten und kompensierten Oxidationsprozess. Mangan ist ein wichtiger Mikron\u00e4hrstoff f\u00fcr die Entwicklung des Stoffwechsels und den Abbau von Stress. Der niedrige Kupfergehalt reduziert das Auftreten von Flecken.* Toxikologisch getestet.* Hohe Toleranz* Einfach zu s\u00e4ubern* Erleichtert den konstanten Speichelfluss. Im Sprenger-Katalog die Qualit\u00e4tscodes 78 (goldenes Mundst\u00fcck mit rostfreien Ringen) und 79 (goldenes Mundst\u00fcck und Ringe).KK Ultra System. Kurzes Mittelst\u00fcck mit Rautenform (auch Bohne genannt) und mit zwei Gelenken, die sich um bis zu 45 \u00b0 drehen, um die bestm\u00f6gliche Wirkung im Maul des Pferdes zu erzielen. Anatomische Form f\u00fcr das Maul des Pferdes. * Einzigartiger 45 \u00b0 -Winkel, der einen perfekten Sitz im Maul des Pferdes erreicht und die Anweisungen mit den Z\u00fcgeln erleichtert. * Kein Druck auf den Gaumen, ergonomische Form, die den Druck reduziert, da weniger Platz im Mund ben\u00f6tigt wird. * Schont Mund und Zunge bei optimalem Kontakt. Das Pferd entspannt sich und reagiert besser. Erh\u00e4ltlich \u00fcber Zaldionline.com Ref. 21043423","robots":{"index":"noindex","follow":"follow","max-snippet":"max-snippet:-1","max-image-preview":"max-image-preview:large","max-video-preview":"max-video-preview:-1"},"og_locale":"es_ES","og_type":"article","og_title":"GEBISS MIT OLIVENKOPF SPRENGER OLIVA KK ULTRA HS-40366 - Zaldionline.com","og_description":"Preis inkl. MwSt.: 190,60\u20ac Ringdurchmesser: 7 cm; Kaliber: 18 mm. SENSOGAN-Material ergibt sich aus einer optimalen Kombination von Kupfer, Mangan und Zink. Die Kombination von Mangan mit einem niedrigen Kupfergehalt macht dieses Material viel weicher und mit einem stark reduzierten und kompensierten Oxidationsprozess. Mangan ist ein wichtiger Mikron\u00e4hrstoff f\u00fcr die Entwicklung des Stoffwechsels und den Abbau von Stress. Der niedrige Kupfergehalt reduziert das Auftreten von Flecken.* Toxikologisch getestet.* Hohe Toleranz* Einfach zu s\u00e4ubern* Erleichtert den konstanten Speichelfluss. Im Sprenger-Katalog die Qualit\u00e4tscodes 78 (goldenes Mundst\u00fcck mit rostfreien Ringen) und 79 (goldenes Mundst\u00fcck und Ringe).KK Ultra System. Kurzes Mittelst\u00fcck mit Rautenform (auch Bohne genannt) und mit zwei Gelenken, die sich um bis zu 45 \u00b0 drehen, um die bestm\u00f6gliche Wirkung im Maul des Pferdes zu erzielen. Anatomische Form f\u00fcr das Maul des Pferdes. * Einzigartiger 45 \u00b0 -Winkel, der einen perfekten Sitz im Maul des Pferdes erreicht und die Anweisungen mit den Z\u00fcgeln erleichtert. * Kein Druck auf den Gaumen, ergonomische Form, die den Druck reduziert, da weniger Platz im Mund ben\u00f6tigt wird. * Schont Mund und Zunge bei optimalem Kontakt. Das Pferd entspannt sich und reagiert besser. Erh\u00e4ltlich \u00fcber Zaldionline.com Ref. 21043423","og_url":"https:\/\/www.zaldionline.com\/es\/producto\/bocados-filete-trense-sprenger-oliva-kk-ultra-hs-40366\/","og_site_name":"Zaldionline.com","article_modified_time":"2023-04-22T13:02:15+00:00","og_image":[{"width":517,"height":499,"url":"https:\/\/www.zaldionline.com\/es\/wp-content\/uploads\/sites\/2\/2020\/11\/Bild_2020-12-10_155651.png","type":"image\/png"}],"twitter_card":"summary_large_image","twitter_misc":{"Tiempo de lectura":"2 minutos"},"schema":{"@context":"https:\/\/schema.org","@graph":[{"@type":"WebPage","@id":"https:\/\/www.zaldionline.com\/es\/producto\/bocados-filete-trense-sprenger-oliva-kk-ultra-hs-40366\/","url":"https:\/\/www.zaldionline.com\/es\/producto\/bocados-filete-trense-sprenger-oliva-kk-ultra-hs-40366\/","name":"GEBISS MIT OLIVENKOPF SPRENGER OLIVA KK ULTRA HS-40366 - Zaldionline.com","isPartOf":{"@id":"https:\/\/www.zaldionline.com\/es\/#website"},"primaryImageOfPage":{"@id":"https:\/\/www.zaldionline.com\/es\/producto\/bocados-filete-trense-sprenger-oliva-kk-ultra-hs-40366\/#primaryimage"},"image":{"@id":"https:\/\/www.zaldionline.com\/es\/producto\/bocados-filete-trense-sprenger-oliva-kk-ultra-hs-40366\/#primaryimage"},"thumbnailUrl":"https:\/\/www.zaldionline.com\/es\/wp-content\/uploads\/sites\/2\/2020\/11\/Bild_2020-12-10_155651.png","datePublished":"2020-11-13T16:33:35+00:00","dateModified":"2023-04-22T13:02:15+00:00","description":"Preis inkl. MwSt.: 190,60\u20ac Ringdurchmesser: 7 cm; Kaliber: 18 mm. SENSOGAN-Material ergibt sich aus einer optimalen Kombination von Kupfer, Mangan und Zink. Die Kombination von Mangan mit einem niedrigen Kupfergehalt macht dieses Material viel weicher und mit einem stark reduzierten und kompensierten Oxidationsprozess. Mangan ist ein wichtiger Mikron\u00e4hrstoff f\u00fcr die Entwicklung des Stoffwechsels und den Abbau von Stress. Der niedrige Kupfergehalt reduziert das Auftreten von Flecken.* Toxikologisch getestet.* Hohe Toleranz* Einfach zu s\u00e4ubern* Erleichtert den konstanten Speichelfluss. Im Sprenger-Katalog die Qualit\u00e4tscodes 78 (goldenes Mundst\u00fcck mit rostfreien Ringen) und 79 (goldenes Mundst\u00fcck und Ringe).KK Ultra System. Kurzes Mittelst\u00fcck mit Rautenform (auch Bohne genannt) und mit zwei Gelenken, die sich um bis zu 45 \u00b0 drehen, um die bestm\u00f6gliche Wirkung im Maul des Pferdes zu erzielen. Anatomische Form f\u00fcr das Maul des Pferdes. * Einzigartiger 45 \u00b0 -Winkel, der einen perfekten Sitz im Maul des Pferdes erreicht und die Anweisungen mit den Z\u00fcgeln erleichtert. * Kein Druck auf den Gaumen, ergonomische Form, die den Druck reduziert, da weniger Platz im Mund ben\u00f6tigt wird. * Schont Mund und Zunge bei optimalem Kontakt. Das Pferd entspannt sich und reagiert besser. Erh\u00e4ltlich \u00fcber Zaldionline.com Ref. 21043423","breadcrumb":{"@id":"https:\/\/www.zaldionline.com\/es\/producto\/bocados-filete-trense-sprenger-oliva-kk-ultra-hs-40366\/#breadcrumb"},"inLanguage":"es","potentialAction":[{"@type":"ReadAction","target":["https:\/\/www.zaldionline.com\/es\/producto\/bocados-filete-trense-sprenger-oliva-kk-ultra-hs-40366\/"]}]},{"@type":"ImageObject","inLanguage":"es","@id":"https:\/\/www.zaldionline.com\/es\/producto\/bocados-filete-trense-sprenger-oliva-kk-ultra-hs-40366\/#primaryimage","url":"https:\/\/www.zaldionline.com\/es\/wp-content\/uploads\/sites\/2\/2020\/11\/Bild_2020-12-10_155651.png","contentUrl":"https:\/\/www.zaldionline.com\/es\/wp-content\/uploads\/sites\/2\/2020\/11\/Bild_2020-12-10_155651.png","width":517,"height":499},{"@type":"BreadcrumbList","@id":"https:\/\/www.zaldionline.com\/es\/producto\/bocados-filete-trense-sprenger-oliva-kk-ultra-hs-40366\/#breadcrumb","itemListElement":[{"@type":"ListItem","position":1,"name":"Portada","item":"https:\/\/www.zaldionline.com\/es\/"},{"@type":"ListItem","position":2,"name":"Sillas y accesorios","item":"https:\/\/www.zaldionline.com\/es\/sillas-y-accesorios\/"},{"@type":"ListItem","position":3,"name":"GEBISS MIT OLIVENKOPF SPRENGER OLIVA KK ULTRA HS-40366"}]},{"@type":"WebSite","@id":"https:\/\/www.zaldionline.com\/es\/#website","url":"https:\/\/www.zaldionline.com\/es\/","name":"Zaldionline.com","description":"Los mejores productos para usted y su caballo","potentialAction":[{"@type":"SearchAction","target":{"@type":"EntryPoint","urlTemplate":"https:\/\/www.zaldionline.com\/es\/?s={search_term_string}"},"query-input":{"@type":"PropertyValueSpecification","valueRequired":true,"valueName":"search_term_string"}}],"inLanguage":"es"}]}},"_links":{"self":[{"href":"https:\/\/www.zaldionline.com\/es\/wp-json\/wp\/v2\/product\/16399","targetHints":{"allow":["GET"]}}],"collection":[{"href":"https:\/\/www.zaldionline.com\/es\/wp-json\/wp\/v2\/product"}],"about":[{"href":"https:\/\/www.zaldionline.com\/es\/wp-json\/wp\/v2\/types\/product"}],"replies":[{"embeddable":true,"href":"https:\/\/www.zaldionline.com\/es\/wp-json\/wp\/v2\/comments?post=16399"}],"version-history":[{"count":2,"href":"https:\/\/www.zaldionline.com\/es\/wp-json\/wp\/v2\/product\/16399\/revisions"}],"predecessor-version":[{"id":23477,"href":"https:\/\/www.zaldionline.com\/es\/wp-json\/wp\/v2\/product\/16399\/revisions\/23477"}],"wp:featuredmedia":[{"embeddable":true,"href":"https:\/\/www.zaldionline.com\/es\/wp-json\/wp\/v2\/media\/17428"}],"wp:attachment":[{"href":"https:\/\/www.zaldionline.com\/es\/wp-json\/wp\/v2\/media?parent=16399"}],"wp:term":[{"taxonomy":"product_brand","embeddable":true,"href":"https:\/\/www.zaldionline.com\/es\/wp-json\/wp\/v2\/product_brand?post=16399"},{"taxonomy":"product_cat","embeddable":true,"href":"https:\/\/www.zaldionline.com\/es\/wp-json\/wp\/v2\/product_cat?post=16399"},{"taxonomy":"product_tag","embeddable":true,"href":"https:\/\/www.zaldionline.com\/es\/wp-json\/wp\/v2\/product_tag?post=16399"}],"curies":[{"name":"wp","href":"https:\/\/api.w.org\/{rel}","templated":true}]}}