{"id":16406,"date":"2020-11-13T16:41:40","date_gmt":"2020-11-13T16:41:40","guid":{"rendered":"https:\/\/zaldionline.com\/?post_type=product&#038;p=16406"},"modified":"2023-04-22T12:56:58","modified_gmt":"2023-04-22T12:56:58","slug":"bocados-trense-filete-sprenger-anillas-hs-40414","status":"publish","type":"product","link":"https:\/\/www.zaldionline.com\/es\/producto\/bocados-trense-filete-sprenger-anillas-hs-40414\/","title":{"rendered":"DREIFACH GEBROCHENES GEBISS SPRENGER ANILLAS HS-40414"},"content":{"rendered":"\t\t<div data-elementor-type=\"wp-post\" data-elementor-id=\"16406\" class=\"elementor elementor-16406\">\n\t\t\t\t\t\t<section class=\"elementor-section elementor-top-section elementor-element elementor-element-5e7739ec elementor-section-boxed elementor-section-height-default elementor-section-height-default\" data-id=\"5e7739ec\" data-element_type=\"section\" data-e-type=\"section\">\n\t\t\t\t\t\t<div class=\"elementor-container elementor-column-gap-default\">\n\t\t\t\t\t<div class=\"elementor-column elementor-col-100 elementor-top-column elementor-element elementor-element-61b8cc6e\" data-id=\"61b8cc6e\" data-element_type=\"column\" data-e-type=\"column\">\n\t\t\t<div class=\"elementor-widget-wrap elementor-element-populated\">\n\t\t\t\t\t\t<div class=\"elementor-element elementor-element-74816b24 elementor-widget elementor-widget-text-editor\" data-id=\"74816b24\" data-element_type=\"widget\" data-e-type=\"widget\" data-widget_type=\"text-editor.default\">\n\t\t\t\t<div class=\"elementor-widget-container\">\n\t\t\t\t\t\t\t\t\t<p>Preis inkl. MwSt.: 167,06\u20ac<\/p><p>Ringdurchmesser: 6,5 cm<\/p><p>Kaliber: 14 mm<\/p><p>SENSOGAN-Material ergibt sich aus einer optimalen Kombination von Kupfer, Mangan und Zink.<\/p><p>Die Kombination von Mangan mit einem niedrigen Kupfergehalt macht dieses Material viel weicher und mit einem stark reduzierten und kompensierten Oxidationsprozess.<\/p><p>Mangan ist ein wichtiger Mikron\u00e4hrstoff f\u00fcr die Entwicklung des Stoffwechsels und den Abbau von Stress.<\/p><p>Der niedrige Kupfergehalt reduziert das Auftreten von Flecken.<\/p><p>* Toxikologisch getestet<\/p><p>* Hohe Toleranz<\/p><p>* Einfach zu s\u00e4ubern<\/p><p>* Erleichtert den konstanten Speichelfluss.<\/p><p>Im Sprenger-Katalog die Qualit\u00e4tscodes 78 (goldenes Mundst\u00fcck mit rostfreien Ringen) und 79 (goldenes Mundst\u00fcck und Ringe).<\/p><p>Dynamische RS<\/p><p>* Ergonomische Form.<\/p><p>* Kein Druck auf den Gaumen.<\/p><p><span data-language-for-alternatives=\"de\" data-language-to-translate-into=\"es\" data-phrase-index=\"27\">Der Druck wird im Mund verteilt.<\/span><\/p><p>Ref. 21043434<\/p>\t\t\t\t\t\t\t\t<\/div>\n\t\t\t\t<\/div>\n\t\t\t\t\t<\/div>\n\t\t<\/div>\n\t\t\t\t\t<\/div>\n\t\t<\/section>\n\t\t\t\t<\/div>\n\t\t","protected":false},"excerpt":{"rendered":"<p>Preis inkl. MwSt.: 167,06\u20ac Ringdurchmesser: 6,5 cm Kaliber: 14 mm SENSOGAN-Material ergibt sich aus einer optimalen Kombination von Kupfer, Mangan und Zink. Die Kombination von Mangan mit einem niedrigen Kupfergehalt macht dieses Material viel weicher und mit einem stark reduzierten und kompensierten Oxidationsprozess. Mangan ist ein wichtiger Mikron\u00e4hrstoff f\u00fcr die Entwicklung des Stoffwechsels und den [&hellip;]<\/p>\n","protected":false},"featured_media":17466,"comment_status":"open","ping_status":"closed","template":"","meta":{"site-sidebar-layout":"default","site-content-layout":"default","ast-site-content-layout":"default","site-content-style":"default","site-sidebar-style":"default","ast-global-header-display":"","ast-banner-title-visibility":"","ast-main-header-display":"","ast-hfb-above-header-display":"","ast-hfb-below-header-display":"","ast-hfb-mobile-header-display":"","site-post-title":"","ast-breadcrumbs-content":"","ast-featured-img":"","footer-sml-layout":"","ast-disable-related-posts":"","theme-transparent-header-meta":"default","adv-header-id-meta":"","stick-header-meta":"","header-above-stick-meta":"","header-main-stick-meta":"","header-below-stick-meta":"","astra-migrate-meta-layouts":"default","ast-page-background-enabled":"default","ast-page-background-meta":{"desktop":{"background-color":"var(--ast-global-color-4)","background-image":"","background-repeat":"repeat","background-position":"center center","background-size":"auto","background-attachment":"scroll","background-type":"","background-media":"","overlay-type":"","overlay-color":"","overlay-opacity":"","overlay-gradient":""},"tablet":{"background-color":"","background-image":"","background-repeat":"repeat","background-position":"center center","background-size":"auto","background-attachment":"scroll","background-type":"","background-media":"","overlay-type":"","overlay-color":"","overlay-opacity":"","overlay-gradient":""},"mobile":{"background-color":"","background-image":"","background-repeat":"repeat","background-position":"center center","background-size":"auto","background-attachment":"scroll","background-type":"","background-media":"","overlay-type":"","overlay-color":"","overlay-opacity":"","overlay-gradient":""}},"ast-content-background-meta":{"desktop":{"background-color":"var(--ast-global-color-5)","background-image":"","background-repeat":"repeat","background-position":"center center","background-size":"auto","background-attachment":"scroll","background-type":"","background-media":"","overlay-type":"","overlay-color":"","overlay-opacity":"","overlay-gradient":""},"tablet":{"background-color":"var(--ast-global-color-5)","background-image":"","background-repeat":"repeat","background-position":"center center","background-size":"auto","background-attachment":"scroll","background-type":"","background-media":"","overlay-type":"","overlay-color":"","overlay-opacity":"","overlay-gradient":""},"mobile":{"background-color":"var(--ast-global-color-5)","background-image":"","background-repeat":"repeat","background-position":"center center","background-size":"auto","background-attachment":"scroll","background-type":"","background-media":"","overlay-type":"","overlay-color":"","overlay-opacity":"","overlay-gradient":""}},"ngg_post_thumbnail":0},"product_brand":[],"product_cat":[18,42],"product_tag":[855,854,852,846,753,848,853,340,337,338,339],"class_list":{"0":"post-16406","1":"product","2":"type-product","3":"status-publish","4":"has-post-thumbnail","6":"product_cat-accesorios","7":"product_cat-bocados-filetes-accesorios","8":"product_tag-dreifach-gebiss","9":"product_tag-dreifach-gebisse","10":"product_tag-dreifach-gebrochenes-gebiss","11":"product_tag-gebiss","12":"product_tag-gebisse","13":"product_tag-gebrochenes-gebiss","14":"product_tag-sprenger-gebisse","15":"product_tag-susanne-nagel","16":"product_tag-zaldi","17":"product_tag-zaldi-deutschland","18":"product_tag-zaldi-online-com","19":"desktop-align-left","20":"tablet-align-left","21":"mobile-align-left","23":"first","24":"instock","25":"taxable","26":"shipping-taxable","27":"purchasable","28":"product-type-simple"},"yoast_head":"<!-- This site is optimized with the Yoast SEO plugin v27.4 - https:\/\/yoast.com\/product\/yoast-seo-wordpress\/ -->\n<title>DREIFACH GEBROCHENES GEBISS SPRENGER ANILLAS HS-40414 - Zaldionline.com<\/title>\n<meta name=\"description\" content=\"Preis inkl. MwSt.: 167,06\u20ac Ringdurchmesser: 6,5 cm; Kaliber: 14 mm. SENSOGAN-Material ergibt sich aus einer optimalen Kombination von Kupfer, Mangan und Zink. Die Kombination von Mangan mit einem niedrigen Kupfergehalt macht dieses Material viel weicher und mit einem stark reduzierten und kompensierten Oxidationsprozess. Mangan ist ein wichtiger Mikron\u00e4hrstoff f\u00fcr die Entwicklung des Stoffwechsels und den Abbau von Stress. Der niedrige Kupfergehalt reduziert das Auftreten von Flecken.* Toxikologisch getestet* Hohe Toleranz* Einfach zu s\u00e4ubern* Erleichtert den konstanten Speichelfluss. Im Sprenger-Katalog die Qualit\u00e4tscodes 78 (goldenes Mundst\u00fcck mit rostfreien Ringen) und 79 (goldenes Mundst\u00fcck und Ringe).Dynamische RS* Ergonomische Form.* Kein Druck auf den Gaumen .Der Druck wird im Mund verteilt. Erh\u00e4ltlich \u00fcber Zaldionline.com Ref. 21043434\" \/>\n<meta name=\"robots\" content=\"noindex, follow, max-snippet:-1, max-image-preview:large, max-video-preview:-1\" \/>\n<meta property=\"og:locale\" content=\"es_ES\" \/>\n<meta property=\"og:type\" content=\"article\" \/>\n<meta property=\"og:title\" content=\"DREIFACH GEBROCHENES GEBISS SPRENGER ANILLAS HS-40414 - Zaldionline.com\" \/>\n<meta property=\"og:description\" content=\"Preis inkl. MwSt.: 167,06\u20ac Ringdurchmesser: 6,5 cm; Kaliber: 14 mm. SENSOGAN-Material ergibt sich aus einer optimalen Kombination von Kupfer, Mangan und Zink. Die Kombination von Mangan mit einem niedrigen Kupfergehalt macht dieses Material viel weicher und mit einem stark reduzierten und kompensierten Oxidationsprozess. Mangan ist ein wichtiger Mikron\u00e4hrstoff f\u00fcr die Entwicklung des Stoffwechsels und den Abbau von Stress. Der niedrige Kupfergehalt reduziert das Auftreten von Flecken.* Toxikologisch getestet* Hohe Toleranz* Einfach zu s\u00e4ubern* Erleichtert den konstanten Speichelfluss. Im Sprenger-Katalog die Qualit\u00e4tscodes 78 (goldenes Mundst\u00fcck mit rostfreien Ringen) und 79 (goldenes Mundst\u00fcck und Ringe).Dynamische RS* Ergonomische Form.* Kein Druck auf den Gaumen .Der Druck wird im Mund verteilt. Erh\u00e4ltlich \u00fcber Zaldionline.com Ref. 21043434\" \/>\n<meta property=\"og:url\" content=\"https:\/\/www.zaldionline.com\/es\/producto\/bocados-trense-filete-sprenger-anillas-hs-40414\/\" \/>\n<meta property=\"og:site_name\" content=\"Zaldionline.com\" \/>\n<meta property=\"article:modified_time\" content=\"2023-04-22T12:56:58+00:00\" \/>\n<meta property=\"og:image\" content=\"https:\/\/www.zaldionline.com\/es\/wp-content\/uploads\/sites\/2\/2020\/11\/Bild_2020-12-10_163748.png\" \/>\n\t<meta property=\"og:image:width\" content=\"513\" \/>\n\t<meta property=\"og:image:height\" content=\"501\" \/>\n\t<meta property=\"og:image:type\" content=\"image\/png\" \/>\n<meta name=\"twitter:card\" content=\"summary_large_image\" \/>\n<meta name=\"twitter:label1\" content=\"Tiempo de lectura\" \/>\n\t<meta name=\"twitter:data1\" content=\"1 minuto\" \/>\n<script type=\"application\/ld+json\" class=\"yoast-schema-graph\">{\"@context\":\"https:\\\/\\\/schema.org\",\"@graph\":[{\"@type\":\"WebPage\",\"@id\":\"https:\\\/\\\/www.zaldionline.com\\\/es\\\/producto\\\/bocados-trense-filete-sprenger-anillas-hs-40414\\\/\",\"url\":\"https:\\\/\\\/www.zaldionline.com\\\/es\\\/producto\\\/bocados-trense-filete-sprenger-anillas-hs-40414\\\/\",\"name\":\"DREIFACH GEBROCHENES GEBISS SPRENGER ANILLAS HS-40414 - Zaldionline.com\",\"isPartOf\":{\"@id\":\"https:\\\/\\\/www.zaldionline.com\\\/es\\\/#website\"},\"primaryImageOfPage\":{\"@id\":\"https:\\\/\\\/www.zaldionline.com\\\/es\\\/producto\\\/bocados-trense-filete-sprenger-anillas-hs-40414\\\/#primaryimage\"},\"image\":{\"@id\":\"https:\\\/\\\/www.zaldionline.com\\\/es\\\/producto\\\/bocados-trense-filete-sprenger-anillas-hs-40414\\\/#primaryimage\"},\"thumbnailUrl\":\"https:\\\/\\\/www.zaldionline.com\\\/es\\\/wp-content\\\/uploads\\\/sites\\\/2\\\/2020\\\/11\\\/Bild_2020-12-10_163748.png\",\"datePublished\":\"2020-11-13T16:41:40+00:00\",\"dateModified\":\"2023-04-22T12:56:58+00:00\",\"description\":\"Preis inkl. MwSt.: 167,06\u20ac Ringdurchmesser: 6,5 cm; Kaliber: 14 mm. SENSOGAN-Material ergibt sich aus einer optimalen Kombination von Kupfer, Mangan und Zink. Die Kombination von Mangan mit einem niedrigen Kupfergehalt macht dieses Material viel weicher und mit einem stark reduzierten und kompensierten Oxidationsprozess. Mangan ist ein wichtiger Mikron\u00e4hrstoff f\u00fcr die Entwicklung des Stoffwechsels und den Abbau von Stress. Der niedrige Kupfergehalt reduziert das Auftreten von Flecken.* Toxikologisch getestet* Hohe Toleranz* Einfach zu s\u00e4ubern* Erleichtert den konstanten Speichelfluss. Im Sprenger-Katalog die Qualit\u00e4tscodes 78 (goldenes Mundst\u00fcck mit rostfreien Ringen) und 79 (goldenes Mundst\u00fcck und Ringe).Dynamische RS* Ergonomische Form.* Kein Druck auf den Gaumen .Der Druck wird im Mund verteilt. Erh\u00e4ltlich \u00fcber Zaldionline.com Ref. 21043434\",\"breadcrumb\":{\"@id\":\"https:\\\/\\\/www.zaldionline.com\\\/es\\\/producto\\\/bocados-trense-filete-sprenger-anillas-hs-40414\\\/#breadcrumb\"},\"inLanguage\":\"es\",\"potentialAction\":[{\"@type\":\"ReadAction\",\"target\":[\"https:\\\/\\\/www.zaldionline.com\\\/es\\\/producto\\\/bocados-trense-filete-sprenger-anillas-hs-40414\\\/\"]}]},{\"@type\":\"ImageObject\",\"inLanguage\":\"es\",\"@id\":\"https:\\\/\\\/www.zaldionline.com\\\/es\\\/producto\\\/bocados-trense-filete-sprenger-anillas-hs-40414\\\/#primaryimage\",\"url\":\"https:\\\/\\\/www.zaldionline.com\\\/es\\\/wp-content\\\/uploads\\\/sites\\\/2\\\/2020\\\/11\\\/Bild_2020-12-10_163748.png\",\"contentUrl\":\"https:\\\/\\\/www.zaldionline.com\\\/es\\\/wp-content\\\/uploads\\\/sites\\\/2\\\/2020\\\/11\\\/Bild_2020-12-10_163748.png\",\"width\":513,\"height\":501},{\"@type\":\"BreadcrumbList\",\"@id\":\"https:\\\/\\\/www.zaldionline.com\\\/es\\\/producto\\\/bocados-trense-filete-sprenger-anillas-hs-40414\\\/#breadcrumb\",\"itemListElement\":[{\"@type\":\"ListItem\",\"position\":1,\"name\":\"Portada\",\"item\":\"https:\\\/\\\/www.zaldionline.com\\\/es\\\/\"},{\"@type\":\"ListItem\",\"position\":2,\"name\":\"Sillas y accesorios\",\"item\":\"https:\\\/\\\/www.zaldionline.com\\\/es\\\/sillas-y-accesorios\\\/\"},{\"@type\":\"ListItem\",\"position\":3,\"name\":\"DREIFACH GEBROCHENES GEBISS SPRENGER ANILLAS HS-40414\"}]},{\"@type\":\"WebSite\",\"@id\":\"https:\\\/\\\/www.zaldionline.com\\\/es\\\/#website\",\"url\":\"https:\\\/\\\/www.zaldionline.com\\\/es\\\/\",\"name\":\"Zaldionline.com\",\"description\":\"Los mejores productos para usted y su caballo\",\"potentialAction\":[{\"@type\":\"SearchAction\",\"target\":{\"@type\":\"EntryPoint\",\"urlTemplate\":\"https:\\\/\\\/www.zaldionline.com\\\/es\\\/?s={search_term_string}\"},\"query-input\":{\"@type\":\"PropertyValueSpecification\",\"valueRequired\":true,\"valueName\":\"search_term_string\"}}],\"inLanguage\":\"es\"}]}<\/script>\n<!-- \/ Yoast SEO plugin. -->","yoast_head_json":{"title":"DREIFACH GEBROCHENES GEBISS SPRENGER ANILLAS HS-40414 - Zaldionline.com","description":"Preis inkl. MwSt.: 167,06\u20ac Ringdurchmesser: 6,5 cm; Kaliber: 14 mm. SENSOGAN-Material ergibt sich aus einer optimalen Kombination von Kupfer, Mangan und Zink. Die Kombination von Mangan mit einem niedrigen Kupfergehalt macht dieses Material viel weicher und mit einem stark reduzierten und kompensierten Oxidationsprozess. Mangan ist ein wichtiger Mikron\u00e4hrstoff f\u00fcr die Entwicklung des Stoffwechsels und den Abbau von Stress. Der niedrige Kupfergehalt reduziert das Auftreten von Flecken.* Toxikologisch getestet* Hohe Toleranz* Einfach zu s\u00e4ubern* Erleichtert den konstanten Speichelfluss. Im Sprenger-Katalog die Qualit\u00e4tscodes 78 (goldenes Mundst\u00fcck mit rostfreien Ringen) und 79 (goldenes Mundst\u00fcck und Ringe).Dynamische RS* Ergonomische Form.* Kein Druck auf den Gaumen .Der Druck wird im Mund verteilt. Erh\u00e4ltlich \u00fcber Zaldionline.com Ref. 21043434","robots":{"index":"noindex","follow":"follow","max-snippet":"max-snippet:-1","max-image-preview":"max-image-preview:large","max-video-preview":"max-video-preview:-1"},"og_locale":"es_ES","og_type":"article","og_title":"DREIFACH GEBROCHENES GEBISS SPRENGER ANILLAS HS-40414 - Zaldionline.com","og_description":"Preis inkl. MwSt.: 167,06\u20ac Ringdurchmesser: 6,5 cm; Kaliber: 14 mm. SENSOGAN-Material ergibt sich aus einer optimalen Kombination von Kupfer, Mangan und Zink. Die Kombination von Mangan mit einem niedrigen Kupfergehalt macht dieses Material viel weicher und mit einem stark reduzierten und kompensierten Oxidationsprozess. Mangan ist ein wichtiger Mikron\u00e4hrstoff f\u00fcr die Entwicklung des Stoffwechsels und den Abbau von Stress. Der niedrige Kupfergehalt reduziert das Auftreten von Flecken.* Toxikologisch getestet* Hohe Toleranz* Einfach zu s\u00e4ubern* Erleichtert den konstanten Speichelfluss. Im Sprenger-Katalog die Qualit\u00e4tscodes 78 (goldenes Mundst\u00fcck mit rostfreien Ringen) und 79 (goldenes Mundst\u00fcck und Ringe).Dynamische RS* Ergonomische Form.* Kein Druck auf den Gaumen .Der Druck wird im Mund verteilt. Erh\u00e4ltlich \u00fcber Zaldionline.com Ref. 21043434","og_url":"https:\/\/www.zaldionline.com\/es\/producto\/bocados-trense-filete-sprenger-anillas-hs-40414\/","og_site_name":"Zaldionline.com","article_modified_time":"2023-04-22T12:56:58+00:00","og_image":[{"width":513,"height":501,"url":"https:\/\/www.zaldionline.com\/es\/wp-content\/uploads\/sites\/2\/2020\/11\/Bild_2020-12-10_163748.png","type":"image\/png"}],"twitter_card":"summary_large_image","twitter_misc":{"Tiempo de lectura":"1 minuto"},"schema":{"@context":"https:\/\/schema.org","@graph":[{"@type":"WebPage","@id":"https:\/\/www.zaldionline.com\/es\/producto\/bocados-trense-filete-sprenger-anillas-hs-40414\/","url":"https:\/\/www.zaldionline.com\/es\/producto\/bocados-trense-filete-sprenger-anillas-hs-40414\/","name":"DREIFACH GEBROCHENES GEBISS SPRENGER ANILLAS HS-40414 - Zaldionline.com","isPartOf":{"@id":"https:\/\/www.zaldionline.com\/es\/#website"},"primaryImageOfPage":{"@id":"https:\/\/www.zaldionline.com\/es\/producto\/bocados-trense-filete-sprenger-anillas-hs-40414\/#primaryimage"},"image":{"@id":"https:\/\/www.zaldionline.com\/es\/producto\/bocados-trense-filete-sprenger-anillas-hs-40414\/#primaryimage"},"thumbnailUrl":"https:\/\/www.zaldionline.com\/es\/wp-content\/uploads\/sites\/2\/2020\/11\/Bild_2020-12-10_163748.png","datePublished":"2020-11-13T16:41:40+00:00","dateModified":"2023-04-22T12:56:58+00:00","description":"Preis inkl. MwSt.: 167,06\u20ac Ringdurchmesser: 6,5 cm; Kaliber: 14 mm. SENSOGAN-Material ergibt sich aus einer optimalen Kombination von Kupfer, Mangan und Zink. Die Kombination von Mangan mit einem niedrigen Kupfergehalt macht dieses Material viel weicher und mit einem stark reduzierten und kompensierten Oxidationsprozess. Mangan ist ein wichtiger Mikron\u00e4hrstoff f\u00fcr die Entwicklung des Stoffwechsels und den Abbau von Stress. Der niedrige Kupfergehalt reduziert das Auftreten von Flecken.* Toxikologisch getestet* Hohe Toleranz* Einfach zu s\u00e4ubern* Erleichtert den konstanten Speichelfluss. Im Sprenger-Katalog die Qualit\u00e4tscodes 78 (goldenes Mundst\u00fcck mit rostfreien Ringen) und 79 (goldenes Mundst\u00fcck und Ringe).Dynamische RS* Ergonomische Form.* Kein Druck auf den Gaumen .Der Druck wird im Mund verteilt. Erh\u00e4ltlich \u00fcber Zaldionline.com Ref. 21043434","breadcrumb":{"@id":"https:\/\/www.zaldionline.com\/es\/producto\/bocados-trense-filete-sprenger-anillas-hs-40414\/#breadcrumb"},"inLanguage":"es","potentialAction":[{"@type":"ReadAction","target":["https:\/\/www.zaldionline.com\/es\/producto\/bocados-trense-filete-sprenger-anillas-hs-40414\/"]}]},{"@type":"ImageObject","inLanguage":"es","@id":"https:\/\/www.zaldionline.com\/es\/producto\/bocados-trense-filete-sprenger-anillas-hs-40414\/#primaryimage","url":"https:\/\/www.zaldionline.com\/es\/wp-content\/uploads\/sites\/2\/2020\/11\/Bild_2020-12-10_163748.png","contentUrl":"https:\/\/www.zaldionline.com\/es\/wp-content\/uploads\/sites\/2\/2020\/11\/Bild_2020-12-10_163748.png","width":513,"height":501},{"@type":"BreadcrumbList","@id":"https:\/\/www.zaldionline.com\/es\/producto\/bocados-trense-filete-sprenger-anillas-hs-40414\/#breadcrumb","itemListElement":[{"@type":"ListItem","position":1,"name":"Portada","item":"https:\/\/www.zaldionline.com\/es\/"},{"@type":"ListItem","position":2,"name":"Sillas y accesorios","item":"https:\/\/www.zaldionline.com\/es\/sillas-y-accesorios\/"},{"@type":"ListItem","position":3,"name":"DREIFACH GEBROCHENES GEBISS SPRENGER ANILLAS HS-40414"}]},{"@type":"WebSite","@id":"https:\/\/www.zaldionline.com\/es\/#website","url":"https:\/\/www.zaldionline.com\/es\/","name":"Zaldionline.com","description":"Los mejores productos para usted y su caballo","potentialAction":[{"@type":"SearchAction","target":{"@type":"EntryPoint","urlTemplate":"https:\/\/www.zaldionline.com\/es\/?s={search_term_string}"},"query-input":{"@type":"PropertyValueSpecification","valueRequired":true,"valueName":"search_term_string"}}],"inLanguage":"es"}]}},"_links":{"self":[{"href":"https:\/\/www.zaldionline.com\/es\/wp-json\/wp\/v2\/product\/16406","targetHints":{"allow":["GET"]}}],"collection":[{"href":"https:\/\/www.zaldionline.com\/es\/wp-json\/wp\/v2\/product"}],"about":[{"href":"https:\/\/www.zaldionline.com\/es\/wp-json\/wp\/v2\/types\/product"}],"replies":[{"embeddable":true,"href":"https:\/\/www.zaldionline.com\/es\/wp-json\/wp\/v2\/comments?post=16406"}],"version-history":[{"count":1,"href":"https:\/\/www.zaldionline.com\/es\/wp-json\/wp\/v2\/product\/16406\/revisions"}],"predecessor-version":[{"id":23475,"href":"https:\/\/www.zaldionline.com\/es\/wp-json\/wp\/v2\/product\/16406\/revisions\/23475"}],"wp:featuredmedia":[{"embeddable":true,"href":"https:\/\/www.zaldionline.com\/es\/wp-json\/wp\/v2\/media\/17466"}],"wp:attachment":[{"href":"https:\/\/www.zaldionline.com\/es\/wp-json\/wp\/v2\/media?parent=16406"}],"wp:term":[{"taxonomy":"product_brand","embeddable":true,"href":"https:\/\/www.zaldionline.com\/es\/wp-json\/wp\/v2\/product_brand?post=16406"},{"taxonomy":"product_cat","embeddable":true,"href":"https:\/\/www.zaldionline.com\/es\/wp-json\/wp\/v2\/product_cat?post=16406"},{"taxonomy":"product_tag","embeddable":true,"href":"https:\/\/www.zaldionline.com\/es\/wp-json\/wp\/v2\/product_tag?post=16406"}],"curies":[{"name":"wp","href":"https:\/\/api.w.org\/{rel}","templated":true}]}}