{"id":16413,"date":"2020-11-13T16:52:04","date_gmt":"2020-11-13T16:52:04","guid":{"rendered":"https:\/\/zaldionline.com\/?post_type=product&#038;p=16413"},"modified":"2023-04-22T12:53:02","modified_gmt":"2023-04-22T12:53:02","slug":"bocados-trense-filete-sprenger-anillas-hs-40249","status":"publish","type":"product","link":"https:\/\/www.zaldionline.com\/es\/producto\/bocados-trense-filete-sprenger-anillas-hs-40249\/","title":{"rendered":"EINFACH GEBROCHENES GEBISS SPRENGER ANILLAS HS-40249"},"content":{"rendered":"<p>Preis inkl. MwSt.: 150,24\u20ac<\/p>\n<p>Ringdurchmesser: 5,5 cm<\/p>\n<p>Kaliber: 14 mm<\/p>\n<p>SENSOGAN-Material ergibt sich aus einer optimalen Kombination von Kupfer, Mangan und Zink.<\/p>\n<p>Die Kombination von Mangan mit einem niedrigen Kupfergehalt macht dieses Material viel weicher und mit einem stark reduzierten und kompensierten Oxidationsprozess.<\/p>\n<p>Mangan ist ein wichtiger Mikron\u00e4hrstoff f\u00fcr die Entwicklung des Stoffwechsels und den Abbau von Stress.<\/p>\n<p>Der niedrige Kupfergehalt reduziert das Auftreten von Flecken.<\/p>\n<p>* Toxikologisch getestet<\/p>\n<p>* Hohe Toleranz<\/p>\n<p>* Einfach zu s\u00e4ubern<\/p>\n<p>* Erleichtert den konstanten Speichelfluss.<\/p>\n<p>Im Sprenger-Katalog die Qualit\u00e4tscodes 78 (goldenes Mundst\u00fcck mit rostfreien Ringen) und 79 (goldenes Mundst\u00fcck und Ringe).<\/p>\n<p>Ref. 21043454<\/p>\n","protected":false},"excerpt":{"rendered":"<p>Preis inkl. MwSt.: 150,24\u20ac Ringdurchmesser: 5,5 cm Kaliber: 14 mm SENSOGAN-Material ergibt sich aus einer optimalen Kombination von Kupfer, Mangan und Zink. Die Kombination von Mangan mit einem niedrigen Kupfergehalt macht dieses Material viel weicher und mit einem stark reduzierten und kompensierten Oxidationsprozess. Mangan ist ein wichtiger Mikron\u00e4hrstoff f\u00fcr die Entwicklung des Stoffwechsels und den [&hellip;]<\/p>\n","protected":false},"featured_media":17465,"comment_status":"open","ping_status":"closed","template":"","meta":{"site-sidebar-layout":"default","site-content-layout":"default","ast-site-content-layout":"default","site-content-style":"default","site-sidebar-style":"default","ast-global-header-display":"","ast-banner-title-visibility":"","ast-main-header-display":"","ast-hfb-above-header-display":"","ast-hfb-below-header-display":"","ast-hfb-mobile-header-display":"","site-post-title":"","ast-breadcrumbs-content":"","ast-featured-img":"","footer-sml-layout":"","ast-disable-related-posts":"","theme-transparent-header-meta":"default","adv-header-id-meta":"","stick-header-meta":"","header-above-stick-meta":"","header-main-stick-meta":"","header-below-stick-meta":"","astra-migrate-meta-layouts":"default","ast-page-background-enabled":"default","ast-page-background-meta":{"desktop":{"background-color":"var(--ast-global-color-4)","background-image":"","background-repeat":"repeat","background-position":"center center","background-size":"auto","background-attachment":"scroll","background-type":"","background-media":"","overlay-type":"","overlay-color":"","overlay-opacity":"","overlay-gradient":""},"tablet":{"background-color":"","background-image":"","background-repeat":"repeat","background-position":"center center","background-size":"auto","background-attachment":"scroll","background-type":"","background-media":"","overlay-type":"","overlay-color":"","overlay-opacity":"","overlay-gradient":""},"mobile":{"background-color":"","background-image":"","background-repeat":"repeat","background-position":"center center","background-size":"auto","background-attachment":"scroll","background-type":"","background-media":"","overlay-type":"","overlay-color":"","overlay-opacity":"","overlay-gradient":""}},"ast-content-background-meta":{"desktop":{"background-color":"var(--ast-global-color-5)","background-image":"","background-repeat":"repeat","background-position":"center center","background-size":"auto","background-attachment":"scroll","background-type":"","background-media":"","overlay-type":"","overlay-color":"","overlay-opacity":"","overlay-gradient":""},"tablet":{"background-color":"var(--ast-global-color-5)","background-image":"","background-repeat":"repeat","background-position":"center center","background-size":"auto","background-attachment":"scroll","background-type":"","background-media":"","overlay-type":"","overlay-color":"","overlay-opacity":"","overlay-gradient":""},"mobile":{"background-color":"var(--ast-global-color-5)","background-image":"","background-repeat":"repeat","background-position":"center center","background-size":"auto","background-attachment":"scroll","background-type":"","background-media":"","overlay-type":"","overlay-color":"","overlay-opacity":"","overlay-gradient":""}},"ngg_post_thumbnail":0},"product_brand":[],"product_cat":[18,42],"product_tag":[849,848,851,850,340,337,338,339],"class_list":{"0":"post-16413","1":"product","2":"type-product","3":"status-publish","4":"has-post-thumbnail","6":"product_cat-accesorios","7":"product_cat-bocados-filetes-accesorios","8":"product_tag-einfach-gebrochenes-gebiss","9":"product_tag-gebrochenes-gebiss","10":"product_tag-sprenger-gebiss","11":"product_tag-sprenger-gebiss-einfach-gebrochen","12":"product_tag-susanne-nagel","13":"product_tag-zaldi","14":"product_tag-zaldi-deutschland","15":"product_tag-zaldi-online-com","16":"desktop-align-left","17":"tablet-align-left","18":"mobile-align-left","20":"first","21":"instock","22":"taxable","23":"shipping-taxable","24":"purchasable","25":"product-type-simple"},"yoast_head":"<!-- This site is optimized with the Yoast SEO plugin v27.4 - https:\/\/yoast.com\/product\/yoast-seo-wordpress\/ -->\n<title>EINFACH GEBROCHENES GEBISS SPRENGER ANILLAS HS-40249 - Zaldionline.com<\/title>\n<meta name=\"description\" content=\"Preis inkl. MwSt.: 150,24\u20ac Ringdurchmesser: 5,5 cm; Kaliber: 14 mm. SENSOGAN-Material ergibt sich aus einer optimalen Kombination von Kupfer, Mangan und Zink. Die Kombination von Mangan mit einem niedrigen Kupfergehalt macht dieses Material viel weicher und mit einem stark reduzierten und kompensierten Oxidationsprozess. Mangan ist ein wichtiger Mikron\u00e4hrstoff f\u00fcr die Entwicklung des Stoffwechsels und den Abbau von Stress. Der niedrige Kupfergehalt reduziert das Auftreten von Flecken.* Toxikologisch getestet* Hohe Toleranz* Einfach zu s\u00e4ubern* Erleichtert den konstanten Speichelfluss. Im Sprenger-Katalog die Qualit\u00e4tscodes 78 (goldenes Mundst\u00fcck mit rostfreien Ringen) und 79 (goldenes Mundst\u00fcck und Ringe). Erh\u00e4ltlich \u00fcber Zaldionline.com Ref. 21043454\" \/>\n<meta name=\"robots\" content=\"noindex, follow, max-snippet:-1, max-image-preview:large, max-video-preview:-1\" \/>\n<meta property=\"og:locale\" content=\"es_ES\" \/>\n<meta property=\"og:type\" content=\"article\" \/>\n<meta property=\"og:title\" content=\"EINFACH GEBROCHENES GEBISS SPRENGER ANILLAS HS-40249 - Zaldionline.com\" \/>\n<meta property=\"og:description\" content=\"Preis inkl. MwSt.: 150,24\u20ac Ringdurchmesser: 5,5 cm; Kaliber: 14 mm. SENSOGAN-Material ergibt sich aus einer optimalen Kombination von Kupfer, Mangan und Zink. Die Kombination von Mangan mit einem niedrigen Kupfergehalt macht dieses Material viel weicher und mit einem stark reduzierten und kompensierten Oxidationsprozess. Mangan ist ein wichtiger Mikron\u00e4hrstoff f\u00fcr die Entwicklung des Stoffwechsels und den Abbau von Stress. Der niedrige Kupfergehalt reduziert das Auftreten von Flecken.* Toxikologisch getestet* Hohe Toleranz* Einfach zu s\u00e4ubern* Erleichtert den konstanten Speichelfluss. Im Sprenger-Katalog die Qualit\u00e4tscodes 78 (goldenes Mundst\u00fcck mit rostfreien Ringen) und 79 (goldenes Mundst\u00fcck und Ringe). Erh\u00e4ltlich \u00fcber Zaldionline.com Ref. 21043454\" \/>\n<meta property=\"og:url\" content=\"https:\/\/www.zaldionline.com\/es\/producto\/bocados-trense-filete-sprenger-anillas-hs-40249\/\" \/>\n<meta property=\"og:site_name\" content=\"Zaldionline.com\" \/>\n<meta property=\"article:modified_time\" content=\"2023-04-22T12:53:02+00:00\" \/>\n<meta property=\"og:image\" content=\"https:\/\/www.zaldionline.com\/es\/wp-content\/uploads\/sites\/2\/2020\/11\/Bild_2020-12-10_163647.png\" \/>\n\t<meta property=\"og:image:width\" content=\"518\" \/>\n\t<meta property=\"og:image:height\" content=\"503\" \/>\n\t<meta property=\"og:image:type\" content=\"image\/png\" \/>\n<meta name=\"twitter:card\" content=\"summary_large_image\" \/>\n<meta name=\"twitter:label1\" content=\"Tiempo de lectura\" \/>\n\t<meta name=\"twitter:data1\" content=\"1 minuto\" \/>\n<script type=\"application\/ld+json\" class=\"yoast-schema-graph\">{\"@context\":\"https:\\\/\\\/schema.org\",\"@graph\":[{\"@type\":\"WebPage\",\"@id\":\"https:\\\/\\\/www.zaldionline.com\\\/es\\\/producto\\\/bocados-trense-filete-sprenger-anillas-hs-40249\\\/\",\"url\":\"https:\\\/\\\/www.zaldionline.com\\\/es\\\/producto\\\/bocados-trense-filete-sprenger-anillas-hs-40249\\\/\",\"name\":\"EINFACH GEBROCHENES GEBISS SPRENGER ANILLAS HS-40249 - Zaldionline.com\",\"isPartOf\":{\"@id\":\"https:\\\/\\\/www.zaldionline.com\\\/es\\\/#website\"},\"primaryImageOfPage\":{\"@id\":\"https:\\\/\\\/www.zaldionline.com\\\/es\\\/producto\\\/bocados-trense-filete-sprenger-anillas-hs-40249\\\/#primaryimage\"},\"image\":{\"@id\":\"https:\\\/\\\/www.zaldionline.com\\\/es\\\/producto\\\/bocados-trense-filete-sprenger-anillas-hs-40249\\\/#primaryimage\"},\"thumbnailUrl\":\"https:\\\/\\\/www.zaldionline.com\\\/es\\\/wp-content\\\/uploads\\\/sites\\\/2\\\/2020\\\/11\\\/Bild_2020-12-10_163647.png\",\"datePublished\":\"2020-11-13T16:52:04+00:00\",\"dateModified\":\"2023-04-22T12:53:02+00:00\",\"description\":\"Preis inkl. MwSt.: 150,24\u20ac Ringdurchmesser: 5,5 cm; Kaliber: 14 mm. SENSOGAN-Material ergibt sich aus einer optimalen Kombination von Kupfer, Mangan und Zink. Die Kombination von Mangan mit einem niedrigen Kupfergehalt macht dieses Material viel weicher und mit einem stark reduzierten und kompensierten Oxidationsprozess. Mangan ist ein wichtiger Mikron\u00e4hrstoff f\u00fcr die Entwicklung des Stoffwechsels und den Abbau von Stress. Der niedrige Kupfergehalt reduziert das Auftreten von Flecken.* Toxikologisch getestet* Hohe Toleranz* Einfach zu s\u00e4ubern* Erleichtert den konstanten Speichelfluss. Im Sprenger-Katalog die Qualit\u00e4tscodes 78 (goldenes Mundst\u00fcck mit rostfreien Ringen) und 79 (goldenes Mundst\u00fcck und Ringe). Erh\u00e4ltlich \u00fcber Zaldionline.com Ref. 21043454\",\"breadcrumb\":{\"@id\":\"https:\\\/\\\/www.zaldionline.com\\\/es\\\/producto\\\/bocados-trense-filete-sprenger-anillas-hs-40249\\\/#breadcrumb\"},\"inLanguage\":\"es\",\"potentialAction\":[{\"@type\":\"ReadAction\",\"target\":[\"https:\\\/\\\/www.zaldionline.com\\\/es\\\/producto\\\/bocados-trense-filete-sprenger-anillas-hs-40249\\\/\"]}]},{\"@type\":\"ImageObject\",\"inLanguage\":\"es\",\"@id\":\"https:\\\/\\\/www.zaldionline.com\\\/es\\\/producto\\\/bocados-trense-filete-sprenger-anillas-hs-40249\\\/#primaryimage\",\"url\":\"https:\\\/\\\/www.zaldionline.com\\\/es\\\/wp-content\\\/uploads\\\/sites\\\/2\\\/2020\\\/11\\\/Bild_2020-12-10_163647.png\",\"contentUrl\":\"https:\\\/\\\/www.zaldionline.com\\\/es\\\/wp-content\\\/uploads\\\/sites\\\/2\\\/2020\\\/11\\\/Bild_2020-12-10_163647.png\",\"width\":518,\"height\":503},{\"@type\":\"BreadcrumbList\",\"@id\":\"https:\\\/\\\/www.zaldionline.com\\\/es\\\/producto\\\/bocados-trense-filete-sprenger-anillas-hs-40249\\\/#breadcrumb\",\"itemListElement\":[{\"@type\":\"ListItem\",\"position\":1,\"name\":\"Portada\",\"item\":\"https:\\\/\\\/www.zaldionline.com\\\/es\\\/\"},{\"@type\":\"ListItem\",\"position\":2,\"name\":\"Sillas y accesorios\",\"item\":\"https:\\\/\\\/www.zaldionline.com\\\/es\\\/sillas-y-accesorios\\\/\"},{\"@type\":\"ListItem\",\"position\":3,\"name\":\"EINFACH GEBROCHENES GEBISS SPRENGER ANILLAS HS-40249\"}]},{\"@type\":\"WebSite\",\"@id\":\"https:\\\/\\\/www.zaldionline.com\\\/es\\\/#website\",\"url\":\"https:\\\/\\\/www.zaldionline.com\\\/es\\\/\",\"name\":\"Zaldionline.com\",\"description\":\"Los mejores productos para usted y su caballo\",\"potentialAction\":[{\"@type\":\"SearchAction\",\"target\":{\"@type\":\"EntryPoint\",\"urlTemplate\":\"https:\\\/\\\/www.zaldionline.com\\\/es\\\/?s={search_term_string}\"},\"query-input\":{\"@type\":\"PropertyValueSpecification\",\"valueRequired\":true,\"valueName\":\"search_term_string\"}}],\"inLanguage\":\"es\"}]}<\/script>\n<!-- \/ Yoast SEO plugin. -->","yoast_head_json":{"title":"EINFACH GEBROCHENES GEBISS SPRENGER ANILLAS HS-40249 - Zaldionline.com","description":"Preis inkl. MwSt.: 150,24\u20ac Ringdurchmesser: 5,5 cm; Kaliber: 14 mm. SENSOGAN-Material ergibt sich aus einer optimalen Kombination von Kupfer, Mangan und Zink. Die Kombination von Mangan mit einem niedrigen Kupfergehalt macht dieses Material viel weicher und mit einem stark reduzierten und kompensierten Oxidationsprozess. Mangan ist ein wichtiger Mikron\u00e4hrstoff f\u00fcr die Entwicklung des Stoffwechsels und den Abbau von Stress. Der niedrige Kupfergehalt reduziert das Auftreten von Flecken.* Toxikologisch getestet* Hohe Toleranz* Einfach zu s\u00e4ubern* Erleichtert den konstanten Speichelfluss. Im Sprenger-Katalog die Qualit\u00e4tscodes 78 (goldenes Mundst\u00fcck mit rostfreien Ringen) und 79 (goldenes Mundst\u00fcck und Ringe). Erh\u00e4ltlich \u00fcber Zaldionline.com Ref. 21043454","robots":{"index":"noindex","follow":"follow","max-snippet":"max-snippet:-1","max-image-preview":"max-image-preview:large","max-video-preview":"max-video-preview:-1"},"og_locale":"es_ES","og_type":"article","og_title":"EINFACH GEBROCHENES GEBISS SPRENGER ANILLAS HS-40249 - Zaldionline.com","og_description":"Preis inkl. MwSt.: 150,24\u20ac Ringdurchmesser: 5,5 cm; Kaliber: 14 mm. SENSOGAN-Material ergibt sich aus einer optimalen Kombination von Kupfer, Mangan und Zink. Die Kombination von Mangan mit einem niedrigen Kupfergehalt macht dieses Material viel weicher und mit einem stark reduzierten und kompensierten Oxidationsprozess. Mangan ist ein wichtiger Mikron\u00e4hrstoff f\u00fcr die Entwicklung des Stoffwechsels und den Abbau von Stress. Der niedrige Kupfergehalt reduziert das Auftreten von Flecken.* Toxikologisch getestet* Hohe Toleranz* Einfach zu s\u00e4ubern* Erleichtert den konstanten Speichelfluss. Im Sprenger-Katalog die Qualit\u00e4tscodes 78 (goldenes Mundst\u00fcck mit rostfreien Ringen) und 79 (goldenes Mundst\u00fcck und Ringe). Erh\u00e4ltlich \u00fcber Zaldionline.com Ref. 21043454","og_url":"https:\/\/www.zaldionline.com\/es\/producto\/bocados-trense-filete-sprenger-anillas-hs-40249\/","og_site_name":"Zaldionline.com","article_modified_time":"2023-04-22T12:53:02+00:00","og_image":[{"width":518,"height":503,"url":"https:\/\/www.zaldionline.com\/es\/wp-content\/uploads\/sites\/2\/2020\/11\/Bild_2020-12-10_163647.png","type":"image\/png"}],"twitter_card":"summary_large_image","twitter_misc":{"Tiempo de lectura":"1 minuto"},"schema":{"@context":"https:\/\/schema.org","@graph":[{"@type":"WebPage","@id":"https:\/\/www.zaldionline.com\/es\/producto\/bocados-trense-filete-sprenger-anillas-hs-40249\/","url":"https:\/\/www.zaldionline.com\/es\/producto\/bocados-trense-filete-sprenger-anillas-hs-40249\/","name":"EINFACH GEBROCHENES GEBISS SPRENGER ANILLAS HS-40249 - Zaldionline.com","isPartOf":{"@id":"https:\/\/www.zaldionline.com\/es\/#website"},"primaryImageOfPage":{"@id":"https:\/\/www.zaldionline.com\/es\/producto\/bocados-trense-filete-sprenger-anillas-hs-40249\/#primaryimage"},"image":{"@id":"https:\/\/www.zaldionline.com\/es\/producto\/bocados-trense-filete-sprenger-anillas-hs-40249\/#primaryimage"},"thumbnailUrl":"https:\/\/www.zaldionline.com\/es\/wp-content\/uploads\/sites\/2\/2020\/11\/Bild_2020-12-10_163647.png","datePublished":"2020-11-13T16:52:04+00:00","dateModified":"2023-04-22T12:53:02+00:00","description":"Preis inkl. MwSt.: 150,24\u20ac Ringdurchmesser: 5,5 cm; Kaliber: 14 mm. SENSOGAN-Material ergibt sich aus einer optimalen Kombination von Kupfer, Mangan und Zink. Die Kombination von Mangan mit einem niedrigen Kupfergehalt macht dieses Material viel weicher und mit einem stark reduzierten und kompensierten Oxidationsprozess. Mangan ist ein wichtiger Mikron\u00e4hrstoff f\u00fcr die Entwicklung des Stoffwechsels und den Abbau von Stress. Der niedrige Kupfergehalt reduziert das Auftreten von Flecken.* Toxikologisch getestet* Hohe Toleranz* Einfach zu s\u00e4ubern* Erleichtert den konstanten Speichelfluss. Im Sprenger-Katalog die Qualit\u00e4tscodes 78 (goldenes Mundst\u00fcck mit rostfreien Ringen) und 79 (goldenes Mundst\u00fcck und Ringe). Erh\u00e4ltlich \u00fcber Zaldionline.com Ref. 21043454","breadcrumb":{"@id":"https:\/\/www.zaldionline.com\/es\/producto\/bocados-trense-filete-sprenger-anillas-hs-40249\/#breadcrumb"},"inLanguage":"es","potentialAction":[{"@type":"ReadAction","target":["https:\/\/www.zaldionline.com\/es\/producto\/bocados-trense-filete-sprenger-anillas-hs-40249\/"]}]},{"@type":"ImageObject","inLanguage":"es","@id":"https:\/\/www.zaldionline.com\/es\/producto\/bocados-trense-filete-sprenger-anillas-hs-40249\/#primaryimage","url":"https:\/\/www.zaldionline.com\/es\/wp-content\/uploads\/sites\/2\/2020\/11\/Bild_2020-12-10_163647.png","contentUrl":"https:\/\/www.zaldionline.com\/es\/wp-content\/uploads\/sites\/2\/2020\/11\/Bild_2020-12-10_163647.png","width":518,"height":503},{"@type":"BreadcrumbList","@id":"https:\/\/www.zaldionline.com\/es\/producto\/bocados-trense-filete-sprenger-anillas-hs-40249\/#breadcrumb","itemListElement":[{"@type":"ListItem","position":1,"name":"Portada","item":"https:\/\/www.zaldionline.com\/es\/"},{"@type":"ListItem","position":2,"name":"Sillas y accesorios","item":"https:\/\/www.zaldionline.com\/es\/sillas-y-accesorios\/"},{"@type":"ListItem","position":3,"name":"EINFACH GEBROCHENES GEBISS SPRENGER ANILLAS HS-40249"}]},{"@type":"WebSite","@id":"https:\/\/www.zaldionline.com\/es\/#website","url":"https:\/\/www.zaldionline.com\/es\/","name":"Zaldionline.com","description":"Los mejores productos para usted y su caballo","potentialAction":[{"@type":"SearchAction","target":{"@type":"EntryPoint","urlTemplate":"https:\/\/www.zaldionline.com\/es\/?s={search_term_string}"},"query-input":{"@type":"PropertyValueSpecification","valueRequired":true,"valueName":"search_term_string"}}],"inLanguage":"es"}]}},"_links":{"self":[{"href":"https:\/\/www.zaldionline.com\/es\/wp-json\/wp\/v2\/product\/16413","targetHints":{"allow":["GET"]}}],"collection":[{"href":"https:\/\/www.zaldionline.com\/es\/wp-json\/wp\/v2\/product"}],"about":[{"href":"https:\/\/www.zaldionline.com\/es\/wp-json\/wp\/v2\/types\/product"}],"replies":[{"embeddable":true,"href":"https:\/\/www.zaldionline.com\/es\/wp-json\/wp\/v2\/comments?post=16413"}],"version-history":[{"count":2,"href":"https:\/\/www.zaldionline.com\/es\/wp-json\/wp\/v2\/product\/16413\/revisions"}],"predecessor-version":[{"id":23474,"href":"https:\/\/www.zaldionline.com\/es\/wp-json\/wp\/v2\/product\/16413\/revisions\/23474"}],"wp:featuredmedia":[{"embeddable":true,"href":"https:\/\/www.zaldionline.com\/es\/wp-json\/wp\/v2\/media\/17465"}],"wp:attachment":[{"href":"https:\/\/www.zaldionline.com\/es\/wp-json\/wp\/v2\/media?parent=16413"}],"wp:term":[{"taxonomy":"product_brand","embeddable":true,"href":"https:\/\/www.zaldionline.com\/es\/wp-json\/wp\/v2\/product_brand?post=16413"},{"taxonomy":"product_cat","embeddable":true,"href":"https:\/\/www.zaldionline.com\/es\/wp-json\/wp\/v2\/product_cat?post=16413"},{"taxonomy":"product_tag","embeddable":true,"href":"https:\/\/www.zaldionline.com\/es\/wp-json\/wp\/v2\/product_tag?post=16413"}],"curies":[{"name":"wp","href":"https:\/\/api.w.org\/{rel}","templated":true}]}}