{"id":16466,"date":"2020-11-14T10:10:55","date_gmt":"2020-11-14T10:10:55","guid":{"rendered":"https:\/\/zaldionline.com\/?post_type=product&#038;p=16466"},"modified":"2023-04-22T12:29:35","modified_gmt":"2023-04-22T12:29:35","slug":"protector-equestro-fussschutz-fleece-boot-hinten","status":"publish","type":"product","link":"https:\/\/www.zaldionline.com\/es\/producto\/protector-equestro-fussschutz-fleece-boot-hinten\/","title":{"rendered":"PROTECTOR EQUESTRO FUSSSCHUTZ FLEECE BOOT HINTEN"},"content":{"rendered":"<p>Preis inkl. MwSt.: 86,67\u20ac<\/p>\n<p><strong>&nbsp;<\/strong>Komfortabler und warmer Schutz &#8211; hinten &#8211; des Evolution-Modells im italienischen Design.<\/p>\n<p>Ergonomisch f\u00fcr eine perfekte Passform an der unteren Extremit\u00e4t des Pferdes.<\/p>\n<p>Das Innere besteht aus synthetischem Lammfell in einer nat\u00fcrlichen Farbe, die maximalen Komfort garantiert. Es polstert Schl\u00e4ge und bewahrt gleichzeitig die Bewegungsfreiheit des Pferdes.<\/p>\n<p>Es hat eine halbstarre Au\u00dfenschale aus thermoplastischem Polyurethan, die einen vollst\u00e4ndigen Schutz gegen Reibung und Schl\u00e4ge garantiert und so Sch\u00e4den am Pferd vermeidet.<\/p>\n<p>Optimale Atmungsaktivit\u00e4t, dank Maschenl\u00f6cher, die einen gr\u00f6\u00dferen Luftdurchgang erm\u00f6glichen und den Innenraum immer k\u00fchl und trocken halten.<\/p>\n<p>Mit doppelt verstellbarem Sicherheitsverschluss durch zwei selbstklebende Klettb\u00e4nder f\u00fcr einen engeren Verschluss und mehr Komfort. Mit Zungen- und Gummiverst\u00e4rkung, die das \u00d6ffnen und Schlie\u00dfen erleichtert.<\/p>\n<p>Waschbar bei 30\u00ba C. Halten Sie den Klettverschluss geschlossen und sauber. B\u00fcrsten Sie den Klettverschluss zur Reinigung. An der Luft trocknen lassen.<\/p>\n<p>Ungef\u00e4hres Gewicht: 500 Gramm<\/p>\n<p>Im 2er-Pack<\/p>\n<p>Gr\u00f6\u00dfen: Cob, Full<\/p>\n<p>Farben: Schwarz, Braun<\/p>\n<p>Ref. 2107728<\/p>\n<p><strong>Wenn Du hier nicht gefunden hast wonach Du suchst,<\/strong><\/p>\n<p>schau bitte auf der&nbsp;<a href=\"https:\/\/zaldionline.com\/en\/104-bell-boots-bandages-leg-boots\">https:\/\/zaldionline.com\/en\/104-bell-boots-bandages-leg-boots<\/a> Seite.<\/p>\n<p>Dort sind noch weitere Artikel aufgef\u00fchrt.<\/p>\n<p>Suche die entsprechende Referenznummer und Beschreibung heraus und<\/p>\n<p>sende uns Deinen gesamten Auftrag per E-Mail zu.<\/p>\n","protected":false},"excerpt":{"rendered":"<p>Preis inkl. MwSt.: 86,67\u20ac &nbsp;Komfortabler und warmer Schutz &#8211; hinten &#8211; des Evolution-Modells im italienischen Design. Ergonomisch f\u00fcr eine perfekte Passform an der unteren Extremit\u00e4t des Pferdes. Das Innere besteht aus synthetischem Lammfell in einer nat\u00fcrlichen Farbe, die maximalen Komfort garantiert. Es polstert Schl\u00e4ge und bewahrt gleichzeitig die Bewegungsfreiheit des Pferdes. Es hat eine halbstarre [&hellip;]<\/p>\n","protected":false},"featured_media":17460,"comment_status":"open","ping_status":"closed","template":"","meta":{"site-sidebar-layout":"default","site-content-layout":"default","ast-site-content-layout":"default","site-content-style":"default","site-sidebar-style":"default","ast-global-header-display":"","ast-banner-title-visibility":"","ast-main-header-display":"","ast-hfb-above-header-display":"","ast-hfb-below-header-display":"","ast-hfb-mobile-header-display":"","site-post-title":"","ast-breadcrumbs-content":"","ast-featured-img":"","footer-sml-layout":"","ast-disable-related-posts":"","theme-transparent-header-meta":"default","adv-header-id-meta":"","stick-header-meta":"","header-above-stick-meta":"","header-main-stick-meta":"","header-below-stick-meta":"","astra-migrate-meta-layouts":"default","ast-page-background-enabled":"default","ast-page-background-meta":{"desktop":{"background-color":"var(--ast-global-color-4)","background-image":"","background-repeat":"repeat","background-position":"center center","background-size":"auto","background-attachment":"scroll","background-type":"","background-media":"","overlay-type":"","overlay-color":"","overlay-opacity":"","overlay-gradient":""},"tablet":{"background-color":"","background-image":"","background-repeat":"repeat","background-position":"center center","background-size":"auto","background-attachment":"scroll","background-type":"","background-media":"","overlay-type":"","overlay-color":"","overlay-opacity":"","overlay-gradient":""},"mobile":{"background-color":"","background-image":"","background-repeat":"repeat","background-position":"center center","background-size":"auto","background-attachment":"scroll","background-type":"","background-media":"","overlay-type":"","overlay-color":"","overlay-opacity":"","overlay-gradient":""}},"ast-content-background-meta":{"desktop":{"background-color":"var(--ast-global-color-5)","background-image":"","background-repeat":"repeat","background-position":"center center","background-size":"auto","background-attachment":"scroll","background-type":"","background-media":"","overlay-type":"","overlay-color":"","overlay-opacity":"","overlay-gradient":""},"tablet":{"background-color":"var(--ast-global-color-5)","background-image":"","background-repeat":"repeat","background-position":"center center","background-size":"auto","background-attachment":"scroll","background-type":"","background-media":"","overlay-type":"","overlay-color":"","overlay-opacity":"","overlay-gradient":""},"mobile":{"background-color":"var(--ast-global-color-5)","background-image":"","background-repeat":"repeat","background-position":"center center","background-size":"auto","background-attachment":"scroll","background-type":"","background-media":"","overlay-type":"","overlay-color":"","overlay-opacity":"","overlay-gradient":""}},"ngg_post_thumbnail":0},"product_brand":[],"product_cat":[18,58],"product_tag":[839,608,840,340,337,338,339],"class_list":{"0":"post-16466","1":"product","2":"type-product","3":"status-publish","4":"has-post-thumbnail","6":"product_cat-accesorios","7":"product_cat-campanas-protectores-vendas","8":"product_tag-ergonomischer-protektor","9":"product_tag-gamaschen","10":"product_tag-hinterer-protektor","11":"product_tag-susanne-nagel","12":"product_tag-zaldi","13":"product_tag-zaldi-deutschland","14":"product_tag-zaldi-online-com","15":"desktop-align-left","16":"tablet-align-left","17":"mobile-align-left","19":"first","20":"instock","21":"taxable","22":"shipping-taxable","23":"purchasable","24":"product-type-variable"},"yoast_head":"<!-- This site is optimized with the Yoast SEO plugin v27.5 - https:\/\/yoast.com\/product\/yoast-seo-wordpress\/ -->\n<title>PROTECTOR EQUESTRO FUSSSCHUTZ FLEECE BOOT HINTEN - Zaldionline.com<\/title>\n<meta name=\"description\" content=\"Preis inkl. MwSt.: 86,67\u20ac\u00a0Komfortabler und warmer Schutz - hinten - des Evolution-Modells im italienischen Design. Ergonomisch f\u00fcr eine perfekte Passform an der unteren Extremit\u00e4t des Pferdes. Das Innere besteht aus synthetischem Lammfell in einer nat\u00fcrlichen Farbe, die maximalen Komfort garantiert. Es polstert Schl\u00e4ge und bewahrt gleichzeitig die Bewegungsfreiheit des Pferdes. Es hat eine halbstarre Au\u00dfenschale aus thermoplastischem Polyurethan, die einen vollst\u00e4ndigen Schutz gegen Reibung und Schl\u00e4ge garantiert und so Sch\u00e4den am Pferd vermeidet. Optimale Atmungsaktivit\u00e4t, dank Maschenl\u00f6cher, die einen gr\u00f6\u00dferen Luftdurchgang erm\u00f6glichen und den Innenraum immer k\u00fchl und trocken halten. Mit doppelt verstellbarem Sicherheitsverschluss durch zwei selbstklebende Klettb\u00e4nder f\u00fcr einen engeren Verschluss und mehr Komfort. Mit Zungen- und Gummiverst\u00e4rkung, die das \u00d6ffnen und Schlie\u00dfen erleichtert. Waschbar bei 30\u00ba C. Halten Sie den Klettverschluss geschlossen und sauber. B\u00fcrsten Sie den Klettverschluss zur Reinigung. An der Luft trocknen lassen. Ungef\u00e4hres Gewicht: 500 g. Im 2er-Pack. Gr\u00f6\u00dfen: Cob, Full Farben: Schwarz, Braun. Erh\u00e4ltlich \u00fcber Zaldionline.com Ref. 2107728\" \/>\n<meta name=\"robots\" content=\"noindex, follow, max-snippet:-1, max-image-preview:large, max-video-preview:-1\" \/>\n<meta property=\"og:locale\" content=\"es_ES\" \/>\n<meta property=\"og:type\" content=\"article\" \/>\n<meta property=\"og:title\" content=\"PROTECTOR EQUESTRO FUSSSCHUTZ FLEECE BOOT HINTEN - Zaldionline.com\" \/>\n<meta property=\"og:description\" content=\"Preis inkl. MwSt.: 86,67\u20ac\u00a0Komfortabler und warmer Schutz - hinten - des Evolution-Modells im italienischen Design. Ergonomisch f\u00fcr eine perfekte Passform an der unteren Extremit\u00e4t des Pferdes. Das Innere besteht aus synthetischem Lammfell in einer nat\u00fcrlichen Farbe, die maximalen Komfort garantiert. Es polstert Schl\u00e4ge und bewahrt gleichzeitig die Bewegungsfreiheit des Pferdes. Es hat eine halbstarre Au\u00dfenschale aus thermoplastischem Polyurethan, die einen vollst\u00e4ndigen Schutz gegen Reibung und Schl\u00e4ge garantiert und so Sch\u00e4den am Pferd vermeidet. Optimale Atmungsaktivit\u00e4t, dank Maschenl\u00f6cher, die einen gr\u00f6\u00dferen Luftdurchgang erm\u00f6glichen und den Innenraum immer k\u00fchl und trocken halten. Mit doppelt verstellbarem Sicherheitsverschluss durch zwei selbstklebende Klettb\u00e4nder f\u00fcr einen engeren Verschluss und mehr Komfort. Mit Zungen- und Gummiverst\u00e4rkung, die das \u00d6ffnen und Schlie\u00dfen erleichtert. Waschbar bei 30\u00ba C. Halten Sie den Klettverschluss geschlossen und sauber. B\u00fcrsten Sie den Klettverschluss zur Reinigung. An der Luft trocknen lassen. Ungef\u00e4hres Gewicht: 500 g. Im 2er-Pack. Gr\u00f6\u00dfen: Cob, Full Farben: Schwarz, Braun. Erh\u00e4ltlich \u00fcber Zaldionline.com Ref. 2107728\" \/>\n<meta property=\"og:url\" content=\"https:\/\/www.zaldionline.com\/es\/producto\/protector-equestro-fussschutz-fleece-boot-hinten\/\" \/>\n<meta property=\"og:site_name\" content=\"Zaldionline.com\" \/>\n<meta property=\"article:modified_time\" content=\"2023-04-22T12:29:35+00:00\" \/>\n<meta property=\"og:image\" content=\"https:\/\/www.zaldionline.com\/es\/wp-content\/uploads\/sites\/2\/2020\/11\/Bild_2020-12-10_163118.png\" \/>\n\t<meta property=\"og:image:width\" content=\"511\" \/>\n\t<meta property=\"og:image:height\" content=\"506\" \/>\n\t<meta property=\"og:image:type\" content=\"image\/png\" \/>\n<meta name=\"twitter:card\" content=\"summary_large_image\" \/>\n<meta name=\"twitter:label1\" content=\"Tiempo de lectura\" \/>\n\t<meta name=\"twitter:data1\" content=\"2 minutos\" \/>\n<script type=\"application\/ld+json\" class=\"yoast-schema-graph\">{\"@context\":\"https:\\\/\\\/schema.org\",\"@graph\":[{\"@type\":\"WebPage\",\"@id\":\"https:\\\/\\\/www.zaldionline.com\\\/es\\\/producto\\\/protector-equestro-fussschutz-fleece-boot-hinten\\\/\",\"url\":\"https:\\\/\\\/www.zaldionline.com\\\/es\\\/producto\\\/protector-equestro-fussschutz-fleece-boot-hinten\\\/\",\"name\":\"PROTECTOR EQUESTRO FUSSSCHUTZ FLEECE BOOT HINTEN - Zaldionline.com\",\"isPartOf\":{\"@id\":\"https:\\\/\\\/www.zaldionline.com\\\/es\\\/#website\"},\"primaryImageOfPage\":{\"@id\":\"https:\\\/\\\/www.zaldionline.com\\\/es\\\/producto\\\/protector-equestro-fussschutz-fleece-boot-hinten\\\/#primaryimage\"},\"image\":{\"@id\":\"https:\\\/\\\/www.zaldionline.com\\\/es\\\/producto\\\/protector-equestro-fussschutz-fleece-boot-hinten\\\/#primaryimage\"},\"thumbnailUrl\":\"https:\\\/\\\/www.zaldionline.com\\\/es\\\/wp-content\\\/uploads\\\/sites\\\/2\\\/2020\\\/11\\\/Bild_2020-12-10_163118.png\",\"datePublished\":\"2020-11-14T10:10:55+00:00\",\"dateModified\":\"2023-04-22T12:29:35+00:00\",\"description\":\"Preis inkl. MwSt.: 86,67\u20ac\u00a0Komfortabler und warmer Schutz - hinten - des Evolution-Modells im italienischen Design. Ergonomisch f\u00fcr eine perfekte Passform an der unteren Extremit\u00e4t des Pferdes. Das Innere besteht aus synthetischem Lammfell in einer nat\u00fcrlichen Farbe, die maximalen Komfort garantiert. Es polstert Schl\u00e4ge und bewahrt gleichzeitig die Bewegungsfreiheit des Pferdes. Es hat eine halbstarre Au\u00dfenschale aus thermoplastischem Polyurethan, die einen vollst\u00e4ndigen Schutz gegen Reibung und Schl\u00e4ge garantiert und so Sch\u00e4den am Pferd vermeidet. Optimale Atmungsaktivit\u00e4t, dank Maschenl\u00f6cher, die einen gr\u00f6\u00dferen Luftdurchgang erm\u00f6glichen und den Innenraum immer k\u00fchl und trocken halten. Mit doppelt verstellbarem Sicherheitsverschluss durch zwei selbstklebende Klettb\u00e4nder f\u00fcr einen engeren Verschluss und mehr Komfort. Mit Zungen- und Gummiverst\u00e4rkung, die das \u00d6ffnen und Schlie\u00dfen erleichtert. Waschbar bei 30\u00ba C. Halten Sie den Klettverschluss geschlossen und sauber. B\u00fcrsten Sie den Klettverschluss zur Reinigung. An der Luft trocknen lassen. Ungef\u00e4hres Gewicht: 500 g. Im 2er-Pack. Gr\u00f6\u00dfen: Cob, Full Farben: Schwarz, Braun. Erh\u00e4ltlich \u00fcber Zaldionline.com Ref. 2107728\",\"breadcrumb\":{\"@id\":\"https:\\\/\\\/www.zaldionline.com\\\/es\\\/producto\\\/protector-equestro-fussschutz-fleece-boot-hinten\\\/#breadcrumb\"},\"inLanguage\":\"es\",\"potentialAction\":[{\"@type\":\"ReadAction\",\"target\":[\"https:\\\/\\\/www.zaldionline.com\\\/es\\\/producto\\\/protector-equestro-fussschutz-fleece-boot-hinten\\\/\"]}]},{\"@type\":\"ImageObject\",\"inLanguage\":\"es\",\"@id\":\"https:\\\/\\\/www.zaldionline.com\\\/es\\\/producto\\\/protector-equestro-fussschutz-fleece-boot-hinten\\\/#primaryimage\",\"url\":\"https:\\\/\\\/www.zaldionline.com\\\/es\\\/wp-content\\\/uploads\\\/sites\\\/2\\\/2020\\\/11\\\/Bild_2020-12-10_163118.png\",\"contentUrl\":\"https:\\\/\\\/www.zaldionline.com\\\/es\\\/wp-content\\\/uploads\\\/sites\\\/2\\\/2020\\\/11\\\/Bild_2020-12-10_163118.png\",\"width\":511,\"height\":506},{\"@type\":\"BreadcrumbList\",\"@id\":\"https:\\\/\\\/www.zaldionline.com\\\/es\\\/producto\\\/protector-equestro-fussschutz-fleece-boot-hinten\\\/#breadcrumb\",\"itemListElement\":[{\"@type\":\"ListItem\",\"position\":1,\"name\":\"Portada\",\"item\":\"https:\\\/\\\/www.zaldionline.com\\\/es\\\/\"},{\"@type\":\"ListItem\",\"position\":2,\"name\":\"Sillas y accesorios\",\"item\":\"https:\\\/\\\/www.zaldionline.com\\\/es\\\/sillas-y-accesorios\\\/\"},{\"@type\":\"ListItem\",\"position\":3,\"name\":\"PROTECTOR EQUESTRO FUSSSCHUTZ FLEECE BOOT HINTEN\"}]},{\"@type\":\"WebSite\",\"@id\":\"https:\\\/\\\/www.zaldionline.com\\\/es\\\/#website\",\"url\":\"https:\\\/\\\/www.zaldionline.com\\\/es\\\/\",\"name\":\"Zaldionline.com\",\"description\":\"Los mejores productos para usted y su caballo\",\"potentialAction\":[{\"@type\":\"SearchAction\",\"target\":{\"@type\":\"EntryPoint\",\"urlTemplate\":\"https:\\\/\\\/www.zaldionline.com\\\/es\\\/?s={search_term_string}\"},\"query-input\":{\"@type\":\"PropertyValueSpecification\",\"valueRequired\":true,\"valueName\":\"search_term_string\"}}],\"inLanguage\":\"es\"}]}<\/script>\n<!-- \/ Yoast SEO plugin. -->","yoast_head_json":{"title":"PROTECTOR EQUESTRO FUSSSCHUTZ FLEECE BOOT HINTEN - Zaldionline.com","description":"Preis inkl. MwSt.: 86,67\u20ac\u00a0Komfortabler und warmer Schutz - hinten - des Evolution-Modells im italienischen Design. Ergonomisch f\u00fcr eine perfekte Passform an der unteren Extremit\u00e4t des Pferdes. Das Innere besteht aus synthetischem Lammfell in einer nat\u00fcrlichen Farbe, die maximalen Komfort garantiert. Es polstert Schl\u00e4ge und bewahrt gleichzeitig die Bewegungsfreiheit des Pferdes. Es hat eine halbstarre Au\u00dfenschale aus thermoplastischem Polyurethan, die einen vollst\u00e4ndigen Schutz gegen Reibung und Schl\u00e4ge garantiert und so Sch\u00e4den am Pferd vermeidet. Optimale Atmungsaktivit\u00e4t, dank Maschenl\u00f6cher, die einen gr\u00f6\u00dferen Luftdurchgang erm\u00f6glichen und den Innenraum immer k\u00fchl und trocken halten. Mit doppelt verstellbarem Sicherheitsverschluss durch zwei selbstklebende Klettb\u00e4nder f\u00fcr einen engeren Verschluss und mehr Komfort. Mit Zungen- und Gummiverst\u00e4rkung, die das \u00d6ffnen und Schlie\u00dfen erleichtert. Waschbar bei 30\u00ba C. Halten Sie den Klettverschluss geschlossen und sauber. B\u00fcrsten Sie den Klettverschluss zur Reinigung. An der Luft trocknen lassen. Ungef\u00e4hres Gewicht: 500 g. Im 2er-Pack. Gr\u00f6\u00dfen: Cob, Full Farben: Schwarz, Braun. Erh\u00e4ltlich \u00fcber Zaldionline.com Ref. 2107728","robots":{"index":"noindex","follow":"follow","max-snippet":"max-snippet:-1","max-image-preview":"max-image-preview:large","max-video-preview":"max-video-preview:-1"},"og_locale":"es_ES","og_type":"article","og_title":"PROTECTOR EQUESTRO FUSSSCHUTZ FLEECE BOOT HINTEN - Zaldionline.com","og_description":"Preis inkl. MwSt.: 86,67\u20ac\u00a0Komfortabler und warmer Schutz - hinten - des Evolution-Modells im italienischen Design. Ergonomisch f\u00fcr eine perfekte Passform an der unteren Extremit\u00e4t des Pferdes. Das Innere besteht aus synthetischem Lammfell in einer nat\u00fcrlichen Farbe, die maximalen Komfort garantiert. Es polstert Schl\u00e4ge und bewahrt gleichzeitig die Bewegungsfreiheit des Pferdes. Es hat eine halbstarre Au\u00dfenschale aus thermoplastischem Polyurethan, die einen vollst\u00e4ndigen Schutz gegen Reibung und Schl\u00e4ge garantiert und so Sch\u00e4den am Pferd vermeidet. Optimale Atmungsaktivit\u00e4t, dank Maschenl\u00f6cher, die einen gr\u00f6\u00dferen Luftdurchgang erm\u00f6glichen und den Innenraum immer k\u00fchl und trocken halten. Mit doppelt verstellbarem Sicherheitsverschluss durch zwei selbstklebende Klettb\u00e4nder f\u00fcr einen engeren Verschluss und mehr Komfort. Mit Zungen- und Gummiverst\u00e4rkung, die das \u00d6ffnen und Schlie\u00dfen erleichtert. Waschbar bei 30\u00ba C. Halten Sie den Klettverschluss geschlossen und sauber. B\u00fcrsten Sie den Klettverschluss zur Reinigung. An der Luft trocknen lassen. Ungef\u00e4hres Gewicht: 500 g. Im 2er-Pack. Gr\u00f6\u00dfen: Cob, Full Farben: Schwarz, Braun. Erh\u00e4ltlich \u00fcber Zaldionline.com Ref. 2107728","og_url":"https:\/\/www.zaldionline.com\/es\/producto\/protector-equestro-fussschutz-fleece-boot-hinten\/","og_site_name":"Zaldionline.com","article_modified_time":"2023-04-22T12:29:35+00:00","og_image":[{"width":511,"height":506,"url":"https:\/\/www.zaldionline.com\/es\/wp-content\/uploads\/sites\/2\/2020\/11\/Bild_2020-12-10_163118.png","type":"image\/png"}],"twitter_card":"summary_large_image","twitter_misc":{"Tiempo de lectura":"2 minutos"},"schema":{"@context":"https:\/\/schema.org","@graph":[{"@type":"WebPage","@id":"https:\/\/www.zaldionline.com\/es\/producto\/protector-equestro-fussschutz-fleece-boot-hinten\/","url":"https:\/\/www.zaldionline.com\/es\/producto\/protector-equestro-fussschutz-fleece-boot-hinten\/","name":"PROTECTOR EQUESTRO FUSSSCHUTZ FLEECE BOOT HINTEN - Zaldionline.com","isPartOf":{"@id":"https:\/\/www.zaldionline.com\/es\/#website"},"primaryImageOfPage":{"@id":"https:\/\/www.zaldionline.com\/es\/producto\/protector-equestro-fussschutz-fleece-boot-hinten\/#primaryimage"},"image":{"@id":"https:\/\/www.zaldionline.com\/es\/producto\/protector-equestro-fussschutz-fleece-boot-hinten\/#primaryimage"},"thumbnailUrl":"https:\/\/www.zaldionline.com\/es\/wp-content\/uploads\/sites\/2\/2020\/11\/Bild_2020-12-10_163118.png","datePublished":"2020-11-14T10:10:55+00:00","dateModified":"2023-04-22T12:29:35+00:00","description":"Preis inkl. MwSt.: 86,67\u20ac\u00a0Komfortabler und warmer Schutz - hinten - des Evolution-Modells im italienischen Design. Ergonomisch f\u00fcr eine perfekte Passform an der unteren Extremit\u00e4t des Pferdes. Das Innere besteht aus synthetischem Lammfell in einer nat\u00fcrlichen Farbe, die maximalen Komfort garantiert. Es polstert Schl\u00e4ge und bewahrt gleichzeitig die Bewegungsfreiheit des Pferdes. Es hat eine halbstarre Au\u00dfenschale aus thermoplastischem Polyurethan, die einen vollst\u00e4ndigen Schutz gegen Reibung und Schl\u00e4ge garantiert und so Sch\u00e4den am Pferd vermeidet. Optimale Atmungsaktivit\u00e4t, dank Maschenl\u00f6cher, die einen gr\u00f6\u00dferen Luftdurchgang erm\u00f6glichen und den Innenraum immer k\u00fchl und trocken halten. Mit doppelt verstellbarem Sicherheitsverschluss durch zwei selbstklebende Klettb\u00e4nder f\u00fcr einen engeren Verschluss und mehr Komfort. Mit Zungen- und Gummiverst\u00e4rkung, die das \u00d6ffnen und Schlie\u00dfen erleichtert. Waschbar bei 30\u00ba C. Halten Sie den Klettverschluss geschlossen und sauber. B\u00fcrsten Sie den Klettverschluss zur Reinigung. An der Luft trocknen lassen. Ungef\u00e4hres Gewicht: 500 g. Im 2er-Pack. Gr\u00f6\u00dfen: Cob, Full Farben: Schwarz, Braun. Erh\u00e4ltlich \u00fcber Zaldionline.com Ref. 2107728","breadcrumb":{"@id":"https:\/\/www.zaldionline.com\/es\/producto\/protector-equestro-fussschutz-fleece-boot-hinten\/#breadcrumb"},"inLanguage":"es","potentialAction":[{"@type":"ReadAction","target":["https:\/\/www.zaldionline.com\/es\/producto\/protector-equestro-fussschutz-fleece-boot-hinten\/"]}]},{"@type":"ImageObject","inLanguage":"es","@id":"https:\/\/www.zaldionline.com\/es\/producto\/protector-equestro-fussschutz-fleece-boot-hinten\/#primaryimage","url":"https:\/\/www.zaldionline.com\/es\/wp-content\/uploads\/sites\/2\/2020\/11\/Bild_2020-12-10_163118.png","contentUrl":"https:\/\/www.zaldionline.com\/es\/wp-content\/uploads\/sites\/2\/2020\/11\/Bild_2020-12-10_163118.png","width":511,"height":506},{"@type":"BreadcrumbList","@id":"https:\/\/www.zaldionline.com\/es\/producto\/protector-equestro-fussschutz-fleece-boot-hinten\/#breadcrumb","itemListElement":[{"@type":"ListItem","position":1,"name":"Portada","item":"https:\/\/www.zaldionline.com\/es\/"},{"@type":"ListItem","position":2,"name":"Sillas y accesorios","item":"https:\/\/www.zaldionline.com\/es\/sillas-y-accesorios\/"},{"@type":"ListItem","position":3,"name":"PROTECTOR EQUESTRO FUSSSCHUTZ FLEECE BOOT HINTEN"}]},{"@type":"WebSite","@id":"https:\/\/www.zaldionline.com\/es\/#website","url":"https:\/\/www.zaldionline.com\/es\/","name":"Zaldionline.com","description":"Los mejores productos para usted y su caballo","potentialAction":[{"@type":"SearchAction","target":{"@type":"EntryPoint","urlTemplate":"https:\/\/www.zaldionline.com\/es\/?s={search_term_string}"},"query-input":{"@type":"PropertyValueSpecification","valueRequired":true,"valueName":"search_term_string"}}],"inLanguage":"es"}]}},"_links":{"self":[{"href":"https:\/\/www.zaldionline.com\/es\/wp-json\/wp\/v2\/product\/16466","targetHints":{"allow":["GET"]}}],"collection":[{"href":"https:\/\/www.zaldionline.com\/es\/wp-json\/wp\/v2\/product"}],"about":[{"href":"https:\/\/www.zaldionline.com\/es\/wp-json\/wp\/v2\/types\/product"}],"replies":[{"embeddable":true,"href":"https:\/\/www.zaldionline.com\/es\/wp-json\/wp\/v2\/comments?post=16466"}],"version-history":[{"count":2,"href":"https:\/\/www.zaldionline.com\/es\/wp-json\/wp\/v2\/product\/16466\/revisions"}],"predecessor-version":[{"id":23461,"href":"https:\/\/www.zaldionline.com\/es\/wp-json\/wp\/v2\/product\/16466\/revisions\/23461"}],"wp:featuredmedia":[{"embeddable":true,"href":"https:\/\/www.zaldionline.com\/es\/wp-json\/wp\/v2\/media\/17460"}],"wp:attachment":[{"href":"https:\/\/www.zaldionline.com\/es\/wp-json\/wp\/v2\/media?parent=16466"}],"wp:term":[{"taxonomy":"product_brand","embeddable":true,"href":"https:\/\/www.zaldionline.com\/es\/wp-json\/wp\/v2\/product_brand?post=16466"},{"taxonomy":"product_cat","embeddable":true,"href":"https:\/\/www.zaldionline.com\/es\/wp-json\/wp\/v2\/product_cat?post=16466"},{"taxonomy":"product_tag","embeddable":true,"href":"https:\/\/www.zaldionline.com\/es\/wp-json\/wp\/v2\/product_tag?post=16466"}],"curies":[{"name":"wp","href":"https:\/\/api.w.org\/{rel}","templated":true}]}}