{"id":16584,"date":"2020-11-14T12:44:50","date_gmt":"2020-11-14T12:44:50","guid":{"rendered":"https:\/\/zaldionline.com\/?post_type=product&#038;p=16584"},"modified":"2023-04-22T11:43:01","modified_gmt":"2023-04-22T11:43:01","slug":"therapeutisches-gel-pad-lammfell","status":"publish","type":"product","link":"https:\/\/www.zaldionline.com\/es\/producto\/therapeutisches-gel-pad-lammfell\/","title":{"rendered":"THERAPEUTISCHES GEL PAD LAMMFELL SALVACRUSES AC 156"},"content":{"rendered":"<p>Preis inkl. MwSt.: 226,52\u20ac<\/p>\n<p>Salvacruses von CAVALLO entworfen<\/p>\n<p>Es ist flach und bietet eine hervorragende Sto\u00dfd\u00e4mpfung<\/p>\n<p>Rutschfeste Oberfl\u00e4che auf beiden Seiten, sowohl am Widerrist des Pferdes als auch am Sattel.<\/p>\n<p>Es kann direkt auf dem Pferd oder mit einem Hoodie oder einer Mantilla verwendet werden.<\/p>\n<p>Es hat nat\u00fcrliche Lammfell am ganzen Boden.<\/p>\n<p>Farben: Natur, Schwarz<\/p>\n<p>Ref. 2101121<\/p>\n","protected":false},"excerpt":{"rendered":"<p>Preis inkl. MwSt.: 226,52\u20ac Salvacruses von CAVALLO entworfen Es ist flach und bietet eine hervorragende Sto\u00dfd\u00e4mpfung Rutschfeste Oberfl\u00e4che auf beiden Seiten, sowohl am Widerrist des Pferdes als auch am Sattel. Es kann direkt auf dem Pferd oder mit einem Hoodie oder einer Mantilla verwendet werden. Es hat nat\u00fcrliche Lammfell am ganzen Boden. Farben: Natur, Schwarz [&hellip;]<\/p>\n","protected":false},"featured_media":17450,"comment_status":"open","ping_status":"closed","template":"","meta":{"site-sidebar-layout":"default","site-content-layout":"default","ast-site-content-layout":"default","site-content-style":"default","site-sidebar-style":"default","ast-global-header-display":"","ast-banner-title-visibility":"","ast-main-header-display":"","ast-hfb-above-header-display":"","ast-hfb-below-header-display":"","ast-hfb-mobile-header-display":"","site-post-title":"","ast-breadcrumbs-content":"","ast-featured-img":"","footer-sml-layout":"","ast-disable-related-posts":"","theme-transparent-header-meta":"default","adv-header-id-meta":"","stick-header-meta":"","header-above-stick-meta":"","header-main-stick-meta":"","header-below-stick-meta":"","astra-migrate-meta-layouts":"default","ast-page-background-enabled":"default","ast-page-background-meta":{"desktop":{"background-color":"var(--ast-global-color-4)","background-image":"","background-repeat":"repeat","background-position":"center center","background-size":"auto","background-attachment":"scroll","background-type":"","background-media":"","overlay-type":"","overlay-color":"","overlay-opacity":"","overlay-gradient":""},"tablet":{"background-color":"","background-image":"","background-repeat":"repeat","background-position":"center center","background-size":"auto","background-attachment":"scroll","background-type":"","background-media":"","overlay-type":"","overlay-color":"","overlay-opacity":"","overlay-gradient":""},"mobile":{"background-color":"","background-image":"","background-repeat":"repeat","background-position":"center center","background-size":"auto","background-attachment":"scroll","background-type":"","background-media":"","overlay-type":"","overlay-color":"","overlay-opacity":"","overlay-gradient":""}},"ast-content-background-meta":{"desktop":{"background-color":"var(--ast-global-color-5)","background-image":"","background-repeat":"repeat","background-position":"center center","background-size":"auto","background-attachment":"scroll","background-type":"","background-media":"","overlay-type":"","overlay-color":"","overlay-opacity":"","overlay-gradient":""},"tablet":{"background-color":"var(--ast-global-color-5)","background-image":"","background-repeat":"repeat","background-position":"center center","background-size":"auto","background-attachment":"scroll","background-type":"","background-media":"","overlay-type":"","overlay-color":"","overlay-opacity":"","overlay-gradient":""},"mobile":{"background-color":"var(--ast-global-color-5)","background-image":"","background-repeat":"repeat","background-position":"center center","background-size":"auto","background-attachment":"scroll","background-type":"","background-media":"","overlay-type":"","overlay-color":"","overlay-opacity":"","overlay-gradient":""}},"ngg_post_thumbnail":0},"product_brand":[],"product_cat":[18,60],"product_tag":[776,816,418,724,725,340,817,818,337,338,339],"class_list":{"0":"post-16584","1":"product","2":"type-product","3":"status-publish","4":"has-post-thumbnail","6":"product_cat-accesorios","7":"product_cat-salvacruces","8":"product_tag-gelpad","9":"product_tag-salvacruses","10":"product_tag-sattel","11":"product_tag-sattelpad","12":"product_tag-sattelunterlage","13":"product_tag-susanne-nagel","14":"product_tag-therapeutische-sattelunterlage","15":"product_tag-therapeutisches-gelpad","16":"product_tag-zaldi","17":"product_tag-zaldi-deutschland","18":"product_tag-zaldi-online-com","19":"desktop-align-left","20":"tablet-align-left","21":"mobile-align-left","23":"first","24":"instock","25":"taxable","26":"shipping-taxable","27":"purchasable","28":"product-type-variable"},"yoast_head":"<!-- This site is optimized with the Yoast SEO plugin v27.4 - https:\/\/yoast.com\/product\/yoast-seo-wordpress\/ -->\n<title>THERAPEUTISCHES GEL PAD LAMMFELL SALVACRUSES AC 156 - Zaldionline.com<\/title>\n<meta name=\"description\" content=\"Preis inkl. MwSt.: 226,52\u20ac Salvacruces von CAVALLO entworfen. Es ist flach und bietet eine hervorragende Sto\u00dfd\u00e4mpfung. Rutschfeste Oberfl\u00e4che auf beiden Seiten, sowohl am Widerrist des Pferdes als auch am Sattel. Es kann direkt auf dem Pferd oder mit einem Hoodie oder einer Mantilla verwendet werden. Es hat nat\u00fcrliche Lammfell am ganzen Boden. Farben: Natur, Schwarz. Erh\u00e4ltlich \u00fcber Zaldionline.com Ref. 2101121\" \/>\n<meta name=\"robots\" content=\"noindex, follow, max-snippet:-1, max-image-preview:large, max-video-preview:-1\" \/>\n<meta property=\"og:locale\" content=\"es_ES\" \/>\n<meta property=\"og:type\" content=\"article\" \/>\n<meta property=\"og:title\" content=\"THERAPEUTISCHES GEL PAD LAMMFELL SALVACRUSES AC 156 - Zaldionline.com\" \/>\n<meta property=\"og:description\" content=\"Preis inkl. MwSt.: 226,52\u20ac Salvacruces von CAVALLO entworfen. Es ist flach und bietet eine hervorragende Sto\u00dfd\u00e4mpfung. Rutschfeste Oberfl\u00e4che auf beiden Seiten, sowohl am Widerrist des Pferdes als auch am Sattel. Es kann direkt auf dem Pferd oder mit einem Hoodie oder einer Mantilla verwendet werden. Es hat nat\u00fcrliche Lammfell am ganzen Boden. Farben: Natur, Schwarz. Erh\u00e4ltlich \u00fcber Zaldionline.com Ref. 2101121\" \/>\n<meta property=\"og:url\" content=\"https:\/\/www.zaldionline.com\/es\/producto\/therapeutisches-gel-pad-lammfell\/\" \/>\n<meta property=\"og:site_name\" content=\"Zaldionline.com\" \/>\n<meta property=\"article:modified_time\" content=\"2023-04-22T11:43:01+00:00\" \/>\n<meta property=\"og:image\" content=\"https:\/\/www.zaldionline.com\/es\/wp-content\/uploads\/sites\/2\/2020\/11\/Bild_2020-12-10_161943.png\" \/>\n\t<meta property=\"og:image:width\" content=\"523\" \/>\n\t<meta property=\"og:image:height\" content=\"494\" \/>\n\t<meta property=\"og:image:type\" content=\"image\/png\" \/>\n<meta name=\"twitter:card\" content=\"summary_large_image\" \/>\n<meta name=\"twitter:label1\" content=\"Tiempo de lectura\" \/>\n\t<meta name=\"twitter:data1\" content=\"1 minuto\" \/>\n<script type=\"application\/ld+json\" class=\"yoast-schema-graph\">{\"@context\":\"https:\\\/\\\/schema.org\",\"@graph\":[{\"@type\":\"WebPage\",\"@id\":\"https:\\\/\\\/www.zaldionline.com\\\/es\\\/producto\\\/therapeutisches-gel-pad-lammfell\\\/\",\"url\":\"https:\\\/\\\/www.zaldionline.com\\\/es\\\/producto\\\/therapeutisches-gel-pad-lammfell\\\/\",\"name\":\"THERAPEUTISCHES GEL PAD LAMMFELL SALVACRUSES AC 156 - Zaldionline.com\",\"isPartOf\":{\"@id\":\"https:\\\/\\\/www.zaldionline.com\\\/es\\\/#website\"},\"primaryImageOfPage\":{\"@id\":\"https:\\\/\\\/www.zaldionline.com\\\/es\\\/producto\\\/therapeutisches-gel-pad-lammfell\\\/#primaryimage\"},\"image\":{\"@id\":\"https:\\\/\\\/www.zaldionline.com\\\/es\\\/producto\\\/therapeutisches-gel-pad-lammfell\\\/#primaryimage\"},\"thumbnailUrl\":\"https:\\\/\\\/www.zaldionline.com\\\/es\\\/wp-content\\\/uploads\\\/sites\\\/2\\\/2020\\\/11\\\/Bild_2020-12-10_161943.png\",\"datePublished\":\"2020-11-14T12:44:50+00:00\",\"dateModified\":\"2023-04-22T11:43:01+00:00\",\"description\":\"Preis inkl. MwSt.: 226,52\u20ac Salvacruces von CAVALLO entworfen. Es ist flach und bietet eine hervorragende Sto\u00dfd\u00e4mpfung. Rutschfeste Oberfl\u00e4che auf beiden Seiten, sowohl am Widerrist des Pferdes als auch am Sattel. Es kann direkt auf dem Pferd oder mit einem Hoodie oder einer Mantilla verwendet werden. Es hat nat\u00fcrliche Lammfell am ganzen Boden. Farben: Natur, Schwarz. Erh\u00e4ltlich \u00fcber Zaldionline.com Ref. 2101121\",\"breadcrumb\":{\"@id\":\"https:\\\/\\\/www.zaldionline.com\\\/es\\\/producto\\\/therapeutisches-gel-pad-lammfell\\\/#breadcrumb\"},\"inLanguage\":\"es\",\"potentialAction\":[{\"@type\":\"ReadAction\",\"target\":[\"https:\\\/\\\/www.zaldionline.com\\\/es\\\/producto\\\/therapeutisches-gel-pad-lammfell\\\/\"]}]},{\"@type\":\"ImageObject\",\"inLanguage\":\"es\",\"@id\":\"https:\\\/\\\/www.zaldionline.com\\\/es\\\/producto\\\/therapeutisches-gel-pad-lammfell\\\/#primaryimage\",\"url\":\"https:\\\/\\\/www.zaldionline.com\\\/es\\\/wp-content\\\/uploads\\\/sites\\\/2\\\/2020\\\/11\\\/Bild_2020-12-10_161943.png\",\"contentUrl\":\"https:\\\/\\\/www.zaldionline.com\\\/es\\\/wp-content\\\/uploads\\\/sites\\\/2\\\/2020\\\/11\\\/Bild_2020-12-10_161943.png\",\"width\":523,\"height\":494},{\"@type\":\"BreadcrumbList\",\"@id\":\"https:\\\/\\\/www.zaldionline.com\\\/es\\\/producto\\\/therapeutisches-gel-pad-lammfell\\\/#breadcrumb\",\"itemListElement\":[{\"@type\":\"ListItem\",\"position\":1,\"name\":\"Portada\",\"item\":\"https:\\\/\\\/www.zaldionline.com\\\/es\\\/\"},{\"@type\":\"ListItem\",\"position\":2,\"name\":\"Sillas y accesorios\",\"item\":\"https:\\\/\\\/www.zaldionline.com\\\/es\\\/sillas-y-accesorios\\\/\"},{\"@type\":\"ListItem\",\"position\":3,\"name\":\"THERAPEUTISCHES GEL PAD LAMMFELL SALVACRUSES AC 156\"}]},{\"@type\":\"WebSite\",\"@id\":\"https:\\\/\\\/www.zaldionline.com\\\/es\\\/#website\",\"url\":\"https:\\\/\\\/www.zaldionline.com\\\/es\\\/\",\"name\":\"Zaldionline.com\",\"description\":\"Los mejores productos para usted y su caballo\",\"potentialAction\":[{\"@type\":\"SearchAction\",\"target\":{\"@type\":\"EntryPoint\",\"urlTemplate\":\"https:\\\/\\\/www.zaldionline.com\\\/es\\\/?s={search_term_string}\"},\"query-input\":{\"@type\":\"PropertyValueSpecification\",\"valueRequired\":true,\"valueName\":\"search_term_string\"}}],\"inLanguage\":\"es\"}]}<\/script>\n<!-- \/ Yoast SEO plugin. -->","yoast_head_json":{"title":"THERAPEUTISCHES GEL PAD LAMMFELL SALVACRUSES AC 156 - Zaldionline.com","description":"Preis inkl. MwSt.: 226,52\u20ac Salvacruces von CAVALLO entworfen. Es ist flach und bietet eine hervorragende Sto\u00dfd\u00e4mpfung. Rutschfeste Oberfl\u00e4che auf beiden Seiten, sowohl am Widerrist des Pferdes als auch am Sattel. Es kann direkt auf dem Pferd oder mit einem Hoodie oder einer Mantilla verwendet werden. Es hat nat\u00fcrliche Lammfell am ganzen Boden. Farben: Natur, Schwarz. Erh\u00e4ltlich \u00fcber Zaldionline.com Ref. 2101121","robots":{"index":"noindex","follow":"follow","max-snippet":"max-snippet:-1","max-image-preview":"max-image-preview:large","max-video-preview":"max-video-preview:-1"},"og_locale":"es_ES","og_type":"article","og_title":"THERAPEUTISCHES GEL PAD LAMMFELL SALVACRUSES AC 156 - Zaldionline.com","og_description":"Preis inkl. MwSt.: 226,52\u20ac Salvacruces von CAVALLO entworfen. Es ist flach und bietet eine hervorragende Sto\u00dfd\u00e4mpfung. Rutschfeste Oberfl\u00e4che auf beiden Seiten, sowohl am Widerrist des Pferdes als auch am Sattel. Es kann direkt auf dem Pferd oder mit einem Hoodie oder einer Mantilla verwendet werden. Es hat nat\u00fcrliche Lammfell am ganzen Boden. Farben: Natur, Schwarz. Erh\u00e4ltlich \u00fcber Zaldionline.com Ref. 2101121","og_url":"https:\/\/www.zaldionline.com\/es\/producto\/therapeutisches-gel-pad-lammfell\/","og_site_name":"Zaldionline.com","article_modified_time":"2023-04-22T11:43:01+00:00","og_image":[{"width":523,"height":494,"url":"https:\/\/www.zaldionline.com\/es\/wp-content\/uploads\/sites\/2\/2020\/11\/Bild_2020-12-10_161943.png","type":"image\/png"}],"twitter_card":"summary_large_image","twitter_misc":{"Tiempo de lectura":"1 minuto"},"schema":{"@context":"https:\/\/schema.org","@graph":[{"@type":"WebPage","@id":"https:\/\/www.zaldionline.com\/es\/producto\/therapeutisches-gel-pad-lammfell\/","url":"https:\/\/www.zaldionline.com\/es\/producto\/therapeutisches-gel-pad-lammfell\/","name":"THERAPEUTISCHES GEL PAD LAMMFELL SALVACRUSES AC 156 - Zaldionline.com","isPartOf":{"@id":"https:\/\/www.zaldionline.com\/es\/#website"},"primaryImageOfPage":{"@id":"https:\/\/www.zaldionline.com\/es\/producto\/therapeutisches-gel-pad-lammfell\/#primaryimage"},"image":{"@id":"https:\/\/www.zaldionline.com\/es\/producto\/therapeutisches-gel-pad-lammfell\/#primaryimage"},"thumbnailUrl":"https:\/\/www.zaldionline.com\/es\/wp-content\/uploads\/sites\/2\/2020\/11\/Bild_2020-12-10_161943.png","datePublished":"2020-11-14T12:44:50+00:00","dateModified":"2023-04-22T11:43:01+00:00","description":"Preis inkl. MwSt.: 226,52\u20ac Salvacruces von CAVALLO entworfen. Es ist flach und bietet eine hervorragende Sto\u00dfd\u00e4mpfung. Rutschfeste Oberfl\u00e4che auf beiden Seiten, sowohl am Widerrist des Pferdes als auch am Sattel. Es kann direkt auf dem Pferd oder mit einem Hoodie oder einer Mantilla verwendet werden. Es hat nat\u00fcrliche Lammfell am ganzen Boden. Farben: Natur, Schwarz. Erh\u00e4ltlich \u00fcber Zaldionline.com Ref. 2101121","breadcrumb":{"@id":"https:\/\/www.zaldionline.com\/es\/producto\/therapeutisches-gel-pad-lammfell\/#breadcrumb"},"inLanguage":"es","potentialAction":[{"@type":"ReadAction","target":["https:\/\/www.zaldionline.com\/es\/producto\/therapeutisches-gel-pad-lammfell\/"]}]},{"@type":"ImageObject","inLanguage":"es","@id":"https:\/\/www.zaldionline.com\/es\/producto\/therapeutisches-gel-pad-lammfell\/#primaryimage","url":"https:\/\/www.zaldionline.com\/es\/wp-content\/uploads\/sites\/2\/2020\/11\/Bild_2020-12-10_161943.png","contentUrl":"https:\/\/www.zaldionline.com\/es\/wp-content\/uploads\/sites\/2\/2020\/11\/Bild_2020-12-10_161943.png","width":523,"height":494},{"@type":"BreadcrumbList","@id":"https:\/\/www.zaldionline.com\/es\/producto\/therapeutisches-gel-pad-lammfell\/#breadcrumb","itemListElement":[{"@type":"ListItem","position":1,"name":"Portada","item":"https:\/\/www.zaldionline.com\/es\/"},{"@type":"ListItem","position":2,"name":"Sillas y accesorios","item":"https:\/\/www.zaldionline.com\/es\/sillas-y-accesorios\/"},{"@type":"ListItem","position":3,"name":"THERAPEUTISCHES GEL PAD LAMMFELL SALVACRUSES AC 156"}]},{"@type":"WebSite","@id":"https:\/\/www.zaldionline.com\/es\/#website","url":"https:\/\/www.zaldionline.com\/es\/","name":"Zaldionline.com","description":"Los mejores productos para usted y su caballo","potentialAction":[{"@type":"SearchAction","target":{"@type":"EntryPoint","urlTemplate":"https:\/\/www.zaldionline.com\/es\/?s={search_term_string}"},"query-input":{"@type":"PropertyValueSpecification","valueRequired":true,"valueName":"search_term_string"}}],"inLanguage":"es"}]}},"_links":{"self":[{"href":"https:\/\/www.zaldionline.com\/es\/wp-json\/wp\/v2\/product\/16584","targetHints":{"allow":["GET"]}}],"collection":[{"href":"https:\/\/www.zaldionline.com\/es\/wp-json\/wp\/v2\/product"}],"about":[{"href":"https:\/\/www.zaldionline.com\/es\/wp-json\/wp\/v2\/types\/product"}],"replies":[{"embeddable":true,"href":"https:\/\/www.zaldionline.com\/es\/wp-json\/wp\/v2\/comments?post=16584"}],"version-history":[{"count":2,"href":"https:\/\/www.zaldionline.com\/es\/wp-json\/wp\/v2\/product\/16584\/revisions"}],"predecessor-version":[{"id":23445,"href":"https:\/\/www.zaldionline.com\/es\/wp-json\/wp\/v2\/product\/16584\/revisions\/23445"}],"wp:featuredmedia":[{"embeddable":true,"href":"https:\/\/www.zaldionline.com\/es\/wp-json\/wp\/v2\/media\/17450"}],"wp:attachment":[{"href":"https:\/\/www.zaldionline.com\/es\/wp-json\/wp\/v2\/media?parent=16584"}],"wp:term":[{"taxonomy":"product_brand","embeddable":true,"href":"https:\/\/www.zaldionline.com\/es\/wp-json\/wp\/v2\/product_brand?post=16584"},{"taxonomy":"product_cat","embeddable":true,"href":"https:\/\/www.zaldionline.com\/es\/wp-json\/wp\/v2\/product_cat?post=16584"},{"taxonomy":"product_tag","embeddable":true,"href":"https:\/\/www.zaldionline.com\/es\/wp-json\/wp\/v2\/product_tag?post=16584"}],"curies":[{"name":"wp","href":"https:\/\/api.w.org\/{rel}","templated":true}]}}