{"id":16592,"date":"2020-11-14T12:54:34","date_gmt":"2020-11-14T12:54:34","guid":{"rendered":"https:\/\/zaldionline.com\/?post_type=product&#038;p=16592"},"modified":"2023-04-22T11:38:06","modified_gmt":"2023-04-22T11:38:06","slug":"salvacruces-air-release-gel-pad","status":"publish","type":"product","link":"https:\/\/www.zaldionline.com\/es\/producto\/salvacruces-air-release-gel-pad\/","title":{"rendered":"SALVACRUCES AIR RELEASE GEL PAD AC-102"},"content":{"rendered":"<p>Preis inkl. MwSt.: 84,45\u20ac<\/p>\n<p>Aus Gel<\/p>\n<p>Wabensystem im oberen Teil, um eine bessere Passform zu erzielen und die Sto\u00dfd\u00e4mpfung zu erleichtern.<\/p>\n<p>Individuelles Bel\u00fcftungssystem in jeder Zelle der Wabe.<\/p>\n<p>Ma\u00dfe: 57 cm <span data-language-for-alternatives=\"de\" data-language-to-translate-into=\"es\" data-phrase-index=\"7\">lang x 43 cm.<\/span> <span data-language-for-alternatives=\"de\" data-language-to-translate-into=\"es\" data-phrase-index=\"8\">Breit<\/span><\/p>\n<p>Farben: Natur, Schwarz<\/p>\n<p>Ref. 2101145<\/p>\n","protected":false},"excerpt":{"rendered":"<p>Preis inkl. MwSt.: 84,45\u20ac Aus Gel Wabensystem im oberen Teil, um eine bessere Passform zu erzielen und die Sto\u00dfd\u00e4mpfung zu erleichtern. Individuelles Bel\u00fcftungssystem in jeder Zelle der Wabe. Ma\u00dfe: 57 cm lang x 43 cm. Breit Farben: Natur, Schwarz Ref. 2101145<\/p>\n","protected":false},"featured_media":17484,"comment_status":"open","ping_status":"closed","template":"","meta":{"site-sidebar-layout":"default","site-content-layout":"default","ast-site-content-layout":"default","site-content-style":"default","site-sidebar-style":"default","ast-global-header-display":"","ast-banner-title-visibility":"","ast-main-header-display":"","ast-hfb-above-header-display":"","ast-hfb-below-header-display":"","ast-hfb-mobile-header-display":"","site-post-title":"","ast-breadcrumbs-content":"","ast-featured-img":"","footer-sml-layout":"","ast-disable-related-posts":"","theme-transparent-header-meta":"default","adv-header-id-meta":"","stick-header-meta":"","header-above-stick-meta":"","header-main-stick-meta":"","header-below-stick-meta":"","astra-migrate-meta-layouts":"default","ast-page-background-enabled":"default","ast-page-background-meta":{"desktop":{"background-color":"var(--ast-global-color-4)","background-image":"","background-repeat":"repeat","background-position":"center center","background-size":"auto","background-attachment":"scroll","background-type":"","background-media":"","overlay-type":"","overlay-color":"","overlay-opacity":"","overlay-gradient":""},"tablet":{"background-color":"","background-image":"","background-repeat":"repeat","background-position":"center center","background-size":"auto","background-attachment":"scroll","background-type":"","background-media":"","overlay-type":"","overlay-color":"","overlay-opacity":"","overlay-gradient":""},"mobile":{"background-color":"","background-image":"","background-repeat":"repeat","background-position":"center center","background-size":"auto","background-attachment":"scroll","background-type":"","background-media":"","overlay-type":"","overlay-color":"","overlay-opacity":"","overlay-gradient":""}},"ast-content-background-meta":{"desktop":{"background-color":"var(--ast-global-color-5)","background-image":"","background-repeat":"repeat","background-position":"center center","background-size":"auto","background-attachment":"scroll","background-type":"","background-media":"","overlay-type":"","overlay-color":"","overlay-opacity":"","overlay-gradient":""},"tablet":{"background-color":"var(--ast-global-color-5)","background-image":"","background-repeat":"repeat","background-position":"center center","background-size":"auto","background-attachment":"scroll","background-type":"","background-media":"","overlay-type":"","overlay-color":"","overlay-opacity":"","overlay-gradient":""},"mobile":{"background-color":"var(--ast-global-color-5)","background-image":"","background-repeat":"repeat","background-position":"center center","background-size":"auto","background-attachment":"scroll","background-type":"","background-media":"","overlay-type":"","overlay-color":"","overlay-opacity":"","overlay-gradient":""}},"ngg_post_thumbnail":0},"product_brand":[],"product_cat":[18,60],"product_tag":[776,816,418,724,725,340,337,338,339],"class_list":{"0":"post-16592","1":"product","2":"type-product","3":"status-publish","4":"has-post-thumbnail","6":"product_cat-accesorios","7":"product_cat-salvacruces","8":"product_tag-gelpad","9":"product_tag-salvacruses","10":"product_tag-sattel","11":"product_tag-sattelpad","12":"product_tag-sattelunterlage","13":"product_tag-susanne-nagel","14":"product_tag-zaldi","15":"product_tag-zaldi-deutschland","16":"product_tag-zaldi-online-com","17":"desktop-align-left","18":"tablet-align-left","19":"mobile-align-left","21":"first","22":"instock","23":"taxable","24":"shipping-taxable","25":"purchasable","26":"product-type-variable"},"yoast_head":"<!-- This site is optimized with the Yoast SEO plugin v27.4 - https:\/\/yoast.com\/product\/yoast-seo-wordpress\/ -->\n<title>SALVACRUCES AIR RELEASE GEL PAD AC-102 - Zaldionline.com<\/title>\n<meta name=\"description\" content=\"Preis inkl. MwSt.: 76,88\u20ac Hinteres Gel Pad. Einheitsgr\u00f6\u00dfe. Der hintere Cruiser kann alleine oder in Kombination mit dem vorderen\u00a0 Gel-Cruiser oder einer Decke verwendet werden. Farben: Natur, Schwarz. Erh\u00e4ltlich \u00fcber Zaldionline.com Ref. 2101128\" \/>\n<meta name=\"robots\" content=\"noindex, follow, max-snippet:-1, max-image-preview:large, max-video-preview:-1\" \/>\n<meta property=\"og:locale\" content=\"es_ES\" \/>\n<meta property=\"og:type\" content=\"article\" \/>\n<meta property=\"og:title\" content=\"SALVACRUCES AIR RELEASE GEL PAD AC-102 - Zaldionline.com\" \/>\n<meta property=\"og:description\" content=\"Preis inkl. MwSt.: 76,88\u20ac Hinteres Gel Pad. Einheitsgr\u00f6\u00dfe. Der hintere Cruiser kann alleine oder in Kombination mit dem vorderen\u00a0 Gel-Cruiser oder einer Decke verwendet werden. Farben: Natur, Schwarz. Erh\u00e4ltlich \u00fcber Zaldionline.com Ref. 2101128\" \/>\n<meta property=\"og:url\" content=\"https:\/\/www.zaldionline.com\/es\/producto\/salvacruces-air-release-gel-pad\/\" \/>\n<meta property=\"og:site_name\" content=\"Zaldionline.com\" \/>\n<meta property=\"article:modified_time\" content=\"2023-04-22T11:38:06+00:00\" \/>\n<meta property=\"og:image\" content=\"https:\/\/www.zaldionline.com\/es\/wp-content\/uploads\/sites\/2\/2020\/11\/Bild_2020-12-10_170050.png\" \/>\n\t<meta property=\"og:image:width\" content=\"522\" \/>\n\t<meta property=\"og:image:height\" content=\"505\" \/>\n\t<meta property=\"og:image:type\" content=\"image\/png\" \/>\n<meta name=\"twitter:card\" content=\"summary_large_image\" \/>\n<meta name=\"twitter:label1\" content=\"Tiempo de lectura\" \/>\n\t<meta name=\"twitter:data1\" content=\"1 minuto\" \/>\n<script type=\"application\/ld+json\" class=\"yoast-schema-graph\">{\"@context\":\"https:\\\/\\\/schema.org\",\"@graph\":[{\"@type\":\"WebPage\",\"@id\":\"https:\\\/\\\/www.zaldionline.com\\\/es\\\/producto\\\/salvacruces-air-release-gel-pad\\\/\",\"url\":\"https:\\\/\\\/www.zaldionline.com\\\/es\\\/producto\\\/salvacruces-air-release-gel-pad\\\/\",\"name\":\"SALVACRUCES AIR RELEASE GEL PAD AC-102 - Zaldionline.com\",\"isPartOf\":{\"@id\":\"https:\\\/\\\/www.zaldionline.com\\\/es\\\/#website\"},\"primaryImageOfPage\":{\"@id\":\"https:\\\/\\\/www.zaldionline.com\\\/es\\\/producto\\\/salvacruces-air-release-gel-pad\\\/#primaryimage\"},\"image\":{\"@id\":\"https:\\\/\\\/www.zaldionline.com\\\/es\\\/producto\\\/salvacruces-air-release-gel-pad\\\/#primaryimage\"},\"thumbnailUrl\":\"https:\\\/\\\/www.zaldionline.com\\\/es\\\/wp-content\\\/uploads\\\/sites\\\/2\\\/2020\\\/11\\\/Bild_2020-12-10_170050.png\",\"datePublished\":\"2020-11-14T12:54:34+00:00\",\"dateModified\":\"2023-04-22T11:38:06+00:00\",\"description\":\"Preis inkl. MwSt.: 76,88\u20ac Hinteres Gel Pad. Einheitsgr\u00f6\u00dfe. Der hintere Cruiser kann alleine oder in Kombination mit dem vorderen\u00a0 Gel-Cruiser oder einer Decke verwendet werden. Farben: Natur, Schwarz. Erh\u00e4ltlich \u00fcber Zaldionline.com Ref. 2101128\",\"breadcrumb\":{\"@id\":\"https:\\\/\\\/www.zaldionline.com\\\/es\\\/producto\\\/salvacruces-air-release-gel-pad\\\/#breadcrumb\"},\"inLanguage\":\"es\",\"potentialAction\":[{\"@type\":\"ReadAction\",\"target\":[\"https:\\\/\\\/www.zaldionline.com\\\/es\\\/producto\\\/salvacruces-air-release-gel-pad\\\/\"]}]},{\"@type\":\"ImageObject\",\"inLanguage\":\"es\",\"@id\":\"https:\\\/\\\/www.zaldionline.com\\\/es\\\/producto\\\/salvacruces-air-release-gel-pad\\\/#primaryimage\",\"url\":\"https:\\\/\\\/www.zaldionline.com\\\/es\\\/wp-content\\\/uploads\\\/sites\\\/2\\\/2020\\\/11\\\/Bild_2020-12-10_170050.png\",\"contentUrl\":\"https:\\\/\\\/www.zaldionline.com\\\/es\\\/wp-content\\\/uploads\\\/sites\\\/2\\\/2020\\\/11\\\/Bild_2020-12-10_170050.png\",\"width\":522,\"height\":505},{\"@type\":\"BreadcrumbList\",\"@id\":\"https:\\\/\\\/www.zaldionline.com\\\/es\\\/producto\\\/salvacruces-air-release-gel-pad\\\/#breadcrumb\",\"itemListElement\":[{\"@type\":\"ListItem\",\"position\":1,\"name\":\"Portada\",\"item\":\"https:\\\/\\\/www.zaldionline.com\\\/es\\\/\"},{\"@type\":\"ListItem\",\"position\":2,\"name\":\"Sillas y accesorios\",\"item\":\"https:\\\/\\\/www.zaldionline.com\\\/es\\\/sillas-y-accesorios\\\/\"},{\"@type\":\"ListItem\",\"position\":3,\"name\":\"SALVACRUCES AIR RELEASE GEL PAD AC-102\"}]},{\"@type\":\"WebSite\",\"@id\":\"https:\\\/\\\/www.zaldionline.com\\\/es\\\/#website\",\"url\":\"https:\\\/\\\/www.zaldionline.com\\\/es\\\/\",\"name\":\"Zaldionline.com\",\"description\":\"Los mejores productos para usted y su caballo\",\"potentialAction\":[{\"@type\":\"SearchAction\",\"target\":{\"@type\":\"EntryPoint\",\"urlTemplate\":\"https:\\\/\\\/www.zaldionline.com\\\/es\\\/?s={search_term_string}\"},\"query-input\":{\"@type\":\"PropertyValueSpecification\",\"valueRequired\":true,\"valueName\":\"search_term_string\"}}],\"inLanguage\":\"es\"}]}<\/script>\n<!-- \/ Yoast SEO plugin. -->","yoast_head_json":{"title":"SALVACRUCES AIR RELEASE GEL PAD AC-102 - Zaldionline.com","description":"Preis inkl. MwSt.: 76,88\u20ac Hinteres Gel Pad. Einheitsgr\u00f6\u00dfe. Der hintere Cruiser kann alleine oder in Kombination mit dem vorderen\u00a0 Gel-Cruiser oder einer Decke verwendet werden. Farben: Natur, Schwarz. Erh\u00e4ltlich \u00fcber Zaldionline.com Ref. 2101128","robots":{"index":"noindex","follow":"follow","max-snippet":"max-snippet:-1","max-image-preview":"max-image-preview:large","max-video-preview":"max-video-preview:-1"},"og_locale":"es_ES","og_type":"article","og_title":"SALVACRUCES AIR RELEASE GEL PAD AC-102 - Zaldionline.com","og_description":"Preis inkl. MwSt.: 76,88\u20ac Hinteres Gel Pad. Einheitsgr\u00f6\u00dfe. Der hintere Cruiser kann alleine oder in Kombination mit dem vorderen\u00a0 Gel-Cruiser oder einer Decke verwendet werden. Farben: Natur, Schwarz. Erh\u00e4ltlich \u00fcber Zaldionline.com Ref. 2101128","og_url":"https:\/\/www.zaldionline.com\/es\/producto\/salvacruces-air-release-gel-pad\/","og_site_name":"Zaldionline.com","article_modified_time":"2023-04-22T11:38:06+00:00","og_image":[{"width":522,"height":505,"url":"https:\/\/www.zaldionline.com\/es\/wp-content\/uploads\/sites\/2\/2020\/11\/Bild_2020-12-10_170050.png","type":"image\/png"}],"twitter_card":"summary_large_image","twitter_misc":{"Tiempo de lectura":"1 minuto"},"schema":{"@context":"https:\/\/schema.org","@graph":[{"@type":"WebPage","@id":"https:\/\/www.zaldionline.com\/es\/producto\/salvacruces-air-release-gel-pad\/","url":"https:\/\/www.zaldionline.com\/es\/producto\/salvacruces-air-release-gel-pad\/","name":"SALVACRUCES AIR RELEASE GEL PAD AC-102 - Zaldionline.com","isPartOf":{"@id":"https:\/\/www.zaldionline.com\/es\/#website"},"primaryImageOfPage":{"@id":"https:\/\/www.zaldionline.com\/es\/producto\/salvacruces-air-release-gel-pad\/#primaryimage"},"image":{"@id":"https:\/\/www.zaldionline.com\/es\/producto\/salvacruces-air-release-gel-pad\/#primaryimage"},"thumbnailUrl":"https:\/\/www.zaldionline.com\/es\/wp-content\/uploads\/sites\/2\/2020\/11\/Bild_2020-12-10_170050.png","datePublished":"2020-11-14T12:54:34+00:00","dateModified":"2023-04-22T11:38:06+00:00","description":"Preis inkl. MwSt.: 76,88\u20ac Hinteres Gel Pad. Einheitsgr\u00f6\u00dfe. Der hintere Cruiser kann alleine oder in Kombination mit dem vorderen\u00a0 Gel-Cruiser oder einer Decke verwendet werden. Farben: Natur, Schwarz. Erh\u00e4ltlich \u00fcber Zaldionline.com Ref. 2101128","breadcrumb":{"@id":"https:\/\/www.zaldionline.com\/es\/producto\/salvacruces-air-release-gel-pad\/#breadcrumb"},"inLanguage":"es","potentialAction":[{"@type":"ReadAction","target":["https:\/\/www.zaldionline.com\/es\/producto\/salvacruces-air-release-gel-pad\/"]}]},{"@type":"ImageObject","inLanguage":"es","@id":"https:\/\/www.zaldionline.com\/es\/producto\/salvacruces-air-release-gel-pad\/#primaryimage","url":"https:\/\/www.zaldionline.com\/es\/wp-content\/uploads\/sites\/2\/2020\/11\/Bild_2020-12-10_170050.png","contentUrl":"https:\/\/www.zaldionline.com\/es\/wp-content\/uploads\/sites\/2\/2020\/11\/Bild_2020-12-10_170050.png","width":522,"height":505},{"@type":"BreadcrumbList","@id":"https:\/\/www.zaldionline.com\/es\/producto\/salvacruces-air-release-gel-pad\/#breadcrumb","itemListElement":[{"@type":"ListItem","position":1,"name":"Portada","item":"https:\/\/www.zaldionline.com\/es\/"},{"@type":"ListItem","position":2,"name":"Sillas y accesorios","item":"https:\/\/www.zaldionline.com\/es\/sillas-y-accesorios\/"},{"@type":"ListItem","position":3,"name":"SALVACRUCES AIR RELEASE GEL PAD AC-102"}]},{"@type":"WebSite","@id":"https:\/\/www.zaldionline.com\/es\/#website","url":"https:\/\/www.zaldionline.com\/es\/","name":"Zaldionline.com","description":"Los mejores productos para usted y su caballo","potentialAction":[{"@type":"SearchAction","target":{"@type":"EntryPoint","urlTemplate":"https:\/\/www.zaldionline.com\/es\/?s={search_term_string}"},"query-input":{"@type":"PropertyValueSpecification","valueRequired":true,"valueName":"search_term_string"}}],"inLanguage":"es"}]}},"_links":{"self":[{"href":"https:\/\/www.zaldionline.com\/es\/wp-json\/wp\/v2\/product\/16592","targetHints":{"allow":["GET"]}}],"collection":[{"href":"https:\/\/www.zaldionline.com\/es\/wp-json\/wp\/v2\/product"}],"about":[{"href":"https:\/\/www.zaldionline.com\/es\/wp-json\/wp\/v2\/types\/product"}],"replies":[{"embeddable":true,"href":"https:\/\/www.zaldionline.com\/es\/wp-json\/wp\/v2\/comments?post=16592"}],"version-history":[{"count":2,"href":"https:\/\/www.zaldionline.com\/es\/wp-json\/wp\/v2\/product\/16592\/revisions"}],"predecessor-version":[{"id":23443,"href":"https:\/\/www.zaldionline.com\/es\/wp-json\/wp\/v2\/product\/16592\/revisions\/23443"}],"wp:featuredmedia":[{"embeddable":true,"href":"https:\/\/www.zaldionline.com\/es\/wp-json\/wp\/v2\/media\/17484"}],"wp:attachment":[{"href":"https:\/\/www.zaldionline.com\/es\/wp-json\/wp\/v2\/media?parent=16592"}],"wp:term":[{"taxonomy":"product_brand","embeddable":true,"href":"https:\/\/www.zaldionline.com\/es\/wp-json\/wp\/v2\/product_brand?post=16592"},{"taxonomy":"product_cat","embeddable":true,"href":"https:\/\/www.zaldionline.com\/es\/wp-json\/wp\/v2\/product_cat?post=16592"},{"taxonomy":"product_tag","embeddable":true,"href":"https:\/\/www.zaldionline.com\/es\/wp-json\/wp\/v2\/product_tag?post=16592"}],"curies":[{"name":"wp","href":"https:\/\/api.w.org\/{rel}","templated":true}]}}