{"id":16616,"date":"2020-11-14T13:19:50","date_gmt":"2020-11-14T13:19:50","guid":{"rendered":"https:\/\/zaldionline.com\/?post_type=product&#038;p=16616"},"modified":"2023-04-22T11:23:27","modified_gmt":"2023-04-22T11:23:27","slug":"salvacruces-eskadron-pro-balance-pad-254300","status":"publish","type":"product","link":"https:\/\/www.zaldionline.com\/es\/producto\/salvacruces-eskadron-pro-balance-pad-254300\/","title":{"rendered":"AUSGLEICHSPAD F\u00dcR ERH\u00d6HUNG DES SATTELS VORNE ODER HINTEN ESKADRON"},"content":{"rendered":"\t\t<div data-elementor-type=\"wp-post\" data-elementor-id=\"16616\" class=\"elementor elementor-16616\">\n\t\t\t\t\t\t<section class=\"elementor-section elementor-top-section elementor-element elementor-element-22d6406 elementor-section-boxed elementor-section-height-default elementor-section-height-default\" data-id=\"22d6406\" data-element_type=\"section\" data-e-type=\"section\">\n\t\t\t\t\t\t<div class=\"elementor-container elementor-column-gap-default\">\n\t\t\t\t\t<div class=\"elementor-column elementor-col-100 elementor-top-column elementor-element elementor-element-31e4e863\" data-id=\"31e4e863\" data-element_type=\"column\" data-e-type=\"column\">\n\t\t\t<div class=\"elementor-widget-wrap elementor-element-populated\">\n\t\t\t\t\t\t<div class=\"elementor-element elementor-element-4f92aae6 elementor-widget elementor-widget-text-editor\" data-id=\"4f92aae6\" data-element_type=\"widget\" data-e-type=\"widget\" data-widget_type=\"text-editor.default\">\n\t\t\t\t<div class=\"elementor-widget-container\">\n\t\t\t\t\t\t\t\t\t<p>Preis inkl. MwSt.: 66,36 \u20ac<\/p><p>Das neue Pro-Balance Eskadron-Pad\u00a0 besteht aus zwei Gummih\u00e4lften, die durch 4 einzeln einstellbare Klettb\u00e4nder verbunden sind, wodurch die Breite des Pads bestimmt werden kann. Der untere Teil besteht aus rutschfestem Gummi, wodurch sich das Pad nicht bewegt. Seine Besonderheit ist zum einen, dass durch die Zweiteilung eine optimale Bewegung der Wirbels\u00e4ule gew\u00e4hrleistet ist. Auf der anderen Seite geht es allm\u00e4hlich von 0,5 cm H\u00f6he vorne auf 2,5 cm H\u00f6he hinten \u00fcber, wodurch der Druck auf der R\u00fcckseite des Sattels dank des Eskadron Pro-Balance-Pads abgebaut wird. Es kann auch in umgekehrter Weise verwendet werden, um die Vorderseite des Sattels anzuheben.<\/p><p>ESKADRON und PIKEUR haben eine breite Palette von Artikeln mit einer Vielzahl von Gr\u00f6\u00dfen und Farben, <em>ZALDI<\/em> hat nicht alle von ihnen permanent auf Lager. Wenn der gew\u00fcnschte Artikel, die gew\u00fcnschte Gr\u00f6\u00dfe oder Farbe nicht in unserem Lager ist, k\u00f6nnen Sie ihn bei ZALDI mit einer Lieferzeit von ca. 10 Wochen anfordern.<\/p><p>Denken Sie daran, dass ESKADRON und PIKEUR alle 6 Monate eine saisonale Kollektion pr\u00e4sentieren, Fr\u00fchling-Sommer oder Herbst-Winter.<\/p><p>Ref. 2101125<\/p>\t\t\t\t\t\t\t\t<\/div>\n\t\t\t\t<\/div>\n\t\t\t\t\t<\/div>\n\t\t<\/div>\n\t\t\t\t\t<\/div>\n\t\t<\/section>\n\t\t\t\t<\/div>\n\t\t","protected":false},"excerpt":{"rendered":"<p>Preis inkl. MwSt.: 66,36 \u20ac Das neue Pro-Balance Eskadron-Pad&nbsp; besteht aus zwei Gummih\u00e4lften, die durch 4 einzeln einstellbare Klettb\u00e4nder verbunden sind, wodurch die Breite des Pads bestimmt werden kann. Der untere Teil besteht aus rutschfestem Gummi, wodurch sich das Pad nicht bewegt. Seine Besonderheit ist zum einen, dass durch die Zweiteilung eine optimale Bewegung der [&hellip;]<\/p>\n","protected":false},"featured_media":17481,"comment_status":"open","ping_status":"closed","template":"","meta":{"site-sidebar-layout":"default","site-content-layout":"default","ast-site-content-layout":"default","site-content-style":"default","site-sidebar-style":"default","ast-global-header-display":"","ast-banner-title-visibility":"","ast-main-header-display":"","ast-hfb-above-header-display":"","ast-hfb-below-header-display":"","ast-hfb-mobile-header-display":"","site-post-title":"","ast-breadcrumbs-content":"","ast-featured-img":"","footer-sml-layout":"","ast-disable-related-posts":"","theme-transparent-header-meta":"default","adv-header-id-meta":"","stick-header-meta":"","header-above-stick-meta":"","header-main-stick-meta":"","header-below-stick-meta":"","astra-migrate-meta-layouts":"default","ast-page-background-enabled":"default","ast-page-background-meta":{"desktop":{"background-color":"var(--ast-global-color-4)","background-image":"","background-repeat":"repeat","background-position":"center center","background-size":"auto","background-attachment":"scroll","background-type":"","background-media":"","overlay-type":"","overlay-color":"","overlay-opacity":"","overlay-gradient":""},"tablet":{"background-color":"","background-image":"","background-repeat":"repeat","background-position":"center center","background-size":"auto","background-attachment":"scroll","background-type":"","background-media":"","overlay-type":"","overlay-color":"","overlay-opacity":"","overlay-gradient":""},"mobile":{"background-color":"","background-image":"","background-repeat":"repeat","background-position":"center center","background-size":"auto","background-attachment":"scroll","background-type":"","background-media":"","overlay-type":"","overlay-color":"","overlay-opacity":"","overlay-gradient":""}},"ast-content-background-meta":{"desktop":{"background-color":"var(--ast-global-color-5)","background-image":"","background-repeat":"repeat","background-position":"center center","background-size":"auto","background-attachment":"scroll","background-type":"","background-media":"","overlay-type":"","overlay-color":"","overlay-opacity":"","overlay-gradient":""},"tablet":{"background-color":"var(--ast-global-color-5)","background-image":"","background-repeat":"repeat","background-position":"center center","background-size":"auto","background-attachment":"scroll","background-type":"","background-media":"","overlay-type":"","overlay-color":"","overlay-opacity":"","overlay-gradient":""},"mobile":{"background-color":"var(--ast-global-color-5)","background-image":"","background-repeat":"repeat","background-position":"center center","background-size":"auto","background-attachment":"scroll","background-type":"","background-media":"","overlay-type":"","overlay-color":"","overlay-opacity":"","overlay-gradient":""}},"ngg_post_thumbnail":0},"product_brand":[],"product_cat":[18,60],"product_tag":[810,341,301,811,812,340,337,338,339],"class_list":{"0":"post-16616","1":"product","2":"type-product","3":"status-publish","4":"has-post-thumbnail","6":"product_cat-accesorios","7":"product_cat-salvacruces","8":"product_tag-ausgelichspad","9":"product_tag-bienestarcaballo","10":"product_tag-masssattel","11":"product_tag-pro-balance-pad","12":"product_tag-sattel-ausgleichspad","13":"product_tag-susanne-nagel","14":"product_tag-zaldi","15":"product_tag-zaldi-deutschland","16":"product_tag-zaldi-online-com","17":"desktop-align-left","18":"tablet-align-left","19":"mobile-align-left","21":"first","22":"instock","23":"taxable","24":"shipping-taxable","25":"purchasable","26":"product-type-simple"},"yoast_head":"<!-- This site is optimized with the Yoast SEO plugin v27.4 - https:\/\/yoast.com\/product\/yoast-seo-wordpress\/ -->\n<title>AUSGLEICHSPAD F\u00dcR ERH\u00d6HUNG DES SATTELS VORNE ODER HINTEN ESKADRON - Zaldionline.com<\/title>\n<meta name=\"description\" content=\"Preis inkl. MwSt.: 66,36\u20ac Das neue Pro-Balance Eskadron-Pad\u00a0 besteht aus zwei Gummih\u00e4lften, die durch 4 einzeln einstellbare Klettb\u00e4nder verbunden sind, wodurch die Breite des Pads bestimmt werden kann. Der untere Teil besteht aus rutschfestem Gummi, wodurch sich das Pad nicht bewegt. Seine Besonderheit ist zum einen, dass durch die Zweiteilung eine optimale Bewegung der Wirbels\u00e4ule gew\u00e4hrleistet ist. Auf der anderen Seite geht es allm\u00e4hlich von 0,5 cm H\u00f6he vorne auf 2,5 cm H\u00f6he hinten \u00fcber, wodurch der Druck auf der R\u00fcckseite des Sattels dank des Eskadron Pro-Balance-Pads abgebaut wird. Es kann auch in umgekehrter Weise verwendet werden, um die Vorderseite des Sattels anzuheben.ESKADRON und PIKEUR haben eine breite Palette von Artikeln mit einer Vielzahl von Gr\u00f6\u00dfen und Farben, ZALDI hat nicht alle von ihnen permanent auf Lager. Wenn der gew\u00fcnschte Artikel, die gew\u00fcnschte Gr\u00f6\u00dfe oder Farbe nicht in unserem Lager ist, k\u00f6nnen Sie ihn bei ZALDI mit einer Lieferzeit von ca. 10 Wochen anfordern. Denken Sie daran, dass ESKADRON und PIKEUR alle 6 Monate eine saisonale Kollektion pr\u00e4sentieren, Fr\u00fchling-Sommer oder Herbst-Winter. Erh\u00e4ltlich \u00fcber Zaldionline.com Ref. 2101125\" \/>\n<meta name=\"robots\" content=\"noindex, follow, max-snippet:-1, max-image-preview:large, max-video-preview:-1\" \/>\n<meta property=\"og:locale\" content=\"es_ES\" \/>\n<meta property=\"og:type\" content=\"article\" \/>\n<meta property=\"og:title\" content=\"AUSGLEICHSPAD F\u00dcR ERH\u00d6HUNG DES SATTELS VORNE ODER HINTEN ESKADRON - Zaldionline.com\" \/>\n<meta property=\"og:description\" content=\"Preis inkl. MwSt.: 66,36\u20ac Das neue Pro-Balance Eskadron-Pad\u00a0 besteht aus zwei Gummih\u00e4lften, die durch 4 einzeln einstellbare Klettb\u00e4nder verbunden sind, wodurch die Breite des Pads bestimmt werden kann. Der untere Teil besteht aus rutschfestem Gummi, wodurch sich das Pad nicht bewegt. Seine Besonderheit ist zum einen, dass durch die Zweiteilung eine optimale Bewegung der Wirbels\u00e4ule gew\u00e4hrleistet ist. Auf der anderen Seite geht es allm\u00e4hlich von 0,5 cm H\u00f6he vorne auf 2,5 cm H\u00f6he hinten \u00fcber, wodurch der Druck auf der R\u00fcckseite des Sattels dank des Eskadron Pro-Balance-Pads abgebaut wird. Es kann auch in umgekehrter Weise verwendet werden, um die Vorderseite des Sattels anzuheben.ESKADRON und PIKEUR haben eine breite Palette von Artikeln mit einer Vielzahl von Gr\u00f6\u00dfen und Farben, ZALDI hat nicht alle von ihnen permanent auf Lager. Wenn der gew\u00fcnschte Artikel, die gew\u00fcnschte Gr\u00f6\u00dfe oder Farbe nicht in unserem Lager ist, k\u00f6nnen Sie ihn bei ZALDI mit einer Lieferzeit von ca. 10 Wochen anfordern. Denken Sie daran, dass ESKADRON und PIKEUR alle 6 Monate eine saisonale Kollektion pr\u00e4sentieren, Fr\u00fchling-Sommer oder Herbst-Winter. Erh\u00e4ltlich \u00fcber Zaldionline.com Ref. 2101125\" \/>\n<meta property=\"og:url\" content=\"https:\/\/www.zaldionline.com\/es\/producto\/salvacruces-eskadron-pro-balance-pad-254300\/\" \/>\n<meta property=\"og:site_name\" content=\"Zaldionline.com\" \/>\n<meta property=\"article:modified_time\" content=\"2023-04-22T11:23:27+00:00\" \/>\n<meta property=\"og:image\" content=\"https:\/\/www.zaldionline.com\/es\/wp-content\/uploads\/sites\/2\/2020\/11\/Bild_2020-12-10_165708.png\" \/>\n\t<meta property=\"og:image:width\" content=\"513\" \/>\n\t<meta property=\"og:image:height\" content=\"507\" \/>\n\t<meta property=\"og:image:type\" content=\"image\/png\" \/>\n<meta name=\"twitter:card\" content=\"summary_large_image\" \/>\n<meta name=\"twitter:label1\" content=\"Tiempo de lectura\" \/>\n\t<meta name=\"twitter:data1\" content=\"1 minuto\" \/>\n<script type=\"application\/ld+json\" class=\"yoast-schema-graph\">{\"@context\":\"https:\\\/\\\/schema.org\",\"@graph\":[{\"@type\":\"WebPage\",\"@id\":\"https:\\\/\\\/www.zaldionline.com\\\/es\\\/producto\\\/salvacruces-eskadron-pro-balance-pad-254300\\\/\",\"url\":\"https:\\\/\\\/www.zaldionline.com\\\/es\\\/producto\\\/salvacruces-eskadron-pro-balance-pad-254300\\\/\",\"name\":\"AUSGLEICHSPAD F\u00dcR ERH\u00d6HUNG DES SATTELS VORNE ODER HINTEN ESKADRON - Zaldionline.com\",\"isPartOf\":{\"@id\":\"https:\\\/\\\/www.zaldionline.com\\\/es\\\/#website\"},\"primaryImageOfPage\":{\"@id\":\"https:\\\/\\\/www.zaldionline.com\\\/es\\\/producto\\\/salvacruces-eskadron-pro-balance-pad-254300\\\/#primaryimage\"},\"image\":{\"@id\":\"https:\\\/\\\/www.zaldionline.com\\\/es\\\/producto\\\/salvacruces-eskadron-pro-balance-pad-254300\\\/#primaryimage\"},\"thumbnailUrl\":\"https:\\\/\\\/www.zaldionline.com\\\/es\\\/wp-content\\\/uploads\\\/sites\\\/2\\\/2020\\\/11\\\/Bild_2020-12-10_165708.png\",\"datePublished\":\"2020-11-14T13:19:50+00:00\",\"dateModified\":\"2023-04-22T11:23:27+00:00\",\"description\":\"Preis inkl. MwSt.: 66,36\u20ac Das neue Pro-Balance Eskadron-Pad\u00a0 besteht aus zwei Gummih\u00e4lften, die durch 4 einzeln einstellbare Klettb\u00e4nder verbunden sind, wodurch die Breite des Pads bestimmt werden kann. Der untere Teil besteht aus rutschfestem Gummi, wodurch sich das Pad nicht bewegt. Seine Besonderheit ist zum einen, dass durch die Zweiteilung eine optimale Bewegung der Wirbels\u00e4ule gew\u00e4hrleistet ist. Auf der anderen Seite geht es allm\u00e4hlich von 0,5 cm H\u00f6he vorne auf 2,5 cm H\u00f6he hinten \u00fcber, wodurch der Druck auf der R\u00fcckseite des Sattels dank des Eskadron Pro-Balance-Pads abgebaut wird. Es kann auch in umgekehrter Weise verwendet werden, um die Vorderseite des Sattels anzuheben.ESKADRON und PIKEUR haben eine breite Palette von Artikeln mit einer Vielzahl von Gr\u00f6\u00dfen und Farben, ZALDI hat nicht alle von ihnen permanent auf Lager. Wenn der gew\u00fcnschte Artikel, die gew\u00fcnschte Gr\u00f6\u00dfe oder Farbe nicht in unserem Lager ist, k\u00f6nnen Sie ihn bei ZALDI mit einer Lieferzeit von ca. 10 Wochen anfordern. Denken Sie daran, dass ESKADRON und PIKEUR alle 6 Monate eine saisonale Kollektion pr\u00e4sentieren, Fr\u00fchling-Sommer oder Herbst-Winter. Erh\u00e4ltlich \u00fcber Zaldionline.com Ref. 2101125\",\"breadcrumb\":{\"@id\":\"https:\\\/\\\/www.zaldionline.com\\\/es\\\/producto\\\/salvacruces-eskadron-pro-balance-pad-254300\\\/#breadcrumb\"},\"inLanguage\":\"es\",\"potentialAction\":[{\"@type\":\"ReadAction\",\"target\":[\"https:\\\/\\\/www.zaldionline.com\\\/es\\\/producto\\\/salvacruces-eskadron-pro-balance-pad-254300\\\/\"]}]},{\"@type\":\"ImageObject\",\"inLanguage\":\"es\",\"@id\":\"https:\\\/\\\/www.zaldionline.com\\\/es\\\/producto\\\/salvacruces-eskadron-pro-balance-pad-254300\\\/#primaryimage\",\"url\":\"https:\\\/\\\/www.zaldionline.com\\\/es\\\/wp-content\\\/uploads\\\/sites\\\/2\\\/2020\\\/11\\\/Bild_2020-12-10_165708.png\",\"contentUrl\":\"https:\\\/\\\/www.zaldionline.com\\\/es\\\/wp-content\\\/uploads\\\/sites\\\/2\\\/2020\\\/11\\\/Bild_2020-12-10_165708.png\",\"width\":513,\"height\":507},{\"@type\":\"BreadcrumbList\",\"@id\":\"https:\\\/\\\/www.zaldionline.com\\\/es\\\/producto\\\/salvacruces-eskadron-pro-balance-pad-254300\\\/#breadcrumb\",\"itemListElement\":[{\"@type\":\"ListItem\",\"position\":1,\"name\":\"Portada\",\"item\":\"https:\\\/\\\/www.zaldionline.com\\\/es\\\/\"},{\"@type\":\"ListItem\",\"position\":2,\"name\":\"Sillas y accesorios\",\"item\":\"https:\\\/\\\/www.zaldionline.com\\\/es\\\/sillas-y-accesorios\\\/\"},{\"@type\":\"ListItem\",\"position\":3,\"name\":\"AUSGLEICHSPAD F\u00dcR ERH\u00d6HUNG DES SATTELS VORNE ODER HINTEN ESKADRON\"}]},{\"@type\":\"WebSite\",\"@id\":\"https:\\\/\\\/www.zaldionline.com\\\/es\\\/#website\",\"url\":\"https:\\\/\\\/www.zaldionline.com\\\/es\\\/\",\"name\":\"Zaldionline.com\",\"description\":\"Los mejores productos para usted y su caballo\",\"potentialAction\":[{\"@type\":\"SearchAction\",\"target\":{\"@type\":\"EntryPoint\",\"urlTemplate\":\"https:\\\/\\\/www.zaldionline.com\\\/es\\\/?s={search_term_string}\"},\"query-input\":{\"@type\":\"PropertyValueSpecification\",\"valueRequired\":true,\"valueName\":\"search_term_string\"}}],\"inLanguage\":\"es\"}]}<\/script>\n<!-- \/ Yoast SEO plugin. -->","yoast_head_json":{"title":"AUSGLEICHSPAD F\u00dcR ERH\u00d6HUNG DES SATTELS VORNE ODER HINTEN ESKADRON - Zaldionline.com","description":"Preis inkl. MwSt.: 66,36\u20ac Das neue Pro-Balance Eskadron-Pad\u00a0 besteht aus zwei Gummih\u00e4lften, die durch 4 einzeln einstellbare Klettb\u00e4nder verbunden sind, wodurch die Breite des Pads bestimmt werden kann. Der untere Teil besteht aus rutschfestem Gummi, wodurch sich das Pad nicht bewegt. Seine Besonderheit ist zum einen, dass durch die Zweiteilung eine optimale Bewegung der Wirbels\u00e4ule gew\u00e4hrleistet ist. Auf der anderen Seite geht es allm\u00e4hlich von 0,5 cm H\u00f6he vorne auf 2,5 cm H\u00f6he hinten \u00fcber, wodurch der Druck auf der R\u00fcckseite des Sattels dank des Eskadron Pro-Balance-Pads abgebaut wird. Es kann auch in umgekehrter Weise verwendet werden, um die Vorderseite des Sattels anzuheben.ESKADRON und PIKEUR haben eine breite Palette von Artikeln mit einer Vielzahl von Gr\u00f6\u00dfen und Farben, ZALDI hat nicht alle von ihnen permanent auf Lager. Wenn der gew\u00fcnschte Artikel, die gew\u00fcnschte Gr\u00f6\u00dfe oder Farbe nicht in unserem Lager ist, k\u00f6nnen Sie ihn bei ZALDI mit einer Lieferzeit von ca. 10 Wochen anfordern. Denken Sie daran, dass ESKADRON und PIKEUR alle 6 Monate eine saisonale Kollektion pr\u00e4sentieren, Fr\u00fchling-Sommer oder Herbst-Winter. Erh\u00e4ltlich \u00fcber Zaldionline.com Ref. 2101125","robots":{"index":"noindex","follow":"follow","max-snippet":"max-snippet:-1","max-image-preview":"max-image-preview:large","max-video-preview":"max-video-preview:-1"},"og_locale":"es_ES","og_type":"article","og_title":"AUSGLEICHSPAD F\u00dcR ERH\u00d6HUNG DES SATTELS VORNE ODER HINTEN ESKADRON - Zaldionline.com","og_description":"Preis inkl. MwSt.: 66,36\u20ac Das neue Pro-Balance Eskadron-Pad\u00a0 besteht aus zwei Gummih\u00e4lften, die durch 4 einzeln einstellbare Klettb\u00e4nder verbunden sind, wodurch die Breite des Pads bestimmt werden kann. Der untere Teil besteht aus rutschfestem Gummi, wodurch sich das Pad nicht bewegt. Seine Besonderheit ist zum einen, dass durch die Zweiteilung eine optimale Bewegung der Wirbels\u00e4ule gew\u00e4hrleistet ist. Auf der anderen Seite geht es allm\u00e4hlich von 0,5 cm H\u00f6he vorne auf 2,5 cm H\u00f6he hinten \u00fcber, wodurch der Druck auf der R\u00fcckseite des Sattels dank des Eskadron Pro-Balance-Pads abgebaut wird. Es kann auch in umgekehrter Weise verwendet werden, um die Vorderseite des Sattels anzuheben.ESKADRON und PIKEUR haben eine breite Palette von Artikeln mit einer Vielzahl von Gr\u00f6\u00dfen und Farben, ZALDI hat nicht alle von ihnen permanent auf Lager. Wenn der gew\u00fcnschte Artikel, die gew\u00fcnschte Gr\u00f6\u00dfe oder Farbe nicht in unserem Lager ist, k\u00f6nnen Sie ihn bei ZALDI mit einer Lieferzeit von ca. 10 Wochen anfordern. Denken Sie daran, dass ESKADRON und PIKEUR alle 6 Monate eine saisonale Kollektion pr\u00e4sentieren, Fr\u00fchling-Sommer oder Herbst-Winter. Erh\u00e4ltlich \u00fcber Zaldionline.com Ref. 2101125","og_url":"https:\/\/www.zaldionline.com\/es\/producto\/salvacruces-eskadron-pro-balance-pad-254300\/","og_site_name":"Zaldionline.com","article_modified_time":"2023-04-22T11:23:27+00:00","og_image":[{"width":513,"height":507,"url":"https:\/\/www.zaldionline.com\/es\/wp-content\/uploads\/sites\/2\/2020\/11\/Bild_2020-12-10_165708.png","type":"image\/png"}],"twitter_card":"summary_large_image","twitter_misc":{"Tiempo de lectura":"1 minuto"},"schema":{"@context":"https:\/\/schema.org","@graph":[{"@type":"WebPage","@id":"https:\/\/www.zaldionline.com\/es\/producto\/salvacruces-eskadron-pro-balance-pad-254300\/","url":"https:\/\/www.zaldionline.com\/es\/producto\/salvacruces-eskadron-pro-balance-pad-254300\/","name":"AUSGLEICHSPAD F\u00dcR ERH\u00d6HUNG DES SATTELS VORNE ODER HINTEN ESKADRON - Zaldionline.com","isPartOf":{"@id":"https:\/\/www.zaldionline.com\/es\/#website"},"primaryImageOfPage":{"@id":"https:\/\/www.zaldionline.com\/es\/producto\/salvacruces-eskadron-pro-balance-pad-254300\/#primaryimage"},"image":{"@id":"https:\/\/www.zaldionline.com\/es\/producto\/salvacruces-eskadron-pro-balance-pad-254300\/#primaryimage"},"thumbnailUrl":"https:\/\/www.zaldionline.com\/es\/wp-content\/uploads\/sites\/2\/2020\/11\/Bild_2020-12-10_165708.png","datePublished":"2020-11-14T13:19:50+00:00","dateModified":"2023-04-22T11:23:27+00:00","description":"Preis inkl. MwSt.: 66,36\u20ac Das neue Pro-Balance Eskadron-Pad\u00a0 besteht aus zwei Gummih\u00e4lften, die durch 4 einzeln einstellbare Klettb\u00e4nder verbunden sind, wodurch die Breite des Pads bestimmt werden kann. Der untere Teil besteht aus rutschfestem Gummi, wodurch sich das Pad nicht bewegt. Seine Besonderheit ist zum einen, dass durch die Zweiteilung eine optimale Bewegung der Wirbels\u00e4ule gew\u00e4hrleistet ist. Auf der anderen Seite geht es allm\u00e4hlich von 0,5 cm H\u00f6he vorne auf 2,5 cm H\u00f6he hinten \u00fcber, wodurch der Druck auf der R\u00fcckseite des Sattels dank des Eskadron Pro-Balance-Pads abgebaut wird. Es kann auch in umgekehrter Weise verwendet werden, um die Vorderseite des Sattels anzuheben.ESKADRON und PIKEUR haben eine breite Palette von Artikeln mit einer Vielzahl von Gr\u00f6\u00dfen und Farben, ZALDI hat nicht alle von ihnen permanent auf Lager. Wenn der gew\u00fcnschte Artikel, die gew\u00fcnschte Gr\u00f6\u00dfe oder Farbe nicht in unserem Lager ist, k\u00f6nnen Sie ihn bei ZALDI mit einer Lieferzeit von ca. 10 Wochen anfordern. Denken Sie daran, dass ESKADRON und PIKEUR alle 6 Monate eine saisonale Kollektion pr\u00e4sentieren, Fr\u00fchling-Sommer oder Herbst-Winter. Erh\u00e4ltlich \u00fcber Zaldionline.com Ref. 2101125","breadcrumb":{"@id":"https:\/\/www.zaldionline.com\/es\/producto\/salvacruces-eskadron-pro-balance-pad-254300\/#breadcrumb"},"inLanguage":"es","potentialAction":[{"@type":"ReadAction","target":["https:\/\/www.zaldionline.com\/es\/producto\/salvacruces-eskadron-pro-balance-pad-254300\/"]}]},{"@type":"ImageObject","inLanguage":"es","@id":"https:\/\/www.zaldionline.com\/es\/producto\/salvacruces-eskadron-pro-balance-pad-254300\/#primaryimage","url":"https:\/\/www.zaldionline.com\/es\/wp-content\/uploads\/sites\/2\/2020\/11\/Bild_2020-12-10_165708.png","contentUrl":"https:\/\/www.zaldionline.com\/es\/wp-content\/uploads\/sites\/2\/2020\/11\/Bild_2020-12-10_165708.png","width":513,"height":507},{"@type":"BreadcrumbList","@id":"https:\/\/www.zaldionline.com\/es\/producto\/salvacruces-eskadron-pro-balance-pad-254300\/#breadcrumb","itemListElement":[{"@type":"ListItem","position":1,"name":"Portada","item":"https:\/\/www.zaldionline.com\/es\/"},{"@type":"ListItem","position":2,"name":"Sillas y accesorios","item":"https:\/\/www.zaldionline.com\/es\/sillas-y-accesorios\/"},{"@type":"ListItem","position":3,"name":"AUSGLEICHSPAD F\u00dcR ERH\u00d6HUNG DES SATTELS VORNE ODER HINTEN ESKADRON"}]},{"@type":"WebSite","@id":"https:\/\/www.zaldionline.com\/es\/#website","url":"https:\/\/www.zaldionline.com\/es\/","name":"Zaldionline.com","description":"Los mejores productos para usted y su caballo","potentialAction":[{"@type":"SearchAction","target":{"@type":"EntryPoint","urlTemplate":"https:\/\/www.zaldionline.com\/es\/?s={search_term_string}"},"query-input":{"@type":"PropertyValueSpecification","valueRequired":true,"valueName":"search_term_string"}}],"inLanguage":"es"}]}},"_links":{"self":[{"href":"https:\/\/www.zaldionline.com\/es\/wp-json\/wp\/v2\/product\/16616","targetHints":{"allow":["GET"]}}],"collection":[{"href":"https:\/\/www.zaldionline.com\/es\/wp-json\/wp\/v2\/product"}],"about":[{"href":"https:\/\/www.zaldionline.com\/es\/wp-json\/wp\/v2\/types\/product"}],"replies":[{"embeddable":true,"href":"https:\/\/www.zaldionline.com\/es\/wp-json\/wp\/v2\/comments?post=16616"}],"version-history":[{"count":1,"href":"https:\/\/www.zaldionline.com\/es\/wp-json\/wp\/v2\/product\/16616\/revisions"}],"predecessor-version":[{"id":23437,"href":"https:\/\/www.zaldionline.com\/es\/wp-json\/wp\/v2\/product\/16616\/revisions\/23437"}],"wp:featuredmedia":[{"embeddable":true,"href":"https:\/\/www.zaldionline.com\/es\/wp-json\/wp\/v2\/media\/17481"}],"wp:attachment":[{"href":"https:\/\/www.zaldionline.com\/es\/wp-json\/wp\/v2\/media?parent=16616"}],"wp:term":[{"taxonomy":"product_brand","embeddable":true,"href":"https:\/\/www.zaldionline.com\/es\/wp-json\/wp\/v2\/product_brand?post=16616"},{"taxonomy":"product_cat","embeddable":true,"href":"https:\/\/www.zaldionline.com\/es\/wp-json\/wp\/v2\/product_cat?post=16616"},{"taxonomy":"product_tag","embeddable":true,"href":"https:\/\/www.zaldionline.com\/es\/wp-json\/wp\/v2\/product_tag?post=16616"}],"curies":[{"name":"wp","href":"https:\/\/api.w.org\/{rel}","templated":true}]}}