{"id":16678,"date":"2020-11-15T10:04:23","date_gmt":"2020-11-15T10:04:23","guid":{"rendered":"https:\/\/zaldionline.com\/?post_type=product&#038;p=16678"},"modified":"2023-04-25T08:37:17","modified_gmt":"2023-04-25T08:37:17","slug":"zaleas-fur-englische-sattel-lammfell-leder","status":"publish","type":"product","link":"https:\/\/www.zaldionline.com\/es\/producto\/zaleas-fur-englische-sattel-lammfell-leder\/","title":{"rendered":"ZALEAS F\u00dcR ENGLISCHE ZALDI S\u00c4TTEL LAMMFELL LEDER"},"content":{"rendered":"\t\t<div data-elementor-type=\"wp-post\" data-elementor-id=\"16678\" class=\"elementor elementor-16678\">\n\t\t\t\t\t\t<section class=\"elementor-section elementor-top-section elementor-element elementor-element-491d8376 elementor-section-boxed elementor-section-height-default elementor-section-height-default\" data-id=\"491d8376\" data-element_type=\"section\" data-e-type=\"section\">\n\t\t\t\t\t\t<div class=\"elementor-container elementor-column-gap-default\">\n\t\t\t\t\t<div class=\"elementor-column elementor-col-100 elementor-top-column elementor-element elementor-element-1f7e96f6\" data-id=\"1f7e96f6\" data-element_type=\"column\" data-e-type=\"column\">\n\t\t\t<div class=\"elementor-widget-wrap elementor-element-populated\">\n\t\t\t\t\t\t<div class=\"elementor-element elementor-element-1cf27d93 elementor-widget elementor-widget-text-editor\" data-id=\"1cf27d93\" data-element_type=\"widget\" data-e-type=\"widget\" data-widget_type=\"text-editor.default\">\n\t\t\t\t<div class=\"elementor-widget-container\">\n\t\t\t\t\t\t\t\t\t<p>Preis inkl. MwSt.: 282,79\u20ac<\/p>\n<p><span style=\"color: #ff0000;\">ACHTUNG: EXKLUSIV F\u00dcR ZALDI S\u00c4TTEL, NICHT F\u00dcR ANDERE MARKEN!<\/span><\/p>\n<p><img fetchpriority=\"high\" decoding=\"async\" class=\"size-medium wp-image-17568 aligncenter\" style=\"font-size: 1rem;\" src=\"https:\/\/zaldionline.com\/wp-content\/uploads\/2020\/11\/Zaldi-Zalea-Hell-mit-schwarz-VS-Sattel-169x300.jpg\" alt=\"\" width=\"169\" height=\"300\" srcset=\"https:\/\/www.zaldionline.com\/es\/wp-content\/uploads\/sites\/2\/2020\/11\/Zaldi-Zalea-Hell-mit-schwarz-VS-Sattel-169x300.jpg 169w, https:\/\/www.zaldionline.com\/es\/wp-content\/uploads\/sites\/2\/2020\/11\/Zaldi-Zalea-Hell-mit-schwarz-VS-Sattel-600x1067.jpg 600w, https:\/\/www.zaldionline.com\/es\/wp-content\/uploads\/sites\/2\/2020\/11\/Zaldi-Zalea-Hell-mit-schwarz-VS-Sattel-576x1024.jpg 576w, https:\/\/www.zaldionline.com\/es\/wp-content\/uploads\/sites\/2\/2020\/11\/Zaldi-Zalea-Hell-mit-schwarz-VS-Sattel-768x1365.jpg 768w, https:\/\/www.zaldionline.com\/es\/wp-content\/uploads\/sites\/2\/2020\/11\/Zaldi-Zalea-Hell-mit-schwarz-VS-Sattel-864x1536.jpg 864w, https:\/\/www.zaldionline.com\/es\/wp-content\/uploads\/sites\/2\/2020\/11\/Zaldi-Zalea-Hell-mit-schwarz-VS-Sattel-1152x2048.jpg 1152w, https:\/\/www.zaldionline.com\/es\/wp-content\/uploads\/sites\/2\/2020\/11\/Zaldi-Zalea-Hell-mit-schwarz-VS-Sattel-1170x2080.jpg 1170w, https:\/\/www.zaldionline.com\/es\/wp-content\/uploads\/sites\/2\/2020\/11\/Zaldi-Zalea-Hell-mit-schwarz-VS-Sattel-scaled.jpg 1440w\" sizes=\"(max-width: 169px) 100vw, 169px\" \/><br><strong style=\"font-size: 1rem;\"><span style=\"color: #ff0000;\"><img decoding=\"async\" class=\"size-medium wp-image-17569 aligncenter\" src=\"https:\/\/zaldionline.com\/wp-content\/uploads\/2020\/11\/ZALEA-ZALDI-Dressursattel-schwarz-mit-braun-193x300.jpg\" alt=\"\" width=\"193\" height=\"300\" srcset=\"https:\/\/www.zaldionline.com\/es\/wp-content\/uploads\/sites\/2\/2020\/11\/ZALEA-ZALDI-Dressursattel-schwarz-mit-braun-193x300.jpg 193w, https:\/\/www.zaldionline.com\/es\/wp-content\/uploads\/sites\/2\/2020\/11\/ZALEA-ZALDI-Dressursattel-schwarz-mit-braun.jpg 465w\" sizes=\"(max-width: 193px) 100vw, 193px\" \/><\/span><\/strong><\/p>\n<p>Bezug passend f\u00fcr <em>ZALDI<\/em> Englische S\u00e4ttel<\/p><p>Dieser Preis ist f\u00fcr Modelle OHNE Gallerie wie alle englischen S\u00e4ttel und Modelle Lusitanus und Relvas.<\/p>\n<p>Hergestellt aus nat\u00fcrlichem Lammfell<\/p>\n<p>Sch\u00fctzen Sie den Sattel<\/p>\n<p>Bietet Komfort und handwerkliche \u00c4sthetik<\/p>\n<p><span style=\"font-size: 12px; color: #ff6600;\"><a style=\"color: #ff6600;\" href=\"https:\/\/youtu.be\/C0XkAiC5wZI\">KLICK HIER F\u00dcR EIN VIDEO<\/a><\/span><\/p>\n<p><span style=\"font-size: 14px; color: #ff6600;\"><a style=\"color: #ff6600;\" href=\"https:\/\/www.youtube.com\/watch?v=1ImQcn4-_Q8&amp;t=7s\">KLICK HIER F\u00dcR NOCH EIN VIDEO<\/a><\/span><\/p>\n<p>Randfarben: Schwarz, Braun, Haselnuss<\/p>\n<p>Hergestellt von <em>ZALDI<\/em><\/p>\n<p>Ref: 01110060001<\/p>\n<p><strong>ZALEAS (\u00dcberzug f\u00fcr den Sattel aus Lammfell und Leder) werden nach Ma\u00df und in der gew\u00fcnschten Farbe (hell oder schwarz), sowie der gew\u00fcnschten Lederfarbe hergestellt.<\/strong><\/p>\n<p><span style=\"color: #ff0000; font-size: 14px;\"><strong>Bitte nennen Sie uns das Modell, Sitzgr\u00f6\u00dfe und die Sattelnummer (steht unter dem Sattelblatt) in den &#8220;Anmerkungen&#8221; der online Bestellung!<\/strong><\/span><\/p>\t\t\t\t\t\t\t\t<\/div>\n\t\t\t\t<\/div>\n\t\t\t\t\t<\/div>\n\t\t<\/div>\n\t\t\t\t\t<\/div>\n\t\t<\/section>\n\t\t\t\t<\/div>\n\t\t","protected":false},"excerpt":{"rendered":"<p>Preis inkl. MwSt.: 282,79\u20ac ACHTUNG: EXKLUSIV F\u00dcR ZALDI S\u00c4TTEL, NICHT F\u00dcR ANDERE MARKEN! Bezug passend f\u00fcr ZALDI Englische S\u00e4ttel Dieser Preis ist f\u00fcr Modelle OHNE Gallerie wie alle englischen S\u00e4ttel und Modelle Lusitanus und Relvas. Hergestellt aus nat\u00fcrlichem Lammfell Sch\u00fctzen Sie den Sattel Bietet Komfort und handwerkliche \u00c4sthetik KLICK HIER F\u00dcR EIN VIDEO KLICK HIER [&hellip;]<\/p>\n","protected":false},"featured_media":17476,"comment_status":"open","ping_status":"closed","template":"","meta":{"site-sidebar-layout":"default","site-content-layout":"default","ast-site-content-layout":"default","site-content-style":"default","site-sidebar-style":"default","ast-global-header-display":"","ast-banner-title-visibility":"","ast-main-header-display":"","ast-hfb-above-header-display":"","ast-hfb-below-header-display":"","ast-hfb-mobile-header-display":"","site-post-title":"","ast-breadcrumbs-content":"","ast-featured-img":"","footer-sml-layout":"","ast-disable-related-posts":"","theme-transparent-header-meta":"default","adv-header-id-meta":"","stick-header-meta":"","header-above-stick-meta":"","header-main-stick-meta":"","header-below-stick-meta":"","astra-migrate-meta-layouts":"default","ast-page-background-enabled":"default","ast-page-background-meta":{"desktop":{"background-color":"var(--ast-global-color-4)","background-image":"","background-repeat":"repeat","background-position":"center center","background-size":"auto","background-attachment":"scroll","background-type":"","background-media":"","overlay-type":"","overlay-color":"","overlay-opacity":"","overlay-gradient":""},"tablet":{"background-color":"","background-image":"","background-repeat":"repeat","background-position":"center center","background-size":"auto","background-attachment":"scroll","background-type":"","background-media":"","overlay-type":"","overlay-color":"","overlay-opacity":"","overlay-gradient":""},"mobile":{"background-color":"","background-image":"","background-repeat":"repeat","background-position":"center center","background-size":"auto","background-attachment":"scroll","background-type":"","background-media":"","overlay-type":"","overlay-color":"","overlay-opacity":"","overlay-gradient":""}},"ast-content-background-meta":{"desktop":{"background-color":"var(--ast-global-color-5)","background-image":"","background-repeat":"repeat","background-position":"center center","background-size":"auto","background-attachment":"scroll","background-type":"","background-media":"","overlay-type":"","overlay-color":"","overlay-opacity":"","overlay-gradient":""},"tablet":{"background-color":"var(--ast-global-color-5)","background-image":"","background-repeat":"repeat","background-position":"center center","background-size":"auto","background-attachment":"scroll","background-type":"","background-media":"","overlay-type":"","overlay-color":"","overlay-opacity":"","overlay-gradient":""},"mobile":{"background-color":"var(--ast-global-color-5)","background-image":"","background-repeat":"repeat","background-position":"center center","background-size":"auto","background-attachment":"scroll","background-type":"","background-media":"","overlay-type":"","overlay-color":"","overlay-opacity":"","overlay-gradient":""}},"ngg_post_thumbnail":0},"product_brand":[],"product_cat":[18,63],"product_tag":[409,596,802,652,340,337,338,339,713,650],"class_list":{"0":"post-16678","1":"product","2":"type-product","3":"status-publish","4":"has-post-thumbnail","6":"product_cat-accesorios","7":"product_cat-fundas-de-sillas-zaleas","8":"product_tag-custom-sattel","9":"product_tag-englischer-sattel","10":"product_tag-sattelschutz","11":"product_tag-sattelsitzbezug","12":"product_tag-susanne-nagel","13":"product_tag-zaldi","14":"product_tag-zaldi-deutschland","15":"product_tag-zaldi-online-com","16":"product_tag-zalea-englischer-sattel","17":"product_tag-zaleas","18":"desktop-align-left","19":"tablet-align-left","20":"mobile-align-left","22":"first","23":"instock","24":"taxable","25":"shipping-taxable","26":"purchasable","27":"product-type-simple"},"yoast_head":"<!-- This site is optimized with the Yoast SEO plugin v27.5 - https:\/\/yoast.com\/product\/yoast-seo-wordpress\/ -->\n<title>ZALEAS F\u00dcR ENGLISCHE ZALDI S\u00c4TTEL LAMMFELL LEDER - Zaldionline.com<\/title>\n<meta name=\"description\" content=\"Preis inkl. MwSt.: 235,65\u20ac ACHTUNG: EXKLUSIV F\u00dcR ZALDI S\u00c4TTEL, NICHT F\u00dcR ANDERE MARKEN GEEIGNET. Bezug passend f\u00fcr ZALDI Englische S\u00e4ttel. Hergestellt aus nat\u00fcrlichem Lammfell. Sch\u00fctzen Sie Ihren Sattel. Bietet Komfort und handwerkliche \u00c4sthetik. Randfarben: Schwarz, Braun, Haselnuss. Hergestellt von ZALDI. ZALEAS (\u00dcberzug f\u00fcr S\u00e4ttel aus Lammfell und Leder) werden nach Ma\u00df und in der gew\u00fcnschten Farbe (hell oder schwarz), sowie der gew\u00fcnschten Lederfarbe hergestellt. Bitte nennen Sie uns das Modell, Sitzgr\u00f6\u00dfe und die Sattelnummer (unter dem Sattelblatt) in den &quot;Anmerkungen&quot; Ihrer Online-Bestellung! Erh\u00e4ltlich \u00fcber Zaldionline.com Ref: 01110060001\" \/>\n<meta name=\"robots\" content=\"noindex, follow, max-snippet:-1, max-image-preview:large, max-video-preview:-1\" \/>\n<meta property=\"og:locale\" content=\"es_ES\" \/>\n<meta property=\"og:type\" content=\"article\" \/>\n<meta property=\"og:title\" content=\"ZALEAS F\u00dcR ENGLISCHE ZALDI S\u00c4TTEL LAMMFELL LEDER - Zaldionline.com\" \/>\n<meta property=\"og:description\" content=\"Preis inkl. MwSt.: 235,65\u20ac ACHTUNG: EXKLUSIV F\u00dcR ZALDI S\u00c4TTEL, NICHT F\u00dcR ANDERE MARKEN GEEIGNET. Bezug passend f\u00fcr ZALDI Englische S\u00e4ttel. Hergestellt aus nat\u00fcrlichem Lammfell. Sch\u00fctzen Sie Ihren Sattel. Bietet Komfort und handwerkliche \u00c4sthetik. Randfarben: Schwarz, Braun, Haselnuss. Hergestellt von ZALDI. ZALEAS (\u00dcberzug f\u00fcr S\u00e4ttel aus Lammfell und Leder) werden nach Ma\u00df und in der gew\u00fcnschten Farbe (hell oder schwarz), sowie der gew\u00fcnschten Lederfarbe hergestellt. Bitte nennen Sie uns das Modell, Sitzgr\u00f6\u00dfe und die Sattelnummer (unter dem Sattelblatt) in den &quot;Anmerkungen&quot; Ihrer Online-Bestellung! Erh\u00e4ltlich \u00fcber Zaldionline.com Ref: 01110060001\" \/>\n<meta property=\"og:url\" content=\"https:\/\/www.zaldionline.com\/es\/producto\/zaleas-fur-englische-sattel-lammfell-leder\/\" \/>\n<meta property=\"og:site_name\" content=\"Zaldionline.com\" \/>\n<meta property=\"article:modified_time\" content=\"2023-04-25T08:37:17+00:00\" \/>\n<meta property=\"og:image\" content=\"https:\/\/www.zaldionline.com\/es\/wp-content\/uploads\/sites\/2\/2020\/11\/Bild_2020-12-10_165117.png\" \/>\n\t<meta property=\"og:image:width\" content=\"518\" \/>\n\t<meta property=\"og:image:height\" content=\"506\" \/>\n\t<meta property=\"og:image:type\" content=\"image\/png\" \/>\n<meta name=\"twitter:card\" content=\"summary_large_image\" \/>\n<meta name=\"twitter:label1\" content=\"Tiempo de lectura\" \/>\n\t<meta name=\"twitter:data1\" content=\"2 minutos\" \/>\n<script type=\"application\/ld+json\" class=\"yoast-schema-graph\">{\"@context\":\"https:\\\/\\\/schema.org\",\"@graph\":[{\"@type\":\"WebPage\",\"@id\":\"https:\\\/\\\/www.zaldionline.com\\\/es\\\/producto\\\/zaleas-fur-englische-sattel-lammfell-leder\\\/\",\"url\":\"https:\\\/\\\/www.zaldionline.com\\\/es\\\/producto\\\/zaleas-fur-englische-sattel-lammfell-leder\\\/\",\"name\":\"ZALEAS F\u00dcR ENGLISCHE ZALDI S\u00c4TTEL LAMMFELL LEDER - Zaldionline.com\",\"isPartOf\":{\"@id\":\"https:\\\/\\\/www.zaldionline.com\\\/es\\\/#website\"},\"primaryImageOfPage\":{\"@id\":\"https:\\\/\\\/www.zaldionline.com\\\/es\\\/producto\\\/zaleas-fur-englische-sattel-lammfell-leder\\\/#primaryimage\"},\"image\":{\"@id\":\"https:\\\/\\\/www.zaldionline.com\\\/es\\\/producto\\\/zaleas-fur-englische-sattel-lammfell-leder\\\/#primaryimage\"},\"thumbnailUrl\":\"https:\\\/\\\/www.zaldionline.com\\\/es\\\/wp-content\\\/uploads\\\/sites\\\/2\\\/2020\\\/11\\\/Bild_2020-12-10_165117.png\",\"datePublished\":\"2020-11-15T10:04:23+00:00\",\"dateModified\":\"2023-04-25T08:37:17+00:00\",\"description\":\"Preis inkl. MwSt.: 235,65\u20ac ACHTUNG: EXKLUSIV F\u00dcR ZALDI S\u00c4TTEL, NICHT F\u00dcR ANDERE MARKEN GEEIGNET. Bezug passend f\u00fcr ZALDI Englische S\u00e4ttel. Hergestellt aus nat\u00fcrlichem Lammfell. Sch\u00fctzen Sie Ihren Sattel. Bietet Komfort und handwerkliche \u00c4sthetik. Randfarben: Schwarz, Braun, Haselnuss. Hergestellt von ZALDI. ZALEAS (\u00dcberzug f\u00fcr S\u00e4ttel aus Lammfell und Leder) werden nach Ma\u00df und in der gew\u00fcnschten Farbe (hell oder schwarz), sowie der gew\u00fcnschten Lederfarbe hergestellt. Bitte nennen Sie uns das Modell, Sitzgr\u00f6\u00dfe und die Sattelnummer (unter dem Sattelblatt) in den \\\"Anmerkungen\\\" Ihrer Online-Bestellung! Erh\u00e4ltlich \u00fcber Zaldionline.com Ref: 01110060001\",\"breadcrumb\":{\"@id\":\"https:\\\/\\\/www.zaldionline.com\\\/es\\\/producto\\\/zaleas-fur-englische-sattel-lammfell-leder\\\/#breadcrumb\"},\"inLanguage\":\"es\",\"potentialAction\":[{\"@type\":\"ReadAction\",\"target\":[\"https:\\\/\\\/www.zaldionline.com\\\/es\\\/producto\\\/zaleas-fur-englische-sattel-lammfell-leder\\\/\"]}]},{\"@type\":\"ImageObject\",\"inLanguage\":\"es\",\"@id\":\"https:\\\/\\\/www.zaldionline.com\\\/es\\\/producto\\\/zaleas-fur-englische-sattel-lammfell-leder\\\/#primaryimage\",\"url\":\"https:\\\/\\\/www.zaldionline.com\\\/es\\\/wp-content\\\/uploads\\\/sites\\\/2\\\/2020\\\/11\\\/Bild_2020-12-10_165117.png\",\"contentUrl\":\"https:\\\/\\\/www.zaldionline.com\\\/es\\\/wp-content\\\/uploads\\\/sites\\\/2\\\/2020\\\/11\\\/Bild_2020-12-10_165117.png\",\"width\":518,\"height\":506},{\"@type\":\"BreadcrumbList\",\"@id\":\"https:\\\/\\\/www.zaldionline.com\\\/es\\\/producto\\\/zaleas-fur-englische-sattel-lammfell-leder\\\/#breadcrumb\",\"itemListElement\":[{\"@type\":\"ListItem\",\"position\":1,\"name\":\"Portada\",\"item\":\"https:\\\/\\\/www.zaldionline.com\\\/es\\\/\"},{\"@type\":\"ListItem\",\"position\":2,\"name\":\"Sillas y accesorios\",\"item\":\"https:\\\/\\\/www.zaldionline.com\\\/es\\\/sillas-y-accesorios\\\/\"},{\"@type\":\"ListItem\",\"position\":3,\"name\":\"ZALEAS F\u00dcR ENGLISCHE ZALDI S\u00c4TTEL LAMMFELL LEDER\"}]},{\"@type\":\"WebSite\",\"@id\":\"https:\\\/\\\/www.zaldionline.com\\\/es\\\/#website\",\"url\":\"https:\\\/\\\/www.zaldionline.com\\\/es\\\/\",\"name\":\"Zaldionline.com\",\"description\":\"Los mejores productos para usted y su caballo\",\"potentialAction\":[{\"@type\":\"SearchAction\",\"target\":{\"@type\":\"EntryPoint\",\"urlTemplate\":\"https:\\\/\\\/www.zaldionline.com\\\/es\\\/?s={search_term_string}\"},\"query-input\":{\"@type\":\"PropertyValueSpecification\",\"valueRequired\":true,\"valueName\":\"search_term_string\"}}],\"inLanguage\":\"es\"}]}<\/script>\n<!-- \/ Yoast SEO plugin. -->","yoast_head_json":{"title":"ZALEAS F\u00dcR ENGLISCHE ZALDI S\u00c4TTEL LAMMFELL LEDER - Zaldionline.com","description":"Preis inkl. MwSt.: 235,65\u20ac ACHTUNG: EXKLUSIV F\u00dcR ZALDI S\u00c4TTEL, NICHT F\u00dcR ANDERE MARKEN GEEIGNET. Bezug passend f\u00fcr ZALDI Englische S\u00e4ttel. Hergestellt aus nat\u00fcrlichem Lammfell. Sch\u00fctzen Sie Ihren Sattel. Bietet Komfort und handwerkliche \u00c4sthetik. Randfarben: Schwarz, Braun, Haselnuss. Hergestellt von ZALDI. ZALEAS (\u00dcberzug f\u00fcr S\u00e4ttel aus Lammfell und Leder) werden nach Ma\u00df und in der gew\u00fcnschten Farbe (hell oder schwarz), sowie der gew\u00fcnschten Lederfarbe hergestellt. Bitte nennen Sie uns das Modell, Sitzgr\u00f6\u00dfe und die Sattelnummer (unter dem Sattelblatt) in den \"Anmerkungen\" Ihrer Online-Bestellung! Erh\u00e4ltlich \u00fcber Zaldionline.com Ref: 01110060001","robots":{"index":"noindex","follow":"follow","max-snippet":"max-snippet:-1","max-image-preview":"max-image-preview:large","max-video-preview":"max-video-preview:-1"},"og_locale":"es_ES","og_type":"article","og_title":"ZALEAS F\u00dcR ENGLISCHE ZALDI S\u00c4TTEL LAMMFELL LEDER - Zaldionline.com","og_description":"Preis inkl. MwSt.: 235,65\u20ac ACHTUNG: EXKLUSIV F\u00dcR ZALDI S\u00c4TTEL, NICHT F\u00dcR ANDERE MARKEN GEEIGNET. Bezug passend f\u00fcr ZALDI Englische S\u00e4ttel. Hergestellt aus nat\u00fcrlichem Lammfell. Sch\u00fctzen Sie Ihren Sattel. Bietet Komfort und handwerkliche \u00c4sthetik. Randfarben: Schwarz, Braun, Haselnuss. Hergestellt von ZALDI. ZALEAS (\u00dcberzug f\u00fcr S\u00e4ttel aus Lammfell und Leder) werden nach Ma\u00df und in der gew\u00fcnschten Farbe (hell oder schwarz), sowie der gew\u00fcnschten Lederfarbe hergestellt. Bitte nennen Sie uns das Modell, Sitzgr\u00f6\u00dfe und die Sattelnummer (unter dem Sattelblatt) in den \"Anmerkungen\" Ihrer Online-Bestellung! Erh\u00e4ltlich \u00fcber Zaldionline.com Ref: 01110060001","og_url":"https:\/\/www.zaldionline.com\/es\/producto\/zaleas-fur-englische-sattel-lammfell-leder\/","og_site_name":"Zaldionline.com","article_modified_time":"2023-04-25T08:37:17+00:00","og_image":[{"width":518,"height":506,"url":"https:\/\/www.zaldionline.com\/es\/wp-content\/uploads\/sites\/2\/2020\/11\/Bild_2020-12-10_165117.png","type":"image\/png"}],"twitter_card":"summary_large_image","twitter_misc":{"Tiempo de lectura":"2 minutos"},"schema":{"@context":"https:\/\/schema.org","@graph":[{"@type":"WebPage","@id":"https:\/\/www.zaldionline.com\/es\/producto\/zaleas-fur-englische-sattel-lammfell-leder\/","url":"https:\/\/www.zaldionline.com\/es\/producto\/zaleas-fur-englische-sattel-lammfell-leder\/","name":"ZALEAS F\u00dcR ENGLISCHE ZALDI S\u00c4TTEL LAMMFELL LEDER - Zaldionline.com","isPartOf":{"@id":"https:\/\/www.zaldionline.com\/es\/#website"},"primaryImageOfPage":{"@id":"https:\/\/www.zaldionline.com\/es\/producto\/zaleas-fur-englische-sattel-lammfell-leder\/#primaryimage"},"image":{"@id":"https:\/\/www.zaldionline.com\/es\/producto\/zaleas-fur-englische-sattel-lammfell-leder\/#primaryimage"},"thumbnailUrl":"https:\/\/www.zaldionline.com\/es\/wp-content\/uploads\/sites\/2\/2020\/11\/Bild_2020-12-10_165117.png","datePublished":"2020-11-15T10:04:23+00:00","dateModified":"2023-04-25T08:37:17+00:00","description":"Preis inkl. MwSt.: 235,65\u20ac ACHTUNG: EXKLUSIV F\u00dcR ZALDI S\u00c4TTEL, NICHT F\u00dcR ANDERE MARKEN GEEIGNET. Bezug passend f\u00fcr ZALDI Englische S\u00e4ttel. Hergestellt aus nat\u00fcrlichem Lammfell. Sch\u00fctzen Sie Ihren Sattel. Bietet Komfort und handwerkliche \u00c4sthetik. Randfarben: Schwarz, Braun, Haselnuss. Hergestellt von ZALDI. ZALEAS (\u00dcberzug f\u00fcr S\u00e4ttel aus Lammfell und Leder) werden nach Ma\u00df und in der gew\u00fcnschten Farbe (hell oder schwarz), sowie der gew\u00fcnschten Lederfarbe hergestellt. Bitte nennen Sie uns das Modell, Sitzgr\u00f6\u00dfe und die Sattelnummer (unter dem Sattelblatt) in den \"Anmerkungen\" Ihrer Online-Bestellung! Erh\u00e4ltlich \u00fcber Zaldionline.com Ref: 01110060001","breadcrumb":{"@id":"https:\/\/www.zaldionline.com\/es\/producto\/zaleas-fur-englische-sattel-lammfell-leder\/#breadcrumb"},"inLanguage":"es","potentialAction":[{"@type":"ReadAction","target":["https:\/\/www.zaldionline.com\/es\/producto\/zaleas-fur-englische-sattel-lammfell-leder\/"]}]},{"@type":"ImageObject","inLanguage":"es","@id":"https:\/\/www.zaldionline.com\/es\/producto\/zaleas-fur-englische-sattel-lammfell-leder\/#primaryimage","url":"https:\/\/www.zaldionline.com\/es\/wp-content\/uploads\/sites\/2\/2020\/11\/Bild_2020-12-10_165117.png","contentUrl":"https:\/\/www.zaldionline.com\/es\/wp-content\/uploads\/sites\/2\/2020\/11\/Bild_2020-12-10_165117.png","width":518,"height":506},{"@type":"BreadcrumbList","@id":"https:\/\/www.zaldionline.com\/es\/producto\/zaleas-fur-englische-sattel-lammfell-leder\/#breadcrumb","itemListElement":[{"@type":"ListItem","position":1,"name":"Portada","item":"https:\/\/www.zaldionline.com\/es\/"},{"@type":"ListItem","position":2,"name":"Sillas y accesorios","item":"https:\/\/www.zaldionline.com\/es\/sillas-y-accesorios\/"},{"@type":"ListItem","position":3,"name":"ZALEAS F\u00dcR ENGLISCHE ZALDI S\u00c4TTEL LAMMFELL LEDER"}]},{"@type":"WebSite","@id":"https:\/\/www.zaldionline.com\/es\/#website","url":"https:\/\/www.zaldionline.com\/es\/","name":"Zaldionline.com","description":"Los mejores productos para usted y su caballo","potentialAction":[{"@type":"SearchAction","target":{"@type":"EntryPoint","urlTemplate":"https:\/\/www.zaldionline.com\/es\/?s={search_term_string}"},"query-input":{"@type":"PropertyValueSpecification","valueRequired":true,"valueName":"search_term_string"}}],"inLanguage":"es"}]}},"_links":{"self":[{"href":"https:\/\/www.zaldionline.com\/es\/wp-json\/wp\/v2\/product\/16678","targetHints":{"allow":["GET"]}}],"collection":[{"href":"https:\/\/www.zaldionline.com\/es\/wp-json\/wp\/v2\/product"}],"about":[{"href":"https:\/\/www.zaldionline.com\/es\/wp-json\/wp\/v2\/types\/product"}],"replies":[{"embeddable":true,"href":"https:\/\/www.zaldionline.com\/es\/wp-json\/wp\/v2\/comments?post=16678"}],"version-history":[{"count":4,"href":"https:\/\/www.zaldionline.com\/es\/wp-json\/wp\/v2\/product\/16678\/revisions"}],"predecessor-version":[{"id":23752,"href":"https:\/\/www.zaldionline.com\/es\/wp-json\/wp\/v2\/product\/16678\/revisions\/23752"}],"wp:featuredmedia":[{"embeddable":true,"href":"https:\/\/www.zaldionline.com\/es\/wp-json\/wp\/v2\/media\/17476"}],"wp:attachment":[{"href":"https:\/\/www.zaldionline.com\/es\/wp-json\/wp\/v2\/media?parent=16678"}],"wp:term":[{"taxonomy":"product_brand","embeddable":true,"href":"https:\/\/www.zaldionline.com\/es\/wp-json\/wp\/v2\/product_brand?post=16678"},{"taxonomy":"product_cat","embeddable":true,"href":"https:\/\/www.zaldionline.com\/es\/wp-json\/wp\/v2\/product_cat?post=16678"},{"taxonomy":"product_tag","embeddable":true,"href":"https:\/\/www.zaldionline.com\/es\/wp-json\/wp\/v2\/product_tag?post=16678"}],"curies":[{"name":"wp","href":"https:\/\/api.w.org\/{rel}","templated":true}]}}