{"id":16719,"date":"2020-11-15T14:56:35","date_gmt":"2020-11-15T14:56:35","guid":{"rendered":"https:\/\/zaldionline.com\/?post_type=product&#038;p=16719"},"modified":"2023-04-19T12:53:51","modified_gmt":"2023-04-19T12:53:51","slug":"geschenkartikel-taschen-reisetasche-kollektion-horse-lady-n-08","status":"publish","type":"product","link":"https:\/\/www.zaldionline.com\/es\/producto\/geschenkartikel-taschen-reisetasche-kollektion-horse-lady-n-08\/","title":{"rendered":"REISETASCHE BAG TASCHEN KOLLEKTION HORSE &#038; LADY N\u00b008"},"content":{"rendered":"<p>Preis inkl. MwSt.: 46,09 \u20ac<\/p>\n<p>HORSE &amp; LADY COLLECTION BAG N\u00ba08<\/p>\n<p>Klassische, elegante und funktionale gro\u00dfe Reisetasche im englischen Stil aus bedrucktem Stoff mit Reitmotiven. Sie kann eine fantastische Option sein, da sie eine gro\u00dfe Aufbewahrungskapazit\u00e4t f\u00fcr Ihre Reisen bietet. Diese Tasche erweist sich als ideale Wahl als Reisebegleiter.<\/p>\n<p>Kombinieren Sie Stil und Funktionalit\u00e4t in Ihrem Alltag.<\/p>\n<p>Es hat eine gro\u00dfe Speicherkapazit\u00e4t f\u00fcr Ihre Reisen oder f\u00fcr Ihr Training.<\/p>\n<p>Mit einem Paar robuster brauner Kunstledergriffe f\u00fcr einfache Mobilit\u00e4t verf\u00fcgt es \u00fcber einen goldenen Schnallenrei\u00dfverschluss oben und einen Zwei-Wege-Rei\u00dfverschluss zum bequemen \u00d6ffnen und Schlie\u00dfen. Das Innere ist vollst\u00e4ndig mit Nylon ausgekleidet. Es hat eine Innentasche mit Rei\u00dfverschluss, in der wichtige Gegenst\u00e4nde aufbewahrt werden k\u00f6nnen.<\/p>\n<p>Jeder, der die Kunst des Reitens sch\u00e4tzt, wird diese Taschenkollektion lieben.<\/p>\n<p>Es zeigt verschiedene Zeichnungen mit demselben Thema auf einem Hintergrund mit verschiedenen Gr\u00fcnt\u00f6nen, Braunt\u00f6nen, Beiget\u00f6nen usw.Jede Zeichnung ist sorgf\u00e4ltig detailliert und beweist damit, dass es sich um eine der beliebtesten Taschen handelt &#8211; britischer Lebensstil.<\/p>\n<p>Mit f\u00fcnf Metallf\u00fc\u00dfen an der Basis zur Unterst\u00fctzung der Tasche.<\/p>\n<p>Pflegeleicht zur Reinigung, nur mit einem feuchten Tuch reinigen, nicht in Wasser eintauchen.<\/p>\n<p>Ma\u00dfe dieser gro\u00dfen Reisetasche: 35 cm (H\u00f6he) x 54 cm (Breite) x 27 cm (Tiefe).<\/p>\n<p>Gewicht: 960 Gramm.<\/p>\n<p>Unterscheiden Sie sich von anderen, indem Sie Ihre Liebe zum Reiten zeigen.<\/p>\n<p>Ref. 2143528<\/p>\n","protected":false},"excerpt":{"rendered":"<p>Preis inkl. MwSt.: 46,09 \u20ac HORSE &amp; LADY COLLECTION BAG N\u00ba08 Klassische, elegante und funktionale gro\u00dfe Reisetasche im englischen Stil aus bedrucktem Stoff mit Reitmotiven. Sie kann eine fantastische Option sein, da sie eine gro\u00dfe Aufbewahrungskapazit\u00e4t f\u00fcr Ihre Reisen bietet. Diese Tasche erweist sich als ideale Wahl als Reisebegleiter. Kombinieren Sie Stil und Funktionalit\u00e4t in [&hellip;]<\/p>\n","protected":false},"featured_media":17471,"comment_status":"open","ping_status":"closed","template":"","meta":{"site-sidebar-layout":"default","site-content-layout":"default","ast-site-content-layout":"default","site-content-style":"default","site-sidebar-style":"default","ast-global-header-display":"","ast-banner-title-visibility":"","ast-main-header-display":"","ast-hfb-above-header-display":"","ast-hfb-below-header-display":"","ast-hfb-mobile-header-display":"","site-post-title":"","ast-breadcrumbs-content":"","ast-featured-img":"","footer-sml-layout":"","ast-disable-related-posts":"","theme-transparent-header-meta":"default","adv-header-id-meta":"","stick-header-meta":"","header-above-stick-meta":"","header-main-stick-meta":"","header-below-stick-meta":"","astra-migrate-meta-layouts":"default","ast-page-background-enabled":"default","ast-page-background-meta":{"desktop":{"background-color":"var(--ast-global-color-4)","background-image":"","background-repeat":"repeat","background-position":"center center","background-size":"auto","background-attachment":"scroll","background-type":"","background-media":"","overlay-type":"","overlay-color":"","overlay-opacity":"","overlay-gradient":""},"tablet":{"background-color":"","background-image":"","background-repeat":"repeat","background-position":"center center","background-size":"auto","background-attachment":"scroll","background-type":"","background-media":"","overlay-type":"","overlay-color":"","overlay-opacity":"","overlay-gradient":""},"mobile":{"background-color":"","background-image":"","background-repeat":"repeat","background-position":"center center","background-size":"auto","background-attachment":"scroll","background-type":"","background-media":"","overlay-type":"","overlay-color":"","overlay-opacity":"","overlay-gradient":""}},"ast-content-background-meta":{"desktop":{"background-color":"var(--ast-global-color-5)","background-image":"","background-repeat":"repeat","background-position":"center center","background-size":"auto","background-attachment":"scroll","background-type":"","background-media":"","overlay-type":"","overlay-color":"","overlay-opacity":"","overlay-gradient":""},"tablet":{"background-color":"var(--ast-global-color-5)","background-image":"","background-repeat":"repeat","background-position":"center center","background-size":"auto","background-attachment":"scroll","background-type":"","background-media":"","overlay-type":"","overlay-color":"","overlay-opacity":"","overlay-gradient":""},"mobile":{"background-color":"var(--ast-global-color-5)","background-image":"","background-repeat":"repeat","background-position":"center center","background-size":"auto","background-attachment":"scroll","background-type":"","background-media":"","overlay-type":"","overlay-color":"","overlay-opacity":"","overlay-gradient":""}},"ngg_post_thumbnail":0},"product_brand":[],"product_cat":[277],"product_tag":[794,797,340,796,337,338,339],"class_list":{"0":"post-16719","1":"product","2":"type-product","3":"status-publish","4":"has-post-thumbnail","6":"product_cat-neuigkeiten","7":"product_tag-reisetasche","8":"product_tag-reisetasche-mit-reitmotiv","9":"product_tag-susanne-nagel","10":"product_tag-weekender","11":"product_tag-zaldi","12":"product_tag-zaldi-deutschland","13":"product_tag-zaldi-online-com","14":"desktop-align-left","15":"tablet-align-left","16":"mobile-align-left","18":"first","19":"instock","20":"taxable","21":"shipping-taxable","22":"purchasable","23":"product-type-simple"},"yoast_head":"<!-- This site is optimized with the Yoast SEO plugin v27.4 - https:\/\/yoast.com\/product\/yoast-seo-wordpress\/ -->\n<title>REISETASCHE BAG TASCHEN KOLLEKTION HORSE &amp; LADY N\u00b008 - Zaldionline.com<\/title>\n<meta name=\"description\" content=\"Preis inkl. MwSt.: 46,09\u20ac. HORSE &amp; LADY COLLECTION BAG N\u00ba08. Klassische, elegante und funktionale gro\u00dfe Reisetasche im englischen Stil aus bedrucktem Stoff mit Reitmotiven. Sie kann eine fantastische Option sein, da sie eine gro\u00dfe Aufbewahrungskapazit\u00e4t f\u00fcr Ihre Reisen bietet. Diese Tasche erweist sich als ideale Wahl als Reisebegleiter. Kombinieren Sie Stil und Funktionalit\u00e4t in Ihrem Alltag. Es hat eine gro\u00dfe Speicherkapazit\u00e4t f\u00fcr Ihre Reisen oder f\u00fcr Ihr Training. Mit einem Paar robuster brauner Kunstledergriffe f\u00fcr einfache Mobilit\u00e4t verf\u00fcgt es \u00fcber einen goldenen Schnallenrei\u00dfverschluss oben und einen Zwei-Wege-Rei\u00dfverschluss zum bequemen \u00d6ffnen und Schlie\u00dfen. Das Innere ist vollst\u00e4ndig mit Nylon ausgekleidet. Es hat eine Innentasche mit Rei\u00dfverschluss, in der wichtige Gegenst\u00e4nde aufbewahrt werden k\u00f6nnen. Jeder, der die Kunst des Reitens sch\u00e4tzt, wird diese Taschenkollektion lieben. Es zeigt verschiedene Zeichnungen mit demselben Thema auf einem Hintergrund mit verschiedenen Gr\u00fcnt\u00f6nen, Braunt\u00f6nen, Beiget\u00f6nen usw. Jede Zeichnung ist sorgf\u00e4ltig detailliert und beweist damit, dass es sich um eine der beliebtesten Taschen handelt - britischer Lebensstil. Mit f\u00fcnf Metallf\u00fc\u00dfen an der Basis zur Unterst\u00fctzung der Tasche. Pflegeleicht zu reinigen, nur mit einem feuchten Tuch reinigen, nicht in Wasser eintauchen. Ma\u00dfe dieser gro\u00dfen Reisetasche: 35 cm (H\u00f6he) x 54 cm (Breite) x 27 cm (Tiefe). Gewicht: 960 Gramm. Unterscheiden Sie sich von anderen, indem Sie Ihre Liebe zum Reiten zeigen. Erh\u00e4ltlich \u00fcber Zaldionline.com Ref. 2143528\" \/>\n<meta name=\"robots\" content=\"noindex, follow, max-snippet:-1, max-image-preview:large, max-video-preview:-1\" \/>\n<meta property=\"og:locale\" content=\"es_ES\" \/>\n<meta property=\"og:type\" content=\"article\" \/>\n<meta property=\"og:title\" content=\"REISETASCHE BAG TASCHEN KOLLEKTION HORSE &amp; LADY N\u00b008 - Zaldionline.com\" \/>\n<meta property=\"og:description\" content=\"Preis inkl. MwSt.: 46,09\u20ac. HORSE &amp; LADY COLLECTION BAG N\u00ba08. Klassische, elegante und funktionale gro\u00dfe Reisetasche im englischen Stil aus bedrucktem Stoff mit Reitmotiven. Sie kann eine fantastische Option sein, da sie eine gro\u00dfe Aufbewahrungskapazit\u00e4t f\u00fcr Ihre Reisen bietet. Diese Tasche erweist sich als ideale Wahl als Reisebegleiter. Kombinieren Sie Stil und Funktionalit\u00e4t in Ihrem Alltag. Es hat eine gro\u00dfe Speicherkapazit\u00e4t f\u00fcr Ihre Reisen oder f\u00fcr Ihr Training. Mit einem Paar robuster brauner Kunstledergriffe f\u00fcr einfache Mobilit\u00e4t verf\u00fcgt es \u00fcber einen goldenen Schnallenrei\u00dfverschluss oben und einen Zwei-Wege-Rei\u00dfverschluss zum bequemen \u00d6ffnen und Schlie\u00dfen. Das Innere ist vollst\u00e4ndig mit Nylon ausgekleidet. Es hat eine Innentasche mit Rei\u00dfverschluss, in der wichtige Gegenst\u00e4nde aufbewahrt werden k\u00f6nnen. Jeder, der die Kunst des Reitens sch\u00e4tzt, wird diese Taschenkollektion lieben. Es zeigt verschiedene Zeichnungen mit demselben Thema auf einem Hintergrund mit verschiedenen Gr\u00fcnt\u00f6nen, Braunt\u00f6nen, Beiget\u00f6nen usw. Jede Zeichnung ist sorgf\u00e4ltig detailliert und beweist damit, dass es sich um eine der beliebtesten Taschen handelt - britischer Lebensstil. Mit f\u00fcnf Metallf\u00fc\u00dfen an der Basis zur Unterst\u00fctzung der Tasche. Pflegeleicht zu reinigen, nur mit einem feuchten Tuch reinigen, nicht in Wasser eintauchen. Ma\u00dfe dieser gro\u00dfen Reisetasche: 35 cm (H\u00f6he) x 54 cm (Breite) x 27 cm (Tiefe). Gewicht: 960 Gramm. Unterscheiden Sie sich von anderen, indem Sie Ihre Liebe zum Reiten zeigen. Erh\u00e4ltlich \u00fcber Zaldionline.com Ref. 2143528\" \/>\n<meta property=\"og:url\" content=\"https:\/\/www.zaldionline.com\/es\/producto\/geschenkartikel-taschen-reisetasche-kollektion-horse-lady-n-08\/\" \/>\n<meta property=\"og:site_name\" content=\"Zaldionline.com\" \/>\n<meta property=\"article:modified_time\" content=\"2023-04-19T12:53:51+00:00\" \/>\n<meta property=\"og:image\" content=\"https:\/\/www.zaldionline.com\/es\/wp-content\/uploads\/sites\/2\/2020\/11\/Bild_2020-12-10_164432.png\" \/>\n\t<meta property=\"og:image:width\" content=\"521\" \/>\n\t<meta property=\"og:image:height\" content=\"503\" \/>\n\t<meta property=\"og:image:type\" content=\"image\/png\" \/>\n<meta name=\"twitter:card\" content=\"summary_large_image\" \/>\n<meta name=\"twitter:label1\" content=\"Tiempo de lectura\" \/>\n\t<meta name=\"twitter:data1\" content=\"2 minutos\" \/>\n<script type=\"application\/ld+json\" class=\"yoast-schema-graph\">{\"@context\":\"https:\\\/\\\/schema.org\",\"@graph\":[{\"@type\":\"WebPage\",\"@id\":\"https:\\\/\\\/www.zaldionline.com\\\/es\\\/producto\\\/geschenkartikel-taschen-reisetasche-kollektion-horse-lady-n-08\\\/\",\"url\":\"https:\\\/\\\/www.zaldionline.com\\\/es\\\/producto\\\/geschenkartikel-taschen-reisetasche-kollektion-horse-lady-n-08\\\/\",\"name\":\"REISETASCHE BAG TASCHEN KOLLEKTION HORSE & LADY N\u00b008 - Zaldionline.com\",\"isPartOf\":{\"@id\":\"https:\\\/\\\/www.zaldionline.com\\\/es\\\/#website\"},\"primaryImageOfPage\":{\"@id\":\"https:\\\/\\\/www.zaldionline.com\\\/es\\\/producto\\\/geschenkartikel-taschen-reisetasche-kollektion-horse-lady-n-08\\\/#primaryimage\"},\"image\":{\"@id\":\"https:\\\/\\\/www.zaldionline.com\\\/es\\\/producto\\\/geschenkartikel-taschen-reisetasche-kollektion-horse-lady-n-08\\\/#primaryimage\"},\"thumbnailUrl\":\"https:\\\/\\\/www.zaldionline.com\\\/es\\\/wp-content\\\/uploads\\\/sites\\\/2\\\/2020\\\/11\\\/Bild_2020-12-10_164432.png\",\"datePublished\":\"2020-11-15T14:56:35+00:00\",\"dateModified\":\"2023-04-19T12:53:51+00:00\",\"description\":\"Preis inkl. MwSt.: 46,09\u20ac. HORSE & LADY COLLECTION BAG N\u00ba08. Klassische, elegante und funktionale gro\u00dfe Reisetasche im englischen Stil aus bedrucktem Stoff mit Reitmotiven. Sie kann eine fantastische Option sein, da sie eine gro\u00dfe Aufbewahrungskapazit\u00e4t f\u00fcr Ihre Reisen bietet. Diese Tasche erweist sich als ideale Wahl als Reisebegleiter. Kombinieren Sie Stil und Funktionalit\u00e4t in Ihrem Alltag. Es hat eine gro\u00dfe Speicherkapazit\u00e4t f\u00fcr Ihre Reisen oder f\u00fcr Ihr Training. Mit einem Paar robuster brauner Kunstledergriffe f\u00fcr einfache Mobilit\u00e4t verf\u00fcgt es \u00fcber einen goldenen Schnallenrei\u00dfverschluss oben und einen Zwei-Wege-Rei\u00dfverschluss zum bequemen \u00d6ffnen und Schlie\u00dfen. Das Innere ist vollst\u00e4ndig mit Nylon ausgekleidet. Es hat eine Innentasche mit Rei\u00dfverschluss, in der wichtige Gegenst\u00e4nde aufbewahrt werden k\u00f6nnen. Jeder, der die Kunst des Reitens sch\u00e4tzt, wird diese Taschenkollektion lieben. Es zeigt verschiedene Zeichnungen mit demselben Thema auf einem Hintergrund mit verschiedenen Gr\u00fcnt\u00f6nen, Braunt\u00f6nen, Beiget\u00f6nen usw. Jede Zeichnung ist sorgf\u00e4ltig detailliert und beweist damit, dass es sich um eine der beliebtesten Taschen handelt - britischer Lebensstil. Mit f\u00fcnf Metallf\u00fc\u00dfen an der Basis zur Unterst\u00fctzung der Tasche. Pflegeleicht zu reinigen, nur mit einem feuchten Tuch reinigen, nicht in Wasser eintauchen. Ma\u00dfe dieser gro\u00dfen Reisetasche: 35 cm (H\u00f6he) x 54 cm (Breite) x 27 cm (Tiefe). Gewicht: 960 Gramm. Unterscheiden Sie sich von anderen, indem Sie Ihre Liebe zum Reiten zeigen. Erh\u00e4ltlich \u00fcber Zaldionline.com Ref. 2143528\",\"breadcrumb\":{\"@id\":\"https:\\\/\\\/www.zaldionline.com\\\/es\\\/producto\\\/geschenkartikel-taschen-reisetasche-kollektion-horse-lady-n-08\\\/#breadcrumb\"},\"inLanguage\":\"es\",\"potentialAction\":[{\"@type\":\"ReadAction\",\"target\":[\"https:\\\/\\\/www.zaldionline.com\\\/es\\\/producto\\\/geschenkartikel-taschen-reisetasche-kollektion-horse-lady-n-08\\\/\"]}]},{\"@type\":\"ImageObject\",\"inLanguage\":\"es\",\"@id\":\"https:\\\/\\\/www.zaldionline.com\\\/es\\\/producto\\\/geschenkartikel-taschen-reisetasche-kollektion-horse-lady-n-08\\\/#primaryimage\",\"url\":\"https:\\\/\\\/www.zaldionline.com\\\/es\\\/wp-content\\\/uploads\\\/sites\\\/2\\\/2020\\\/11\\\/Bild_2020-12-10_164432.png\",\"contentUrl\":\"https:\\\/\\\/www.zaldionline.com\\\/es\\\/wp-content\\\/uploads\\\/sites\\\/2\\\/2020\\\/11\\\/Bild_2020-12-10_164432.png\",\"width\":521,\"height\":503},{\"@type\":\"BreadcrumbList\",\"@id\":\"https:\\\/\\\/www.zaldionline.com\\\/es\\\/producto\\\/geschenkartikel-taschen-reisetasche-kollektion-horse-lady-n-08\\\/#breadcrumb\",\"itemListElement\":[{\"@type\":\"ListItem\",\"position\":1,\"name\":\"Portada\",\"item\":\"https:\\\/\\\/www.zaldionline.com\\\/es\\\/\"},{\"@type\":\"ListItem\",\"position\":2,\"name\":\"Sillas y accesorios\",\"item\":\"https:\\\/\\\/www.zaldionline.com\\\/es\\\/sillas-y-accesorios\\\/\"},{\"@type\":\"ListItem\",\"position\":3,\"name\":\"REISETASCHE BAG TASCHEN KOLLEKTION HORSE &#038; LADY N\u00b008\"}]},{\"@type\":\"WebSite\",\"@id\":\"https:\\\/\\\/www.zaldionline.com\\\/es\\\/#website\",\"url\":\"https:\\\/\\\/www.zaldionline.com\\\/es\\\/\",\"name\":\"Zaldionline.com\",\"description\":\"Los mejores productos para usted y su caballo\",\"potentialAction\":[{\"@type\":\"SearchAction\",\"target\":{\"@type\":\"EntryPoint\",\"urlTemplate\":\"https:\\\/\\\/www.zaldionline.com\\\/es\\\/?s={search_term_string}\"},\"query-input\":{\"@type\":\"PropertyValueSpecification\",\"valueRequired\":true,\"valueName\":\"search_term_string\"}}],\"inLanguage\":\"es\"}]}<\/script>\n<!-- \/ Yoast SEO plugin. -->","yoast_head_json":{"title":"REISETASCHE BAG TASCHEN KOLLEKTION HORSE & LADY N\u00b008 - Zaldionline.com","description":"Preis inkl. MwSt.: 46,09\u20ac. HORSE & LADY COLLECTION BAG N\u00ba08. Klassische, elegante und funktionale gro\u00dfe Reisetasche im englischen Stil aus bedrucktem Stoff mit Reitmotiven. Sie kann eine fantastische Option sein, da sie eine gro\u00dfe Aufbewahrungskapazit\u00e4t f\u00fcr Ihre Reisen bietet. Diese Tasche erweist sich als ideale Wahl als Reisebegleiter. Kombinieren Sie Stil und Funktionalit\u00e4t in Ihrem Alltag. Es hat eine gro\u00dfe Speicherkapazit\u00e4t f\u00fcr Ihre Reisen oder f\u00fcr Ihr Training. Mit einem Paar robuster brauner Kunstledergriffe f\u00fcr einfache Mobilit\u00e4t verf\u00fcgt es \u00fcber einen goldenen Schnallenrei\u00dfverschluss oben und einen Zwei-Wege-Rei\u00dfverschluss zum bequemen \u00d6ffnen und Schlie\u00dfen. Das Innere ist vollst\u00e4ndig mit Nylon ausgekleidet. Es hat eine Innentasche mit Rei\u00dfverschluss, in der wichtige Gegenst\u00e4nde aufbewahrt werden k\u00f6nnen. Jeder, der die Kunst des Reitens sch\u00e4tzt, wird diese Taschenkollektion lieben. Es zeigt verschiedene Zeichnungen mit demselben Thema auf einem Hintergrund mit verschiedenen Gr\u00fcnt\u00f6nen, Braunt\u00f6nen, Beiget\u00f6nen usw. Jede Zeichnung ist sorgf\u00e4ltig detailliert und beweist damit, dass es sich um eine der beliebtesten Taschen handelt - britischer Lebensstil. Mit f\u00fcnf Metallf\u00fc\u00dfen an der Basis zur Unterst\u00fctzung der Tasche. Pflegeleicht zu reinigen, nur mit einem feuchten Tuch reinigen, nicht in Wasser eintauchen. Ma\u00dfe dieser gro\u00dfen Reisetasche: 35 cm (H\u00f6he) x 54 cm (Breite) x 27 cm (Tiefe). Gewicht: 960 Gramm. Unterscheiden Sie sich von anderen, indem Sie Ihre Liebe zum Reiten zeigen. Erh\u00e4ltlich \u00fcber Zaldionline.com Ref. 2143528","robots":{"index":"noindex","follow":"follow","max-snippet":"max-snippet:-1","max-image-preview":"max-image-preview:large","max-video-preview":"max-video-preview:-1"},"og_locale":"es_ES","og_type":"article","og_title":"REISETASCHE BAG TASCHEN KOLLEKTION HORSE & LADY N\u00b008 - Zaldionline.com","og_description":"Preis inkl. MwSt.: 46,09\u20ac. HORSE & LADY COLLECTION BAG N\u00ba08. Klassische, elegante und funktionale gro\u00dfe Reisetasche im englischen Stil aus bedrucktem Stoff mit Reitmotiven. Sie kann eine fantastische Option sein, da sie eine gro\u00dfe Aufbewahrungskapazit\u00e4t f\u00fcr Ihre Reisen bietet. Diese Tasche erweist sich als ideale Wahl als Reisebegleiter. Kombinieren Sie Stil und Funktionalit\u00e4t in Ihrem Alltag. Es hat eine gro\u00dfe Speicherkapazit\u00e4t f\u00fcr Ihre Reisen oder f\u00fcr Ihr Training. Mit einem Paar robuster brauner Kunstledergriffe f\u00fcr einfache Mobilit\u00e4t verf\u00fcgt es \u00fcber einen goldenen Schnallenrei\u00dfverschluss oben und einen Zwei-Wege-Rei\u00dfverschluss zum bequemen \u00d6ffnen und Schlie\u00dfen. Das Innere ist vollst\u00e4ndig mit Nylon ausgekleidet. Es hat eine Innentasche mit Rei\u00dfverschluss, in der wichtige Gegenst\u00e4nde aufbewahrt werden k\u00f6nnen. Jeder, der die Kunst des Reitens sch\u00e4tzt, wird diese Taschenkollektion lieben. Es zeigt verschiedene Zeichnungen mit demselben Thema auf einem Hintergrund mit verschiedenen Gr\u00fcnt\u00f6nen, Braunt\u00f6nen, Beiget\u00f6nen usw. Jede Zeichnung ist sorgf\u00e4ltig detailliert und beweist damit, dass es sich um eine der beliebtesten Taschen handelt - britischer Lebensstil. Mit f\u00fcnf Metallf\u00fc\u00dfen an der Basis zur Unterst\u00fctzung der Tasche. Pflegeleicht zu reinigen, nur mit einem feuchten Tuch reinigen, nicht in Wasser eintauchen. Ma\u00dfe dieser gro\u00dfen Reisetasche: 35 cm (H\u00f6he) x 54 cm (Breite) x 27 cm (Tiefe). Gewicht: 960 Gramm. Unterscheiden Sie sich von anderen, indem Sie Ihre Liebe zum Reiten zeigen. Erh\u00e4ltlich \u00fcber Zaldionline.com Ref. 2143528","og_url":"https:\/\/www.zaldionline.com\/es\/producto\/geschenkartikel-taschen-reisetasche-kollektion-horse-lady-n-08\/","og_site_name":"Zaldionline.com","article_modified_time":"2023-04-19T12:53:51+00:00","og_image":[{"width":521,"height":503,"url":"https:\/\/www.zaldionline.com\/es\/wp-content\/uploads\/sites\/2\/2020\/11\/Bild_2020-12-10_164432.png","type":"image\/png"}],"twitter_card":"summary_large_image","twitter_misc":{"Tiempo de lectura":"2 minutos"},"schema":{"@context":"https:\/\/schema.org","@graph":[{"@type":"WebPage","@id":"https:\/\/www.zaldionline.com\/es\/producto\/geschenkartikel-taschen-reisetasche-kollektion-horse-lady-n-08\/","url":"https:\/\/www.zaldionline.com\/es\/producto\/geschenkartikel-taschen-reisetasche-kollektion-horse-lady-n-08\/","name":"REISETASCHE BAG TASCHEN KOLLEKTION HORSE & LADY N\u00b008 - Zaldionline.com","isPartOf":{"@id":"https:\/\/www.zaldionline.com\/es\/#website"},"primaryImageOfPage":{"@id":"https:\/\/www.zaldionline.com\/es\/producto\/geschenkartikel-taschen-reisetasche-kollektion-horse-lady-n-08\/#primaryimage"},"image":{"@id":"https:\/\/www.zaldionline.com\/es\/producto\/geschenkartikel-taschen-reisetasche-kollektion-horse-lady-n-08\/#primaryimage"},"thumbnailUrl":"https:\/\/www.zaldionline.com\/es\/wp-content\/uploads\/sites\/2\/2020\/11\/Bild_2020-12-10_164432.png","datePublished":"2020-11-15T14:56:35+00:00","dateModified":"2023-04-19T12:53:51+00:00","description":"Preis inkl. MwSt.: 46,09\u20ac. HORSE & LADY COLLECTION BAG N\u00ba08. Klassische, elegante und funktionale gro\u00dfe Reisetasche im englischen Stil aus bedrucktem Stoff mit Reitmotiven. Sie kann eine fantastische Option sein, da sie eine gro\u00dfe Aufbewahrungskapazit\u00e4t f\u00fcr Ihre Reisen bietet. Diese Tasche erweist sich als ideale Wahl als Reisebegleiter. Kombinieren Sie Stil und Funktionalit\u00e4t in Ihrem Alltag. Es hat eine gro\u00dfe Speicherkapazit\u00e4t f\u00fcr Ihre Reisen oder f\u00fcr Ihr Training. Mit einem Paar robuster brauner Kunstledergriffe f\u00fcr einfache Mobilit\u00e4t verf\u00fcgt es \u00fcber einen goldenen Schnallenrei\u00dfverschluss oben und einen Zwei-Wege-Rei\u00dfverschluss zum bequemen \u00d6ffnen und Schlie\u00dfen. Das Innere ist vollst\u00e4ndig mit Nylon ausgekleidet. Es hat eine Innentasche mit Rei\u00dfverschluss, in der wichtige Gegenst\u00e4nde aufbewahrt werden k\u00f6nnen. Jeder, der die Kunst des Reitens sch\u00e4tzt, wird diese Taschenkollektion lieben. Es zeigt verschiedene Zeichnungen mit demselben Thema auf einem Hintergrund mit verschiedenen Gr\u00fcnt\u00f6nen, Braunt\u00f6nen, Beiget\u00f6nen usw. Jede Zeichnung ist sorgf\u00e4ltig detailliert und beweist damit, dass es sich um eine der beliebtesten Taschen handelt - britischer Lebensstil. Mit f\u00fcnf Metallf\u00fc\u00dfen an der Basis zur Unterst\u00fctzung der Tasche. Pflegeleicht zu reinigen, nur mit einem feuchten Tuch reinigen, nicht in Wasser eintauchen. Ma\u00dfe dieser gro\u00dfen Reisetasche: 35 cm (H\u00f6he) x 54 cm (Breite) x 27 cm (Tiefe). Gewicht: 960 Gramm. Unterscheiden Sie sich von anderen, indem Sie Ihre Liebe zum Reiten zeigen. Erh\u00e4ltlich \u00fcber Zaldionline.com Ref. 2143528","breadcrumb":{"@id":"https:\/\/www.zaldionline.com\/es\/producto\/geschenkartikel-taschen-reisetasche-kollektion-horse-lady-n-08\/#breadcrumb"},"inLanguage":"es","potentialAction":[{"@type":"ReadAction","target":["https:\/\/www.zaldionline.com\/es\/producto\/geschenkartikel-taschen-reisetasche-kollektion-horse-lady-n-08\/"]}]},{"@type":"ImageObject","inLanguage":"es","@id":"https:\/\/www.zaldionline.com\/es\/producto\/geschenkartikel-taschen-reisetasche-kollektion-horse-lady-n-08\/#primaryimage","url":"https:\/\/www.zaldionline.com\/es\/wp-content\/uploads\/sites\/2\/2020\/11\/Bild_2020-12-10_164432.png","contentUrl":"https:\/\/www.zaldionline.com\/es\/wp-content\/uploads\/sites\/2\/2020\/11\/Bild_2020-12-10_164432.png","width":521,"height":503},{"@type":"BreadcrumbList","@id":"https:\/\/www.zaldionline.com\/es\/producto\/geschenkartikel-taschen-reisetasche-kollektion-horse-lady-n-08\/#breadcrumb","itemListElement":[{"@type":"ListItem","position":1,"name":"Portada","item":"https:\/\/www.zaldionline.com\/es\/"},{"@type":"ListItem","position":2,"name":"Sillas y accesorios","item":"https:\/\/www.zaldionline.com\/es\/sillas-y-accesorios\/"},{"@type":"ListItem","position":3,"name":"REISETASCHE BAG TASCHEN KOLLEKTION HORSE &#038; LADY N\u00b008"}]},{"@type":"WebSite","@id":"https:\/\/www.zaldionline.com\/es\/#website","url":"https:\/\/www.zaldionline.com\/es\/","name":"Zaldionline.com","description":"Los mejores productos para usted y su caballo","potentialAction":[{"@type":"SearchAction","target":{"@type":"EntryPoint","urlTemplate":"https:\/\/www.zaldionline.com\/es\/?s={search_term_string}"},"query-input":{"@type":"PropertyValueSpecification","valueRequired":true,"valueName":"search_term_string"}}],"inLanguage":"es"}]}},"_links":{"self":[{"href":"https:\/\/www.zaldionline.com\/es\/wp-json\/wp\/v2\/product\/16719","targetHints":{"allow":["GET"]}}],"collection":[{"href":"https:\/\/www.zaldionline.com\/es\/wp-json\/wp\/v2\/product"}],"about":[{"href":"https:\/\/www.zaldionline.com\/es\/wp-json\/wp\/v2\/types\/product"}],"replies":[{"embeddable":true,"href":"https:\/\/www.zaldionline.com\/es\/wp-json\/wp\/v2\/comments?post=16719"}],"version-history":[{"count":1,"href":"https:\/\/www.zaldionline.com\/es\/wp-json\/wp\/v2\/product\/16719\/revisions"}],"predecessor-version":[{"id":23417,"href":"https:\/\/www.zaldionline.com\/es\/wp-json\/wp\/v2\/product\/16719\/revisions\/23417"}],"wp:featuredmedia":[{"embeddable":true,"href":"https:\/\/www.zaldionline.com\/es\/wp-json\/wp\/v2\/media\/17471"}],"wp:attachment":[{"href":"https:\/\/www.zaldionline.com\/es\/wp-json\/wp\/v2\/media?parent=16719"}],"wp:term":[{"taxonomy":"product_brand","embeddable":true,"href":"https:\/\/www.zaldionline.com\/es\/wp-json\/wp\/v2\/product_brand?post=16719"},{"taxonomy":"product_cat","embeddable":true,"href":"https:\/\/www.zaldionline.com\/es\/wp-json\/wp\/v2\/product_cat?post=16719"},{"taxonomy":"product_tag","embeddable":true,"href":"https:\/\/www.zaldionline.com\/es\/wp-json\/wp\/v2\/product_tag?post=16719"}],"curies":[{"name":"wp","href":"https:\/\/api.w.org\/{rel}","templated":true}]}}