{"id":16743,"date":"2020-11-15T15:23:08","date_gmt":"2020-11-15T15:23:08","guid":{"rendered":"https:\/\/zaldionline.com\/?post_type=product&#038;p=16743"},"modified":"2023-04-19T12:37:10","modified_gmt":"2023-04-19T12:37:10","slug":"bag-umhangetasche-englischer-stil-kollektion-horse-lady-n03","status":"publish","type":"product","link":"https:\/\/www.zaldionline.com\/es\/producto\/bag-umhangetasche-englischer-stil-kollektion-horse-lady-n03\/","title":{"rendered":"BAG UMH\u00c4NGETASCHE ENGLISCHER STIL KOLLEKTION HORSE &#038; LADY N\u00b003"},"content":{"rendered":"<p>Preis inkl. MwSt.: 29,32 \u20ac<\/p>\n<p>HORSE &amp; LADY COLLECTION BAG N\u00ba 03<\/p>\n<p>Elegante, bequeme und praktische Designertasche im englischen Stil, die sowohl f\u00fcr den Einkauf als auch f\u00fcr den t\u00e4glichen Gebrauch konzipiert ist. Sie besteht aus bedrucktem Stoff mit Reitmotiven und ist eine fantastische Option f\u00fcr Reitliebhaber.<\/p>\n<p>Kombinieren Sie Stil und Funktionalit\u00e4t in Ihrem Alltag.<\/p>\n<p>Auf jeder Seite der Tasche befindet sich eine Netztasche, in der Sie die Wasserflasche von Hand tragen k\u00f6nnen, eine Au\u00dfentasche mit Rei\u00dfverschluss und eine weitere Tasche mit Klettverschluss, die Ihre Organisation in der Tasche erleichtert. Der obere Teil ist mit dem gleichen Material verst\u00e4rkt und verf\u00fcgt \u00fcber einen durchgehenden Rei\u00dfverschluss und zus\u00e4tzliche Klettverschl\u00fcsse f\u00fcr zus\u00e4tzliche Sicherheit. Mit zwei stabilen Nylongriffen, die lang genug sind, um \u00fcber der Schulter getragen zu werden, ist diese Tasche ein Muss in Ihrem t\u00e4glichen Leben.<\/p>\n<p>Das Innere ist vollst\u00e4ndig mit Nylon ausgekleidet. Es hat eine Innentasche mit Rei\u00dfverschluss, um Ihre Artikel besser zu sch\u00fctzen.<\/p>\n<p>Jeder, der die Kunst des Reitens sch\u00e4tzt, wird diese Taschenkollektion lieben.<\/p>\n<p>Es zeigt verschiedene Zeichnungen mit demselben Thema auf einem Hintergrund mit verschiedenen Gr\u00fcnt\u00f6nen, Braunt\u00f6nen, Beiget\u00f6nen usw. Jede Zeichnung ist sorgf\u00e4ltig detailliert und beweist damit, dass es sich um eine der beliebtesten Taschen handelt &#8211; britischer Lebensstil.<\/p>\n<p>Pflegeleicht zur Reinigung, nur mit einem feuchten Tuch reinigen, nicht in Wasser eintauchen.<\/p>\n<p>Taschenma\u00dfe: 30 cm (H\u00f6he) x 30 cm (Breite) x 15 cm (Tiefe)<\/p>\n<p>Gewicht: 340 Gramm<\/p>\n<p>Unterscheiden Sie sich von anderen, indem Sie Ihre Liebe zum Reiten zeigen.<\/p>\n<p>Ref. 2143523<\/p>\n","protected":false},"excerpt":{"rendered":"<p>Preis inkl. MwSt.: 29,32 \u20ac HORSE &amp; LADY COLLECTION BAG N\u00ba 03 Elegante, bequeme und praktische Designertasche im englischen Stil, die sowohl f\u00fcr den Einkauf als auch f\u00fcr den t\u00e4glichen Gebrauch konzipiert ist. Sie besteht aus bedrucktem Stoff mit Reitmotiven und ist eine fantastische Option f\u00fcr Reitliebhaber. Kombinieren Sie Stil und Funktionalit\u00e4t in Ihrem Alltag. [&hellip;]<\/p>\n","protected":false},"featured_media":17467,"comment_status":"open","ping_status":"closed","template":"","meta":{"site-sidebar-layout":"default","site-content-layout":"default","ast-site-content-layout":"default","site-content-style":"default","site-sidebar-style":"default","ast-global-header-display":"","ast-banner-title-visibility":"","ast-main-header-display":"","ast-hfb-above-header-display":"","ast-hfb-below-header-display":"","ast-hfb-mobile-header-display":"","site-post-title":"","ast-breadcrumbs-content":"","ast-featured-img":"","footer-sml-layout":"","ast-disable-related-posts":"","theme-transparent-header-meta":"default","adv-header-id-meta":"","stick-header-meta":"","header-above-stick-meta":"","header-main-stick-meta":"","header-below-stick-meta":"","astra-migrate-meta-layouts":"default","ast-page-background-enabled":"default","ast-page-background-meta":{"desktop":{"background-color":"var(--ast-global-color-4)","background-image":"","background-repeat":"repeat","background-position":"center center","background-size":"auto","background-attachment":"scroll","background-type":"","background-media":"","overlay-type":"","overlay-color":"","overlay-opacity":"","overlay-gradient":""},"tablet":{"background-color":"","background-image":"","background-repeat":"repeat","background-position":"center center","background-size":"auto","background-attachment":"scroll","background-type":"","background-media":"","overlay-type":"","overlay-color":"","overlay-opacity":"","overlay-gradient":""},"mobile":{"background-color":"","background-image":"","background-repeat":"repeat","background-position":"center center","background-size":"auto","background-attachment":"scroll","background-type":"","background-media":"","overlay-type":"","overlay-color":"","overlay-opacity":"","overlay-gradient":""}},"ast-content-background-meta":{"desktop":{"background-color":"var(--ast-global-color-5)","background-image":"","background-repeat":"repeat","background-position":"center center","background-size":"auto","background-attachment":"scroll","background-type":"","background-media":"","overlay-type":"","overlay-color":"","overlay-opacity":"","overlay-gradient":""},"tablet":{"background-color":"var(--ast-global-color-5)","background-image":"","background-repeat":"repeat","background-position":"center center","background-size":"auto","background-attachment":"scroll","background-type":"","background-media":"","overlay-type":"","overlay-color":"","overlay-opacity":"","overlay-gradient":""},"mobile":{"background-color":"var(--ast-global-color-5)","background-image":"","background-repeat":"repeat","background-position":"center center","background-size":"auto","background-attachment":"scroll","background-type":"","background-media":"","overlay-type":"","overlay-color":"","overlay-opacity":"","overlay-gradient":""}},"ngg_post_thumbnail":0},"product_brand":[],"product_cat":[277],"product_tag":[791,789,790,337,338,339],"class_list":{"0":"post-16743","1":"product","2":"type-product","3":"status-publish","4":"has-post-thumbnail","6":"product_cat-neuigkeiten","7":"product_tag-designertasche-im-englischen-stil","8":"product_tag-tasche","9":"product_tag-tasche-mit-pferdemotiven","10":"product_tag-zaldi","11":"product_tag-zaldi-deutschland","12":"product_tag-zaldi-online-com","13":"desktop-align-left","14":"tablet-align-left","15":"mobile-align-left","17":"first","18":"instock","19":"taxable","20":"shipping-taxable","21":"purchasable","22":"product-type-simple"},"yoast_head":"<!-- This site is optimized with the Yoast SEO plugin v27.4 - https:\/\/yoast.com\/product\/yoast-seo-wordpress\/ -->\n<title>BAG UMH\u00c4NGETASCHE ENGLISCHER STIL KOLLEKTION HORSE &amp; LADY N\u00b003 - Zaldionline.com<\/title>\n<meta name=\"description\" content=\"Preis inkl. MwSt.: 29,32\u20ac. HORSE &amp; LADY COLLECTION BAG N\u00ba 03. Elegante, bequeme und praktische Designertasche im englischen Stil, die sowohl f\u00fcr den Einkauf als auch f\u00fcr den t\u00e4glichen Gebrauch konzipiert ist. Sie besteht aus bedrucktem Stoff mit Reitmotiven und ist eine fantastische Option f\u00fcr Reitliebhaber. Kombinieren Sie Stil und Funktionalit\u00e4t in Ihrem Alltag. Auf jeder Seite der Tasche befindet sich eine Netztasche, in der Sie die Wasserflasche von Hand tragen k\u00f6nnen, eine Au\u00dfentasche mit Rei\u00dfverschluss und eine weitere Tasche mit Klettverschluss, die Ihre Organisation in der Tasche erleichtert. Der obere Teil ist mit dem gleichen Material verst\u00e4rkt und verf\u00fcgt \u00fcber einen durchgehenden Rei\u00dfverschluss und zus\u00e4tzliche Klettverschl\u00fcsse f\u00fcr zus\u00e4tzliche Sicherheit. Mit zwei stabilen Nylongriffen, die lang genug sind, um \u00fcber der Schulter getragen zu werden, ist diese Tasche ein Muss in Ihrem t\u00e4glichen Leben. Das Innere ist vollst\u00e4ndig mit Nylon ausgekleidet. Es hat eine Innentasche mit Rei\u00dfverschluss, um Ihre Artikel besser zu sch\u00fctzen.Jeder, der die Kunst des Reitens sch\u00e4tzt, wird diese Taschenkollektion lieben.Es zeigt verschiedene Zeichnungen mit demselben Thema auf einem Hintergrund mit verschiedenen Gr\u00fcnt\u00f6nen, Braunt\u00f6nen, Beiget\u00f6nen usw. Jede Zeichnung ist sorgf\u00e4ltig detailliert und beweist damit, dass es sich um eine der beliebtesten Taschen handelt - britischer Lebensstil. Pflegeleicht, nur mit einem feuchten Tuch reinigen, nicht in Wasser tauchen. Taschenma\u00dfe: 30 cm (H\u00f6he) x 30 cm (Breite) x 15 cm (Tiefe)Gewicht: 340 Gramm Unterscheiden Sie sich von anderen, indem Sie Ihre Liebe zum Reiten zeigen. Erh\u00e4ltlich \u00fcber Zaldionline.com Ref. 2143523\" \/>\n<meta name=\"robots\" content=\"noindex, follow, max-snippet:-1, max-image-preview:large, max-video-preview:-1\" \/>\n<meta property=\"og:locale\" content=\"es_ES\" \/>\n<meta property=\"og:type\" content=\"article\" \/>\n<meta property=\"og:title\" content=\"BAG UMH\u00c4NGETASCHE ENGLISCHER STIL KOLLEKTION HORSE &amp; LADY N\u00b003 - Zaldionline.com\" \/>\n<meta property=\"og:description\" content=\"Preis inkl. MwSt.: 29,32\u20ac. HORSE &amp; LADY COLLECTION BAG N\u00ba 03. Elegante, bequeme und praktische Designertasche im englischen Stil, die sowohl f\u00fcr den Einkauf als auch f\u00fcr den t\u00e4glichen Gebrauch konzipiert ist. Sie besteht aus bedrucktem Stoff mit Reitmotiven und ist eine fantastische Option f\u00fcr Reitliebhaber. Kombinieren Sie Stil und Funktionalit\u00e4t in Ihrem Alltag. Auf jeder Seite der Tasche befindet sich eine Netztasche, in der Sie die Wasserflasche von Hand tragen k\u00f6nnen, eine Au\u00dfentasche mit Rei\u00dfverschluss und eine weitere Tasche mit Klettverschluss, die Ihre Organisation in der Tasche erleichtert. Der obere Teil ist mit dem gleichen Material verst\u00e4rkt und verf\u00fcgt \u00fcber einen durchgehenden Rei\u00dfverschluss und zus\u00e4tzliche Klettverschl\u00fcsse f\u00fcr zus\u00e4tzliche Sicherheit. Mit zwei stabilen Nylongriffen, die lang genug sind, um \u00fcber der Schulter getragen zu werden, ist diese Tasche ein Muss in Ihrem t\u00e4glichen Leben. Das Innere ist vollst\u00e4ndig mit Nylon ausgekleidet. Es hat eine Innentasche mit Rei\u00dfverschluss, um Ihre Artikel besser zu sch\u00fctzen.Jeder, der die Kunst des Reitens sch\u00e4tzt, wird diese Taschenkollektion lieben.Es zeigt verschiedene Zeichnungen mit demselben Thema auf einem Hintergrund mit verschiedenen Gr\u00fcnt\u00f6nen, Braunt\u00f6nen, Beiget\u00f6nen usw. Jede Zeichnung ist sorgf\u00e4ltig detailliert und beweist damit, dass es sich um eine der beliebtesten Taschen handelt - britischer Lebensstil. Pflegeleicht, nur mit einem feuchten Tuch reinigen, nicht in Wasser tauchen. Taschenma\u00dfe: 30 cm (H\u00f6he) x 30 cm (Breite) x 15 cm (Tiefe)Gewicht: 340 Gramm Unterscheiden Sie sich von anderen, indem Sie Ihre Liebe zum Reiten zeigen. Erh\u00e4ltlich \u00fcber Zaldionline.com Ref. 2143523\" \/>\n<meta property=\"og:url\" content=\"https:\/\/www.zaldionline.com\/es\/producto\/bag-umhangetasche-englischer-stil-kollektion-horse-lady-n03\/\" \/>\n<meta property=\"og:site_name\" content=\"Zaldionline.com\" \/>\n<meta property=\"article:modified_time\" content=\"2023-04-19T12:37:10+00:00\" \/>\n<meta property=\"og:image\" content=\"https:\/\/www.zaldionline.com\/es\/wp-content\/uploads\/sites\/2\/2020\/11\/Bild_2020-12-10_163917.png\" \/>\n\t<meta property=\"og:image:width\" content=\"514\" \/>\n\t<meta property=\"og:image:height\" content=\"506\" \/>\n\t<meta property=\"og:image:type\" content=\"image\/png\" \/>\n<meta name=\"twitter:card\" content=\"summary_large_image\" \/>\n<meta name=\"twitter:label1\" content=\"Tiempo de lectura\" \/>\n\t<meta name=\"twitter:data1\" content=\"2 minutos\" \/>\n<script type=\"application\/ld+json\" class=\"yoast-schema-graph\">{\"@context\":\"https:\\\/\\\/schema.org\",\"@graph\":[{\"@type\":\"WebPage\",\"@id\":\"https:\\\/\\\/www.zaldionline.com\\\/es\\\/producto\\\/bag-umhangetasche-englischer-stil-kollektion-horse-lady-n03\\\/\",\"url\":\"https:\\\/\\\/www.zaldionline.com\\\/es\\\/producto\\\/bag-umhangetasche-englischer-stil-kollektion-horse-lady-n03\\\/\",\"name\":\"BAG UMH\u00c4NGETASCHE ENGLISCHER STIL KOLLEKTION HORSE & LADY N\u00b003 - Zaldionline.com\",\"isPartOf\":{\"@id\":\"https:\\\/\\\/www.zaldionline.com\\\/es\\\/#website\"},\"primaryImageOfPage\":{\"@id\":\"https:\\\/\\\/www.zaldionline.com\\\/es\\\/producto\\\/bag-umhangetasche-englischer-stil-kollektion-horse-lady-n03\\\/#primaryimage\"},\"image\":{\"@id\":\"https:\\\/\\\/www.zaldionline.com\\\/es\\\/producto\\\/bag-umhangetasche-englischer-stil-kollektion-horse-lady-n03\\\/#primaryimage\"},\"thumbnailUrl\":\"https:\\\/\\\/www.zaldionline.com\\\/es\\\/wp-content\\\/uploads\\\/sites\\\/2\\\/2020\\\/11\\\/Bild_2020-12-10_163917.png\",\"datePublished\":\"2020-11-15T15:23:08+00:00\",\"dateModified\":\"2023-04-19T12:37:10+00:00\",\"description\":\"Preis inkl. MwSt.: 29,32\u20ac. HORSE & LADY COLLECTION BAG N\u00ba 03. Elegante, bequeme und praktische Designertasche im englischen Stil, die sowohl f\u00fcr den Einkauf als auch f\u00fcr den t\u00e4glichen Gebrauch konzipiert ist. Sie besteht aus bedrucktem Stoff mit Reitmotiven und ist eine fantastische Option f\u00fcr Reitliebhaber. Kombinieren Sie Stil und Funktionalit\u00e4t in Ihrem Alltag. Auf jeder Seite der Tasche befindet sich eine Netztasche, in der Sie die Wasserflasche von Hand tragen k\u00f6nnen, eine Au\u00dfentasche mit Rei\u00dfverschluss und eine weitere Tasche mit Klettverschluss, die Ihre Organisation in der Tasche erleichtert. Der obere Teil ist mit dem gleichen Material verst\u00e4rkt und verf\u00fcgt \u00fcber einen durchgehenden Rei\u00dfverschluss und zus\u00e4tzliche Klettverschl\u00fcsse f\u00fcr zus\u00e4tzliche Sicherheit. Mit zwei stabilen Nylongriffen, die lang genug sind, um \u00fcber der Schulter getragen zu werden, ist diese Tasche ein Muss in Ihrem t\u00e4glichen Leben. Das Innere ist vollst\u00e4ndig mit Nylon ausgekleidet. Es hat eine Innentasche mit Rei\u00dfverschluss, um Ihre Artikel besser zu sch\u00fctzen.Jeder, der die Kunst des Reitens sch\u00e4tzt, wird diese Taschenkollektion lieben.Es zeigt verschiedene Zeichnungen mit demselben Thema auf einem Hintergrund mit verschiedenen Gr\u00fcnt\u00f6nen, Braunt\u00f6nen, Beiget\u00f6nen usw. Jede Zeichnung ist sorgf\u00e4ltig detailliert und beweist damit, dass es sich um eine der beliebtesten Taschen handelt - britischer Lebensstil. Pflegeleicht, nur mit einem feuchten Tuch reinigen, nicht in Wasser tauchen. Taschenma\u00dfe: 30 cm (H\u00f6he) x 30 cm (Breite) x 15 cm (Tiefe)Gewicht: 340 Gramm Unterscheiden Sie sich von anderen, indem Sie Ihre Liebe zum Reiten zeigen. Erh\u00e4ltlich \u00fcber Zaldionline.com Ref. 2143523\",\"breadcrumb\":{\"@id\":\"https:\\\/\\\/www.zaldionline.com\\\/es\\\/producto\\\/bag-umhangetasche-englischer-stil-kollektion-horse-lady-n03\\\/#breadcrumb\"},\"inLanguage\":\"es\",\"potentialAction\":[{\"@type\":\"ReadAction\",\"target\":[\"https:\\\/\\\/www.zaldionline.com\\\/es\\\/producto\\\/bag-umhangetasche-englischer-stil-kollektion-horse-lady-n03\\\/\"]}]},{\"@type\":\"ImageObject\",\"inLanguage\":\"es\",\"@id\":\"https:\\\/\\\/www.zaldionline.com\\\/es\\\/producto\\\/bag-umhangetasche-englischer-stil-kollektion-horse-lady-n03\\\/#primaryimage\",\"url\":\"https:\\\/\\\/www.zaldionline.com\\\/es\\\/wp-content\\\/uploads\\\/sites\\\/2\\\/2020\\\/11\\\/Bild_2020-12-10_163917.png\",\"contentUrl\":\"https:\\\/\\\/www.zaldionline.com\\\/es\\\/wp-content\\\/uploads\\\/sites\\\/2\\\/2020\\\/11\\\/Bild_2020-12-10_163917.png\",\"width\":514,\"height\":506},{\"@type\":\"BreadcrumbList\",\"@id\":\"https:\\\/\\\/www.zaldionline.com\\\/es\\\/producto\\\/bag-umhangetasche-englischer-stil-kollektion-horse-lady-n03\\\/#breadcrumb\",\"itemListElement\":[{\"@type\":\"ListItem\",\"position\":1,\"name\":\"Portada\",\"item\":\"https:\\\/\\\/www.zaldionline.com\\\/es\\\/\"},{\"@type\":\"ListItem\",\"position\":2,\"name\":\"Sillas y accesorios\",\"item\":\"https:\\\/\\\/www.zaldionline.com\\\/es\\\/sillas-y-accesorios\\\/\"},{\"@type\":\"ListItem\",\"position\":3,\"name\":\"BAG UMH\u00c4NGETASCHE ENGLISCHER STIL KOLLEKTION HORSE &#038; LADY N\u00b003\"}]},{\"@type\":\"WebSite\",\"@id\":\"https:\\\/\\\/www.zaldionline.com\\\/es\\\/#website\",\"url\":\"https:\\\/\\\/www.zaldionline.com\\\/es\\\/\",\"name\":\"Zaldionline.com\",\"description\":\"Los mejores productos para usted y su caballo\",\"potentialAction\":[{\"@type\":\"SearchAction\",\"target\":{\"@type\":\"EntryPoint\",\"urlTemplate\":\"https:\\\/\\\/www.zaldionline.com\\\/es\\\/?s={search_term_string}\"},\"query-input\":{\"@type\":\"PropertyValueSpecification\",\"valueRequired\":true,\"valueName\":\"search_term_string\"}}],\"inLanguage\":\"es\"}]}<\/script>\n<!-- \/ Yoast SEO plugin. -->","yoast_head_json":{"title":"BAG UMH\u00c4NGETASCHE ENGLISCHER STIL KOLLEKTION HORSE & LADY N\u00b003 - Zaldionline.com","description":"Preis inkl. MwSt.: 29,32\u20ac. HORSE & LADY COLLECTION BAG N\u00ba 03. Elegante, bequeme und praktische Designertasche im englischen Stil, die sowohl f\u00fcr den Einkauf als auch f\u00fcr den t\u00e4glichen Gebrauch konzipiert ist. Sie besteht aus bedrucktem Stoff mit Reitmotiven und ist eine fantastische Option f\u00fcr Reitliebhaber. Kombinieren Sie Stil und Funktionalit\u00e4t in Ihrem Alltag. Auf jeder Seite der Tasche befindet sich eine Netztasche, in der Sie die Wasserflasche von Hand tragen k\u00f6nnen, eine Au\u00dfentasche mit Rei\u00dfverschluss und eine weitere Tasche mit Klettverschluss, die Ihre Organisation in der Tasche erleichtert. Der obere Teil ist mit dem gleichen Material verst\u00e4rkt und verf\u00fcgt \u00fcber einen durchgehenden Rei\u00dfverschluss und zus\u00e4tzliche Klettverschl\u00fcsse f\u00fcr zus\u00e4tzliche Sicherheit. Mit zwei stabilen Nylongriffen, die lang genug sind, um \u00fcber der Schulter getragen zu werden, ist diese Tasche ein Muss in Ihrem t\u00e4glichen Leben. Das Innere ist vollst\u00e4ndig mit Nylon ausgekleidet. Es hat eine Innentasche mit Rei\u00dfverschluss, um Ihre Artikel besser zu sch\u00fctzen.Jeder, der die Kunst des Reitens sch\u00e4tzt, wird diese Taschenkollektion lieben.Es zeigt verschiedene Zeichnungen mit demselben Thema auf einem Hintergrund mit verschiedenen Gr\u00fcnt\u00f6nen, Braunt\u00f6nen, Beiget\u00f6nen usw. Jede Zeichnung ist sorgf\u00e4ltig detailliert und beweist damit, dass es sich um eine der beliebtesten Taschen handelt - britischer Lebensstil. Pflegeleicht, nur mit einem feuchten Tuch reinigen, nicht in Wasser tauchen. Taschenma\u00dfe: 30 cm (H\u00f6he) x 30 cm (Breite) x 15 cm (Tiefe)Gewicht: 340 Gramm Unterscheiden Sie sich von anderen, indem Sie Ihre Liebe zum Reiten zeigen. Erh\u00e4ltlich \u00fcber Zaldionline.com Ref. 2143523","robots":{"index":"noindex","follow":"follow","max-snippet":"max-snippet:-1","max-image-preview":"max-image-preview:large","max-video-preview":"max-video-preview:-1"},"og_locale":"es_ES","og_type":"article","og_title":"BAG UMH\u00c4NGETASCHE ENGLISCHER STIL KOLLEKTION HORSE & LADY N\u00b003 - Zaldionline.com","og_description":"Preis inkl. MwSt.: 29,32\u20ac. HORSE & LADY COLLECTION BAG N\u00ba 03. Elegante, bequeme und praktische Designertasche im englischen Stil, die sowohl f\u00fcr den Einkauf als auch f\u00fcr den t\u00e4glichen Gebrauch konzipiert ist. Sie besteht aus bedrucktem Stoff mit Reitmotiven und ist eine fantastische Option f\u00fcr Reitliebhaber. Kombinieren Sie Stil und Funktionalit\u00e4t in Ihrem Alltag. Auf jeder Seite der Tasche befindet sich eine Netztasche, in der Sie die Wasserflasche von Hand tragen k\u00f6nnen, eine Au\u00dfentasche mit Rei\u00dfverschluss und eine weitere Tasche mit Klettverschluss, die Ihre Organisation in der Tasche erleichtert. Der obere Teil ist mit dem gleichen Material verst\u00e4rkt und verf\u00fcgt \u00fcber einen durchgehenden Rei\u00dfverschluss und zus\u00e4tzliche Klettverschl\u00fcsse f\u00fcr zus\u00e4tzliche Sicherheit. Mit zwei stabilen Nylongriffen, die lang genug sind, um \u00fcber der Schulter getragen zu werden, ist diese Tasche ein Muss in Ihrem t\u00e4glichen Leben. Das Innere ist vollst\u00e4ndig mit Nylon ausgekleidet. Es hat eine Innentasche mit Rei\u00dfverschluss, um Ihre Artikel besser zu sch\u00fctzen.Jeder, der die Kunst des Reitens sch\u00e4tzt, wird diese Taschenkollektion lieben.Es zeigt verschiedene Zeichnungen mit demselben Thema auf einem Hintergrund mit verschiedenen Gr\u00fcnt\u00f6nen, Braunt\u00f6nen, Beiget\u00f6nen usw. Jede Zeichnung ist sorgf\u00e4ltig detailliert und beweist damit, dass es sich um eine der beliebtesten Taschen handelt - britischer Lebensstil. Pflegeleicht, nur mit einem feuchten Tuch reinigen, nicht in Wasser tauchen. Taschenma\u00dfe: 30 cm (H\u00f6he) x 30 cm (Breite) x 15 cm (Tiefe)Gewicht: 340 Gramm Unterscheiden Sie sich von anderen, indem Sie Ihre Liebe zum Reiten zeigen. Erh\u00e4ltlich \u00fcber Zaldionline.com Ref. 2143523","og_url":"https:\/\/www.zaldionline.com\/es\/producto\/bag-umhangetasche-englischer-stil-kollektion-horse-lady-n03\/","og_site_name":"Zaldionline.com","article_modified_time":"2023-04-19T12:37:10+00:00","og_image":[{"width":514,"height":506,"url":"https:\/\/www.zaldionline.com\/es\/wp-content\/uploads\/sites\/2\/2020\/11\/Bild_2020-12-10_163917.png","type":"image\/png"}],"twitter_card":"summary_large_image","twitter_misc":{"Tiempo de lectura":"2 minutos"},"schema":{"@context":"https:\/\/schema.org","@graph":[{"@type":"WebPage","@id":"https:\/\/www.zaldionline.com\/es\/producto\/bag-umhangetasche-englischer-stil-kollektion-horse-lady-n03\/","url":"https:\/\/www.zaldionline.com\/es\/producto\/bag-umhangetasche-englischer-stil-kollektion-horse-lady-n03\/","name":"BAG UMH\u00c4NGETASCHE ENGLISCHER STIL KOLLEKTION HORSE & LADY N\u00b003 - Zaldionline.com","isPartOf":{"@id":"https:\/\/www.zaldionline.com\/es\/#website"},"primaryImageOfPage":{"@id":"https:\/\/www.zaldionline.com\/es\/producto\/bag-umhangetasche-englischer-stil-kollektion-horse-lady-n03\/#primaryimage"},"image":{"@id":"https:\/\/www.zaldionline.com\/es\/producto\/bag-umhangetasche-englischer-stil-kollektion-horse-lady-n03\/#primaryimage"},"thumbnailUrl":"https:\/\/www.zaldionline.com\/es\/wp-content\/uploads\/sites\/2\/2020\/11\/Bild_2020-12-10_163917.png","datePublished":"2020-11-15T15:23:08+00:00","dateModified":"2023-04-19T12:37:10+00:00","description":"Preis inkl. MwSt.: 29,32\u20ac. HORSE & LADY COLLECTION BAG N\u00ba 03. Elegante, bequeme und praktische Designertasche im englischen Stil, die sowohl f\u00fcr den Einkauf als auch f\u00fcr den t\u00e4glichen Gebrauch konzipiert ist. Sie besteht aus bedrucktem Stoff mit Reitmotiven und ist eine fantastische Option f\u00fcr Reitliebhaber. Kombinieren Sie Stil und Funktionalit\u00e4t in Ihrem Alltag. Auf jeder Seite der Tasche befindet sich eine Netztasche, in der Sie die Wasserflasche von Hand tragen k\u00f6nnen, eine Au\u00dfentasche mit Rei\u00dfverschluss und eine weitere Tasche mit Klettverschluss, die Ihre Organisation in der Tasche erleichtert. Der obere Teil ist mit dem gleichen Material verst\u00e4rkt und verf\u00fcgt \u00fcber einen durchgehenden Rei\u00dfverschluss und zus\u00e4tzliche Klettverschl\u00fcsse f\u00fcr zus\u00e4tzliche Sicherheit. Mit zwei stabilen Nylongriffen, die lang genug sind, um \u00fcber der Schulter getragen zu werden, ist diese Tasche ein Muss in Ihrem t\u00e4glichen Leben. Das Innere ist vollst\u00e4ndig mit Nylon ausgekleidet. Es hat eine Innentasche mit Rei\u00dfverschluss, um Ihre Artikel besser zu sch\u00fctzen.Jeder, der die Kunst des Reitens sch\u00e4tzt, wird diese Taschenkollektion lieben.Es zeigt verschiedene Zeichnungen mit demselben Thema auf einem Hintergrund mit verschiedenen Gr\u00fcnt\u00f6nen, Braunt\u00f6nen, Beiget\u00f6nen usw. Jede Zeichnung ist sorgf\u00e4ltig detailliert und beweist damit, dass es sich um eine der beliebtesten Taschen handelt - britischer Lebensstil. Pflegeleicht, nur mit einem feuchten Tuch reinigen, nicht in Wasser tauchen. Taschenma\u00dfe: 30 cm (H\u00f6he) x 30 cm (Breite) x 15 cm (Tiefe)Gewicht: 340 Gramm Unterscheiden Sie sich von anderen, indem Sie Ihre Liebe zum Reiten zeigen. Erh\u00e4ltlich \u00fcber Zaldionline.com Ref. 2143523","breadcrumb":{"@id":"https:\/\/www.zaldionline.com\/es\/producto\/bag-umhangetasche-englischer-stil-kollektion-horse-lady-n03\/#breadcrumb"},"inLanguage":"es","potentialAction":[{"@type":"ReadAction","target":["https:\/\/www.zaldionline.com\/es\/producto\/bag-umhangetasche-englischer-stil-kollektion-horse-lady-n03\/"]}]},{"@type":"ImageObject","inLanguage":"es","@id":"https:\/\/www.zaldionline.com\/es\/producto\/bag-umhangetasche-englischer-stil-kollektion-horse-lady-n03\/#primaryimage","url":"https:\/\/www.zaldionline.com\/es\/wp-content\/uploads\/sites\/2\/2020\/11\/Bild_2020-12-10_163917.png","contentUrl":"https:\/\/www.zaldionline.com\/es\/wp-content\/uploads\/sites\/2\/2020\/11\/Bild_2020-12-10_163917.png","width":514,"height":506},{"@type":"BreadcrumbList","@id":"https:\/\/www.zaldionline.com\/es\/producto\/bag-umhangetasche-englischer-stil-kollektion-horse-lady-n03\/#breadcrumb","itemListElement":[{"@type":"ListItem","position":1,"name":"Portada","item":"https:\/\/www.zaldionline.com\/es\/"},{"@type":"ListItem","position":2,"name":"Sillas y accesorios","item":"https:\/\/www.zaldionline.com\/es\/sillas-y-accesorios\/"},{"@type":"ListItem","position":3,"name":"BAG UMH\u00c4NGETASCHE ENGLISCHER STIL KOLLEKTION HORSE &#038; LADY N\u00b003"}]},{"@type":"WebSite","@id":"https:\/\/www.zaldionline.com\/es\/#website","url":"https:\/\/www.zaldionline.com\/es\/","name":"Zaldionline.com","description":"Los mejores productos para usted y su caballo","potentialAction":[{"@type":"SearchAction","target":{"@type":"EntryPoint","urlTemplate":"https:\/\/www.zaldionline.com\/es\/?s={search_term_string}"},"query-input":{"@type":"PropertyValueSpecification","valueRequired":true,"valueName":"search_term_string"}}],"inLanguage":"es"}]}},"_links":{"self":[{"href":"https:\/\/www.zaldionline.com\/es\/wp-json\/wp\/v2\/product\/16743","targetHints":{"allow":["GET"]}}],"collection":[{"href":"https:\/\/www.zaldionline.com\/es\/wp-json\/wp\/v2\/product"}],"about":[{"href":"https:\/\/www.zaldionline.com\/es\/wp-json\/wp\/v2\/types\/product"}],"replies":[{"embeddable":true,"href":"https:\/\/www.zaldionline.com\/es\/wp-json\/wp\/v2\/comments?post=16743"}],"version-history":[{"count":1,"href":"https:\/\/www.zaldionline.com\/es\/wp-json\/wp\/v2\/product\/16743\/revisions"}],"predecessor-version":[{"id":23413,"href":"https:\/\/www.zaldionline.com\/es\/wp-json\/wp\/v2\/product\/16743\/revisions\/23413"}],"wp:featuredmedia":[{"embeddable":true,"href":"https:\/\/www.zaldionline.com\/es\/wp-json\/wp\/v2\/media\/17467"}],"wp:attachment":[{"href":"https:\/\/www.zaldionline.com\/es\/wp-json\/wp\/v2\/media?parent=16743"}],"wp:term":[{"taxonomy":"product_brand","embeddable":true,"href":"https:\/\/www.zaldionline.com\/es\/wp-json\/wp\/v2\/product_brand?post=16743"},{"taxonomy":"product_cat","embeddable":true,"href":"https:\/\/www.zaldionline.com\/es\/wp-json\/wp\/v2\/product_cat?post=16743"},{"taxonomy":"product_tag","embeddable":true,"href":"https:\/\/www.zaldionline.com\/es\/wp-json\/wp\/v2\/product_tag?post=16743"}],"curies":[{"name":"wp","href":"https:\/\/api.w.org\/{rel}","templated":true}]}}