{"id":16754,"date":"2020-11-16T14:38:26","date_gmt":"2020-11-16T14:38:26","guid":{"rendered":"https:\/\/zaldionline.com\/?post_type=product&#038;p=16754"},"modified":"2024-04-10T11:22:01","modified_gmt":"2024-04-10T11:22:01","slug":"fabricacion-de-una-silla-de-montar-determinacion-de-las-medidas-necesarias-por-un-colaborador-de-equiscan","status":"publish","type":"product","link":"https:\/\/www.zaldionline.com\/es\/producto\/fabricacion-de-una-silla-de-montar-determinacion-de-las-medidas-necesarias-por-un-colaborador-de-equiscan\/","title":{"rendered":"Fabricaci\u00f3n de una silla de montar &#8211; Determinaci\u00f3n de las medidas necesarias por un colaborador de EQUIscan"},"content":{"rendered":"<p>Fabricaci\u00f3n seg\u00fan las medidas y comprobaci\u00f3n final de ajuste incl. fotos, con el sistema EQUIscan \u00ae.<\/p>\n<p>La medici\u00f3n de su caballo con el sistema EQUIscan\u00ae cuesta 100,00\u20ac m\u00e1s gastos de viaje, que se pagan directamente a la persona que mide al caballo. Estaremos encantados de encargarnos de la medici\u00f3n.<\/p>\n<p><a href=\"https:\/\/www.youtube.com\/watch?v=i3NGy1bWL6k&amp;t=42s\">KLICK HIER F\u00dcR EIN VIDEO<\/a><\/p>\n","protected":false},"excerpt":{"rendered":"<p><img decoding=\"async\" class=\"alignnone size-medium wp-image-16757\" src=\"https:\/\/zaldionline.com\/wp-content\/uploads\/2020\/11\/Fabricacion-silla-Zaldi-a-medida-de-bienestarcaballo-300x129.jpg\" alt=\"\" width=\"300\" height=\"129\" srcset=\"https:\/\/www.zaldionline.com\/es\/wp-content\/uploads\/sites\/2\/2020\/11\/Fabricacion-silla-Zaldi-a-medida-de-bienestarcaballo-300x129.jpg 300w, https:\/\/www.zaldionline.com\/es\/wp-content\/uploads\/sites\/2\/2020\/11\/Fabricacion-silla-Zaldi-a-medida-de-bienestarcaballo-600x259.jpg 600w, https:\/\/www.zaldionline.com\/es\/wp-content\/uploads\/sites\/2\/2020\/11\/Fabricacion-silla-Zaldi-a-medida-de-bienestarcaballo-1024x442.jpg 1024w, https:\/\/www.zaldionline.com\/es\/wp-content\/uploads\/sites\/2\/2020\/11\/Fabricacion-silla-Zaldi-a-medida-de-bienestarcaballo-768x331.jpg 768w, https:\/\/www.zaldionline.com\/es\/wp-content\/uploads\/sites\/2\/2020\/11\/Fabricacion-silla-Zaldi-a-medida-de-bienestarcaballo.jpg 1083w\" sizes=\"(max-width: 300px) 100vw, 300px\" \/><\/p>\n","protected":false},"featured_media":16756,"comment_status":"open","ping_status":"closed","template":"","meta":{"site-sidebar-layout":"default","site-content-layout":"default","ast-site-content-layout":"default","site-content-style":"default","site-sidebar-style":"default","ast-global-header-display":"","ast-banner-title-visibility":"","ast-main-header-display":"","ast-hfb-above-header-display":"","ast-hfb-below-header-display":"","ast-hfb-mobile-header-display":"","site-post-title":"","ast-breadcrumbs-content":"","ast-featured-img":"","footer-sml-layout":"","ast-disable-related-posts":"","theme-transparent-header-meta":"default","adv-header-id-meta":"","stick-header-meta":"","header-above-stick-meta":"","header-main-stick-meta":"","header-below-stick-meta":"","astra-migrate-meta-layouts":"set","ast-page-background-enabled":"default","ast-page-background-meta":{"desktop":{"background-color":"var(--ast-global-color-4)","background-image":"","background-repeat":"repeat","background-position":"center center","background-size":"auto","background-attachment":"scroll","background-type":"","background-media":"","overlay-type":"","overlay-color":"","overlay-opacity":"","overlay-gradient":""},"tablet":{"background-color":"","background-image":"","background-repeat":"repeat","background-position":"center center","background-size":"auto","background-attachment":"scroll","background-type":"","background-media":"","overlay-type":"","overlay-color":"","overlay-opacity":"","overlay-gradient":""},"mobile":{"background-color":"","background-image":"","background-repeat":"repeat","background-position":"center center","background-size":"auto","background-attachment":"scroll","background-type":"","background-media":"","overlay-type":"","overlay-color":"","overlay-opacity":"","overlay-gradient":""}},"ast-content-background-meta":{"desktop":{"background-color":"var(--ast-global-color-5)","background-image":"","background-repeat":"repeat","background-position":"center center","background-size":"auto","background-attachment":"scroll","background-type":"","background-media":"","overlay-type":"","overlay-color":"","overlay-opacity":"","overlay-gradient":""},"tablet":{"background-color":"var(--ast-global-color-5)","background-image":"","background-repeat":"repeat","background-position":"center center","background-size":"auto","background-attachment":"scroll","background-type":"","background-media":"","overlay-type":"","overlay-color":"","overlay-opacity":"","overlay-gradient":""},"mobile":{"background-color":"var(--ast-global-color-5)","background-image":"","background-repeat":"repeat","background-position":"center center","background-size":"auto","background-attachment":"scroll","background-type":"","background-media":"","overlay-type":"","overlay-color":"","overlay-opacity":"","overlay-gradient":""}},"ngg_post_thumbnail":0},"product_brand":[],"product_cat":[34,15],"product_tag":[341,300,346,301,340,337,338,339],"class_list":{"0":"post-16754","1":"product","2":"type-product","3":"status-publish","4":"has-post-thumbnail","6":"product_cat-extras-fabricacion-a-medida-rodilleras-tm-reparaciones","7":"product_cat-sin-categoria","8":"product_tag-bienestarcaballo","9":"product_tag-equiscan","10":"product_tag-equiscan-zaldi","11":"product_tag-masssattel","12":"product_tag-susanne-nagel","13":"product_tag-zaldi","14":"product_tag-zaldi-deutschland","15":"product_tag-zaldi-online-com","16":"desktop-align-left","17":"tablet-align-left","18":"mobile-align-left","20":"first","21":"instock","22":"taxable","23":"shipping-taxable","24":"purchasable","25":"product-type-simple"},"yoast_head":"<!-- This site is optimized with the Yoast SEO plugin v27.3 - https:\/\/yoast.com\/product\/yoast-seo-wordpress\/ -->\n<title>Fabricaci\u00f3n de una silla de montar - Determinaci\u00f3n de las medidas necesarias por un colaborador de EQUIscan - Zaldionline.com<\/title>\n<meta name=\"description\" content=\"Precio IVA incl: 164,00\u20ac Fabricaci\u00f3n seg\u00fan las medidas y comprobaci\u00f3n final de ajuste incl. fotos, con el sistema EQUIscan\u00ae. La medici\u00f3n de su caballo con el sistema EQUIscan\u00ae cuesta 100,00\u20ac m\u00e1s gastos de viaje, que se pagan directamente a la persona que mide al caballo. Estaremos encantados de encargarnos de la medici\u00f3n.\" \/>\n<meta name=\"robots\" content=\"noindex, follow, max-snippet:-1, max-image-preview:large, max-video-preview:-1\" \/>\n<meta property=\"og:locale\" content=\"es_ES\" \/>\n<meta property=\"og:type\" content=\"article\" \/>\n<meta property=\"og:title\" content=\"Fabricaci\u00f3n de una silla de montar - Determinaci\u00f3n de las medidas necesarias por un colaborador de EQUIscan - Zaldionline.com\" \/>\n<meta property=\"og:description\" content=\"Precio IVA incl: 164,00\u20ac Fabricaci\u00f3n seg\u00fan las medidas y comprobaci\u00f3n final de ajuste incl. fotos, con el sistema EQUIscan\u00ae. La medici\u00f3n de su caballo con el sistema EQUIscan\u00ae cuesta 100,00\u20ac m\u00e1s gastos de viaje, que se pagan directamente a la persona que mide al caballo. Estaremos encantados de encargarnos de la medici\u00f3n.\" \/>\n<meta property=\"og:url\" content=\"https:\/\/www.zaldionline.com\/es\/producto\/fabricacion-de-una-silla-de-montar-determinacion-de-las-medidas-necesarias-por-un-colaborador-de-equiscan\/\" \/>\n<meta property=\"og:site_name\" content=\"Zaldionline.com\" \/>\n<meta property=\"article:modified_time\" content=\"2024-04-10T11:22:01+00:00\" \/>\n<meta property=\"og:image\" content=\"https:\/\/www.zaldionline.com\/es\/wp-content\/uploads\/sites\/2\/2020\/11\/Susana-midiendo-1-1024x742.jpg\" \/>\n\t<meta property=\"og:image:width\" content=\"1024\" \/>\n\t<meta property=\"og:image:height\" content=\"742\" \/>\n\t<meta property=\"og:image:type\" content=\"image\/jpeg\" \/>\n<meta name=\"twitter:card\" content=\"summary_large_image\" \/>\n<meta name=\"twitter:label1\" content=\"Tiempo de lectura\" \/>\n\t<meta name=\"twitter:data1\" content=\"1 minuto\" \/>\n<script type=\"application\/ld+json\" class=\"yoast-schema-graph\">{\"@context\":\"https:\\\/\\\/schema.org\",\"@graph\":[{\"@type\":\"WebPage\",\"@id\":\"https:\\\/\\\/www.zaldionline.com\\\/es\\\/producto\\\/fabricacion-de-una-silla-de-montar-determinacion-de-las-medidas-necesarias-por-un-colaborador-de-equiscan\\\/\",\"url\":\"https:\\\/\\\/www.zaldionline.com\\\/es\\\/producto\\\/fabricacion-de-una-silla-de-montar-determinacion-de-las-medidas-necesarias-por-un-colaborador-de-equiscan\\\/\",\"name\":\"Fabricaci\u00f3n de una silla de montar - Determinaci\u00f3n de las medidas necesarias por un colaborador de EQUIscan - Zaldionline.com\",\"isPartOf\":{\"@id\":\"https:\\\/\\\/www.zaldionline.com\\\/es\\\/#website\"},\"primaryImageOfPage\":{\"@id\":\"https:\\\/\\\/www.zaldionline.com\\\/es\\\/producto\\\/fabricacion-de-una-silla-de-montar-determinacion-de-las-medidas-necesarias-por-un-colaborador-de-equiscan\\\/#primaryimage\"},\"image\":{\"@id\":\"https:\\\/\\\/www.zaldionline.com\\\/es\\\/producto\\\/fabricacion-de-una-silla-de-montar-determinacion-de-las-medidas-necesarias-por-un-colaborador-de-equiscan\\\/#primaryimage\"},\"thumbnailUrl\":\"https:\\\/\\\/www.zaldionline.com\\\/es\\\/wp-content\\\/uploads\\\/sites\\\/2\\\/2020\\\/11\\\/Susana-midiendo-1.jpg\",\"datePublished\":\"2020-11-16T14:38:26+00:00\",\"dateModified\":\"2024-04-10T11:22:01+00:00\",\"description\":\"Precio IVA incl: 164,00\u20ac Fabricaci\u00f3n seg\u00fan las medidas y comprobaci\u00f3n final de ajuste incl. fotos, con el sistema EQUIscan\u00ae. La medici\u00f3n de su caballo con el sistema EQUIscan\u00ae cuesta 100,00\u20ac m\u00e1s gastos de viaje, que se pagan directamente a la persona que mide al caballo. Estaremos encantados de encargarnos de la medici\u00f3n.\",\"breadcrumb\":{\"@id\":\"https:\\\/\\\/www.zaldionline.com\\\/es\\\/producto\\\/fabricacion-de-una-silla-de-montar-determinacion-de-las-medidas-necesarias-por-un-colaborador-de-equiscan\\\/#breadcrumb\"},\"inLanguage\":\"es\",\"potentialAction\":[{\"@type\":\"ReadAction\",\"target\":[\"https:\\\/\\\/www.zaldionline.com\\\/es\\\/producto\\\/fabricacion-de-una-silla-de-montar-determinacion-de-las-medidas-necesarias-por-un-colaborador-de-equiscan\\\/\"]}]},{\"@type\":\"ImageObject\",\"inLanguage\":\"es\",\"@id\":\"https:\\\/\\\/www.zaldionline.com\\\/es\\\/producto\\\/fabricacion-de-una-silla-de-montar-determinacion-de-las-medidas-necesarias-por-un-colaborador-de-equiscan\\\/#primaryimage\",\"url\":\"https:\\\/\\\/www.zaldionline.com\\\/es\\\/wp-content\\\/uploads\\\/sites\\\/2\\\/2020\\\/11\\\/Susana-midiendo-1.jpg\",\"contentUrl\":\"https:\\\/\\\/www.zaldionline.com\\\/es\\\/wp-content\\\/uploads\\\/sites\\\/2\\\/2020\\\/11\\\/Susana-midiendo-1.jpg\",\"width\":2180,\"height\":1580},{\"@type\":\"BreadcrumbList\",\"@id\":\"https:\\\/\\\/www.zaldionline.com\\\/es\\\/producto\\\/fabricacion-de-una-silla-de-montar-determinacion-de-las-medidas-necesarias-por-un-colaborador-de-equiscan\\\/#breadcrumb\",\"itemListElement\":[{\"@type\":\"ListItem\",\"position\":1,\"name\":\"Portada\",\"item\":\"https:\\\/\\\/www.zaldionline.com\\\/es\\\/\"},{\"@type\":\"ListItem\",\"position\":2,\"name\":\"Sillas y accesorios\",\"item\":\"https:\\\/\\\/www.zaldionline.com\\\/es\\\/sillas-y-accesorios\\\/\"},{\"@type\":\"ListItem\",\"position\":3,\"name\":\"Fabricaci\u00f3n de una silla de montar &#8211; Determinaci\u00f3n de las medidas necesarias por un colaborador de EQUIscan\"}]},{\"@type\":\"WebSite\",\"@id\":\"https:\\\/\\\/www.zaldionline.com\\\/es\\\/#website\",\"url\":\"https:\\\/\\\/www.zaldionline.com\\\/es\\\/\",\"name\":\"Zaldionline.com\",\"description\":\"Los mejores productos para usted y su caballo\",\"potentialAction\":[{\"@type\":\"SearchAction\",\"target\":{\"@type\":\"EntryPoint\",\"urlTemplate\":\"https:\\\/\\\/www.zaldionline.com\\\/es\\\/?s={search_term_string}\"},\"query-input\":{\"@type\":\"PropertyValueSpecification\",\"valueRequired\":true,\"valueName\":\"search_term_string\"}}],\"inLanguage\":\"es\"}]}<\/script>\n<!-- \/ Yoast SEO plugin. -->","yoast_head_json":{"title":"Fabricaci\u00f3n de una silla de montar - Determinaci\u00f3n de las medidas necesarias por un colaborador de EQUIscan - Zaldionline.com","description":"Precio IVA incl: 164,00\u20ac Fabricaci\u00f3n seg\u00fan las medidas y comprobaci\u00f3n final de ajuste incl. fotos, con el sistema EQUIscan\u00ae. La medici\u00f3n de su caballo con el sistema EQUIscan\u00ae cuesta 100,00\u20ac m\u00e1s gastos de viaje, que se pagan directamente a la persona que mide al caballo. Estaremos encantados de encargarnos de la medici\u00f3n.","robots":{"index":"noindex","follow":"follow","max-snippet":"max-snippet:-1","max-image-preview":"max-image-preview:large","max-video-preview":"max-video-preview:-1"},"og_locale":"es_ES","og_type":"article","og_title":"Fabricaci\u00f3n de una silla de montar - Determinaci\u00f3n de las medidas necesarias por un colaborador de EQUIscan - Zaldionline.com","og_description":"Precio IVA incl: 164,00\u20ac Fabricaci\u00f3n seg\u00fan las medidas y comprobaci\u00f3n final de ajuste incl. fotos, con el sistema EQUIscan\u00ae. La medici\u00f3n de su caballo con el sistema EQUIscan\u00ae cuesta 100,00\u20ac m\u00e1s gastos de viaje, que se pagan directamente a la persona que mide al caballo. Estaremos encantados de encargarnos de la medici\u00f3n.","og_url":"https:\/\/www.zaldionline.com\/es\/producto\/fabricacion-de-una-silla-de-montar-determinacion-de-las-medidas-necesarias-por-un-colaborador-de-equiscan\/","og_site_name":"Zaldionline.com","article_modified_time":"2024-04-10T11:22:01+00:00","og_image":[{"width":1024,"height":742,"url":"https:\/\/www.zaldionline.com\/es\/wp-content\/uploads\/sites\/2\/2020\/11\/Susana-midiendo-1-1024x742.jpg","type":"image\/jpeg"}],"twitter_card":"summary_large_image","twitter_misc":{"Tiempo de lectura":"1 minuto"},"schema":{"@context":"https:\/\/schema.org","@graph":[{"@type":"WebPage","@id":"https:\/\/www.zaldionline.com\/es\/producto\/fabricacion-de-una-silla-de-montar-determinacion-de-las-medidas-necesarias-por-un-colaborador-de-equiscan\/","url":"https:\/\/www.zaldionline.com\/es\/producto\/fabricacion-de-una-silla-de-montar-determinacion-de-las-medidas-necesarias-por-un-colaborador-de-equiscan\/","name":"Fabricaci\u00f3n de una silla de montar - Determinaci\u00f3n de las medidas necesarias por un colaborador de EQUIscan - Zaldionline.com","isPartOf":{"@id":"https:\/\/www.zaldionline.com\/es\/#website"},"primaryImageOfPage":{"@id":"https:\/\/www.zaldionline.com\/es\/producto\/fabricacion-de-una-silla-de-montar-determinacion-de-las-medidas-necesarias-por-un-colaborador-de-equiscan\/#primaryimage"},"image":{"@id":"https:\/\/www.zaldionline.com\/es\/producto\/fabricacion-de-una-silla-de-montar-determinacion-de-las-medidas-necesarias-por-un-colaborador-de-equiscan\/#primaryimage"},"thumbnailUrl":"https:\/\/www.zaldionline.com\/es\/wp-content\/uploads\/sites\/2\/2020\/11\/Susana-midiendo-1.jpg","datePublished":"2020-11-16T14:38:26+00:00","dateModified":"2024-04-10T11:22:01+00:00","description":"Precio IVA incl: 164,00\u20ac Fabricaci\u00f3n seg\u00fan las medidas y comprobaci\u00f3n final de ajuste incl. fotos, con el sistema EQUIscan\u00ae. La medici\u00f3n de su caballo con el sistema EQUIscan\u00ae cuesta 100,00\u20ac m\u00e1s gastos de viaje, que se pagan directamente a la persona que mide al caballo. Estaremos encantados de encargarnos de la medici\u00f3n.","breadcrumb":{"@id":"https:\/\/www.zaldionline.com\/es\/producto\/fabricacion-de-una-silla-de-montar-determinacion-de-las-medidas-necesarias-por-un-colaborador-de-equiscan\/#breadcrumb"},"inLanguage":"es","potentialAction":[{"@type":"ReadAction","target":["https:\/\/www.zaldionline.com\/es\/producto\/fabricacion-de-una-silla-de-montar-determinacion-de-las-medidas-necesarias-por-un-colaborador-de-equiscan\/"]}]},{"@type":"ImageObject","inLanguage":"es","@id":"https:\/\/www.zaldionline.com\/es\/producto\/fabricacion-de-una-silla-de-montar-determinacion-de-las-medidas-necesarias-por-un-colaborador-de-equiscan\/#primaryimage","url":"https:\/\/www.zaldionline.com\/es\/wp-content\/uploads\/sites\/2\/2020\/11\/Susana-midiendo-1.jpg","contentUrl":"https:\/\/www.zaldionline.com\/es\/wp-content\/uploads\/sites\/2\/2020\/11\/Susana-midiendo-1.jpg","width":2180,"height":1580},{"@type":"BreadcrumbList","@id":"https:\/\/www.zaldionline.com\/es\/producto\/fabricacion-de-una-silla-de-montar-determinacion-de-las-medidas-necesarias-por-un-colaborador-de-equiscan\/#breadcrumb","itemListElement":[{"@type":"ListItem","position":1,"name":"Portada","item":"https:\/\/www.zaldionline.com\/es\/"},{"@type":"ListItem","position":2,"name":"Sillas y accesorios","item":"https:\/\/www.zaldionline.com\/es\/sillas-y-accesorios\/"},{"@type":"ListItem","position":3,"name":"Fabricaci\u00f3n de una silla de montar &#8211; Determinaci\u00f3n de las medidas necesarias por un colaborador de EQUIscan"}]},{"@type":"WebSite","@id":"https:\/\/www.zaldionline.com\/es\/#website","url":"https:\/\/www.zaldionline.com\/es\/","name":"Zaldionline.com","description":"Los mejores productos para usted y su caballo","potentialAction":[{"@type":"SearchAction","target":{"@type":"EntryPoint","urlTemplate":"https:\/\/www.zaldionline.com\/es\/?s={search_term_string}"},"query-input":{"@type":"PropertyValueSpecification","valueRequired":true,"valueName":"search_term_string"}}],"inLanguage":"es"}]}},"_links":{"self":[{"href":"https:\/\/www.zaldionline.com\/es\/wp-json\/wp\/v2\/product\/16754","targetHints":{"allow":["GET"]}}],"collection":[{"href":"https:\/\/www.zaldionline.com\/es\/wp-json\/wp\/v2\/product"}],"about":[{"href":"https:\/\/www.zaldionline.com\/es\/wp-json\/wp\/v2\/types\/product"}],"replies":[{"embeddable":true,"href":"https:\/\/www.zaldionline.com\/es\/wp-json\/wp\/v2\/comments?post=16754"}],"version-history":[{"count":3,"href":"https:\/\/www.zaldionline.com\/es\/wp-json\/wp\/v2\/product\/16754\/revisions"}],"predecessor-version":[{"id":24811,"href":"https:\/\/www.zaldionline.com\/es\/wp-json\/wp\/v2\/product\/16754\/revisions\/24811"}],"wp:featuredmedia":[{"embeddable":true,"href":"https:\/\/www.zaldionline.com\/es\/wp-json\/wp\/v2\/media\/16756"}],"wp:attachment":[{"href":"https:\/\/www.zaldionline.com\/es\/wp-json\/wp\/v2\/media?parent=16754"}],"wp:term":[{"taxonomy":"product_brand","embeddable":true,"href":"https:\/\/www.zaldionline.com\/es\/wp-json\/wp\/v2\/product_brand?post=16754"},{"taxonomy":"product_cat","embeddable":true,"href":"https:\/\/www.zaldionline.com\/es\/wp-json\/wp\/v2\/product_cat?post=16754"},{"taxonomy":"product_tag","embeddable":true,"href":"https:\/\/www.zaldionline.com\/es\/wp-json\/wp\/v2\/product_tag?post=16754"}],"curies":[{"name":"wp","href":"https:\/\/api.w.org\/{rel}","templated":true}]}}