{"id":16833,"date":"2020-11-17T12:16:44","date_gmt":"2020-11-17T12:16:44","guid":{"rendered":"https:\/\/zaldionline.com\/?post_type=product&#038;p=16833"},"modified":"2025-09-15T12:28:49","modified_gmt":"2025-09-15T12:28:49","slug":"servicio-acolchado-ajuste-del-sondeo-3d-imagen-envio-incl","status":"publish","type":"product","link":"https:\/\/www.zaldionline.com\/es\/producto\/servicio-acolchado-ajuste-del-sondeo-3d-imagen-envio-incl\/","title":{"rendered":"SERVICIO ACOLCHADO\/AJUSTE DEL SONDEO\/3D IMAGEN\/ENV\u00cdO INCL."},"content":{"rendered":"\t\t<div data-elementor-type=\"wp-post\" data-elementor-id=\"16833\" class=\"elementor elementor-16833\">\n\t\t\t\t\t\t<section class=\"elementor-section elementor-top-section elementor-element elementor-element-6d5109d4 elementor-section-boxed elementor-section-height-default elementor-section-height-default\" data-id=\"6d5109d4\" data-element_type=\"section\" data-e-type=\"section\">\n\t\t\t\t\t\t<div class=\"elementor-container elementor-column-gap-default\">\n\t\t\t\t\t<div class=\"elementor-column elementor-col-100 elementor-top-column elementor-element elementor-element-7c4b8b7f\" data-id=\"7c4b8b7f\" data-element_type=\"column\" data-e-type=\"column\">\n\t\t\t<div class=\"elementor-widget-wrap elementor-element-populated\">\n\t\t\t\t\t\t<div class=\"elementor-element elementor-element-dd4e151 elementor-widget elementor-widget-text-editor\" data-id=\"dd4e151\" data-element_type=\"widget\" data-e-type=\"widget\" data-widget_type=\"text-editor.default\">\n\t\t\t\t<div class=\"elementor-widget-container\">\n\t\t\t\t\t\t\t\t\t<p>Precio todo incluido IVA incl: 398,25 \u20ac. Por supuesto, tambi\u00e9n puede solicitar servicios individuales. Consulte los precios individuales indicados.<\/p><p>Ofrecemos los siguientes servicios exclusivamente para sillas de montar ZALDI\u00ae vendidas por nosotros dentro del periodo de garant\u00eda de 2 a\u00f1os*:<\/p><p>Recogida del silla embalado del cliente y env\u00edo a ZALDI** 60,00<br \/>Acolchado de los paneles de lana sin medici\u00f3n *** 162,76\u20ac.<br \/>Ajuste de la placa de la garganta (seg\u00fan las medidas especificadas por el cliente) 33,49\u20ac<br \/>Ajuste basado en una medici\u00f3n EQUIscan\u00ae (antigua o nueva) 82, 00\u20ac<br \/>Env\u00edo al cliente 60, 00\u20ac.<\/p><p>Adem\u00e1s, puede solicitar la limpieza y el engrase del silla por un suplemento de 82,30\u20ac<\/p><p>*Sillas de m\u00e1s de 2 a\u00f1os: previo presupuesto de ZALDI<\/p><p>**En caja original, env\u00edo por servicio de mensajer\u00eda GLS con seguro de valor limitado<\/p><p>***Puede organizar la nueva medici\u00f3n EQUIscan\u00ae usted mismo o podemos organizarla nosotros. Un pago de 120,00\u20ac m\u00e1s posibles gastos de viaje (o chequeo de ajuste EQUIscan\u00ae completo con nueva medici\u00f3n 170,00 \u20ac) tiene que ser pagado directamente al socio Equiscan\u00ae.<\/p><p>Si desea reservar este servicio, env\u00edenos un correo electr\u00f3nico a info@zaldionline.com. Por favor, no reserve en l\u00ednea, de lo contrario los gastos de env\u00edo se cobrar\u00e1n dos veces. Gracias<\/p>\t\t\t\t\t\t\t\t<\/div>\n\t\t\t\t<\/div>\n\t\t\t\t\t<\/div>\n\t\t<\/div>\n\t\t\t\t\t<\/div>\n\t\t<\/section>\n\t\t\t\t<\/div>\n\t\t","protected":false},"excerpt":{"rendered":"<p>Precio todo incluido IVA incl: 398,25 \u20ac. Por supuesto, tambi\u00e9n puede solicitar servicios individuales. Consulte los precios individuales indicados. Ofrecemos los siguientes servicios exclusivamente para sillas de montar ZALDI\u00ae vendidas por nosotros dentro del periodo de garant\u00eda de 2 a\u00f1os*: Recogida del silla embalado del cliente y env\u00edo a ZALDI** 60,00 Acolchado de los paneles [&hellip;]<\/p>\n","protected":false},"featured_media":17595,"comment_status":"closed","ping_status":"closed","template":"","meta":{"site-sidebar-layout":"default","site-content-layout":"default","ast-site-content-layout":"default","site-content-style":"default","site-sidebar-style":"default","ast-global-header-display":"","ast-banner-title-visibility":"","ast-main-header-display":"","ast-hfb-above-header-display":"","ast-hfb-below-header-display":"","ast-hfb-mobile-header-display":"","site-post-title":"","ast-breadcrumbs-content":"","ast-featured-img":"","footer-sml-layout":"","ast-disable-related-posts":"","theme-transparent-header-meta":"default","adv-header-id-meta":"","stick-header-meta":"","header-above-stick-meta":"","header-main-stick-meta":"","header-below-stick-meta":"","astra-migrate-meta-layouts":"set","ast-page-background-enabled":"default","ast-page-background-meta":{"desktop":{"background-color":"var(--ast-global-color-4)","background-image":"","background-repeat":"repeat","background-position":"center center","background-size":"auto","background-attachment":"scroll","background-type":"","background-media":"","overlay-type":"","overlay-color":"","overlay-opacity":"","overlay-gradient":""},"tablet":{"background-color":"","background-image":"","background-repeat":"repeat","background-position":"center center","background-size":"auto","background-attachment":"scroll","background-type":"","background-media":"","overlay-type":"","overlay-color":"","overlay-opacity":"","overlay-gradient":""},"mobile":{"background-color":"","background-image":"","background-repeat":"repeat","background-position":"center center","background-size":"auto","background-attachment":"scroll","background-type":"","background-media":"","overlay-type":"","overlay-color":"","overlay-opacity":"","overlay-gradient":""}},"ast-content-background-meta":{"desktop":{"background-color":"var(--ast-global-color-5)","background-image":"","background-repeat":"repeat","background-position":"center center","background-size":"auto","background-attachment":"scroll","background-type":"","background-media":"","overlay-type":"","overlay-color":"","overlay-opacity":"","overlay-gradient":""},"tablet":{"background-color":"var(--ast-global-color-5)","background-image":"","background-repeat":"repeat","background-position":"center center","background-size":"auto","background-attachment":"scroll","background-type":"","background-media":"","overlay-type":"","overlay-color":"","overlay-opacity":"","overlay-gradient":""},"mobile":{"background-color":"var(--ast-global-color-5)","background-image":"","background-repeat":"repeat","background-position":"center center","background-size":"auto","background-attachment":"scroll","background-type":"","background-media":"","overlay-type":"","overlay-color":"","overlay-opacity":"","overlay-gradient":""}},"ngg_post_thumbnail":0},"product_brand":[],"product_cat":[34],"product_tag":[341,784,340,416,594,337,338,339],"class_list":{"0":"post-16833","1":"product","2":"type-product","3":"status-publish","4":"has-post-thumbnail","6":"product_cat-extras-fabricacion-a-medida-rodilleras-tm-reparaciones","7":"product_tag-bienestarcaballo","8":"product_tag-equiscan-vermessung","9":"product_tag-susanne-nagel","10":"product_tag-vegane-saettel","11":"product_tag-wollkissen","12":"product_tag-zaldi","13":"product_tag-zaldi-deutschland","14":"product_tag-zaldi-online-com","15":"desktop-align-left","16":"tablet-align-left","17":"mobile-align-left","19":"first","20":"instock","21":"taxable","22":"shipping-taxable","23":"purchasable","24":"product-type-simple"},"yoast_head":"<!-- This site is optimized with the Yoast SEO plugin v27.5 - https:\/\/yoast.com\/product\/yoast-seo-wordpress\/ -->\n<title>SERVICIO ACOLCHADO\/AJUSTE DEL SONDEO\/3D IMAGEN\/ENV\u00cdO INCL. - Zaldionline.com<\/title>\n<meta name=\"description\" content=\"Precio todo incluido IVA incl: 398,25 \u20ac. Por supuesto, tambi\u00e9n puede solicitar servicios individuales. Consulte los precios individuales indicados. Ofrecemos los siguientes servicios exclusivamente para sillas de montar ZALDI\u00ae vendidas por nosotros dentro del periodo de garant\u00eda de 2 a\u00f1os*:Recogida del silla embalado del cliente y env\u00edo a ZALDI** 60,00. Acolchado de los paneles de lana sin medici\u00f3n *** 162,76\u20ac. Ajuste de la placa de la garganta (seg\u00fan las medidas especificadas por el cliente) 33,49\u20acAjuste basado en una medici\u00f3n EQUIscan\u00ae (antigua o nueva) 82, 00\u20ac. Env\u00edo al cliente 60,00\u20ac. Adem\u00e1s, puede solicitar la limpieza y el engrase del silla por un suplemento de 82,30\u20ac *Sillas de m\u00e1s de 2 a\u00f1os: previo presupuesto de ZALDI** En caja original, env\u00edo por servicio de mensajer\u00eda GLS con seguro de valor limitado *** Puede organizar la nueva medici\u00f3n EQUIscan\u00ae usted mismo o podemos organizarla nosotros. Un pago de 120,00\u20ac m\u00e1s posibles gastos de viaje (o chequeo de ajuste EQUIscan\u00ae completo con nueva medici\u00f3n 170,00\u20ac) tiene que ser pagado directamente al socio Equiscan\u00ae. Si desea reservar este servicio, env\u00edenos un correo electr\u00f3nico a info@zaldionline.com. Por favor, no reserve en l\u00ednea, de lo contrario los gastos de env\u00edo se cobrar\u00e1n dos veces. Gracias\" \/>\n<meta name=\"robots\" content=\"noindex, follow, max-snippet:-1, max-image-preview:large, max-video-preview:-1\" \/>\n<meta property=\"og:locale\" content=\"es_ES\" \/>\n<meta property=\"og:type\" content=\"article\" \/>\n<meta property=\"og:title\" content=\"SERVICIO ACOLCHADO\/AJUSTE DEL SONDEO\/3D IMAGEN\/ENV\u00cdO INCL. - Zaldionline.com\" \/>\n<meta property=\"og:description\" content=\"Precio todo incluido IVA incl: 398,25 \u20ac. Por supuesto, tambi\u00e9n puede solicitar servicios individuales. Consulte los precios individuales indicados. Ofrecemos los siguientes servicios exclusivamente para sillas de montar ZALDI\u00ae vendidas por nosotros dentro del periodo de garant\u00eda de 2 a\u00f1os*:Recogida del silla embalado del cliente y env\u00edo a ZALDI** 60,00. Acolchado de los paneles de lana sin medici\u00f3n *** 162,76\u20ac. Ajuste de la placa de la garganta (seg\u00fan las medidas especificadas por el cliente) 33,49\u20acAjuste basado en una medici\u00f3n EQUIscan\u00ae (antigua o nueva) 82, 00\u20ac. Env\u00edo al cliente 60,00\u20ac. Adem\u00e1s, puede solicitar la limpieza y el engrase del silla por un suplemento de 82,30\u20ac *Sillas de m\u00e1s de 2 a\u00f1os: previo presupuesto de ZALDI** En caja original, env\u00edo por servicio de mensajer\u00eda GLS con seguro de valor limitado *** Puede organizar la nueva medici\u00f3n EQUIscan\u00ae usted mismo o podemos organizarla nosotros. Un pago de 120,00\u20ac m\u00e1s posibles gastos de viaje (o chequeo de ajuste EQUIscan\u00ae completo con nueva medici\u00f3n 170,00\u20ac) tiene que ser pagado directamente al socio Equiscan\u00ae. Si desea reservar este servicio, env\u00edenos un correo electr\u00f3nico a info@zaldionline.com. Por favor, no reserve en l\u00ednea, de lo contrario los gastos de env\u00edo se cobrar\u00e1n dos veces. Gracias\" \/>\n<meta property=\"og:url\" content=\"https:\/\/www.zaldionline.com\/es\/producto\/servicio-acolchado-ajuste-del-sondeo-3d-imagen-envio-incl\/\" \/>\n<meta property=\"og:site_name\" content=\"Zaldionline.com\" \/>\n<meta property=\"article:modified_time\" content=\"2025-09-15T12:28:49+00:00\" \/>\n<meta property=\"og:image\" content=\"https:\/\/www.zaldionline.com\/es\/wp-content\/uploads\/sites\/2\/2020\/11\/Foto-fuer-Web.jpg\" \/>\n\t<meta property=\"og:image:width\" content=\"492\" \/>\n\t<meta property=\"og:image:height\" content=\"458\" \/>\n\t<meta property=\"og:image:type\" content=\"image\/jpeg\" \/>\n<meta name=\"twitter:card\" content=\"summary_large_image\" \/>\n<meta name=\"twitter:label1\" content=\"Tiempo de lectura\" \/>\n\t<meta name=\"twitter:data1\" content=\"2 minutos\" \/>\n<script type=\"application\/ld+json\" class=\"yoast-schema-graph\">{\"@context\":\"https:\\\/\\\/schema.org\",\"@graph\":[{\"@type\":\"WebPage\",\"@id\":\"https:\\\/\\\/www.zaldionline.com\\\/es\\\/producto\\\/servicio-acolchado-ajuste-del-sondeo-3d-imagen-envio-incl\\\/\",\"url\":\"https:\\\/\\\/www.zaldionline.com\\\/es\\\/producto\\\/servicio-acolchado-ajuste-del-sondeo-3d-imagen-envio-incl\\\/\",\"name\":\"SERVICIO ACOLCHADO\\\/AJUSTE DEL SONDEO\\\/3D IMAGEN\\\/ENV\u00cdO INCL. - Zaldionline.com\",\"isPartOf\":{\"@id\":\"https:\\\/\\\/www.zaldionline.com\\\/es\\\/#website\"},\"primaryImageOfPage\":{\"@id\":\"https:\\\/\\\/www.zaldionline.com\\\/es\\\/producto\\\/servicio-acolchado-ajuste-del-sondeo-3d-imagen-envio-incl\\\/#primaryimage\"},\"image\":{\"@id\":\"https:\\\/\\\/www.zaldionline.com\\\/es\\\/producto\\\/servicio-acolchado-ajuste-del-sondeo-3d-imagen-envio-incl\\\/#primaryimage\"},\"thumbnailUrl\":\"https:\\\/\\\/www.zaldionline.com\\\/es\\\/wp-content\\\/uploads\\\/sites\\\/2\\\/2020\\\/11\\\/Foto-fuer-Web.jpg\",\"datePublished\":\"2020-11-17T12:16:44+00:00\",\"dateModified\":\"2025-09-15T12:28:49+00:00\",\"description\":\"Precio todo incluido IVA incl: 398,25 \u20ac. Por supuesto, tambi\u00e9n puede solicitar servicios individuales. Consulte los precios individuales indicados. Ofrecemos los siguientes servicios exclusivamente para sillas de montar ZALDI\u00ae vendidas por nosotros dentro del periodo de garant\u00eda de 2 a\u00f1os*:Recogida del silla embalado del cliente y env\u00edo a ZALDI** 60,00. Acolchado de los paneles de lana sin medici\u00f3n *** 162,76\u20ac. Ajuste de la placa de la garganta (seg\u00fan las medidas especificadas por el cliente) 33,49\u20acAjuste basado en una medici\u00f3n EQUIscan\u00ae (antigua o nueva) 82, 00\u20ac. Env\u00edo al cliente 60,00\u20ac. Adem\u00e1s, puede solicitar la limpieza y el engrase del silla por un suplemento de 82,30\u20ac *Sillas de m\u00e1s de 2 a\u00f1os: previo presupuesto de ZALDI** En caja original, env\u00edo por servicio de mensajer\u00eda GLS con seguro de valor limitado *** Puede organizar la nueva medici\u00f3n EQUIscan\u00ae usted mismo o podemos organizarla nosotros. Un pago de 120,00\u20ac m\u00e1s posibles gastos de viaje (o chequeo de ajuste EQUIscan\u00ae completo con nueva medici\u00f3n 170,00\u20ac) tiene que ser pagado directamente al socio Equiscan\u00ae. Si desea reservar este servicio, env\u00edenos un correo electr\u00f3nico a info@zaldionline.com. Por favor, no reserve en l\u00ednea, de lo contrario los gastos de env\u00edo se cobrar\u00e1n dos veces. Gracias\",\"breadcrumb\":{\"@id\":\"https:\\\/\\\/www.zaldionline.com\\\/es\\\/producto\\\/servicio-acolchado-ajuste-del-sondeo-3d-imagen-envio-incl\\\/#breadcrumb\"},\"inLanguage\":\"es\",\"potentialAction\":[{\"@type\":\"ReadAction\",\"target\":[\"https:\\\/\\\/www.zaldionline.com\\\/es\\\/producto\\\/servicio-acolchado-ajuste-del-sondeo-3d-imagen-envio-incl\\\/\"]}]},{\"@type\":\"ImageObject\",\"inLanguage\":\"es\",\"@id\":\"https:\\\/\\\/www.zaldionline.com\\\/es\\\/producto\\\/servicio-acolchado-ajuste-del-sondeo-3d-imagen-envio-incl\\\/#primaryimage\",\"url\":\"https:\\\/\\\/www.zaldionline.com\\\/es\\\/wp-content\\\/uploads\\\/sites\\\/2\\\/2020\\\/11\\\/Foto-fuer-Web.jpg\",\"contentUrl\":\"https:\\\/\\\/www.zaldionline.com\\\/es\\\/wp-content\\\/uploads\\\/sites\\\/2\\\/2020\\\/11\\\/Foto-fuer-Web.jpg\",\"width\":492,\"height\":458},{\"@type\":\"BreadcrumbList\",\"@id\":\"https:\\\/\\\/www.zaldionline.com\\\/es\\\/producto\\\/servicio-acolchado-ajuste-del-sondeo-3d-imagen-envio-incl\\\/#breadcrumb\",\"itemListElement\":[{\"@type\":\"ListItem\",\"position\":1,\"name\":\"Portada\",\"item\":\"https:\\\/\\\/www.zaldionline.com\\\/es\\\/\"},{\"@type\":\"ListItem\",\"position\":2,\"name\":\"Sillas y accesorios\",\"item\":\"https:\\\/\\\/www.zaldionline.com\\\/es\\\/sillas-y-accesorios\\\/\"},{\"@type\":\"ListItem\",\"position\":3,\"name\":\"SERVICIO ACOLCHADO\\\/AJUSTE DEL SONDEO\\\/3D IMAGEN\\\/ENV\u00cdO INCL.\"}]},{\"@type\":\"WebSite\",\"@id\":\"https:\\\/\\\/www.zaldionline.com\\\/es\\\/#website\",\"url\":\"https:\\\/\\\/www.zaldionline.com\\\/es\\\/\",\"name\":\"Zaldionline.com\",\"description\":\"Los mejores productos para usted y su caballo\",\"potentialAction\":[{\"@type\":\"SearchAction\",\"target\":{\"@type\":\"EntryPoint\",\"urlTemplate\":\"https:\\\/\\\/www.zaldionline.com\\\/es\\\/?s={search_term_string}\"},\"query-input\":{\"@type\":\"PropertyValueSpecification\",\"valueRequired\":true,\"valueName\":\"search_term_string\"}}],\"inLanguage\":\"es\"}]}<\/script>\n<!-- \/ Yoast SEO plugin. -->","yoast_head_json":{"title":"SERVICIO ACOLCHADO\/AJUSTE DEL SONDEO\/3D IMAGEN\/ENV\u00cdO INCL. - Zaldionline.com","description":"Precio todo incluido IVA incl: 398,25 \u20ac. Por supuesto, tambi\u00e9n puede solicitar servicios individuales. Consulte los precios individuales indicados. Ofrecemos los siguientes servicios exclusivamente para sillas de montar ZALDI\u00ae vendidas por nosotros dentro del periodo de garant\u00eda de 2 a\u00f1os*:Recogida del silla embalado del cliente y env\u00edo a ZALDI** 60,00. Acolchado de los paneles de lana sin medici\u00f3n *** 162,76\u20ac. Ajuste de la placa de la garganta (seg\u00fan las medidas especificadas por el cliente) 33,49\u20acAjuste basado en una medici\u00f3n EQUIscan\u00ae (antigua o nueva) 82, 00\u20ac. Env\u00edo al cliente 60,00\u20ac. Adem\u00e1s, puede solicitar la limpieza y el engrase del silla por un suplemento de 82,30\u20ac *Sillas de m\u00e1s de 2 a\u00f1os: previo presupuesto de ZALDI** En caja original, env\u00edo por servicio de mensajer\u00eda GLS con seguro de valor limitado *** Puede organizar la nueva medici\u00f3n EQUIscan\u00ae usted mismo o podemos organizarla nosotros. Un pago de 120,00\u20ac m\u00e1s posibles gastos de viaje (o chequeo de ajuste EQUIscan\u00ae completo con nueva medici\u00f3n 170,00\u20ac) tiene que ser pagado directamente al socio Equiscan\u00ae. Si desea reservar este servicio, env\u00edenos un correo electr\u00f3nico a info@zaldionline.com. Por favor, no reserve en l\u00ednea, de lo contrario los gastos de env\u00edo se cobrar\u00e1n dos veces. Gracias","robots":{"index":"noindex","follow":"follow","max-snippet":"max-snippet:-1","max-image-preview":"max-image-preview:large","max-video-preview":"max-video-preview:-1"},"og_locale":"es_ES","og_type":"article","og_title":"SERVICIO ACOLCHADO\/AJUSTE DEL SONDEO\/3D IMAGEN\/ENV\u00cdO INCL. - Zaldionline.com","og_description":"Precio todo incluido IVA incl: 398,25 \u20ac. Por supuesto, tambi\u00e9n puede solicitar servicios individuales. Consulte los precios individuales indicados. Ofrecemos los siguientes servicios exclusivamente para sillas de montar ZALDI\u00ae vendidas por nosotros dentro del periodo de garant\u00eda de 2 a\u00f1os*:Recogida del silla embalado del cliente y env\u00edo a ZALDI** 60,00. Acolchado de los paneles de lana sin medici\u00f3n *** 162,76\u20ac. Ajuste de la placa de la garganta (seg\u00fan las medidas especificadas por el cliente) 33,49\u20acAjuste basado en una medici\u00f3n EQUIscan\u00ae (antigua o nueva) 82, 00\u20ac. Env\u00edo al cliente 60,00\u20ac. Adem\u00e1s, puede solicitar la limpieza y el engrase del silla por un suplemento de 82,30\u20ac *Sillas de m\u00e1s de 2 a\u00f1os: previo presupuesto de ZALDI** En caja original, env\u00edo por servicio de mensajer\u00eda GLS con seguro de valor limitado *** Puede organizar la nueva medici\u00f3n EQUIscan\u00ae usted mismo o podemos organizarla nosotros. Un pago de 120,00\u20ac m\u00e1s posibles gastos de viaje (o chequeo de ajuste EQUIscan\u00ae completo con nueva medici\u00f3n 170,00\u20ac) tiene que ser pagado directamente al socio Equiscan\u00ae. Si desea reservar este servicio, env\u00edenos un correo electr\u00f3nico a info@zaldionline.com. Por favor, no reserve en l\u00ednea, de lo contrario los gastos de env\u00edo se cobrar\u00e1n dos veces. Gracias","og_url":"https:\/\/www.zaldionline.com\/es\/producto\/servicio-acolchado-ajuste-del-sondeo-3d-imagen-envio-incl\/","og_site_name":"Zaldionline.com","article_modified_time":"2025-09-15T12:28:49+00:00","og_image":[{"width":492,"height":458,"url":"https:\/\/www.zaldionline.com\/es\/wp-content\/uploads\/sites\/2\/2020\/11\/Foto-fuer-Web.jpg","type":"image\/jpeg"}],"twitter_card":"summary_large_image","twitter_misc":{"Tiempo de lectura":"2 minutos"},"schema":{"@context":"https:\/\/schema.org","@graph":[{"@type":"WebPage","@id":"https:\/\/www.zaldionline.com\/es\/producto\/servicio-acolchado-ajuste-del-sondeo-3d-imagen-envio-incl\/","url":"https:\/\/www.zaldionline.com\/es\/producto\/servicio-acolchado-ajuste-del-sondeo-3d-imagen-envio-incl\/","name":"SERVICIO ACOLCHADO\/AJUSTE DEL SONDEO\/3D IMAGEN\/ENV\u00cdO INCL. - Zaldionline.com","isPartOf":{"@id":"https:\/\/www.zaldionline.com\/es\/#website"},"primaryImageOfPage":{"@id":"https:\/\/www.zaldionline.com\/es\/producto\/servicio-acolchado-ajuste-del-sondeo-3d-imagen-envio-incl\/#primaryimage"},"image":{"@id":"https:\/\/www.zaldionline.com\/es\/producto\/servicio-acolchado-ajuste-del-sondeo-3d-imagen-envio-incl\/#primaryimage"},"thumbnailUrl":"https:\/\/www.zaldionline.com\/es\/wp-content\/uploads\/sites\/2\/2020\/11\/Foto-fuer-Web.jpg","datePublished":"2020-11-17T12:16:44+00:00","dateModified":"2025-09-15T12:28:49+00:00","description":"Precio todo incluido IVA incl: 398,25 \u20ac. Por supuesto, tambi\u00e9n puede solicitar servicios individuales. Consulte los precios individuales indicados. Ofrecemos los siguientes servicios exclusivamente para sillas de montar ZALDI\u00ae vendidas por nosotros dentro del periodo de garant\u00eda de 2 a\u00f1os*:Recogida del silla embalado del cliente y env\u00edo a ZALDI** 60,00. Acolchado de los paneles de lana sin medici\u00f3n *** 162,76\u20ac. Ajuste de la placa de la garganta (seg\u00fan las medidas especificadas por el cliente) 33,49\u20acAjuste basado en una medici\u00f3n EQUIscan\u00ae (antigua o nueva) 82, 00\u20ac. Env\u00edo al cliente 60,00\u20ac. Adem\u00e1s, puede solicitar la limpieza y el engrase del silla por un suplemento de 82,30\u20ac *Sillas de m\u00e1s de 2 a\u00f1os: previo presupuesto de ZALDI** En caja original, env\u00edo por servicio de mensajer\u00eda GLS con seguro de valor limitado *** Puede organizar la nueva medici\u00f3n EQUIscan\u00ae usted mismo o podemos organizarla nosotros. Un pago de 120,00\u20ac m\u00e1s posibles gastos de viaje (o chequeo de ajuste EQUIscan\u00ae completo con nueva medici\u00f3n 170,00\u20ac) tiene que ser pagado directamente al socio Equiscan\u00ae. Si desea reservar este servicio, env\u00edenos un correo electr\u00f3nico a info@zaldionline.com. Por favor, no reserve en l\u00ednea, de lo contrario los gastos de env\u00edo se cobrar\u00e1n dos veces. Gracias","breadcrumb":{"@id":"https:\/\/www.zaldionline.com\/es\/producto\/servicio-acolchado-ajuste-del-sondeo-3d-imagen-envio-incl\/#breadcrumb"},"inLanguage":"es","potentialAction":[{"@type":"ReadAction","target":["https:\/\/www.zaldionline.com\/es\/producto\/servicio-acolchado-ajuste-del-sondeo-3d-imagen-envio-incl\/"]}]},{"@type":"ImageObject","inLanguage":"es","@id":"https:\/\/www.zaldionline.com\/es\/producto\/servicio-acolchado-ajuste-del-sondeo-3d-imagen-envio-incl\/#primaryimage","url":"https:\/\/www.zaldionline.com\/es\/wp-content\/uploads\/sites\/2\/2020\/11\/Foto-fuer-Web.jpg","contentUrl":"https:\/\/www.zaldionline.com\/es\/wp-content\/uploads\/sites\/2\/2020\/11\/Foto-fuer-Web.jpg","width":492,"height":458},{"@type":"BreadcrumbList","@id":"https:\/\/www.zaldionline.com\/es\/producto\/servicio-acolchado-ajuste-del-sondeo-3d-imagen-envio-incl\/#breadcrumb","itemListElement":[{"@type":"ListItem","position":1,"name":"Portada","item":"https:\/\/www.zaldionline.com\/es\/"},{"@type":"ListItem","position":2,"name":"Sillas y accesorios","item":"https:\/\/www.zaldionline.com\/es\/sillas-y-accesorios\/"},{"@type":"ListItem","position":3,"name":"SERVICIO ACOLCHADO\/AJUSTE DEL SONDEO\/3D IMAGEN\/ENV\u00cdO INCL."}]},{"@type":"WebSite","@id":"https:\/\/www.zaldionline.com\/es\/#website","url":"https:\/\/www.zaldionline.com\/es\/","name":"Zaldionline.com","description":"Los mejores productos para usted y su caballo","potentialAction":[{"@type":"SearchAction","target":{"@type":"EntryPoint","urlTemplate":"https:\/\/www.zaldionline.com\/es\/?s={search_term_string}"},"query-input":{"@type":"PropertyValueSpecification","valueRequired":true,"valueName":"search_term_string"}}],"inLanguage":"es"}]}},"_links":{"self":[{"href":"https:\/\/www.zaldionline.com\/es\/wp-json\/wp\/v2\/product\/16833","targetHints":{"allow":["GET"]}}],"collection":[{"href":"https:\/\/www.zaldionline.com\/es\/wp-json\/wp\/v2\/product"}],"about":[{"href":"https:\/\/www.zaldionline.com\/es\/wp-json\/wp\/v2\/types\/product"}],"replies":[{"embeddable":true,"href":"https:\/\/www.zaldionline.com\/es\/wp-json\/wp\/v2\/comments?post=16833"}],"version-history":[{"count":27,"href":"https:\/\/www.zaldionline.com\/es\/wp-json\/wp\/v2\/product\/16833\/revisions"}],"predecessor-version":[{"id":25900,"href":"https:\/\/www.zaldionline.com\/es\/wp-json\/wp\/v2\/product\/16833\/revisions\/25900"}],"wp:featuredmedia":[{"embeddable":true,"href":"https:\/\/www.zaldionline.com\/es\/wp-json\/wp\/v2\/media\/17595"}],"wp:attachment":[{"href":"https:\/\/www.zaldionline.com\/es\/wp-json\/wp\/v2\/media?parent=16833"}],"wp:term":[{"taxonomy":"product_brand","embeddable":true,"href":"https:\/\/www.zaldionline.com\/es\/wp-json\/wp\/v2\/product_brand?post=16833"},{"taxonomy":"product_cat","embeddable":true,"href":"https:\/\/www.zaldionline.com\/es\/wp-json\/wp\/v2\/product_cat?post=16833"},{"taxonomy":"product_tag","embeddable":true,"href":"https:\/\/www.zaldionline.com\/es\/wp-json\/wp\/v2\/product_tag?post=16833"}],"curies":[{"name":"wp","href":"https:\/\/api.w.org\/{rel}","templated":true}]}}