{"id":16837,"date":"2020-11-17T12:53:29","date_gmt":"2020-11-17T12:53:29","guid":{"rendered":"https:\/\/zaldionline.com\/?post_type=product&#038;p=16837"},"modified":"2025-02-05T10:55:39","modified_gmt":"2025-02-05T10:55:39","slug":"silla-zaldi-amazona-lady-england","status":"publish","type":"product","link":"https:\/\/www.zaldionline.com\/es\/producto\/silla-zaldi-amazona-lady-england\/","title":{"rendered":"SILLA ZALDI AMAZONA LADY ENGLAND"},"content":{"rendered":"\t\t<div data-elementor-type=\"wp-post\" data-elementor-id=\"16837\" class=\"elementor elementor-16837\">\n\t\t\t\t\t\t<section class=\"elementor-section elementor-top-section elementor-element elementor-element-4ae39b19 elementor-section-boxed elementor-section-height-default elementor-section-height-default\" data-id=\"4ae39b19\" data-element_type=\"section\" data-e-type=\"section\">\n\t\t\t\t\t\t<div class=\"elementor-container elementor-column-gap-default\">\n\t\t\t\t\t<div class=\"elementor-column elementor-col-100 elementor-top-column elementor-element elementor-element-5f5f7c91\" data-id=\"5f5f7c91\" data-element_type=\"column\" data-e-type=\"column\">\n\t\t\t<div class=\"elementor-widget-wrap elementor-element-populated\">\n\t\t\t\t\t\t<div class=\"elementor-element elementor-element-2198dbf4 elementor-widget elementor-widget-text-editor\" data-id=\"2198dbf4\" data-element_type=\"widget\" data-e-type=\"widget\" data-widget_type=\"text-editor.default\">\n\t\t\t\t<div class=\"elementor-widget-container\">\n\t\t\t\t\t\t\t\t\t<p>Precio incl. IVA 4.861,56\u20ac<\/p><p>Silla tradicional amazona estilo ingl\u00e9s.<\/p><p>MATERIALES:<\/p><p>* Realizada en pieles europeas de crup\u00f3n y boxcalf especialmente seleccionadas.<br \/>* Asiento de goma l\u00e1tex.<br \/>* Fald\u00f3n especial amazona.<br \/>* Rodillera\/Taco con cuernos para amazona. 2 posiciones para el cuerno superior.<br \/>* Baste relleno de lana.<br \/>* Armadura de madera laminada y reforzada con hierro dulce. Garant\u00eda de 10 a\u00f1os.<br \/>* Estribera de seguridad estilo England.<br \/>* Latiguillos cortos.<\/p><p>MEDIDAS:<\/p><p>* Baste por debajo: 54 cm.<br \/>* \u00c1rea de apoyo del baste sobre el lomo del caballo: 49 cm.<br \/>* Fald\u00f3n izquierdo desde la estribera: 31 cm.<br \/>* Corneta derecha: 17 cm. x 17 cm.<br \/>* Corneta izquierda: 13 cm. x20 cm.<br \/>* Peso: 12 Kg.<br \/>* Largo desde el principio de la corneta: 51 cm. (20&#8243;).<br \/>* Largo desde la mitad de la corneta: 44.5 cm. (17.5&#8243;).<\/p><p>MEDIDAS ORIENTATIVAS POR ESTATURA PARA AMAZONAS:<\/p><p>Las sillas amazonas tienen 2 formas de medirse:<br \/>1\u00aa desde el principio de la corneta&#8230;AMERICANA<br \/>2\u00aa desde el medio de la corneta&#8230;INGLESA<br \/>ambas en pulgadas.<\/p><p>*19&#8243; (48 cm.) Americana \/\/ 15.5&#8243; (39 cm.) Inglesa&#8230;&#8230;.amazonas que midan menos de 1.50 metros.<br \/>*20&#8243; (51 cm.) Americana \/\/ 17.5&#8243; (44.5 cm.) Inglesa&#8230;.amazonas que midan de 1.50 a 1.65 metros.<br \/>*21.5&#8243; (55 cm.) Americana \/\/ 18.5&#8243; (47 cm.) Inglesa&#8230;.amazonas que midan de 1.65 a 1.75 metros.<br \/>*23&#8243; (58 cm.) Americana \/\/ 19.5&#8243; (49.5 cm.) Inglesa&#8230;.amazonas que midan m\u00e1s de 1.75 metros.<\/p><p>Para medir el caballo seguir las instrucciones de medici\u00f3n de la p\u00e1gina web de Zaldi y solicitar un medidor de dorso de caballo Zaldi (ref. 21120330000).<\/p><p><strong>\u00a1AVISO IMPORTANTE!<\/strong><\/p><p><strong>COLORES DEL CUERO<\/strong><\/p><p><strong>Es \u201cIMPOSIBLE\u201d conseguir que dos art\u00edculos en cuero de color avellana, tostado, marr\u00f3n o habana sean exactamente iguales.<\/strong><\/p><p>Ref. 00000157<\/p>\t\t\t\t\t\t\t\t<\/div>\n\t\t\t\t<\/div>\n\t\t\t\t\t<\/div>\n\t\t<\/div>\n\t\t\t\t\t<\/div>\n\t\t<\/section>\n\t\t\t\t<\/div>\n\t\t","protected":false},"excerpt":{"rendered":"<p>Precio incl. IVA 4.861,56\u20ac Silla tradicional amazona estilo ingl\u00e9s. MATERIALES: * Realizada en pieles europeas de crup\u00f3n y boxcalf especialmente seleccionadas. * Asiento de goma l\u00e1tex. * Fald\u00f3n especial amazona. * Rodillera\/Taco con cuernos para amazona. 2 posiciones para el cuerno superior. * Baste relleno de lana. * Armadura de madera laminada y reforzada con [&hellip;]<\/p>\n","protected":false},"featured_media":17494,"comment_status":"open","ping_status":"closed","template":"","meta":{"site-sidebar-layout":"default","site-content-layout":"default","ast-site-content-layout":"default","site-content-style":"default","site-sidebar-style":"default","ast-global-header-display":"","ast-banner-title-visibility":"","ast-main-header-display":"","ast-hfb-above-header-display":"","ast-hfb-below-header-display":"","ast-hfb-mobile-header-display":"","site-post-title":"","ast-breadcrumbs-content":"","ast-featured-img":"","footer-sml-layout":"","ast-disable-related-posts":"","theme-transparent-header-meta":"default","adv-header-id-meta":"","stick-header-meta":"","header-above-stick-meta":"","header-main-stick-meta":"","header-below-stick-meta":"","astra-migrate-meta-layouts":"set","ast-page-background-enabled":"default","ast-page-background-meta":{"desktop":{"background-color":"var(--ast-global-color-4)","background-image":"","background-repeat":"repeat","background-position":"center center","background-size":"auto","background-attachment":"scroll","background-type":"","background-media":"","overlay-type":"","overlay-color":"","overlay-opacity":"","overlay-gradient":""},"tablet":{"background-color":"","background-image":"","background-repeat":"repeat","background-position":"center center","background-size":"auto","background-attachment":"scroll","background-type":"","background-media":"","overlay-type":"","overlay-color":"","overlay-opacity":"","overlay-gradient":""},"mobile":{"background-color":"","background-image":"","background-repeat":"repeat","background-position":"center center","background-size":"auto","background-attachment":"scroll","background-type":"","background-media":"","overlay-type":"","overlay-color":"","overlay-opacity":"","overlay-gradient":""}},"ast-content-background-meta":{"desktop":{"background-color":"var(--ast-global-color-5)","background-image":"","background-repeat":"repeat","background-position":"center center","background-size":"auto","background-attachment":"scroll","background-type":"","background-media":"","overlay-type":"","overlay-color":"","overlay-opacity":"","overlay-gradient":""},"tablet":{"background-color":"var(--ast-global-color-5)","background-image":"","background-repeat":"repeat","background-position":"center center","background-size":"auto","background-attachment":"scroll","background-type":"","background-media":"","overlay-type":"","overlay-color":"","overlay-opacity":"","overlay-gradient":""},"mobile":{"background-color":"var(--ast-global-color-5)","background-image":"","background-repeat":"repeat","background-position":"center center","background-size":"auto","background-attachment":"scroll","background-type":"","background-media":"","overlay-type":"","overlay-color":"","overlay-opacity":"","overlay-gradient":""}},"ngg_post_thumbnail":0},"product_brand":[],"product_cat":[17,24],"product_tag":[466,341,411,409,431,346,415,406,301,343,440,410,202,413,416,404,412,337,469,468,338,467,339],"class_list":{"0":"post-16837","1":"product","2":"type-product","3":"status-publish","4":"has-post-thumbnail","6":"product_cat-sillas","7":"product_cat-sillas-amazona","8":"product_tag-amazona-sattel","9":"product_tag-bienestarcaballo","10":"product_tag-custom-saddle","11":"product_tag-custom-sattel","12":"product_tag-damensattel","13":"product_tag-equiscan-zaldi","14":"product_tag-lederfreie-saettel","15":"product_tag-lederfreier-sattel","16":"product_tag-masssattel","17":"product_tag-sattel-guenstig","18":"product_tag-silla","19":"product_tag-silla-custom","20":"product_tag-sillas","21":"product_tag-vegan","22":"product_tag-vegane-saettel","23":"product_tag-veganer-sattel","24":"product_tag-verstellbare-saettel","25":"product_tag-zaldi","26":"product_tag-zaldi-amazona-sattel","27":"product_tag-zaldi-damensattel","28":"product_tag-zaldi-deutschland","29":"product_tag-zaldi-lady-england","30":"product_tag-zaldi-online-com","31":"desktop-align-left","32":"tablet-align-left","33":"mobile-align-left","35":"first","36":"instock","37":"taxable","38":"shipping-taxable","39":"purchasable","40":"product-type-variable"},"yoast_head":"<!-- This site is optimized with the Yoast SEO plugin v27.4 - https:\/\/yoast.com\/product\/yoast-seo-wordpress\/ -->\n<title>SILLA ZALDI AMAZONA LADY ENGLAND - Zaldionline.com<\/title>\n<meta name=\"description\" content=\"Precio inc. IVA.: 4.861,56\u20ac Silla tradicional amazona estilo ingl\u00e9s. MATERIALES:* Realizada en pieles europeas de crup\u00f3n y boxcalf especialmente seleccionadas.* Asiento de goma l\u00e1tex.* Fald\u00f3n especial amazona.* Rodillera\/Taco con cuernos para amazona. 2 posiciones para el cuerno superior.* Baste relleno de lana.* Armadura de madera laminada y reforzada con hierro dulce. Garant\u00eda de 10 a\u00f1os.* Estribera de seguridad estilo England.* Latiguillos cortos.MEDIDAS:* Baste por debajo: 54 cm.* \u00c1rea de apoyo del baste sobre el lomo del caballo: 49 cm.* Fald\u00f3n izquierdo desde la estribera: 31 cm.* Corneta derecha: 17 cm. x 17 cm.* Corneta izquierda: 13 cm. x20 cm.* Peso: 12 Kg.* Largo desde el principio de la corneta: 51 cm. (20&quot;).* Largo desde la mitad de la corneta: 44.5 cm. (17.5&quot;). MEDIDAS ORIENTATIVAS POR ESTATURA PARA AMAZONAS: Las sillas amazonas tienen 2 formas de medirse:1\u00aa desde el principio de la corneta. AMERICANA2\u00aa desde el medio de la corneta. INGLESA ambas en pulgadas.*19&quot; (48 cm.) Americana \/\/ 15.5&quot; (39 cm.) Inglesa. amazonas que midan menos de 1.50 metros.*20&quot; (51 cm.) Americana \/\/ 17.5&quot; (44.5 cm.) Inglesa. amazonas que midan de 1.50 a 1.65 metros.*21.5&quot; (55 cm.) Americana \/\/ 18.5&quot; (47 cm.) Inglesa. amazonas que midan de 1.65 a 1.75 metros.*23&quot; (58 cm.) Americana \/\/ 19.5&quot; (49.5 cm.) Inglesa. amazonas que midan m\u00e1s de 1.75 metros. \u00a1AVISO IMPORTANTE! COLORES DEL CUERO Es \u201cIMPOSIBLE\u201d conseguir que dos art\u00edculos en cuero de color avellana, tostado, marr\u00f3n o habana sean exactamente iguales. Ref. 00000157\" \/>\n<meta name=\"robots\" content=\"noindex, follow, max-snippet:-1, max-image-preview:large, max-video-preview:-1\" \/>\n<meta property=\"og:locale\" content=\"es_ES\" \/>\n<meta property=\"og:type\" content=\"article\" \/>\n<meta property=\"og:title\" content=\"SILLA ZALDI AMAZONA LADY ENGLAND - Zaldionline.com\" \/>\n<meta property=\"og:description\" content=\"Precio inc. IVA.: 4.861,56\u20ac Silla tradicional amazona estilo ingl\u00e9s. MATERIALES:* Realizada en pieles europeas de crup\u00f3n y boxcalf especialmente seleccionadas.* Asiento de goma l\u00e1tex.* Fald\u00f3n especial amazona.* Rodillera\/Taco con cuernos para amazona. 2 posiciones para el cuerno superior.* Baste relleno de lana.* Armadura de madera laminada y reforzada con hierro dulce. Garant\u00eda de 10 a\u00f1os.* Estribera de seguridad estilo England.* Latiguillos cortos.MEDIDAS:* Baste por debajo: 54 cm.* \u00c1rea de apoyo del baste sobre el lomo del caballo: 49 cm.* Fald\u00f3n izquierdo desde la estribera: 31 cm.* Corneta derecha: 17 cm. x 17 cm.* Corneta izquierda: 13 cm. x20 cm.* Peso: 12 Kg.* Largo desde el principio de la corneta: 51 cm. (20&quot;).* Largo desde la mitad de la corneta: 44.5 cm. (17.5&quot;). MEDIDAS ORIENTATIVAS POR ESTATURA PARA AMAZONAS: Las sillas amazonas tienen 2 formas de medirse:1\u00aa desde el principio de la corneta. AMERICANA2\u00aa desde el medio de la corneta. INGLESA ambas en pulgadas.*19&quot; (48 cm.) Americana \/\/ 15.5&quot; (39 cm.) Inglesa. amazonas que midan menos de 1.50 metros.*20&quot; (51 cm.) Americana \/\/ 17.5&quot; (44.5 cm.) Inglesa. amazonas que midan de 1.50 a 1.65 metros.*21.5&quot; (55 cm.) Americana \/\/ 18.5&quot; (47 cm.) Inglesa. amazonas que midan de 1.65 a 1.75 metros.*23&quot; (58 cm.) Americana \/\/ 19.5&quot; (49.5 cm.) Inglesa. amazonas que midan m\u00e1s de 1.75 metros. \u00a1AVISO IMPORTANTE! COLORES DEL CUERO Es \u201cIMPOSIBLE\u201d conseguir que dos art\u00edculos en cuero de color avellana, tostado, marr\u00f3n o habana sean exactamente iguales. Ref. 00000157\" \/>\n<meta property=\"og:url\" content=\"https:\/\/www.zaldionline.com\/es\/producto\/silla-zaldi-amazona-lady-england\/\" \/>\n<meta property=\"og:site_name\" content=\"Zaldionline.com\" \/>\n<meta property=\"article:modified_time\" content=\"2025-02-05T10:55:39+00:00\" \/>\n<meta property=\"og:image\" content=\"https:\/\/www.zaldionline.com\/es\/wp-content\/uploads\/sites\/2\/2020\/11\/Bild_2020-12-10_171911.png\" \/>\n\t<meta property=\"og:image:width\" content=\"511\" \/>\n\t<meta property=\"og:image:height\" content=\"504\" \/>\n\t<meta property=\"og:image:type\" content=\"image\/png\" \/>\n<meta name=\"twitter:card\" content=\"summary_large_image\" \/>\n<meta name=\"twitter:label1\" content=\"Tiempo de lectura\" \/>\n\t<meta name=\"twitter:data1\" content=\"2 minutos\" \/>\n<script type=\"application\/ld+json\" class=\"yoast-schema-graph\">{\"@context\":\"https:\\\/\\\/schema.org\",\"@graph\":[{\"@type\":\"WebPage\",\"@id\":\"https:\\\/\\\/www.zaldionline.com\\\/es\\\/producto\\\/silla-zaldi-amazona-lady-england\\\/\",\"url\":\"https:\\\/\\\/www.zaldionline.com\\\/es\\\/producto\\\/silla-zaldi-amazona-lady-england\\\/\",\"name\":\"SILLA ZALDI AMAZONA LADY ENGLAND - Zaldionline.com\",\"isPartOf\":{\"@id\":\"https:\\\/\\\/www.zaldionline.com\\\/es\\\/#website\"},\"primaryImageOfPage\":{\"@id\":\"https:\\\/\\\/www.zaldionline.com\\\/es\\\/producto\\\/silla-zaldi-amazona-lady-england\\\/#primaryimage\"},\"image\":{\"@id\":\"https:\\\/\\\/www.zaldionline.com\\\/es\\\/producto\\\/silla-zaldi-amazona-lady-england\\\/#primaryimage\"},\"thumbnailUrl\":\"https:\\\/\\\/www.zaldionline.com\\\/es\\\/wp-content\\\/uploads\\\/sites\\\/2\\\/2020\\\/11\\\/Bild_2020-12-10_171911.png\",\"datePublished\":\"2020-11-17T12:53:29+00:00\",\"dateModified\":\"2025-02-05T10:55:39+00:00\",\"description\":\"Precio inc. IVA.: 4.861,56\u20ac Silla tradicional amazona estilo ingl\u00e9s. MATERIALES:* Realizada en pieles europeas de crup\u00f3n y boxcalf especialmente seleccionadas.* Asiento de goma l\u00e1tex.* Fald\u00f3n especial amazona.* Rodillera\\\/Taco con cuernos para amazona. 2 posiciones para el cuerno superior.* Baste relleno de lana.* Armadura de madera laminada y reforzada con hierro dulce. Garant\u00eda de 10 a\u00f1os.* Estribera de seguridad estilo England.* Latiguillos cortos.MEDIDAS:* Baste por debajo: 54 cm.* \u00c1rea de apoyo del baste sobre el lomo del caballo: 49 cm.* Fald\u00f3n izquierdo desde la estribera: 31 cm.* Corneta derecha: 17 cm. x 17 cm.* Corneta izquierda: 13 cm. x20 cm.* Peso: 12 Kg.* Largo desde el principio de la corneta: 51 cm. (20\\\").* Largo desde la mitad de la corneta: 44.5 cm. (17.5\\\"). MEDIDAS ORIENTATIVAS POR ESTATURA PARA AMAZONAS: Las sillas amazonas tienen 2 formas de medirse:1\u00aa desde el principio de la corneta. AMERICANA2\u00aa desde el medio de la corneta. INGLESA ambas en pulgadas.*19\\\" (48 cm.) Americana \\\/\\\/ 15.5\\\" (39 cm.) Inglesa. amazonas que midan menos de 1.50 metros.*20\\\" (51 cm.) Americana \\\/\\\/ 17.5\\\" (44.5 cm.) Inglesa. amazonas que midan de 1.50 a 1.65 metros.*21.5\\\" (55 cm.) Americana \\\/\\\/ 18.5\\\" (47 cm.) Inglesa. amazonas que midan de 1.65 a 1.75 metros.*23\\\" (58 cm.) Americana \\\/\\\/ 19.5\\\" (49.5 cm.) Inglesa. amazonas que midan m\u00e1s de 1.75 metros. \u00a1AVISO IMPORTANTE! COLORES DEL CUERO Es \u201cIMPOSIBLE\u201d conseguir que dos art\u00edculos en cuero de color avellana, tostado, marr\u00f3n o habana sean exactamente iguales. Ref. 00000157\",\"breadcrumb\":{\"@id\":\"https:\\\/\\\/www.zaldionline.com\\\/es\\\/producto\\\/silla-zaldi-amazona-lady-england\\\/#breadcrumb\"},\"inLanguage\":\"es\",\"potentialAction\":[{\"@type\":\"ReadAction\",\"target\":[\"https:\\\/\\\/www.zaldionline.com\\\/es\\\/producto\\\/silla-zaldi-amazona-lady-england\\\/\"]}]},{\"@type\":\"ImageObject\",\"inLanguage\":\"es\",\"@id\":\"https:\\\/\\\/www.zaldionline.com\\\/es\\\/producto\\\/silla-zaldi-amazona-lady-england\\\/#primaryimage\",\"url\":\"https:\\\/\\\/www.zaldionline.com\\\/es\\\/wp-content\\\/uploads\\\/sites\\\/2\\\/2020\\\/11\\\/Bild_2020-12-10_171911.png\",\"contentUrl\":\"https:\\\/\\\/www.zaldionline.com\\\/es\\\/wp-content\\\/uploads\\\/sites\\\/2\\\/2020\\\/11\\\/Bild_2020-12-10_171911.png\",\"width\":511,\"height\":504},{\"@type\":\"BreadcrumbList\",\"@id\":\"https:\\\/\\\/www.zaldionline.com\\\/es\\\/producto\\\/silla-zaldi-amazona-lady-england\\\/#breadcrumb\",\"itemListElement\":[{\"@type\":\"ListItem\",\"position\":1,\"name\":\"Portada\",\"item\":\"https:\\\/\\\/www.zaldionline.com\\\/es\\\/\"},{\"@type\":\"ListItem\",\"position\":2,\"name\":\"Sillas y accesorios\",\"item\":\"https:\\\/\\\/www.zaldionline.com\\\/es\\\/sillas-y-accesorios\\\/\"},{\"@type\":\"ListItem\",\"position\":3,\"name\":\"SILLA ZALDI AMAZONA LADY ENGLAND\"}]},{\"@type\":\"WebSite\",\"@id\":\"https:\\\/\\\/www.zaldionline.com\\\/es\\\/#website\",\"url\":\"https:\\\/\\\/www.zaldionline.com\\\/es\\\/\",\"name\":\"Zaldionline.com\",\"description\":\"Los mejores productos para usted y su caballo\",\"potentialAction\":[{\"@type\":\"SearchAction\",\"target\":{\"@type\":\"EntryPoint\",\"urlTemplate\":\"https:\\\/\\\/www.zaldionline.com\\\/es\\\/?s={search_term_string}\"},\"query-input\":{\"@type\":\"PropertyValueSpecification\",\"valueRequired\":true,\"valueName\":\"search_term_string\"}}],\"inLanguage\":\"es\"}]}<\/script>\n<!-- \/ Yoast SEO plugin. -->","yoast_head_json":{"title":"SILLA ZALDI AMAZONA LADY ENGLAND - Zaldionline.com","description":"Precio inc. IVA.: 4.861,56\u20ac Silla tradicional amazona estilo ingl\u00e9s. MATERIALES:* Realizada en pieles europeas de crup\u00f3n y boxcalf especialmente seleccionadas.* Asiento de goma l\u00e1tex.* Fald\u00f3n especial amazona.* Rodillera\/Taco con cuernos para amazona. 2 posiciones para el cuerno superior.* Baste relleno de lana.* Armadura de madera laminada y reforzada con hierro dulce. Garant\u00eda de 10 a\u00f1os.* Estribera de seguridad estilo England.* Latiguillos cortos.MEDIDAS:* Baste por debajo: 54 cm.* \u00c1rea de apoyo del baste sobre el lomo del caballo: 49 cm.* Fald\u00f3n izquierdo desde la estribera: 31 cm.* Corneta derecha: 17 cm. x 17 cm.* Corneta izquierda: 13 cm. x20 cm.* Peso: 12 Kg.* Largo desde el principio de la corneta: 51 cm. (20\").* Largo desde la mitad de la corneta: 44.5 cm. (17.5\"). MEDIDAS ORIENTATIVAS POR ESTATURA PARA AMAZONAS: Las sillas amazonas tienen 2 formas de medirse:1\u00aa desde el principio de la corneta. AMERICANA2\u00aa desde el medio de la corneta. INGLESA ambas en pulgadas.*19\" (48 cm.) Americana \/\/ 15.5\" (39 cm.) Inglesa. amazonas que midan menos de 1.50 metros.*20\" (51 cm.) Americana \/\/ 17.5\" (44.5 cm.) Inglesa. amazonas que midan de 1.50 a 1.65 metros.*21.5\" (55 cm.) Americana \/\/ 18.5\" (47 cm.) Inglesa. amazonas que midan de 1.65 a 1.75 metros.*23\" (58 cm.) Americana \/\/ 19.5\" (49.5 cm.) Inglesa. amazonas que midan m\u00e1s de 1.75 metros. \u00a1AVISO IMPORTANTE! COLORES DEL CUERO Es \u201cIMPOSIBLE\u201d conseguir que dos art\u00edculos en cuero de color avellana, tostado, marr\u00f3n o habana sean exactamente iguales. Ref. 00000157","robots":{"index":"noindex","follow":"follow","max-snippet":"max-snippet:-1","max-image-preview":"max-image-preview:large","max-video-preview":"max-video-preview:-1"},"og_locale":"es_ES","og_type":"article","og_title":"SILLA ZALDI AMAZONA LADY ENGLAND - Zaldionline.com","og_description":"Precio inc. IVA.: 4.861,56\u20ac Silla tradicional amazona estilo ingl\u00e9s. MATERIALES:* Realizada en pieles europeas de crup\u00f3n y boxcalf especialmente seleccionadas.* Asiento de goma l\u00e1tex.* Fald\u00f3n especial amazona.* Rodillera\/Taco con cuernos para amazona. 2 posiciones para el cuerno superior.* Baste relleno de lana.* Armadura de madera laminada y reforzada con hierro dulce. Garant\u00eda de 10 a\u00f1os.* Estribera de seguridad estilo England.* Latiguillos cortos.MEDIDAS:* Baste por debajo: 54 cm.* \u00c1rea de apoyo del baste sobre el lomo del caballo: 49 cm.* Fald\u00f3n izquierdo desde la estribera: 31 cm.* Corneta derecha: 17 cm. x 17 cm.* Corneta izquierda: 13 cm. x20 cm.* Peso: 12 Kg.* Largo desde el principio de la corneta: 51 cm. (20\").* Largo desde la mitad de la corneta: 44.5 cm. (17.5\"). MEDIDAS ORIENTATIVAS POR ESTATURA PARA AMAZONAS: Las sillas amazonas tienen 2 formas de medirse:1\u00aa desde el principio de la corneta. AMERICANA2\u00aa desde el medio de la corneta. INGLESA ambas en pulgadas.*19\" (48 cm.) Americana \/\/ 15.5\" (39 cm.) Inglesa. amazonas que midan menos de 1.50 metros.*20\" (51 cm.) Americana \/\/ 17.5\" (44.5 cm.) Inglesa. amazonas que midan de 1.50 a 1.65 metros.*21.5\" (55 cm.) Americana \/\/ 18.5\" (47 cm.) Inglesa. amazonas que midan de 1.65 a 1.75 metros.*23\" (58 cm.) Americana \/\/ 19.5\" (49.5 cm.) Inglesa. amazonas que midan m\u00e1s de 1.75 metros. \u00a1AVISO IMPORTANTE! COLORES DEL CUERO Es \u201cIMPOSIBLE\u201d conseguir que dos art\u00edculos en cuero de color avellana, tostado, marr\u00f3n o habana sean exactamente iguales. Ref. 00000157","og_url":"https:\/\/www.zaldionline.com\/es\/producto\/silla-zaldi-amazona-lady-england\/","og_site_name":"Zaldionline.com","article_modified_time":"2025-02-05T10:55:39+00:00","og_image":[{"width":511,"height":504,"url":"https:\/\/www.zaldionline.com\/es\/wp-content\/uploads\/sites\/2\/2020\/11\/Bild_2020-12-10_171911.png","type":"image\/png"}],"twitter_card":"summary_large_image","twitter_misc":{"Tiempo de lectura":"2 minutos"},"schema":{"@context":"https:\/\/schema.org","@graph":[{"@type":"WebPage","@id":"https:\/\/www.zaldionline.com\/es\/producto\/silla-zaldi-amazona-lady-england\/","url":"https:\/\/www.zaldionline.com\/es\/producto\/silla-zaldi-amazona-lady-england\/","name":"SILLA ZALDI AMAZONA LADY ENGLAND - Zaldionline.com","isPartOf":{"@id":"https:\/\/www.zaldionline.com\/es\/#website"},"primaryImageOfPage":{"@id":"https:\/\/www.zaldionline.com\/es\/producto\/silla-zaldi-amazona-lady-england\/#primaryimage"},"image":{"@id":"https:\/\/www.zaldionline.com\/es\/producto\/silla-zaldi-amazona-lady-england\/#primaryimage"},"thumbnailUrl":"https:\/\/www.zaldionline.com\/es\/wp-content\/uploads\/sites\/2\/2020\/11\/Bild_2020-12-10_171911.png","datePublished":"2020-11-17T12:53:29+00:00","dateModified":"2025-02-05T10:55:39+00:00","description":"Precio inc. IVA.: 4.861,56\u20ac Silla tradicional amazona estilo ingl\u00e9s. MATERIALES:* Realizada en pieles europeas de crup\u00f3n y boxcalf especialmente seleccionadas.* Asiento de goma l\u00e1tex.* Fald\u00f3n especial amazona.* Rodillera\/Taco con cuernos para amazona. 2 posiciones para el cuerno superior.* Baste relleno de lana.* Armadura de madera laminada y reforzada con hierro dulce. Garant\u00eda de 10 a\u00f1os.* Estribera de seguridad estilo England.* Latiguillos cortos.MEDIDAS:* Baste por debajo: 54 cm.* \u00c1rea de apoyo del baste sobre el lomo del caballo: 49 cm.* Fald\u00f3n izquierdo desde la estribera: 31 cm.* Corneta derecha: 17 cm. x 17 cm.* Corneta izquierda: 13 cm. x20 cm.* Peso: 12 Kg.* Largo desde el principio de la corneta: 51 cm. (20\").* Largo desde la mitad de la corneta: 44.5 cm. (17.5\"). MEDIDAS ORIENTATIVAS POR ESTATURA PARA AMAZONAS: Las sillas amazonas tienen 2 formas de medirse:1\u00aa desde el principio de la corneta. AMERICANA2\u00aa desde el medio de la corneta. INGLESA ambas en pulgadas.*19\" (48 cm.) Americana \/\/ 15.5\" (39 cm.) Inglesa. amazonas que midan menos de 1.50 metros.*20\" (51 cm.) Americana \/\/ 17.5\" (44.5 cm.) Inglesa. amazonas que midan de 1.50 a 1.65 metros.*21.5\" (55 cm.) Americana \/\/ 18.5\" (47 cm.) Inglesa. amazonas que midan de 1.65 a 1.75 metros.*23\" (58 cm.) Americana \/\/ 19.5\" (49.5 cm.) Inglesa. amazonas que midan m\u00e1s de 1.75 metros. \u00a1AVISO IMPORTANTE! COLORES DEL CUERO Es \u201cIMPOSIBLE\u201d conseguir que dos art\u00edculos en cuero de color avellana, tostado, marr\u00f3n o habana sean exactamente iguales. Ref. 00000157","breadcrumb":{"@id":"https:\/\/www.zaldionline.com\/es\/producto\/silla-zaldi-amazona-lady-england\/#breadcrumb"},"inLanguage":"es","potentialAction":[{"@type":"ReadAction","target":["https:\/\/www.zaldionline.com\/es\/producto\/silla-zaldi-amazona-lady-england\/"]}]},{"@type":"ImageObject","inLanguage":"es","@id":"https:\/\/www.zaldionline.com\/es\/producto\/silla-zaldi-amazona-lady-england\/#primaryimage","url":"https:\/\/www.zaldionline.com\/es\/wp-content\/uploads\/sites\/2\/2020\/11\/Bild_2020-12-10_171911.png","contentUrl":"https:\/\/www.zaldionline.com\/es\/wp-content\/uploads\/sites\/2\/2020\/11\/Bild_2020-12-10_171911.png","width":511,"height":504},{"@type":"BreadcrumbList","@id":"https:\/\/www.zaldionline.com\/es\/producto\/silla-zaldi-amazona-lady-england\/#breadcrumb","itemListElement":[{"@type":"ListItem","position":1,"name":"Portada","item":"https:\/\/www.zaldionline.com\/es\/"},{"@type":"ListItem","position":2,"name":"Sillas y accesorios","item":"https:\/\/www.zaldionline.com\/es\/sillas-y-accesorios\/"},{"@type":"ListItem","position":3,"name":"SILLA ZALDI AMAZONA LADY ENGLAND"}]},{"@type":"WebSite","@id":"https:\/\/www.zaldionline.com\/es\/#website","url":"https:\/\/www.zaldionline.com\/es\/","name":"Zaldionline.com","description":"Los mejores productos para usted y su caballo","potentialAction":[{"@type":"SearchAction","target":{"@type":"EntryPoint","urlTemplate":"https:\/\/www.zaldionline.com\/es\/?s={search_term_string}"},"query-input":{"@type":"PropertyValueSpecification","valueRequired":true,"valueName":"search_term_string"}}],"inLanguage":"es"}]}},"_links":{"self":[{"href":"https:\/\/www.zaldionline.com\/es\/wp-json\/wp\/v2\/product\/16837","targetHints":{"allow":["GET"]}}],"collection":[{"href":"https:\/\/www.zaldionline.com\/es\/wp-json\/wp\/v2\/product"}],"about":[{"href":"https:\/\/www.zaldionline.com\/es\/wp-json\/wp\/v2\/types\/product"}],"replies":[{"embeddable":true,"href":"https:\/\/www.zaldionline.com\/es\/wp-json\/wp\/v2\/comments?post=16837"}],"version-history":[{"count":14,"href":"https:\/\/www.zaldionline.com\/es\/wp-json\/wp\/v2\/product\/16837\/revisions"}],"predecessor-version":[{"id":25800,"href":"https:\/\/www.zaldionline.com\/es\/wp-json\/wp\/v2\/product\/16837\/revisions\/25800"}],"wp:featuredmedia":[{"embeddable":true,"href":"https:\/\/www.zaldionline.com\/es\/wp-json\/wp\/v2\/media\/17494"}],"wp:attachment":[{"href":"https:\/\/www.zaldionline.com\/es\/wp-json\/wp\/v2\/media?parent=16837"}],"wp:term":[{"taxonomy":"product_brand","embeddable":true,"href":"https:\/\/www.zaldionline.com\/es\/wp-json\/wp\/v2\/product_brand?post=16837"},{"taxonomy":"product_cat","embeddable":true,"href":"https:\/\/www.zaldionline.com\/es\/wp-json\/wp\/v2\/product_cat?post=16837"},{"taxonomy":"product_tag","embeddable":true,"href":"https:\/\/www.zaldionline.com\/es\/wp-json\/wp\/v2\/product_tag?post=16837"}],"curies":[{"name":"wp","href":"https:\/\/api.w.org\/{rel}","templated":true}]}}