{"id":16910,"date":"2020-11-26T16:08:46","date_gmt":"2020-11-26T16:08:46","guid":{"rendered":"https:\/\/zaldionline.com\/?post_type=product&#038;p=16910"},"modified":"2024-04-10T09:01:50","modified_gmt":"2024-04-10T09:01:50","slug":"paneles-de-lana-para-la-fabricacion-de-sillas-nuevos-personalizados","status":"publish","type":"product","link":"https:\/\/www.zaldionline.com\/es\/producto\/paneles-de-lana-para-la-fabricacion-de-sillas-nuevos-personalizados\/","title":{"rendered":"PANELES DE LANA PARA LA FABRICACI\u00d3N DE SILLAS NUEVOS PERSONALIZADOS"},"content":{"rendered":"<p>Precio IVA incl: 133,10\u20ac<\/p>\n<p>Los cojines de l\u00e1tex &#8220;inteligentes&#8221; de ZALDI se adaptan perfectamente al dorso del caballo. Sin embargo, debido a la naturaleza del material, no es posible adaptar los paneles de l\u00e1tex a la forma del dorso del caballo tan bien como ocurre con los paneles de lana o mixtos (lana y l\u00e1tex).<\/p>\n<p>Al fabricar sillas de montar con el sistema EQUIscan\u00ae y tambi\u00e9n para poder cambiar o rellenar los paneles posteriormente, recomendamos elegir paneles de lana<\/p>\n","protected":false},"excerpt":{"rendered":"<p>Precio IVA incl: 133,10\u20ac Los cojines de l\u00e1tex &#8220;inteligentes&#8221; de ZALDI se adaptan perfectamente al dorso del caballo. Sin embargo, debido a la naturaleza del material, no es posible adaptar los paneles de l\u00e1tex a la forma del dorso del caballo tan bien como ocurre con los paneles de lana o mixtos (lana y l\u00e1tex). [&hellip;]<\/p>\n","protected":false},"featured_media":16911,"comment_status":"open","ping_status":"closed","template":"","meta":{"site-sidebar-layout":"default","site-content-layout":"default","ast-site-content-layout":"default","site-content-style":"default","site-sidebar-style":"default","ast-global-header-display":"","ast-banner-title-visibility":"","ast-main-header-display":"","ast-hfb-above-header-display":"","ast-hfb-below-header-display":"","ast-hfb-mobile-header-display":"","site-post-title":"","ast-breadcrumbs-content":"","ast-featured-img":"","footer-sml-layout":"","ast-disable-related-posts":"","theme-transparent-header-meta":"default","adv-header-id-meta":"","stick-header-meta":"","header-above-stick-meta":"","header-main-stick-meta":"","header-below-stick-meta":"","astra-migrate-meta-layouts":"set","ast-page-background-enabled":"default","ast-page-background-meta":{"desktop":{"background-color":"var(--ast-global-color-4)","background-image":"","background-repeat":"repeat","background-position":"center center","background-size":"auto","background-attachment":"scroll","background-type":"","background-media":"","overlay-type":"","overlay-color":"","overlay-opacity":"","overlay-gradient":""},"tablet":{"background-color":"","background-image":"","background-repeat":"repeat","background-position":"center center","background-size":"auto","background-attachment":"scroll","background-type":"","background-media":"","overlay-type":"","overlay-color":"","overlay-opacity":"","overlay-gradient":""},"mobile":{"background-color":"","background-image":"","background-repeat":"repeat","background-position":"center center","background-size":"auto","background-attachment":"scroll","background-type":"","background-media":"","overlay-type":"","overlay-color":"","overlay-opacity":"","overlay-gradient":""}},"ast-content-background-meta":{"desktop":{"background-color":"var(--ast-global-color-5)","background-image":"","background-repeat":"repeat","background-position":"center center","background-size":"auto","background-attachment":"scroll","background-type":"","background-media":"","overlay-type":"","overlay-color":"","overlay-opacity":"","overlay-gradient":""},"tablet":{"background-color":"var(--ast-global-color-5)","background-image":"","background-repeat":"repeat","background-position":"center center","background-size":"auto","background-attachment":"scroll","background-type":"","background-media":"","overlay-type":"","overlay-color":"","overlay-opacity":"","overlay-gradient":""},"mobile":{"background-color":"var(--ast-global-color-5)","background-image":"","background-repeat":"repeat","background-position":"center center","background-size":"auto","background-attachment":"scroll","background-type":"","background-media":"","overlay-type":"","overlay-color":"","overlay-opacity":"","overlay-gradient":""}},"ngg_post_thumbnail":0},"product_brand":[],"product_cat":[34,17],"product_tag":[341,409,301,340,594,337,338,339],"class_list":{"0":"post-16910","1":"product","2":"type-product","3":"status-publish","4":"has-post-thumbnail","6":"product_cat-extras-fabricacion-a-medida-rodilleras-tm-reparaciones","7":"product_cat-sillas","8":"product_tag-bienestarcaballo","9":"product_tag-custom-sattel","10":"product_tag-masssattel","11":"product_tag-susanne-nagel","12":"product_tag-wollkissen","13":"product_tag-zaldi","14":"product_tag-zaldi-deutschland","15":"product_tag-zaldi-online-com","16":"desktop-align-left","17":"tablet-align-left","18":"mobile-align-left","20":"first","21":"instock","22":"taxable","23":"shipping-taxable","24":"purchasable","25":"product-type-simple"},"yoast_head":"<!-- This site is optimized with the Yoast SEO plugin v27.5 - https:\/\/yoast.com\/product\/yoast-seo-wordpress\/ -->\n<title>PANELES DE LANA PARA LA FABRICACI\u00d3N DE SILLAS NUEVOS PERSONALIZADOS - Zaldionline.com<\/title>\n<meta name=\"description\" content=\"Preis inkl. MwSt.: 133,10\u20ac Die &quot;intelligenten&quot; Latexkissen von ZALDI passen sich hervorragend an die R\u00fccken der Pferde an. Trotzdem ist es, aufgrund der Materialbeschaffenheit,\u00a0 nicht m\u00f6glich, Latexkissen an die Form des Pferder\u00fcckens genauso gut anzupassen, wie es mit Woll- oder gemischten Kissen (Wolle und Latex) ist. Bei einer Herstellung der Sattels mit dem EQUIscan\u00ae System ermittelten Ma\u00dfe und auch um die Kissen sp\u00e4ter \u00e4ndern oder auff\u00fcllen zu k\u00f6nnen, empfehlen wir Wollkissen zu w\u00e4hlen. Erh\u00e4ltlich \u00fcber Zaldionline.com Ref. 300\" \/>\n<meta name=\"robots\" content=\"noindex, follow, max-snippet:-1, max-image-preview:large, max-video-preview:-1\" \/>\n<meta property=\"og:locale\" content=\"es_ES\" \/>\n<meta property=\"og:type\" content=\"article\" \/>\n<meta property=\"og:title\" content=\"PANELES DE LANA PARA LA FABRICACI\u00d3N DE SILLAS NUEVOS PERSONALIZADOS - Zaldionline.com\" \/>\n<meta property=\"og:description\" content=\"Preis inkl. MwSt.: 133,10\u20ac Die &quot;intelligenten&quot; Latexkissen von ZALDI passen sich hervorragend an die R\u00fccken der Pferde an. Trotzdem ist es, aufgrund der Materialbeschaffenheit,\u00a0 nicht m\u00f6glich, Latexkissen an die Form des Pferder\u00fcckens genauso gut anzupassen, wie es mit Woll- oder gemischten Kissen (Wolle und Latex) ist. Bei einer Herstellung der Sattels mit dem EQUIscan\u00ae System ermittelten Ma\u00dfe und auch um die Kissen sp\u00e4ter \u00e4ndern oder auff\u00fcllen zu k\u00f6nnen, empfehlen wir Wollkissen zu w\u00e4hlen. Erh\u00e4ltlich \u00fcber Zaldionline.com Ref. 300\" \/>\n<meta property=\"og:url\" content=\"https:\/\/www.zaldionline.com\/es\/producto\/paneles-de-lana-para-la-fabricacion-de-sillas-nuevos-personalizados\/\" \/>\n<meta property=\"og:site_name\" content=\"Zaldionline.com\" \/>\n<meta property=\"article:modified_time\" content=\"2024-04-10T09:01:50+00:00\" \/>\n<meta property=\"og:image\" content=\"https:\/\/www.zaldionline.com\/es\/wp-content\/uploads\/sites\/2\/2020\/11\/bastes-de-lana.jpg\" \/>\n\t<meta property=\"og:image:width\" content=\"454\" \/>\n\t<meta property=\"og:image:height\" content=\"694\" \/>\n\t<meta property=\"og:image:type\" content=\"image\/jpeg\" \/>\n<meta name=\"twitter:card\" content=\"summary_large_image\" \/>\n<meta name=\"twitter:label1\" content=\"Tiempo de lectura\" \/>\n\t<meta name=\"twitter:data1\" content=\"1 minuto\" \/>\n<script type=\"application\/ld+json\" class=\"yoast-schema-graph\">{\"@context\":\"https:\\\/\\\/schema.org\",\"@graph\":[{\"@type\":\"WebPage\",\"@id\":\"https:\\\/\\\/www.zaldionline.com\\\/es\\\/producto\\\/paneles-de-lana-para-la-fabricacion-de-sillas-nuevos-personalizados\\\/\",\"url\":\"https:\\\/\\\/www.zaldionline.com\\\/es\\\/producto\\\/paneles-de-lana-para-la-fabricacion-de-sillas-nuevos-personalizados\\\/\",\"name\":\"PANELES DE LANA PARA LA FABRICACI\u00d3N DE SILLAS NUEVOS PERSONALIZADOS - Zaldionline.com\",\"isPartOf\":{\"@id\":\"https:\\\/\\\/www.zaldionline.com\\\/es\\\/#website\"},\"primaryImageOfPage\":{\"@id\":\"https:\\\/\\\/www.zaldionline.com\\\/es\\\/producto\\\/paneles-de-lana-para-la-fabricacion-de-sillas-nuevos-personalizados\\\/#primaryimage\"},\"image\":{\"@id\":\"https:\\\/\\\/www.zaldionline.com\\\/es\\\/producto\\\/paneles-de-lana-para-la-fabricacion-de-sillas-nuevos-personalizados\\\/#primaryimage\"},\"thumbnailUrl\":\"https:\\\/\\\/www.zaldionline.com\\\/es\\\/wp-content\\\/uploads\\\/sites\\\/2\\\/2020\\\/11\\\/bastes-de-lana.jpg\",\"datePublished\":\"2020-11-26T16:08:46+00:00\",\"dateModified\":\"2024-04-10T09:01:50+00:00\",\"description\":\"Preis inkl. MwSt.: 133,10\u20ac Die \\\"intelligenten\\\" Latexkissen von ZALDI passen sich hervorragend an die R\u00fccken der Pferde an. Trotzdem ist es, aufgrund der Materialbeschaffenheit,\u00a0 nicht m\u00f6glich, Latexkissen an die Form des Pferder\u00fcckens genauso gut anzupassen, wie es mit Woll- oder gemischten Kissen (Wolle und Latex) ist. Bei einer Herstellung der Sattels mit dem EQUIscan\u00ae System ermittelten Ma\u00dfe und auch um die Kissen sp\u00e4ter \u00e4ndern oder auff\u00fcllen zu k\u00f6nnen, empfehlen wir Wollkissen zu w\u00e4hlen. Erh\u00e4ltlich \u00fcber Zaldionline.com Ref. 300\",\"breadcrumb\":{\"@id\":\"https:\\\/\\\/www.zaldionline.com\\\/es\\\/producto\\\/paneles-de-lana-para-la-fabricacion-de-sillas-nuevos-personalizados\\\/#breadcrumb\"},\"inLanguage\":\"es\",\"potentialAction\":[{\"@type\":\"ReadAction\",\"target\":[\"https:\\\/\\\/www.zaldionline.com\\\/es\\\/producto\\\/paneles-de-lana-para-la-fabricacion-de-sillas-nuevos-personalizados\\\/\"]}]},{\"@type\":\"ImageObject\",\"inLanguage\":\"es\",\"@id\":\"https:\\\/\\\/www.zaldionline.com\\\/es\\\/producto\\\/paneles-de-lana-para-la-fabricacion-de-sillas-nuevos-personalizados\\\/#primaryimage\",\"url\":\"https:\\\/\\\/www.zaldionline.com\\\/es\\\/wp-content\\\/uploads\\\/sites\\\/2\\\/2020\\\/11\\\/bastes-de-lana.jpg\",\"contentUrl\":\"https:\\\/\\\/www.zaldionline.com\\\/es\\\/wp-content\\\/uploads\\\/sites\\\/2\\\/2020\\\/11\\\/bastes-de-lana.jpg\",\"width\":454,\"height\":694},{\"@type\":\"BreadcrumbList\",\"@id\":\"https:\\\/\\\/www.zaldionline.com\\\/es\\\/producto\\\/paneles-de-lana-para-la-fabricacion-de-sillas-nuevos-personalizados\\\/#breadcrumb\",\"itemListElement\":[{\"@type\":\"ListItem\",\"position\":1,\"name\":\"Portada\",\"item\":\"https:\\\/\\\/www.zaldionline.com\\\/es\\\/\"},{\"@type\":\"ListItem\",\"position\":2,\"name\":\"Sillas y accesorios\",\"item\":\"https:\\\/\\\/www.zaldionline.com\\\/es\\\/sillas-y-accesorios\\\/\"},{\"@type\":\"ListItem\",\"position\":3,\"name\":\"PANELES DE LANA PARA LA FABRICACI\u00d3N DE SILLAS NUEVOS PERSONALIZADOS\"}]},{\"@type\":\"WebSite\",\"@id\":\"https:\\\/\\\/www.zaldionline.com\\\/es\\\/#website\",\"url\":\"https:\\\/\\\/www.zaldionline.com\\\/es\\\/\",\"name\":\"Zaldionline.com\",\"description\":\"Los mejores productos para usted y su caballo\",\"potentialAction\":[{\"@type\":\"SearchAction\",\"target\":{\"@type\":\"EntryPoint\",\"urlTemplate\":\"https:\\\/\\\/www.zaldionline.com\\\/es\\\/?s={search_term_string}\"},\"query-input\":{\"@type\":\"PropertyValueSpecification\",\"valueRequired\":true,\"valueName\":\"search_term_string\"}}],\"inLanguage\":\"es\"}]}<\/script>\n<!-- \/ Yoast SEO plugin. -->","yoast_head_json":{"title":"PANELES DE LANA PARA LA FABRICACI\u00d3N DE SILLAS NUEVOS PERSONALIZADOS - Zaldionline.com","description":"Preis inkl. MwSt.: 133,10\u20ac Die \"intelligenten\" Latexkissen von ZALDI passen sich hervorragend an die R\u00fccken der Pferde an. Trotzdem ist es, aufgrund der Materialbeschaffenheit,\u00a0 nicht m\u00f6glich, Latexkissen an die Form des Pferder\u00fcckens genauso gut anzupassen, wie es mit Woll- oder gemischten Kissen (Wolle und Latex) ist. Bei einer Herstellung der Sattels mit dem EQUIscan\u00ae System ermittelten Ma\u00dfe und auch um die Kissen sp\u00e4ter \u00e4ndern oder auff\u00fcllen zu k\u00f6nnen, empfehlen wir Wollkissen zu w\u00e4hlen. Erh\u00e4ltlich \u00fcber Zaldionline.com Ref. 300","robots":{"index":"noindex","follow":"follow","max-snippet":"max-snippet:-1","max-image-preview":"max-image-preview:large","max-video-preview":"max-video-preview:-1"},"og_locale":"es_ES","og_type":"article","og_title":"PANELES DE LANA PARA LA FABRICACI\u00d3N DE SILLAS NUEVOS PERSONALIZADOS - Zaldionline.com","og_description":"Preis inkl. MwSt.: 133,10\u20ac Die \"intelligenten\" Latexkissen von ZALDI passen sich hervorragend an die R\u00fccken der Pferde an. Trotzdem ist es, aufgrund der Materialbeschaffenheit,\u00a0 nicht m\u00f6glich, Latexkissen an die Form des Pferder\u00fcckens genauso gut anzupassen, wie es mit Woll- oder gemischten Kissen (Wolle und Latex) ist. Bei einer Herstellung der Sattels mit dem EQUIscan\u00ae System ermittelten Ma\u00dfe und auch um die Kissen sp\u00e4ter \u00e4ndern oder auff\u00fcllen zu k\u00f6nnen, empfehlen wir Wollkissen zu w\u00e4hlen. Erh\u00e4ltlich \u00fcber Zaldionline.com Ref. 300","og_url":"https:\/\/www.zaldionline.com\/es\/producto\/paneles-de-lana-para-la-fabricacion-de-sillas-nuevos-personalizados\/","og_site_name":"Zaldionline.com","article_modified_time":"2024-04-10T09:01:50+00:00","og_image":[{"width":454,"height":694,"url":"https:\/\/www.zaldionline.com\/es\/wp-content\/uploads\/sites\/2\/2020\/11\/bastes-de-lana.jpg","type":"image\/jpeg"}],"twitter_card":"summary_large_image","twitter_misc":{"Tiempo de lectura":"1 minuto"},"schema":{"@context":"https:\/\/schema.org","@graph":[{"@type":"WebPage","@id":"https:\/\/www.zaldionline.com\/es\/producto\/paneles-de-lana-para-la-fabricacion-de-sillas-nuevos-personalizados\/","url":"https:\/\/www.zaldionline.com\/es\/producto\/paneles-de-lana-para-la-fabricacion-de-sillas-nuevos-personalizados\/","name":"PANELES DE LANA PARA LA FABRICACI\u00d3N DE SILLAS NUEVOS PERSONALIZADOS - Zaldionline.com","isPartOf":{"@id":"https:\/\/www.zaldionline.com\/es\/#website"},"primaryImageOfPage":{"@id":"https:\/\/www.zaldionline.com\/es\/producto\/paneles-de-lana-para-la-fabricacion-de-sillas-nuevos-personalizados\/#primaryimage"},"image":{"@id":"https:\/\/www.zaldionline.com\/es\/producto\/paneles-de-lana-para-la-fabricacion-de-sillas-nuevos-personalizados\/#primaryimage"},"thumbnailUrl":"https:\/\/www.zaldionline.com\/es\/wp-content\/uploads\/sites\/2\/2020\/11\/bastes-de-lana.jpg","datePublished":"2020-11-26T16:08:46+00:00","dateModified":"2024-04-10T09:01:50+00:00","description":"Preis inkl. MwSt.: 133,10\u20ac Die \"intelligenten\" Latexkissen von ZALDI passen sich hervorragend an die R\u00fccken der Pferde an. Trotzdem ist es, aufgrund der Materialbeschaffenheit,\u00a0 nicht m\u00f6glich, Latexkissen an die Form des Pferder\u00fcckens genauso gut anzupassen, wie es mit Woll- oder gemischten Kissen (Wolle und Latex) ist. Bei einer Herstellung der Sattels mit dem EQUIscan\u00ae System ermittelten Ma\u00dfe und auch um die Kissen sp\u00e4ter \u00e4ndern oder auff\u00fcllen zu k\u00f6nnen, empfehlen wir Wollkissen zu w\u00e4hlen. Erh\u00e4ltlich \u00fcber Zaldionline.com Ref. 300","breadcrumb":{"@id":"https:\/\/www.zaldionline.com\/es\/producto\/paneles-de-lana-para-la-fabricacion-de-sillas-nuevos-personalizados\/#breadcrumb"},"inLanguage":"es","potentialAction":[{"@type":"ReadAction","target":["https:\/\/www.zaldionline.com\/es\/producto\/paneles-de-lana-para-la-fabricacion-de-sillas-nuevos-personalizados\/"]}]},{"@type":"ImageObject","inLanguage":"es","@id":"https:\/\/www.zaldionline.com\/es\/producto\/paneles-de-lana-para-la-fabricacion-de-sillas-nuevos-personalizados\/#primaryimage","url":"https:\/\/www.zaldionline.com\/es\/wp-content\/uploads\/sites\/2\/2020\/11\/bastes-de-lana.jpg","contentUrl":"https:\/\/www.zaldionline.com\/es\/wp-content\/uploads\/sites\/2\/2020\/11\/bastes-de-lana.jpg","width":454,"height":694},{"@type":"BreadcrumbList","@id":"https:\/\/www.zaldionline.com\/es\/producto\/paneles-de-lana-para-la-fabricacion-de-sillas-nuevos-personalizados\/#breadcrumb","itemListElement":[{"@type":"ListItem","position":1,"name":"Portada","item":"https:\/\/www.zaldionline.com\/es\/"},{"@type":"ListItem","position":2,"name":"Sillas y accesorios","item":"https:\/\/www.zaldionline.com\/es\/sillas-y-accesorios\/"},{"@type":"ListItem","position":3,"name":"PANELES DE LANA PARA LA FABRICACI\u00d3N DE SILLAS NUEVOS PERSONALIZADOS"}]},{"@type":"WebSite","@id":"https:\/\/www.zaldionline.com\/es\/#website","url":"https:\/\/www.zaldionline.com\/es\/","name":"Zaldionline.com","description":"Los mejores productos para usted y su caballo","potentialAction":[{"@type":"SearchAction","target":{"@type":"EntryPoint","urlTemplate":"https:\/\/www.zaldionline.com\/es\/?s={search_term_string}"},"query-input":{"@type":"PropertyValueSpecification","valueRequired":true,"valueName":"search_term_string"}}],"inLanguage":"es"}]}},"_links":{"self":[{"href":"https:\/\/www.zaldionline.com\/es\/wp-json\/wp\/v2\/product\/16910","targetHints":{"allow":["GET"]}}],"collection":[{"href":"https:\/\/www.zaldionline.com\/es\/wp-json\/wp\/v2\/product"}],"about":[{"href":"https:\/\/www.zaldionline.com\/es\/wp-json\/wp\/v2\/types\/product"}],"replies":[{"embeddable":true,"href":"https:\/\/www.zaldionline.com\/es\/wp-json\/wp\/v2\/comments?post=16910"}],"version-history":[{"count":4,"href":"https:\/\/www.zaldionline.com\/es\/wp-json\/wp\/v2\/product\/16910\/revisions"}],"predecessor-version":[{"id":24782,"href":"https:\/\/www.zaldionline.com\/es\/wp-json\/wp\/v2\/product\/16910\/revisions\/24782"}],"wp:featuredmedia":[{"embeddable":true,"href":"https:\/\/www.zaldionline.com\/es\/wp-json\/wp\/v2\/media\/16911"}],"wp:attachment":[{"href":"https:\/\/www.zaldionline.com\/es\/wp-json\/wp\/v2\/media?parent=16910"}],"wp:term":[{"taxonomy":"product_brand","embeddable":true,"href":"https:\/\/www.zaldionline.com\/es\/wp-json\/wp\/v2\/product_brand?post=16910"},{"taxonomy":"product_cat","embeddable":true,"href":"https:\/\/www.zaldionline.com\/es\/wp-json\/wp\/v2\/product_cat?post=16910"},{"taxonomy":"product_tag","embeddable":true,"href":"https:\/\/www.zaldionline.com\/es\/wp-json\/wp\/v2\/product_tag?post=16910"}],"curies":[{"name":"wp","href":"https:\/\/api.w.org\/{rel}","templated":true}]}}