{"id":16990,"date":"2020-11-28T12:05:58","date_gmt":"2020-11-28T12:05:58","guid":{"rendered":"https:\/\/zaldionline.com\/?post_type=product&#038;p=16990"},"modified":"2024-10-18T13:16:40","modified_gmt":"2024-10-18T13:16:40","slug":"silla-zaldi-salto-ledyard","status":"publish","type":"product","link":"https:\/\/www.zaldionline.com\/es\/producto\/silla-zaldi-salto-ledyard\/","title":{"rendered":"SILLA ZALDI SALTO LEDYARD"},"content":{"rendered":"\t\t<div data-elementor-type=\"wp-post\" data-elementor-id=\"16990\" class=\"elementor elementor-16990\">\n\t\t\t\t\t\t<section class=\"elementor-section elementor-top-section elementor-element elementor-element-658ecba0 elementor-section-boxed elementor-section-height-default elementor-section-height-default\" data-id=\"658ecba0\" data-element_type=\"section\" data-e-type=\"section\">\n\t\t\t\t\t\t<div class=\"elementor-container elementor-column-gap-default\">\n\t\t\t\t\t<div class=\"elementor-column elementor-col-100 elementor-top-column elementor-element elementor-element-628281ea\" data-id=\"628281ea\" data-element_type=\"column\" data-e-type=\"column\">\n\t\t\t<div class=\"elementor-widget-wrap elementor-element-populated\">\n\t\t\t\t\t\t<div class=\"elementor-element elementor-element-767f60dd elementor-widget elementor-widget-text-editor\" data-id=\"767f60dd\" data-element_type=\"widget\" data-e-type=\"widget\" data-widget_type=\"text-editor.default\">\n\t\t\t\t<div class=\"elementor-widget-container\">\n\t\t\t\t\t\t\t\t\t<p>Precio inc. IVA<\/p><p>Espectacular silla LEDYARD, re\u00fane cualidades que marcan la diferencia entre las sillas de salto. Excelente cuero, armadura flexible y dise\u00f1o ergon\u00f3mico que se traducen en libertad de movimiento, contacto con el caballo, fijaci\u00f3n y la experiencia \u00fanica de la confianza.<br \/><br \/>Se puede modificar la anchura de la armadura por medio de la maquina Zaldi para abrir y cerrar armadura (ref.0100502). En menos de un minuto se puede ajustar la silla al dorso de su caballo. (ver ajuste de la silla)<br \/><br \/>La silla LEDYARD est\u00e1 basada en la Zaldi-Star, que ha tenido una gran aceptaci\u00f3n por parte de los jinetes durante a\u00f1os. Esta silla es ideal para salto, tanto para profesionales como aficionados. Adem\u00e1s de una buena relaci\u00f3n calidad precio.<br \/><br \/>MATERIALES:<br \/><br \/>* Pieles europeas seleccionadas.<br \/>* Asiento de goma l\u00e1tex semi-profundo.<br \/>* Fald\u00f3n adelantado de salto.<br \/>* Rodillera\/Taco interior.<br \/>* Baste mixto de relleno de lana y goma inteligente que ofrece un espectacular apoyo para el dorso del caballo.<br \/>* Armadura fabricada en materiales especiales, con la tecnolog\u00eda m\u00e1s avanzada. Garant\u00eda de 10 a\u00f1os.<br \/>* Estriberas inoxidables de seguridad.<br \/>* Latiguillos cortos.<br \/><br \/>El fald\u00f3n se puede fabricar en cuero boxcalf doble de 2 mm. muy comodo y suave o en cuero crup\u00f3n de 4 mm. muy resistente y duradero.<br \/><br \/>Adem\u00e1s de los cl\u00e1sicos colores; se pueden realizar m\u00faltiples combinaciones en colores de cuero, hilos, vivos, burletes\u2026<br \/><br \/><br \/>Medidas:<br \/><br \/>* Jinete: 16&#8243;, 16.5&#8243;, 17&#8243;, 17.5&#8243;, 18&#8243;<br \/>* Cruz del caballo: de 28 cm. a 34 cm.<br \/><br \/>MEDIDAS:<br \/><br \/>* Jinete 17.5&#8243; (largo de 44.5 cm. desde el borr\u00e9n trasero de la silla al clavo Zaldi).<br \/>* Cruz del caballo: de 28 cm. a 34 cm.<br \/>* Peso: 6.300 Kg.<br \/>* Largo del fald\u00f3n desde la estribera: 36 cm.<br \/>* Largo del baste por debajo: 46 cm.<br \/>* \u00c1rea de apoyo del baste sobre el lomo del caballo: 40 cm.<br \/>* Rodillera exterior: 16 cm. x 5 cm. x 5 cm.<br \/>* Taco trasero interior: 11 cm. x 5 cm. x 4 cm.<\/p><p><strong>\u00a1AVISO IMPORTANTE!<\/strong><\/p><p><strong>COLORES DEL CUERO<\/strong><\/p><p><strong>Es \u201cIMPOSIBLE\u201d conseguir que dos art\u00edculos en cuero de color avellana, tostado, marr\u00f3n o habana sean exactamente iguales<\/strong><\/p><p>Ref. 0015891651<\/p>\t\t\t\t\t\t\t\t<\/div>\n\t\t\t\t<\/div>\n\t\t\t\t\t<\/div>\n\t\t<\/div>\n\t\t\t\t\t<\/div>\n\t\t<\/section>\n\t\t\t\t<\/div>\n\t\t","protected":false},"excerpt":{"rendered":"<p>Precio inc. IVA Espectacular silla LEDYARD, re\u00fane cualidades que marcan la diferencia entre las sillas de salto. Excelente cuero, armadura flexible y dise\u00f1o ergon\u00f3mico que se traducen en libertad de movimiento, contacto con el caballo, fijaci\u00f3n y la experiencia \u00fanica de la confianza. Se puede modificar la anchura de la armadura por medio de la [&hellip;]<\/p>\n","protected":false},"featured_media":17491,"comment_status":"open","ping_status":"closed","template":"","meta":{"site-sidebar-layout":"default","site-content-layout":"default","ast-site-content-layout":"default","site-content-style":"default","site-sidebar-style":"default","ast-global-header-display":"","ast-banner-title-visibility":"","ast-main-header-display":"","ast-hfb-above-header-display":"","ast-hfb-below-header-display":"","ast-hfb-mobile-header-display":"","site-post-title":"","ast-breadcrumbs-content":"","ast-featured-img":"","footer-sml-layout":"","ast-disable-related-posts":"","theme-transparent-header-meta":"default","adv-header-id-meta":"","stick-header-meta":"","header-above-stick-meta":"","header-main-stick-meta":"","header-below-stick-meta":"","astra-migrate-meta-layouts":"set","ast-page-background-enabled":"default","ast-page-background-meta":{"desktop":{"background-color":"var(--ast-global-color-4)","background-image":"","background-repeat":"repeat","background-position":"center center","background-size":"auto","background-attachment":"scroll","background-type":"","background-media":"","overlay-type":"","overlay-color":"","overlay-opacity":"","overlay-gradient":""},"tablet":{"background-color":"","background-image":"","background-repeat":"repeat","background-position":"center center","background-size":"auto","background-attachment":"scroll","background-type":"","background-media":"","overlay-type":"","overlay-color":"","overlay-opacity":"","overlay-gradient":""},"mobile":{"background-color":"","background-image":"","background-repeat":"repeat","background-position":"center center","background-size":"auto","background-attachment":"scroll","background-type":"","background-media":"","overlay-type":"","overlay-color":"","overlay-opacity":"","overlay-gradient":""}},"ast-content-background-meta":{"desktop":{"background-color":"var(--ast-global-color-5)","background-image":"","background-repeat":"repeat","background-position":"center center","background-size":"auto","background-attachment":"scroll","background-type":"","background-media":"","overlay-type":"","overlay-color":"","overlay-opacity":"","overlay-gradient":""},"tablet":{"background-color":"var(--ast-global-color-5)","background-image":"","background-repeat":"repeat","background-position":"center center","background-size":"auto","background-attachment":"scroll","background-type":"","background-media":"","overlay-type":"","overlay-color":"","overlay-opacity":"","overlay-gradient":""},"mobile":{"background-color":"var(--ast-global-color-5)","background-image":"","background-repeat":"repeat","background-position":"center center","background-size":"auto","background-attachment":"scroll","background-type":"","background-media":"","overlay-type":"","overlay-color":"","overlay-opacity":"","overlay-gradient":""}},"ngg_post_thumbnail":0},"product_brand":[],"product_cat":[30,17],"product_tag":[341,1054,346,1058,440,410,202,340,1048,1057,337,991,338,339],"class_list":{"0":"post-16990","1":"product","2":"type-product","3":"status-publish","4":"has-post-thumbnail","6":"product_cat-salto","7":"product_cat-sillas","8":"product_tag-bienestarcaballo","9":"product_tag-cuero","10":"product_tag-equiscan-zaldi","11":"product_tag-salto","12":"product_tag-silla","13":"product_tag-silla-custom","14":"product_tag-sillas","15":"product_tag-susanne-nagel","16":"product_tag-vegana","17":"product_tag-vegano","18":"product_tag-zaldi","19":"product_tag-zaldi-alemania","20":"product_tag-zaldi-deutschland","21":"product_tag-zaldi-online-com","22":"desktop-align-left","23":"tablet-align-left","24":"mobile-align-left","26":"first","27":"instock","28":"taxable","29":"shipping-taxable","30":"purchasable","31":"product-type-variable"},"yoast_head":"<!-- This site is optimized with the Yoast SEO plugin v27.4 - https:\/\/yoast.com\/product\/yoast-seo-wordpress\/ -->\n<title>SILLA ZALDI SALTO LEDYARD - Zaldionline.com<\/title>\n<meta name=\"description\" content=\"Precio inc. IVA.: 1.813,50\u20ac MATERIALES:* Pieles europeas seleccionadas.* Asiento de goma l\u00e1tex semi-profundo.* Fald\u00f3n adelantado de salto.* Rodillera\/Taco interior.* Baste mixto de relleno de lana y goma inteligente que ofrece un espectacular apoyo para el dorso del caballo.* Armadura fabricada en materiales especiales, con la tecnolog\u00eda m\u00e1s avanzada. Garant\u00eda de 10 a\u00f1os.* Estriberas inoxidables de seguridad.* Latiguillos cortos.El fald\u00f3n se puede fabricar en cuero boxcalf doble de 2 mm. muy comodo y suave o en cuero crup\u00f3n de 4 mm. muy resistente y duradero.Adem\u00e1s de los cl\u00e1sicos colores; se pueden realizar m\u00faltiples combinaciones en colores de cuero, hilos, vivos, burletes\u2026Medidas:* Jinete: 16&quot;, 16.5&quot;, 17&quot;, 17.5&quot;, 18&quot;* Cruz del caballo: de 28 cm. a 34 cm.MEDIDAS:* Jinete 17.5&quot; (largo de 44.5 cm. desde el borr\u00e9n trasero de la silla al clavo Zaldi).* Cruz del caballo: de 28 cm. a 34 cm.* Peso: 6.300 Kg.* Largo del fald\u00f3n desde la estribera: 36 cm.* Largo del baste por debajo: 46 cm.* \u00c1rea de apoyo del baste sobre el lomo del caballo: 40 cm.* Rodillera exterior: 16 cm. x 5 cm. x 5 cm.* Taco trasero interior: 11 cm. x 5 cm. x 4 cm. \u00a1AVISO IMPORTANTE! COLORES DEL CUERO Es \u201cIMPOSIBLE\u201d conseguir que dos art\u00edculos en cuero de color avellana, tostado, marr\u00f3n o habana sean exactamente iguales. Ref. 000001589\" \/>\n<meta name=\"robots\" content=\"noindex, follow, max-snippet:-1, max-image-preview:large, max-video-preview:-1\" \/>\n<meta property=\"og:locale\" content=\"es_ES\" \/>\n<meta property=\"og:type\" content=\"article\" \/>\n<meta property=\"og:title\" content=\"SILLA ZALDI SALTO LEDYARD - Zaldionline.com\" \/>\n<meta property=\"og:description\" content=\"Precio inc. IVA.: 1.813,50\u20ac MATERIALES:* Pieles europeas seleccionadas.* Asiento de goma l\u00e1tex semi-profundo.* Fald\u00f3n adelantado de salto.* Rodillera\/Taco interior.* Baste mixto de relleno de lana y goma inteligente que ofrece un espectacular apoyo para el dorso del caballo.* Armadura fabricada en materiales especiales, con la tecnolog\u00eda m\u00e1s avanzada. Garant\u00eda de 10 a\u00f1os.* Estriberas inoxidables de seguridad.* Latiguillos cortos.El fald\u00f3n se puede fabricar en cuero boxcalf doble de 2 mm. muy comodo y suave o en cuero crup\u00f3n de 4 mm. muy resistente y duradero.Adem\u00e1s de los cl\u00e1sicos colores; se pueden realizar m\u00faltiples combinaciones en colores de cuero, hilos, vivos, burletes\u2026Medidas:* Jinete: 16&quot;, 16.5&quot;, 17&quot;, 17.5&quot;, 18&quot;* Cruz del caballo: de 28 cm. a 34 cm.MEDIDAS:* Jinete 17.5&quot; (largo de 44.5 cm. desde el borr\u00e9n trasero de la silla al clavo Zaldi).* Cruz del caballo: de 28 cm. a 34 cm.* Peso: 6.300 Kg.* Largo del fald\u00f3n desde la estribera: 36 cm.* Largo del baste por debajo: 46 cm.* \u00c1rea de apoyo del baste sobre el lomo del caballo: 40 cm.* Rodillera exterior: 16 cm. x 5 cm. x 5 cm.* Taco trasero interior: 11 cm. x 5 cm. x 4 cm. \u00a1AVISO IMPORTANTE! COLORES DEL CUERO Es \u201cIMPOSIBLE\u201d conseguir que dos art\u00edculos en cuero de color avellana, tostado, marr\u00f3n o habana sean exactamente iguales. Ref. 000001589\" \/>\n<meta property=\"og:url\" content=\"https:\/\/www.zaldionline.com\/es\/producto\/silla-zaldi-salto-ledyard\/\" \/>\n<meta property=\"og:site_name\" content=\"Zaldionline.com\" \/>\n<meta property=\"article:modified_time\" content=\"2024-10-18T13:16:40+00:00\" \/>\n<meta property=\"og:image\" content=\"https:\/\/www.zaldionline.com\/es\/wp-content\/uploads\/sites\/2\/2020\/11\/Bild_2020-12-10_170559.png\" \/>\n\t<meta property=\"og:image:width\" content=\"512\" \/>\n\t<meta property=\"og:image:height\" content=\"505\" \/>\n\t<meta property=\"og:image:type\" content=\"image\/png\" \/>\n<meta name=\"twitter:card\" content=\"summary_large_image\" \/>\n<meta name=\"twitter:label1\" content=\"Tiempo de lectura\" \/>\n\t<meta name=\"twitter:data1\" content=\"2 minutos\" \/>\n<script type=\"application\/ld+json\" class=\"yoast-schema-graph\">{\"@context\":\"https:\\\/\\\/schema.org\",\"@graph\":[{\"@type\":\"WebPage\",\"@id\":\"https:\\\/\\\/www.zaldionline.com\\\/es\\\/producto\\\/silla-zaldi-salto-ledyard\\\/\",\"url\":\"https:\\\/\\\/www.zaldionline.com\\\/es\\\/producto\\\/silla-zaldi-salto-ledyard\\\/\",\"name\":\"SILLA ZALDI SALTO LEDYARD - Zaldionline.com\",\"isPartOf\":{\"@id\":\"https:\\\/\\\/www.zaldionline.com\\\/es\\\/#website\"},\"primaryImageOfPage\":{\"@id\":\"https:\\\/\\\/www.zaldionline.com\\\/es\\\/producto\\\/silla-zaldi-salto-ledyard\\\/#primaryimage\"},\"image\":{\"@id\":\"https:\\\/\\\/www.zaldionline.com\\\/es\\\/producto\\\/silla-zaldi-salto-ledyard\\\/#primaryimage\"},\"thumbnailUrl\":\"https:\\\/\\\/www.zaldionline.com\\\/es\\\/wp-content\\\/uploads\\\/sites\\\/2\\\/2020\\\/11\\\/Bild_2020-12-10_170559.png\",\"datePublished\":\"2020-11-28T12:05:58+00:00\",\"dateModified\":\"2024-10-18T13:16:40+00:00\",\"description\":\"Precio inc. IVA.: 1.813,50\u20ac MATERIALES:* Pieles europeas seleccionadas.* Asiento de goma l\u00e1tex semi-profundo.* Fald\u00f3n adelantado de salto.* Rodillera\\\/Taco interior.* Baste mixto de relleno de lana y goma inteligente que ofrece un espectacular apoyo para el dorso del caballo.* Armadura fabricada en materiales especiales, con la tecnolog\u00eda m\u00e1s avanzada. Garant\u00eda de 10 a\u00f1os.* Estriberas inoxidables de seguridad.* Latiguillos cortos.El fald\u00f3n se puede fabricar en cuero boxcalf doble de 2 mm. muy comodo y suave o en cuero crup\u00f3n de 4 mm. muy resistente y duradero.Adem\u00e1s de los cl\u00e1sicos colores; se pueden realizar m\u00faltiples combinaciones en colores de cuero, hilos, vivos, burletes\u2026Medidas:* Jinete: 16\\\", 16.5\\\", 17\\\", 17.5\\\", 18\\\"* Cruz del caballo: de 28 cm. a 34 cm.MEDIDAS:* Jinete 17.5\\\" (largo de 44.5 cm. desde el borr\u00e9n trasero de la silla al clavo Zaldi).* Cruz del caballo: de 28 cm. a 34 cm.* Peso: 6.300 Kg.* Largo del fald\u00f3n desde la estribera: 36 cm.* Largo del baste por debajo: 46 cm.* \u00c1rea de apoyo del baste sobre el lomo del caballo: 40 cm.* Rodillera exterior: 16 cm. x 5 cm. x 5 cm.* Taco trasero interior: 11 cm. x 5 cm. x 4 cm. \u00a1AVISO IMPORTANTE! COLORES DEL CUERO Es \u201cIMPOSIBLE\u201d conseguir que dos art\u00edculos en cuero de color avellana, tostado, marr\u00f3n o habana sean exactamente iguales. Ref. 000001589\",\"breadcrumb\":{\"@id\":\"https:\\\/\\\/www.zaldionline.com\\\/es\\\/producto\\\/silla-zaldi-salto-ledyard\\\/#breadcrumb\"},\"inLanguage\":\"es\",\"potentialAction\":[{\"@type\":\"ReadAction\",\"target\":[\"https:\\\/\\\/www.zaldionline.com\\\/es\\\/producto\\\/silla-zaldi-salto-ledyard\\\/\"]}]},{\"@type\":\"ImageObject\",\"inLanguage\":\"es\",\"@id\":\"https:\\\/\\\/www.zaldionline.com\\\/es\\\/producto\\\/silla-zaldi-salto-ledyard\\\/#primaryimage\",\"url\":\"https:\\\/\\\/www.zaldionline.com\\\/es\\\/wp-content\\\/uploads\\\/sites\\\/2\\\/2020\\\/11\\\/Bild_2020-12-10_170559.png\",\"contentUrl\":\"https:\\\/\\\/www.zaldionline.com\\\/es\\\/wp-content\\\/uploads\\\/sites\\\/2\\\/2020\\\/11\\\/Bild_2020-12-10_170559.png\",\"width\":512,\"height\":505},{\"@type\":\"BreadcrumbList\",\"@id\":\"https:\\\/\\\/www.zaldionline.com\\\/es\\\/producto\\\/silla-zaldi-salto-ledyard\\\/#breadcrumb\",\"itemListElement\":[{\"@type\":\"ListItem\",\"position\":1,\"name\":\"Portada\",\"item\":\"https:\\\/\\\/www.zaldionline.com\\\/es\\\/\"},{\"@type\":\"ListItem\",\"position\":2,\"name\":\"Sillas y accesorios\",\"item\":\"https:\\\/\\\/www.zaldionline.com\\\/es\\\/sillas-y-accesorios\\\/\"},{\"@type\":\"ListItem\",\"position\":3,\"name\":\"SILLA ZALDI SALTO LEDYARD\"}]},{\"@type\":\"WebSite\",\"@id\":\"https:\\\/\\\/www.zaldionline.com\\\/es\\\/#website\",\"url\":\"https:\\\/\\\/www.zaldionline.com\\\/es\\\/\",\"name\":\"Zaldionline.com\",\"description\":\"Los mejores productos para usted y su caballo\",\"potentialAction\":[{\"@type\":\"SearchAction\",\"target\":{\"@type\":\"EntryPoint\",\"urlTemplate\":\"https:\\\/\\\/www.zaldionline.com\\\/es\\\/?s={search_term_string}\"},\"query-input\":{\"@type\":\"PropertyValueSpecification\",\"valueRequired\":true,\"valueName\":\"search_term_string\"}}],\"inLanguage\":\"es\"}]}<\/script>\n<!-- \/ Yoast SEO plugin. -->","yoast_head_json":{"title":"SILLA ZALDI SALTO LEDYARD - Zaldionline.com","description":"Precio inc. IVA.: 1.813,50\u20ac MATERIALES:* Pieles europeas seleccionadas.* Asiento de goma l\u00e1tex semi-profundo.* Fald\u00f3n adelantado de salto.* Rodillera\/Taco interior.* Baste mixto de relleno de lana y goma inteligente que ofrece un espectacular apoyo para el dorso del caballo.* Armadura fabricada en materiales especiales, con la tecnolog\u00eda m\u00e1s avanzada. Garant\u00eda de 10 a\u00f1os.* Estriberas inoxidables de seguridad.* Latiguillos cortos.El fald\u00f3n se puede fabricar en cuero boxcalf doble de 2 mm. muy comodo y suave o en cuero crup\u00f3n de 4 mm. muy resistente y duradero.Adem\u00e1s de los cl\u00e1sicos colores; se pueden realizar m\u00faltiples combinaciones en colores de cuero, hilos, vivos, burletes\u2026Medidas:* Jinete: 16\", 16.5\", 17\", 17.5\", 18\"* Cruz del caballo: de 28 cm. a 34 cm.MEDIDAS:* Jinete 17.5\" (largo de 44.5 cm. desde el borr\u00e9n trasero de la silla al clavo Zaldi).* Cruz del caballo: de 28 cm. a 34 cm.* Peso: 6.300 Kg.* Largo del fald\u00f3n desde la estribera: 36 cm.* Largo del baste por debajo: 46 cm.* \u00c1rea de apoyo del baste sobre el lomo del caballo: 40 cm.* Rodillera exterior: 16 cm. x 5 cm. x 5 cm.* Taco trasero interior: 11 cm. x 5 cm. x 4 cm. \u00a1AVISO IMPORTANTE! COLORES DEL CUERO Es \u201cIMPOSIBLE\u201d conseguir que dos art\u00edculos en cuero de color avellana, tostado, marr\u00f3n o habana sean exactamente iguales. Ref. 000001589","robots":{"index":"noindex","follow":"follow","max-snippet":"max-snippet:-1","max-image-preview":"max-image-preview:large","max-video-preview":"max-video-preview:-1"},"og_locale":"es_ES","og_type":"article","og_title":"SILLA ZALDI SALTO LEDYARD - Zaldionline.com","og_description":"Precio inc. IVA.: 1.813,50\u20ac MATERIALES:* Pieles europeas seleccionadas.* Asiento de goma l\u00e1tex semi-profundo.* Fald\u00f3n adelantado de salto.* Rodillera\/Taco interior.* Baste mixto de relleno de lana y goma inteligente que ofrece un espectacular apoyo para el dorso del caballo.* Armadura fabricada en materiales especiales, con la tecnolog\u00eda m\u00e1s avanzada. Garant\u00eda de 10 a\u00f1os.* Estriberas inoxidables de seguridad.* Latiguillos cortos.El fald\u00f3n se puede fabricar en cuero boxcalf doble de 2 mm. muy comodo y suave o en cuero crup\u00f3n de 4 mm. muy resistente y duradero.Adem\u00e1s de los cl\u00e1sicos colores; se pueden realizar m\u00faltiples combinaciones en colores de cuero, hilos, vivos, burletes\u2026Medidas:* Jinete: 16\", 16.5\", 17\", 17.5\", 18\"* Cruz del caballo: de 28 cm. a 34 cm.MEDIDAS:* Jinete 17.5\" (largo de 44.5 cm. desde el borr\u00e9n trasero de la silla al clavo Zaldi).* Cruz del caballo: de 28 cm. a 34 cm.* Peso: 6.300 Kg.* Largo del fald\u00f3n desde la estribera: 36 cm.* Largo del baste por debajo: 46 cm.* \u00c1rea de apoyo del baste sobre el lomo del caballo: 40 cm.* Rodillera exterior: 16 cm. x 5 cm. x 5 cm.* Taco trasero interior: 11 cm. x 5 cm. x 4 cm. \u00a1AVISO IMPORTANTE! COLORES DEL CUERO Es \u201cIMPOSIBLE\u201d conseguir que dos art\u00edculos en cuero de color avellana, tostado, marr\u00f3n o habana sean exactamente iguales. Ref. 000001589","og_url":"https:\/\/www.zaldionline.com\/es\/producto\/silla-zaldi-salto-ledyard\/","og_site_name":"Zaldionline.com","article_modified_time":"2024-10-18T13:16:40+00:00","og_image":[{"width":512,"height":505,"url":"https:\/\/www.zaldionline.com\/es\/wp-content\/uploads\/sites\/2\/2020\/11\/Bild_2020-12-10_170559.png","type":"image\/png"}],"twitter_card":"summary_large_image","twitter_misc":{"Tiempo de lectura":"2 minutos"},"schema":{"@context":"https:\/\/schema.org","@graph":[{"@type":"WebPage","@id":"https:\/\/www.zaldionline.com\/es\/producto\/silla-zaldi-salto-ledyard\/","url":"https:\/\/www.zaldionline.com\/es\/producto\/silla-zaldi-salto-ledyard\/","name":"SILLA ZALDI SALTO LEDYARD - Zaldionline.com","isPartOf":{"@id":"https:\/\/www.zaldionline.com\/es\/#website"},"primaryImageOfPage":{"@id":"https:\/\/www.zaldionline.com\/es\/producto\/silla-zaldi-salto-ledyard\/#primaryimage"},"image":{"@id":"https:\/\/www.zaldionline.com\/es\/producto\/silla-zaldi-salto-ledyard\/#primaryimage"},"thumbnailUrl":"https:\/\/www.zaldionline.com\/es\/wp-content\/uploads\/sites\/2\/2020\/11\/Bild_2020-12-10_170559.png","datePublished":"2020-11-28T12:05:58+00:00","dateModified":"2024-10-18T13:16:40+00:00","description":"Precio inc. IVA.: 1.813,50\u20ac MATERIALES:* Pieles europeas seleccionadas.* Asiento de goma l\u00e1tex semi-profundo.* Fald\u00f3n adelantado de salto.* Rodillera\/Taco interior.* Baste mixto de relleno de lana y goma inteligente que ofrece un espectacular apoyo para el dorso del caballo.* Armadura fabricada en materiales especiales, con la tecnolog\u00eda m\u00e1s avanzada. Garant\u00eda de 10 a\u00f1os.* Estriberas inoxidables de seguridad.* Latiguillos cortos.El fald\u00f3n se puede fabricar en cuero boxcalf doble de 2 mm. muy comodo y suave o en cuero crup\u00f3n de 4 mm. muy resistente y duradero.Adem\u00e1s de los cl\u00e1sicos colores; se pueden realizar m\u00faltiples combinaciones en colores de cuero, hilos, vivos, burletes\u2026Medidas:* Jinete: 16\", 16.5\", 17\", 17.5\", 18\"* Cruz del caballo: de 28 cm. a 34 cm.MEDIDAS:* Jinete 17.5\" (largo de 44.5 cm. desde el borr\u00e9n trasero de la silla al clavo Zaldi).* Cruz del caballo: de 28 cm. a 34 cm.* Peso: 6.300 Kg.* Largo del fald\u00f3n desde la estribera: 36 cm.* Largo del baste por debajo: 46 cm.* \u00c1rea de apoyo del baste sobre el lomo del caballo: 40 cm.* Rodillera exterior: 16 cm. x 5 cm. x 5 cm.* Taco trasero interior: 11 cm. x 5 cm. x 4 cm. \u00a1AVISO IMPORTANTE! COLORES DEL CUERO Es \u201cIMPOSIBLE\u201d conseguir que dos art\u00edculos en cuero de color avellana, tostado, marr\u00f3n o habana sean exactamente iguales. Ref. 000001589","breadcrumb":{"@id":"https:\/\/www.zaldionline.com\/es\/producto\/silla-zaldi-salto-ledyard\/#breadcrumb"},"inLanguage":"es","potentialAction":[{"@type":"ReadAction","target":["https:\/\/www.zaldionline.com\/es\/producto\/silla-zaldi-salto-ledyard\/"]}]},{"@type":"ImageObject","inLanguage":"es","@id":"https:\/\/www.zaldionline.com\/es\/producto\/silla-zaldi-salto-ledyard\/#primaryimage","url":"https:\/\/www.zaldionline.com\/es\/wp-content\/uploads\/sites\/2\/2020\/11\/Bild_2020-12-10_170559.png","contentUrl":"https:\/\/www.zaldionline.com\/es\/wp-content\/uploads\/sites\/2\/2020\/11\/Bild_2020-12-10_170559.png","width":512,"height":505},{"@type":"BreadcrumbList","@id":"https:\/\/www.zaldionline.com\/es\/producto\/silla-zaldi-salto-ledyard\/#breadcrumb","itemListElement":[{"@type":"ListItem","position":1,"name":"Portada","item":"https:\/\/www.zaldionline.com\/es\/"},{"@type":"ListItem","position":2,"name":"Sillas y accesorios","item":"https:\/\/www.zaldionline.com\/es\/sillas-y-accesorios\/"},{"@type":"ListItem","position":3,"name":"SILLA ZALDI SALTO LEDYARD"}]},{"@type":"WebSite","@id":"https:\/\/www.zaldionline.com\/es\/#website","url":"https:\/\/www.zaldionline.com\/es\/","name":"Zaldionline.com","description":"Los mejores productos para usted y su caballo","potentialAction":[{"@type":"SearchAction","target":{"@type":"EntryPoint","urlTemplate":"https:\/\/www.zaldionline.com\/es\/?s={search_term_string}"},"query-input":{"@type":"PropertyValueSpecification","valueRequired":true,"valueName":"search_term_string"}}],"inLanguage":"es"}]}},"_links":{"self":[{"href":"https:\/\/www.zaldionline.com\/es\/wp-json\/wp\/v2\/product\/16990","targetHints":{"allow":["GET"]}}],"collection":[{"href":"https:\/\/www.zaldionline.com\/es\/wp-json\/wp\/v2\/product"}],"about":[{"href":"https:\/\/www.zaldionline.com\/es\/wp-json\/wp\/v2\/types\/product"}],"replies":[{"embeddable":true,"href":"https:\/\/www.zaldionline.com\/es\/wp-json\/wp\/v2\/comments?post=16990"}],"version-history":[{"count":9,"href":"https:\/\/www.zaldionline.com\/es\/wp-json\/wp\/v2\/product\/16990\/revisions"}],"predecessor-version":[{"id":24087,"href":"https:\/\/www.zaldionline.com\/es\/wp-json\/wp\/v2\/product\/16990\/revisions\/24087"}],"wp:featuredmedia":[{"embeddable":true,"href":"https:\/\/www.zaldionline.com\/es\/wp-json\/wp\/v2\/media\/17491"}],"wp:attachment":[{"href":"https:\/\/www.zaldionline.com\/es\/wp-json\/wp\/v2\/media?parent=16990"}],"wp:term":[{"taxonomy":"product_brand","embeddable":true,"href":"https:\/\/www.zaldionline.com\/es\/wp-json\/wp\/v2\/product_brand?post=16990"},{"taxonomy":"product_cat","embeddable":true,"href":"https:\/\/www.zaldionline.com\/es\/wp-json\/wp\/v2\/product_cat?post=16990"},{"taxonomy":"product_tag","embeddable":true,"href":"https:\/\/www.zaldionline.com\/es\/wp-json\/wp\/v2\/product_tag?post=16990"}],"curies":[{"name":"wp","href":"https:\/\/api.w.org\/{rel}","templated":true}]}}