{"id":17051,"date":"2020-11-28T17:08:49","date_gmt":"2020-11-28T17:08:49","guid":{"rendered":"https:\/\/zaldionline.com\/?post_type=product&#038;p=17051"},"modified":"2023-04-19T09:31:41","modified_gmt":"2023-04-19T09:31:41","slug":"gamaschen-synthetische-wolle-schwarz-2","status":"publish","type":"product","link":"https:\/\/www.zaldionline.com\/es\/producto\/gamaschen-synthetische-wolle-schwarz-2\/","title":{"rendered":"GAMASCHEN SYNTHETISCHE WOLLE SCHWARZ"},"content":{"rendered":"<p>Preis inkl. MwSt.: 49,86 \u20ac<\/p>\n<p>Lieferzeit variabel<\/p>\n<p>Leichter und widerstandsf\u00e4higer PVC-Carbonschutz.<\/p>\n<p>Innen mit weichem Kunstleder in einer nat\u00fcrlichen Farbe gef\u00fcttert, um die Gliedma\u00dfen Ihres Pferdes zu sch\u00fctzen und eine gute Temperatur zu haben.<\/p>\n<p>Dieser Hauttyp erfordert keine besondere Pflege. <span data-language-for-alternatives=\"de\" data-language-to-translate-into=\"es\" data-phrase-index=\"5\">Es kann leicht au\u00dferhalb und innerhalb des Protektors gewaschen werden.<\/span><\/p>\n<p>Verschluss mit Klettb\u00e4nder f\u00fcr eine bessere Passform, die einen an das Ma\u00df angepassten Verschluss f\u00fcr mehr Komfort erm\u00f6glichen.<\/p>\n<p>Gr\u00f6\u00dfe S und M werden mit 2 Klettb\u00e4nder geliefert. <span data-language-for-alternatives=\"de\" data-language-to-translate-into=\"es\" data-phrase-index=\"11\">Gr\u00f6\u00dfe L hat 3 Klettb\u00e4nder.<\/span><\/p>\n<p>Ungef\u00e4hres Gewicht: 400 Gramm<\/p>\n<p>Im 2er-Pack<\/p>\n<p>Gr\u00f6\u00dfen: S &#8211; M &#8211; L.<\/p>\n<p>Ref. 210772710201<\/p>\n<p><strong>Wenn Du hier nicht gefunden hast wonach Du suchst,<\/strong><\/p>\n<p>schau bitte auf der&nbsp;<a href=\"https:\/\/zaldionline.com\/en\/104-bell-boots-bandages-leg-boots\">https:\/\/zaldionline.com\/en\/104-bell-boots-bandages-leg-boots<\/a> Seite.<\/p>\n<p>Dort sind noch weitere Artikel aufgef\u00fchrt.<\/p>\n<p>Suche die entsprechende Referenznummer und Beschreibung heraus und<\/p>\n<p>sende uns Deinen gesamten Auftrag per E-Mail zu.<\/p>\n<p><span style=\"font-size: 14pt;\">Es gibt noch viel mehr Neuigkeiten!<\/span><\/p>\n<p><span style=\"font-size: 14pt;\">Aufgrund der Nachfrage erweitern wir st\u00e4ndig unser Angebot in unserem Webshop. Wenn Sie hier nicht gefunden haben, wonach Sie suchen, klicken Sie bitte <a href=\"https:\/\/tienda.zaldi.com\/en\/nuevos-productos\">HIER<\/a>&nbsp; f\u00fcr mehr Auswahl und kontaktieren Sie uns mit Ihren W\u00fcnschen.<\/span><\/p>\n","protected":false},"excerpt":{"rendered":"<p>Preis inkl. MwSt.: 49,86 \u20ac Lieferzeit variabel Leichter und widerstandsf\u00e4higer PVC-Carbonschutz. Innen mit weichem Kunstleder in einer nat\u00fcrlichen Farbe gef\u00fcttert, um die Gliedma\u00dfen Ihres Pferdes zu sch\u00fctzen und eine gute Temperatur zu haben. Dieser Hauttyp erfordert keine besondere Pflege. Es kann leicht au\u00dferhalb und innerhalb des Protektors gewaschen werden. Verschluss mit Klettb\u00e4nder f\u00fcr eine bessere [&hellip;]<\/p>\n","protected":false},"featured_media":17500,"comment_status":"open","ping_status":"closed","template":"","meta":{"site-sidebar-layout":"default","site-content-layout":"default","ast-site-content-layout":"default","site-content-style":"default","site-sidebar-style":"default","ast-global-header-display":"","ast-banner-title-visibility":"","ast-main-header-display":"","ast-hfb-above-header-display":"","ast-hfb-below-header-display":"","ast-hfb-mobile-header-display":"","site-post-title":"","ast-breadcrumbs-content":"","ast-featured-img":"","footer-sml-layout":"","ast-disable-related-posts":"","theme-transparent-header-meta":"default","adv-header-id-meta":"","stick-header-meta":"","header-above-stick-meta":"","header-main-stick-meta":"","header-below-stick-meta":"","astra-migrate-meta-layouts":"default","ast-page-background-enabled":"default","ast-page-background-meta":{"desktop":{"background-color":"var(--ast-global-color-4)","background-image":"","background-repeat":"repeat","background-position":"center center","background-size":"auto","background-attachment":"scroll","background-type":"","background-media":"","overlay-type":"","overlay-color":"","overlay-opacity":"","overlay-gradient":""},"tablet":{"background-color":"","background-image":"","background-repeat":"repeat","background-position":"center center","background-size":"auto","background-attachment":"scroll","background-type":"","background-media":"","overlay-type":"","overlay-color":"","overlay-opacity":"","overlay-gradient":""},"mobile":{"background-color":"","background-image":"","background-repeat":"repeat","background-position":"center center","background-size":"auto","background-attachment":"scroll","background-type":"","background-media":"","overlay-type":"","overlay-color":"","overlay-opacity":"","overlay-gradient":""}},"ast-content-background-meta":{"desktop":{"background-color":"var(--ast-global-color-5)","background-image":"","background-repeat":"repeat","background-position":"center center","background-size":"auto","background-attachment":"scroll","background-type":"","background-media":"","overlay-type":"","overlay-color":"","overlay-opacity":"","overlay-gradient":""},"tablet":{"background-color":"var(--ast-global-color-5)","background-image":"","background-repeat":"repeat","background-position":"center center","background-size":"auto","background-attachment":"scroll","background-type":"","background-media":"","overlay-type":"","overlay-color":"","overlay-opacity":"","overlay-gradient":""},"mobile":{"background-color":"var(--ast-global-color-5)","background-image":"","background-repeat":"repeat","background-position":"center center","background-size":"auto","background-attachment":"scroll","background-type":"","background-media":"","overlay-type":"","overlay-color":"","overlay-opacity":"","overlay-gradient":""}},"ngg_post_thumbnail":0},"product_brand":[],"product_cat":[277],"product_tag":[341,608,343,340,337,338,339],"class_list":{"0":"post-17051","1":"product","2":"type-product","3":"status-publish","4":"has-post-thumbnail","6":"product_cat-neuigkeiten","7":"product_tag-bienestarcaballo","8":"product_tag-gamaschen","9":"product_tag-sattel-guenstig","10":"product_tag-susanne-nagel","11":"product_tag-zaldi","12":"product_tag-zaldi-deutschland","13":"product_tag-zaldi-online-com","14":"desktop-align-left","15":"tablet-align-left","16":"mobile-align-left","18":"first","19":"instock","20":"taxable","21":"shipping-taxable","22":"purchasable","23":"product-type-variable"},"yoast_head":"<!-- This site is optimized with the Yoast SEO plugin v27.4 - https:\/\/yoast.com\/product\/yoast-seo-wordpress\/ -->\n<title>GAMASCHEN SYNTHETISCHE WOLLE SCHWARZ - Zaldionline.com<\/title>\n<meta name=\"description\" content=\"Preis inkl. MwSt.: 49,86\u20ac Lieferzeit variabel. Leichter und widerstandsf\u00e4higer PVC-Carbonschutz. Innen mit weichem Kunstleder in einer nat\u00fcrlichen Farbe gef\u00fcttert, um die Gliedma\u00dfen Ihres Pferdes zu sch\u00fctzen und eine gute Temperatur zu haben. Dieser Hauttyp erfordert keine besondere Pflege. Es kann leicht au\u00dferhalb und innerhalb des Protektors gewaschen werden. Verschluss mit Klettb\u00e4nder f\u00fcr eine bessere Passform, die einen an das Ma\u00df angepassten Verschluss f\u00fcr mehr Komfort erm\u00f6glichen. Gr\u00f6\u00dfe S und M werden mit 2 Klettb\u00e4nder geliefert. Gr\u00f6\u00dfe L hat 3 Klettb\u00e4nder. Ungef\u00e4hres Gewicht: 400 Gramm. Im 2er-Pack Gr\u00f6\u00dfen: S - M - L. Erh\u00e4ltlich \u00fcber Zaldionline.com Ref. 210772710201\" \/>\n<meta name=\"robots\" content=\"noindex, follow, max-snippet:-1, max-image-preview:large, max-video-preview:-1\" \/>\n<meta property=\"og:locale\" content=\"es_ES\" \/>\n<meta property=\"og:type\" content=\"article\" \/>\n<meta property=\"og:title\" content=\"GAMASCHEN SYNTHETISCHE WOLLE SCHWARZ - Zaldionline.com\" \/>\n<meta property=\"og:description\" content=\"Preis inkl. MwSt.: 49,86\u20ac Lieferzeit variabel. Leichter und widerstandsf\u00e4higer PVC-Carbonschutz. Innen mit weichem Kunstleder in einer nat\u00fcrlichen Farbe gef\u00fcttert, um die Gliedma\u00dfen Ihres Pferdes zu sch\u00fctzen und eine gute Temperatur zu haben. Dieser Hauttyp erfordert keine besondere Pflege. Es kann leicht au\u00dferhalb und innerhalb des Protektors gewaschen werden. Verschluss mit Klettb\u00e4nder f\u00fcr eine bessere Passform, die einen an das Ma\u00df angepassten Verschluss f\u00fcr mehr Komfort erm\u00f6glichen. Gr\u00f6\u00dfe S und M werden mit 2 Klettb\u00e4nder geliefert. Gr\u00f6\u00dfe L hat 3 Klettb\u00e4nder. Ungef\u00e4hres Gewicht: 400 Gramm. Im 2er-Pack Gr\u00f6\u00dfen: S - M - L. Erh\u00e4ltlich \u00fcber Zaldionline.com Ref. 210772710201\" \/>\n<meta property=\"og:url\" content=\"https:\/\/www.zaldionline.com\/es\/producto\/gamaschen-synthetische-wolle-schwarz-2\/\" \/>\n<meta property=\"og:site_name\" content=\"Zaldionline.com\" \/>\n<meta property=\"article:modified_time\" content=\"2023-04-19T09:31:41+00:00\" \/>\n<meta property=\"og:image\" content=\"https:\/\/www.zaldionline.com\/es\/wp-content\/uploads\/sites\/2\/2020\/11\/Bild_2020-12-10_175207.png\" \/>\n\t<meta property=\"og:image:width\" content=\"516\" \/>\n\t<meta property=\"og:image:height\" content=\"502\" \/>\n\t<meta property=\"og:image:type\" content=\"image\/png\" \/>\n<meta name=\"twitter:card\" content=\"summary_large_image\" \/>\n<meta name=\"twitter:label1\" content=\"Tiempo de lectura\" \/>\n\t<meta name=\"twitter:data1\" content=\"1 minuto\" \/>\n<script type=\"application\/ld+json\" class=\"yoast-schema-graph\">{\"@context\":\"https:\\\/\\\/schema.org\",\"@graph\":[{\"@type\":\"WebPage\",\"@id\":\"https:\\\/\\\/www.zaldionline.com\\\/es\\\/producto\\\/gamaschen-synthetische-wolle-schwarz-2\\\/\",\"url\":\"https:\\\/\\\/www.zaldionline.com\\\/es\\\/producto\\\/gamaschen-synthetische-wolle-schwarz-2\\\/\",\"name\":\"GAMASCHEN SYNTHETISCHE WOLLE SCHWARZ - Zaldionline.com\",\"isPartOf\":{\"@id\":\"https:\\\/\\\/www.zaldionline.com\\\/es\\\/#website\"},\"primaryImageOfPage\":{\"@id\":\"https:\\\/\\\/www.zaldionline.com\\\/es\\\/producto\\\/gamaschen-synthetische-wolle-schwarz-2\\\/#primaryimage\"},\"image\":{\"@id\":\"https:\\\/\\\/www.zaldionline.com\\\/es\\\/producto\\\/gamaschen-synthetische-wolle-schwarz-2\\\/#primaryimage\"},\"thumbnailUrl\":\"https:\\\/\\\/www.zaldionline.com\\\/es\\\/wp-content\\\/uploads\\\/sites\\\/2\\\/2020\\\/11\\\/Bild_2020-12-10_175207.png\",\"datePublished\":\"2020-11-28T17:08:49+00:00\",\"dateModified\":\"2023-04-19T09:31:41+00:00\",\"description\":\"Preis inkl. MwSt.: 49,86\u20ac Lieferzeit variabel. Leichter und widerstandsf\u00e4higer PVC-Carbonschutz. Innen mit weichem Kunstleder in einer nat\u00fcrlichen Farbe gef\u00fcttert, um die Gliedma\u00dfen Ihres Pferdes zu sch\u00fctzen und eine gute Temperatur zu haben. Dieser Hauttyp erfordert keine besondere Pflege. Es kann leicht au\u00dferhalb und innerhalb des Protektors gewaschen werden. Verschluss mit Klettb\u00e4nder f\u00fcr eine bessere Passform, die einen an das Ma\u00df angepassten Verschluss f\u00fcr mehr Komfort erm\u00f6glichen. Gr\u00f6\u00dfe S und M werden mit 2 Klettb\u00e4nder geliefert. Gr\u00f6\u00dfe L hat 3 Klettb\u00e4nder. Ungef\u00e4hres Gewicht: 400 Gramm. Im 2er-Pack Gr\u00f6\u00dfen: S - M - L. Erh\u00e4ltlich \u00fcber Zaldionline.com Ref. 210772710201\",\"breadcrumb\":{\"@id\":\"https:\\\/\\\/www.zaldionline.com\\\/es\\\/producto\\\/gamaschen-synthetische-wolle-schwarz-2\\\/#breadcrumb\"},\"inLanguage\":\"es\",\"potentialAction\":[{\"@type\":\"ReadAction\",\"target\":[\"https:\\\/\\\/www.zaldionline.com\\\/es\\\/producto\\\/gamaschen-synthetische-wolle-schwarz-2\\\/\"]}]},{\"@type\":\"ImageObject\",\"inLanguage\":\"es\",\"@id\":\"https:\\\/\\\/www.zaldionline.com\\\/es\\\/producto\\\/gamaschen-synthetische-wolle-schwarz-2\\\/#primaryimage\",\"url\":\"https:\\\/\\\/www.zaldionline.com\\\/es\\\/wp-content\\\/uploads\\\/sites\\\/2\\\/2020\\\/11\\\/Bild_2020-12-10_175207.png\",\"contentUrl\":\"https:\\\/\\\/www.zaldionline.com\\\/es\\\/wp-content\\\/uploads\\\/sites\\\/2\\\/2020\\\/11\\\/Bild_2020-12-10_175207.png\",\"width\":516,\"height\":502},{\"@type\":\"BreadcrumbList\",\"@id\":\"https:\\\/\\\/www.zaldionline.com\\\/es\\\/producto\\\/gamaschen-synthetische-wolle-schwarz-2\\\/#breadcrumb\",\"itemListElement\":[{\"@type\":\"ListItem\",\"position\":1,\"name\":\"Portada\",\"item\":\"https:\\\/\\\/www.zaldionline.com\\\/es\\\/\"},{\"@type\":\"ListItem\",\"position\":2,\"name\":\"Sillas y accesorios\",\"item\":\"https:\\\/\\\/www.zaldionline.com\\\/es\\\/sillas-y-accesorios\\\/\"},{\"@type\":\"ListItem\",\"position\":3,\"name\":\"GAMASCHEN SYNTHETISCHE WOLLE SCHWARZ\"}]},{\"@type\":\"WebSite\",\"@id\":\"https:\\\/\\\/www.zaldionline.com\\\/es\\\/#website\",\"url\":\"https:\\\/\\\/www.zaldionline.com\\\/es\\\/\",\"name\":\"Zaldionline.com\",\"description\":\"Los mejores productos para usted y su caballo\",\"potentialAction\":[{\"@type\":\"SearchAction\",\"target\":{\"@type\":\"EntryPoint\",\"urlTemplate\":\"https:\\\/\\\/www.zaldionline.com\\\/es\\\/?s={search_term_string}\"},\"query-input\":{\"@type\":\"PropertyValueSpecification\",\"valueRequired\":true,\"valueName\":\"search_term_string\"}}],\"inLanguage\":\"es\"}]}<\/script>\n<!-- \/ Yoast SEO plugin. -->","yoast_head_json":{"title":"GAMASCHEN SYNTHETISCHE WOLLE SCHWARZ - Zaldionline.com","description":"Preis inkl. MwSt.: 49,86\u20ac Lieferzeit variabel. Leichter und widerstandsf\u00e4higer PVC-Carbonschutz. Innen mit weichem Kunstleder in einer nat\u00fcrlichen Farbe gef\u00fcttert, um die Gliedma\u00dfen Ihres Pferdes zu sch\u00fctzen und eine gute Temperatur zu haben. Dieser Hauttyp erfordert keine besondere Pflege. Es kann leicht au\u00dferhalb und innerhalb des Protektors gewaschen werden. Verschluss mit Klettb\u00e4nder f\u00fcr eine bessere Passform, die einen an das Ma\u00df angepassten Verschluss f\u00fcr mehr Komfort erm\u00f6glichen. Gr\u00f6\u00dfe S und M werden mit 2 Klettb\u00e4nder geliefert. Gr\u00f6\u00dfe L hat 3 Klettb\u00e4nder. Ungef\u00e4hres Gewicht: 400 Gramm. Im 2er-Pack Gr\u00f6\u00dfen: S - M - L. Erh\u00e4ltlich \u00fcber Zaldionline.com Ref. 210772710201","robots":{"index":"noindex","follow":"follow","max-snippet":"max-snippet:-1","max-image-preview":"max-image-preview:large","max-video-preview":"max-video-preview:-1"},"og_locale":"es_ES","og_type":"article","og_title":"GAMASCHEN SYNTHETISCHE WOLLE SCHWARZ - Zaldionline.com","og_description":"Preis inkl. MwSt.: 49,86\u20ac Lieferzeit variabel. Leichter und widerstandsf\u00e4higer PVC-Carbonschutz. Innen mit weichem Kunstleder in einer nat\u00fcrlichen Farbe gef\u00fcttert, um die Gliedma\u00dfen Ihres Pferdes zu sch\u00fctzen und eine gute Temperatur zu haben. Dieser Hauttyp erfordert keine besondere Pflege. Es kann leicht au\u00dferhalb und innerhalb des Protektors gewaschen werden. Verschluss mit Klettb\u00e4nder f\u00fcr eine bessere Passform, die einen an das Ma\u00df angepassten Verschluss f\u00fcr mehr Komfort erm\u00f6glichen. Gr\u00f6\u00dfe S und M werden mit 2 Klettb\u00e4nder geliefert. Gr\u00f6\u00dfe L hat 3 Klettb\u00e4nder. Ungef\u00e4hres Gewicht: 400 Gramm. Im 2er-Pack Gr\u00f6\u00dfen: S - M - L. Erh\u00e4ltlich \u00fcber Zaldionline.com Ref. 210772710201","og_url":"https:\/\/www.zaldionline.com\/es\/producto\/gamaschen-synthetische-wolle-schwarz-2\/","og_site_name":"Zaldionline.com","article_modified_time":"2023-04-19T09:31:41+00:00","og_image":[{"width":516,"height":502,"url":"https:\/\/www.zaldionline.com\/es\/wp-content\/uploads\/sites\/2\/2020\/11\/Bild_2020-12-10_175207.png","type":"image\/png"}],"twitter_card":"summary_large_image","twitter_misc":{"Tiempo de lectura":"1 minuto"},"schema":{"@context":"https:\/\/schema.org","@graph":[{"@type":"WebPage","@id":"https:\/\/www.zaldionline.com\/es\/producto\/gamaschen-synthetische-wolle-schwarz-2\/","url":"https:\/\/www.zaldionline.com\/es\/producto\/gamaschen-synthetische-wolle-schwarz-2\/","name":"GAMASCHEN SYNTHETISCHE WOLLE SCHWARZ - Zaldionline.com","isPartOf":{"@id":"https:\/\/www.zaldionline.com\/es\/#website"},"primaryImageOfPage":{"@id":"https:\/\/www.zaldionline.com\/es\/producto\/gamaschen-synthetische-wolle-schwarz-2\/#primaryimage"},"image":{"@id":"https:\/\/www.zaldionline.com\/es\/producto\/gamaschen-synthetische-wolle-schwarz-2\/#primaryimage"},"thumbnailUrl":"https:\/\/www.zaldionline.com\/es\/wp-content\/uploads\/sites\/2\/2020\/11\/Bild_2020-12-10_175207.png","datePublished":"2020-11-28T17:08:49+00:00","dateModified":"2023-04-19T09:31:41+00:00","description":"Preis inkl. MwSt.: 49,86\u20ac Lieferzeit variabel. Leichter und widerstandsf\u00e4higer PVC-Carbonschutz. Innen mit weichem Kunstleder in einer nat\u00fcrlichen Farbe gef\u00fcttert, um die Gliedma\u00dfen Ihres Pferdes zu sch\u00fctzen und eine gute Temperatur zu haben. Dieser Hauttyp erfordert keine besondere Pflege. Es kann leicht au\u00dferhalb und innerhalb des Protektors gewaschen werden. Verschluss mit Klettb\u00e4nder f\u00fcr eine bessere Passform, die einen an das Ma\u00df angepassten Verschluss f\u00fcr mehr Komfort erm\u00f6glichen. Gr\u00f6\u00dfe S und M werden mit 2 Klettb\u00e4nder geliefert. Gr\u00f6\u00dfe L hat 3 Klettb\u00e4nder. Ungef\u00e4hres Gewicht: 400 Gramm. Im 2er-Pack Gr\u00f6\u00dfen: S - M - L. Erh\u00e4ltlich \u00fcber Zaldionline.com Ref. 210772710201","breadcrumb":{"@id":"https:\/\/www.zaldionline.com\/es\/producto\/gamaschen-synthetische-wolle-schwarz-2\/#breadcrumb"},"inLanguage":"es","potentialAction":[{"@type":"ReadAction","target":["https:\/\/www.zaldionline.com\/es\/producto\/gamaschen-synthetische-wolle-schwarz-2\/"]}]},{"@type":"ImageObject","inLanguage":"es","@id":"https:\/\/www.zaldionline.com\/es\/producto\/gamaschen-synthetische-wolle-schwarz-2\/#primaryimage","url":"https:\/\/www.zaldionline.com\/es\/wp-content\/uploads\/sites\/2\/2020\/11\/Bild_2020-12-10_175207.png","contentUrl":"https:\/\/www.zaldionline.com\/es\/wp-content\/uploads\/sites\/2\/2020\/11\/Bild_2020-12-10_175207.png","width":516,"height":502},{"@type":"BreadcrumbList","@id":"https:\/\/www.zaldionline.com\/es\/producto\/gamaschen-synthetische-wolle-schwarz-2\/#breadcrumb","itemListElement":[{"@type":"ListItem","position":1,"name":"Portada","item":"https:\/\/www.zaldionline.com\/es\/"},{"@type":"ListItem","position":2,"name":"Sillas y accesorios","item":"https:\/\/www.zaldionline.com\/es\/sillas-y-accesorios\/"},{"@type":"ListItem","position":3,"name":"GAMASCHEN SYNTHETISCHE WOLLE SCHWARZ"}]},{"@type":"WebSite","@id":"https:\/\/www.zaldionline.com\/es\/#website","url":"https:\/\/www.zaldionline.com\/es\/","name":"Zaldionline.com","description":"Los mejores productos para usted y su caballo","potentialAction":[{"@type":"SearchAction","target":{"@type":"EntryPoint","urlTemplate":"https:\/\/www.zaldionline.com\/es\/?s={search_term_string}"},"query-input":{"@type":"PropertyValueSpecification","valueRequired":true,"valueName":"search_term_string"}}],"inLanguage":"es"}]}},"_links":{"self":[{"href":"https:\/\/www.zaldionline.com\/es\/wp-json\/wp\/v2\/product\/17051","targetHints":{"allow":["GET"]}}],"collection":[{"href":"https:\/\/www.zaldionline.com\/es\/wp-json\/wp\/v2\/product"}],"about":[{"href":"https:\/\/www.zaldionline.com\/es\/wp-json\/wp\/v2\/types\/product"}],"replies":[{"embeddable":true,"href":"https:\/\/www.zaldionline.com\/es\/wp-json\/wp\/v2\/comments?post=17051"}],"version-history":[{"count":2,"href":"https:\/\/www.zaldionline.com\/es\/wp-json\/wp\/v2\/product\/17051\/revisions"}],"predecessor-version":[{"id":23338,"href":"https:\/\/www.zaldionline.com\/es\/wp-json\/wp\/v2\/product\/17051\/revisions\/23338"}],"wp:featuredmedia":[{"embeddable":true,"href":"https:\/\/www.zaldionline.com\/es\/wp-json\/wp\/v2\/media\/17500"}],"wp:attachment":[{"href":"https:\/\/www.zaldionline.com\/es\/wp-json\/wp\/v2\/media?parent=17051"}],"wp:term":[{"taxonomy":"product_brand","embeddable":true,"href":"https:\/\/www.zaldionline.com\/es\/wp-json\/wp\/v2\/product_brand?post=17051"},{"taxonomy":"product_cat","embeddable":true,"href":"https:\/\/www.zaldionline.com\/es\/wp-json\/wp\/v2\/product_cat?post=17051"},{"taxonomy":"product_tag","embeddable":true,"href":"https:\/\/www.zaldionline.com\/es\/wp-json\/wp\/v2\/product_tag?post=17051"}],"curies":[{"name":"wp","href":"https:\/\/api.w.org\/{rel}","templated":true}]}}