{"id":17075,"date":"2020-11-28T17:29:21","date_gmt":"2020-11-28T17:29:21","guid":{"rendered":"https:\/\/zaldionline.com\/?post_type=product&#038;p=17075"},"modified":"2025-02-11T11:48:05","modified_gmt":"2025-02-11T11:48:05","slug":"remaches-metalicos-para-la-tapa-del-sillin","status":"publish","type":"product","link":"https:\/\/www.zaldionline.com\/es\/producto\/remaches-metalicos-para-la-tapa-del-sillin\/","title":{"rendered":"REMACHES MET\u00c1LICOS PARA LA TAPA DEL SILL\u00cdN"},"content":{"rendered":"\t\t<div data-elementor-type=\"wp-post\" data-elementor-id=\"17075\" class=\"elementor elementor-17075\">\n\t\t\t\t<div class=\"elementor-element elementor-element-4e163261 e-flex e-con-boxed e-con e-parent\" data-id=\"4e163261\" data-element_type=\"container\" data-e-type=\"container\">\n\t\t\t\t\t<div class=\"e-con-inner\">\n\t\t\t\t<div class=\"elementor-element elementor-element-7828f25f elementor-widget elementor-widget-text-editor\" data-id=\"7828f25f\" data-element_type=\"widget\" data-e-type=\"widget\" data-widget_type=\"text-editor.default\">\n\t\t\t\t<div class=\"elementor-widget-container\">\n\t\t\t\t\t\t\t\t\t<p>Precio IVA incl.<\/p><p>Estos remaches met\u00e1licos se pueden colocar, por ejemplo, en la parte trasera del fald\u00f3n del silla.<\/p><p>Por favor, preg\u00fantenos si los remaches met\u00e1licos se pueden colocar en el sill\u00edn elegido antes de pedir la silla. Disponibles a trav\u00e9s de Zaldionline.com o por correo electr\u00f3nico a: info@zaldionline.com<\/p>\t\t\t\t\t\t\t\t<\/div>\n\t\t\t\t<\/div>\n\t\t\t\t\t<\/div>\n\t\t\t\t<\/div>\n\t\t\t\t<\/div>\n\t\t","protected":false},"excerpt":{"rendered":"<p>Precio IVA incl. Estos remaches met\u00e1licos se pueden colocar, por ejemplo, en la parte trasera del fald\u00f3n del silla. Por favor, preg\u00fantenos si los remaches met\u00e1licos se pueden colocar en el sill\u00edn elegido antes de pedir la silla. Disponibles a trav\u00e9s de Zaldionline.com o por correo electr\u00f3nico a: info@zaldionline.com<\/p>\n","protected":false},"featured_media":17077,"comment_status":"open","ping_status":"closed","template":"","meta":{"site-sidebar-layout":"default","site-content-layout":"default","ast-site-content-layout":"default","site-content-style":"default","site-sidebar-style":"default","ast-global-header-display":"","ast-banner-title-visibility":"","ast-main-header-display":"","ast-hfb-above-header-display":"","ast-hfb-below-header-display":"","ast-hfb-mobile-header-display":"","site-post-title":"","ast-breadcrumbs-content":"","ast-featured-img":"","footer-sml-layout":"","ast-disable-related-posts":"","theme-transparent-header-meta":"default","adv-header-id-meta":"","stick-header-meta":"","header-above-stick-meta":"","header-main-stick-meta":"","header-below-stick-meta":"","astra-migrate-meta-layouts":"set","ast-page-background-enabled":"default","ast-page-background-meta":{"desktop":{"background-color":"var(--ast-global-color-4)","background-image":"","background-repeat":"repeat","background-position":"center center","background-size":"auto","background-attachment":"scroll","background-type":"","background-media":"","overlay-type":"","overlay-color":"","overlay-opacity":"","overlay-gradient":""},"tablet":{"background-color":"","background-image":"","background-repeat":"repeat","background-position":"center center","background-size":"auto","background-attachment":"scroll","background-type":"","background-media":"","overlay-type":"","overlay-color":"","overlay-opacity":"","overlay-gradient":""},"mobile":{"background-color":"","background-image":"","background-repeat":"repeat","background-position":"center center","background-size":"auto","background-attachment":"scroll","background-type":"","background-media":"","overlay-type":"","overlay-color":"","overlay-opacity":"","overlay-gradient":""}},"ast-content-background-meta":{"desktop":{"background-color":"var(--ast-global-color-5)","background-image":"","background-repeat":"repeat","background-position":"center center","background-size":"auto","background-attachment":"scroll","background-type":"","background-media":"","overlay-type":"","overlay-color":"","overlay-opacity":"","overlay-gradient":""},"tablet":{"background-color":"var(--ast-global-color-5)","background-image":"","background-repeat":"repeat","background-position":"center center","background-size":"auto","background-attachment":"scroll","background-type":"","background-media":"","overlay-type":"","overlay-color":"","overlay-opacity":"","overlay-gradient":""},"mobile":{"background-color":"var(--ast-global-color-5)","background-image":"","background-repeat":"repeat","background-position":"center center","background-size":"auto","background-attachment":"scroll","background-type":"","background-media":"","overlay-type":"","overlay-color":"","overlay-opacity":"","overlay-gradient":""}},"ngg_post_thumbnail":0},"product_brand":[],"product_cat":[34,17],"product_tag":[341,409,768,767,418,340,337,338,339],"class_list":{"0":"post-17075","1":"product","2":"type-product","3":"status-publish","4":"has-post-thumbnail","6":"product_cat-extras-fabricacion-a-medida-rodilleras-tm-reparaciones","7":"product_cat-sillas","8":"product_tag-bienestarcaballo","9":"product_tag-custom-sattel","10":"product_tag-deko-fuer-den-sattel","11":"product_tag-metallnieten","12":"product_tag-sattel","13":"product_tag-susanne-nagel","14":"product_tag-zaldi","15":"product_tag-zaldi-deutschland","16":"product_tag-zaldi-online-com","17":"desktop-align-left","18":"tablet-align-left","19":"mobile-align-left","21":"first","22":"instock","23":"taxable","24":"shipping-taxable","25":"purchasable","26":"product-type-simple"},"yoast_head":"<!-- This site is optimized with the Yoast SEO plugin v27.5 - https:\/\/yoast.com\/product\/yoast-seo-wordpress\/ -->\n<title>REMACHES MET\u00c1LICOS PARA LA TAPA DEL SILL\u00cdN - Zaldionline.com<\/title>\n<meta name=\"description\" content=\"Precio IVA incl: 97.90\u20ac Estos remaches met\u00e1licos se pueden colocar, por ejemplo, en la parte trasera del fald\u00f3n del silla. Por favor, preg\u00fantenos si los remaches met\u00e1licos se pueden colocar en el sill\u00edn elegido antes de pedir la silla. Disponibles a trav\u00e9s de Zaldionline.com o por correo electr\u00f3nico a: info@zaldionline.com\" \/>\n<meta name=\"robots\" content=\"noindex, follow, max-snippet:-1, max-image-preview:large, max-video-preview:-1\" \/>\n<meta property=\"og:locale\" content=\"es_ES\" \/>\n<meta property=\"og:type\" content=\"article\" \/>\n<meta property=\"og:title\" content=\"REMACHES MET\u00c1LICOS PARA LA TAPA DEL SILL\u00cdN - Zaldionline.com\" \/>\n<meta property=\"og:description\" content=\"Precio IVA incl: 97.90\u20ac Estos remaches met\u00e1licos se pueden colocar, por ejemplo, en la parte trasera del fald\u00f3n del silla. Por favor, preg\u00fantenos si los remaches met\u00e1licos se pueden colocar en el sill\u00edn elegido antes de pedir la silla. Disponibles a trav\u00e9s de Zaldionline.com o por correo electr\u00f3nico a: info@zaldionline.com\" \/>\n<meta property=\"og:url\" content=\"https:\/\/www.zaldionline.com\/es\/producto\/remaches-metalicos-para-la-tapa-del-sillin\/\" \/>\n<meta property=\"og:site_name\" content=\"Zaldionline.com\" \/>\n<meta property=\"article:modified_time\" content=\"2025-02-11T11:48:05+00:00\" \/>\n<meta property=\"og:image\" content=\"https:\/\/www.zaldionline.com\/es\/wp-content\/uploads\/sites\/2\/2020\/11\/metallnieten-an-Zaldi-Sattel-scaled.jpg\" \/>\n\t<meta property=\"og:image:width\" content=\"1440\" \/>\n\t<meta property=\"og:image:height\" content=\"2560\" \/>\n\t<meta property=\"og:image:type\" content=\"image\/jpeg\" \/>\n<meta name=\"twitter:card\" content=\"summary_large_image\" \/>\n<meta name=\"twitter:label1\" content=\"Tiempo de lectura\" \/>\n\t<meta name=\"twitter:data1\" content=\"1 minuto\" \/>\n<script type=\"application\/ld+json\" class=\"yoast-schema-graph\">{\"@context\":\"https:\\\/\\\/schema.org\",\"@graph\":[{\"@type\":\"WebPage\",\"@id\":\"https:\\\/\\\/www.zaldionline.com\\\/es\\\/producto\\\/remaches-metalicos-para-la-tapa-del-sillin\\\/\",\"url\":\"https:\\\/\\\/www.zaldionline.com\\\/es\\\/producto\\\/remaches-metalicos-para-la-tapa-del-sillin\\\/\",\"name\":\"REMACHES MET\u00c1LICOS PARA LA TAPA DEL SILL\u00cdN - Zaldionline.com\",\"isPartOf\":{\"@id\":\"https:\\\/\\\/www.zaldionline.com\\\/es\\\/#website\"},\"primaryImageOfPage\":{\"@id\":\"https:\\\/\\\/www.zaldionline.com\\\/es\\\/producto\\\/remaches-metalicos-para-la-tapa-del-sillin\\\/#primaryimage\"},\"image\":{\"@id\":\"https:\\\/\\\/www.zaldionline.com\\\/es\\\/producto\\\/remaches-metalicos-para-la-tapa-del-sillin\\\/#primaryimage\"},\"thumbnailUrl\":\"https:\\\/\\\/www.zaldionline.com\\\/es\\\/wp-content\\\/uploads\\\/sites\\\/2\\\/2020\\\/11\\\/metallnieten-an-Zaldi-Sattel-scaled.jpg\",\"datePublished\":\"2020-11-28T17:29:21+00:00\",\"dateModified\":\"2025-02-11T11:48:05+00:00\",\"description\":\"Precio IVA incl: 97.90\u20ac Estos remaches met\u00e1licos se pueden colocar, por ejemplo, en la parte trasera del fald\u00f3n del silla. Por favor, preg\u00fantenos si los remaches met\u00e1licos se pueden colocar en el sill\u00edn elegido antes de pedir la silla. Disponibles a trav\u00e9s de Zaldionline.com o por correo electr\u00f3nico a: info@zaldionline.com\",\"breadcrumb\":{\"@id\":\"https:\\\/\\\/www.zaldionline.com\\\/es\\\/producto\\\/remaches-metalicos-para-la-tapa-del-sillin\\\/#breadcrumb\"},\"inLanguage\":\"es\",\"potentialAction\":[{\"@type\":\"ReadAction\",\"target\":[\"https:\\\/\\\/www.zaldionline.com\\\/es\\\/producto\\\/remaches-metalicos-para-la-tapa-del-sillin\\\/\"]}]},{\"@type\":\"ImageObject\",\"inLanguage\":\"es\",\"@id\":\"https:\\\/\\\/www.zaldionline.com\\\/es\\\/producto\\\/remaches-metalicos-para-la-tapa-del-sillin\\\/#primaryimage\",\"url\":\"https:\\\/\\\/www.zaldionline.com\\\/es\\\/wp-content\\\/uploads\\\/sites\\\/2\\\/2020\\\/11\\\/metallnieten-an-Zaldi-Sattel-scaled.jpg\",\"contentUrl\":\"https:\\\/\\\/www.zaldionline.com\\\/es\\\/wp-content\\\/uploads\\\/sites\\\/2\\\/2020\\\/11\\\/metallnieten-an-Zaldi-Sattel-scaled.jpg\",\"width\":1440,\"height\":2560},{\"@type\":\"BreadcrumbList\",\"@id\":\"https:\\\/\\\/www.zaldionline.com\\\/es\\\/producto\\\/remaches-metalicos-para-la-tapa-del-sillin\\\/#breadcrumb\",\"itemListElement\":[{\"@type\":\"ListItem\",\"position\":1,\"name\":\"Portada\",\"item\":\"https:\\\/\\\/www.zaldionline.com\\\/es\\\/\"},{\"@type\":\"ListItem\",\"position\":2,\"name\":\"Sillas y accesorios\",\"item\":\"https:\\\/\\\/www.zaldionline.com\\\/es\\\/sillas-y-accesorios\\\/\"},{\"@type\":\"ListItem\",\"position\":3,\"name\":\"REMACHES MET\u00c1LICOS PARA LA TAPA DEL SILL\u00cdN\"}]},{\"@type\":\"WebSite\",\"@id\":\"https:\\\/\\\/www.zaldionline.com\\\/es\\\/#website\",\"url\":\"https:\\\/\\\/www.zaldionline.com\\\/es\\\/\",\"name\":\"Zaldionline.com\",\"description\":\"Los mejores productos para usted y su caballo\",\"potentialAction\":[{\"@type\":\"SearchAction\",\"target\":{\"@type\":\"EntryPoint\",\"urlTemplate\":\"https:\\\/\\\/www.zaldionline.com\\\/es\\\/?s={search_term_string}\"},\"query-input\":{\"@type\":\"PropertyValueSpecification\",\"valueRequired\":true,\"valueName\":\"search_term_string\"}}],\"inLanguage\":\"es\"}]}<\/script>\n<!-- \/ Yoast SEO plugin. -->","yoast_head_json":{"title":"REMACHES MET\u00c1LICOS PARA LA TAPA DEL SILL\u00cdN - Zaldionline.com","description":"Precio IVA incl: 97.90\u20ac Estos remaches met\u00e1licos se pueden colocar, por ejemplo, en la parte trasera del fald\u00f3n del silla. Por favor, preg\u00fantenos si los remaches met\u00e1licos se pueden colocar en el sill\u00edn elegido antes de pedir la silla. Disponibles a trav\u00e9s de Zaldionline.com o por correo electr\u00f3nico a: info@zaldionline.com","robots":{"index":"noindex","follow":"follow","max-snippet":"max-snippet:-1","max-image-preview":"max-image-preview:large","max-video-preview":"max-video-preview:-1"},"og_locale":"es_ES","og_type":"article","og_title":"REMACHES MET\u00c1LICOS PARA LA TAPA DEL SILL\u00cdN - Zaldionline.com","og_description":"Precio IVA incl: 97.90\u20ac Estos remaches met\u00e1licos se pueden colocar, por ejemplo, en la parte trasera del fald\u00f3n del silla. Por favor, preg\u00fantenos si los remaches met\u00e1licos se pueden colocar en el sill\u00edn elegido antes de pedir la silla. Disponibles a trav\u00e9s de Zaldionline.com o por correo electr\u00f3nico a: info@zaldionline.com","og_url":"https:\/\/www.zaldionline.com\/es\/producto\/remaches-metalicos-para-la-tapa-del-sillin\/","og_site_name":"Zaldionline.com","article_modified_time":"2025-02-11T11:48:05+00:00","og_image":[{"width":1440,"height":2560,"url":"https:\/\/www.zaldionline.com\/es\/wp-content\/uploads\/sites\/2\/2020\/11\/metallnieten-an-Zaldi-Sattel-scaled.jpg","type":"image\/jpeg"}],"twitter_card":"summary_large_image","twitter_misc":{"Tiempo de lectura":"1 minuto"},"schema":{"@context":"https:\/\/schema.org","@graph":[{"@type":"WebPage","@id":"https:\/\/www.zaldionline.com\/es\/producto\/remaches-metalicos-para-la-tapa-del-sillin\/","url":"https:\/\/www.zaldionline.com\/es\/producto\/remaches-metalicos-para-la-tapa-del-sillin\/","name":"REMACHES MET\u00c1LICOS PARA LA TAPA DEL SILL\u00cdN - Zaldionline.com","isPartOf":{"@id":"https:\/\/www.zaldionline.com\/es\/#website"},"primaryImageOfPage":{"@id":"https:\/\/www.zaldionline.com\/es\/producto\/remaches-metalicos-para-la-tapa-del-sillin\/#primaryimage"},"image":{"@id":"https:\/\/www.zaldionline.com\/es\/producto\/remaches-metalicos-para-la-tapa-del-sillin\/#primaryimage"},"thumbnailUrl":"https:\/\/www.zaldionline.com\/es\/wp-content\/uploads\/sites\/2\/2020\/11\/metallnieten-an-Zaldi-Sattel-scaled.jpg","datePublished":"2020-11-28T17:29:21+00:00","dateModified":"2025-02-11T11:48:05+00:00","description":"Precio IVA incl: 97.90\u20ac Estos remaches met\u00e1licos se pueden colocar, por ejemplo, en la parte trasera del fald\u00f3n del silla. Por favor, preg\u00fantenos si los remaches met\u00e1licos se pueden colocar en el sill\u00edn elegido antes de pedir la silla. Disponibles a trav\u00e9s de Zaldionline.com o por correo electr\u00f3nico a: info@zaldionline.com","breadcrumb":{"@id":"https:\/\/www.zaldionline.com\/es\/producto\/remaches-metalicos-para-la-tapa-del-sillin\/#breadcrumb"},"inLanguage":"es","potentialAction":[{"@type":"ReadAction","target":["https:\/\/www.zaldionline.com\/es\/producto\/remaches-metalicos-para-la-tapa-del-sillin\/"]}]},{"@type":"ImageObject","inLanguage":"es","@id":"https:\/\/www.zaldionline.com\/es\/producto\/remaches-metalicos-para-la-tapa-del-sillin\/#primaryimage","url":"https:\/\/www.zaldionline.com\/es\/wp-content\/uploads\/sites\/2\/2020\/11\/metallnieten-an-Zaldi-Sattel-scaled.jpg","contentUrl":"https:\/\/www.zaldionline.com\/es\/wp-content\/uploads\/sites\/2\/2020\/11\/metallnieten-an-Zaldi-Sattel-scaled.jpg","width":1440,"height":2560},{"@type":"BreadcrumbList","@id":"https:\/\/www.zaldionline.com\/es\/producto\/remaches-metalicos-para-la-tapa-del-sillin\/#breadcrumb","itemListElement":[{"@type":"ListItem","position":1,"name":"Portada","item":"https:\/\/www.zaldionline.com\/es\/"},{"@type":"ListItem","position":2,"name":"Sillas y accesorios","item":"https:\/\/www.zaldionline.com\/es\/sillas-y-accesorios\/"},{"@type":"ListItem","position":3,"name":"REMACHES MET\u00c1LICOS PARA LA TAPA DEL SILL\u00cdN"}]},{"@type":"WebSite","@id":"https:\/\/www.zaldionline.com\/es\/#website","url":"https:\/\/www.zaldionline.com\/es\/","name":"Zaldionline.com","description":"Los mejores productos para usted y su caballo","potentialAction":[{"@type":"SearchAction","target":{"@type":"EntryPoint","urlTemplate":"https:\/\/www.zaldionline.com\/es\/?s={search_term_string}"},"query-input":{"@type":"PropertyValueSpecification","valueRequired":true,"valueName":"search_term_string"}}],"inLanguage":"es"}]}},"_links":{"self":[{"href":"https:\/\/www.zaldionline.com\/es\/wp-json\/wp\/v2\/product\/17075","targetHints":{"allow":["GET"]}}],"collection":[{"href":"https:\/\/www.zaldionline.com\/es\/wp-json\/wp\/v2\/product"}],"about":[{"href":"https:\/\/www.zaldionline.com\/es\/wp-json\/wp\/v2\/types\/product"}],"replies":[{"embeddable":true,"href":"https:\/\/www.zaldionline.com\/es\/wp-json\/wp\/v2\/comments?post=17075"}],"version-history":[{"count":10,"href":"https:\/\/www.zaldionline.com\/es\/wp-json\/wp\/v2\/product\/17075\/revisions"}],"predecessor-version":[{"id":24758,"href":"https:\/\/www.zaldionline.com\/es\/wp-json\/wp\/v2\/product\/17075\/revisions\/24758"}],"wp:featuredmedia":[{"embeddable":true,"href":"https:\/\/www.zaldionline.com\/es\/wp-json\/wp\/v2\/media\/17077"}],"wp:attachment":[{"href":"https:\/\/www.zaldionline.com\/es\/wp-json\/wp\/v2\/media?parent=17075"}],"wp:term":[{"taxonomy":"product_brand","embeddable":true,"href":"https:\/\/www.zaldionline.com\/es\/wp-json\/wp\/v2\/product_brand?post=17075"},{"taxonomy":"product_cat","embeddable":true,"href":"https:\/\/www.zaldionline.com\/es\/wp-json\/wp\/v2\/product_cat?post=17075"},{"taxonomy":"product_tag","embeddable":true,"href":"https:\/\/www.zaldionline.com\/es\/wp-json\/wp\/v2\/product_tag?post=17075"}],"curies":[{"name":"wp","href":"https:\/\/api.w.org\/{rel}","templated":true}]}}