{"id":17078,"date":"2020-11-28T17:33:23","date_gmt":"2020-11-28T17:33:23","guid":{"rendered":"https:\/\/zaldionline.com\/?post_type=product&#038;p=17078"},"modified":"2023-04-17T14:55:01","modified_gmt":"2023-04-17T14:55:01","slug":"elastischer-gurt-schwarz-60cm-2","status":"publish","type":"product","link":"https:\/\/www.zaldionline.com\/es\/producto\/elastischer-gurt-schwarz-60cm-2\/","title":{"rendered":"ELASTISCHER ANBINDERIEMEN SCHWARZ 60 cm"},"content":{"rendered":"<p>Preis inkl. MwSt.: 10,08\u20ac<\/p>\n<p>Starker elastischer Gummigurt in schwarz und mit wei\u00df gef\u00fcttert.<\/p>\n<p>Es hat einen Abzugskarabiner an einem Ende und ein Panik-Sicherheitsschloss am anderen Ende, um das Pferd zu binden.<\/p>\n<p>Karabiner aus Edelstahl<\/p>\n<p>Einheitsgr\u00f6\u00dfe<\/p>\n<p>Ma\u00dfe: 60 cm lang mit einem Durchmesser von ca. 15 mm<\/p>\n<p>Farbe schwarz<\/p>\n<p><span data-language-for-alternatives=\"de\" data-language-to-translate-into=\"es\" data-phrase-index=\"3\">Ref. 2109128<\/span><\/p>\n<p><span style=\"font-size: 14pt;\">Es gibt noch viel mehr Neuigkeiten!<\/span><\/p>\n<p><span style=\"font-size: 14pt;\">Aufgrund der Nachfrage erweitern wir st\u00e4ndig unser Angebot in unserem Webshop. Wenn Sie hier nicht gefunden haben, wonach Sie suchen, klicken Sie bitte <a href=\"https:\/\/tienda.zaldi.com\/en\/nuevos-productos\">HIER<\/a>&nbsp; f\u00fcr mehr Auswahl und kontaktieren Sie uns mit Ihren W\u00fcnschen.<\/span><\/p>\n","protected":false},"excerpt":{"rendered":"<p>Preis inkl. MwSt.: 10,08\u20ac Starker elastischer Gummigurt in schwarz und mit wei\u00df gef\u00fcttert. Es hat einen Abzugskarabiner an einem Ende und ein Panik-Sicherheitsschloss am anderen Ende, um das Pferd zu binden. Karabiner aus Edelstahl Einheitsgr\u00f6\u00dfe Ma\u00dfe: 60 cm lang mit einem Durchmesser von ca. 15 mm Farbe schwarz Ref. 2109128 Es gibt noch viel mehr [&hellip;]<\/p>\n","protected":false},"featured_media":17497,"comment_status":"open","ping_status":"closed","template":"","meta":{"site-sidebar-layout":"default","site-content-layout":"default","ast-site-content-layout":"default","site-content-style":"default","site-sidebar-style":"default","ast-global-header-display":"","ast-banner-title-visibility":"","ast-main-header-display":"","ast-hfb-above-header-display":"","ast-hfb-below-header-display":"","ast-hfb-mobile-header-display":"","site-post-title":"","ast-breadcrumbs-content":"","ast-featured-img":"","footer-sml-layout":"","ast-disable-related-posts":"","theme-transparent-header-meta":"default","adv-header-id-meta":"","stick-header-meta":"","header-above-stick-meta":"","header-main-stick-meta":"","header-below-stick-meta":"","astra-migrate-meta-layouts":"default","ast-page-background-enabled":"default","ast-page-background-meta":{"desktop":{"background-color":"var(--ast-global-color-4)","background-image":"","background-repeat":"repeat","background-position":"center center","background-size":"auto","background-attachment":"scroll","background-type":"","background-media":"","overlay-type":"","overlay-color":"","overlay-opacity":"","overlay-gradient":""},"tablet":{"background-color":"","background-image":"","background-repeat":"repeat","background-position":"center center","background-size":"auto","background-attachment":"scroll","background-type":"","background-media":"","overlay-type":"","overlay-color":"","overlay-opacity":"","overlay-gradient":""},"mobile":{"background-color":"","background-image":"","background-repeat":"repeat","background-position":"center center","background-size":"auto","background-attachment":"scroll","background-type":"","background-media":"","overlay-type":"","overlay-color":"","overlay-opacity":"","overlay-gradient":""}},"ast-content-background-meta":{"desktop":{"background-color":"var(--ast-global-color-5)","background-image":"","background-repeat":"repeat","background-position":"center center","background-size":"auto","background-attachment":"scroll","background-type":"","background-media":"","overlay-type":"","overlay-color":"","overlay-opacity":"","overlay-gradient":""},"tablet":{"background-color":"var(--ast-global-color-5)","background-image":"","background-repeat":"repeat","background-position":"center center","background-size":"auto","background-attachment":"scroll","background-type":"","background-media":"","overlay-type":"","overlay-color":"","overlay-opacity":"","overlay-gradient":""},"mobile":{"background-color":"var(--ast-global-color-5)","background-image":"","background-repeat":"repeat","background-position":"center center","background-size":"auto","background-attachment":"scroll","background-type":"","background-media":"","overlay-type":"","overlay-color":"","overlay-opacity":"","overlay-gradient":""}},"ngg_post_thumbnail":0},"product_brand":[],"product_cat":[277],"product_tag":[717,341,718,340,337,338,339],"class_list":{"0":"post-17078","1":"product","2":"type-product","3":"status-publish","4":"has-post-thumbnail","6":"product_cat-neuigkeiten","7":"product_tag-anbinderiemen","8":"product_tag-bienestarcaballo","9":"product_tag-elastischer-anbinderiemen","10":"product_tag-susanne-nagel","11":"product_tag-zaldi","12":"product_tag-zaldi-deutschland","13":"product_tag-zaldi-online-com","14":"desktop-align-left","15":"tablet-align-left","16":"mobile-align-left","18":"first","19":"instock","20":"taxable","21":"shipping-taxable","22":"purchasable","23":"product-type-simple"},"yoast_head":"<!-- This site is optimized with the Yoast SEO plugin v27.4 - https:\/\/yoast.com\/product\/yoast-seo-wordpress\/ -->\n<title>ELASTISCHER ANBINDERIEMEN SCHWARZ 60 cm - Zaldionline.com<\/title>\n<meta name=\"description\" content=\"Preis inkl. MwSt.: 10,08\u20ac Starker elastischer Gummigurt in schwarz und mit wei\u00df gef\u00fcttert. Es hat einen Abzugskarabiner an einem Ende und ein Panik-Sicherheitsschloss am anderen Ende, um das Pferd zu binden. Karabiner aus Edelstahl. Einheitsgr\u00f6\u00dfe. Ma\u00dfe: 60 cm lang mit einem Durchmesser von ca. 15 mm. Farbe schwarz. Erh\u00e4ltlich \u00fcber Zaldionline.com Ref. 2109128\" \/>\n<meta name=\"robots\" content=\"noindex, follow, max-snippet:-1, max-image-preview:large, max-video-preview:-1\" \/>\n<meta property=\"og:locale\" content=\"es_ES\" \/>\n<meta property=\"og:type\" content=\"article\" \/>\n<meta property=\"og:title\" content=\"ELASTISCHER ANBINDERIEMEN SCHWARZ 60 cm - Zaldionline.com\" \/>\n<meta property=\"og:description\" content=\"Preis inkl. MwSt.: 10,08\u20ac Starker elastischer Gummigurt in schwarz und mit wei\u00df gef\u00fcttert. Es hat einen Abzugskarabiner an einem Ende und ein Panik-Sicherheitsschloss am anderen Ende, um das Pferd zu binden. Karabiner aus Edelstahl. Einheitsgr\u00f6\u00dfe. Ma\u00dfe: 60 cm lang mit einem Durchmesser von ca. 15 mm. Farbe schwarz. Erh\u00e4ltlich \u00fcber Zaldionline.com Ref. 2109128\" \/>\n<meta property=\"og:url\" content=\"https:\/\/www.zaldionline.com\/es\/producto\/elastischer-gurt-schwarz-60cm-2\/\" \/>\n<meta property=\"og:site_name\" content=\"Zaldionline.com\" \/>\n<meta property=\"article:modified_time\" content=\"2023-04-17T14:55:01+00:00\" \/>\n<meta property=\"og:image\" content=\"https:\/\/www.zaldionline.com\/es\/wp-content\/uploads\/sites\/2\/2020\/11\/Bild_2020-12-10_174753.png\" \/>\n\t<meta property=\"og:image:width\" content=\"511\" \/>\n\t<meta property=\"og:image:height\" content=\"505\" \/>\n\t<meta property=\"og:image:type\" content=\"image\/png\" \/>\n<meta name=\"twitter:card\" content=\"summary_large_image\" \/>\n<meta name=\"twitter:label1\" content=\"Tiempo de lectura\" \/>\n\t<meta name=\"twitter:data1\" content=\"1 minuto\" \/>\n<script type=\"application\/ld+json\" class=\"yoast-schema-graph\">{\"@context\":\"https:\\\/\\\/schema.org\",\"@graph\":[{\"@type\":\"WebPage\",\"@id\":\"https:\\\/\\\/www.zaldionline.com\\\/es\\\/producto\\\/elastischer-gurt-schwarz-60cm-2\\\/\",\"url\":\"https:\\\/\\\/www.zaldionline.com\\\/es\\\/producto\\\/elastischer-gurt-schwarz-60cm-2\\\/\",\"name\":\"ELASTISCHER ANBINDERIEMEN SCHWARZ 60 cm - Zaldionline.com\",\"isPartOf\":{\"@id\":\"https:\\\/\\\/www.zaldionline.com\\\/es\\\/#website\"},\"primaryImageOfPage\":{\"@id\":\"https:\\\/\\\/www.zaldionline.com\\\/es\\\/producto\\\/elastischer-gurt-schwarz-60cm-2\\\/#primaryimage\"},\"image\":{\"@id\":\"https:\\\/\\\/www.zaldionline.com\\\/es\\\/producto\\\/elastischer-gurt-schwarz-60cm-2\\\/#primaryimage\"},\"thumbnailUrl\":\"https:\\\/\\\/www.zaldionline.com\\\/es\\\/wp-content\\\/uploads\\\/sites\\\/2\\\/2020\\\/11\\\/Bild_2020-12-10_174753.png\",\"datePublished\":\"2020-11-28T17:33:23+00:00\",\"dateModified\":\"2023-04-17T14:55:01+00:00\",\"description\":\"Preis inkl. MwSt.: 10,08\u20ac Starker elastischer Gummigurt in schwarz und mit wei\u00df gef\u00fcttert. Es hat einen Abzugskarabiner an einem Ende und ein Panik-Sicherheitsschloss am anderen Ende, um das Pferd zu binden. Karabiner aus Edelstahl. Einheitsgr\u00f6\u00dfe. Ma\u00dfe: 60 cm lang mit einem Durchmesser von ca. 15 mm. Farbe schwarz. Erh\u00e4ltlich \u00fcber Zaldionline.com Ref. 2109128\",\"breadcrumb\":{\"@id\":\"https:\\\/\\\/www.zaldionline.com\\\/es\\\/producto\\\/elastischer-gurt-schwarz-60cm-2\\\/#breadcrumb\"},\"inLanguage\":\"es\",\"potentialAction\":[{\"@type\":\"ReadAction\",\"target\":[\"https:\\\/\\\/www.zaldionline.com\\\/es\\\/producto\\\/elastischer-gurt-schwarz-60cm-2\\\/\"]}]},{\"@type\":\"ImageObject\",\"inLanguage\":\"es\",\"@id\":\"https:\\\/\\\/www.zaldionline.com\\\/es\\\/producto\\\/elastischer-gurt-schwarz-60cm-2\\\/#primaryimage\",\"url\":\"https:\\\/\\\/www.zaldionline.com\\\/es\\\/wp-content\\\/uploads\\\/sites\\\/2\\\/2020\\\/11\\\/Bild_2020-12-10_174753.png\",\"contentUrl\":\"https:\\\/\\\/www.zaldionline.com\\\/es\\\/wp-content\\\/uploads\\\/sites\\\/2\\\/2020\\\/11\\\/Bild_2020-12-10_174753.png\",\"width\":511,\"height\":505},{\"@type\":\"BreadcrumbList\",\"@id\":\"https:\\\/\\\/www.zaldionline.com\\\/es\\\/producto\\\/elastischer-gurt-schwarz-60cm-2\\\/#breadcrumb\",\"itemListElement\":[{\"@type\":\"ListItem\",\"position\":1,\"name\":\"Portada\",\"item\":\"https:\\\/\\\/www.zaldionline.com\\\/es\\\/\"},{\"@type\":\"ListItem\",\"position\":2,\"name\":\"Sillas y accesorios\",\"item\":\"https:\\\/\\\/www.zaldionline.com\\\/es\\\/sillas-y-accesorios\\\/\"},{\"@type\":\"ListItem\",\"position\":3,\"name\":\"ELASTISCHER ANBINDERIEMEN SCHWARZ 60 cm\"}]},{\"@type\":\"WebSite\",\"@id\":\"https:\\\/\\\/www.zaldionline.com\\\/es\\\/#website\",\"url\":\"https:\\\/\\\/www.zaldionline.com\\\/es\\\/\",\"name\":\"Zaldionline.com\",\"description\":\"Los mejores productos para usted y su caballo\",\"potentialAction\":[{\"@type\":\"SearchAction\",\"target\":{\"@type\":\"EntryPoint\",\"urlTemplate\":\"https:\\\/\\\/www.zaldionline.com\\\/es\\\/?s={search_term_string}\"},\"query-input\":{\"@type\":\"PropertyValueSpecification\",\"valueRequired\":true,\"valueName\":\"search_term_string\"}}],\"inLanguage\":\"es\"}]}<\/script>\n<!-- \/ Yoast SEO plugin. -->","yoast_head_json":{"title":"ELASTISCHER ANBINDERIEMEN SCHWARZ 60 cm - Zaldionline.com","description":"Preis inkl. MwSt.: 10,08\u20ac Starker elastischer Gummigurt in schwarz und mit wei\u00df gef\u00fcttert. Es hat einen Abzugskarabiner an einem Ende und ein Panik-Sicherheitsschloss am anderen Ende, um das Pferd zu binden. Karabiner aus Edelstahl. Einheitsgr\u00f6\u00dfe. Ma\u00dfe: 60 cm lang mit einem Durchmesser von ca. 15 mm. Farbe schwarz. Erh\u00e4ltlich \u00fcber Zaldionline.com Ref. 2109128","robots":{"index":"noindex","follow":"follow","max-snippet":"max-snippet:-1","max-image-preview":"max-image-preview:large","max-video-preview":"max-video-preview:-1"},"og_locale":"es_ES","og_type":"article","og_title":"ELASTISCHER ANBINDERIEMEN SCHWARZ 60 cm - Zaldionline.com","og_description":"Preis inkl. MwSt.: 10,08\u20ac Starker elastischer Gummigurt in schwarz und mit wei\u00df gef\u00fcttert. Es hat einen Abzugskarabiner an einem Ende und ein Panik-Sicherheitsschloss am anderen Ende, um das Pferd zu binden. Karabiner aus Edelstahl. Einheitsgr\u00f6\u00dfe. Ma\u00dfe: 60 cm lang mit einem Durchmesser von ca. 15 mm. Farbe schwarz. Erh\u00e4ltlich \u00fcber Zaldionline.com Ref. 2109128","og_url":"https:\/\/www.zaldionline.com\/es\/producto\/elastischer-gurt-schwarz-60cm-2\/","og_site_name":"Zaldionline.com","article_modified_time":"2023-04-17T14:55:01+00:00","og_image":[{"width":511,"height":505,"url":"https:\/\/www.zaldionline.com\/es\/wp-content\/uploads\/sites\/2\/2020\/11\/Bild_2020-12-10_174753.png","type":"image\/png"}],"twitter_card":"summary_large_image","twitter_misc":{"Tiempo de lectura":"1 minuto"},"schema":{"@context":"https:\/\/schema.org","@graph":[{"@type":"WebPage","@id":"https:\/\/www.zaldionline.com\/es\/producto\/elastischer-gurt-schwarz-60cm-2\/","url":"https:\/\/www.zaldionline.com\/es\/producto\/elastischer-gurt-schwarz-60cm-2\/","name":"ELASTISCHER ANBINDERIEMEN SCHWARZ 60 cm - Zaldionline.com","isPartOf":{"@id":"https:\/\/www.zaldionline.com\/es\/#website"},"primaryImageOfPage":{"@id":"https:\/\/www.zaldionline.com\/es\/producto\/elastischer-gurt-schwarz-60cm-2\/#primaryimage"},"image":{"@id":"https:\/\/www.zaldionline.com\/es\/producto\/elastischer-gurt-schwarz-60cm-2\/#primaryimage"},"thumbnailUrl":"https:\/\/www.zaldionline.com\/es\/wp-content\/uploads\/sites\/2\/2020\/11\/Bild_2020-12-10_174753.png","datePublished":"2020-11-28T17:33:23+00:00","dateModified":"2023-04-17T14:55:01+00:00","description":"Preis inkl. MwSt.: 10,08\u20ac Starker elastischer Gummigurt in schwarz und mit wei\u00df gef\u00fcttert. Es hat einen Abzugskarabiner an einem Ende und ein Panik-Sicherheitsschloss am anderen Ende, um das Pferd zu binden. Karabiner aus Edelstahl. Einheitsgr\u00f6\u00dfe. Ma\u00dfe: 60 cm lang mit einem Durchmesser von ca. 15 mm. Farbe schwarz. Erh\u00e4ltlich \u00fcber Zaldionline.com Ref. 2109128","breadcrumb":{"@id":"https:\/\/www.zaldionline.com\/es\/producto\/elastischer-gurt-schwarz-60cm-2\/#breadcrumb"},"inLanguage":"es","potentialAction":[{"@type":"ReadAction","target":["https:\/\/www.zaldionline.com\/es\/producto\/elastischer-gurt-schwarz-60cm-2\/"]}]},{"@type":"ImageObject","inLanguage":"es","@id":"https:\/\/www.zaldionline.com\/es\/producto\/elastischer-gurt-schwarz-60cm-2\/#primaryimage","url":"https:\/\/www.zaldionline.com\/es\/wp-content\/uploads\/sites\/2\/2020\/11\/Bild_2020-12-10_174753.png","contentUrl":"https:\/\/www.zaldionline.com\/es\/wp-content\/uploads\/sites\/2\/2020\/11\/Bild_2020-12-10_174753.png","width":511,"height":505},{"@type":"BreadcrumbList","@id":"https:\/\/www.zaldionline.com\/es\/producto\/elastischer-gurt-schwarz-60cm-2\/#breadcrumb","itemListElement":[{"@type":"ListItem","position":1,"name":"Portada","item":"https:\/\/www.zaldionline.com\/es\/"},{"@type":"ListItem","position":2,"name":"Sillas y accesorios","item":"https:\/\/www.zaldionline.com\/es\/sillas-y-accesorios\/"},{"@type":"ListItem","position":3,"name":"ELASTISCHER ANBINDERIEMEN SCHWARZ 60 cm"}]},{"@type":"WebSite","@id":"https:\/\/www.zaldionline.com\/es\/#website","url":"https:\/\/www.zaldionline.com\/es\/","name":"Zaldionline.com","description":"Los mejores productos para usted y su caballo","potentialAction":[{"@type":"SearchAction","target":{"@type":"EntryPoint","urlTemplate":"https:\/\/www.zaldionline.com\/es\/?s={search_term_string}"},"query-input":{"@type":"PropertyValueSpecification","valueRequired":true,"valueName":"search_term_string"}}],"inLanguage":"es"}]}},"_links":{"self":[{"href":"https:\/\/www.zaldionline.com\/es\/wp-json\/wp\/v2\/product\/17078","targetHints":{"allow":["GET"]}}],"collection":[{"href":"https:\/\/www.zaldionline.com\/es\/wp-json\/wp\/v2\/product"}],"about":[{"href":"https:\/\/www.zaldionline.com\/es\/wp-json\/wp\/v2\/types\/product"}],"replies":[{"embeddable":true,"href":"https:\/\/www.zaldionline.com\/es\/wp-json\/wp\/v2\/comments?post=17078"}],"version-history":[{"count":2,"href":"https:\/\/www.zaldionline.com\/es\/wp-json\/wp\/v2\/product\/17078\/revisions"}],"predecessor-version":[{"id":23312,"href":"https:\/\/www.zaldionline.com\/es\/wp-json\/wp\/v2\/product\/17078\/revisions\/23312"}],"wp:featuredmedia":[{"embeddable":true,"href":"https:\/\/www.zaldionline.com\/es\/wp-json\/wp\/v2\/media\/17497"}],"wp:attachment":[{"href":"https:\/\/www.zaldionline.com\/es\/wp-json\/wp\/v2\/media?parent=17078"}],"wp:term":[{"taxonomy":"product_brand","embeddable":true,"href":"https:\/\/www.zaldionline.com\/es\/wp-json\/wp\/v2\/product_brand?post=17078"},{"taxonomy":"product_cat","embeddable":true,"href":"https:\/\/www.zaldionline.com\/es\/wp-json\/wp\/v2\/product_cat?post=17078"},{"taxonomy":"product_tag","embeddable":true,"href":"https:\/\/www.zaldionline.com\/es\/wp-json\/wp\/v2\/product_tag?post=17078"}],"curies":[{"name":"wp","href":"https:\/\/api.w.org\/{rel}","templated":true}]}}