{"id":17100,"date":"2020-11-28T18:12:19","date_gmt":"2020-11-28T18:12:19","guid":{"rendered":"https:\/\/zaldionline.com\/?post_type=product&#038;p=17100"},"modified":"2023-04-17T14:42:35","modified_gmt":"2023-04-17T14:42:35","slug":"dressurgurt-intelligenter-gummi-kopie","status":"publish","type":"product","link":"https:\/\/www.zaldionline.com\/es\/producto\/dressurgurt-intelligenter-gummi-kopie\/","title":{"rendered":"DRESSURGURT INTELLIGENTER GUMMI"},"content":{"rendered":"\t\t<div data-elementor-type=\"wp-post\" data-elementor-id=\"17100\" class=\"elementor elementor-17100\">\n\t\t\t\t\t\t<section class=\"elementor-section elementor-top-section elementor-element elementor-element-3bb7fbdd elementor-section-boxed elementor-section-height-default elementor-section-height-default\" data-id=\"3bb7fbdd\" data-element_type=\"section\" data-e-type=\"section\">\n\t\t\t\t\t\t<div class=\"elementor-container elementor-column-gap-default\">\n\t\t\t\t\t<div class=\"elementor-column elementor-col-100 elementor-top-column elementor-element elementor-element-7c9f8ce0\" data-id=\"7c9f8ce0\" data-element_type=\"column\" data-e-type=\"column\">\n\t\t\t<div class=\"elementor-widget-wrap elementor-element-populated\">\n\t\t\t\t\t\t<div class=\"elementor-element elementor-element-36b53770 elementor-widget elementor-widget-text-editor\" data-id=\"36b53770\" data-element_type=\"widget\" data-e-type=\"widget\" data-widget_type=\"text-editor.default\">\n\t\t\t\t<div class=\"elementor-widget-container\">\n\t\t\t\t\t\t\t\t\t<p>Preis inkl. MwSt.: 33,21\u20ac<\/p><p>Dressurgurt aus schickem schwarzem Gummi.<\/p><p>Diese Art von Gummi passt sich perfekt an die Form des Pferdes an und beh\u00e4lt diese bei, was mehr Komfort und Bewegungsfreiheit bietet.<\/p><p>Wenn der Umfang entfernt wird, kehrt der intelligente Gummi in seinen urspr\u00fcnglichen Zustand zur\u00fcck, stellt seine normale Position wieder her und vermeidet so Verformungen, sodass er f\u00fcr mehr als ein Pferd verwendet werden kann.<\/p><p>Gurtschnallen aus Edelstahl<\/p><p>Ohne Gummib\u00e4nder<\/p><p>Gr\u00f6\u00dfen: 50 cm &#8211; 60 cm &#8211; 70 cm<\/p><p>Farbe: schwarz<\/p><p><span data-language-for-alternatives=\"de\" data-language-to-translate-into=\"es\" data-phrase-index=\"11\">Ref. 2102414<\/span><\/p>\t\t\t\t\t\t\t\t<\/div>\n\t\t\t\t<\/div>\n\t\t\t\t\t<\/div>\n\t\t<\/div>\n\t\t\t\t\t<\/div>\n\t\t<\/section>\n\t\t\t\t<\/div>\n\t\t","protected":false},"excerpt":{"rendered":"<p>Preis inkl. MwSt.: 33,21\u20ac Dressurgurt aus schickem schwarzem Gummi. Diese Art von Gummi passt sich perfekt an die Form des Pferdes an und beh\u00e4lt diese bei, was mehr Komfort und Bewegungsfreiheit bietet. Wenn der Umfang entfernt wird, kehrt der intelligente Gummi in seinen urspr\u00fcnglichen Zustand zur\u00fcck, stellt seine normale Position wieder her und vermeidet so [&hellip;]<\/p>\n","protected":false},"featured_media":17495,"comment_status":"open","ping_status":"closed","template":"","meta":{"site-sidebar-layout":"default","site-content-layout":"default","ast-site-content-layout":"default","site-content-style":"default","site-sidebar-style":"default","ast-global-header-display":"","ast-banner-title-visibility":"","ast-main-header-display":"","ast-hfb-above-header-display":"","ast-hfb-below-header-display":"","ast-hfb-mobile-header-display":"","site-post-title":"","ast-breadcrumbs-content":"","ast-featured-img":"","footer-sml-layout":"","ast-disable-related-posts":"","theme-transparent-header-meta":"default","adv-header-id-meta":"","stick-header-meta":"","header-above-stick-meta":"","header-main-stick-meta":"","header-below-stick-meta":"","astra-migrate-meta-layouts":"default","ast-page-background-enabled":"default","ast-page-background-meta":{"desktop":{"background-color":"var(--ast-global-color-4)","background-image":"","background-repeat":"repeat","background-position":"center center","background-size":"auto","background-attachment":"scroll","background-type":"","background-media":"","overlay-type":"","overlay-color":"","overlay-opacity":"","overlay-gradient":""},"tablet":{"background-color":"","background-image":"","background-repeat":"repeat","background-position":"center center","background-size":"auto","background-attachment":"scroll","background-type":"","background-media":"","overlay-type":"","overlay-color":"","overlay-opacity":"","overlay-gradient":""},"mobile":{"background-color":"","background-image":"","background-repeat":"repeat","background-position":"center center","background-size":"auto","background-attachment":"scroll","background-type":"","background-media":"","overlay-type":"","overlay-color":"","overlay-opacity":"","overlay-gradient":""}},"ast-content-background-meta":{"desktop":{"background-color":"var(--ast-global-color-5)","background-image":"","background-repeat":"repeat","background-position":"center center","background-size":"auto","background-attachment":"scroll","background-type":"","background-media":"","overlay-type":"","overlay-color":"","overlay-opacity":"","overlay-gradient":""},"tablet":{"background-color":"var(--ast-global-color-5)","background-image":"","background-repeat":"repeat","background-position":"center center","background-size":"auto","background-attachment":"scroll","background-type":"","background-media":"","overlay-type":"","overlay-color":"","overlay-opacity":"","overlay-gradient":""},"mobile":{"background-color":"var(--ast-global-color-5)","background-image":"","background-repeat":"repeat","background-position":"center center","background-size":"auto","background-attachment":"scroll","background-type":"","background-media":"","overlay-type":"","overlay-color":"","overlay-opacity":"","overlay-gradient":""}},"ngg_post_thumbnail":0},"product_brand":[],"product_cat":[278],"product_tag":[341,622,340,337,338,339],"class_list":{"0":"post-17100","1":"product","2":"type-product","3":"status-publish","4":"has-post-thumbnail","6":"product_cat-ofertas","7":"product_tag-bienestarcaballo","8":"product_tag-dressurgurt","9":"product_tag-susanne-nagel","10":"product_tag-zaldi","11":"product_tag-zaldi-deutschland","12":"product_tag-zaldi-online-com","13":"desktop-align-left","14":"tablet-align-left","15":"mobile-align-left","17":"first","18":"instock","19":"taxable","20":"shipping-taxable","21":"purchasable","22":"product-type-variable"},"yoast_head":"<!-- This site is optimized with the Yoast SEO plugin v27.4 - https:\/\/yoast.com\/product\/yoast-seo-wordpress\/ -->\n<title>DRESSURGURT INTELLIGENTER GUMMI - Zaldionline.com<\/title>\n<meta name=\"description\" content=\"Preis inkl. MwSt.: 33,21\u20ac Dressurgurt aus schickem schwarzem Gummi. Diese Art von Gummi passt sich perfekt an die Form des Pferdes an und beh\u00e4lt diese bei, was mehr Komfort und Bewegungsfreiheit bietet. Wenn der Umfang entfernt wird, kehrt der intelligente Gummi in seinen urspr\u00fcnglichen Zustand zur\u00fcck, stellt seine normale Position wieder her und vermeidet so Verformungen, sodass er f\u00fcr mehr als ein Pferd verwendet werden kann. Gurtschnallen aus Edelstahl. Ohne Gummib\u00e4nder. Gr\u00f6\u00dfen: 50 cm - 60 cm - 70 cm. Farbe: schwarz. Erh\u00e4ltlich \u00fcber Zaldionline.com Ref. 2102414\" \/>\n<meta name=\"robots\" content=\"noindex, follow, max-snippet:-1, max-image-preview:large, max-video-preview:-1\" \/>\n<meta property=\"og:locale\" content=\"es_ES\" \/>\n<meta property=\"og:type\" content=\"article\" \/>\n<meta property=\"og:title\" content=\"DRESSURGURT INTELLIGENTER GUMMI - Zaldionline.com\" \/>\n<meta property=\"og:description\" content=\"Preis inkl. MwSt.: 33,21\u20ac Dressurgurt aus schickem schwarzem Gummi. Diese Art von Gummi passt sich perfekt an die Form des Pferdes an und beh\u00e4lt diese bei, was mehr Komfort und Bewegungsfreiheit bietet. Wenn der Umfang entfernt wird, kehrt der intelligente Gummi in seinen urspr\u00fcnglichen Zustand zur\u00fcck, stellt seine normale Position wieder her und vermeidet so Verformungen, sodass er f\u00fcr mehr als ein Pferd verwendet werden kann. Gurtschnallen aus Edelstahl. Ohne Gummib\u00e4nder. Gr\u00f6\u00dfen: 50 cm - 60 cm - 70 cm. Farbe: schwarz. Erh\u00e4ltlich \u00fcber Zaldionline.com Ref. 2102414\" \/>\n<meta property=\"og:url\" content=\"https:\/\/www.zaldionline.com\/es\/producto\/dressurgurt-intelligenter-gummi-kopie\/\" \/>\n<meta property=\"og:site_name\" content=\"Zaldionline.com\" \/>\n<meta property=\"article:modified_time\" content=\"2023-04-17T14:42:35+00:00\" \/>\n<meta property=\"og:image\" content=\"https:\/\/www.zaldionline.com\/es\/wp-content\/uploads\/sites\/2\/2020\/11\/Bild_2020-12-10_174203.png\" \/>\n\t<meta property=\"og:image:width\" content=\"519\" \/>\n\t<meta property=\"og:image:height\" content=\"507\" \/>\n\t<meta property=\"og:image:type\" content=\"image\/png\" \/>\n<meta name=\"twitter:card\" content=\"summary_large_image\" \/>\n<meta name=\"twitter:label1\" content=\"Tiempo de lectura\" \/>\n\t<meta name=\"twitter:data1\" content=\"1 minuto\" \/>\n<script type=\"application\/ld+json\" class=\"yoast-schema-graph\">{\"@context\":\"https:\\\/\\\/schema.org\",\"@graph\":[{\"@type\":\"WebPage\",\"@id\":\"https:\\\/\\\/www.zaldionline.com\\\/es\\\/producto\\\/dressurgurt-intelligenter-gummi-kopie\\\/\",\"url\":\"https:\\\/\\\/www.zaldionline.com\\\/es\\\/producto\\\/dressurgurt-intelligenter-gummi-kopie\\\/\",\"name\":\"DRESSURGURT INTELLIGENTER GUMMI - Zaldionline.com\",\"isPartOf\":{\"@id\":\"https:\\\/\\\/www.zaldionline.com\\\/es\\\/#website\"},\"primaryImageOfPage\":{\"@id\":\"https:\\\/\\\/www.zaldionline.com\\\/es\\\/producto\\\/dressurgurt-intelligenter-gummi-kopie\\\/#primaryimage\"},\"image\":{\"@id\":\"https:\\\/\\\/www.zaldionline.com\\\/es\\\/producto\\\/dressurgurt-intelligenter-gummi-kopie\\\/#primaryimage\"},\"thumbnailUrl\":\"https:\\\/\\\/www.zaldionline.com\\\/es\\\/wp-content\\\/uploads\\\/sites\\\/2\\\/2020\\\/11\\\/Bild_2020-12-10_174203.png\",\"datePublished\":\"2020-11-28T18:12:19+00:00\",\"dateModified\":\"2023-04-17T14:42:35+00:00\",\"description\":\"Preis inkl. MwSt.: 33,21\u20ac Dressurgurt aus schickem schwarzem Gummi. Diese Art von Gummi passt sich perfekt an die Form des Pferdes an und beh\u00e4lt diese bei, was mehr Komfort und Bewegungsfreiheit bietet. Wenn der Umfang entfernt wird, kehrt der intelligente Gummi in seinen urspr\u00fcnglichen Zustand zur\u00fcck, stellt seine normale Position wieder her und vermeidet so Verformungen, sodass er f\u00fcr mehr als ein Pferd verwendet werden kann. Gurtschnallen aus Edelstahl. Ohne Gummib\u00e4nder. Gr\u00f6\u00dfen: 50 cm - 60 cm - 70 cm. Farbe: schwarz. Erh\u00e4ltlich \u00fcber Zaldionline.com Ref. 2102414\",\"breadcrumb\":{\"@id\":\"https:\\\/\\\/www.zaldionline.com\\\/es\\\/producto\\\/dressurgurt-intelligenter-gummi-kopie\\\/#breadcrumb\"},\"inLanguage\":\"es\",\"potentialAction\":[{\"@type\":\"ReadAction\",\"target\":[\"https:\\\/\\\/www.zaldionline.com\\\/es\\\/producto\\\/dressurgurt-intelligenter-gummi-kopie\\\/\"]}]},{\"@type\":\"ImageObject\",\"inLanguage\":\"es\",\"@id\":\"https:\\\/\\\/www.zaldionline.com\\\/es\\\/producto\\\/dressurgurt-intelligenter-gummi-kopie\\\/#primaryimage\",\"url\":\"https:\\\/\\\/www.zaldionline.com\\\/es\\\/wp-content\\\/uploads\\\/sites\\\/2\\\/2020\\\/11\\\/Bild_2020-12-10_174203.png\",\"contentUrl\":\"https:\\\/\\\/www.zaldionline.com\\\/es\\\/wp-content\\\/uploads\\\/sites\\\/2\\\/2020\\\/11\\\/Bild_2020-12-10_174203.png\",\"width\":519,\"height\":507},{\"@type\":\"BreadcrumbList\",\"@id\":\"https:\\\/\\\/www.zaldionline.com\\\/es\\\/producto\\\/dressurgurt-intelligenter-gummi-kopie\\\/#breadcrumb\",\"itemListElement\":[{\"@type\":\"ListItem\",\"position\":1,\"name\":\"Portada\",\"item\":\"https:\\\/\\\/www.zaldionline.com\\\/es\\\/\"},{\"@type\":\"ListItem\",\"position\":2,\"name\":\"Sillas y accesorios\",\"item\":\"https:\\\/\\\/www.zaldionline.com\\\/es\\\/sillas-y-accesorios\\\/\"},{\"@type\":\"ListItem\",\"position\":3,\"name\":\"DRESSURGURT INTELLIGENTER GUMMI\"}]},{\"@type\":\"WebSite\",\"@id\":\"https:\\\/\\\/www.zaldionline.com\\\/es\\\/#website\",\"url\":\"https:\\\/\\\/www.zaldionline.com\\\/es\\\/\",\"name\":\"Zaldionline.com\",\"description\":\"Los mejores productos para usted y su caballo\",\"potentialAction\":[{\"@type\":\"SearchAction\",\"target\":{\"@type\":\"EntryPoint\",\"urlTemplate\":\"https:\\\/\\\/www.zaldionline.com\\\/es\\\/?s={search_term_string}\"},\"query-input\":{\"@type\":\"PropertyValueSpecification\",\"valueRequired\":true,\"valueName\":\"search_term_string\"}}],\"inLanguage\":\"es\"}]}<\/script>\n<!-- \/ Yoast SEO plugin. -->","yoast_head_json":{"title":"DRESSURGURT INTELLIGENTER GUMMI - Zaldionline.com","description":"Preis inkl. MwSt.: 33,21\u20ac Dressurgurt aus schickem schwarzem Gummi. Diese Art von Gummi passt sich perfekt an die Form des Pferdes an und beh\u00e4lt diese bei, was mehr Komfort und Bewegungsfreiheit bietet. Wenn der Umfang entfernt wird, kehrt der intelligente Gummi in seinen urspr\u00fcnglichen Zustand zur\u00fcck, stellt seine normale Position wieder her und vermeidet so Verformungen, sodass er f\u00fcr mehr als ein Pferd verwendet werden kann. Gurtschnallen aus Edelstahl. Ohne Gummib\u00e4nder. Gr\u00f6\u00dfen: 50 cm - 60 cm - 70 cm. Farbe: schwarz. Erh\u00e4ltlich \u00fcber Zaldionline.com Ref. 2102414","robots":{"index":"noindex","follow":"follow","max-snippet":"max-snippet:-1","max-image-preview":"max-image-preview:large","max-video-preview":"max-video-preview:-1"},"og_locale":"es_ES","og_type":"article","og_title":"DRESSURGURT INTELLIGENTER GUMMI - Zaldionline.com","og_description":"Preis inkl. MwSt.: 33,21\u20ac Dressurgurt aus schickem schwarzem Gummi. Diese Art von Gummi passt sich perfekt an die Form des Pferdes an und beh\u00e4lt diese bei, was mehr Komfort und Bewegungsfreiheit bietet. Wenn der Umfang entfernt wird, kehrt der intelligente Gummi in seinen urspr\u00fcnglichen Zustand zur\u00fcck, stellt seine normale Position wieder her und vermeidet so Verformungen, sodass er f\u00fcr mehr als ein Pferd verwendet werden kann. Gurtschnallen aus Edelstahl. Ohne Gummib\u00e4nder. Gr\u00f6\u00dfen: 50 cm - 60 cm - 70 cm. Farbe: schwarz. Erh\u00e4ltlich \u00fcber Zaldionline.com Ref. 2102414","og_url":"https:\/\/www.zaldionline.com\/es\/producto\/dressurgurt-intelligenter-gummi-kopie\/","og_site_name":"Zaldionline.com","article_modified_time":"2023-04-17T14:42:35+00:00","og_image":[{"width":519,"height":507,"url":"https:\/\/www.zaldionline.com\/es\/wp-content\/uploads\/sites\/2\/2020\/11\/Bild_2020-12-10_174203.png","type":"image\/png"}],"twitter_card":"summary_large_image","twitter_misc":{"Tiempo de lectura":"1 minuto"},"schema":{"@context":"https:\/\/schema.org","@graph":[{"@type":"WebPage","@id":"https:\/\/www.zaldionline.com\/es\/producto\/dressurgurt-intelligenter-gummi-kopie\/","url":"https:\/\/www.zaldionline.com\/es\/producto\/dressurgurt-intelligenter-gummi-kopie\/","name":"DRESSURGURT INTELLIGENTER GUMMI - Zaldionline.com","isPartOf":{"@id":"https:\/\/www.zaldionline.com\/es\/#website"},"primaryImageOfPage":{"@id":"https:\/\/www.zaldionline.com\/es\/producto\/dressurgurt-intelligenter-gummi-kopie\/#primaryimage"},"image":{"@id":"https:\/\/www.zaldionline.com\/es\/producto\/dressurgurt-intelligenter-gummi-kopie\/#primaryimage"},"thumbnailUrl":"https:\/\/www.zaldionline.com\/es\/wp-content\/uploads\/sites\/2\/2020\/11\/Bild_2020-12-10_174203.png","datePublished":"2020-11-28T18:12:19+00:00","dateModified":"2023-04-17T14:42:35+00:00","description":"Preis inkl. MwSt.: 33,21\u20ac Dressurgurt aus schickem schwarzem Gummi. Diese Art von Gummi passt sich perfekt an die Form des Pferdes an und beh\u00e4lt diese bei, was mehr Komfort und Bewegungsfreiheit bietet. Wenn der Umfang entfernt wird, kehrt der intelligente Gummi in seinen urspr\u00fcnglichen Zustand zur\u00fcck, stellt seine normale Position wieder her und vermeidet so Verformungen, sodass er f\u00fcr mehr als ein Pferd verwendet werden kann. Gurtschnallen aus Edelstahl. Ohne Gummib\u00e4nder. Gr\u00f6\u00dfen: 50 cm - 60 cm - 70 cm. Farbe: schwarz. Erh\u00e4ltlich \u00fcber Zaldionline.com Ref. 2102414","breadcrumb":{"@id":"https:\/\/www.zaldionline.com\/es\/producto\/dressurgurt-intelligenter-gummi-kopie\/#breadcrumb"},"inLanguage":"es","potentialAction":[{"@type":"ReadAction","target":["https:\/\/www.zaldionline.com\/es\/producto\/dressurgurt-intelligenter-gummi-kopie\/"]}]},{"@type":"ImageObject","inLanguage":"es","@id":"https:\/\/www.zaldionline.com\/es\/producto\/dressurgurt-intelligenter-gummi-kopie\/#primaryimage","url":"https:\/\/www.zaldionline.com\/es\/wp-content\/uploads\/sites\/2\/2020\/11\/Bild_2020-12-10_174203.png","contentUrl":"https:\/\/www.zaldionline.com\/es\/wp-content\/uploads\/sites\/2\/2020\/11\/Bild_2020-12-10_174203.png","width":519,"height":507},{"@type":"BreadcrumbList","@id":"https:\/\/www.zaldionline.com\/es\/producto\/dressurgurt-intelligenter-gummi-kopie\/#breadcrumb","itemListElement":[{"@type":"ListItem","position":1,"name":"Portada","item":"https:\/\/www.zaldionline.com\/es\/"},{"@type":"ListItem","position":2,"name":"Sillas y accesorios","item":"https:\/\/www.zaldionline.com\/es\/sillas-y-accesorios\/"},{"@type":"ListItem","position":3,"name":"DRESSURGURT INTELLIGENTER GUMMI"}]},{"@type":"WebSite","@id":"https:\/\/www.zaldionline.com\/es\/#website","url":"https:\/\/www.zaldionline.com\/es\/","name":"Zaldionline.com","description":"Los mejores productos para usted y su caballo","potentialAction":[{"@type":"SearchAction","target":{"@type":"EntryPoint","urlTemplate":"https:\/\/www.zaldionline.com\/es\/?s={search_term_string}"},"query-input":{"@type":"PropertyValueSpecification","valueRequired":true,"valueName":"search_term_string"}}],"inLanguage":"es"}]}},"_links":{"self":[{"href":"https:\/\/www.zaldionline.com\/es\/wp-json\/wp\/v2\/product\/17100","targetHints":{"allow":["GET"]}}],"collection":[{"href":"https:\/\/www.zaldionline.com\/es\/wp-json\/wp\/v2\/product"}],"about":[{"href":"https:\/\/www.zaldionline.com\/es\/wp-json\/wp\/v2\/types\/product"}],"replies":[{"embeddable":true,"href":"https:\/\/www.zaldionline.com\/es\/wp-json\/wp\/v2\/comments?post=17100"}],"version-history":[{"count":2,"href":"https:\/\/www.zaldionline.com\/es\/wp-json\/wp\/v2\/product\/17100\/revisions"}],"predecessor-version":[{"id":23306,"href":"https:\/\/www.zaldionline.com\/es\/wp-json\/wp\/v2\/product\/17100\/revisions\/23306"}],"wp:featuredmedia":[{"embeddable":true,"href":"https:\/\/www.zaldionline.com\/es\/wp-json\/wp\/v2\/media\/17495"}],"wp:attachment":[{"href":"https:\/\/www.zaldionline.com\/es\/wp-json\/wp\/v2\/media?parent=17100"}],"wp:term":[{"taxonomy":"product_brand","embeddable":true,"href":"https:\/\/www.zaldionline.com\/es\/wp-json\/wp\/v2\/product_brand?post=17100"},{"taxonomy":"product_cat","embeddable":true,"href":"https:\/\/www.zaldionline.com\/es\/wp-json\/wp\/v2\/product_cat?post=17100"},{"taxonomy":"product_tag","embeddable":true,"href":"https:\/\/www.zaldionline.com\/es\/wp-json\/wp\/v2\/product_tag?post=17100"}],"curies":[{"name":"wp","href":"https:\/\/api.w.org\/{rel}","templated":true}]}}