{"id":17124,"date":"2020-11-28T18:48:24","date_gmt":"2020-11-28T18:48:24","guid":{"rendered":"https:\/\/zaldionline.com\/?post_type=product&#038;p=17124"},"modified":"2023-04-17T14:08:04","modified_gmt":"2023-04-17T14:08:04","slug":"therapeutische-unterlage-stoffschutz-43x28cm-schwarz-4-einheiten","status":"publish","type":"product","link":"https:\/\/www.zaldionline.com\/es\/producto\/therapeutische-unterlage-stoffschutz-43x28cm-schwarz-4-einheiten\/","title":{"rendered":"THERAPEUTISCHE UNTERLAGE STOFFSCHUTZ 43&#215;28 cm SCHWARZ 4 EINHEITEN"},"content":{"rendered":"\t\t<div data-elementor-type=\"wp-post\" data-elementor-id=\"17124\" class=\"elementor elementor-17124\">\n\t\t\t\t\t\t<section class=\"elementor-section elementor-top-section elementor-element elementor-element-3a1c73bf elementor-section-boxed elementor-section-height-default elementor-section-height-default\" data-id=\"3a1c73bf\" data-element_type=\"section\" data-e-type=\"section\">\n\t\t\t\t\t\t<div class=\"elementor-container elementor-column-gap-default\">\n\t\t\t\t\t<div class=\"elementor-column elementor-col-100 elementor-top-column elementor-element elementor-element-63833d49\" data-id=\"63833d49\" data-element_type=\"column\" data-e-type=\"column\">\n\t\t\t<div class=\"elementor-widget-wrap elementor-element-populated\">\n\t\t\t\t\t\t<div class=\"elementor-element elementor-element-36c718bb elementor-widget elementor-widget-text-editor\" data-id=\"36c718bb\" data-element_type=\"widget\" data-e-type=\"widget\" data-widget_type=\"text-editor.default\">\n\t\t\t\t<div class=\"elementor-widget-container\">\n\t\t\t\t\t\t\t\t\t<p>Preis inkl. MwSt.: 32,71\u20ac<\/p><p>Set mit 4 gepolsterten und bequemen therapeutischen Stoffsch\u00fctzern.<\/p><p>Hergestellt aus strapazierf\u00e4higer Baumwoll- und Mikrofaserf\u00fcllung.<\/p><p>Es wird unter Bandagen verwendet. Die Funktion des Stoffschutzes besteht darin, die Extremit\u00e4ten warm zu halten, indem eine optimale Luftzirkulation im Inneren gew\u00e4hrleistet wird.<\/p><p><span data-language-for-alternatives=\"de\" data-language-to-translate-into=\"es\" data-phrase-index=\"5\">Maximaler Schutz f\u00fcr neue und alte Verletzungen.<\/span><\/p><p>Einfach zu verwenden.<\/p><p><span data-language-for-alternatives=\"de\" data-language-to-translate-into=\"es\" data-phrase-index=\"8\">Knicke vermeiden.<\/span><\/p><p>Von Hand oder maschinell waschbar.<\/p><p>Set mit 4 Einheiten<\/p><p>Gewicht: 100 Gramm<\/p><p>Einheitsgr\u00f6\u00dfe<\/p><p>Ma\u00dfe: 43 x 28 cm<\/p><p>Farbe schwarz<\/p><p>Ref. 2107746<\/p><p><strong>Wenn Du hier nicht gefunden hast wonach Du suchst,<\/strong><\/p><p>schau bitte auf der\u00a0<a href=\"https:\/\/zaldionline.com\/en\/104-bell-boots-bandages-leg-boots\">https:\/\/zaldionline.com\/en\/104-bell-boots-bandages-leg-boots<\/a> Seite.<\/p><p>Dort sind noch weitere Artikel aufgef\u00fchrt.<\/p><p>Suche die entsprechende Referenznummer und Beschreibung heraus und<\/p><p>sende uns Deinen gesamten Auftrag per E-Mail zu.<\/p>\t\t\t\t\t\t\t\t<\/div>\n\t\t\t\t<\/div>\n\t\t\t\t\t<\/div>\n\t\t<\/div>\n\t\t\t\t\t<\/div>\n\t\t<\/section>\n\t\t\t\t<\/div>\n\t\t","protected":false},"excerpt":{"rendered":"<p>Preis inkl. MwSt.: 32,71\u20ac Set mit 4 gepolsterten und bequemen therapeutischen Stoffsch\u00fctzern. Hergestellt aus strapazierf\u00e4higer Baumwoll- und Mikrofaserf\u00fcllung. Es wird unter Bandagen verwendet. Die Funktion des Stoffschutzes besteht darin, die Extremit\u00e4ten warm zu halten, indem eine optimale Luftzirkulation im Inneren gew\u00e4hrleistet wird. Maximaler Schutz f\u00fcr neue und alte Verletzungen. Einfach zu verwenden. Knicke vermeiden. Von [&hellip;]<\/p>\n","protected":false},"featured_media":17505,"comment_status":"open","ping_status":"closed","template":"","meta":{"site-sidebar-layout":"default","site-content-layout":"default","ast-site-content-layout":"default","site-content-style":"default","site-sidebar-style":"default","ast-global-header-display":"","ast-banner-title-visibility":"","ast-main-header-display":"","ast-hfb-above-header-display":"","ast-hfb-below-header-display":"","ast-hfb-mobile-header-display":"","site-post-title":"","ast-breadcrumbs-content":"","ast-featured-img":"","footer-sml-layout":"","ast-disable-related-posts":"","theme-transparent-header-meta":"default","adv-header-id-meta":"","stick-header-meta":"","header-above-stick-meta":"","header-main-stick-meta":"","header-below-stick-meta":"","astra-migrate-meta-layouts":"default","ast-page-background-enabled":"default","ast-page-background-meta":{"desktop":{"background-color":"var(--ast-global-color-4)","background-image":"","background-repeat":"repeat","background-position":"center center","background-size":"auto","background-attachment":"scroll","background-type":"","background-media":"","overlay-type":"","overlay-color":"","overlay-opacity":"","overlay-gradient":""},"tablet":{"background-color":"","background-image":"","background-repeat":"repeat","background-position":"center center","background-size":"auto","background-attachment":"scroll","background-type":"","background-media":"","overlay-type":"","overlay-color":"","overlay-opacity":"","overlay-gradient":""},"mobile":{"background-color":"","background-image":"","background-repeat":"repeat","background-position":"center center","background-size":"auto","background-attachment":"scroll","background-type":"","background-media":"","overlay-type":"","overlay-color":"","overlay-opacity":"","overlay-gradient":""}},"ast-content-background-meta":{"desktop":{"background-color":"var(--ast-global-color-5)","background-image":"","background-repeat":"repeat","background-position":"center center","background-size":"auto","background-attachment":"scroll","background-type":"","background-media":"","overlay-type":"","overlay-color":"","overlay-opacity":"","overlay-gradient":""},"tablet":{"background-color":"var(--ast-global-color-5)","background-image":"","background-repeat":"repeat","background-position":"center center","background-size":"auto","background-attachment":"scroll","background-type":"","background-media":"","overlay-type":"","overlay-color":"","overlay-opacity":"","overlay-gradient":""},"mobile":{"background-color":"var(--ast-global-color-5)","background-image":"","background-repeat":"repeat","background-position":"center center","background-size":"auto","background-attachment":"scroll","background-type":"","background-media":"","overlay-type":"","overlay-color":"","overlay-opacity":"","overlay-gradient":""}},"ngg_post_thumbnail":0},"product_brand":[],"product_cat":[18,58],"product_tag":[762,341,343,761,340,760,337,338,339],"class_list":{"0":"post-17124","1":"product","2":"type-product","3":"status-publish","4":"has-post-thumbnail","6":"product_cat-accesorios","7":"product_cat-campanas-protectores-vendas","8":"product_tag-bandage","9":"product_tag-bienestarcaballo","10":"product_tag-sattel-guenstig","11":"product_tag-stoffschutz","12":"product_tag-susanne-nagel","13":"product_tag-therapeutische-unterlage","14":"product_tag-zaldi","15":"product_tag-zaldi-deutschland","16":"product_tag-zaldi-online-com","17":"desktop-align-left","18":"tablet-align-left","19":"mobile-align-left","21":"first","22":"instock","23":"taxable","24":"shipping-taxable","25":"purchasable","26":"product-type-simple"},"yoast_head":"<!-- This site is optimized with the Yoast SEO plugin v27.5 - https:\/\/yoast.com\/product\/yoast-seo-wordpress\/ -->\n<title>THERAPEUTISCHE UNTERLAGE STOFFSCHUTZ 43x28 cm SCHWARZ 4 EINHEITEN - Zaldionline.com<\/title>\n<meta name=\"description\" content=\"Preis inkl. MwSt.: 32,71\u20ac Set mit 4 gepolsterten und bequemen therapeutischen Stoffsch\u00fctzern. Hergestellt aus strapazierf\u00e4higer Baumwoll- und Mikrofaserf\u00fcllung. Es wird unter Bandagen verwendet. Die Funktion des Stoffschutzes besteht darin, die Extremit\u00e4ten warm zu halten, indem eine optimale Luftzirkulation im Inneren gew\u00e4hrleistet wird. Maximaler Schutz f\u00fcr neue und alte Verletzungen. Einfach zu verwenden. Knicke vermeiden. Von Hand oder maschinell waschbar. Set mit 4 Einheiten Gewicht: 100 Gramm Einheitsgr\u00f6\u00dfe Ma\u00dfe: 43 x 28 cm Farbe: schwarz Erh\u00e4ltlich \u00fcber Zaldionlin.com Ref. 2107746\" \/>\n<meta name=\"robots\" content=\"noindex, follow, max-snippet:-1, max-image-preview:large, max-video-preview:-1\" \/>\n<meta property=\"og:locale\" content=\"es_ES\" \/>\n<meta property=\"og:type\" content=\"article\" \/>\n<meta property=\"og:title\" content=\"THERAPEUTISCHE UNTERLAGE STOFFSCHUTZ 43x28 cm SCHWARZ 4 EINHEITEN - Zaldionline.com\" \/>\n<meta property=\"og:description\" content=\"Preis inkl. MwSt.: 32,71\u20ac Set mit 4 gepolsterten und bequemen therapeutischen Stoffsch\u00fctzern. Hergestellt aus strapazierf\u00e4higer Baumwoll- und Mikrofaserf\u00fcllung. Es wird unter Bandagen verwendet. Die Funktion des Stoffschutzes besteht darin, die Extremit\u00e4ten warm zu halten, indem eine optimale Luftzirkulation im Inneren gew\u00e4hrleistet wird. Maximaler Schutz f\u00fcr neue und alte Verletzungen. Einfach zu verwenden. Knicke vermeiden. Von Hand oder maschinell waschbar. Set mit 4 Einheiten Gewicht: 100 Gramm Einheitsgr\u00f6\u00dfe Ma\u00dfe: 43 x 28 cm Farbe: schwarz Erh\u00e4ltlich \u00fcber Zaldionlin.com Ref. 2107746\" \/>\n<meta property=\"og:url\" content=\"https:\/\/www.zaldionline.com\/es\/producto\/therapeutische-unterlage-stoffschutz-43x28cm-schwarz-4-einheiten\/\" \/>\n<meta property=\"og:site_name\" content=\"Zaldionline.com\" \/>\n<meta property=\"article:modified_time\" content=\"2023-04-17T14:08:04+00:00\" \/>\n<meta property=\"og:image\" content=\"https:\/\/www.zaldionline.com\/es\/wp-content\/uploads\/sites\/2\/2020\/11\/Bild_2020-12-10_180254.png\" \/>\n\t<meta property=\"og:image:width\" content=\"517\" \/>\n\t<meta property=\"og:image:height\" content=\"504\" \/>\n\t<meta property=\"og:image:type\" content=\"image\/png\" \/>\n<meta name=\"twitter:card\" content=\"summary_large_image\" \/>\n<meta name=\"twitter:label1\" content=\"Tiempo de lectura\" \/>\n\t<meta name=\"twitter:data1\" content=\"1 minuto\" \/>\n<script type=\"application\/ld+json\" class=\"yoast-schema-graph\">{\"@context\":\"https:\\\/\\\/schema.org\",\"@graph\":[{\"@type\":\"WebPage\",\"@id\":\"https:\\\/\\\/www.zaldionline.com\\\/es\\\/producto\\\/therapeutische-unterlage-stoffschutz-43x28cm-schwarz-4-einheiten\\\/\",\"url\":\"https:\\\/\\\/www.zaldionline.com\\\/es\\\/producto\\\/therapeutische-unterlage-stoffschutz-43x28cm-schwarz-4-einheiten\\\/\",\"name\":\"THERAPEUTISCHE UNTERLAGE STOFFSCHUTZ 43x28 cm SCHWARZ 4 EINHEITEN - Zaldionline.com\",\"isPartOf\":{\"@id\":\"https:\\\/\\\/www.zaldionline.com\\\/es\\\/#website\"},\"primaryImageOfPage\":{\"@id\":\"https:\\\/\\\/www.zaldionline.com\\\/es\\\/producto\\\/therapeutische-unterlage-stoffschutz-43x28cm-schwarz-4-einheiten\\\/#primaryimage\"},\"image\":{\"@id\":\"https:\\\/\\\/www.zaldionline.com\\\/es\\\/producto\\\/therapeutische-unterlage-stoffschutz-43x28cm-schwarz-4-einheiten\\\/#primaryimage\"},\"thumbnailUrl\":\"https:\\\/\\\/www.zaldionline.com\\\/es\\\/wp-content\\\/uploads\\\/sites\\\/2\\\/2020\\\/11\\\/Bild_2020-12-10_180254.png\",\"datePublished\":\"2020-11-28T18:48:24+00:00\",\"dateModified\":\"2023-04-17T14:08:04+00:00\",\"description\":\"Preis inkl. MwSt.: 32,71\u20ac Set mit 4 gepolsterten und bequemen therapeutischen Stoffsch\u00fctzern. Hergestellt aus strapazierf\u00e4higer Baumwoll- und Mikrofaserf\u00fcllung. Es wird unter Bandagen verwendet. Die Funktion des Stoffschutzes besteht darin, die Extremit\u00e4ten warm zu halten, indem eine optimale Luftzirkulation im Inneren gew\u00e4hrleistet wird. Maximaler Schutz f\u00fcr neue und alte Verletzungen. Einfach zu verwenden. Knicke vermeiden. Von Hand oder maschinell waschbar. Set mit 4 Einheiten Gewicht: 100 Gramm Einheitsgr\u00f6\u00dfe Ma\u00dfe: 43 x 28 cm Farbe: schwarz Erh\u00e4ltlich \u00fcber Zaldionlin.com Ref. 2107746\",\"breadcrumb\":{\"@id\":\"https:\\\/\\\/www.zaldionline.com\\\/es\\\/producto\\\/therapeutische-unterlage-stoffschutz-43x28cm-schwarz-4-einheiten\\\/#breadcrumb\"},\"inLanguage\":\"es\",\"potentialAction\":[{\"@type\":\"ReadAction\",\"target\":[\"https:\\\/\\\/www.zaldionline.com\\\/es\\\/producto\\\/therapeutische-unterlage-stoffschutz-43x28cm-schwarz-4-einheiten\\\/\"]}]},{\"@type\":\"ImageObject\",\"inLanguage\":\"es\",\"@id\":\"https:\\\/\\\/www.zaldionline.com\\\/es\\\/producto\\\/therapeutische-unterlage-stoffschutz-43x28cm-schwarz-4-einheiten\\\/#primaryimage\",\"url\":\"https:\\\/\\\/www.zaldionline.com\\\/es\\\/wp-content\\\/uploads\\\/sites\\\/2\\\/2020\\\/11\\\/Bild_2020-12-10_180254.png\",\"contentUrl\":\"https:\\\/\\\/www.zaldionline.com\\\/es\\\/wp-content\\\/uploads\\\/sites\\\/2\\\/2020\\\/11\\\/Bild_2020-12-10_180254.png\",\"width\":517,\"height\":504},{\"@type\":\"BreadcrumbList\",\"@id\":\"https:\\\/\\\/www.zaldionline.com\\\/es\\\/producto\\\/therapeutische-unterlage-stoffschutz-43x28cm-schwarz-4-einheiten\\\/#breadcrumb\",\"itemListElement\":[{\"@type\":\"ListItem\",\"position\":1,\"name\":\"Portada\",\"item\":\"https:\\\/\\\/www.zaldionline.com\\\/es\\\/\"},{\"@type\":\"ListItem\",\"position\":2,\"name\":\"Sillas y accesorios\",\"item\":\"https:\\\/\\\/www.zaldionline.com\\\/es\\\/sillas-y-accesorios\\\/\"},{\"@type\":\"ListItem\",\"position\":3,\"name\":\"THERAPEUTISCHE UNTERLAGE STOFFSCHUTZ 43&#215;28 cm SCHWARZ 4 EINHEITEN\"}]},{\"@type\":\"WebSite\",\"@id\":\"https:\\\/\\\/www.zaldionline.com\\\/es\\\/#website\",\"url\":\"https:\\\/\\\/www.zaldionline.com\\\/es\\\/\",\"name\":\"Zaldionline.com\",\"description\":\"Los mejores productos para usted y su caballo\",\"potentialAction\":[{\"@type\":\"SearchAction\",\"target\":{\"@type\":\"EntryPoint\",\"urlTemplate\":\"https:\\\/\\\/www.zaldionline.com\\\/es\\\/?s={search_term_string}\"},\"query-input\":{\"@type\":\"PropertyValueSpecification\",\"valueRequired\":true,\"valueName\":\"search_term_string\"}}],\"inLanguage\":\"es\"}]}<\/script>\n<!-- \/ Yoast SEO plugin. -->","yoast_head_json":{"title":"THERAPEUTISCHE UNTERLAGE STOFFSCHUTZ 43x28 cm SCHWARZ 4 EINHEITEN - Zaldionline.com","description":"Preis inkl. MwSt.: 32,71\u20ac Set mit 4 gepolsterten und bequemen therapeutischen Stoffsch\u00fctzern. Hergestellt aus strapazierf\u00e4higer Baumwoll- und Mikrofaserf\u00fcllung. Es wird unter Bandagen verwendet. Die Funktion des Stoffschutzes besteht darin, die Extremit\u00e4ten warm zu halten, indem eine optimale Luftzirkulation im Inneren gew\u00e4hrleistet wird. Maximaler Schutz f\u00fcr neue und alte Verletzungen. Einfach zu verwenden. Knicke vermeiden. Von Hand oder maschinell waschbar. Set mit 4 Einheiten Gewicht: 100 Gramm Einheitsgr\u00f6\u00dfe Ma\u00dfe: 43 x 28 cm Farbe: schwarz Erh\u00e4ltlich \u00fcber Zaldionlin.com Ref. 2107746","robots":{"index":"noindex","follow":"follow","max-snippet":"max-snippet:-1","max-image-preview":"max-image-preview:large","max-video-preview":"max-video-preview:-1"},"og_locale":"es_ES","og_type":"article","og_title":"THERAPEUTISCHE UNTERLAGE STOFFSCHUTZ 43x28 cm SCHWARZ 4 EINHEITEN - Zaldionline.com","og_description":"Preis inkl. MwSt.: 32,71\u20ac Set mit 4 gepolsterten und bequemen therapeutischen Stoffsch\u00fctzern. Hergestellt aus strapazierf\u00e4higer Baumwoll- und Mikrofaserf\u00fcllung. Es wird unter Bandagen verwendet. Die Funktion des Stoffschutzes besteht darin, die Extremit\u00e4ten warm zu halten, indem eine optimale Luftzirkulation im Inneren gew\u00e4hrleistet wird. Maximaler Schutz f\u00fcr neue und alte Verletzungen. Einfach zu verwenden. Knicke vermeiden. Von Hand oder maschinell waschbar. Set mit 4 Einheiten Gewicht: 100 Gramm Einheitsgr\u00f6\u00dfe Ma\u00dfe: 43 x 28 cm Farbe: schwarz Erh\u00e4ltlich \u00fcber Zaldionlin.com Ref. 2107746","og_url":"https:\/\/www.zaldionline.com\/es\/producto\/therapeutische-unterlage-stoffschutz-43x28cm-schwarz-4-einheiten\/","og_site_name":"Zaldionline.com","article_modified_time":"2023-04-17T14:08:04+00:00","og_image":[{"width":517,"height":504,"url":"https:\/\/www.zaldionline.com\/es\/wp-content\/uploads\/sites\/2\/2020\/11\/Bild_2020-12-10_180254.png","type":"image\/png"}],"twitter_card":"summary_large_image","twitter_misc":{"Tiempo de lectura":"1 minuto"},"schema":{"@context":"https:\/\/schema.org","@graph":[{"@type":"WebPage","@id":"https:\/\/www.zaldionline.com\/es\/producto\/therapeutische-unterlage-stoffschutz-43x28cm-schwarz-4-einheiten\/","url":"https:\/\/www.zaldionline.com\/es\/producto\/therapeutische-unterlage-stoffschutz-43x28cm-schwarz-4-einheiten\/","name":"THERAPEUTISCHE UNTERLAGE STOFFSCHUTZ 43x28 cm SCHWARZ 4 EINHEITEN - Zaldionline.com","isPartOf":{"@id":"https:\/\/www.zaldionline.com\/es\/#website"},"primaryImageOfPage":{"@id":"https:\/\/www.zaldionline.com\/es\/producto\/therapeutische-unterlage-stoffschutz-43x28cm-schwarz-4-einheiten\/#primaryimage"},"image":{"@id":"https:\/\/www.zaldionline.com\/es\/producto\/therapeutische-unterlage-stoffschutz-43x28cm-schwarz-4-einheiten\/#primaryimage"},"thumbnailUrl":"https:\/\/www.zaldionline.com\/es\/wp-content\/uploads\/sites\/2\/2020\/11\/Bild_2020-12-10_180254.png","datePublished":"2020-11-28T18:48:24+00:00","dateModified":"2023-04-17T14:08:04+00:00","description":"Preis inkl. MwSt.: 32,71\u20ac Set mit 4 gepolsterten und bequemen therapeutischen Stoffsch\u00fctzern. Hergestellt aus strapazierf\u00e4higer Baumwoll- und Mikrofaserf\u00fcllung. Es wird unter Bandagen verwendet. Die Funktion des Stoffschutzes besteht darin, die Extremit\u00e4ten warm zu halten, indem eine optimale Luftzirkulation im Inneren gew\u00e4hrleistet wird. Maximaler Schutz f\u00fcr neue und alte Verletzungen. Einfach zu verwenden. Knicke vermeiden. Von Hand oder maschinell waschbar. Set mit 4 Einheiten Gewicht: 100 Gramm Einheitsgr\u00f6\u00dfe Ma\u00dfe: 43 x 28 cm Farbe: schwarz Erh\u00e4ltlich \u00fcber Zaldionlin.com Ref. 2107746","breadcrumb":{"@id":"https:\/\/www.zaldionline.com\/es\/producto\/therapeutische-unterlage-stoffschutz-43x28cm-schwarz-4-einheiten\/#breadcrumb"},"inLanguage":"es","potentialAction":[{"@type":"ReadAction","target":["https:\/\/www.zaldionline.com\/es\/producto\/therapeutische-unterlage-stoffschutz-43x28cm-schwarz-4-einheiten\/"]}]},{"@type":"ImageObject","inLanguage":"es","@id":"https:\/\/www.zaldionline.com\/es\/producto\/therapeutische-unterlage-stoffschutz-43x28cm-schwarz-4-einheiten\/#primaryimage","url":"https:\/\/www.zaldionline.com\/es\/wp-content\/uploads\/sites\/2\/2020\/11\/Bild_2020-12-10_180254.png","contentUrl":"https:\/\/www.zaldionline.com\/es\/wp-content\/uploads\/sites\/2\/2020\/11\/Bild_2020-12-10_180254.png","width":517,"height":504},{"@type":"BreadcrumbList","@id":"https:\/\/www.zaldionline.com\/es\/producto\/therapeutische-unterlage-stoffschutz-43x28cm-schwarz-4-einheiten\/#breadcrumb","itemListElement":[{"@type":"ListItem","position":1,"name":"Portada","item":"https:\/\/www.zaldionline.com\/es\/"},{"@type":"ListItem","position":2,"name":"Sillas y accesorios","item":"https:\/\/www.zaldionline.com\/es\/sillas-y-accesorios\/"},{"@type":"ListItem","position":3,"name":"THERAPEUTISCHE UNTERLAGE STOFFSCHUTZ 43&#215;28 cm SCHWARZ 4 EINHEITEN"}]},{"@type":"WebSite","@id":"https:\/\/www.zaldionline.com\/es\/#website","url":"https:\/\/www.zaldionline.com\/es\/","name":"Zaldionline.com","description":"Los mejores productos para usted y su caballo","potentialAction":[{"@type":"SearchAction","target":{"@type":"EntryPoint","urlTemplate":"https:\/\/www.zaldionline.com\/es\/?s={search_term_string}"},"query-input":{"@type":"PropertyValueSpecification","valueRequired":true,"valueName":"search_term_string"}}],"inLanguage":"es"}]}},"_links":{"self":[{"href":"https:\/\/www.zaldionline.com\/es\/wp-json\/wp\/v2\/product\/17124","targetHints":{"allow":["GET"]}}],"collection":[{"href":"https:\/\/www.zaldionline.com\/es\/wp-json\/wp\/v2\/product"}],"about":[{"href":"https:\/\/www.zaldionline.com\/es\/wp-json\/wp\/v2\/types\/product"}],"replies":[{"embeddable":true,"href":"https:\/\/www.zaldionline.com\/es\/wp-json\/wp\/v2\/comments?post=17124"}],"version-history":[{"count":4,"href":"https:\/\/www.zaldionline.com\/es\/wp-json\/wp\/v2\/product\/17124\/revisions"}],"predecessor-version":[{"id":23296,"href":"https:\/\/www.zaldionline.com\/es\/wp-json\/wp\/v2\/product\/17124\/revisions\/23296"}],"wp:featuredmedia":[{"embeddable":true,"href":"https:\/\/www.zaldionline.com\/es\/wp-json\/wp\/v2\/media\/17505"}],"wp:attachment":[{"href":"https:\/\/www.zaldionline.com\/es\/wp-json\/wp\/v2\/media?parent=17124"}],"wp:term":[{"taxonomy":"product_brand","embeddable":true,"href":"https:\/\/www.zaldionline.com\/es\/wp-json\/wp\/v2\/product_brand?post=17124"},{"taxonomy":"product_cat","embeddable":true,"href":"https:\/\/www.zaldionline.com\/es\/wp-json\/wp\/v2\/product_cat?post=17124"},{"taxonomy":"product_tag","embeddable":true,"href":"https:\/\/www.zaldionline.com\/es\/wp-json\/wp\/v2\/product_tag?post=17124"}],"curies":[{"name":"wp","href":"https:\/\/api.w.org\/{rel}","templated":true}]}}