{"id":17178,"date":"2020-11-28T20:00:42","date_gmt":"2020-11-28T20:00:42","guid":{"rendered":"https:\/\/zaldionline.com\/?post_type=product&#038;p=17178"},"modified":"2023-04-17T12:31:26","modified_gmt":"2023-04-17T12:31:26","slug":"weitere-artikel-3","status":"publish","type":"product","link":"https:\/\/www.zaldionline.com\/es\/producto\/weitere-artikel-3\/","title":{"rendered":"WEITERE ARTIKEL"},"content":{"rendered":"<p><span style=\"font-size: 14pt;\">Unsere Firmenphilosophie ist das <em>Wohlbefinden des Pferdes<\/em>, weshalb wir grunds\u00e4tzlich f\u00fcr das Pferd und den Reiter ma\u00dfangefertigte S\u00e4ttel empfehlen.<\/span><\/p>\n<p><span style=\"font-size: 14pt;\">Alle nach Ma\u00df herstellbaren S\u00e4ttel sind einzeln in unserer Webshop aufgef\u00fchrt.<\/span><\/p>\n<p><span style=\"font-size: 14pt;\">Falls einen nicht nach Ma\u00df angefertigten Sattel erwerben m\u00f6chten (die meisten sind jedoch nach der Sitzgr\u00f6\u00dfe w\u00e4hlbar), klicken Sie bitte <a href=\"https:\/\/tienda.zaldi.com\/en\/83-jumping\">HIER<\/a>&nbsp; f\u00fcr die zus\u00e4tzliche Auswahl der unserer Web genannten Artikel und kontaktieren Sie uns mit Ihren W\u00fcnschen per E-Mail: info@zaldionline.com<\/span><\/p>\n<p><span style=\"font-size: 14pt;\">Diese S\u00e4ttel sind vom Umtausch oder der R\u00fcckgabe, au\u00dfer im Falle einer Produktgarantie, ausgeschlossen.<\/span><\/p>\n","protected":false},"excerpt":{"rendered":"<p>Unsere Firmenphilosophie ist das Wohlbefinden des Pferdes, weshalb wir grunds\u00e4tzlich f\u00fcr das Pferd und den Reiter ma\u00dfangefertigte S\u00e4ttel empfehlen. Alle nach Ma\u00df herstellbaren S\u00e4ttel sind einzeln in unserer Webshop aufgef\u00fchrt. Falls einen nicht nach Ma\u00df angefertigten Sattel erwerben m\u00f6chten (die meisten sind jedoch nach der Sitzgr\u00f6\u00dfe w\u00e4hlbar), klicken Sie bitte HIER&nbsp; f\u00fcr die zus\u00e4tzliche Auswahl [&hellip;]<\/p>\n","protected":false},"featured_media":17038,"comment_status":"open","ping_status":"closed","template":"","meta":{"site-sidebar-layout":"default","site-content-layout":"default","ast-site-content-layout":"default","site-content-style":"default","site-sidebar-style":"default","ast-global-header-display":"","ast-banner-title-visibility":"","ast-main-header-display":"","ast-hfb-above-header-display":"","ast-hfb-below-header-display":"","ast-hfb-mobile-header-display":"","site-post-title":"","ast-breadcrumbs-content":"","ast-featured-img":"","footer-sml-layout":"","ast-disable-related-posts":"","theme-transparent-header-meta":"default","adv-header-id-meta":"","stick-header-meta":"","header-above-stick-meta":"","header-main-stick-meta":"","header-below-stick-meta":"","astra-migrate-meta-layouts":"default","ast-page-background-enabled":"default","ast-page-background-meta":{"desktop":{"background-color":"var(--ast-global-color-4)","background-image":"","background-repeat":"repeat","background-position":"center center","background-size":"auto","background-attachment":"scroll","background-type":"","background-media":"","overlay-type":"","overlay-color":"","overlay-opacity":"","overlay-gradient":""},"tablet":{"background-color":"","background-image":"","background-repeat":"repeat","background-position":"center center","background-size":"auto","background-attachment":"scroll","background-type":"","background-media":"","overlay-type":"","overlay-color":"","overlay-opacity":"","overlay-gradient":""},"mobile":{"background-color":"","background-image":"","background-repeat":"repeat","background-position":"center center","background-size":"auto","background-attachment":"scroll","background-type":"","background-media":"","overlay-type":"","overlay-color":"","overlay-opacity":"","overlay-gradient":""}},"ast-content-background-meta":{"desktop":{"background-color":"var(--ast-global-color-5)","background-image":"","background-repeat":"repeat","background-position":"center center","background-size":"auto","background-attachment":"scroll","background-type":"","background-media":"","overlay-type":"","overlay-color":"","overlay-opacity":"","overlay-gradient":""},"tablet":{"background-color":"var(--ast-global-color-5)","background-image":"","background-repeat":"repeat","background-position":"center center","background-size":"auto","background-attachment":"scroll","background-type":"","background-media":"","overlay-type":"","overlay-color":"","overlay-opacity":"","overlay-gradient":""},"mobile":{"background-color":"var(--ast-global-color-5)","background-image":"","background-repeat":"repeat","background-position":"center center","background-size":"auto","background-attachment":"scroll","background-type":"","background-media":"","overlay-type":"","overlay-color":"","overlay-opacity":"","overlay-gradient":""}},"ngg_post_thumbnail":0},"product_brand":[],"product_cat":[17,31],"product_tag":[341,409,340,393,337,338,339],"class_list":{"0":"post-17178","1":"product","2":"type-product","3":"status-publish","4":"has-post-thumbnail","6":"product_cat-sillas","7":"product_cat-uso-general","8":"product_tag-bienestarcaballo","9":"product_tag-custom-sattel","10":"product_tag-susanne-nagel","11":"product_tag-vielseitigkeitssattel","12":"product_tag-zaldi","13":"product_tag-zaldi-deutschland","14":"product_tag-zaldi-online-com","15":"desktop-align-left","16":"tablet-align-left","17":"mobile-align-left","19":"first","20":"instock","21":"taxable","22":"shipping-taxable","23":"product-type-simple"},"yoast_head":"<!-- This site is optimized with the Yoast SEO plugin v27.3 - https:\/\/yoast.com\/product\/yoast-seo-wordpress\/ -->\n<title>WEITERE ARTIKEL - Zaldionline.com<\/title>\n<meta name=\"description\" content=\"Unsere Firmenphilosophie ist das Wohlbefinden des Pferdes, weshalb wir grunds\u00e4tzlich f\u00fcr das Pferd und den Reiter ma\u00dfangefertigte S\u00e4ttel empfehlen. Alle nach Ma\u00df herstellbaren S\u00e4ttel sind einzeln in unserer Webshop aufgef\u00fchrt. Falls Sie einen nicht nach Ma\u00df angefertigten Sattel erwerben m\u00f6chten (die meisten sind jedoch nach der Sitzgr\u00f6\u00dfe w\u00e4hlbar), besuchen Sie uns gerne in unseren Webshop unter Zaldionline.com oder kontaktieren Sie uns mit Ihren Anfragen\/ W\u00fcnschen per E-Mail: info@zaldionline.com\" \/>\n<meta name=\"robots\" content=\"noindex, follow, max-snippet:-1, max-image-preview:large, max-video-preview:-1\" \/>\n<meta property=\"og:locale\" content=\"es_ES\" \/>\n<meta property=\"og:type\" content=\"article\" \/>\n<meta property=\"og:title\" content=\"WEITERE ARTIKEL - Zaldionline.com\" \/>\n<meta property=\"og:description\" content=\"Unsere Firmenphilosophie ist das Wohlbefinden des Pferdes, weshalb wir grunds\u00e4tzlich f\u00fcr das Pferd und den Reiter ma\u00dfangefertigte S\u00e4ttel empfehlen. Alle nach Ma\u00df herstellbaren S\u00e4ttel sind einzeln in unserer Webshop aufgef\u00fchrt. Falls Sie einen nicht nach Ma\u00df angefertigten Sattel erwerben m\u00f6chten (die meisten sind jedoch nach der Sitzgr\u00f6\u00dfe w\u00e4hlbar), besuchen Sie uns gerne in unseren Webshop unter Zaldionline.com oder kontaktieren Sie uns mit Ihren Anfragen\/ W\u00fcnschen per E-Mail: info@zaldionline.com\" \/>\n<meta property=\"og:url\" content=\"https:\/\/www.zaldionline.com\/es\/producto\/weitere-artikel-3\/\" \/>\n<meta property=\"og:site_name\" content=\"Zaldionline.com\" \/>\n<meta property=\"article:modified_time\" content=\"2023-04-17T12:31:26+00:00\" \/>\n<meta property=\"og:image\" content=\"https:\/\/www.zaldionline.com\/es\/wp-content\/uploads\/sites\/2\/2020\/11\/WEITERE-ARTIKEL.jpg\" \/>\n\t<meta property=\"og:image:width\" content=\"916\" \/>\n\t<meta property=\"og:image:height\" content=\"751\" \/>\n\t<meta property=\"og:image:type\" content=\"image\/jpeg\" \/>\n<meta name=\"twitter:card\" content=\"summary_large_image\" \/>\n<meta name=\"twitter:label1\" content=\"Tiempo de lectura\" \/>\n\t<meta name=\"twitter:data1\" content=\"1 minuto\" \/>\n<script type=\"application\/ld+json\" class=\"yoast-schema-graph\">{\"@context\":\"https:\\\/\\\/schema.org\",\"@graph\":[{\"@type\":\"WebPage\",\"@id\":\"https:\\\/\\\/www.zaldionline.com\\\/es\\\/producto\\\/weitere-artikel-3\\\/\",\"url\":\"https:\\\/\\\/www.zaldionline.com\\\/es\\\/producto\\\/weitere-artikel-3\\\/\",\"name\":\"WEITERE ARTIKEL - Zaldionline.com\",\"isPartOf\":{\"@id\":\"https:\\\/\\\/www.zaldionline.com\\\/es\\\/#website\"},\"primaryImageOfPage\":{\"@id\":\"https:\\\/\\\/www.zaldionline.com\\\/es\\\/producto\\\/weitere-artikel-3\\\/#primaryimage\"},\"image\":{\"@id\":\"https:\\\/\\\/www.zaldionline.com\\\/es\\\/producto\\\/weitere-artikel-3\\\/#primaryimage\"},\"thumbnailUrl\":\"https:\\\/\\\/www.zaldionline.com\\\/es\\\/wp-content\\\/uploads\\\/sites\\\/2\\\/2020\\\/11\\\/WEITERE-ARTIKEL.jpg\",\"datePublished\":\"2020-11-28T20:00:42+00:00\",\"dateModified\":\"2023-04-17T12:31:26+00:00\",\"description\":\"Unsere Firmenphilosophie ist das Wohlbefinden des Pferdes, weshalb wir grunds\u00e4tzlich f\u00fcr das Pferd und den Reiter ma\u00dfangefertigte S\u00e4ttel empfehlen. Alle nach Ma\u00df herstellbaren S\u00e4ttel sind einzeln in unserer Webshop aufgef\u00fchrt. Falls Sie einen nicht nach Ma\u00df angefertigten Sattel erwerben m\u00f6chten (die meisten sind jedoch nach der Sitzgr\u00f6\u00dfe w\u00e4hlbar), besuchen Sie uns gerne in unseren Webshop unter Zaldionline.com oder kontaktieren Sie uns mit Ihren Anfragen\\\/ W\u00fcnschen per E-Mail: info@zaldionline.com\",\"breadcrumb\":{\"@id\":\"https:\\\/\\\/www.zaldionline.com\\\/es\\\/producto\\\/weitere-artikel-3\\\/#breadcrumb\"},\"inLanguage\":\"es\",\"potentialAction\":[{\"@type\":\"ReadAction\",\"target\":[\"https:\\\/\\\/www.zaldionline.com\\\/es\\\/producto\\\/weitere-artikel-3\\\/\"]}]},{\"@type\":\"ImageObject\",\"inLanguage\":\"es\",\"@id\":\"https:\\\/\\\/www.zaldionline.com\\\/es\\\/producto\\\/weitere-artikel-3\\\/#primaryimage\",\"url\":\"https:\\\/\\\/www.zaldionline.com\\\/es\\\/wp-content\\\/uploads\\\/sites\\\/2\\\/2020\\\/11\\\/WEITERE-ARTIKEL.jpg\",\"contentUrl\":\"https:\\\/\\\/www.zaldionline.com\\\/es\\\/wp-content\\\/uploads\\\/sites\\\/2\\\/2020\\\/11\\\/WEITERE-ARTIKEL.jpg\",\"width\":916,\"height\":751},{\"@type\":\"BreadcrumbList\",\"@id\":\"https:\\\/\\\/www.zaldionline.com\\\/es\\\/producto\\\/weitere-artikel-3\\\/#breadcrumb\",\"itemListElement\":[{\"@type\":\"ListItem\",\"position\":1,\"name\":\"Portada\",\"item\":\"https:\\\/\\\/www.zaldionline.com\\\/es\\\/\"},{\"@type\":\"ListItem\",\"position\":2,\"name\":\"Sillas y accesorios\",\"item\":\"https:\\\/\\\/www.zaldionline.com\\\/es\\\/sillas-y-accesorios\\\/\"},{\"@type\":\"ListItem\",\"position\":3,\"name\":\"WEITERE ARTIKEL\"}]},{\"@type\":\"WebSite\",\"@id\":\"https:\\\/\\\/www.zaldionline.com\\\/es\\\/#website\",\"url\":\"https:\\\/\\\/www.zaldionline.com\\\/es\\\/\",\"name\":\"Zaldionline.com\",\"description\":\"Los mejores productos para usted y su caballo\",\"potentialAction\":[{\"@type\":\"SearchAction\",\"target\":{\"@type\":\"EntryPoint\",\"urlTemplate\":\"https:\\\/\\\/www.zaldionline.com\\\/es\\\/?s={search_term_string}\"},\"query-input\":{\"@type\":\"PropertyValueSpecification\",\"valueRequired\":true,\"valueName\":\"search_term_string\"}}],\"inLanguage\":\"es\"}]}<\/script>\n<!-- \/ Yoast SEO plugin. -->","yoast_head_json":{"title":"WEITERE ARTIKEL - Zaldionline.com","description":"Unsere Firmenphilosophie ist das Wohlbefinden des Pferdes, weshalb wir grunds\u00e4tzlich f\u00fcr das Pferd und den Reiter ma\u00dfangefertigte S\u00e4ttel empfehlen. Alle nach Ma\u00df herstellbaren S\u00e4ttel sind einzeln in unserer Webshop aufgef\u00fchrt. Falls Sie einen nicht nach Ma\u00df angefertigten Sattel erwerben m\u00f6chten (die meisten sind jedoch nach der Sitzgr\u00f6\u00dfe w\u00e4hlbar), besuchen Sie uns gerne in unseren Webshop unter Zaldionline.com oder kontaktieren Sie uns mit Ihren Anfragen\/ W\u00fcnschen per E-Mail: info@zaldionline.com","robots":{"index":"noindex","follow":"follow","max-snippet":"max-snippet:-1","max-image-preview":"max-image-preview:large","max-video-preview":"max-video-preview:-1"},"og_locale":"es_ES","og_type":"article","og_title":"WEITERE ARTIKEL - Zaldionline.com","og_description":"Unsere Firmenphilosophie ist das Wohlbefinden des Pferdes, weshalb wir grunds\u00e4tzlich f\u00fcr das Pferd und den Reiter ma\u00dfangefertigte S\u00e4ttel empfehlen. Alle nach Ma\u00df herstellbaren S\u00e4ttel sind einzeln in unserer Webshop aufgef\u00fchrt. Falls Sie einen nicht nach Ma\u00df angefertigten Sattel erwerben m\u00f6chten (die meisten sind jedoch nach der Sitzgr\u00f6\u00dfe w\u00e4hlbar), besuchen Sie uns gerne in unseren Webshop unter Zaldionline.com oder kontaktieren Sie uns mit Ihren Anfragen\/ W\u00fcnschen per E-Mail: info@zaldionline.com","og_url":"https:\/\/www.zaldionline.com\/es\/producto\/weitere-artikel-3\/","og_site_name":"Zaldionline.com","article_modified_time":"2023-04-17T12:31:26+00:00","og_image":[{"width":916,"height":751,"url":"https:\/\/www.zaldionline.com\/es\/wp-content\/uploads\/sites\/2\/2020\/11\/WEITERE-ARTIKEL.jpg","type":"image\/jpeg"}],"twitter_card":"summary_large_image","twitter_misc":{"Tiempo de lectura":"1 minuto"},"schema":{"@context":"https:\/\/schema.org","@graph":[{"@type":"WebPage","@id":"https:\/\/www.zaldionline.com\/es\/producto\/weitere-artikel-3\/","url":"https:\/\/www.zaldionline.com\/es\/producto\/weitere-artikel-3\/","name":"WEITERE ARTIKEL - Zaldionline.com","isPartOf":{"@id":"https:\/\/www.zaldionline.com\/es\/#website"},"primaryImageOfPage":{"@id":"https:\/\/www.zaldionline.com\/es\/producto\/weitere-artikel-3\/#primaryimage"},"image":{"@id":"https:\/\/www.zaldionline.com\/es\/producto\/weitere-artikel-3\/#primaryimage"},"thumbnailUrl":"https:\/\/www.zaldionline.com\/es\/wp-content\/uploads\/sites\/2\/2020\/11\/WEITERE-ARTIKEL.jpg","datePublished":"2020-11-28T20:00:42+00:00","dateModified":"2023-04-17T12:31:26+00:00","description":"Unsere Firmenphilosophie ist das Wohlbefinden des Pferdes, weshalb wir grunds\u00e4tzlich f\u00fcr das Pferd und den Reiter ma\u00dfangefertigte S\u00e4ttel empfehlen. Alle nach Ma\u00df herstellbaren S\u00e4ttel sind einzeln in unserer Webshop aufgef\u00fchrt. Falls Sie einen nicht nach Ma\u00df angefertigten Sattel erwerben m\u00f6chten (die meisten sind jedoch nach der Sitzgr\u00f6\u00dfe w\u00e4hlbar), besuchen Sie uns gerne in unseren Webshop unter Zaldionline.com oder kontaktieren Sie uns mit Ihren Anfragen\/ W\u00fcnschen per E-Mail: info@zaldionline.com","breadcrumb":{"@id":"https:\/\/www.zaldionline.com\/es\/producto\/weitere-artikel-3\/#breadcrumb"},"inLanguage":"es","potentialAction":[{"@type":"ReadAction","target":["https:\/\/www.zaldionline.com\/es\/producto\/weitere-artikel-3\/"]}]},{"@type":"ImageObject","inLanguage":"es","@id":"https:\/\/www.zaldionline.com\/es\/producto\/weitere-artikel-3\/#primaryimage","url":"https:\/\/www.zaldionline.com\/es\/wp-content\/uploads\/sites\/2\/2020\/11\/WEITERE-ARTIKEL.jpg","contentUrl":"https:\/\/www.zaldionline.com\/es\/wp-content\/uploads\/sites\/2\/2020\/11\/WEITERE-ARTIKEL.jpg","width":916,"height":751},{"@type":"BreadcrumbList","@id":"https:\/\/www.zaldionline.com\/es\/producto\/weitere-artikel-3\/#breadcrumb","itemListElement":[{"@type":"ListItem","position":1,"name":"Portada","item":"https:\/\/www.zaldionline.com\/es\/"},{"@type":"ListItem","position":2,"name":"Sillas y accesorios","item":"https:\/\/www.zaldionline.com\/es\/sillas-y-accesorios\/"},{"@type":"ListItem","position":3,"name":"WEITERE ARTIKEL"}]},{"@type":"WebSite","@id":"https:\/\/www.zaldionline.com\/es\/#website","url":"https:\/\/www.zaldionline.com\/es\/","name":"Zaldionline.com","description":"Los mejores productos para usted y su caballo","potentialAction":[{"@type":"SearchAction","target":{"@type":"EntryPoint","urlTemplate":"https:\/\/www.zaldionline.com\/es\/?s={search_term_string}"},"query-input":{"@type":"PropertyValueSpecification","valueRequired":true,"valueName":"search_term_string"}}],"inLanguage":"es"}]}},"_links":{"self":[{"href":"https:\/\/www.zaldionline.com\/es\/wp-json\/wp\/v2\/product\/17178","targetHints":{"allow":["GET"]}}],"collection":[{"href":"https:\/\/www.zaldionline.com\/es\/wp-json\/wp\/v2\/product"}],"about":[{"href":"https:\/\/www.zaldionline.com\/es\/wp-json\/wp\/v2\/types\/product"}],"replies":[{"embeddable":true,"href":"https:\/\/www.zaldionline.com\/es\/wp-json\/wp\/v2\/comments?post=17178"}],"version-history":[{"count":2,"href":"https:\/\/www.zaldionline.com\/es\/wp-json\/wp\/v2\/product\/17178\/revisions"}],"predecessor-version":[{"id":23251,"href":"https:\/\/www.zaldionline.com\/es\/wp-json\/wp\/v2\/product\/17178\/revisions\/23251"}],"wp:featuredmedia":[{"embeddable":true,"href":"https:\/\/www.zaldionline.com\/es\/wp-json\/wp\/v2\/media\/17038"}],"wp:attachment":[{"href":"https:\/\/www.zaldionline.com\/es\/wp-json\/wp\/v2\/media?parent=17178"}],"wp:term":[{"taxonomy":"product_brand","embeddable":true,"href":"https:\/\/www.zaldionline.com\/es\/wp-json\/wp\/v2\/product_brand?post=17178"},{"taxonomy":"product_cat","embeddable":true,"href":"https:\/\/www.zaldionline.com\/es\/wp-json\/wp\/v2\/product_cat?post=17178"},{"taxonomy":"product_tag","embeddable":true,"href":"https:\/\/www.zaldionline.com\/es\/wp-json\/wp\/v2\/product_tag?post=17178"}],"curies":[{"name":"wp","href":"https:\/\/api.w.org\/{rel}","templated":true}]}}