{"id":17518,"date":"2020-12-18T09:31:00","date_gmt":"2020-12-18T09:31:00","guid":{"rendered":"https:\/\/zaldionline.com\/?post_type=product&#038;p=17518"},"modified":"2020-12-19T16:08:38","modified_gmt":"2020-12-19T16:08:38","slug":"lass-dir-deinen-sattel-zu-weihnachten-schenken","status":"publish","type":"product","link":"https:\/\/www.zaldionline.com\/es\/producto\/lass-dir-deinen-sattel-zu-weihnachten-schenken\/","title":{"rendered":"LASS DIR DEINEN SATTEL ZU WEIHNACHTEN SCHENKEN!"},"content":{"rendered":"<p><strong>Lass Dir Deinen Traumsattel doch einfach zu Weihnachten schenken!!<\/strong><\/p>\n<p><strong>Du w\u00fcnschst Dir einen Ma\u00dfsattel, kannst Dir diesen Wunsch aber im Moment nicht erf\u00fcllen?<\/strong><\/p>\n<p><strong>Wir k\u00f6nnen Dir helfen!<\/strong><\/p>\n<p>Nicht jeder hat die M\u00f6glichkeit sich einen Ma\u00dfattel selbst zu kaufen, doch wissen wir, wie wichtig es ist einen passenden Sattel f\u00fcr unser Pferd zu benutzen, um langfristige Sch\u00e4den zu vermeiden.<\/p>\n<p>Deshalb m\u00f6chten wir von <em>BIENESTACABALLO<\/em> Dir helfen Deinen Traum zu verwirklichen und Deinem Pferd etwas Gutes tun. Daf\u00fcr haben wir zwei M\u00f6glichkeiten:<\/p>\n<ol>\n<li>Zahlung unserer Artikel auf Raten:<\/li>\n<\/ol>\n<p>Bezahle den Gesamtbetrag deines neuen Sattels und\/oder Zubeh\u00f6r bequem in 12 Monatsraten ab (Betr\u00e4ge von 99,00 \u20ac bis 5.000,00 \u20ac m\u00f6glich) . <a href=\"https:\/\/www.paypal.com\/de\/webapps\/mpp\/paypal-instalments\">HIER<\/a> mehr Infos \u00fcber die Paypal Ratenzahlung.<\/p>\n<ol start=\"2\">\n<li>Lass Dir doch einfach Deinen Ma\u00dfsattel (und\/oder Zubeh\u00f6r) von Deiner Familie oder Freunden schenken! \u00dcber ein PayPal Sammelkonto.<\/li>\n<\/ol>\n<p>Hier einige M\u00f6glichkeiten, wie Deine Freunde und Familie Geld f\u00fcr Deinen Traumsattel von \u00a0<a href=\"http:\/\/www.zaldionline.com\">www.zaldionline.com<\/a> sammeln k\u00f6nnten<\/p>\n<ul>\n<li><a href=\"https:\/\/www.paypal.com\/de\/webapps\/mpp\/money-pools\">HIER IST DER LINK WIE MAN EIN SAMMELKONTO \u00dcBER PAYPAL ER\u00d6FFNET<\/a><\/li>\n<li>Wenn Du es bevorzugst, k\u00f6nnen wir das Sammelkonto f\u00fcr Dich einrichten. Das Geld bleibt dann bei PayPal, bis Du entscheidest, den Betrag f\u00fcr die Zahlung\/ Anzahlung des Sattels einzusetzen.<\/li>\n<li>Auch k\u00f6nnen wir Zahlungen per \u00dcberweisung annehmen und zus\u00e4tzlich zu Deinem Sammelkonto auf unserem Firmenkonto in Deinem Namen aufbewahren.<\/li>\n<li>Eine Bareinzahlung bei der Post ist ebenfalls m\u00f6glich durch <a href=\"https:\/\/www.postbank.de\/privatkunden\/western-union-in-der-filiale.html#:~:text=Die%20Barauszahlung%20ist%20an%20500.000,der%20Versand%20von%20Bargeld%20m%C3%B6glich.&amp;text=Geldtransfers%20k%C3%B6nnen%20Sie%20in%20jeder,Filialen%20der%20Deutschen%20Post%20anweisen.\">Western Union<\/a><\/li>\n<\/ul>\n<p>&nbsp;<\/p>\n<p>F\u00fcr mehr Information, kontaktiere uns unter <a href=\"info@zaldionline.com\">info@zaldionline.com,<\/a> per Telefon oder WhatsApp: 0178-2138739<\/p>\n<p>Wir haben auch einen Beispielbrief entworfen, den Du per E-Mail, WhatsApp, Messenger, Facebook etc. Deinen Freunde oder Familie schicken kannst. Frage uns einfach!<\/p>\n","protected":false},"excerpt":{"rendered":"<p>Lass Dir Deinen Traumsattel doch einfach zu Weihnachten schenken!! Du w\u00fcnschst Dir einen Ma\u00dfsattel, kannst Dir diesen Wunsch aber im Moment nicht erf\u00fcllen? Wir k\u00f6nnen Dir helfen! Nicht jeder hat die M\u00f6glichkeit sich einen Ma\u00dfattel selbst zu kaufen, doch wissen wir, wie wichtig es ist einen passenden Sattel f\u00fcr unser Pferd zu benutzen, um langfristige [&hellip;]<\/p>\n","protected":false},"featured_media":17519,"comment_status":"open","ping_status":"closed","template":"","meta":{"site-sidebar-layout":"default","site-content-layout":"","ast-site-content-layout":"default","site-content-style":"default","site-sidebar-style":"default","ast-global-header-display":"","ast-banner-title-visibility":"","ast-main-header-display":"","ast-hfb-above-header-display":"","ast-hfb-below-header-display":"","ast-hfb-mobile-header-display":"","site-post-title":"","ast-breadcrumbs-content":"","ast-featured-img":"","footer-sml-layout":"","ast-disable-related-posts":"","theme-transparent-header-meta":"","adv-header-id-meta":"","stick-header-meta":"","header-above-stick-meta":"","header-main-stick-meta":"","header-below-stick-meta":"","astra-migrate-meta-layouts":"default","ast-page-background-enabled":"default","ast-page-background-meta":{"desktop":{"background-color":"var(--ast-global-color-4)","background-image":"","background-repeat":"repeat","background-position":"center center","background-size":"auto","background-attachment":"scroll","background-type":"","background-media":"","overlay-type":"","overlay-color":"","overlay-opacity":"","overlay-gradient":""},"tablet":{"background-color":"","background-image":"","background-repeat":"repeat","background-position":"center center","background-size":"auto","background-attachment":"scroll","background-type":"","background-media":"","overlay-type":"","overlay-color":"","overlay-opacity":"","overlay-gradient":""},"mobile":{"background-color":"","background-image":"","background-repeat":"repeat","background-position":"center center","background-size":"auto","background-attachment":"scroll","background-type":"","background-media":"","overlay-type":"","overlay-color":"","overlay-opacity":"","overlay-gradient":""}},"ast-content-background-meta":{"desktop":{"background-color":"var(--ast-global-color-5)","background-image":"","background-repeat":"repeat","background-position":"center center","background-size":"auto","background-attachment":"scroll","background-type":"","background-media":"","overlay-type":"","overlay-color":"","overlay-opacity":"","overlay-gradient":""},"tablet":{"background-color":"var(--ast-global-color-5)","background-image":"","background-repeat":"repeat","background-position":"center center","background-size":"auto","background-attachment":"scroll","background-type":"","background-media":"","overlay-type":"","overlay-color":"","overlay-opacity":"","overlay-gradient":""},"mobile":{"background-color":"var(--ast-global-color-5)","background-image":"","background-repeat":"repeat","background-position":"center center","background-size":"auto","background-attachment":"scroll","background-type":"","background-media":"","overlay-type":"","overlay-color":"","overlay-opacity":"","overlay-gradient":""}},"ngg_post_thumbnail":0},"product_brand":[],"product_cat":[277],"product_tag":[],"class_list":{"0":"post-17518","1":"product","2":"type-product","3":"status-publish","4":"has-post-thumbnail","6":"product_cat-neuigkeiten","7":"desktop-align-left","8":"tablet-align-left","9":"mobile-align-left","11":"first","12":"instock","13":"taxable","14":"shipping-taxable","15":"purchasable","16":"product-type-simple"},"yoast_head":"<!-- This site is optimized with the Yoast SEO plugin v27.5 - https:\/\/yoast.com\/product\/yoast-seo-wordpress\/ -->\n<title>LASS DIR DEINEN SATTEL ZU WEIHNACHTEN SCHENKEN! - Zaldionline.com<\/title>\n<meta name=\"robots\" content=\"noindex, follow, max-snippet:-1, max-image-preview:large, max-video-preview:-1\" \/>\n<meta property=\"og:locale\" content=\"es_ES\" \/>\n<meta property=\"og:type\" content=\"article\" \/>\n<meta property=\"og:title\" content=\"LASS DIR DEINEN SATTEL ZU WEIHNACHTEN SCHENKEN! - Zaldionline.com\" \/>\n<meta property=\"og:description\" content=\"Lass Dir Deinen Traumsattel doch einfach zu Weihnachten schenken!! Du w\u00fcnschst Dir einen Ma\u00dfsattel, kannst Dir diesen Wunsch aber im Moment nicht erf\u00fcllen? Wir k\u00f6nnen Dir helfen! Nicht jeder hat die M\u00f6glichkeit sich einen Ma\u00dfattel selbst zu kaufen, doch wissen wir, wie wichtig es ist einen passenden Sattel f\u00fcr unser Pferd zu benutzen, um langfristige [&hellip;]\" \/>\n<meta property=\"og:url\" content=\"https:\/\/www.zaldionline.com\/es\/producto\/lass-dir-deinen-sattel-zu-weihnachten-schenken\/\" \/>\n<meta property=\"og:site_name\" content=\"Zaldionline.com\" \/>\n<meta property=\"article:modified_time\" content=\"2020-12-19T16:08:38+00:00\" \/>\n<meta property=\"og:image\" content=\"https:\/\/www.zaldionline.com\/es\/wp-content\/uploads\/sites\/2\/2020\/12\/FB-Post.jpg\" \/>\n\t<meta property=\"og:image:width\" content=\"702\" \/>\n\t<meta property=\"og:image:height\" content=\"704\" \/>\n\t<meta property=\"og:image:type\" content=\"image\/jpeg\" \/>\n<meta name=\"twitter:card\" content=\"summary_large_image\" \/>\n<meta name=\"twitter:label1\" content=\"Tiempo de lectura\" \/>\n\t<meta name=\"twitter:data1\" content=\"1 minuto\" \/>\n<script type=\"application\/ld+json\" class=\"yoast-schema-graph\">{\"@context\":\"https:\\\/\\\/schema.org\",\"@graph\":[{\"@type\":\"WebPage\",\"@id\":\"https:\\\/\\\/www.zaldionline.com\\\/es\\\/producto\\\/lass-dir-deinen-sattel-zu-weihnachten-schenken\\\/\",\"url\":\"https:\\\/\\\/www.zaldionline.com\\\/es\\\/producto\\\/lass-dir-deinen-sattel-zu-weihnachten-schenken\\\/\",\"name\":\"LASS DIR DEINEN SATTEL ZU WEIHNACHTEN SCHENKEN! - Zaldionline.com\",\"isPartOf\":{\"@id\":\"https:\\\/\\\/www.zaldionline.com\\\/es\\\/#website\"},\"primaryImageOfPage\":{\"@id\":\"https:\\\/\\\/www.zaldionline.com\\\/es\\\/producto\\\/lass-dir-deinen-sattel-zu-weihnachten-schenken\\\/#primaryimage\"},\"image\":{\"@id\":\"https:\\\/\\\/www.zaldionline.com\\\/es\\\/producto\\\/lass-dir-deinen-sattel-zu-weihnachten-schenken\\\/#primaryimage\"},\"thumbnailUrl\":\"https:\\\/\\\/www.zaldionline.com\\\/es\\\/wp-content\\\/uploads\\\/sites\\\/2\\\/2020\\\/12\\\/FB-Post.jpg\",\"datePublished\":\"2020-12-18T09:31:00+00:00\",\"dateModified\":\"2020-12-19T16:08:38+00:00\",\"breadcrumb\":{\"@id\":\"https:\\\/\\\/www.zaldionline.com\\\/es\\\/producto\\\/lass-dir-deinen-sattel-zu-weihnachten-schenken\\\/#breadcrumb\"},\"inLanguage\":\"es\",\"potentialAction\":[{\"@type\":\"ReadAction\",\"target\":[\"https:\\\/\\\/www.zaldionline.com\\\/es\\\/producto\\\/lass-dir-deinen-sattel-zu-weihnachten-schenken\\\/\"]}]},{\"@type\":\"ImageObject\",\"inLanguage\":\"es\",\"@id\":\"https:\\\/\\\/www.zaldionline.com\\\/es\\\/producto\\\/lass-dir-deinen-sattel-zu-weihnachten-schenken\\\/#primaryimage\",\"url\":\"https:\\\/\\\/www.zaldionline.com\\\/es\\\/wp-content\\\/uploads\\\/sites\\\/2\\\/2020\\\/12\\\/FB-Post.jpg\",\"contentUrl\":\"https:\\\/\\\/www.zaldionline.com\\\/es\\\/wp-content\\\/uploads\\\/sites\\\/2\\\/2020\\\/12\\\/FB-Post.jpg\",\"width\":702,\"height\":704},{\"@type\":\"BreadcrumbList\",\"@id\":\"https:\\\/\\\/www.zaldionline.com\\\/es\\\/producto\\\/lass-dir-deinen-sattel-zu-weihnachten-schenken\\\/#breadcrumb\",\"itemListElement\":[{\"@type\":\"ListItem\",\"position\":1,\"name\":\"Portada\",\"item\":\"https:\\\/\\\/www.zaldionline.com\\\/es\\\/\"},{\"@type\":\"ListItem\",\"position\":2,\"name\":\"Sillas y accesorios\",\"item\":\"https:\\\/\\\/www.zaldionline.com\\\/es\\\/sillas-y-accesorios\\\/\"},{\"@type\":\"ListItem\",\"position\":3,\"name\":\"LASS DIR DEINEN SATTEL ZU WEIHNACHTEN SCHENKEN!\"}]},{\"@type\":\"WebSite\",\"@id\":\"https:\\\/\\\/www.zaldionline.com\\\/es\\\/#website\",\"url\":\"https:\\\/\\\/www.zaldionline.com\\\/es\\\/\",\"name\":\"Zaldionline.com\",\"description\":\"Los mejores productos para usted y su caballo\",\"potentialAction\":[{\"@type\":\"SearchAction\",\"target\":{\"@type\":\"EntryPoint\",\"urlTemplate\":\"https:\\\/\\\/www.zaldionline.com\\\/es\\\/?s={search_term_string}\"},\"query-input\":{\"@type\":\"PropertyValueSpecification\",\"valueRequired\":true,\"valueName\":\"search_term_string\"}}],\"inLanguage\":\"es\"}]}<\/script>\n<!-- \/ Yoast SEO plugin. -->","yoast_head_json":{"title":"LASS DIR DEINEN SATTEL ZU WEIHNACHTEN SCHENKEN! - Zaldionline.com","robots":{"index":"noindex","follow":"follow","max-snippet":"max-snippet:-1","max-image-preview":"max-image-preview:large","max-video-preview":"max-video-preview:-1"},"og_locale":"es_ES","og_type":"article","og_title":"LASS DIR DEINEN SATTEL ZU WEIHNACHTEN SCHENKEN! - Zaldionline.com","og_description":"Lass Dir Deinen Traumsattel doch einfach zu Weihnachten schenken!! Du w\u00fcnschst Dir einen Ma\u00dfsattel, kannst Dir diesen Wunsch aber im Moment nicht erf\u00fcllen? Wir k\u00f6nnen Dir helfen! Nicht jeder hat die M\u00f6glichkeit sich einen Ma\u00dfattel selbst zu kaufen, doch wissen wir, wie wichtig es ist einen passenden Sattel f\u00fcr unser Pferd zu benutzen, um langfristige [&hellip;]","og_url":"https:\/\/www.zaldionline.com\/es\/producto\/lass-dir-deinen-sattel-zu-weihnachten-schenken\/","og_site_name":"Zaldionline.com","article_modified_time":"2020-12-19T16:08:38+00:00","og_image":[{"width":702,"height":704,"url":"https:\/\/www.zaldionline.com\/es\/wp-content\/uploads\/sites\/2\/2020\/12\/FB-Post.jpg","type":"image\/jpeg"}],"twitter_card":"summary_large_image","twitter_misc":{"Tiempo de lectura":"1 minuto"},"schema":{"@context":"https:\/\/schema.org","@graph":[{"@type":"WebPage","@id":"https:\/\/www.zaldionline.com\/es\/producto\/lass-dir-deinen-sattel-zu-weihnachten-schenken\/","url":"https:\/\/www.zaldionline.com\/es\/producto\/lass-dir-deinen-sattel-zu-weihnachten-schenken\/","name":"LASS DIR DEINEN SATTEL ZU WEIHNACHTEN SCHENKEN! - Zaldionline.com","isPartOf":{"@id":"https:\/\/www.zaldionline.com\/es\/#website"},"primaryImageOfPage":{"@id":"https:\/\/www.zaldionline.com\/es\/producto\/lass-dir-deinen-sattel-zu-weihnachten-schenken\/#primaryimage"},"image":{"@id":"https:\/\/www.zaldionline.com\/es\/producto\/lass-dir-deinen-sattel-zu-weihnachten-schenken\/#primaryimage"},"thumbnailUrl":"https:\/\/www.zaldionline.com\/es\/wp-content\/uploads\/sites\/2\/2020\/12\/FB-Post.jpg","datePublished":"2020-12-18T09:31:00+00:00","dateModified":"2020-12-19T16:08:38+00:00","breadcrumb":{"@id":"https:\/\/www.zaldionline.com\/es\/producto\/lass-dir-deinen-sattel-zu-weihnachten-schenken\/#breadcrumb"},"inLanguage":"es","potentialAction":[{"@type":"ReadAction","target":["https:\/\/www.zaldionline.com\/es\/producto\/lass-dir-deinen-sattel-zu-weihnachten-schenken\/"]}]},{"@type":"ImageObject","inLanguage":"es","@id":"https:\/\/www.zaldionline.com\/es\/producto\/lass-dir-deinen-sattel-zu-weihnachten-schenken\/#primaryimage","url":"https:\/\/www.zaldionline.com\/es\/wp-content\/uploads\/sites\/2\/2020\/12\/FB-Post.jpg","contentUrl":"https:\/\/www.zaldionline.com\/es\/wp-content\/uploads\/sites\/2\/2020\/12\/FB-Post.jpg","width":702,"height":704},{"@type":"BreadcrumbList","@id":"https:\/\/www.zaldionline.com\/es\/producto\/lass-dir-deinen-sattel-zu-weihnachten-schenken\/#breadcrumb","itemListElement":[{"@type":"ListItem","position":1,"name":"Portada","item":"https:\/\/www.zaldionline.com\/es\/"},{"@type":"ListItem","position":2,"name":"Sillas y accesorios","item":"https:\/\/www.zaldionline.com\/es\/sillas-y-accesorios\/"},{"@type":"ListItem","position":3,"name":"LASS DIR DEINEN SATTEL ZU WEIHNACHTEN SCHENKEN!"}]},{"@type":"WebSite","@id":"https:\/\/www.zaldionline.com\/es\/#website","url":"https:\/\/www.zaldionline.com\/es\/","name":"Zaldionline.com","description":"Los mejores productos para usted y su caballo","potentialAction":[{"@type":"SearchAction","target":{"@type":"EntryPoint","urlTemplate":"https:\/\/www.zaldionline.com\/es\/?s={search_term_string}"},"query-input":{"@type":"PropertyValueSpecification","valueRequired":true,"valueName":"search_term_string"}}],"inLanguage":"es"}]}},"_links":{"self":[{"href":"https:\/\/www.zaldionline.com\/es\/wp-json\/wp\/v2\/product\/17518","targetHints":{"allow":["GET"]}}],"collection":[{"href":"https:\/\/www.zaldionline.com\/es\/wp-json\/wp\/v2\/product"}],"about":[{"href":"https:\/\/www.zaldionline.com\/es\/wp-json\/wp\/v2\/types\/product"}],"replies":[{"embeddable":true,"href":"https:\/\/www.zaldionline.com\/es\/wp-json\/wp\/v2\/comments?post=17518"}],"version-history":[{"count":0,"href":"https:\/\/www.zaldionline.com\/es\/wp-json\/wp\/v2\/product\/17518\/revisions"}],"wp:featuredmedia":[{"embeddable":true,"href":"https:\/\/www.zaldionline.com\/es\/wp-json\/wp\/v2\/media\/17519"}],"wp:attachment":[{"href":"https:\/\/www.zaldionline.com\/es\/wp-json\/wp\/v2\/media?parent=17518"}],"wp:term":[{"taxonomy":"product_brand","embeddable":true,"href":"https:\/\/www.zaldionline.com\/es\/wp-json\/wp\/v2\/product_brand?post=17518"},{"taxonomy":"product_cat","embeddable":true,"href":"https:\/\/www.zaldionline.com\/es\/wp-json\/wp\/v2\/product_cat?post=17518"},{"taxonomy":"product_tag","embeddable":true,"href":"https:\/\/www.zaldionline.com\/es\/wp-json\/wp\/v2\/product_tag?post=17518"}],"curies":[{"name":"wp","href":"https:\/\/api.w.org\/{rel}","templated":true}]}}