{"id":17556,"date":"2020-12-29T16:02:48","date_gmt":"2020-12-29T16:02:48","guid":{"rendered":"https:\/\/zaldionline.com\/?post_type=product&#038;p=17556"},"modified":"2025-02-12T12:22:12","modified_gmt":"2025-02-12T12:22:12","slug":"ledergurt-jessica-anatomisch-geformt","status":"publish","type":"product","link":"https:\/\/www.zaldionline.com\/es\/producto\/ledergurt-jessica-anatomisch-geformt\/","title":{"rendered":"LEDERGURT JESSICA, ANATOMISCH GEFORMT"},"content":{"rendered":"\t\t<div data-elementor-type=\"wp-post\" data-elementor-id=\"17556\" class=\"elementor elementor-17556\">\n\t\t\t\t\t\t<section class=\"elementor-section elementor-top-section elementor-element elementor-element-3131c696 elementor-section-boxed elementor-section-height-default elementor-section-height-default\" data-id=\"3131c696\" data-element_type=\"section\" data-e-type=\"section\">\n\t\t\t\t\t\t<div class=\"elementor-container elementor-column-gap-default\">\n\t\t\t\t\t<div class=\"elementor-column elementor-col-100 elementor-top-column elementor-element elementor-element-47a6fe4b\" data-id=\"47a6fe4b\" data-element_type=\"column\" data-e-type=\"column\">\n\t\t\t<div class=\"elementor-widget-wrap elementor-element-populated\">\n\t\t\t\t\t\t<div class=\"elementor-element elementor-element-3d7e7531 elementor-widget elementor-widget-text-editor\" data-id=\"3d7e7531\" data-element_type=\"widget\" data-e-type=\"widget\" data-widget_type=\"text-editor.default\">\n\t\t\t\t<div class=\"elementor-widget-container\">\n\t\t\t\t\t\t\t\t\t<p>Preis inkl. MwSt.: 135,35\u20ac<\/p><p>Anatomisch geformter Ledergurt.<\/p><p>Erh\u00e4ltlich in schwarz oder dunkelbraun (<span style=\"color: #ff0000;\">bitte bei der Bestellung<\/span> <span style=\"color: #ff0000;\">w\u00e4hlen<\/span>)<\/p><p>F\u00fcr andere Farben bitte nachfragen!<\/p><p>Gr\u00f6ssen:50 cm, 55 cm, 60 cm, 65 cm, 70 cm, 75 cm, 80 cm &#8211; <span style=\"color: #ff0000;\">bitte bei der Bestellung angeben<\/span><\/p><p>Diese Gurte werden bei <em>ZALDI<\/em> in Handarbeit gefertigt und k\u00f6nnen (falls nicht in Stock) eine Herstellungszeit von 14 Tagen haben.<\/p><p>Gurte k\u00f6nnen nicht umgetauscht oder zur\u00fcckgegeben werden (es sei denn, es handelt sich um einen Produktfehler).<\/p><p>Ref. 0102452<\/p>\t\t\t\t\t\t\t\t<\/div>\n\t\t\t\t<\/div>\n\t\t\t\t\t<\/div>\n\t\t<\/div>\n\t\t\t\t\t<\/div>\n\t\t<\/section>\n\t\t\t\t<\/div>\n\t\t","protected":false},"excerpt":{"rendered":"<p>Preis inkl. MwSt.: 135,35\u20ac Anatomisch geformter Ledergurt. Erh\u00e4ltlich in schwarz oder dunkelbraun (bitte bei der Bestellung w\u00e4hlen) F\u00fcr andere Farben bitte nachfragen! Gr\u00f6ssen:50 cm, 55 cm, 60 cm, 65 cm, 70 cm, 75 cm, 80 cm &#8211; bitte bei der Bestellung angeben Diese Gurte werden bei ZALDI in Handarbeit gefertigt und k\u00f6nnen (falls nicht in [&hellip;]<\/p>\n","protected":false},"featured_media":17560,"comment_status":"open","ping_status":"closed","template":"","meta":{"site-sidebar-layout":"default","site-content-layout":"default","ast-site-content-layout":"default","site-content-style":"default","site-sidebar-style":"default","ast-global-header-display":"","ast-banner-title-visibility":"","ast-main-header-display":"","ast-hfb-above-header-display":"","ast-hfb-below-header-display":"","ast-hfb-mobile-header-display":"","site-post-title":"","ast-breadcrumbs-content":"","ast-featured-img":"","footer-sml-layout":"","ast-disable-related-posts":"","theme-transparent-header-meta":"default","adv-header-id-meta":"","stick-header-meta":"","header-above-stick-meta":"","header-main-stick-meta":"","header-below-stick-meta":"","astra-migrate-meta-layouts":"set","ast-page-background-enabled":"default","ast-page-background-meta":{"desktop":{"background-color":"var(--ast-global-color-4)","background-image":"","background-repeat":"repeat","background-position":"center center","background-size":"auto","background-attachment":"scroll","background-type":"","background-media":"","overlay-type":"","overlay-color":"","overlay-opacity":"","overlay-gradient":""},"tablet":{"background-color":"","background-image":"","background-repeat":"repeat","background-position":"center center","background-size":"auto","background-attachment":"scroll","background-type":"","background-media":"","overlay-type":"","overlay-color":"","overlay-opacity":"","overlay-gradient":""},"mobile":{"background-color":"","background-image":"","background-repeat":"repeat","background-position":"center center","background-size":"auto","background-attachment":"scroll","background-type":"","background-media":"","overlay-type":"","overlay-color":"","overlay-opacity":"","overlay-gradient":""}},"ast-content-background-meta":{"desktop":{"background-color":"var(--ast-global-color-5)","background-image":"","background-repeat":"repeat","background-position":"center center","background-size":"auto","background-attachment":"scroll","background-type":"","background-media":"","overlay-type":"","overlay-color":"","overlay-opacity":"","overlay-gradient":""},"tablet":{"background-color":"var(--ast-global-color-5)","background-image":"","background-repeat":"repeat","background-position":"center center","background-size":"auto","background-attachment":"scroll","background-type":"","background-media":"","overlay-type":"","overlay-color":"","overlay-opacity":"","overlay-gradient":""},"mobile":{"background-color":"var(--ast-global-color-5)","background-image":"","background-repeat":"repeat","background-position":"center center","background-size":"auto","background-attachment":"scroll","background-type":"","background-media":"","overlay-type":"","overlay-color":"","overlay-opacity":"","overlay-gradient":""}},"ngg_post_thumbnail":0},"product_brand":[],"product_cat":[18,46],"product_tag":[714,715,341,716,340,337,338,339],"class_list":{"0":"post-17556","1":"product","2":"type-product","3":"status-publish","4":"has-post-thumbnail","6":"product_cat-accesorios","7":"product_cat-cinchas-accesorios","8":"product_tag-anatomisch-geformter-ledergurt-fuer-pferde","9":"product_tag-anatomischer-ledergurt","10":"product_tag-bienestarcaballo","11":"product_tag-ledergurt-jessica","12":"product_tag-susanne-nagel","13":"product_tag-zaldi","14":"product_tag-zaldi-deutschland","15":"product_tag-zaldi-online-com","16":"desktop-align-left","17":"tablet-align-left","18":"mobile-align-left","20":"first","21":"instock","22":"taxable","23":"shipping-taxable","24":"purchasable","25":"product-type-variable"},"yoast_head":"<!-- This site is optimized with the Yoast SEO plugin v27.5 - https:\/\/yoast.com\/product\/yoast-seo-wordpress\/ -->\n<title>LEDERGURT JESSICA, ANATOMISCH GEFORMT - Zaldionline.com<\/title>\n<meta name=\"description\" content=\"Anatomisch geformter Ledergurt. Erh\u00e4ltlich in schwarz oder dunkelbraun: F\u00fcr andere Farben bitte nachfragen: Gr\u00f6ssen: 50 cm, 55 cm, 60 cm, 65 cm, 70 cm, 75 cm, 80 cm - bitte bei der Bestellung angeben: Diese Gurte werden bei ZALDI in Handarbeit gefertigt und k\u00f6nnen, falls nicht in Stock, eine Herstellungszeit von 14 Tagen haben. Gurte k\u00f6nnen nicht umgetauscht oder zur\u00fcckgegeben werden (ausgenommen Produktfehler). Erh\u00e4ltlich \u00fcber Zaldionline.com Ref. 0102452\" \/>\n<meta name=\"robots\" content=\"noindex, follow, max-snippet:-1, max-image-preview:large, max-video-preview:-1\" \/>\n<meta property=\"og:locale\" content=\"es_ES\" \/>\n<meta property=\"og:type\" content=\"article\" \/>\n<meta property=\"og:title\" content=\"LEDERGURT JESSICA, ANATOMISCH GEFORMT - Zaldionline.com\" \/>\n<meta property=\"og:description\" content=\"Anatomisch geformter Ledergurt. Erh\u00e4ltlich in schwarz oder dunkelbraun: F\u00fcr andere Farben bitte nachfragen: Gr\u00f6ssen: 50 cm, 55 cm, 60 cm, 65 cm, 70 cm, 75 cm, 80 cm - bitte bei der Bestellung angeben: Diese Gurte werden bei ZALDI in Handarbeit gefertigt und k\u00f6nnen, falls nicht in Stock, eine Herstellungszeit von 14 Tagen haben. Gurte k\u00f6nnen nicht umgetauscht oder zur\u00fcckgegeben werden (ausgenommen Produktfehler). Erh\u00e4ltlich \u00fcber Zaldionline.com Ref. 0102452\" \/>\n<meta property=\"og:url\" content=\"https:\/\/www.zaldionline.com\/es\/producto\/ledergurt-jessica-anatomisch-geformt\/\" \/>\n<meta property=\"og:site_name\" content=\"Zaldionline.com\" \/>\n<meta property=\"article:modified_time\" content=\"2025-02-12T12:22:12+00:00\" \/>\n<meta property=\"og:image\" content=\"https:\/\/www.zaldionline.com\/es\/wp-content\/uploads\/sites\/2\/2020\/12\/CINCHA-DOMA-ZALDI-EXTRA-CUERO-JESSICA-NEGRA.jpg\" \/>\n\t<meta property=\"og:image:width\" content=\"740\" \/>\n\t<meta property=\"og:image:height\" content=\"720\" \/>\n\t<meta property=\"og:image:type\" content=\"image\/jpeg\" \/>\n<meta name=\"twitter:card\" content=\"summary_large_image\" \/>\n<meta name=\"twitter:label1\" content=\"Tiempo de lectura\" \/>\n\t<meta name=\"twitter:data1\" content=\"1 minuto\" \/>\n<script type=\"application\/ld+json\" class=\"yoast-schema-graph\">{\"@context\":\"https:\\\/\\\/schema.org\",\"@graph\":[{\"@type\":\"WebPage\",\"@id\":\"https:\\\/\\\/www.zaldionline.com\\\/es\\\/producto\\\/ledergurt-jessica-anatomisch-geformt\\\/\",\"url\":\"https:\\\/\\\/www.zaldionline.com\\\/es\\\/producto\\\/ledergurt-jessica-anatomisch-geformt\\\/\",\"name\":\"LEDERGURT JESSICA, ANATOMISCH GEFORMT - Zaldionline.com\",\"isPartOf\":{\"@id\":\"https:\\\/\\\/www.zaldionline.com\\\/es\\\/#website\"},\"primaryImageOfPage\":{\"@id\":\"https:\\\/\\\/www.zaldionline.com\\\/es\\\/producto\\\/ledergurt-jessica-anatomisch-geformt\\\/#primaryimage\"},\"image\":{\"@id\":\"https:\\\/\\\/www.zaldionline.com\\\/es\\\/producto\\\/ledergurt-jessica-anatomisch-geformt\\\/#primaryimage\"},\"thumbnailUrl\":\"https:\\\/\\\/www.zaldionline.com\\\/es\\\/wp-content\\\/uploads\\\/sites\\\/2\\\/2020\\\/12\\\/CINCHA-DOMA-ZALDI-EXTRA-CUERO-JESSICA-NEGRA.jpg\",\"datePublished\":\"2020-12-29T16:02:48+00:00\",\"dateModified\":\"2025-02-12T12:22:12+00:00\",\"description\":\"Anatomisch geformter Ledergurt. Erh\u00e4ltlich in schwarz oder dunkelbraun: F\u00fcr andere Farben bitte nachfragen: Gr\u00f6ssen: 50 cm, 55 cm, 60 cm, 65 cm, 70 cm, 75 cm, 80 cm - bitte bei der Bestellung angeben: Diese Gurte werden bei ZALDI in Handarbeit gefertigt und k\u00f6nnen, falls nicht in Stock, eine Herstellungszeit von 14 Tagen haben. Gurte k\u00f6nnen nicht umgetauscht oder zur\u00fcckgegeben werden (ausgenommen Produktfehler). Erh\u00e4ltlich \u00fcber Zaldionline.com Ref. 0102452\",\"breadcrumb\":{\"@id\":\"https:\\\/\\\/www.zaldionline.com\\\/es\\\/producto\\\/ledergurt-jessica-anatomisch-geformt\\\/#breadcrumb\"},\"inLanguage\":\"es\",\"potentialAction\":[{\"@type\":\"ReadAction\",\"target\":[\"https:\\\/\\\/www.zaldionline.com\\\/es\\\/producto\\\/ledergurt-jessica-anatomisch-geformt\\\/\"]}]},{\"@type\":\"ImageObject\",\"inLanguage\":\"es\",\"@id\":\"https:\\\/\\\/www.zaldionline.com\\\/es\\\/producto\\\/ledergurt-jessica-anatomisch-geformt\\\/#primaryimage\",\"url\":\"https:\\\/\\\/www.zaldionline.com\\\/es\\\/wp-content\\\/uploads\\\/sites\\\/2\\\/2020\\\/12\\\/CINCHA-DOMA-ZALDI-EXTRA-CUERO-JESSICA-NEGRA.jpg\",\"contentUrl\":\"https:\\\/\\\/www.zaldionline.com\\\/es\\\/wp-content\\\/uploads\\\/sites\\\/2\\\/2020\\\/12\\\/CINCHA-DOMA-ZALDI-EXTRA-CUERO-JESSICA-NEGRA.jpg\",\"width\":740,\"height\":720},{\"@type\":\"BreadcrumbList\",\"@id\":\"https:\\\/\\\/www.zaldionline.com\\\/es\\\/producto\\\/ledergurt-jessica-anatomisch-geformt\\\/#breadcrumb\",\"itemListElement\":[{\"@type\":\"ListItem\",\"position\":1,\"name\":\"Portada\",\"item\":\"https:\\\/\\\/www.zaldionline.com\\\/es\\\/\"},{\"@type\":\"ListItem\",\"position\":2,\"name\":\"Sillas y accesorios\",\"item\":\"https:\\\/\\\/www.zaldionline.com\\\/es\\\/sillas-y-accesorios\\\/\"},{\"@type\":\"ListItem\",\"position\":3,\"name\":\"LEDERGURT JESSICA, ANATOMISCH GEFORMT\"}]},{\"@type\":\"WebSite\",\"@id\":\"https:\\\/\\\/www.zaldionline.com\\\/es\\\/#website\",\"url\":\"https:\\\/\\\/www.zaldionline.com\\\/es\\\/\",\"name\":\"Zaldionline.com\",\"description\":\"Los mejores productos para usted y su caballo\",\"potentialAction\":[{\"@type\":\"SearchAction\",\"target\":{\"@type\":\"EntryPoint\",\"urlTemplate\":\"https:\\\/\\\/www.zaldionline.com\\\/es\\\/?s={search_term_string}\"},\"query-input\":{\"@type\":\"PropertyValueSpecification\",\"valueRequired\":true,\"valueName\":\"search_term_string\"}}],\"inLanguage\":\"es\"}]}<\/script>\n<!-- \/ Yoast SEO plugin. -->","yoast_head_json":{"title":"LEDERGURT JESSICA, ANATOMISCH GEFORMT - Zaldionline.com","description":"Anatomisch geformter Ledergurt. Erh\u00e4ltlich in schwarz oder dunkelbraun: F\u00fcr andere Farben bitte nachfragen: Gr\u00f6ssen: 50 cm, 55 cm, 60 cm, 65 cm, 70 cm, 75 cm, 80 cm - bitte bei der Bestellung angeben: Diese Gurte werden bei ZALDI in Handarbeit gefertigt und k\u00f6nnen, falls nicht in Stock, eine Herstellungszeit von 14 Tagen haben. Gurte k\u00f6nnen nicht umgetauscht oder zur\u00fcckgegeben werden (ausgenommen Produktfehler). Erh\u00e4ltlich \u00fcber Zaldionline.com Ref. 0102452","robots":{"index":"noindex","follow":"follow","max-snippet":"max-snippet:-1","max-image-preview":"max-image-preview:large","max-video-preview":"max-video-preview:-1"},"og_locale":"es_ES","og_type":"article","og_title":"LEDERGURT JESSICA, ANATOMISCH GEFORMT - Zaldionline.com","og_description":"Anatomisch geformter Ledergurt. Erh\u00e4ltlich in schwarz oder dunkelbraun: F\u00fcr andere Farben bitte nachfragen: Gr\u00f6ssen: 50 cm, 55 cm, 60 cm, 65 cm, 70 cm, 75 cm, 80 cm - bitte bei der Bestellung angeben: Diese Gurte werden bei ZALDI in Handarbeit gefertigt und k\u00f6nnen, falls nicht in Stock, eine Herstellungszeit von 14 Tagen haben. Gurte k\u00f6nnen nicht umgetauscht oder zur\u00fcckgegeben werden (ausgenommen Produktfehler). Erh\u00e4ltlich \u00fcber Zaldionline.com Ref. 0102452","og_url":"https:\/\/www.zaldionline.com\/es\/producto\/ledergurt-jessica-anatomisch-geformt\/","og_site_name":"Zaldionline.com","article_modified_time":"2025-02-12T12:22:12+00:00","og_image":[{"width":740,"height":720,"url":"https:\/\/www.zaldionline.com\/es\/wp-content\/uploads\/sites\/2\/2020\/12\/CINCHA-DOMA-ZALDI-EXTRA-CUERO-JESSICA-NEGRA.jpg","type":"image\/jpeg"}],"twitter_card":"summary_large_image","twitter_misc":{"Tiempo de lectura":"1 minuto"},"schema":{"@context":"https:\/\/schema.org","@graph":[{"@type":"WebPage","@id":"https:\/\/www.zaldionline.com\/es\/producto\/ledergurt-jessica-anatomisch-geformt\/","url":"https:\/\/www.zaldionline.com\/es\/producto\/ledergurt-jessica-anatomisch-geformt\/","name":"LEDERGURT JESSICA, ANATOMISCH GEFORMT - Zaldionline.com","isPartOf":{"@id":"https:\/\/www.zaldionline.com\/es\/#website"},"primaryImageOfPage":{"@id":"https:\/\/www.zaldionline.com\/es\/producto\/ledergurt-jessica-anatomisch-geformt\/#primaryimage"},"image":{"@id":"https:\/\/www.zaldionline.com\/es\/producto\/ledergurt-jessica-anatomisch-geformt\/#primaryimage"},"thumbnailUrl":"https:\/\/www.zaldionline.com\/es\/wp-content\/uploads\/sites\/2\/2020\/12\/CINCHA-DOMA-ZALDI-EXTRA-CUERO-JESSICA-NEGRA.jpg","datePublished":"2020-12-29T16:02:48+00:00","dateModified":"2025-02-12T12:22:12+00:00","description":"Anatomisch geformter Ledergurt. Erh\u00e4ltlich in schwarz oder dunkelbraun: F\u00fcr andere Farben bitte nachfragen: Gr\u00f6ssen: 50 cm, 55 cm, 60 cm, 65 cm, 70 cm, 75 cm, 80 cm - bitte bei der Bestellung angeben: Diese Gurte werden bei ZALDI in Handarbeit gefertigt und k\u00f6nnen, falls nicht in Stock, eine Herstellungszeit von 14 Tagen haben. Gurte k\u00f6nnen nicht umgetauscht oder zur\u00fcckgegeben werden (ausgenommen Produktfehler). Erh\u00e4ltlich \u00fcber Zaldionline.com Ref. 0102452","breadcrumb":{"@id":"https:\/\/www.zaldionline.com\/es\/producto\/ledergurt-jessica-anatomisch-geformt\/#breadcrumb"},"inLanguage":"es","potentialAction":[{"@type":"ReadAction","target":["https:\/\/www.zaldionline.com\/es\/producto\/ledergurt-jessica-anatomisch-geformt\/"]}]},{"@type":"ImageObject","inLanguage":"es","@id":"https:\/\/www.zaldionline.com\/es\/producto\/ledergurt-jessica-anatomisch-geformt\/#primaryimage","url":"https:\/\/www.zaldionline.com\/es\/wp-content\/uploads\/sites\/2\/2020\/12\/CINCHA-DOMA-ZALDI-EXTRA-CUERO-JESSICA-NEGRA.jpg","contentUrl":"https:\/\/www.zaldionline.com\/es\/wp-content\/uploads\/sites\/2\/2020\/12\/CINCHA-DOMA-ZALDI-EXTRA-CUERO-JESSICA-NEGRA.jpg","width":740,"height":720},{"@type":"BreadcrumbList","@id":"https:\/\/www.zaldionline.com\/es\/producto\/ledergurt-jessica-anatomisch-geformt\/#breadcrumb","itemListElement":[{"@type":"ListItem","position":1,"name":"Portada","item":"https:\/\/www.zaldionline.com\/es\/"},{"@type":"ListItem","position":2,"name":"Sillas y accesorios","item":"https:\/\/www.zaldionline.com\/es\/sillas-y-accesorios\/"},{"@type":"ListItem","position":3,"name":"LEDERGURT JESSICA, ANATOMISCH GEFORMT"}]},{"@type":"WebSite","@id":"https:\/\/www.zaldionline.com\/es\/#website","url":"https:\/\/www.zaldionline.com\/es\/","name":"Zaldionline.com","description":"Los mejores productos para usted y su caballo","potentialAction":[{"@type":"SearchAction","target":{"@type":"EntryPoint","urlTemplate":"https:\/\/www.zaldionline.com\/es\/?s={search_term_string}"},"query-input":{"@type":"PropertyValueSpecification","valueRequired":true,"valueName":"search_term_string"}}],"inLanguage":"es"}]}},"_links":{"self":[{"href":"https:\/\/www.zaldionline.com\/es\/wp-json\/wp\/v2\/product\/17556","targetHints":{"allow":["GET"]}}],"collection":[{"href":"https:\/\/www.zaldionline.com\/es\/wp-json\/wp\/v2\/product"}],"about":[{"href":"https:\/\/www.zaldionline.com\/es\/wp-json\/wp\/v2\/types\/product"}],"replies":[{"embeddable":true,"href":"https:\/\/www.zaldionline.com\/es\/wp-json\/wp\/v2\/comments?post=17556"}],"version-history":[{"count":5,"href":"https:\/\/www.zaldionline.com\/es\/wp-json\/wp\/v2\/product\/17556\/revisions"}],"predecessor-version":[{"id":25827,"href":"https:\/\/www.zaldionline.com\/es\/wp-json\/wp\/v2\/product\/17556\/revisions\/25827"}],"wp:featuredmedia":[{"embeddable":true,"href":"https:\/\/www.zaldionline.com\/es\/wp-json\/wp\/v2\/media\/17560"}],"wp:attachment":[{"href":"https:\/\/www.zaldionline.com\/es\/wp-json\/wp\/v2\/media?parent=17556"}],"wp:term":[{"taxonomy":"product_brand","embeddable":true,"href":"https:\/\/www.zaldionline.com\/es\/wp-json\/wp\/v2\/product_brand?post=17556"},{"taxonomy":"product_cat","embeddable":true,"href":"https:\/\/www.zaldionline.com\/es\/wp-json\/wp\/v2\/product_cat?post=17556"},{"taxonomy":"product_tag","embeddable":true,"href":"https:\/\/www.zaldionline.com\/es\/wp-json\/wp\/v2\/product_tag?post=17556"}],"curies":[{"name":"wp","href":"https:\/\/api.w.org\/{rel}","templated":true}]}}