{"id":17570,"date":"2021-01-15T18:58:26","date_gmt":"2021-01-15T18:58:26","guid":{"rendered":"https:\/\/zaldionline.com\/?post_type=product&#038;p=17570"},"modified":"2023-04-25T08:32:08","modified_gmt":"2023-04-25T08:32:08","slug":"sonderangebot-zaleas-fuer-campera-saettel-sattelueberzug-lammfell-leder-kopie","status":"publish","type":"product","link":"https:\/\/www.zaldionline.com\/es\/producto\/sonderangebot-zaleas-fuer-campera-saettel-sattelueberzug-lammfell-leder-kopie\/","title":{"rendered":"ZALEAS F\u00dcR CAMPERA S\u00c4TTEL (MIT GALLERIE) SATTEL\u00dcBERZUG LAMMFELL LEDER"},"content":{"rendered":"\t\t<div data-elementor-type=\"wp-post\" data-elementor-id=\"17570\" class=\"elementor elementor-17570\">\n\t\t\t\t\t\t<section class=\"elementor-section elementor-top-section elementor-element elementor-element-4622338a elementor-section-boxed elementor-section-height-default elementor-section-height-default\" data-id=\"4622338a\" data-element_type=\"section\" data-e-type=\"section\">\n\t\t\t\t\t\t<div class=\"elementor-container elementor-column-gap-default\">\n\t\t\t\t\t<div class=\"elementor-column elementor-col-100 elementor-top-column elementor-element elementor-element-48e27a4c\" data-id=\"48e27a4c\" data-element_type=\"column\" data-e-type=\"column\">\n\t\t\t<div class=\"elementor-widget-wrap elementor-element-populated\">\n\t\t\t\t\t\t<div class=\"elementor-element elementor-element-38fa571e elementor-widget elementor-widget-text-editor\" data-id=\"38fa571e\" data-element_type=\"widget\" data-e-type=\"widget\" data-widget_type=\"text-editor.default\">\n\t\t\t\t<div class=\"elementor-widget-container\">\n\t\t\t\t\t\t\t\t\t<p><img fetchpriority=\"high\" decoding=\"async\" class=\"alignnone size-medium wp-image-18808\" src=\"https:\/\/zaldionline.com\/wp-content\/uploads\/2021\/01\/Zaldi-Campera-Ronda-Sattel-mit-Zalea-hell-und-braun-von-www.zaldionline-225x300.jpeg\" alt=\"\" width=\"225\" height=\"300\" srcset=\"https:\/\/www.zaldionline.com\/es\/wp-content\/uploads\/sites\/2\/2021\/01\/Zaldi-Campera-Ronda-Sattel-mit-Zalea-hell-und-braun-von-www.zaldionline-225x300.jpeg 225w, https:\/\/www.zaldionline.com\/es\/wp-content\/uploads\/sites\/2\/2021\/01\/Zaldi-Campera-Ronda-Sattel-mit-Zalea-hell-und-braun-von-www.zaldionline-600x800.jpeg 600w, https:\/\/www.zaldionline.com\/es\/wp-content\/uploads\/sites\/2\/2021\/01\/Zaldi-Campera-Ronda-Sattel-mit-Zalea-hell-und-braun-von-www.zaldionline.jpeg 768w\" sizes=\"(max-width: 225px) 100vw, 225px\" \/><img decoding=\"async\" class=\"alignnone size-medium wp-image-17567\" src=\"https:\/\/zaldionline.com\/wp-content\/uploads\/2020\/11\/Zaldi-Zalea-hell-mit-hellbraun-fuer-Campera-Ronda-169x300.jpg\" alt=\"\" width=\"169\" height=\"300\" srcset=\"https:\/\/www.zaldionline.com\/es\/wp-content\/uploads\/sites\/2\/2020\/11\/Zaldi-Zalea-hell-mit-hellbraun-fuer-Campera-Ronda-169x300.jpg 169w, https:\/\/www.zaldionline.com\/es\/wp-content\/uploads\/sites\/2\/2020\/11\/Zaldi-Zalea-hell-mit-hellbraun-fuer-Campera-Ronda-600x1067.jpg 600w, https:\/\/www.zaldionline.com\/es\/wp-content\/uploads\/sites\/2\/2020\/11\/Zaldi-Zalea-hell-mit-hellbraun-fuer-Campera-Ronda-576x1024.jpg 576w, https:\/\/www.zaldionline.com\/es\/wp-content\/uploads\/sites\/2\/2020\/11\/Zaldi-Zalea-hell-mit-hellbraun-fuer-Campera-Ronda-768x1365.jpg 768w, https:\/\/www.zaldionline.com\/es\/wp-content\/uploads\/sites\/2\/2020\/11\/Zaldi-Zalea-hell-mit-hellbraun-fuer-Campera-Ronda-864x1536.jpg 864w, https:\/\/www.zaldionline.com\/es\/wp-content\/uploads\/sites\/2\/2020\/11\/Zaldi-Zalea-hell-mit-hellbraun-fuer-Campera-Ronda-1152x2048.jpg 1152w, https:\/\/www.zaldionline.com\/es\/wp-content\/uploads\/sites\/2\/2020\/11\/Zaldi-Zalea-hell-mit-hellbraun-fuer-Campera-Ronda-1170x2080.jpg 1170w, https:\/\/www.zaldionline.com\/es\/wp-content\/uploads\/sites\/2\/2020\/11\/Zaldi-Zalea-hell-mit-hellbraun-fuer-Campera-Ronda-scaled.jpg 1440w\" sizes=\"(max-width: 169px) 100vw, 169px\" \/><img decoding=\"async\" class=\"alignnone size-medium wp-image-17566\" src=\"https:\/\/zaldionline.com\/wp-content\/uploads\/2020\/11\/Zaldi-Zalea-hell-mit-Havanna-fuer-Relvas-mit-TM-System-169x300.jpeg\" alt=\"\" width=\"169\" height=\"300\" srcset=\"https:\/\/www.zaldionline.com\/es\/wp-content\/uploads\/sites\/2\/2020\/11\/Zaldi-Zalea-hell-mit-Havanna-fuer-Relvas-mit-TM-System-169x300.jpeg 169w, https:\/\/www.zaldionline.com\/es\/wp-content\/uploads\/sites\/2\/2020\/11\/Zaldi-Zalea-hell-mit-Havanna-fuer-Relvas-mit-TM-System-600x1067.jpeg 600w, https:\/\/www.zaldionline.com\/es\/wp-content\/uploads\/sites\/2\/2020\/11\/Zaldi-Zalea-hell-mit-Havanna-fuer-Relvas-mit-TM-System-576x1024.jpeg 576w, https:\/\/www.zaldionline.com\/es\/wp-content\/uploads\/sites\/2\/2020\/11\/Zaldi-Zalea-hell-mit-Havanna-fuer-Relvas-mit-TM-System-768x1365.jpeg 768w, https:\/\/www.zaldionline.com\/es\/wp-content\/uploads\/sites\/2\/2020\/11\/Zaldi-Zalea-hell-mit-Havanna-fuer-Relvas-mit-TM-System-864x1536.jpeg 864w, https:\/\/www.zaldionline.com\/es\/wp-content\/uploads\/sites\/2\/2020\/11\/Zaldi-Zalea-hell-mit-Havanna-fuer-Relvas-mit-TM-System.jpeg 1152w\" sizes=\"(max-width: 169px) 100vw, 169px\" \/><\/p>\n<p>Normalpreis inkl. MwSt.: 356.38\u20ac<\/p><p>Dieser Preis ist f\u00fcr alle Campera S\u00e4ttel mit Gallerie (vorne oder vorne und hinten)<\/p>\n<p>Bezug passend f\u00fcr den <em>ZALDI<\/em> Sattel<\/p>\n<p>Hergestellt aus nat\u00fcrlichem Lammfell<\/p>\n<p>Sch\u00fctzen Sie den Sattel<\/p>\n<p>Bietet Komfort und handwerkliche \u00c4sthetik<\/p>\n<p>Fell: Hell oder Schwarz,<\/p>\n<p>Beinlage: Wildlederfarbe&nbsp; Randfarben: Schwarz, Braun, Havanna und&nbsp; Haselnuss<\/p>\n<p>Hergestellt von <em>ZALDI<\/em><\/p>\n<p>Ref: 011100(3)<\/p>\n<p>KLICK HIER F\u00dcR EIN VIDEO<br>https:\/\/www.youtube.com\/watch?v=1ImQcn4-_Q8<\/p>\n<p><strong>ZALEAS (\u00dcberzug f\u00fcr den Sattel aus Lammfell und Leder) werden nach Ma\u00df und in der gew\u00fcnschten Farbe (hell oder schwarz), sowie der gew\u00fcnschten Lederfarbe hergestellt.<\/strong><\/p>\n<p><span style=\"color: #ff0000; font-size: 12pt;\"><strong>Bitte nennen Sie uns das Modell, Sitzgr\u00f6sse und die Sattelnummer (steht unter dem Sattelblatt) in den &#8220;Anmerkungen&#8221; bei der online Bestellung.<\/strong><\/span><\/p>\n<p><\/p>\t\t\t\t\t\t\t\t<\/div>\n\t\t\t\t<\/div>\n\t\t\t\t\t<\/div>\n\t\t<\/div>\n\t\t\t\t\t<\/div>\n\t\t<\/section>\n\t\t\t\t<\/div>\n\t\t","protected":false},"excerpt":{"rendered":"<p>Normalpreis inkl. MwSt.: 356.38\u20ac Dieser Preis ist f\u00fcr alle Campera S\u00e4ttel mit Gallerie (vorne oder vorne und hinten) Bezug passend f\u00fcr den ZALDI Sattel Hergestellt aus nat\u00fcrlichem Lammfell Sch\u00fctzen Sie den Sattel Bietet Komfort und handwerkliche \u00c4sthetik Fell: Hell oder Schwarz, Beinlage: Wildlederfarbe&nbsp; Randfarben: Schwarz, Braun, Havanna und&nbsp; Haselnuss Hergestellt von ZALDI Ref: 011100(3) KLICK [&hellip;]<\/p>\n","protected":false},"featured_media":17475,"comment_status":"open","ping_status":"closed","template":"","meta":{"site-sidebar-layout":"default","site-content-layout":"default","ast-site-content-layout":"default","site-content-style":"default","site-sidebar-style":"default","ast-global-header-display":"","ast-banner-title-visibility":"","ast-main-header-display":"","ast-hfb-above-header-display":"","ast-hfb-below-header-display":"","ast-hfb-mobile-header-display":"","site-post-title":"","ast-breadcrumbs-content":"","ast-featured-img":"","footer-sml-layout":"","ast-disable-related-posts":"","theme-transparent-header-meta":"default","adv-header-id-meta":"","stick-header-meta":"","header-above-stick-meta":"","header-main-stick-meta":"","header-below-stick-meta":"","astra-migrate-meta-layouts":"default","ast-page-background-enabled":"default","ast-page-background-meta":{"desktop":{"background-color":"var(--ast-global-color-4)","background-image":"","background-repeat":"repeat","background-position":"center center","background-size":"auto","background-attachment":"scroll","background-type":"","background-media":"","overlay-type":"","overlay-color":"","overlay-opacity":"","overlay-gradient":""},"tablet":{"background-color":"","background-image":"","background-repeat":"repeat","background-position":"center center","background-size":"auto","background-attachment":"scroll","background-type":"","background-media":"","overlay-type":"","overlay-color":"","overlay-opacity":"","overlay-gradient":""},"mobile":{"background-color":"","background-image":"","background-repeat":"repeat","background-position":"center center","background-size":"auto","background-attachment":"scroll","background-type":"","background-media":"","overlay-type":"","overlay-color":"","overlay-opacity":"","overlay-gradient":""}},"ast-content-background-meta":{"desktop":{"background-color":"var(--ast-global-color-5)","background-image":"","background-repeat":"repeat","background-position":"center center","background-size":"auto","background-attachment":"scroll","background-type":"","background-media":"","overlay-type":"","overlay-color":"","overlay-opacity":"","overlay-gradient":""},"tablet":{"background-color":"var(--ast-global-color-5)","background-image":"","background-repeat":"repeat","background-position":"center center","background-size":"auto","background-attachment":"scroll","background-type":"","background-media":"","overlay-type":"","overlay-color":"","overlay-opacity":"","overlay-gradient":""},"mobile":{"background-color":"var(--ast-global-color-5)","background-image":"","background-repeat":"repeat","background-position":"center center","background-size":"auto","background-attachment":"scroll","background-type":"","background-media":"","overlay-type":"","overlay-color":"","overlay-opacity":"","overlay-gradient":""}},"ngg_post_thumbnail":0},"product_brand":[],"product_cat":[63],"product_tag":[343,652,202,340,337,338,339,649,710,712,708],"class_list":{"0":"post-17570","1":"product","2":"type-product","3":"status-publish","4":"has-post-thumbnail","6":"product_cat-fundas-de-sillas-zaleas","7":"product_tag-sattel-guenstig","8":"product_tag-sattelsitzbezug","9":"product_tag-sillas","10":"product_tag-susanne-nagel","11":"product_tag-zaldi","12":"product_tag-zaldi-deutschland","13":"product_tag-zaldi-online-com","14":"product_tag-zalea","15":"product_tag-zalea-camperasattel","16":"product_tag-zalea-leder","17":"product_tag-zalea-mit-lammfell-und-leder","18":"desktop-align-left","19":"tablet-align-left","20":"mobile-align-left","22":"first","23":"instock","24":"taxable","25":"shipping-taxable","26":"purchasable","27":"product-type-simple"},"yoast_head":"<!-- This site is optimized with the Yoast SEO plugin v27.5 - https:\/\/yoast.com\/product\/yoast-seo-wordpress\/ -->\n<title>ZALEAS F\u00dcR CAMPERA S\u00c4TTEL (MIT GALLERIE) SATTEL\u00dcBERZUG LAMMFELL LEDER - Zaldionline.com<\/title>\n<meta name=\"description\" content=\"Bezug ausschliesslich passend f\u00fcr den ZALDI Sattel. Hergestellt aus nat\u00fcrlichem Lammfell. Sch\u00fctzen Sie Ihren Sattel. Bietet Komfort und handwerkliche \u00c4sthetik. Fell: Hell oder Schwarz, Beinlage: Wildlederfarbe\u00a0 Randfarben: Schwarz, Braun, Havanna und\u00a0 Haselnuss \u00dcberzug f\u00fcr den Sattel aus Lammfell und Leder, werden nach Ma\u00df und in der gew\u00fcnschten Farbe (hell oder schwarz), sowie der gew\u00fcnschten Lederfarbe hergestellt. Bitte nennen Sie uns das Zaldi Modell, die Sitzgr\u00f6sse und die Sattelnummer (steht unter dem Sattelblatt) in den &quot;Anmerkungen&quot; bei Ihrer Online-Bestellung. Erh\u00e4ltlich \u00fcber Zaldionline.com Ref: 011100(3)\" \/>\n<meta name=\"robots\" content=\"noindex, follow, max-snippet:-1, max-image-preview:large, max-video-preview:-1\" \/>\n<meta property=\"og:locale\" content=\"es_ES\" \/>\n<meta property=\"og:type\" content=\"article\" \/>\n<meta property=\"og:title\" content=\"ZALEAS F\u00dcR CAMPERA S\u00c4TTEL (MIT GALLERIE) SATTEL\u00dcBERZUG LAMMFELL LEDER - Zaldionline.com\" \/>\n<meta property=\"og:description\" content=\"Bezug ausschliesslich passend f\u00fcr den ZALDI Sattel. Hergestellt aus nat\u00fcrlichem Lammfell. Sch\u00fctzen Sie Ihren Sattel. Bietet Komfort und handwerkliche \u00c4sthetik. Fell: Hell oder Schwarz, Beinlage: Wildlederfarbe\u00a0 Randfarben: Schwarz, Braun, Havanna und\u00a0 Haselnuss \u00dcberzug f\u00fcr den Sattel aus Lammfell und Leder, werden nach Ma\u00df und in der gew\u00fcnschten Farbe (hell oder schwarz), sowie der gew\u00fcnschten Lederfarbe hergestellt. Bitte nennen Sie uns das Zaldi Modell, die Sitzgr\u00f6sse und die Sattelnummer (steht unter dem Sattelblatt) in den &quot;Anmerkungen&quot; bei Ihrer Online-Bestellung. Erh\u00e4ltlich \u00fcber Zaldionline.com Ref: 011100(3)\" \/>\n<meta property=\"og:url\" content=\"https:\/\/www.zaldionline.com\/es\/producto\/sonderangebot-zaleas-fuer-campera-saettel-sattelueberzug-lammfell-leder-kopie\/\" \/>\n<meta property=\"og:site_name\" content=\"Zaldionline.com\" \/>\n<meta property=\"article:modified_time\" content=\"2023-04-25T08:32:08+00:00\" \/>\n<meta property=\"og:image\" content=\"https:\/\/www.zaldionline.com\/es\/wp-content\/uploads\/sites\/2\/2020\/11\/Bild_2020-12-10_165001.png\" \/>\n\t<meta property=\"og:image:width\" content=\"524\" \/>\n\t<meta property=\"og:image:height\" content=\"502\" \/>\n\t<meta property=\"og:image:type\" content=\"image\/png\" \/>\n<meta name=\"twitter:card\" content=\"summary_large_image\" \/>\n<meta name=\"twitter:label1\" content=\"Tiempo de lectura\" \/>\n\t<meta name=\"twitter:data1\" content=\"2 minutos\" \/>\n<script type=\"application\/ld+json\" class=\"yoast-schema-graph\">{\"@context\":\"https:\\\/\\\/schema.org\",\"@graph\":[{\"@type\":\"WebPage\",\"@id\":\"https:\\\/\\\/www.zaldionline.com\\\/es\\\/producto\\\/sonderangebot-zaleas-fuer-campera-saettel-sattelueberzug-lammfell-leder-kopie\\\/\",\"url\":\"https:\\\/\\\/www.zaldionline.com\\\/es\\\/producto\\\/sonderangebot-zaleas-fuer-campera-saettel-sattelueberzug-lammfell-leder-kopie\\\/\",\"name\":\"ZALEAS F\u00dcR CAMPERA S\u00c4TTEL (MIT GALLERIE) SATTEL\u00dcBERZUG LAMMFELL LEDER - Zaldionline.com\",\"isPartOf\":{\"@id\":\"https:\\\/\\\/www.zaldionline.com\\\/es\\\/#website\"},\"primaryImageOfPage\":{\"@id\":\"https:\\\/\\\/www.zaldionline.com\\\/es\\\/producto\\\/sonderangebot-zaleas-fuer-campera-saettel-sattelueberzug-lammfell-leder-kopie\\\/#primaryimage\"},\"image\":{\"@id\":\"https:\\\/\\\/www.zaldionline.com\\\/es\\\/producto\\\/sonderangebot-zaleas-fuer-campera-saettel-sattelueberzug-lammfell-leder-kopie\\\/#primaryimage\"},\"thumbnailUrl\":\"https:\\\/\\\/www.zaldionline.com\\\/es\\\/wp-content\\\/uploads\\\/sites\\\/2\\\/2020\\\/11\\\/Bild_2020-12-10_165001.png\",\"datePublished\":\"2021-01-15T18:58:26+00:00\",\"dateModified\":\"2023-04-25T08:32:08+00:00\",\"description\":\"Bezug ausschliesslich passend f\u00fcr den ZALDI Sattel. Hergestellt aus nat\u00fcrlichem Lammfell. Sch\u00fctzen Sie Ihren Sattel. Bietet Komfort und handwerkliche \u00c4sthetik. Fell: Hell oder Schwarz, Beinlage: Wildlederfarbe\u00a0 Randfarben: Schwarz, Braun, Havanna und\u00a0 Haselnuss \u00dcberzug f\u00fcr den Sattel aus Lammfell und Leder, werden nach Ma\u00df und in der gew\u00fcnschten Farbe (hell oder schwarz), sowie der gew\u00fcnschten Lederfarbe hergestellt. Bitte nennen Sie uns das Zaldi Modell, die Sitzgr\u00f6sse und die Sattelnummer (steht unter dem Sattelblatt) in den \\\"Anmerkungen\\\" bei Ihrer Online-Bestellung. Erh\u00e4ltlich \u00fcber Zaldionline.com Ref: 011100(3)\",\"breadcrumb\":{\"@id\":\"https:\\\/\\\/www.zaldionline.com\\\/es\\\/producto\\\/sonderangebot-zaleas-fuer-campera-saettel-sattelueberzug-lammfell-leder-kopie\\\/#breadcrumb\"},\"inLanguage\":\"es\",\"potentialAction\":[{\"@type\":\"ReadAction\",\"target\":[\"https:\\\/\\\/www.zaldionline.com\\\/es\\\/producto\\\/sonderangebot-zaleas-fuer-campera-saettel-sattelueberzug-lammfell-leder-kopie\\\/\"]}]},{\"@type\":\"ImageObject\",\"inLanguage\":\"es\",\"@id\":\"https:\\\/\\\/www.zaldionline.com\\\/es\\\/producto\\\/sonderangebot-zaleas-fuer-campera-saettel-sattelueberzug-lammfell-leder-kopie\\\/#primaryimage\",\"url\":\"https:\\\/\\\/www.zaldionline.com\\\/es\\\/wp-content\\\/uploads\\\/sites\\\/2\\\/2020\\\/11\\\/Bild_2020-12-10_165001.png\",\"contentUrl\":\"https:\\\/\\\/www.zaldionline.com\\\/es\\\/wp-content\\\/uploads\\\/sites\\\/2\\\/2020\\\/11\\\/Bild_2020-12-10_165001.png\",\"width\":524,\"height\":502},{\"@type\":\"BreadcrumbList\",\"@id\":\"https:\\\/\\\/www.zaldionline.com\\\/es\\\/producto\\\/sonderangebot-zaleas-fuer-campera-saettel-sattelueberzug-lammfell-leder-kopie\\\/#breadcrumb\",\"itemListElement\":[{\"@type\":\"ListItem\",\"position\":1,\"name\":\"Portada\",\"item\":\"https:\\\/\\\/www.zaldionline.com\\\/es\\\/\"},{\"@type\":\"ListItem\",\"position\":2,\"name\":\"Sillas y accesorios\",\"item\":\"https:\\\/\\\/www.zaldionline.com\\\/es\\\/sillas-y-accesorios\\\/\"},{\"@type\":\"ListItem\",\"position\":3,\"name\":\"ZALEAS F\u00dcR CAMPERA S\u00c4TTEL (MIT GALLERIE) SATTEL\u00dcBERZUG LAMMFELL LEDER\"}]},{\"@type\":\"WebSite\",\"@id\":\"https:\\\/\\\/www.zaldionline.com\\\/es\\\/#website\",\"url\":\"https:\\\/\\\/www.zaldionline.com\\\/es\\\/\",\"name\":\"Zaldionline.com\",\"description\":\"Los mejores productos para usted y su caballo\",\"potentialAction\":[{\"@type\":\"SearchAction\",\"target\":{\"@type\":\"EntryPoint\",\"urlTemplate\":\"https:\\\/\\\/www.zaldionline.com\\\/es\\\/?s={search_term_string}\"},\"query-input\":{\"@type\":\"PropertyValueSpecification\",\"valueRequired\":true,\"valueName\":\"search_term_string\"}}],\"inLanguage\":\"es\"}]}<\/script>\n<!-- \/ Yoast SEO plugin. -->","yoast_head_json":{"title":"ZALEAS F\u00dcR CAMPERA S\u00c4TTEL (MIT GALLERIE) SATTEL\u00dcBERZUG LAMMFELL LEDER - Zaldionline.com","description":"Bezug ausschliesslich passend f\u00fcr den ZALDI Sattel. Hergestellt aus nat\u00fcrlichem Lammfell. Sch\u00fctzen Sie Ihren Sattel. Bietet Komfort und handwerkliche \u00c4sthetik. Fell: Hell oder Schwarz, Beinlage: Wildlederfarbe\u00a0 Randfarben: Schwarz, Braun, Havanna und\u00a0 Haselnuss \u00dcberzug f\u00fcr den Sattel aus Lammfell und Leder, werden nach Ma\u00df und in der gew\u00fcnschten Farbe (hell oder schwarz), sowie der gew\u00fcnschten Lederfarbe hergestellt. Bitte nennen Sie uns das Zaldi Modell, die Sitzgr\u00f6sse und die Sattelnummer (steht unter dem Sattelblatt) in den \"Anmerkungen\" bei Ihrer Online-Bestellung. Erh\u00e4ltlich \u00fcber Zaldionline.com Ref: 011100(3)","robots":{"index":"noindex","follow":"follow","max-snippet":"max-snippet:-1","max-image-preview":"max-image-preview:large","max-video-preview":"max-video-preview:-1"},"og_locale":"es_ES","og_type":"article","og_title":"ZALEAS F\u00dcR CAMPERA S\u00c4TTEL (MIT GALLERIE) SATTEL\u00dcBERZUG LAMMFELL LEDER - Zaldionline.com","og_description":"Bezug ausschliesslich passend f\u00fcr den ZALDI Sattel. Hergestellt aus nat\u00fcrlichem Lammfell. Sch\u00fctzen Sie Ihren Sattel. Bietet Komfort und handwerkliche \u00c4sthetik. Fell: Hell oder Schwarz, Beinlage: Wildlederfarbe\u00a0 Randfarben: Schwarz, Braun, Havanna und\u00a0 Haselnuss \u00dcberzug f\u00fcr den Sattel aus Lammfell und Leder, werden nach Ma\u00df und in der gew\u00fcnschten Farbe (hell oder schwarz), sowie der gew\u00fcnschten Lederfarbe hergestellt. Bitte nennen Sie uns das Zaldi Modell, die Sitzgr\u00f6sse und die Sattelnummer (steht unter dem Sattelblatt) in den \"Anmerkungen\" bei Ihrer Online-Bestellung. Erh\u00e4ltlich \u00fcber Zaldionline.com Ref: 011100(3)","og_url":"https:\/\/www.zaldionline.com\/es\/producto\/sonderangebot-zaleas-fuer-campera-saettel-sattelueberzug-lammfell-leder-kopie\/","og_site_name":"Zaldionline.com","article_modified_time":"2023-04-25T08:32:08+00:00","og_image":[{"width":524,"height":502,"url":"https:\/\/www.zaldionline.com\/es\/wp-content\/uploads\/sites\/2\/2020\/11\/Bild_2020-12-10_165001.png","type":"image\/png"}],"twitter_card":"summary_large_image","twitter_misc":{"Tiempo de lectura":"2 minutos"},"schema":{"@context":"https:\/\/schema.org","@graph":[{"@type":"WebPage","@id":"https:\/\/www.zaldionline.com\/es\/producto\/sonderangebot-zaleas-fuer-campera-saettel-sattelueberzug-lammfell-leder-kopie\/","url":"https:\/\/www.zaldionline.com\/es\/producto\/sonderangebot-zaleas-fuer-campera-saettel-sattelueberzug-lammfell-leder-kopie\/","name":"ZALEAS F\u00dcR CAMPERA S\u00c4TTEL (MIT GALLERIE) SATTEL\u00dcBERZUG LAMMFELL LEDER - Zaldionline.com","isPartOf":{"@id":"https:\/\/www.zaldionline.com\/es\/#website"},"primaryImageOfPage":{"@id":"https:\/\/www.zaldionline.com\/es\/producto\/sonderangebot-zaleas-fuer-campera-saettel-sattelueberzug-lammfell-leder-kopie\/#primaryimage"},"image":{"@id":"https:\/\/www.zaldionline.com\/es\/producto\/sonderangebot-zaleas-fuer-campera-saettel-sattelueberzug-lammfell-leder-kopie\/#primaryimage"},"thumbnailUrl":"https:\/\/www.zaldionline.com\/es\/wp-content\/uploads\/sites\/2\/2020\/11\/Bild_2020-12-10_165001.png","datePublished":"2021-01-15T18:58:26+00:00","dateModified":"2023-04-25T08:32:08+00:00","description":"Bezug ausschliesslich passend f\u00fcr den ZALDI Sattel. Hergestellt aus nat\u00fcrlichem Lammfell. Sch\u00fctzen Sie Ihren Sattel. Bietet Komfort und handwerkliche \u00c4sthetik. Fell: Hell oder Schwarz, Beinlage: Wildlederfarbe\u00a0 Randfarben: Schwarz, Braun, Havanna und\u00a0 Haselnuss \u00dcberzug f\u00fcr den Sattel aus Lammfell und Leder, werden nach Ma\u00df und in der gew\u00fcnschten Farbe (hell oder schwarz), sowie der gew\u00fcnschten Lederfarbe hergestellt. Bitte nennen Sie uns das Zaldi Modell, die Sitzgr\u00f6sse und die Sattelnummer (steht unter dem Sattelblatt) in den \"Anmerkungen\" bei Ihrer Online-Bestellung. Erh\u00e4ltlich \u00fcber Zaldionline.com Ref: 011100(3)","breadcrumb":{"@id":"https:\/\/www.zaldionline.com\/es\/producto\/sonderangebot-zaleas-fuer-campera-saettel-sattelueberzug-lammfell-leder-kopie\/#breadcrumb"},"inLanguage":"es","potentialAction":[{"@type":"ReadAction","target":["https:\/\/www.zaldionline.com\/es\/producto\/sonderangebot-zaleas-fuer-campera-saettel-sattelueberzug-lammfell-leder-kopie\/"]}]},{"@type":"ImageObject","inLanguage":"es","@id":"https:\/\/www.zaldionline.com\/es\/producto\/sonderangebot-zaleas-fuer-campera-saettel-sattelueberzug-lammfell-leder-kopie\/#primaryimage","url":"https:\/\/www.zaldionline.com\/es\/wp-content\/uploads\/sites\/2\/2020\/11\/Bild_2020-12-10_165001.png","contentUrl":"https:\/\/www.zaldionline.com\/es\/wp-content\/uploads\/sites\/2\/2020\/11\/Bild_2020-12-10_165001.png","width":524,"height":502},{"@type":"BreadcrumbList","@id":"https:\/\/www.zaldionline.com\/es\/producto\/sonderangebot-zaleas-fuer-campera-saettel-sattelueberzug-lammfell-leder-kopie\/#breadcrumb","itemListElement":[{"@type":"ListItem","position":1,"name":"Portada","item":"https:\/\/www.zaldionline.com\/es\/"},{"@type":"ListItem","position":2,"name":"Sillas y accesorios","item":"https:\/\/www.zaldionline.com\/es\/sillas-y-accesorios\/"},{"@type":"ListItem","position":3,"name":"ZALEAS F\u00dcR CAMPERA S\u00c4TTEL (MIT GALLERIE) SATTEL\u00dcBERZUG LAMMFELL LEDER"}]},{"@type":"WebSite","@id":"https:\/\/www.zaldionline.com\/es\/#website","url":"https:\/\/www.zaldionline.com\/es\/","name":"Zaldionline.com","description":"Los mejores productos para usted y su caballo","potentialAction":[{"@type":"SearchAction","target":{"@type":"EntryPoint","urlTemplate":"https:\/\/www.zaldionline.com\/es\/?s={search_term_string}"},"query-input":{"@type":"PropertyValueSpecification","valueRequired":true,"valueName":"search_term_string"}}],"inLanguage":"es"}]}},"_links":{"self":[{"href":"https:\/\/www.zaldionline.com\/es\/wp-json\/wp\/v2\/product\/17570","targetHints":{"allow":["GET"]}}],"collection":[{"href":"https:\/\/www.zaldionline.com\/es\/wp-json\/wp\/v2\/product"}],"about":[{"href":"https:\/\/www.zaldionline.com\/es\/wp-json\/wp\/v2\/types\/product"}],"replies":[{"embeddable":true,"href":"https:\/\/www.zaldionline.com\/es\/wp-json\/wp\/v2\/comments?post=17570"}],"version-history":[{"count":5,"href":"https:\/\/www.zaldionline.com\/es\/wp-json\/wp\/v2\/product\/17570\/revisions"}],"predecessor-version":[{"id":23749,"href":"https:\/\/www.zaldionline.com\/es\/wp-json\/wp\/v2\/product\/17570\/revisions\/23749"}],"wp:featuredmedia":[{"embeddable":true,"href":"https:\/\/www.zaldionline.com\/es\/wp-json\/wp\/v2\/media\/17475"}],"wp:attachment":[{"href":"https:\/\/www.zaldionline.com\/es\/wp-json\/wp\/v2\/media?parent=17570"}],"wp:term":[{"taxonomy":"product_brand","embeddable":true,"href":"https:\/\/www.zaldionline.com\/es\/wp-json\/wp\/v2\/product_brand?post=17570"},{"taxonomy":"product_cat","embeddable":true,"href":"https:\/\/www.zaldionline.com\/es\/wp-json\/wp\/v2\/product_cat?post=17570"},{"taxonomy":"product_tag","embeddable":true,"href":"https:\/\/www.zaldionline.com\/es\/wp-json\/wp\/v2\/product_tag?post=17570"}],"curies":[{"name":"wp","href":"https:\/\/api.w.org\/{rel}","templated":true}]}}