{"id":17600,"date":"2021-01-20T15:32:10","date_gmt":"2021-01-20T15:32:10","guid":{"rendered":"https:\/\/zaldionline.com\/?post_type=product&#038;p=17600"},"modified":"2024-04-09T09:06:00","modified_gmt":"2024-04-09T09:06:00","slug":"zaldi-sillin-tapiceria-incl-envio-dentro-del-periodo-de-garantia","status":"publish","type":"product","link":"https:\/\/www.zaldionline.com\/es\/producto\/zaldi-sillin-tapiceria-incl-envio-dentro-del-periodo-de-garantia\/","title":{"rendered":"ZALDI SILL\u00cdN TAPICER\u00cdA INCL. ENV\u00cdO &#8211; DENTRO DEL PER\u00cdODO DE GARANT\u00cdA"},"content":{"rendered":"\t\t<div data-elementor-type=\"wp-post\" data-elementor-id=\"17600\" class=\"elementor elementor-17600\">\n\t\t\t\t\t\t<section class=\"elementor-section elementor-top-section elementor-element elementor-element-1801444c elementor-section-boxed elementor-section-height-default elementor-section-height-default\" data-id=\"1801444c\" data-element_type=\"section\" data-e-type=\"section\">\n\t\t\t\t\t\t<div class=\"elementor-container elementor-column-gap-default\">\n\t\t\t\t\t<div class=\"elementor-column elementor-col-100 elementor-top-column elementor-element elementor-element-2589131\" data-id=\"2589131\" data-element_type=\"column\" data-e-type=\"column\">\n\t\t\t<div class=\"elementor-widget-wrap elementor-element-populated\">\n\t\t\t\t\t\t<div class=\"elementor-element elementor-element-60b90944 elementor-widget elementor-widget-text-editor\" data-id=\"60b90944\" data-element_type=\"widget\" data-e-type=\"widget\" data-widget_type=\"text-editor.default\">\n\t\t\t\t<div class=\"elementor-widget-container\">\n\t\t\t\t\t\t\t\t\t<p>Ofrecemos los siguientes servicios exclusivamente para sillas de montar ZALDI\u00ae vendidas por nosotros dentro del periodo de garant\u00eda de 2 a\u00f1os*:<\/p><p>Recogida del silla de montar embalada por el cliente y env\u00edo a ZALDI\u00ae**.<br \/>Acolchado de los paneles de lana en base a la medida original EQUIscan<br \/>Env\u00edo de vuelta al cliente<br \/>Precio todo incluido: 286,00\u20ac<\/p><p>Si desea reservar este servicio, env\u00edenos un correo electr\u00f3nico a: info@zaldionline.com. Por favor, no reserve en l\u00ednea (de lo contrario se le cobrar\u00e1n de nuevo los gastos de env\u00edo). Muchas gracias.<\/p><p>Traducci\u00f3n realizada con la versi\u00f3n gratuita del traductor DeepL.com<\/p>\t\t\t\t\t\t\t\t<\/div>\n\t\t\t\t<\/div>\n\t\t\t\t\t<\/div>\n\t\t<\/div>\n\t\t\t\t\t<\/div>\n\t\t<\/section>\n\t\t\t\t<\/div>\n\t\t","protected":false},"excerpt":{"rendered":"<p>Ofrecemos los siguientes servicios exclusivamente para sillas de montar ZALDI\u00ae vendidas por nosotros dentro del periodo de garant\u00eda de 2 a\u00f1os*: Recogida del silla de montar embalada por el cliente y env\u00edo a ZALDI\u00ae**. Acolchado de los paneles de lana en base a la medida original EQUIscan Env\u00edo de vuelta al cliente Precio todo incluido: [&hellip;]<\/p>\n","protected":false},"featured_media":17601,"comment_status":"open","ping_status":"closed","template":"","meta":{"site-sidebar-layout":"default","site-content-layout":"default","ast-site-content-layout":"default","site-content-style":"default","site-sidebar-style":"default","ast-global-header-display":"","ast-banner-title-visibility":"","ast-main-header-display":"","ast-hfb-above-header-display":"","ast-hfb-below-header-display":"","ast-hfb-mobile-header-display":"","site-post-title":"","ast-breadcrumbs-content":"","ast-featured-img":"","footer-sml-layout":"","ast-disable-related-posts":"","theme-transparent-header-meta":"default","adv-header-id-meta":"","stick-header-meta":"","header-above-stick-meta":"","header-main-stick-meta":"","header-below-stick-meta":"","astra-migrate-meta-layouts":"set","ast-page-background-enabled":"default","ast-page-background-meta":{"desktop":{"background-color":"var(--ast-global-color-4)","background-image":"","background-repeat":"repeat","background-position":"center center","background-size":"auto","background-attachment":"scroll","background-type":"","background-media":"","overlay-type":"","overlay-color":"","overlay-opacity":"","overlay-gradient":""},"tablet":{"background-color":"","background-image":"","background-repeat":"repeat","background-position":"center center","background-size":"auto","background-attachment":"scroll","background-type":"","background-media":"","overlay-type":"","overlay-color":"","overlay-opacity":"","overlay-gradient":""},"mobile":{"background-color":"","background-image":"","background-repeat":"repeat","background-position":"center center","background-size":"auto","background-attachment":"scroll","background-type":"","background-media":"","overlay-type":"","overlay-color":"","overlay-opacity":"","overlay-gradient":""}},"ast-content-background-meta":{"desktop":{"background-color":"var(--ast-global-color-5)","background-image":"","background-repeat":"repeat","background-position":"center center","background-size":"auto","background-attachment":"scroll","background-type":"","background-media":"","overlay-type":"","overlay-color":"","overlay-opacity":"","overlay-gradient":""},"tablet":{"background-color":"var(--ast-global-color-5)","background-image":"","background-repeat":"repeat","background-position":"center center","background-size":"auto","background-attachment":"scroll","background-type":"","background-media":"","overlay-type":"","overlay-color":"","overlay-opacity":"","overlay-gradient":""},"mobile":{"background-color":"var(--ast-global-color-5)","background-image":"","background-repeat":"repeat","background-position":"center center","background-size":"auto","background-attachment":"scroll","background-type":"","background-media":"","overlay-type":"","overlay-color":"","overlay-opacity":"","overlay-gradient":""}},"ngg_post_thumbnail":0},"product_brand":[],"product_cat":[34,17],"product_tag":[341,411,409,346,301,707,340,337,338,339,706],"class_list":{"0":"post-17600","1":"product","2":"type-product","3":"status-publish","4":"has-post-thumbnail","6":"product_cat-extras-fabricacion-a-medida-rodilleras-tm-reparaciones","7":"product_cat-sillas","8":"product_tag-bienestarcaballo","9":"product_tag-custom-saddle","10":"product_tag-custom-sattel","11":"product_tag-equiscan-zaldi","12":"product_tag-masssattel","13":"product_tag-sattel-aufpolstern","14":"product_tag-susanne-nagel","15":"product_tag-zaldi","16":"product_tag-zaldi-deutschland","17":"product_tag-zaldi-online-com","18":"product_tag-zaldi-sattel-aufpolstern","19":"desktop-align-left","20":"tablet-align-left","21":"mobile-align-left","23":"first","24":"instock","25":"taxable","26":"shipping-taxable","27":"purchasable","28":"product-type-simple"},"yoast_head":"<!-- This site is optimized with the Yoast SEO plugin v27.5 - https:\/\/yoast.com\/product\/yoast-seo-wordpress\/ -->\n<title>ZALDI SILL\u00cdN TAPICER\u00cdA INCL. ENV\u00cdO - DENTRO DEL PER\u00cdODO DE GARANT\u00cdA - Zaldionline.com<\/title>\n<meta name=\"description\" content=\"Ofrecemos los siguientes servicios exclusivamente para sillas de montar ZALDI\u00ae vendidas por nosotros dentro del periodo de garant\u00eda de 2 a\u00f1os*: Recogida del silla de montar embalada por el cliente y env\u00edo a ZALDI\u00ae**. Acolchado de los paneles de lana en base a la medida original EQUIscan. Env\u00edo de vuelta al cliente. Precio todo incluido: 286,00\u20ac. Si desea reservar este servicio, env\u00edenos un correo electr\u00f3nico a: info@zaldionline.com. Por favor, no reserve en l\u00ednea (de lo contrario se le cobrar\u00e1n de nuevo los gastos de env\u00edo). Muchas gracias.\" \/>\n<meta name=\"robots\" content=\"noindex, follow, max-snippet:-1, max-image-preview:large, max-video-preview:-1\" \/>\n<meta property=\"og:locale\" content=\"es_ES\" \/>\n<meta property=\"og:type\" content=\"article\" \/>\n<meta property=\"og:title\" content=\"ZALDI SILL\u00cdN TAPICER\u00cdA INCL. ENV\u00cdO - DENTRO DEL PER\u00cdODO DE GARANT\u00cdA - Zaldionline.com\" \/>\n<meta property=\"og:description\" content=\"Ofrecemos los siguientes servicios exclusivamente para sillas de montar ZALDI\u00ae vendidas por nosotros dentro del periodo de garant\u00eda de 2 a\u00f1os*: Recogida del silla de montar embalada por el cliente y env\u00edo a ZALDI\u00ae**. Acolchado de los paneles de lana en base a la medida original EQUIscan. Env\u00edo de vuelta al cliente. Precio todo incluido: 286,00\u20ac. Si desea reservar este servicio, env\u00edenos un correo electr\u00f3nico a: info@zaldionline.com. Por favor, no reserve en l\u00ednea (de lo contrario se le cobrar\u00e1n de nuevo los gastos de env\u00edo). Muchas gracias.\" \/>\n<meta property=\"og:url\" content=\"https:\/\/www.zaldionline.com\/es\/producto\/zaldi-sillin-tapiceria-incl-envio-dentro-del-periodo-de-garantia\/\" \/>\n<meta property=\"og:site_name\" content=\"Zaldionline.com\" \/>\n<meta property=\"article:modified_time\" content=\"2024-04-09T09:06:00+00:00\" \/>\n<meta property=\"og:image\" content=\"https:\/\/www.zaldionline.com\/es\/wp-content\/uploads\/sites\/2\/2021\/01\/AUFPOLSTERN.jpg\" \/>\n\t<meta property=\"og:image:width\" content=\"144\" \/>\n\t<meta property=\"og:image:height\" content=\"140\" \/>\n\t<meta property=\"og:image:type\" content=\"image\/jpeg\" \/>\n<meta name=\"twitter:card\" content=\"summary_large_image\" \/>\n<meta name=\"twitter:label1\" content=\"Tiempo de lectura\" \/>\n\t<meta name=\"twitter:data1\" content=\"1 minuto\" \/>\n<script type=\"application\/ld+json\" class=\"yoast-schema-graph\">{\"@context\":\"https:\\\/\\\/schema.org\",\"@graph\":[{\"@type\":\"WebPage\",\"@id\":\"https:\\\/\\\/www.zaldionline.com\\\/es\\\/producto\\\/zaldi-sillin-tapiceria-incl-envio-dentro-del-periodo-de-garantia\\\/\",\"url\":\"https:\\\/\\\/www.zaldionline.com\\\/es\\\/producto\\\/zaldi-sillin-tapiceria-incl-envio-dentro-del-periodo-de-garantia\\\/\",\"name\":\"ZALDI SILL\u00cdN TAPICER\u00cdA INCL. ENV\u00cdO - DENTRO DEL PER\u00cdODO DE GARANT\u00cdA - Zaldionline.com\",\"isPartOf\":{\"@id\":\"https:\\\/\\\/www.zaldionline.com\\\/es\\\/#website\"},\"primaryImageOfPage\":{\"@id\":\"https:\\\/\\\/www.zaldionline.com\\\/es\\\/producto\\\/zaldi-sillin-tapiceria-incl-envio-dentro-del-periodo-de-garantia\\\/#primaryimage\"},\"image\":{\"@id\":\"https:\\\/\\\/www.zaldionline.com\\\/es\\\/producto\\\/zaldi-sillin-tapiceria-incl-envio-dentro-del-periodo-de-garantia\\\/#primaryimage\"},\"thumbnailUrl\":\"https:\\\/\\\/www.zaldionline.com\\\/es\\\/wp-content\\\/uploads\\\/sites\\\/2\\\/2021\\\/01\\\/AUFPOLSTERN.jpg\",\"datePublished\":\"2021-01-20T15:32:10+00:00\",\"dateModified\":\"2024-04-09T09:06:00+00:00\",\"description\":\"Ofrecemos los siguientes servicios exclusivamente para sillas de montar ZALDI\u00ae vendidas por nosotros dentro del periodo de garant\u00eda de 2 a\u00f1os*: Recogida del silla de montar embalada por el cliente y env\u00edo a ZALDI\u00ae**. Acolchado de los paneles de lana en base a la medida original EQUIscan. Env\u00edo de vuelta al cliente. Precio todo incluido: 286,00\u20ac. Si desea reservar este servicio, env\u00edenos un correo electr\u00f3nico a: info@zaldionline.com. Por favor, no reserve en l\u00ednea (de lo contrario se le cobrar\u00e1n de nuevo los gastos de env\u00edo). Muchas gracias.\",\"breadcrumb\":{\"@id\":\"https:\\\/\\\/www.zaldionline.com\\\/es\\\/producto\\\/zaldi-sillin-tapiceria-incl-envio-dentro-del-periodo-de-garantia\\\/#breadcrumb\"},\"inLanguage\":\"es\",\"potentialAction\":[{\"@type\":\"ReadAction\",\"target\":[\"https:\\\/\\\/www.zaldionline.com\\\/es\\\/producto\\\/zaldi-sillin-tapiceria-incl-envio-dentro-del-periodo-de-garantia\\\/\"]}]},{\"@type\":\"ImageObject\",\"inLanguage\":\"es\",\"@id\":\"https:\\\/\\\/www.zaldionline.com\\\/es\\\/producto\\\/zaldi-sillin-tapiceria-incl-envio-dentro-del-periodo-de-garantia\\\/#primaryimage\",\"url\":\"https:\\\/\\\/www.zaldionline.com\\\/es\\\/wp-content\\\/uploads\\\/sites\\\/2\\\/2021\\\/01\\\/AUFPOLSTERN.jpg\",\"contentUrl\":\"https:\\\/\\\/www.zaldionline.com\\\/es\\\/wp-content\\\/uploads\\\/sites\\\/2\\\/2021\\\/01\\\/AUFPOLSTERN.jpg\",\"width\":144,\"height\":140},{\"@type\":\"BreadcrumbList\",\"@id\":\"https:\\\/\\\/www.zaldionline.com\\\/es\\\/producto\\\/zaldi-sillin-tapiceria-incl-envio-dentro-del-periodo-de-garantia\\\/#breadcrumb\",\"itemListElement\":[{\"@type\":\"ListItem\",\"position\":1,\"name\":\"Portada\",\"item\":\"https:\\\/\\\/www.zaldionline.com\\\/es\\\/\"},{\"@type\":\"ListItem\",\"position\":2,\"name\":\"Sillas y accesorios\",\"item\":\"https:\\\/\\\/www.zaldionline.com\\\/es\\\/sillas-y-accesorios\\\/\"},{\"@type\":\"ListItem\",\"position\":3,\"name\":\"ZALDI SILL\u00cdN TAPICER\u00cdA INCL. ENV\u00cdO &#8211; DENTRO DEL PER\u00cdODO DE GARANT\u00cdA\"}]},{\"@type\":\"WebSite\",\"@id\":\"https:\\\/\\\/www.zaldionline.com\\\/es\\\/#website\",\"url\":\"https:\\\/\\\/www.zaldionline.com\\\/es\\\/\",\"name\":\"Zaldionline.com\",\"description\":\"Los mejores productos para usted y su caballo\",\"potentialAction\":[{\"@type\":\"SearchAction\",\"target\":{\"@type\":\"EntryPoint\",\"urlTemplate\":\"https:\\\/\\\/www.zaldionline.com\\\/es\\\/?s={search_term_string}\"},\"query-input\":{\"@type\":\"PropertyValueSpecification\",\"valueRequired\":true,\"valueName\":\"search_term_string\"}}],\"inLanguage\":\"es\"}]}<\/script>\n<!-- \/ Yoast SEO plugin. -->","yoast_head_json":{"title":"ZALDI SILL\u00cdN TAPICER\u00cdA INCL. ENV\u00cdO - DENTRO DEL PER\u00cdODO DE GARANT\u00cdA - Zaldionline.com","description":"Ofrecemos los siguientes servicios exclusivamente para sillas de montar ZALDI\u00ae vendidas por nosotros dentro del periodo de garant\u00eda de 2 a\u00f1os*: Recogida del silla de montar embalada por el cliente y env\u00edo a ZALDI\u00ae**. Acolchado de los paneles de lana en base a la medida original EQUIscan. Env\u00edo de vuelta al cliente. Precio todo incluido: 286,00\u20ac. Si desea reservar este servicio, env\u00edenos un correo electr\u00f3nico a: info@zaldionline.com. Por favor, no reserve en l\u00ednea (de lo contrario se le cobrar\u00e1n de nuevo los gastos de env\u00edo). Muchas gracias.","robots":{"index":"noindex","follow":"follow","max-snippet":"max-snippet:-1","max-image-preview":"max-image-preview:large","max-video-preview":"max-video-preview:-1"},"og_locale":"es_ES","og_type":"article","og_title":"ZALDI SILL\u00cdN TAPICER\u00cdA INCL. ENV\u00cdO - DENTRO DEL PER\u00cdODO DE GARANT\u00cdA - Zaldionline.com","og_description":"Ofrecemos los siguientes servicios exclusivamente para sillas de montar ZALDI\u00ae vendidas por nosotros dentro del periodo de garant\u00eda de 2 a\u00f1os*: Recogida del silla de montar embalada por el cliente y env\u00edo a ZALDI\u00ae**. Acolchado de los paneles de lana en base a la medida original EQUIscan. Env\u00edo de vuelta al cliente. Precio todo incluido: 286,00\u20ac. Si desea reservar este servicio, env\u00edenos un correo electr\u00f3nico a: info@zaldionline.com. Por favor, no reserve en l\u00ednea (de lo contrario se le cobrar\u00e1n de nuevo los gastos de env\u00edo). Muchas gracias.","og_url":"https:\/\/www.zaldionline.com\/es\/producto\/zaldi-sillin-tapiceria-incl-envio-dentro-del-periodo-de-garantia\/","og_site_name":"Zaldionline.com","article_modified_time":"2024-04-09T09:06:00+00:00","og_image":[{"width":144,"height":140,"url":"https:\/\/www.zaldionline.com\/es\/wp-content\/uploads\/sites\/2\/2021\/01\/AUFPOLSTERN.jpg","type":"image\/jpeg"}],"twitter_card":"summary_large_image","twitter_misc":{"Tiempo de lectura":"1 minuto"},"schema":{"@context":"https:\/\/schema.org","@graph":[{"@type":"WebPage","@id":"https:\/\/www.zaldionline.com\/es\/producto\/zaldi-sillin-tapiceria-incl-envio-dentro-del-periodo-de-garantia\/","url":"https:\/\/www.zaldionline.com\/es\/producto\/zaldi-sillin-tapiceria-incl-envio-dentro-del-periodo-de-garantia\/","name":"ZALDI SILL\u00cdN TAPICER\u00cdA INCL. ENV\u00cdO - DENTRO DEL PER\u00cdODO DE GARANT\u00cdA - Zaldionline.com","isPartOf":{"@id":"https:\/\/www.zaldionline.com\/es\/#website"},"primaryImageOfPage":{"@id":"https:\/\/www.zaldionline.com\/es\/producto\/zaldi-sillin-tapiceria-incl-envio-dentro-del-periodo-de-garantia\/#primaryimage"},"image":{"@id":"https:\/\/www.zaldionline.com\/es\/producto\/zaldi-sillin-tapiceria-incl-envio-dentro-del-periodo-de-garantia\/#primaryimage"},"thumbnailUrl":"https:\/\/www.zaldionline.com\/es\/wp-content\/uploads\/sites\/2\/2021\/01\/AUFPOLSTERN.jpg","datePublished":"2021-01-20T15:32:10+00:00","dateModified":"2024-04-09T09:06:00+00:00","description":"Ofrecemos los siguientes servicios exclusivamente para sillas de montar ZALDI\u00ae vendidas por nosotros dentro del periodo de garant\u00eda de 2 a\u00f1os*: Recogida del silla de montar embalada por el cliente y env\u00edo a ZALDI\u00ae**. Acolchado de los paneles de lana en base a la medida original EQUIscan. Env\u00edo de vuelta al cliente. Precio todo incluido: 286,00\u20ac. Si desea reservar este servicio, env\u00edenos un correo electr\u00f3nico a: info@zaldionline.com. Por favor, no reserve en l\u00ednea (de lo contrario se le cobrar\u00e1n de nuevo los gastos de env\u00edo). Muchas gracias.","breadcrumb":{"@id":"https:\/\/www.zaldionline.com\/es\/producto\/zaldi-sillin-tapiceria-incl-envio-dentro-del-periodo-de-garantia\/#breadcrumb"},"inLanguage":"es","potentialAction":[{"@type":"ReadAction","target":["https:\/\/www.zaldionline.com\/es\/producto\/zaldi-sillin-tapiceria-incl-envio-dentro-del-periodo-de-garantia\/"]}]},{"@type":"ImageObject","inLanguage":"es","@id":"https:\/\/www.zaldionline.com\/es\/producto\/zaldi-sillin-tapiceria-incl-envio-dentro-del-periodo-de-garantia\/#primaryimage","url":"https:\/\/www.zaldionline.com\/es\/wp-content\/uploads\/sites\/2\/2021\/01\/AUFPOLSTERN.jpg","contentUrl":"https:\/\/www.zaldionline.com\/es\/wp-content\/uploads\/sites\/2\/2021\/01\/AUFPOLSTERN.jpg","width":144,"height":140},{"@type":"BreadcrumbList","@id":"https:\/\/www.zaldionline.com\/es\/producto\/zaldi-sillin-tapiceria-incl-envio-dentro-del-periodo-de-garantia\/#breadcrumb","itemListElement":[{"@type":"ListItem","position":1,"name":"Portada","item":"https:\/\/www.zaldionline.com\/es\/"},{"@type":"ListItem","position":2,"name":"Sillas y accesorios","item":"https:\/\/www.zaldionline.com\/es\/sillas-y-accesorios\/"},{"@type":"ListItem","position":3,"name":"ZALDI SILL\u00cdN TAPICER\u00cdA INCL. ENV\u00cdO &#8211; DENTRO DEL PER\u00cdODO DE GARANT\u00cdA"}]},{"@type":"WebSite","@id":"https:\/\/www.zaldionline.com\/es\/#website","url":"https:\/\/www.zaldionline.com\/es\/","name":"Zaldionline.com","description":"Los mejores productos para usted y su caballo","potentialAction":[{"@type":"SearchAction","target":{"@type":"EntryPoint","urlTemplate":"https:\/\/www.zaldionline.com\/es\/?s={search_term_string}"},"query-input":{"@type":"PropertyValueSpecification","valueRequired":true,"valueName":"search_term_string"}}],"inLanguage":"es"}]}},"_links":{"self":[{"href":"https:\/\/www.zaldionline.com\/es\/wp-json\/wp\/v2\/product\/17600","targetHints":{"allow":["GET"]}}],"collection":[{"href":"https:\/\/www.zaldionline.com\/es\/wp-json\/wp\/v2\/product"}],"about":[{"href":"https:\/\/www.zaldionline.com\/es\/wp-json\/wp\/v2\/types\/product"}],"replies":[{"embeddable":true,"href":"https:\/\/www.zaldionline.com\/es\/wp-json\/wp\/v2\/comments?post=17600"}],"version-history":[{"count":11,"href":"https:\/\/www.zaldionline.com\/es\/wp-json\/wp\/v2\/product\/17600\/revisions"}],"predecessor-version":[{"id":24724,"href":"https:\/\/www.zaldionline.com\/es\/wp-json\/wp\/v2\/product\/17600\/revisions\/24724"}],"wp:featuredmedia":[{"embeddable":true,"href":"https:\/\/www.zaldionline.com\/es\/wp-json\/wp\/v2\/media\/17601"}],"wp:attachment":[{"href":"https:\/\/www.zaldionline.com\/es\/wp-json\/wp\/v2\/media?parent=17600"}],"wp:term":[{"taxonomy":"product_brand","embeddable":true,"href":"https:\/\/www.zaldionline.com\/es\/wp-json\/wp\/v2\/product_brand?post=17600"},{"taxonomy":"product_cat","embeddable":true,"href":"https:\/\/www.zaldionline.com\/es\/wp-json\/wp\/v2\/product_cat?post=17600"},{"taxonomy":"product_tag","embeddable":true,"href":"https:\/\/www.zaldionline.com\/es\/wp-json\/wp\/v2\/product_tag?post=17600"}],"curies":[{"name":"wp","href":"https:\/\/api.w.org\/{rel}","templated":true}]}}