{"id":17617,"date":"2021-02-02T07:47:40","date_gmt":"2021-02-02T07:47:40","guid":{"rendered":"https:\/\/zaldionline.com\/?post_type=product&#038;p=17617"},"modified":"2023-04-12T12:02:49","modified_gmt":"2023-04-12T12:02:49","slug":"schabracke-schaffell-natural","status":"publish","type":"product","link":"https:\/\/www.zaldionline.com\/es\/producto\/schabracke-schaffell-natural\/","title":{"rendered":"BAUMWOLLSCHABRACKE MIT NATUR SCHAFFELL"},"content":{"rendered":"\t\t<div data-elementor-type=\"wp-post\" data-elementor-id=\"17617\" class=\"elementor elementor-17617\">\n\t\t\t\t\t\t<section class=\"elementor-section elementor-top-section elementor-element elementor-element-34891959 elementor-section-boxed elementor-section-height-default elementor-section-height-default\" data-id=\"34891959\" data-element_type=\"section\" data-e-type=\"section\">\n\t\t\t\t\t\t<div class=\"elementor-container elementor-column-gap-default\">\n\t\t\t\t\t<div class=\"elementor-column elementor-col-100 elementor-top-column elementor-element elementor-element-37543914\" data-id=\"37543914\" data-element_type=\"column\" data-e-type=\"column\">\n\t\t\t<div class=\"elementor-widget-wrap elementor-element-populated\">\n\t\t\t\t\t\t<div class=\"elementor-element elementor-element-77ee1ae1 elementor-widget elementor-widget-text-editor\" data-id=\"77ee1ae1\" data-element_type=\"widget\" data-e-type=\"widget\" data-widget_type=\"text-editor.default\">\n\t\t\t\t<div class=\"elementor-widget-container\">\n\t\t\t\t\t\t\t\t\t<p>Preis inkl. MwSt.: 147,43\u20ac<br \/><span class=\"VIiyi\" lang=\"de\"><span class=\"JLqJ4b ChMk0b\" data-language-for-alternatives=\"de\" data-language-to-translate-into=\"es\" data-phrase-index=\"0\">Schabracke aus Baumwolle mit innenliegendem Kreuzpolster aus weichem Naturschaffell in Beige.<\/span> <\/span><\/p><p><span class=\"VIiyi\" lang=\"de\"><span class=\"JLqJ4b ChMk0b\" data-language-for-alternatives=\"de\" data-language-to-translate-into=\"es\" data-phrase-index=\"2\">Das eingebaute Kreuzpolster hat den Vorteil, dass die Decke an Ort und Stelle bleibt, indem sie mehr Halt bietet als eine normale Decke.<\/span> <\/span><\/p><p><span class=\"VIiyi\" lang=\"de\"><span class=\"JLqJ4b ChMk0b\" data-language-for-alternatives=\"de\" data-language-to-translate-into=\"es\" data-phrase-index=\"4\">Sehr angenehm f\u00fcr das Pferd.<\/span> <\/span><\/p><p><span class=\"VIiyi\" lang=\"de\"><span class=\"JLqJ4b ChMk0b\" data-language-for-alternatives=\"de\" data-language-to-translate-into=\"es\" data-phrase-index=\"6\">Haken mit Klettverschluss.<\/span> <\/span><\/p><p><span class=\"VIiyi\" lang=\"de\"><span class=\"JLqJ4b ChMk0b\" data-language-for-alternatives=\"de\" data-language-to-translate-into=\"es\" data-phrase-index=\"8\">Bei 30 \u00b0 C waschbar und f\u00fcr Niedertemperaturtrockner geeignet.<\/span> <\/span><\/p><p><span class=\"VIiyi\" lang=\"de\"><span class=\"JLqJ4b ChMk0b\" data-language-for-alternatives=\"de\" data-language-to-translate-into=\"es\" data-phrase-index=\"10\">Gr\u00f6\u00dfen: Springen, Dressur.<\/span> <\/span><\/p><p><span class=\"VIiyi\" lang=\"de\"><span class=\"JLqJ4b ChMk0b\" data-language-for-alternatives=\"de\" data-language-to-translate-into=\"es\" data-phrase-index=\"12\">Farbe: Wei\u00df mit beigem Lammfell, Schwarz mit beigem Lammfell.<\/span><\/span><\/p><p>F\u00fcr weitere Informationen kontaktiere uns bitte.<br \/>Wir beraten Dich gerne!<\/p><p>Ref.: 21063880100<\/p><p>\u00a0<\/p>\t\t\t\t\t\t\t\t<\/div>\n\t\t\t\t<\/div>\n\t\t\t\t\t<\/div>\n\t\t<\/div>\n\t\t\t\t\t<\/div>\n\t\t<\/section>\n\t\t\t\t<\/div>\n\t\t","protected":false},"excerpt":{"rendered":"<p>Preis inkl. MwSt.: 147,43\u20ac Schabracke aus Baumwolle mit innenliegendem Kreuzpolster aus weichem Naturschaffell in Beige. Das eingebaute Kreuzpolster hat den Vorteil, dass die Decke an Ort und Stelle bleibt, indem sie mehr Halt bietet als eine normale Decke. Sehr angenehm f\u00fcr das Pferd. Haken mit Klettverschluss. Bei 30 \u00b0 C waschbar und f\u00fcr Niedertemperaturtrockner geeignet. [&hellip;]<\/p>\n","protected":false},"featured_media":17608,"comment_status":"open","ping_status":"closed","template":"","meta":{"site-sidebar-layout":"default","site-content-layout":"default","ast-site-content-layout":"default","site-content-style":"default","site-sidebar-style":"default","ast-global-header-display":"","ast-banner-title-visibility":"","ast-main-header-display":"","ast-hfb-above-header-display":"","ast-hfb-below-header-display":"","ast-hfb-mobile-header-display":"","site-post-title":"","ast-breadcrumbs-content":"","ast-featured-img":"","footer-sml-layout":"","ast-disable-related-posts":"","theme-transparent-header-meta":"default","adv-header-id-meta":"","stick-header-meta":"","header-above-stick-meta":"","header-main-stick-meta":"","header-below-stick-meta":"","astra-migrate-meta-layouts":"default","ast-page-background-enabled":"default","ast-page-background-meta":{"desktop":{"background-color":"var(--ast-global-color-4)","background-image":"","background-repeat":"repeat","background-position":"center center","background-size":"auto","background-attachment":"scroll","background-type":"","background-media":"","overlay-type":"","overlay-color":"","overlay-opacity":"","overlay-gradient":""},"tablet":{"background-color":"","background-image":"","background-repeat":"repeat","background-position":"center center","background-size":"auto","background-attachment":"scroll","background-type":"","background-media":"","overlay-type":"","overlay-color":"","overlay-opacity":"","overlay-gradient":""},"mobile":{"background-color":"","background-image":"","background-repeat":"repeat","background-position":"center center","background-size":"auto","background-attachment":"scroll","background-type":"","background-media":"","overlay-type":"","overlay-color":"","overlay-opacity":"","overlay-gradient":""}},"ast-content-background-meta":{"desktop":{"background-color":"var(--ast-global-color-5)","background-image":"","background-repeat":"repeat","background-position":"center center","background-size":"auto","background-attachment":"scroll","background-type":"","background-media":"","overlay-type":"","overlay-color":"","overlay-opacity":"","overlay-gradient":""},"tablet":{"background-color":"var(--ast-global-color-5)","background-image":"","background-repeat":"repeat","background-position":"center center","background-size":"auto","background-attachment":"scroll","background-type":"","background-media":"","overlay-type":"","overlay-color":"","overlay-opacity":"","overlay-gradient":""},"mobile":{"background-color":"var(--ast-global-color-5)","background-image":"","background-repeat":"repeat","background-position":"center center","background-size":"auto","background-attachment":"scroll","background-type":"","background-media":"","overlay-type":"","overlay-color":"","overlay-opacity":"","overlay-gradient":""}},"ngg_post_thumbnail":0},"product_brand":[],"product_cat":[277],"product_tag":[701,700,341,641,640,202,340,337,338,339],"class_list":{"0":"post-17617","1":"product","2":"type-product","3":"status-publish","4":"has-post-thumbnail","6":"product_cat-neuigkeiten","7":"product_tag-baumwollschabracke","8":"product_tag-baumwollschabracke-mit-schaffell","9":"product_tag-bienestarcaballo","10":"product_tag-schabracke","11":"product_tag-schabracken","12":"product_tag-sillas","13":"product_tag-susanne-nagel","14":"product_tag-zaldi","15":"product_tag-zaldi-deutschland","16":"product_tag-zaldi-online-com","17":"desktop-align-left","18":"tablet-align-left","19":"mobile-align-left","21":"first","22":"instock","23":"taxable","24":"shipping-taxable","25":"purchasable","26":"product-type-variable"},"yoast_head":"<!-- This site is optimized with the Yoast SEO plugin v27.4 - https:\/\/yoast.com\/product\/yoast-seo-wordpress\/ -->\n<title>BAUMWOLLSCHABRACKE MIT NATUR SCHAFFELL - Zaldionline.com<\/title>\n<meta name=\"description\" content=\"Schabracke aus Baumwolle mit innenliegendem Kreuzpolster aus weichem Naturschaffell in Beige. Das eingebaute Kreuzpolster hat den Vorteil, dass die Decke an Ort und Stelle bleibt, indem sie mehr Halt bietet als eine normale Decke. Sehr angenehm f\u00fcr das Pferd. Haken mit Klettverschluss. Bei 30 \u00b0 C waschbar und f\u00fcr Niedertemperaturtrockner geeignet. Gr\u00f6\u00dfen: Springen, Dressur. Farbe: Wei\u00df mit beigem Lammfell, Schwarz mit beigem Lammfell. F\u00fcr weitere Informationen kontaktiere uns bitte. Wir beraten Dich gerne. Erh\u00e4ltlich \u00fcber Zaldionline.com Ref.: 21063880100\" \/>\n<meta name=\"robots\" content=\"noindex, follow, max-snippet:-1, max-image-preview:large, max-video-preview:-1\" \/>\n<meta property=\"og:locale\" content=\"es_ES\" \/>\n<meta property=\"og:type\" content=\"article\" \/>\n<meta property=\"og:title\" content=\"BAUMWOLLSCHABRACKE MIT NATUR SCHAFFELL - Zaldionline.com\" \/>\n<meta property=\"og:description\" content=\"Schabracke aus Baumwolle mit innenliegendem Kreuzpolster aus weichem Naturschaffell in Beige. Das eingebaute Kreuzpolster hat den Vorteil, dass die Decke an Ort und Stelle bleibt, indem sie mehr Halt bietet als eine normale Decke. Sehr angenehm f\u00fcr das Pferd. Haken mit Klettverschluss. Bei 30 \u00b0 C waschbar und f\u00fcr Niedertemperaturtrockner geeignet. Gr\u00f6\u00dfen: Springen, Dressur. Farbe: Wei\u00df mit beigem Lammfell, Schwarz mit beigem Lammfell. F\u00fcr weitere Informationen kontaktiere uns bitte. Wir beraten Dich gerne. Erh\u00e4ltlich \u00fcber Zaldionline.com Ref.: 21063880100\" \/>\n<meta property=\"og:url\" content=\"https:\/\/www.zaldionline.com\/es\/producto\/schabracke-schaffell-natural\/\" \/>\n<meta property=\"og:site_name\" content=\"Zaldionline.com\" \/>\n<meta property=\"article:modified_time\" content=\"2023-04-12T12:02:49+00:00\" \/>\n<meta property=\"og:image\" content=\"https:\/\/www.zaldionline.com\/es\/wp-content\/uploads\/sites\/2\/2021\/02\/Bild_2021-02-02_081834.png\" \/>\n\t<meta property=\"og:image:width\" content=\"514\" \/>\n\t<meta property=\"og:image:height\" content=\"509\" \/>\n\t<meta property=\"og:image:type\" content=\"image\/png\" \/>\n<meta name=\"twitter:card\" content=\"summary_large_image\" \/>\n<meta name=\"twitter:label1\" content=\"Tiempo de lectura\" \/>\n\t<meta name=\"twitter:data1\" content=\"1 minuto\" \/>\n<script type=\"application\/ld+json\" class=\"yoast-schema-graph\">{\"@context\":\"https:\\\/\\\/schema.org\",\"@graph\":[{\"@type\":\"WebPage\",\"@id\":\"https:\\\/\\\/www.zaldionline.com\\\/es\\\/producto\\\/schabracke-schaffell-natural\\\/\",\"url\":\"https:\\\/\\\/www.zaldionline.com\\\/es\\\/producto\\\/schabracke-schaffell-natural\\\/\",\"name\":\"BAUMWOLLSCHABRACKE MIT NATUR SCHAFFELL - Zaldionline.com\",\"isPartOf\":{\"@id\":\"https:\\\/\\\/www.zaldionline.com\\\/es\\\/#website\"},\"primaryImageOfPage\":{\"@id\":\"https:\\\/\\\/www.zaldionline.com\\\/es\\\/producto\\\/schabracke-schaffell-natural\\\/#primaryimage\"},\"image\":{\"@id\":\"https:\\\/\\\/www.zaldionline.com\\\/es\\\/producto\\\/schabracke-schaffell-natural\\\/#primaryimage\"},\"thumbnailUrl\":\"https:\\\/\\\/www.zaldionline.com\\\/es\\\/wp-content\\\/uploads\\\/sites\\\/2\\\/2021\\\/02\\\/Bild_2021-02-02_081834.png\",\"datePublished\":\"2021-02-02T07:47:40+00:00\",\"dateModified\":\"2023-04-12T12:02:49+00:00\",\"description\":\"Schabracke aus Baumwolle mit innenliegendem Kreuzpolster aus weichem Naturschaffell in Beige. Das eingebaute Kreuzpolster hat den Vorteil, dass die Decke an Ort und Stelle bleibt, indem sie mehr Halt bietet als eine normale Decke. Sehr angenehm f\u00fcr das Pferd. Haken mit Klettverschluss. Bei 30 \u00b0 C waschbar und f\u00fcr Niedertemperaturtrockner geeignet. Gr\u00f6\u00dfen: Springen, Dressur. Farbe: Wei\u00df mit beigem Lammfell, Schwarz mit beigem Lammfell. F\u00fcr weitere Informationen kontaktiere uns bitte. Wir beraten Dich gerne. Erh\u00e4ltlich \u00fcber Zaldionline.com Ref.: 21063880100\",\"breadcrumb\":{\"@id\":\"https:\\\/\\\/www.zaldionline.com\\\/es\\\/producto\\\/schabracke-schaffell-natural\\\/#breadcrumb\"},\"inLanguage\":\"es\",\"potentialAction\":[{\"@type\":\"ReadAction\",\"target\":[\"https:\\\/\\\/www.zaldionline.com\\\/es\\\/producto\\\/schabracke-schaffell-natural\\\/\"]}]},{\"@type\":\"ImageObject\",\"inLanguage\":\"es\",\"@id\":\"https:\\\/\\\/www.zaldionline.com\\\/es\\\/producto\\\/schabracke-schaffell-natural\\\/#primaryimage\",\"url\":\"https:\\\/\\\/www.zaldionline.com\\\/es\\\/wp-content\\\/uploads\\\/sites\\\/2\\\/2021\\\/02\\\/Bild_2021-02-02_081834.png\",\"contentUrl\":\"https:\\\/\\\/www.zaldionline.com\\\/es\\\/wp-content\\\/uploads\\\/sites\\\/2\\\/2021\\\/02\\\/Bild_2021-02-02_081834.png\",\"width\":514,\"height\":509},{\"@type\":\"BreadcrumbList\",\"@id\":\"https:\\\/\\\/www.zaldionline.com\\\/es\\\/producto\\\/schabracke-schaffell-natural\\\/#breadcrumb\",\"itemListElement\":[{\"@type\":\"ListItem\",\"position\":1,\"name\":\"Portada\",\"item\":\"https:\\\/\\\/www.zaldionline.com\\\/es\\\/\"},{\"@type\":\"ListItem\",\"position\":2,\"name\":\"Sillas y accesorios\",\"item\":\"https:\\\/\\\/www.zaldionline.com\\\/es\\\/sillas-y-accesorios\\\/\"},{\"@type\":\"ListItem\",\"position\":3,\"name\":\"BAUMWOLLSCHABRACKE MIT NATUR SCHAFFELL\"}]},{\"@type\":\"WebSite\",\"@id\":\"https:\\\/\\\/www.zaldionline.com\\\/es\\\/#website\",\"url\":\"https:\\\/\\\/www.zaldionline.com\\\/es\\\/\",\"name\":\"Zaldionline.com\",\"description\":\"Los mejores productos para usted y su caballo\",\"potentialAction\":[{\"@type\":\"SearchAction\",\"target\":{\"@type\":\"EntryPoint\",\"urlTemplate\":\"https:\\\/\\\/www.zaldionline.com\\\/es\\\/?s={search_term_string}\"},\"query-input\":{\"@type\":\"PropertyValueSpecification\",\"valueRequired\":true,\"valueName\":\"search_term_string\"}}],\"inLanguage\":\"es\"}]}<\/script>\n<!-- \/ Yoast SEO plugin. -->","yoast_head_json":{"title":"BAUMWOLLSCHABRACKE MIT NATUR SCHAFFELL - Zaldionline.com","description":"Schabracke aus Baumwolle mit innenliegendem Kreuzpolster aus weichem Naturschaffell in Beige. Das eingebaute Kreuzpolster hat den Vorteil, dass die Decke an Ort und Stelle bleibt, indem sie mehr Halt bietet als eine normale Decke. Sehr angenehm f\u00fcr das Pferd. Haken mit Klettverschluss. Bei 30 \u00b0 C waschbar und f\u00fcr Niedertemperaturtrockner geeignet. Gr\u00f6\u00dfen: Springen, Dressur. Farbe: Wei\u00df mit beigem Lammfell, Schwarz mit beigem Lammfell. F\u00fcr weitere Informationen kontaktiere uns bitte. Wir beraten Dich gerne. Erh\u00e4ltlich \u00fcber Zaldionline.com Ref.: 21063880100","robots":{"index":"noindex","follow":"follow","max-snippet":"max-snippet:-1","max-image-preview":"max-image-preview:large","max-video-preview":"max-video-preview:-1"},"og_locale":"es_ES","og_type":"article","og_title":"BAUMWOLLSCHABRACKE MIT NATUR SCHAFFELL - Zaldionline.com","og_description":"Schabracke aus Baumwolle mit innenliegendem Kreuzpolster aus weichem Naturschaffell in Beige. Das eingebaute Kreuzpolster hat den Vorteil, dass die Decke an Ort und Stelle bleibt, indem sie mehr Halt bietet als eine normale Decke. Sehr angenehm f\u00fcr das Pferd. Haken mit Klettverschluss. Bei 30 \u00b0 C waschbar und f\u00fcr Niedertemperaturtrockner geeignet. Gr\u00f6\u00dfen: Springen, Dressur. Farbe: Wei\u00df mit beigem Lammfell, Schwarz mit beigem Lammfell. F\u00fcr weitere Informationen kontaktiere uns bitte. Wir beraten Dich gerne. Erh\u00e4ltlich \u00fcber Zaldionline.com Ref.: 21063880100","og_url":"https:\/\/www.zaldionline.com\/es\/producto\/schabracke-schaffell-natural\/","og_site_name":"Zaldionline.com","article_modified_time":"2023-04-12T12:02:49+00:00","og_image":[{"width":514,"height":509,"url":"https:\/\/www.zaldionline.com\/es\/wp-content\/uploads\/sites\/2\/2021\/02\/Bild_2021-02-02_081834.png","type":"image\/png"}],"twitter_card":"summary_large_image","twitter_misc":{"Tiempo de lectura":"1 minuto"},"schema":{"@context":"https:\/\/schema.org","@graph":[{"@type":"WebPage","@id":"https:\/\/www.zaldionline.com\/es\/producto\/schabracke-schaffell-natural\/","url":"https:\/\/www.zaldionline.com\/es\/producto\/schabracke-schaffell-natural\/","name":"BAUMWOLLSCHABRACKE MIT NATUR SCHAFFELL - Zaldionline.com","isPartOf":{"@id":"https:\/\/www.zaldionline.com\/es\/#website"},"primaryImageOfPage":{"@id":"https:\/\/www.zaldionline.com\/es\/producto\/schabracke-schaffell-natural\/#primaryimage"},"image":{"@id":"https:\/\/www.zaldionline.com\/es\/producto\/schabracke-schaffell-natural\/#primaryimage"},"thumbnailUrl":"https:\/\/www.zaldionline.com\/es\/wp-content\/uploads\/sites\/2\/2021\/02\/Bild_2021-02-02_081834.png","datePublished":"2021-02-02T07:47:40+00:00","dateModified":"2023-04-12T12:02:49+00:00","description":"Schabracke aus Baumwolle mit innenliegendem Kreuzpolster aus weichem Naturschaffell in Beige. Das eingebaute Kreuzpolster hat den Vorteil, dass die Decke an Ort und Stelle bleibt, indem sie mehr Halt bietet als eine normale Decke. Sehr angenehm f\u00fcr das Pferd. Haken mit Klettverschluss. Bei 30 \u00b0 C waschbar und f\u00fcr Niedertemperaturtrockner geeignet. Gr\u00f6\u00dfen: Springen, Dressur. Farbe: Wei\u00df mit beigem Lammfell, Schwarz mit beigem Lammfell. F\u00fcr weitere Informationen kontaktiere uns bitte. Wir beraten Dich gerne. Erh\u00e4ltlich \u00fcber Zaldionline.com Ref.: 21063880100","breadcrumb":{"@id":"https:\/\/www.zaldionline.com\/es\/producto\/schabracke-schaffell-natural\/#breadcrumb"},"inLanguage":"es","potentialAction":[{"@type":"ReadAction","target":["https:\/\/www.zaldionline.com\/es\/producto\/schabracke-schaffell-natural\/"]}]},{"@type":"ImageObject","inLanguage":"es","@id":"https:\/\/www.zaldionline.com\/es\/producto\/schabracke-schaffell-natural\/#primaryimage","url":"https:\/\/www.zaldionline.com\/es\/wp-content\/uploads\/sites\/2\/2021\/02\/Bild_2021-02-02_081834.png","contentUrl":"https:\/\/www.zaldionline.com\/es\/wp-content\/uploads\/sites\/2\/2021\/02\/Bild_2021-02-02_081834.png","width":514,"height":509},{"@type":"BreadcrumbList","@id":"https:\/\/www.zaldionline.com\/es\/producto\/schabracke-schaffell-natural\/#breadcrumb","itemListElement":[{"@type":"ListItem","position":1,"name":"Portada","item":"https:\/\/www.zaldionline.com\/es\/"},{"@type":"ListItem","position":2,"name":"Sillas y accesorios","item":"https:\/\/www.zaldionline.com\/es\/sillas-y-accesorios\/"},{"@type":"ListItem","position":3,"name":"BAUMWOLLSCHABRACKE MIT NATUR SCHAFFELL"}]},{"@type":"WebSite","@id":"https:\/\/www.zaldionline.com\/es\/#website","url":"https:\/\/www.zaldionline.com\/es\/","name":"Zaldionline.com","description":"Los mejores productos para usted y su caballo","potentialAction":[{"@type":"SearchAction","target":{"@type":"EntryPoint","urlTemplate":"https:\/\/www.zaldionline.com\/es\/?s={search_term_string}"},"query-input":{"@type":"PropertyValueSpecification","valueRequired":true,"valueName":"search_term_string"}}],"inLanguage":"es"}]}},"_links":{"self":[{"href":"https:\/\/www.zaldionline.com\/es\/wp-json\/wp\/v2\/product\/17617","targetHints":{"allow":["GET"]}}],"collection":[{"href":"https:\/\/www.zaldionline.com\/es\/wp-json\/wp\/v2\/product"}],"about":[{"href":"https:\/\/www.zaldionline.com\/es\/wp-json\/wp\/v2\/types\/product"}],"replies":[{"embeddable":true,"href":"https:\/\/www.zaldionline.com\/es\/wp-json\/wp\/v2\/comments?post=17617"}],"version-history":[{"count":1,"href":"https:\/\/www.zaldionline.com\/es\/wp-json\/wp\/v2\/product\/17617\/revisions"}],"predecessor-version":[{"id":23186,"href":"https:\/\/www.zaldionline.com\/es\/wp-json\/wp\/v2\/product\/17617\/revisions\/23186"}],"wp:featuredmedia":[{"embeddable":true,"href":"https:\/\/www.zaldionline.com\/es\/wp-json\/wp\/v2\/media\/17608"}],"wp:attachment":[{"href":"https:\/\/www.zaldionline.com\/es\/wp-json\/wp\/v2\/media?parent=17617"}],"wp:term":[{"taxonomy":"product_brand","embeddable":true,"href":"https:\/\/www.zaldionline.com\/es\/wp-json\/wp\/v2\/product_brand?post=17617"},{"taxonomy":"product_cat","embeddable":true,"href":"https:\/\/www.zaldionline.com\/es\/wp-json\/wp\/v2\/product_cat?post=17617"},{"taxonomy":"product_tag","embeddable":true,"href":"https:\/\/www.zaldionline.com\/es\/wp-json\/wp\/v2\/product_tag?post=17617"}],"curies":[{"name":"wp","href":"https:\/\/api.w.org\/{rel}","templated":true}]}}