{"id":17636,"date":"2021-02-03T11:34:04","date_gmt":"2021-02-03T11:34:04","guid":{"rendered":"https:\/\/zaldionline.com\/?post_type=product&#038;p=17636"},"modified":"2023-04-12T11:53:09","modified_gmt":"2023-04-12T11:53:09","slug":"zaldi-proartix-behandlung-arthritis-pferde-1kg-ergaenzungsfutter-fuer-pferde","status":"publish","type":"product","link":"https:\/\/www.zaldionline.com\/es\/producto\/zaldi-proartix-behandlung-arthritis-pferde-1kg-ergaenzungsfutter-fuer-pferde\/","title":{"rendered":"ZALDI PROARTIX BEHANDLUNG ARTHRITIS PFERDE 1KG ERG\u00c4NZUNGSFUTTER F\u00dcR PFERDE"},"content":{"rendered":"<p>Preis inkl. MwSt.: 63,00 \u20ac<\/p>\n<p><span class=\"VIiyi\" lang=\"de\"><span class=\"JLqJ4b\" data-language-for-alternatives=\"de\" data-language-to-translate-into=\"es\" data-phrase-index=\"0\">PROARTIX ist ein Erg\u00e4nzungsfutter f\u00fcr Pferde. <\/span><\/span><\/p>\n<p><span class=\"VIiyi\" lang=\"de\"><span class=\"JLqJ4b\" data-language-for-alternatives=\"de\" data-language-to-translate-into=\"es\" data-phrase-index=\"0\">Es kommt in Pulverform zur oralen Verabreichung. Empfohlen bei entz\u00fcndlichen Prozessen, Arthrose, degenerativen und posttraumatischen Gelenkerkrankungen.<\/span><\/span><\/p>\n<p><span class=\"VIiyi\" lang=\"de\"><span class=\"JLqJ4b\" data-language-for-alternatives=\"de\" data-language-to-translate-into=\"es\" data-phrase-index=\"0\">Verbessert den Zustand der Knorpelstruktur durch Aktivierung der Kollagenbildung.<\/span><\/span><\/p>\n<p><span class=\"VIiyi\" lang=\"de\"><span class=\"JLqJ4b\" data-language-for-alternatives=\"de\" data-language-to-translate-into=\"es\" data-phrase-index=\"0\">Mit Chondroitinsulfat und Glucosaminsulfat formuliert, nat\u00fcrliche entz\u00fcndungshemmende Verbindungen mit einem hohen Gehalt an Mucopolysacchariden, die die Vaskularisierung des Knorpels hemmen und einen Kontrolleffekt bei der Gelenkdegeneration erzielen.<\/span><\/span><\/p>\n<p><span class=\"VIiyi\" lang=\"de\"><span class=\"JLqJ4b\" data-language-for-alternatives=\"de\" data-language-to-translate-into=\"es\" data-phrase-index=\"0\">Hilft bei der Flexibilit\u00e4t der Sehnen.<\/span><\/span><\/p>\n<p><span class=\"VIiyi\" lang=\"de\"><span class=\"JLqJ4b\" data-language-for-alternatives=\"de\" data-language-to-translate-into=\"es\" data-phrase-index=\"0\">Es wird bei degenerativen posttraumatischen Gelenkerkrankungen angewendet.<\/span><\/span><\/p>\n<p><span class=\"VIiyi\" lang=\"de\"><span class=\"JLqJ4b\" data-language-for-alternatives=\"de\" data-language-to-translate-into=\"es\" data-phrase-index=\"0\">Anwendung und Dosierung: * Pferde: 15 g (ein Essl\u00f6ffel) pro Pferd und Tag bis zur vollst\u00e4ndigen Genesung. * Fohlen: 7,5 g (halber Essl\u00f6ffel) pro Fohlen und Tag bis zur vollst\u00e4ndigen Genesung. <\/span><\/span><\/p>\n<p><span class=\"VIiyi\" lang=\"de\"><span class=\"JLqJ4b\" data-language-for-alternatives=\"de\" data-language-to-translate-into=\"es\" data-phrase-index=\"0\">Komposition: Dextrose 75%, Glucosaminsulfat 1,6%, Chondroitinsulfat 1,3%. <\/span><\/span><\/p>\n<p><span class=\"VIiyi\" lang=\"de\"><span class=\"JLqJ4b\" data-language-for-alternatives=\"de\" data-language-to-translate-into=\"es\" data-phrase-index=\"0\">Analytische Bestandteile: Rohprotein 2%, Roh\u00f6le und -fette 0%, Rohfaser 0%, Rohasche 16,79%, Partner 0%. <\/span><\/span><\/p>\n<p><span class=\"VIiyi\" lang=\"de\"><span class=\"JLqJ4b\" data-language-for-alternatives=\"de\" data-language-to-translate-into=\"es\" data-phrase-index=\"0\">Zusatzstoffe pro kg: Gut definierte Vitamine, Provitamine und Substanzen mit \u00e4hnlicher Wirkung: Vitamin C (E300) 23.000 mg Aminos\u00e4uren, ihre Salze und Analoga: Phenylalanin 2.000 mg<\/span><\/span><\/p>\n<p><span class=\"VIiyi\" lang=\"de\"><span class=\"JLqJ4b\" data-language-for-alternatives=\"de\" data-language-to-translate-into=\"es\" data-phrase-index=\"0\">Gr\u00f6\u00dfe: 1 kg Beh\u00e4lter<\/span><\/span><\/p>\n","protected":false},"excerpt":{"rendered":"<p>Preis inkl. MwSt.: 63,00 \u20ac PROARTIX ist ein Erg\u00e4nzungsfutter f\u00fcr Pferde. Es kommt in Pulverform zur oralen Verabreichung. Empfohlen bei entz\u00fcndlichen Prozessen, Arthrose, degenerativen und posttraumatischen Gelenkerkrankungen. Verbessert den Zustand der Knorpelstruktur durch Aktivierung der Kollagenbildung. Mit Chondroitinsulfat und Glucosaminsulfat formuliert, nat\u00fcrliche entz\u00fcndungshemmende Verbindungen mit einem hohen Gehalt an Mucopolysacchariden, die die Vaskularisierung des Knorpels [&hellip;]<\/p>\n","protected":false},"featured_media":17637,"comment_status":"open","ping_status":"closed","template":"","meta":{"site-sidebar-layout":"default","site-content-layout":"default","ast-site-content-layout":"default","site-content-style":"default","site-sidebar-style":"default","ast-global-header-display":"","ast-banner-title-visibility":"","ast-main-header-display":"","ast-hfb-above-header-display":"","ast-hfb-below-header-display":"","ast-hfb-mobile-header-display":"","site-post-title":"","ast-breadcrumbs-content":"","ast-featured-img":"","footer-sml-layout":"","ast-disable-related-posts":"","theme-transparent-header-meta":"default","adv-header-id-meta":"","stick-header-meta":"","header-above-stick-meta":"","header-main-stick-meta":"","header-below-stick-meta":"","astra-migrate-meta-layouts":"default","ast-page-background-enabled":"default","ast-page-background-meta":{"desktop":{"background-color":"var(--ast-global-color-4)","background-image":"","background-repeat":"repeat","background-position":"center center","background-size":"auto","background-attachment":"scroll","background-type":"","background-media":"","overlay-type":"","overlay-color":"","overlay-opacity":"","overlay-gradient":""},"tablet":{"background-color":"","background-image":"","background-repeat":"repeat","background-position":"center center","background-size":"auto","background-attachment":"scroll","background-type":"","background-media":"","overlay-type":"","overlay-color":"","overlay-opacity":"","overlay-gradient":""},"mobile":{"background-color":"","background-image":"","background-repeat":"repeat","background-position":"center center","background-size":"auto","background-attachment":"scroll","background-type":"","background-media":"","overlay-type":"","overlay-color":"","overlay-opacity":"","overlay-gradient":""}},"ast-content-background-meta":{"desktop":{"background-color":"var(--ast-global-color-5)","background-image":"","background-repeat":"repeat","background-position":"center center","background-size":"auto","background-attachment":"scroll","background-type":"","background-media":"","overlay-type":"","overlay-color":"","overlay-opacity":"","overlay-gradient":""},"tablet":{"background-color":"var(--ast-global-color-5)","background-image":"","background-repeat":"repeat","background-position":"center center","background-size":"auto","background-attachment":"scroll","background-type":"","background-media":"","overlay-type":"","overlay-color":"","overlay-opacity":"","overlay-gradient":""},"mobile":{"background-color":"var(--ast-global-color-5)","background-image":"","background-repeat":"repeat","background-position":"center center","background-size":"auto","background-attachment":"scroll","background-type":"","background-media":"","overlay-type":"","overlay-color":"","overlay-opacity":"","overlay-gradient":""}},"ngg_post_thumbnail":0},"product_brand":[],"product_cat":[277],"product_tag":[341,692,690,691,694,693,340,337,338,339],"class_list":{"0":"post-17636","1":"product","2":"type-product","3":"status-publish","4":"has-post-thumbnail","6":"product_cat-neuigkeiten","7":"product_tag-bienestarcaballo","8":"product_tag-ergaenzungsfutter","9":"product_tag-ergaenzungsfutter-fuer-pferde","10":"product_tag-ergenzungsfutter-pferd","11":"product_tag-gelenkerkrankungen-beim-pferd","12":"product_tag-proartix","13":"product_tag-susanne-nagel","14":"product_tag-zaldi","15":"product_tag-zaldi-deutschland","16":"product_tag-zaldi-online-com","17":"desktop-align-left","18":"tablet-align-left","19":"mobile-align-left","21":"first","22":"instock","23":"taxable","24":"shipping-taxable","25":"purchasable","26":"product-type-simple"},"yoast_head":"<!-- This site is optimized with the Yoast SEO plugin v27.4 - https:\/\/yoast.com\/product\/yoast-seo-wordpress\/ -->\n<title>ZALDI PROARTIX BEHANDLUNG ARTHRITIS PFERDE 1KG ERG\u00c4NZUNGSFUTTER F\u00dcR PFERDE - Zaldionline.com<\/title>\n<meta name=\"description\" content=\"PROARTIX ist ein Erg\u00e4nzungsfutter f\u00fcr Pferde. Es kommt in Pulverform zur oralen Verabreichung. Empfohlen bei entz\u00fcndlichen Prozessen, Arthrose, degenerativen und posttraumatischen Gelenkerkrankungen. Verbessert den Zustand der Knorpelstruktur durch Aktivierung der Kollagenbildung. Mit Chondroitinsulfat und Glucosaminsulfat formuliert, nat\u00fcrliche entz\u00fcndungshemmende Verbindungen mit einem hohen Gehalt an Mucopolysacchariden, die die Vaskularisierung des Knorpels hemmen und einen Kontrolleffekt bei der Gelenkdegeneration erzielen. Hilft bei der Flexibilit\u00e4t der Sehnen. Es wird bei degenerativen posttraumatischen Gelenkerkrankungen angewendet. Anwendung und Dosierung: * Pferde: 15 g (ein Essl\u00f6ffel) pro Pferd und Tag bis zur vollst\u00e4ndigen Genesung. * Fohlen: 7,5 g (halber Essl\u00f6ffel) pro Fohlen und Tag bis zur vollst\u00e4ndigen Genesung.Komposition: Dextrose 75%, Glucosaminsulfat 1,6%, Chondroitinsulfat 1,3%.Analytische Bestandteile: Rohprotein 2%, Roh\u00f6le und -fette 0%, Rohfaser 0%, Rohasche 16,79%, Partner 0%.Zusatzstoffe pro kg: Gut definierte Vitamine, Provitamine und Substanzen mit \u00e4hnlicher Wirkung: Vitamin C (E300) 23.000 mg Aminos\u00e4uren, ihre Salze und Analoga: Phenylalanin 2.000 mgGr\u00f6\u00dfe: 1 kg Beh\u00e4lter\" \/>\n<meta name=\"robots\" content=\"noindex, follow, max-snippet:-1, max-image-preview:large, max-video-preview:-1\" \/>\n<meta property=\"og:locale\" content=\"es_ES\" \/>\n<meta property=\"og:type\" content=\"article\" \/>\n<meta property=\"og:title\" content=\"ZALDI PROARTIX BEHANDLUNG ARTHRITIS PFERDE 1KG ERG\u00c4NZUNGSFUTTER F\u00dcR PFERDE - Zaldionline.com\" \/>\n<meta property=\"og:description\" content=\"PROARTIX ist ein Erg\u00e4nzungsfutter f\u00fcr Pferde. Es kommt in Pulverform zur oralen Verabreichung. Empfohlen bei entz\u00fcndlichen Prozessen, Arthrose, degenerativen und posttraumatischen Gelenkerkrankungen. Verbessert den Zustand der Knorpelstruktur durch Aktivierung der Kollagenbildung. Mit Chondroitinsulfat und Glucosaminsulfat formuliert, nat\u00fcrliche entz\u00fcndungshemmende Verbindungen mit einem hohen Gehalt an Mucopolysacchariden, die die Vaskularisierung des Knorpels hemmen und einen Kontrolleffekt bei der Gelenkdegeneration erzielen. Hilft bei der Flexibilit\u00e4t der Sehnen. Es wird bei degenerativen posttraumatischen Gelenkerkrankungen angewendet. Anwendung und Dosierung: * Pferde: 15 g (ein Essl\u00f6ffel) pro Pferd und Tag bis zur vollst\u00e4ndigen Genesung. * Fohlen: 7,5 g (halber Essl\u00f6ffel) pro Fohlen und Tag bis zur vollst\u00e4ndigen Genesung.Komposition: Dextrose 75%, Glucosaminsulfat 1,6%, Chondroitinsulfat 1,3%.Analytische Bestandteile: Rohprotein 2%, Roh\u00f6le und -fette 0%, Rohfaser 0%, Rohasche 16,79%, Partner 0%.Zusatzstoffe pro kg: Gut definierte Vitamine, Provitamine und Substanzen mit \u00e4hnlicher Wirkung: Vitamin C (E300) 23.000 mg Aminos\u00e4uren, ihre Salze und Analoga: Phenylalanin 2.000 mgGr\u00f6\u00dfe: 1 kg Beh\u00e4lter\" \/>\n<meta property=\"og:url\" content=\"https:\/\/www.zaldionline.com\/es\/producto\/zaldi-proartix-behandlung-arthritis-pferde-1kg-ergaenzungsfutter-fuer-pferde\/\" \/>\n<meta property=\"og:site_name\" content=\"Zaldionline.com\" \/>\n<meta property=\"article:modified_time\" content=\"2023-04-12T11:53:09+00:00\" \/>\n<meta property=\"og:image\" content=\"https:\/\/www.zaldionline.com\/es\/wp-content\/uploads\/sites\/2\/2021\/02\/Bild_2021-02-03_123420.png\" \/>\n\t<meta property=\"og:image:width\" content=\"514\" \/>\n\t<meta property=\"og:image:height\" content=\"503\" \/>\n\t<meta property=\"og:image:type\" content=\"image\/png\" \/>\n<meta name=\"twitter:card\" content=\"summary_large_image\" \/>\n<meta name=\"twitter:label1\" content=\"Tiempo de lectura\" \/>\n\t<meta name=\"twitter:data1\" content=\"1 minuto\" \/>\n<script type=\"application\/ld+json\" class=\"yoast-schema-graph\">{\"@context\":\"https:\\\/\\\/schema.org\",\"@graph\":[{\"@type\":\"WebPage\",\"@id\":\"https:\\\/\\\/www.zaldionline.com\\\/es\\\/producto\\\/zaldi-proartix-behandlung-arthritis-pferde-1kg-ergaenzungsfutter-fuer-pferde\\\/\",\"url\":\"https:\\\/\\\/www.zaldionline.com\\\/es\\\/producto\\\/zaldi-proartix-behandlung-arthritis-pferde-1kg-ergaenzungsfutter-fuer-pferde\\\/\",\"name\":\"ZALDI PROARTIX BEHANDLUNG ARTHRITIS PFERDE 1KG ERG\u00c4NZUNGSFUTTER F\u00dcR PFERDE - Zaldionline.com\",\"isPartOf\":{\"@id\":\"https:\\\/\\\/www.zaldionline.com\\\/es\\\/#website\"},\"primaryImageOfPage\":{\"@id\":\"https:\\\/\\\/www.zaldionline.com\\\/es\\\/producto\\\/zaldi-proartix-behandlung-arthritis-pferde-1kg-ergaenzungsfutter-fuer-pferde\\\/#primaryimage\"},\"image\":{\"@id\":\"https:\\\/\\\/www.zaldionline.com\\\/es\\\/producto\\\/zaldi-proartix-behandlung-arthritis-pferde-1kg-ergaenzungsfutter-fuer-pferde\\\/#primaryimage\"},\"thumbnailUrl\":\"https:\\\/\\\/www.zaldionline.com\\\/es\\\/wp-content\\\/uploads\\\/sites\\\/2\\\/2021\\\/02\\\/Bild_2021-02-03_123420.png\",\"datePublished\":\"2021-02-03T11:34:04+00:00\",\"dateModified\":\"2023-04-12T11:53:09+00:00\",\"description\":\"PROARTIX ist ein Erg\u00e4nzungsfutter f\u00fcr Pferde. Es kommt in Pulverform zur oralen Verabreichung. Empfohlen bei entz\u00fcndlichen Prozessen, Arthrose, degenerativen und posttraumatischen Gelenkerkrankungen. Verbessert den Zustand der Knorpelstruktur durch Aktivierung der Kollagenbildung. Mit Chondroitinsulfat und Glucosaminsulfat formuliert, nat\u00fcrliche entz\u00fcndungshemmende Verbindungen mit einem hohen Gehalt an Mucopolysacchariden, die die Vaskularisierung des Knorpels hemmen und einen Kontrolleffekt bei der Gelenkdegeneration erzielen. Hilft bei der Flexibilit\u00e4t der Sehnen. Es wird bei degenerativen posttraumatischen Gelenkerkrankungen angewendet. Anwendung und Dosierung: * Pferde: 15 g (ein Essl\u00f6ffel) pro Pferd und Tag bis zur vollst\u00e4ndigen Genesung. * Fohlen: 7,5 g (halber Essl\u00f6ffel) pro Fohlen und Tag bis zur vollst\u00e4ndigen Genesung.Komposition: Dextrose 75%, Glucosaminsulfat 1,6%, Chondroitinsulfat 1,3%.Analytische Bestandteile: Rohprotein 2%, Roh\u00f6le und -fette 0%, Rohfaser 0%, Rohasche 16,79%, Partner 0%.Zusatzstoffe pro kg: Gut definierte Vitamine, Provitamine und Substanzen mit \u00e4hnlicher Wirkung: Vitamin C (E300) 23.000 mg Aminos\u00e4uren, ihre Salze und Analoga: Phenylalanin 2.000 mgGr\u00f6\u00dfe: 1 kg Beh\u00e4lter\",\"breadcrumb\":{\"@id\":\"https:\\\/\\\/www.zaldionline.com\\\/es\\\/producto\\\/zaldi-proartix-behandlung-arthritis-pferde-1kg-ergaenzungsfutter-fuer-pferde\\\/#breadcrumb\"},\"inLanguage\":\"es\",\"potentialAction\":[{\"@type\":\"ReadAction\",\"target\":[\"https:\\\/\\\/www.zaldionline.com\\\/es\\\/producto\\\/zaldi-proartix-behandlung-arthritis-pferde-1kg-ergaenzungsfutter-fuer-pferde\\\/\"]}]},{\"@type\":\"ImageObject\",\"inLanguage\":\"es\",\"@id\":\"https:\\\/\\\/www.zaldionline.com\\\/es\\\/producto\\\/zaldi-proartix-behandlung-arthritis-pferde-1kg-ergaenzungsfutter-fuer-pferde\\\/#primaryimage\",\"url\":\"https:\\\/\\\/www.zaldionline.com\\\/es\\\/wp-content\\\/uploads\\\/sites\\\/2\\\/2021\\\/02\\\/Bild_2021-02-03_123420.png\",\"contentUrl\":\"https:\\\/\\\/www.zaldionline.com\\\/es\\\/wp-content\\\/uploads\\\/sites\\\/2\\\/2021\\\/02\\\/Bild_2021-02-03_123420.png\",\"width\":514,\"height\":503},{\"@type\":\"BreadcrumbList\",\"@id\":\"https:\\\/\\\/www.zaldionline.com\\\/es\\\/producto\\\/zaldi-proartix-behandlung-arthritis-pferde-1kg-ergaenzungsfutter-fuer-pferde\\\/#breadcrumb\",\"itemListElement\":[{\"@type\":\"ListItem\",\"position\":1,\"name\":\"Portada\",\"item\":\"https:\\\/\\\/www.zaldionline.com\\\/es\\\/\"},{\"@type\":\"ListItem\",\"position\":2,\"name\":\"Sillas y accesorios\",\"item\":\"https:\\\/\\\/www.zaldionline.com\\\/es\\\/sillas-y-accesorios\\\/\"},{\"@type\":\"ListItem\",\"position\":3,\"name\":\"ZALDI PROARTIX BEHANDLUNG ARTHRITIS PFERDE 1KG ERG\u00c4NZUNGSFUTTER F\u00dcR PFERDE\"}]},{\"@type\":\"WebSite\",\"@id\":\"https:\\\/\\\/www.zaldionline.com\\\/es\\\/#website\",\"url\":\"https:\\\/\\\/www.zaldionline.com\\\/es\\\/\",\"name\":\"Zaldionline.com\",\"description\":\"Los mejores productos para usted y su caballo\",\"potentialAction\":[{\"@type\":\"SearchAction\",\"target\":{\"@type\":\"EntryPoint\",\"urlTemplate\":\"https:\\\/\\\/www.zaldionline.com\\\/es\\\/?s={search_term_string}\"},\"query-input\":{\"@type\":\"PropertyValueSpecification\",\"valueRequired\":true,\"valueName\":\"search_term_string\"}}],\"inLanguage\":\"es\"}]}<\/script>\n<!-- \/ Yoast SEO plugin. -->","yoast_head_json":{"title":"ZALDI PROARTIX BEHANDLUNG ARTHRITIS PFERDE 1KG ERG\u00c4NZUNGSFUTTER F\u00dcR PFERDE - Zaldionline.com","description":"PROARTIX ist ein Erg\u00e4nzungsfutter f\u00fcr Pferde. Es kommt in Pulverform zur oralen Verabreichung. Empfohlen bei entz\u00fcndlichen Prozessen, Arthrose, degenerativen und posttraumatischen Gelenkerkrankungen. Verbessert den Zustand der Knorpelstruktur durch Aktivierung der Kollagenbildung. Mit Chondroitinsulfat und Glucosaminsulfat formuliert, nat\u00fcrliche entz\u00fcndungshemmende Verbindungen mit einem hohen Gehalt an Mucopolysacchariden, die die Vaskularisierung des Knorpels hemmen und einen Kontrolleffekt bei der Gelenkdegeneration erzielen. Hilft bei der Flexibilit\u00e4t der Sehnen. Es wird bei degenerativen posttraumatischen Gelenkerkrankungen angewendet. Anwendung und Dosierung: * Pferde: 15 g (ein Essl\u00f6ffel) pro Pferd und Tag bis zur vollst\u00e4ndigen Genesung. * Fohlen: 7,5 g (halber Essl\u00f6ffel) pro Fohlen und Tag bis zur vollst\u00e4ndigen Genesung.Komposition: Dextrose 75%, Glucosaminsulfat 1,6%, Chondroitinsulfat 1,3%.Analytische Bestandteile: Rohprotein 2%, Roh\u00f6le und -fette 0%, Rohfaser 0%, Rohasche 16,79%, Partner 0%.Zusatzstoffe pro kg: Gut definierte Vitamine, Provitamine und Substanzen mit \u00e4hnlicher Wirkung: Vitamin C (E300) 23.000 mg Aminos\u00e4uren, ihre Salze und Analoga: Phenylalanin 2.000 mgGr\u00f6\u00dfe: 1 kg Beh\u00e4lter","robots":{"index":"noindex","follow":"follow","max-snippet":"max-snippet:-1","max-image-preview":"max-image-preview:large","max-video-preview":"max-video-preview:-1"},"og_locale":"es_ES","og_type":"article","og_title":"ZALDI PROARTIX BEHANDLUNG ARTHRITIS PFERDE 1KG ERG\u00c4NZUNGSFUTTER F\u00dcR PFERDE - Zaldionline.com","og_description":"PROARTIX ist ein Erg\u00e4nzungsfutter f\u00fcr Pferde. Es kommt in Pulverform zur oralen Verabreichung. Empfohlen bei entz\u00fcndlichen Prozessen, Arthrose, degenerativen und posttraumatischen Gelenkerkrankungen. Verbessert den Zustand der Knorpelstruktur durch Aktivierung der Kollagenbildung. Mit Chondroitinsulfat und Glucosaminsulfat formuliert, nat\u00fcrliche entz\u00fcndungshemmende Verbindungen mit einem hohen Gehalt an Mucopolysacchariden, die die Vaskularisierung des Knorpels hemmen und einen Kontrolleffekt bei der Gelenkdegeneration erzielen. Hilft bei der Flexibilit\u00e4t der Sehnen. Es wird bei degenerativen posttraumatischen Gelenkerkrankungen angewendet. Anwendung und Dosierung: * Pferde: 15 g (ein Essl\u00f6ffel) pro Pferd und Tag bis zur vollst\u00e4ndigen Genesung. * Fohlen: 7,5 g (halber Essl\u00f6ffel) pro Fohlen und Tag bis zur vollst\u00e4ndigen Genesung.Komposition: Dextrose 75%, Glucosaminsulfat 1,6%, Chondroitinsulfat 1,3%.Analytische Bestandteile: Rohprotein 2%, Roh\u00f6le und -fette 0%, Rohfaser 0%, Rohasche 16,79%, Partner 0%.Zusatzstoffe pro kg: Gut definierte Vitamine, Provitamine und Substanzen mit \u00e4hnlicher Wirkung: Vitamin C (E300) 23.000 mg Aminos\u00e4uren, ihre Salze und Analoga: Phenylalanin 2.000 mgGr\u00f6\u00dfe: 1 kg Beh\u00e4lter","og_url":"https:\/\/www.zaldionline.com\/es\/producto\/zaldi-proartix-behandlung-arthritis-pferde-1kg-ergaenzungsfutter-fuer-pferde\/","og_site_name":"Zaldionline.com","article_modified_time":"2023-04-12T11:53:09+00:00","og_image":[{"width":514,"height":503,"url":"https:\/\/www.zaldionline.com\/es\/wp-content\/uploads\/sites\/2\/2021\/02\/Bild_2021-02-03_123420.png","type":"image\/png"}],"twitter_card":"summary_large_image","twitter_misc":{"Tiempo de lectura":"1 minuto"},"schema":{"@context":"https:\/\/schema.org","@graph":[{"@type":"WebPage","@id":"https:\/\/www.zaldionline.com\/es\/producto\/zaldi-proartix-behandlung-arthritis-pferde-1kg-ergaenzungsfutter-fuer-pferde\/","url":"https:\/\/www.zaldionline.com\/es\/producto\/zaldi-proartix-behandlung-arthritis-pferde-1kg-ergaenzungsfutter-fuer-pferde\/","name":"ZALDI PROARTIX BEHANDLUNG ARTHRITIS PFERDE 1KG ERG\u00c4NZUNGSFUTTER F\u00dcR PFERDE - Zaldionline.com","isPartOf":{"@id":"https:\/\/www.zaldionline.com\/es\/#website"},"primaryImageOfPage":{"@id":"https:\/\/www.zaldionline.com\/es\/producto\/zaldi-proartix-behandlung-arthritis-pferde-1kg-ergaenzungsfutter-fuer-pferde\/#primaryimage"},"image":{"@id":"https:\/\/www.zaldionline.com\/es\/producto\/zaldi-proartix-behandlung-arthritis-pferde-1kg-ergaenzungsfutter-fuer-pferde\/#primaryimage"},"thumbnailUrl":"https:\/\/www.zaldionline.com\/es\/wp-content\/uploads\/sites\/2\/2021\/02\/Bild_2021-02-03_123420.png","datePublished":"2021-02-03T11:34:04+00:00","dateModified":"2023-04-12T11:53:09+00:00","description":"PROARTIX ist ein Erg\u00e4nzungsfutter f\u00fcr Pferde. Es kommt in Pulverform zur oralen Verabreichung. Empfohlen bei entz\u00fcndlichen Prozessen, Arthrose, degenerativen und posttraumatischen Gelenkerkrankungen. Verbessert den Zustand der Knorpelstruktur durch Aktivierung der Kollagenbildung. Mit Chondroitinsulfat und Glucosaminsulfat formuliert, nat\u00fcrliche entz\u00fcndungshemmende Verbindungen mit einem hohen Gehalt an Mucopolysacchariden, die die Vaskularisierung des Knorpels hemmen und einen Kontrolleffekt bei der Gelenkdegeneration erzielen. Hilft bei der Flexibilit\u00e4t der Sehnen. Es wird bei degenerativen posttraumatischen Gelenkerkrankungen angewendet. Anwendung und Dosierung: * Pferde: 15 g (ein Essl\u00f6ffel) pro Pferd und Tag bis zur vollst\u00e4ndigen Genesung. * Fohlen: 7,5 g (halber Essl\u00f6ffel) pro Fohlen und Tag bis zur vollst\u00e4ndigen Genesung.Komposition: Dextrose 75%, Glucosaminsulfat 1,6%, Chondroitinsulfat 1,3%.Analytische Bestandteile: Rohprotein 2%, Roh\u00f6le und -fette 0%, Rohfaser 0%, Rohasche 16,79%, Partner 0%.Zusatzstoffe pro kg: Gut definierte Vitamine, Provitamine und Substanzen mit \u00e4hnlicher Wirkung: Vitamin C (E300) 23.000 mg Aminos\u00e4uren, ihre Salze und Analoga: Phenylalanin 2.000 mgGr\u00f6\u00dfe: 1 kg Beh\u00e4lter","breadcrumb":{"@id":"https:\/\/www.zaldionline.com\/es\/producto\/zaldi-proartix-behandlung-arthritis-pferde-1kg-ergaenzungsfutter-fuer-pferde\/#breadcrumb"},"inLanguage":"es","potentialAction":[{"@type":"ReadAction","target":["https:\/\/www.zaldionline.com\/es\/producto\/zaldi-proartix-behandlung-arthritis-pferde-1kg-ergaenzungsfutter-fuer-pferde\/"]}]},{"@type":"ImageObject","inLanguage":"es","@id":"https:\/\/www.zaldionline.com\/es\/producto\/zaldi-proartix-behandlung-arthritis-pferde-1kg-ergaenzungsfutter-fuer-pferde\/#primaryimage","url":"https:\/\/www.zaldionline.com\/es\/wp-content\/uploads\/sites\/2\/2021\/02\/Bild_2021-02-03_123420.png","contentUrl":"https:\/\/www.zaldionline.com\/es\/wp-content\/uploads\/sites\/2\/2021\/02\/Bild_2021-02-03_123420.png","width":514,"height":503},{"@type":"BreadcrumbList","@id":"https:\/\/www.zaldionline.com\/es\/producto\/zaldi-proartix-behandlung-arthritis-pferde-1kg-ergaenzungsfutter-fuer-pferde\/#breadcrumb","itemListElement":[{"@type":"ListItem","position":1,"name":"Portada","item":"https:\/\/www.zaldionline.com\/es\/"},{"@type":"ListItem","position":2,"name":"Sillas y accesorios","item":"https:\/\/www.zaldionline.com\/es\/sillas-y-accesorios\/"},{"@type":"ListItem","position":3,"name":"ZALDI PROARTIX BEHANDLUNG ARTHRITIS PFERDE 1KG ERG\u00c4NZUNGSFUTTER F\u00dcR PFERDE"}]},{"@type":"WebSite","@id":"https:\/\/www.zaldionline.com\/es\/#website","url":"https:\/\/www.zaldionline.com\/es\/","name":"Zaldionline.com","description":"Los mejores productos para usted y su caballo","potentialAction":[{"@type":"SearchAction","target":{"@type":"EntryPoint","urlTemplate":"https:\/\/www.zaldionline.com\/es\/?s={search_term_string}"},"query-input":{"@type":"PropertyValueSpecification","valueRequired":true,"valueName":"search_term_string"}}],"inLanguage":"es"}]}},"_links":{"self":[{"href":"https:\/\/www.zaldionline.com\/es\/wp-json\/wp\/v2\/product\/17636","targetHints":{"allow":["GET"]}}],"collection":[{"href":"https:\/\/www.zaldionline.com\/es\/wp-json\/wp\/v2\/product"}],"about":[{"href":"https:\/\/www.zaldionline.com\/es\/wp-json\/wp\/v2\/types\/product"}],"replies":[{"embeddable":true,"href":"https:\/\/www.zaldionline.com\/es\/wp-json\/wp\/v2\/comments?post=17636"}],"version-history":[{"count":1,"href":"https:\/\/www.zaldionline.com\/es\/wp-json\/wp\/v2\/product\/17636\/revisions"}],"predecessor-version":[{"id":23184,"href":"https:\/\/www.zaldionline.com\/es\/wp-json\/wp\/v2\/product\/17636\/revisions\/23184"}],"wp:featuredmedia":[{"embeddable":true,"href":"https:\/\/www.zaldionline.com\/es\/wp-json\/wp\/v2\/media\/17637"}],"wp:attachment":[{"href":"https:\/\/www.zaldionline.com\/es\/wp-json\/wp\/v2\/media?parent=17636"}],"wp:term":[{"taxonomy":"product_brand","embeddable":true,"href":"https:\/\/www.zaldionline.com\/es\/wp-json\/wp\/v2\/product_brand?post=17636"},{"taxonomy":"product_cat","embeddable":true,"href":"https:\/\/www.zaldionline.com\/es\/wp-json\/wp\/v2\/product_cat?post=17636"},{"taxonomy":"product_tag","embeddable":true,"href":"https:\/\/www.zaldionline.com\/es\/wp-json\/wp\/v2\/product_tag?post=17636"}],"curies":[{"name":"wp","href":"https:\/\/api.w.org\/{rel}","templated":true}]}}