{"id":17735,"date":"2021-03-31T14:48:01","date_gmt":"2021-03-31T14:48:01","guid":{"rendered":"https:\/\/zaldionline.com\/?post_type=product&#038;p=17735"},"modified":"2026-04-23T17:54:07","modified_gmt":"2026-04-23T17:54:07","slug":"zaldi-sattel-portuguesa-portugiesisch","status":"publish","type":"product","link":"https:\/\/www.zaldionline.com\/es\/producto\/zaldi-sattel-portuguesa-portugiesisch\/","title":{"rendered":"SILLA ZALDI P. PORTUGUESA"},"content":{"rendered":"\t\t<div data-elementor-type=\"wp-post\" data-elementor-id=\"17735\" class=\"elementor elementor-17735\">\n\t\t\t\t\t\t<section class=\"elementor-section elementor-top-section elementor-element elementor-element-499f6c7f elementor-section-boxed elementor-section-height-default elementor-section-height-default\" data-id=\"499f6c7f\" data-element_type=\"section\" data-e-type=\"section\">\n\t\t\t\t\t\t<div class=\"elementor-container elementor-column-gap-default\">\n\t\t\t\t\t<div class=\"elementor-column elementor-col-100 elementor-top-column elementor-element elementor-element-3dd58d5a\" data-id=\"3dd58d5a\" data-element_type=\"column\" data-e-type=\"column\">\n\t\t\t<div class=\"elementor-widget-wrap elementor-element-populated\">\n\t\t\t\t\t\t<div class=\"elementor-element elementor-element-ba17650 elementor-widget elementor-widget-text-editor\" data-id=\"ba17650\" data-element_type=\"widget\" data-e-type=\"widget\" data-widget_type=\"text-editor.default\">\n\t\t\t\t<div class=\"elementor-widget-container\">\n\t\t\t\t\t\t\t\t\t<p>Precio inc. IVA<\/p><p>Silla tradicional de Portugal, que se usaba principalmente para manejar el ganado.<br \/><br \/>MATERIALES:<br \/><br \/>* Asiento de goma l\u00e1tex.<br \/>* Fald\u00f3n de estilo portugu\u00e9s cuadrado.<br \/>* Baste de relleno de lana.<br \/>* Armadura fabricada en materiales especiales con la tecnolog\u00eda m\u00e1s avanzada. Garant\u00eda de 10 a\u00f1os.<br \/>* Estriberas inoxidables de seguridad.<br \/>* Latiguillos cortos.<br \/><br \/>Medidas:<br \/><br \/>* Jinete: standar.<br \/>* Cruz del caballo: de 28 cm. a 34 cm.<br \/><br \/>MEDIDAS:<br \/><br \/>* Hueco del asiento: 36 cm.<br \/>* Peso: 11.300 Kg.<br \/>* Largo del fald\u00f3n desde la estribera: 25 cm.<br \/>* Largo del baste por debajo: 54 cm.<br \/>* \u00c1rea de apoyo del baste sobre el lomo del caballo: 49 cm.<br \/>* Borr\u00e9n delantero: 44 cm. x 9 cm. x 4 cm.<br \/>* Borr\u00e9n trasero: 50 cm. x 10 cm. x 4 cm.<\/p><p><strong>\u00a1AVISO IMPORTANTE!<\/strong><\/p><p><strong>COLORES DEL CUERO<\/strong><\/p><p><strong>Es \u201cIMPOSIBLE\u201d conseguir que dos art\u00edculos en cuero de color avellana, tostado, marr\u00f3n o habana sean exactamente iguales.<\/strong><\/p><p>Ref.:\u00a0 003650051<\/p>\t\t\t\t\t\t\t\t<\/div>\n\t\t\t\t<\/div>\n\t\t\t\t\t<\/div>\n\t\t<\/div>\n\t\t\t\t\t<\/div>\n\t\t<\/section>\n\t\t\t\t<\/div>\n\t\t","protected":false},"excerpt":{"rendered":"<p>Precio inc. IVA Silla tradicional de Portugal, que se usaba principalmente para manejar el ganado. MATERIALES: * Asiento de goma l\u00e1tex. * Fald\u00f3n de estilo portugu\u00e9s cuadrado. * Baste de relleno de lana. * Armadura fabricada en materiales especiales con la tecnolog\u00eda m\u00e1s avanzada. Garant\u00eda de 10 a\u00f1os. * Estriberas inoxidables de seguridad. * Latiguillos [&hellip;]<\/p>\n","protected":false},"featured_media":17748,"comment_status":"open","ping_status":"closed","template":"","meta":{"site-sidebar-layout":"default","site-content-layout":"","ast-site-content-layout":"default","site-content-style":"default","site-sidebar-style":"default","ast-global-header-display":"","ast-banner-title-visibility":"","ast-main-header-display":"","ast-hfb-above-header-display":"","ast-hfb-below-header-display":"","ast-hfb-mobile-header-display":"","site-post-title":"","ast-breadcrumbs-content":"","ast-featured-img":"","footer-sml-layout":"","ast-disable-related-posts":"","theme-transparent-header-meta":"default","adv-header-id-meta":"","stick-header-meta":"","header-above-stick-meta":"","header-main-stick-meta":"","header-below-stick-meta":"","astra-migrate-meta-layouts":"set","ast-page-background-enabled":"default","ast-page-background-meta":{"desktop":{"background-color":"var(--ast-global-color-4)","background-image":"","background-repeat":"repeat","background-position":"center center","background-size":"auto","background-attachment":"scroll","background-type":"","background-media":"","overlay-type":"","overlay-color":"","overlay-opacity":"","overlay-gradient":""},"tablet":{"background-color":"","background-image":"","background-repeat":"repeat","background-position":"center center","background-size":"auto","background-attachment":"scroll","background-type":"","background-media":"","overlay-type":"","overlay-color":"","overlay-opacity":"","overlay-gradient":""},"mobile":{"background-color":"","background-image":"","background-repeat":"repeat","background-position":"center center","background-size":"auto","background-attachment":"scroll","background-type":"","background-media":"","overlay-type":"","overlay-color":"","overlay-opacity":"","overlay-gradient":""}},"ast-content-background-meta":{"desktop":{"background-color":"var(--ast-global-color-5)","background-image":"","background-repeat":"repeat","background-position":"center center","background-size":"auto","background-attachment":"scroll","background-type":"","background-media":"","overlay-type":"","overlay-color":"","overlay-opacity":"","overlay-gradient":""},"tablet":{"background-color":"var(--ast-global-color-5)","background-image":"","background-repeat":"repeat","background-position":"center center","background-size":"auto","background-attachment":"scroll","background-type":"","background-media":"","overlay-type":"","overlay-color":"","overlay-opacity":"","overlay-gradient":""},"mobile":{"background-color":"var(--ast-global-color-5)","background-image":"","background-repeat":"repeat","background-position":"center center","background-size":"auto","background-attachment":"scroll","background-type":"","background-media":"","overlay-type":"","overlay-color":"","overlay-opacity":"","overlay-gradient":""}},"ngg_post_thumbnail":0},"product_brand":[],"product_cat":[25,17,32],"product_tag":[341,1056,1054,346,440,202,340,1048,1057,337,991,338,339],"class_list":{"0":"post-17735","1":"product","2":"type-product","3":"status-publish","4":"has-post-thumbnail","6":"product_cat-camperas-espanolas-portuguesas","7":"product_cat-sillas","8":"product_cat-vaqueras-espanolas","9":"product_tag-bienestarcaballo","10":"product_tag-campera","11":"product_tag-cuero","12":"product_tag-equiscan-zaldi","13":"product_tag-silla","14":"product_tag-sillas","15":"product_tag-susanne-nagel","16":"product_tag-vegana","17":"product_tag-vegano","18":"product_tag-zaldi","19":"product_tag-zaldi-alemania","20":"product_tag-zaldi-deutschland","21":"product_tag-zaldi-online-com","22":"desktop-align-left","23":"tablet-align-left","24":"mobile-align-left","26":"first","27":"instock","28":"taxable","29":"shipping-taxable","30":"purchasable","31":"product-type-variable"},"yoast_head":"<!-- This site is optimized with the Yoast SEO plugin v27.5 - https:\/\/yoast.com\/product\/yoast-seo-wordpress\/ -->\n<title>SILLA ZALDI P. PORTUGUESA - Zaldionline.com<\/title>\n<meta name=\"description\" content=\"Precio inc. IVA: 1.820,00\u20ac Silla tradicional de Portugal, que se usaba principalmente para manejar el ganado. MATERIALES:* Asiento de goma l\u00e1tex.* Fald\u00f3n de estilo portugu\u00e9s cuadrado.* Baste de relleno de lana.* Armadura fabricada en materiales especiales con la tecnolog\u00eda m\u00e1s avanzada. Garant\u00eda de 10 a\u00f1os.* Estriberas inoxidables de seguridad.* Latiguillos cortos. Medidas:* Jinete: standar.* Cruz del caballo: de 28 cm. a 34 cm.MEDIDAS:* Hueco del asiento: 36 cm.* Peso: 11.300 Kg.* Largo del fald\u00f3n desde la estribera: 25 cm.* Largo del baste por debajo: 54 cm.* \u00c1rea de apoyo del baste sobre el lomo del caballo: 49 cm.* Borr\u00e9n delantero: 44 cm. x 9 cm. x 4 cm.* Borr\u00e9n trasero: 50 cm. x 10 cm. x 4 cm. \u00a1AVISO IMPORTANTE!COLORES DEL CUERO Es \u201cIMPOSIBLE\u201d conseguir que dos art\u00edculos en cuero de color avellana, tostado, marr\u00f3n o habana sean exactamente iguales. Ref. 003650051\" \/>\n<meta name=\"robots\" content=\"noindex, follow, max-snippet:-1, max-image-preview:large, max-video-preview:-1\" \/>\n<meta property=\"og:locale\" content=\"es_ES\" \/>\n<meta property=\"og:type\" content=\"article\" \/>\n<meta property=\"og:title\" content=\"SILLA ZALDI P. PORTUGUESA - Zaldionline.com\" \/>\n<meta property=\"og:description\" content=\"Precio inc. IVA: 1.820,00\u20ac Silla tradicional de Portugal, que se usaba principalmente para manejar el ganado. MATERIALES:* Asiento de goma l\u00e1tex.* Fald\u00f3n de estilo portugu\u00e9s cuadrado.* Baste de relleno de lana.* Armadura fabricada en materiales especiales con la tecnolog\u00eda m\u00e1s avanzada. Garant\u00eda de 10 a\u00f1os.* Estriberas inoxidables de seguridad.* Latiguillos cortos. Medidas:* Jinete: standar.* Cruz del caballo: de 28 cm. a 34 cm.MEDIDAS:* Hueco del asiento: 36 cm.* Peso: 11.300 Kg.* Largo del fald\u00f3n desde la estribera: 25 cm.* Largo del baste por debajo: 54 cm.* \u00c1rea de apoyo del baste sobre el lomo del caballo: 49 cm.* Borr\u00e9n delantero: 44 cm. x 9 cm. x 4 cm.* Borr\u00e9n trasero: 50 cm. x 10 cm. x 4 cm. \u00a1AVISO IMPORTANTE!COLORES DEL CUERO Es \u201cIMPOSIBLE\u201d conseguir que dos art\u00edculos en cuero de color avellana, tostado, marr\u00f3n o habana sean exactamente iguales. Ref. 003650051\" \/>\n<meta property=\"og:url\" content=\"https:\/\/www.zaldionline.com\/es\/producto\/zaldi-sattel-portuguesa-portugiesisch\/\" \/>\n<meta property=\"og:site_name\" content=\"Zaldionline.com\" \/>\n<meta property=\"article:modified_time\" content=\"2026-04-23T17:54:07+00:00\" \/>\n<meta property=\"og:image\" content=\"https:\/\/www.zaldionline.com\/es\/wp-content\/uploads\/sites\/2\/2021\/03\/Bild_2021-03-31_165144.png\" \/>\n\t<meta property=\"og:image:width\" content=\"740\" \/>\n\t<meta property=\"og:image:height\" content=\"720\" \/>\n\t<meta property=\"og:image:type\" content=\"image\/png\" \/>\n<meta name=\"twitter:card\" content=\"summary_large_image\" \/>\n<meta name=\"twitter:label1\" content=\"Tiempo de lectura\" \/>\n\t<meta name=\"twitter:data1\" content=\"1 minuto\" \/>\n<script type=\"application\/ld+json\" class=\"yoast-schema-graph\">{\"@context\":\"https:\\\/\\\/schema.org\",\"@graph\":[{\"@type\":\"WebPage\",\"@id\":\"https:\\\/\\\/www.zaldionline.com\\\/es\\\/producto\\\/zaldi-sattel-portuguesa-portugiesisch\\\/\",\"url\":\"https:\\\/\\\/www.zaldionline.com\\\/es\\\/producto\\\/zaldi-sattel-portuguesa-portugiesisch\\\/\",\"name\":\"SILLA ZALDI P. PORTUGUESA - Zaldionline.com\",\"isPartOf\":{\"@id\":\"https:\\\/\\\/www.zaldionline.com\\\/es\\\/#website\"},\"primaryImageOfPage\":{\"@id\":\"https:\\\/\\\/www.zaldionline.com\\\/es\\\/producto\\\/zaldi-sattel-portuguesa-portugiesisch\\\/#primaryimage\"},\"image\":{\"@id\":\"https:\\\/\\\/www.zaldionline.com\\\/es\\\/producto\\\/zaldi-sattel-portuguesa-portugiesisch\\\/#primaryimage\"},\"thumbnailUrl\":\"https:\\\/\\\/www.zaldionline.com\\\/es\\\/wp-content\\\/uploads\\\/sites\\\/2\\\/2021\\\/03\\\/Bild_2021-03-31_165144.png\",\"datePublished\":\"2021-03-31T14:48:01+00:00\",\"dateModified\":\"2026-04-23T17:54:07+00:00\",\"description\":\"Precio inc. IVA: 1.820,00\u20ac Silla tradicional de Portugal, que se usaba principalmente para manejar el ganado. MATERIALES:* Asiento de goma l\u00e1tex.* Fald\u00f3n de estilo portugu\u00e9s cuadrado.* Baste de relleno de lana.* Armadura fabricada en materiales especiales con la tecnolog\u00eda m\u00e1s avanzada. Garant\u00eda de 10 a\u00f1os.* Estriberas inoxidables de seguridad.* Latiguillos cortos. Medidas:* Jinete: standar.* Cruz del caballo: de 28 cm. a 34 cm.MEDIDAS:* Hueco del asiento: 36 cm.* Peso: 11.300 Kg.* Largo del fald\u00f3n desde la estribera: 25 cm.* Largo del baste por debajo: 54 cm.* \u00c1rea de apoyo del baste sobre el lomo del caballo: 49 cm.* Borr\u00e9n delantero: 44 cm. x 9 cm. x 4 cm.* Borr\u00e9n trasero: 50 cm. x 10 cm. x 4 cm. \u00a1AVISO IMPORTANTE!COLORES DEL CUERO Es \u201cIMPOSIBLE\u201d conseguir que dos art\u00edculos en cuero de color avellana, tostado, marr\u00f3n o habana sean exactamente iguales. Ref. 003650051\",\"breadcrumb\":{\"@id\":\"https:\\\/\\\/www.zaldionline.com\\\/es\\\/producto\\\/zaldi-sattel-portuguesa-portugiesisch\\\/#breadcrumb\"},\"inLanguage\":\"es\",\"potentialAction\":[{\"@type\":\"ReadAction\",\"target\":[\"https:\\\/\\\/www.zaldionline.com\\\/es\\\/producto\\\/zaldi-sattel-portuguesa-portugiesisch\\\/\"]}]},{\"@type\":\"ImageObject\",\"inLanguage\":\"es\",\"@id\":\"https:\\\/\\\/www.zaldionline.com\\\/es\\\/producto\\\/zaldi-sattel-portuguesa-portugiesisch\\\/#primaryimage\",\"url\":\"https:\\\/\\\/www.zaldionline.com\\\/es\\\/wp-content\\\/uploads\\\/sites\\\/2\\\/2021\\\/03\\\/Bild_2021-03-31_165144.png\",\"contentUrl\":\"https:\\\/\\\/www.zaldionline.com\\\/es\\\/wp-content\\\/uploads\\\/sites\\\/2\\\/2021\\\/03\\\/Bild_2021-03-31_165144.png\",\"width\":740,\"height\":720},{\"@type\":\"BreadcrumbList\",\"@id\":\"https:\\\/\\\/www.zaldionline.com\\\/es\\\/producto\\\/zaldi-sattel-portuguesa-portugiesisch\\\/#breadcrumb\",\"itemListElement\":[{\"@type\":\"ListItem\",\"position\":1,\"name\":\"Portada\",\"item\":\"https:\\\/\\\/www.zaldionline.com\\\/es\\\/\"},{\"@type\":\"ListItem\",\"position\":2,\"name\":\"Sillas y accesorios\",\"item\":\"https:\\\/\\\/www.zaldionline.com\\\/es\\\/sillas-y-accesorios\\\/\"},{\"@type\":\"ListItem\",\"position\":3,\"name\":\"SILLA ZALDI P. PORTUGUESA\"}]},{\"@type\":\"WebSite\",\"@id\":\"https:\\\/\\\/www.zaldionline.com\\\/es\\\/#website\",\"url\":\"https:\\\/\\\/www.zaldionline.com\\\/es\\\/\",\"name\":\"Zaldionline.com\",\"description\":\"Los mejores productos para usted y su caballo\",\"potentialAction\":[{\"@type\":\"SearchAction\",\"target\":{\"@type\":\"EntryPoint\",\"urlTemplate\":\"https:\\\/\\\/www.zaldionline.com\\\/es\\\/?s={search_term_string}\"},\"query-input\":{\"@type\":\"PropertyValueSpecification\",\"valueRequired\":true,\"valueName\":\"search_term_string\"}}],\"inLanguage\":\"es\"}]}<\/script>\n<!-- \/ Yoast SEO plugin. -->","yoast_head_json":{"title":"SILLA ZALDI P. PORTUGUESA - Zaldionline.com","description":"Precio inc. IVA: 1.820,00\u20ac Silla tradicional de Portugal, que se usaba principalmente para manejar el ganado. MATERIALES:* Asiento de goma l\u00e1tex.* Fald\u00f3n de estilo portugu\u00e9s cuadrado.* Baste de relleno de lana.* Armadura fabricada en materiales especiales con la tecnolog\u00eda m\u00e1s avanzada. Garant\u00eda de 10 a\u00f1os.* Estriberas inoxidables de seguridad.* Latiguillos cortos. Medidas:* Jinete: standar.* Cruz del caballo: de 28 cm. a 34 cm.MEDIDAS:* Hueco del asiento: 36 cm.* Peso: 11.300 Kg.* Largo del fald\u00f3n desde la estribera: 25 cm.* Largo del baste por debajo: 54 cm.* \u00c1rea de apoyo del baste sobre el lomo del caballo: 49 cm.* Borr\u00e9n delantero: 44 cm. x 9 cm. x 4 cm.* Borr\u00e9n trasero: 50 cm. x 10 cm. x 4 cm. \u00a1AVISO IMPORTANTE!COLORES DEL CUERO Es \u201cIMPOSIBLE\u201d conseguir que dos art\u00edculos en cuero de color avellana, tostado, marr\u00f3n o habana sean exactamente iguales. Ref. 003650051","robots":{"index":"noindex","follow":"follow","max-snippet":"max-snippet:-1","max-image-preview":"max-image-preview:large","max-video-preview":"max-video-preview:-1"},"og_locale":"es_ES","og_type":"article","og_title":"SILLA ZALDI P. PORTUGUESA - Zaldionline.com","og_description":"Precio inc. IVA: 1.820,00\u20ac Silla tradicional de Portugal, que se usaba principalmente para manejar el ganado. MATERIALES:* Asiento de goma l\u00e1tex.* Fald\u00f3n de estilo portugu\u00e9s cuadrado.* Baste de relleno de lana.* Armadura fabricada en materiales especiales con la tecnolog\u00eda m\u00e1s avanzada. Garant\u00eda de 10 a\u00f1os.* Estriberas inoxidables de seguridad.* Latiguillos cortos. Medidas:* Jinete: standar.* Cruz del caballo: de 28 cm. a 34 cm.MEDIDAS:* Hueco del asiento: 36 cm.* Peso: 11.300 Kg.* Largo del fald\u00f3n desde la estribera: 25 cm.* Largo del baste por debajo: 54 cm.* \u00c1rea de apoyo del baste sobre el lomo del caballo: 49 cm.* Borr\u00e9n delantero: 44 cm. x 9 cm. x 4 cm.* Borr\u00e9n trasero: 50 cm. x 10 cm. x 4 cm. \u00a1AVISO IMPORTANTE!COLORES DEL CUERO Es \u201cIMPOSIBLE\u201d conseguir que dos art\u00edculos en cuero de color avellana, tostado, marr\u00f3n o habana sean exactamente iguales. Ref. 003650051","og_url":"https:\/\/www.zaldionline.com\/es\/producto\/zaldi-sattel-portuguesa-portugiesisch\/","og_site_name":"Zaldionline.com","article_modified_time":"2026-04-23T17:54:07+00:00","og_image":[{"width":740,"height":720,"url":"https:\/\/www.zaldionline.com\/es\/wp-content\/uploads\/sites\/2\/2021\/03\/Bild_2021-03-31_165144.png","type":"image\/png"}],"twitter_card":"summary_large_image","twitter_misc":{"Tiempo de lectura":"1 minuto"},"schema":{"@context":"https:\/\/schema.org","@graph":[{"@type":"WebPage","@id":"https:\/\/www.zaldionline.com\/es\/producto\/zaldi-sattel-portuguesa-portugiesisch\/","url":"https:\/\/www.zaldionline.com\/es\/producto\/zaldi-sattel-portuguesa-portugiesisch\/","name":"SILLA ZALDI P. PORTUGUESA - Zaldionline.com","isPartOf":{"@id":"https:\/\/www.zaldionline.com\/es\/#website"},"primaryImageOfPage":{"@id":"https:\/\/www.zaldionline.com\/es\/producto\/zaldi-sattel-portuguesa-portugiesisch\/#primaryimage"},"image":{"@id":"https:\/\/www.zaldionline.com\/es\/producto\/zaldi-sattel-portuguesa-portugiesisch\/#primaryimage"},"thumbnailUrl":"https:\/\/www.zaldionline.com\/es\/wp-content\/uploads\/sites\/2\/2021\/03\/Bild_2021-03-31_165144.png","datePublished":"2021-03-31T14:48:01+00:00","dateModified":"2026-04-23T17:54:07+00:00","description":"Precio inc. IVA: 1.820,00\u20ac Silla tradicional de Portugal, que se usaba principalmente para manejar el ganado. MATERIALES:* Asiento de goma l\u00e1tex.* Fald\u00f3n de estilo portugu\u00e9s cuadrado.* Baste de relleno de lana.* Armadura fabricada en materiales especiales con la tecnolog\u00eda m\u00e1s avanzada. Garant\u00eda de 10 a\u00f1os.* Estriberas inoxidables de seguridad.* Latiguillos cortos. Medidas:* Jinete: standar.* Cruz del caballo: de 28 cm. a 34 cm.MEDIDAS:* Hueco del asiento: 36 cm.* Peso: 11.300 Kg.* Largo del fald\u00f3n desde la estribera: 25 cm.* Largo del baste por debajo: 54 cm.* \u00c1rea de apoyo del baste sobre el lomo del caballo: 49 cm.* Borr\u00e9n delantero: 44 cm. x 9 cm. x 4 cm.* Borr\u00e9n trasero: 50 cm. x 10 cm. x 4 cm. \u00a1AVISO IMPORTANTE!COLORES DEL CUERO Es \u201cIMPOSIBLE\u201d conseguir que dos art\u00edculos en cuero de color avellana, tostado, marr\u00f3n o habana sean exactamente iguales. Ref. 003650051","breadcrumb":{"@id":"https:\/\/www.zaldionline.com\/es\/producto\/zaldi-sattel-portuguesa-portugiesisch\/#breadcrumb"},"inLanguage":"es","potentialAction":[{"@type":"ReadAction","target":["https:\/\/www.zaldionline.com\/es\/producto\/zaldi-sattel-portuguesa-portugiesisch\/"]}]},{"@type":"ImageObject","inLanguage":"es","@id":"https:\/\/www.zaldionline.com\/es\/producto\/zaldi-sattel-portuguesa-portugiesisch\/#primaryimage","url":"https:\/\/www.zaldionline.com\/es\/wp-content\/uploads\/sites\/2\/2021\/03\/Bild_2021-03-31_165144.png","contentUrl":"https:\/\/www.zaldionline.com\/es\/wp-content\/uploads\/sites\/2\/2021\/03\/Bild_2021-03-31_165144.png","width":740,"height":720},{"@type":"BreadcrumbList","@id":"https:\/\/www.zaldionline.com\/es\/producto\/zaldi-sattel-portuguesa-portugiesisch\/#breadcrumb","itemListElement":[{"@type":"ListItem","position":1,"name":"Portada","item":"https:\/\/www.zaldionline.com\/es\/"},{"@type":"ListItem","position":2,"name":"Sillas y accesorios","item":"https:\/\/www.zaldionline.com\/es\/sillas-y-accesorios\/"},{"@type":"ListItem","position":3,"name":"SILLA ZALDI P. PORTUGUESA"}]},{"@type":"WebSite","@id":"https:\/\/www.zaldionline.com\/es\/#website","url":"https:\/\/www.zaldionline.com\/es\/","name":"Zaldionline.com","description":"Los mejores productos para usted y su caballo","potentialAction":[{"@type":"SearchAction","target":{"@type":"EntryPoint","urlTemplate":"https:\/\/www.zaldionline.com\/es\/?s={search_term_string}"},"query-input":{"@type":"PropertyValueSpecification","valueRequired":true,"valueName":"search_term_string"}}],"inLanguage":"es"}]}},"_links":{"self":[{"href":"https:\/\/www.zaldionline.com\/es\/wp-json\/wp\/v2\/product\/17735","targetHints":{"allow":["GET"]}}],"collection":[{"href":"https:\/\/www.zaldionline.com\/es\/wp-json\/wp\/v2\/product"}],"about":[{"href":"https:\/\/www.zaldionline.com\/es\/wp-json\/wp\/v2\/types\/product"}],"replies":[{"embeddable":true,"href":"https:\/\/www.zaldionline.com\/es\/wp-json\/wp\/v2\/comments?post=17735"}],"version-history":[{"count":8,"href":"https:\/\/www.zaldionline.com\/es\/wp-json\/wp\/v2\/product\/17735\/revisions"}],"predecessor-version":[{"id":24053,"href":"https:\/\/www.zaldionline.com\/es\/wp-json\/wp\/v2\/product\/17735\/revisions\/24053"}],"wp:featuredmedia":[{"embeddable":true,"href":"https:\/\/www.zaldionline.com\/es\/wp-json\/wp\/v2\/media\/17748"}],"wp:attachment":[{"href":"https:\/\/www.zaldionline.com\/es\/wp-json\/wp\/v2\/media?parent=17735"}],"wp:term":[{"taxonomy":"product_brand","embeddable":true,"href":"https:\/\/www.zaldionline.com\/es\/wp-json\/wp\/v2\/product_brand?post=17735"},{"taxonomy":"product_cat","embeddable":true,"href":"https:\/\/www.zaldionline.com\/es\/wp-json\/wp\/v2\/product_cat?post=17735"},{"taxonomy":"product_tag","embeddable":true,"href":"https:\/\/www.zaldionline.com\/es\/wp-json\/wp\/v2\/product_tag?post=17735"}],"curies":[{"name":"wp","href":"https:\/\/api.w.org\/{rel}","templated":true}]}}