{"id":17982,"date":"2021-05-12T08:52:12","date_gmt":"2021-05-12T08:52:12","guid":{"rendered":"https:\/\/zaldionline.com\/?post_type=product&#038;p=17982"},"modified":"2023-04-12T11:33:09","modified_gmt":"2023-04-12T11:33:09","slug":"reit-u-stallhalfter-montar-y-cuero-mit-lederzuegeln","status":"publish","type":"product","link":"https:\/\/www.zaldionline.com\/es\/producto\/reit-u-stallhalfter-montar-y-cuero-mit-lederzuegeln\/","title":{"rendered":"REIT- U. STALLHALFTER MONTAR Y CUERO MIT LEDERZ\u00dcGELN"},"content":{"rendered":"\t\t<div data-elementor-type=\"wp-post\" data-elementor-id=\"17982\" class=\"elementor elementor-17982\">\n\t\t\t\t\t\t<section class=\"elementor-section elementor-top-section elementor-element elementor-element-5d42e6f elementor-section-boxed elementor-section-height-default elementor-section-height-default\" data-id=\"5d42e6f\" data-element_type=\"section\" data-e-type=\"section\">\n\t\t\t\t\t\t<div class=\"elementor-container elementor-column-gap-default\">\n\t\t\t\t\t<div class=\"elementor-column elementor-col-100 elementor-top-column elementor-element elementor-element-6344f314\" data-id=\"6344f314\" data-element_type=\"column\" data-e-type=\"column\">\n\t\t\t<div class=\"elementor-widget-wrap elementor-element-populated\">\n\t\t\t\t\t\t<div class=\"elementor-element elementor-element-58c77a3b elementor-widget elementor-widget-text-editor\" data-id=\"58c77a3b\" data-element_type=\"widget\" data-e-type=\"widget\" data-widget_type=\"text-editor.default\">\n\t\t\t\t<div class=\"elementor-widget-container\">\n\t\t\t\t\t\t\t\t\t<p>Preis inkl. MwSt.: 72,61\u20ac<\/p><p>Stabiles Reit- und Stallhalfter aus Leder<\/p><p>Goldfarbene Schnalle<\/p><p>Mit Karabiner<\/p><p>Ohne Mundschlie\u00dfer<\/p><p>Lederz\u00fcgel<\/p><p>Gr\u00f6\u00dfen: Cob (Medium), Full (Large)<\/p><p>Farben: Schwarz, Braun, Haselnuss<\/p><p>Ref. 21019145<\/p><p><span style=\"font-size: 36pt;\"><a href=\"https:\/\/www.youtube.com\/watch?v=3XK4O5UgrKg\"><span style=\"font-size: 12pt;\">KLICK HIER F\u00dcR EIN VIDEO DES REITHALFTERS<\/span><\/a><\/span><\/p>\t\t\t\t\t\t\t\t<\/div>\n\t\t\t\t<\/div>\n\t\t\t\t\t<\/div>\n\t\t<\/div>\n\t\t\t\t\t<\/div>\n\t\t<\/section>\n\t\t\t\t<\/div>\n\t\t","protected":false},"excerpt":{"rendered":"<p>Preis inkl. MwSt.: 72,61\u20ac Stabiles Reit- und Stallhalfter aus Leder Goldfarbene Schnalle Mit Karabiner Ohne Mundschlie\u00dfer Lederz\u00fcgel Gr\u00f6\u00dfen: Cob (Medium), Full (Large) Farben: Schwarz, Braun, Haselnuss Ref. 21019145 KLICK HIER F\u00dcR EIN VIDEO DES REITHALFTERS<\/p>\n","protected":false},"featured_media":17396,"comment_status":"open","ping_status":"closed","template":"","meta":{"site-sidebar-layout":"default","site-content-layout":"default","ast-site-content-layout":"default","site-content-style":"default","site-sidebar-style":"default","ast-global-header-display":"","ast-banner-title-visibility":"","ast-main-header-display":"","ast-hfb-above-header-display":"","ast-hfb-below-header-display":"","ast-hfb-mobile-header-display":"","site-post-title":"","ast-breadcrumbs-content":"","ast-featured-img":"","footer-sml-layout":"","ast-disable-related-posts":"","theme-transparent-header-meta":"default","adv-header-id-meta":"","stick-header-meta":"","header-above-stick-meta":"","header-main-stick-meta":"","header-below-stick-meta":"","astra-migrate-meta-layouts":"default","ast-page-background-enabled":"default","ast-page-background-meta":{"desktop":{"background-color":"var(--ast-global-color-4)","background-image":"","background-repeat":"repeat","background-position":"center center","background-size":"auto","background-attachment":"scroll","background-type":"","background-media":"","overlay-type":"","overlay-color":"","overlay-opacity":"","overlay-gradient":""},"tablet":{"background-color":"","background-image":"","background-repeat":"repeat","background-position":"center center","background-size":"auto","background-attachment":"scroll","background-type":"","background-media":"","overlay-type":"","overlay-color":"","overlay-opacity":"","overlay-gradient":""},"mobile":{"background-color":"","background-image":"","background-repeat":"repeat","background-position":"center center","background-size":"auto","background-attachment":"scroll","background-type":"","background-media":"","overlay-type":"","overlay-color":"","overlay-opacity":"","overlay-gradient":""}},"ast-content-background-meta":{"desktop":{"background-color":"var(--ast-global-color-5)","background-image":"","background-repeat":"repeat","background-position":"center center","background-size":"auto","background-attachment":"scroll","background-type":"","background-media":"","overlay-type":"","overlay-color":"","overlay-opacity":"","overlay-gradient":""},"tablet":{"background-color":"var(--ast-global-color-5)","background-image":"","background-repeat":"repeat","background-position":"center center","background-size":"auto","background-attachment":"scroll","background-type":"","background-media":"","overlay-type":"","overlay-color":"","overlay-opacity":"","overlay-gradient":""},"mobile":{"background-color":"var(--ast-global-color-5)","background-image":"","background-repeat":"repeat","background-position":"center center","background-size":"auto","background-attachment":"scroll","background-type":"","background-media":"","overlay-type":"","overlay-color":"","overlay-opacity":"","overlay-gradient":""}},"ngg_post_thumbnail":0},"product_brand":[],"product_cat":[302],"product_tag":[341,553,680,555,681,683,343,202,554,682,340,337,338,339],"class_list":{"0":"post-17982","1":"product","2":"type-product","3":"status-publish","4":"has-post-thumbnail","6":"product_cat-cabezadas-cuadra","7":"product_tag-bienestarcaballo","8":"product_tag-halfter","9":"product_tag-reit-und-stallhalfter","10":"product_tag-reithalfter","11":"product_tag-reithalfter-mir-lederzuegel","12":"product_tag-reithalfter-mit-lederzuegel","13":"product_tag-sattel-guenstig","14":"product_tag-sillas","15":"product_tag-stallhalfter","16":"product_tag-stallhalfter-mit-lederzuegel","17":"product_tag-susanne-nagel","18":"product_tag-zaldi","19":"product_tag-zaldi-deutschland","20":"product_tag-zaldi-online-com","21":"desktop-align-left","22":"tablet-align-left","23":"mobile-align-left","25":"first","26":"instock","27":"taxable","28":"shipping-taxable","29":"purchasable","30":"product-type-variable"},"yoast_head":"<!-- This site is optimized with the Yoast SEO plugin v27.4 - https:\/\/yoast.com\/product\/yoast-seo-wordpress\/ -->\n<title>REIT- U. STALLHALFTER MONTAR Y CUERO MIT LEDERZ\u00dcGELN - Zaldionline.com<\/title>\n<meta name=\"description\" content=\"Stabiles Reit- und Stallhalfter aus Leder. Goldfarbene Schnalle: Mit Karabiner: Ohne Mundschlie\u00dfer: Lederz\u00fcgel: Gr\u00f6\u00dfen: Cob (Medium), Full (Large) Farben: Schwarz, Braun, Haselnuss Erh\u00e4ltlich \u00fcber ZAldionline.com Ref. 21019145\" \/>\n<meta name=\"robots\" content=\"noindex, follow, max-snippet:-1, max-image-preview:large, max-video-preview:-1\" \/>\n<meta property=\"og:locale\" content=\"es_ES\" \/>\n<meta property=\"og:type\" content=\"article\" \/>\n<meta property=\"og:title\" content=\"REIT- U. STALLHALFTER MONTAR Y CUERO MIT LEDERZ\u00dcGELN - Zaldionline.com\" \/>\n<meta property=\"og:description\" content=\"Stabiles Reit- und Stallhalfter aus Leder. Goldfarbene Schnalle: Mit Karabiner: Ohne Mundschlie\u00dfer: Lederz\u00fcgel: Gr\u00f6\u00dfen: Cob (Medium), Full (Large) Farben: Schwarz, Braun, Haselnuss Erh\u00e4ltlich \u00fcber ZAldionline.com Ref. 21019145\" \/>\n<meta property=\"og:url\" content=\"https:\/\/www.zaldionline.com\/es\/producto\/reit-u-stallhalfter-montar-y-cuero-mit-lederzuegeln\/\" \/>\n<meta property=\"og:site_name\" content=\"Zaldionline.com\" \/>\n<meta property=\"article:modified_time\" content=\"2023-04-12T11:33:09+00:00\" \/>\n<meta property=\"og:image\" content=\"https:\/\/www.zaldionline.com\/es\/wp-content\/uploads\/sites\/2\/2020\/11\/Bild_2020-12-10_151350.png\" \/>\n\t<meta property=\"og:image:width\" content=\"512\" \/>\n\t<meta property=\"og:image:height\" content=\"505\" \/>\n\t<meta property=\"og:image:type\" content=\"image\/png\" \/>\n<meta name=\"twitter:card\" content=\"summary_large_image\" \/>\n<meta name=\"twitter:label1\" content=\"Tiempo de lectura\" \/>\n\t<meta name=\"twitter:data1\" content=\"1 minuto\" \/>\n<script type=\"application\/ld+json\" class=\"yoast-schema-graph\">{\"@context\":\"https:\\\/\\\/schema.org\",\"@graph\":[{\"@type\":\"WebPage\",\"@id\":\"https:\\\/\\\/www.zaldionline.com\\\/es\\\/producto\\\/reit-u-stallhalfter-montar-y-cuero-mit-lederzuegeln\\\/\",\"url\":\"https:\\\/\\\/www.zaldionline.com\\\/es\\\/producto\\\/reit-u-stallhalfter-montar-y-cuero-mit-lederzuegeln\\\/\",\"name\":\"REIT- U. STALLHALFTER MONTAR Y CUERO MIT LEDERZ\u00dcGELN - Zaldionline.com\",\"isPartOf\":{\"@id\":\"https:\\\/\\\/www.zaldionline.com\\\/es\\\/#website\"},\"primaryImageOfPage\":{\"@id\":\"https:\\\/\\\/www.zaldionline.com\\\/es\\\/producto\\\/reit-u-stallhalfter-montar-y-cuero-mit-lederzuegeln\\\/#primaryimage\"},\"image\":{\"@id\":\"https:\\\/\\\/www.zaldionline.com\\\/es\\\/producto\\\/reit-u-stallhalfter-montar-y-cuero-mit-lederzuegeln\\\/#primaryimage\"},\"thumbnailUrl\":\"https:\\\/\\\/www.zaldionline.com\\\/es\\\/wp-content\\\/uploads\\\/sites\\\/2\\\/2020\\\/11\\\/Bild_2020-12-10_151350.png\",\"datePublished\":\"2021-05-12T08:52:12+00:00\",\"dateModified\":\"2023-04-12T11:33:09+00:00\",\"description\":\"Stabiles Reit- und Stallhalfter aus Leder. Goldfarbene Schnalle: Mit Karabiner: Ohne Mundschlie\u00dfer: Lederz\u00fcgel: Gr\u00f6\u00dfen: Cob (Medium), Full (Large) Farben: Schwarz, Braun, Haselnuss Erh\u00e4ltlich \u00fcber ZAldionline.com Ref. 21019145\",\"breadcrumb\":{\"@id\":\"https:\\\/\\\/www.zaldionline.com\\\/es\\\/producto\\\/reit-u-stallhalfter-montar-y-cuero-mit-lederzuegeln\\\/#breadcrumb\"},\"inLanguage\":\"es\",\"potentialAction\":[{\"@type\":\"ReadAction\",\"target\":[\"https:\\\/\\\/www.zaldionline.com\\\/es\\\/producto\\\/reit-u-stallhalfter-montar-y-cuero-mit-lederzuegeln\\\/\"]}]},{\"@type\":\"ImageObject\",\"inLanguage\":\"es\",\"@id\":\"https:\\\/\\\/www.zaldionline.com\\\/es\\\/producto\\\/reit-u-stallhalfter-montar-y-cuero-mit-lederzuegeln\\\/#primaryimage\",\"url\":\"https:\\\/\\\/www.zaldionline.com\\\/es\\\/wp-content\\\/uploads\\\/sites\\\/2\\\/2020\\\/11\\\/Bild_2020-12-10_151350.png\",\"contentUrl\":\"https:\\\/\\\/www.zaldionline.com\\\/es\\\/wp-content\\\/uploads\\\/sites\\\/2\\\/2020\\\/11\\\/Bild_2020-12-10_151350.png\",\"width\":512,\"height\":505},{\"@type\":\"BreadcrumbList\",\"@id\":\"https:\\\/\\\/www.zaldionline.com\\\/es\\\/producto\\\/reit-u-stallhalfter-montar-y-cuero-mit-lederzuegeln\\\/#breadcrumb\",\"itemListElement\":[{\"@type\":\"ListItem\",\"position\":1,\"name\":\"Portada\",\"item\":\"https:\\\/\\\/www.zaldionline.com\\\/es\\\/\"},{\"@type\":\"ListItem\",\"position\":2,\"name\":\"Sillas y accesorios\",\"item\":\"https:\\\/\\\/www.zaldionline.com\\\/es\\\/sillas-y-accesorios\\\/\"},{\"@type\":\"ListItem\",\"position\":3,\"name\":\"REIT- U. STALLHALFTER MONTAR Y CUERO MIT LEDERZ\u00dcGELN\"}]},{\"@type\":\"WebSite\",\"@id\":\"https:\\\/\\\/www.zaldionline.com\\\/es\\\/#website\",\"url\":\"https:\\\/\\\/www.zaldionline.com\\\/es\\\/\",\"name\":\"Zaldionline.com\",\"description\":\"Los mejores productos para usted y su caballo\",\"potentialAction\":[{\"@type\":\"SearchAction\",\"target\":{\"@type\":\"EntryPoint\",\"urlTemplate\":\"https:\\\/\\\/www.zaldionline.com\\\/es\\\/?s={search_term_string}\"},\"query-input\":{\"@type\":\"PropertyValueSpecification\",\"valueRequired\":true,\"valueName\":\"search_term_string\"}}],\"inLanguage\":\"es\"}]}<\/script>\n<!-- \/ Yoast SEO plugin. -->","yoast_head_json":{"title":"REIT- U. STALLHALFTER MONTAR Y CUERO MIT LEDERZ\u00dcGELN - Zaldionline.com","description":"Stabiles Reit- und Stallhalfter aus Leder. Goldfarbene Schnalle: Mit Karabiner: Ohne Mundschlie\u00dfer: Lederz\u00fcgel: Gr\u00f6\u00dfen: Cob (Medium), Full (Large) Farben: Schwarz, Braun, Haselnuss Erh\u00e4ltlich \u00fcber ZAldionline.com Ref. 21019145","robots":{"index":"noindex","follow":"follow","max-snippet":"max-snippet:-1","max-image-preview":"max-image-preview:large","max-video-preview":"max-video-preview:-1"},"og_locale":"es_ES","og_type":"article","og_title":"REIT- U. STALLHALFTER MONTAR Y CUERO MIT LEDERZ\u00dcGELN - Zaldionline.com","og_description":"Stabiles Reit- und Stallhalfter aus Leder. Goldfarbene Schnalle: Mit Karabiner: Ohne Mundschlie\u00dfer: Lederz\u00fcgel: Gr\u00f6\u00dfen: Cob (Medium), Full (Large) Farben: Schwarz, Braun, Haselnuss Erh\u00e4ltlich \u00fcber ZAldionline.com Ref. 21019145","og_url":"https:\/\/www.zaldionline.com\/es\/producto\/reit-u-stallhalfter-montar-y-cuero-mit-lederzuegeln\/","og_site_name":"Zaldionline.com","article_modified_time":"2023-04-12T11:33:09+00:00","og_image":[{"width":512,"height":505,"url":"https:\/\/www.zaldionline.com\/es\/wp-content\/uploads\/sites\/2\/2020\/11\/Bild_2020-12-10_151350.png","type":"image\/png"}],"twitter_card":"summary_large_image","twitter_misc":{"Tiempo de lectura":"1 minuto"},"schema":{"@context":"https:\/\/schema.org","@graph":[{"@type":"WebPage","@id":"https:\/\/www.zaldionline.com\/es\/producto\/reit-u-stallhalfter-montar-y-cuero-mit-lederzuegeln\/","url":"https:\/\/www.zaldionline.com\/es\/producto\/reit-u-stallhalfter-montar-y-cuero-mit-lederzuegeln\/","name":"REIT- U. STALLHALFTER MONTAR Y CUERO MIT LEDERZ\u00dcGELN - Zaldionline.com","isPartOf":{"@id":"https:\/\/www.zaldionline.com\/es\/#website"},"primaryImageOfPage":{"@id":"https:\/\/www.zaldionline.com\/es\/producto\/reit-u-stallhalfter-montar-y-cuero-mit-lederzuegeln\/#primaryimage"},"image":{"@id":"https:\/\/www.zaldionline.com\/es\/producto\/reit-u-stallhalfter-montar-y-cuero-mit-lederzuegeln\/#primaryimage"},"thumbnailUrl":"https:\/\/www.zaldionline.com\/es\/wp-content\/uploads\/sites\/2\/2020\/11\/Bild_2020-12-10_151350.png","datePublished":"2021-05-12T08:52:12+00:00","dateModified":"2023-04-12T11:33:09+00:00","description":"Stabiles Reit- und Stallhalfter aus Leder. Goldfarbene Schnalle: Mit Karabiner: Ohne Mundschlie\u00dfer: Lederz\u00fcgel: Gr\u00f6\u00dfen: Cob (Medium), Full (Large) Farben: Schwarz, Braun, Haselnuss Erh\u00e4ltlich \u00fcber ZAldionline.com Ref. 21019145","breadcrumb":{"@id":"https:\/\/www.zaldionline.com\/es\/producto\/reit-u-stallhalfter-montar-y-cuero-mit-lederzuegeln\/#breadcrumb"},"inLanguage":"es","potentialAction":[{"@type":"ReadAction","target":["https:\/\/www.zaldionline.com\/es\/producto\/reit-u-stallhalfter-montar-y-cuero-mit-lederzuegeln\/"]}]},{"@type":"ImageObject","inLanguage":"es","@id":"https:\/\/www.zaldionline.com\/es\/producto\/reit-u-stallhalfter-montar-y-cuero-mit-lederzuegeln\/#primaryimage","url":"https:\/\/www.zaldionline.com\/es\/wp-content\/uploads\/sites\/2\/2020\/11\/Bild_2020-12-10_151350.png","contentUrl":"https:\/\/www.zaldionline.com\/es\/wp-content\/uploads\/sites\/2\/2020\/11\/Bild_2020-12-10_151350.png","width":512,"height":505},{"@type":"BreadcrumbList","@id":"https:\/\/www.zaldionline.com\/es\/producto\/reit-u-stallhalfter-montar-y-cuero-mit-lederzuegeln\/#breadcrumb","itemListElement":[{"@type":"ListItem","position":1,"name":"Portada","item":"https:\/\/www.zaldionline.com\/es\/"},{"@type":"ListItem","position":2,"name":"Sillas y accesorios","item":"https:\/\/www.zaldionline.com\/es\/sillas-y-accesorios\/"},{"@type":"ListItem","position":3,"name":"REIT- U. STALLHALFTER MONTAR Y CUERO MIT LEDERZ\u00dcGELN"}]},{"@type":"WebSite","@id":"https:\/\/www.zaldionline.com\/es\/#website","url":"https:\/\/www.zaldionline.com\/es\/","name":"Zaldionline.com","description":"Los mejores productos para usted y su caballo","potentialAction":[{"@type":"SearchAction","target":{"@type":"EntryPoint","urlTemplate":"https:\/\/www.zaldionline.com\/es\/?s={search_term_string}"},"query-input":{"@type":"PropertyValueSpecification","valueRequired":true,"valueName":"search_term_string"}}],"inLanguage":"es"}]}},"_links":{"self":[{"href":"https:\/\/www.zaldionline.com\/es\/wp-json\/wp\/v2\/product\/17982","targetHints":{"allow":["GET"]}}],"collection":[{"href":"https:\/\/www.zaldionline.com\/es\/wp-json\/wp\/v2\/product"}],"about":[{"href":"https:\/\/www.zaldionline.com\/es\/wp-json\/wp\/v2\/types\/product"}],"replies":[{"embeddable":true,"href":"https:\/\/www.zaldionline.com\/es\/wp-json\/wp\/v2\/comments?post=17982"}],"version-history":[{"count":1,"href":"https:\/\/www.zaldionline.com\/es\/wp-json\/wp\/v2\/product\/17982\/revisions"}],"predecessor-version":[{"id":23181,"href":"https:\/\/www.zaldionline.com\/es\/wp-json\/wp\/v2\/product\/17982\/revisions\/23181"}],"wp:featuredmedia":[{"embeddable":true,"href":"https:\/\/www.zaldionline.com\/es\/wp-json\/wp\/v2\/media\/17396"}],"wp:attachment":[{"href":"https:\/\/www.zaldionline.com\/es\/wp-json\/wp\/v2\/media?parent=17982"}],"wp:term":[{"taxonomy":"product_brand","embeddable":true,"href":"https:\/\/www.zaldionline.com\/es\/wp-json\/wp\/v2\/product_brand?post=17982"},{"taxonomy":"product_cat","embeddable":true,"href":"https:\/\/www.zaldionline.com\/es\/wp-json\/wp\/v2\/product_cat?post=17982"},{"taxonomy":"product_tag","embeddable":true,"href":"https:\/\/www.zaldionline.com\/es\/wp-json\/wp\/v2\/product_tag?post=17982"}],"curies":[{"name":"wp","href":"https:\/\/api.w.org\/{rel}","templated":true}]}}