{"id":18004,"date":"2021-06-02T09:09:41","date_gmt":"2021-06-02T09:09:41","guid":{"rendered":"https:\/\/zaldionline.com\/?post_type=product&#038;p=18004"},"modified":"2026-02-20T09:24:40","modified_gmt":"2026-02-20T09:24:40","slug":"maquina-adaptadora-silla-zaldi-para-abrir-o-cerrar","status":"publish","type":"product","link":"https:\/\/www.zaldionline.com\/es\/producto\/maquina-adaptadora-silla-zaldi-para-abrir-o-cerrar\/","title":{"rendered":"M\u00c1QUINA ADAPTADORA SILLA ZALDI PARA ABRIR O CERRAR"},"content":{"rendered":"\t\t<div data-elementor-type=\"wp-post\" data-elementor-id=\"18004\" class=\"elementor elementor-18004\">\n\t\t\t\t\t\t<section class=\"elementor-section elementor-top-section elementor-element elementor-element-295e2701 elementor-section-boxed elementor-section-height-default elementor-section-height-default\" data-id=\"295e2701\" data-element_type=\"section\" data-e-type=\"section\">\n\t\t\t\t\t\t<div class=\"elementor-container elementor-column-gap-default\">\n\t\t\t\t\t<div class=\"elementor-column elementor-col-100 elementor-top-column elementor-element elementor-element-1e81d811\" data-id=\"1e81d811\" data-element_type=\"column\" data-e-type=\"column\">\n\t\t\t<div class=\"elementor-widget-wrap elementor-element-populated\">\n\t\t\t\t\t\t<div class=\"elementor-element elementor-element-5af356ca elementor-widget elementor-widget-text-editor\" data-id=\"5af356ca\" data-element_type=\"widget\" data-e-type=\"widget\" data-widget_type=\"text-editor.default\">\n\t\t\t\t<div class=\"elementor-widget-container\">\n\t\t\t\t\t\t\t\t\t<p>M\u00e1quina para modificar el puente de las sillas ZALDI fabricadas con armadura de polipropileno.<br \/><br \/>M\u00e1quina abre-cierra sillas de montar y armaduras Zaldi.<br \/>A veces es necesario adaptar una silla de montar a una medida distinta a la original, para ello tenemos a la venta nuestra m\u00e1quina Zaldi de abrir\/cerrar armaduras con la cual puede adaptar la medida al caballo si este hubiera cambiado morfol\u00f3gicamente o fuera otro caballo distinto. Siempre al comenzar con esta m\u00e1quina, es recomendable asesorarse por un experto.<br \/><br \/>F\u00e1cil de utilizar.<\/p><p><a href=\"https:\/\/www.youtube.com\/watch?v=SSh868VEB_4\">HIER EIN VIDEO WIE DIE MASCHINE FUNKTIONIERT<\/a><\/p><p>Ref.: 01005020000<\/p>\t\t\t\t\t\t\t\t<\/div>\n\t\t\t\t<\/div>\n\t\t\t\t\t<\/div>\n\t\t<\/div>\n\t\t\t\t\t<\/div>\n\t\t<\/section>\n\t\t\t\t<\/div>\n\t\t","protected":false},"excerpt":{"rendered":"<p>M\u00e1quina para modificar el puente de las sillas ZALDI fabricadas con armadura de polipropileno. M\u00e1quina abre-cierra sillas de montar y armaduras Zaldi. A veces es necesario adaptar una silla de montar a una medida distinta a la original, para ello tenemos a la venta nuestra m\u00e1quina Zaldi de abrir\/cerrar armaduras con la cual puede adaptar [&hellip;]<\/p>\n","protected":false},"featured_media":18002,"comment_status":"open","ping_status":"closed","template":"","meta":{"site-sidebar-layout":"default","site-content-layout":"default","ast-site-content-layout":"default","site-content-style":"default","site-sidebar-style":"default","ast-global-header-display":"","ast-banner-title-visibility":"","ast-main-header-display":"","ast-hfb-above-header-display":"","ast-hfb-below-header-display":"","ast-hfb-mobile-header-display":"","site-post-title":"","ast-breadcrumbs-content":"","ast-featured-img":"","footer-sml-layout":"","ast-disable-related-posts":"","theme-transparent-header-meta":"default","adv-header-id-meta":"","stick-header-meta":"","header-above-stick-meta":"","header-main-stick-meta":"","header-below-stick-meta":"","astra-migrate-meta-layouts":"set","ast-page-background-enabled":"default","ast-page-background-meta":{"desktop":{"background-color":"var(--ast-global-color-4)","background-image":"","background-repeat":"repeat","background-position":"center center","background-size":"auto","background-attachment":"scroll","background-type":"","background-media":"","overlay-type":"","overlay-color":"","overlay-opacity":"","overlay-gradient":""},"tablet":{"background-color":"","background-image":"","background-repeat":"repeat","background-position":"center center","background-size":"auto","background-attachment":"scroll","background-type":"","background-media":"","overlay-type":"","overlay-color":"","overlay-opacity":"","overlay-gradient":""},"mobile":{"background-color":"","background-image":"","background-repeat":"repeat","background-position":"center center","background-size":"auto","background-attachment":"scroll","background-type":"","background-media":"","overlay-type":"","overlay-color":"","overlay-opacity":"","overlay-gradient":""}},"ast-content-background-meta":{"desktop":{"background-color":"var(--ast-global-color-5)","background-image":"","background-repeat":"repeat","background-position":"center center","background-size":"auto","background-attachment":"scroll","background-type":"","background-media":"","overlay-type":"","overlay-color":"","overlay-opacity":"","overlay-gradient":""},"tablet":{"background-color":"var(--ast-global-color-5)","background-image":"","background-repeat":"repeat","background-position":"center center","background-size":"auto","background-attachment":"scroll","background-type":"","background-media":"","overlay-type":"","overlay-color":"","overlay-opacity":"","overlay-gradient":""},"mobile":{"background-color":"var(--ast-global-color-5)","background-image":"","background-repeat":"repeat","background-position":"center center","background-size":"auto","background-attachment":"scroll","background-type":"","background-media":"","overlay-type":"","overlay-color":"","overlay-opacity":"","overlay-gradient":""}},"ngg_post_thumbnail":0},"product_brand":[],"product_cat":[34,17],"product_tag":[1019,341,1018,1020,440,202,337,338,339],"class_list":{"0":"post-18004","1":"product","2":"type-product","3":"status-publish","4":"has-post-thumbnail","6":"product_cat-extras-fabricacion-a-medida-rodilleras-tm-reparaciones","7":"product_cat-sillas","8":"product_tag-adaptadora","9":"product_tag-bienestarcaballo","10":"product_tag-maquina-adaptadora","11":"product_tag-maquina-para-abrir-o-cerrar","12":"product_tag-silla","13":"product_tag-sillas","14":"product_tag-zaldi","15":"product_tag-zaldi-deutschland","16":"product_tag-zaldi-online-com","17":"desktop-align-left","18":"tablet-align-left","19":"mobile-align-left","21":"first","22":"instock","23":"taxable","24":"shipping-taxable","25":"purchasable","26":"product-type-simple"},"yoast_head":"<!-- This site is optimized with the Yoast SEO plugin v27.5 - https:\/\/yoast.com\/product\/yoast-seo-wordpress\/ -->\n<title>M\u00c1QUINA ADAPTADORA SILLA ZALDI PARA ABRIR O CERRAR - Zaldionline.com<\/title>\n<meta name=\"description\" content=\"Precio incl. IVA: 1.054,50\u20ac M\u00e1quina para modificar el puente de las sillas ZALDI fabricadas con armadura de polipropileno. M\u00e1quina abre-cierra sillas de montar y armaduras Zaldi. A veces es necesario adaptar una silla de montar a una medida distinta a la original, para ello tenemos a la venta nuestra m\u00e1quina Zaldi de abrir\/cerrar armaduras con la cual puede adaptar la medida al caballo si este hubiera cambiado morfol\u00f3gicamente o fuera otro caballo distinto. Siempre al comenzar con esta m\u00e1quina, es recomendable asesorarse por un experto. F\u00e1cil de utilizar. Ref.: 01005020000\" \/>\n<meta name=\"robots\" content=\"noindex, follow, max-snippet:-1, max-image-preview:large, max-video-preview:-1\" \/>\n<meta property=\"og:locale\" content=\"es_ES\" \/>\n<meta property=\"og:type\" content=\"article\" \/>\n<meta property=\"og:title\" content=\"M\u00c1QUINA ADAPTADORA SILLA ZALDI PARA ABRIR O CERRAR - Zaldionline.com\" \/>\n<meta property=\"og:description\" content=\"Precio incl. IVA: 1.054,50\u20ac M\u00e1quina para modificar el puente de las sillas ZALDI fabricadas con armadura de polipropileno. M\u00e1quina abre-cierra sillas de montar y armaduras Zaldi. A veces es necesario adaptar una silla de montar a una medida distinta a la original, para ello tenemos a la venta nuestra m\u00e1quina Zaldi de abrir\/cerrar armaduras con la cual puede adaptar la medida al caballo si este hubiera cambiado morfol\u00f3gicamente o fuera otro caballo distinto. Siempre al comenzar con esta m\u00e1quina, es recomendable asesorarse por un experto. F\u00e1cil de utilizar. Ref.: 01005020000\" \/>\n<meta property=\"og:url\" content=\"https:\/\/www.zaldionline.com\/es\/producto\/maquina-adaptadora-silla-zaldi-para-abrir-o-cerrar\/\" \/>\n<meta property=\"og:site_name\" content=\"Zaldionline.com\" \/>\n<meta property=\"article:modified_time\" content=\"2026-02-20T09:24:40+00:00\" \/>\n<meta property=\"og:image\" content=\"https:\/\/www.zaldionline.com\/es\/wp-content\/uploads\/sites\/2\/2021\/06\/Kopfeisenverstellmaschine-ZALDI-von-www.zaldionline.com_.jpg\" \/>\n\t<meta property=\"og:image:width\" content=\"450\" \/>\n\t<meta property=\"og:image:height\" content=\"457\" \/>\n\t<meta property=\"og:image:type\" content=\"image\/jpeg\" \/>\n<meta name=\"twitter:card\" content=\"summary_large_image\" \/>\n<meta name=\"twitter:label1\" content=\"Tiempo de lectura\" \/>\n\t<meta name=\"twitter:data1\" content=\"1 minuto\" \/>\n<script type=\"application\/ld+json\" class=\"yoast-schema-graph\">{\"@context\":\"https:\\\/\\\/schema.org\",\"@graph\":[{\"@type\":\"WebPage\",\"@id\":\"https:\\\/\\\/www.zaldionline.com\\\/es\\\/producto\\\/maquina-adaptadora-silla-zaldi-para-abrir-o-cerrar\\\/\",\"url\":\"https:\\\/\\\/www.zaldionline.com\\\/es\\\/producto\\\/maquina-adaptadora-silla-zaldi-para-abrir-o-cerrar\\\/\",\"name\":\"M\u00c1QUINA ADAPTADORA SILLA ZALDI PARA ABRIR O CERRAR - Zaldionline.com\",\"isPartOf\":{\"@id\":\"https:\\\/\\\/www.zaldionline.com\\\/es\\\/#website\"},\"primaryImageOfPage\":{\"@id\":\"https:\\\/\\\/www.zaldionline.com\\\/es\\\/producto\\\/maquina-adaptadora-silla-zaldi-para-abrir-o-cerrar\\\/#primaryimage\"},\"image\":{\"@id\":\"https:\\\/\\\/www.zaldionline.com\\\/es\\\/producto\\\/maquina-adaptadora-silla-zaldi-para-abrir-o-cerrar\\\/#primaryimage\"},\"thumbnailUrl\":\"https:\\\/\\\/www.zaldionline.com\\\/es\\\/wp-content\\\/uploads\\\/sites\\\/2\\\/2021\\\/06\\\/Kopfeisenverstellmaschine-ZALDI-von-www.zaldionline.com_.jpg\",\"datePublished\":\"2021-06-02T09:09:41+00:00\",\"dateModified\":\"2026-02-20T09:24:40+00:00\",\"description\":\"Precio incl. IVA: 1.054,50\u20ac M\u00e1quina para modificar el puente de las sillas ZALDI fabricadas con armadura de polipropileno. M\u00e1quina abre-cierra sillas de montar y armaduras Zaldi. A veces es necesario adaptar una silla de montar a una medida distinta a la original, para ello tenemos a la venta nuestra m\u00e1quina Zaldi de abrir\\\/cerrar armaduras con la cual puede adaptar la medida al caballo si este hubiera cambiado morfol\u00f3gicamente o fuera otro caballo distinto. Siempre al comenzar con esta m\u00e1quina, es recomendable asesorarse por un experto. F\u00e1cil de utilizar. Ref.: 01005020000\",\"breadcrumb\":{\"@id\":\"https:\\\/\\\/www.zaldionline.com\\\/es\\\/producto\\\/maquina-adaptadora-silla-zaldi-para-abrir-o-cerrar\\\/#breadcrumb\"},\"inLanguage\":\"es\",\"potentialAction\":[{\"@type\":\"ReadAction\",\"target\":[\"https:\\\/\\\/www.zaldionline.com\\\/es\\\/producto\\\/maquina-adaptadora-silla-zaldi-para-abrir-o-cerrar\\\/\"]}]},{\"@type\":\"ImageObject\",\"inLanguage\":\"es\",\"@id\":\"https:\\\/\\\/www.zaldionline.com\\\/es\\\/producto\\\/maquina-adaptadora-silla-zaldi-para-abrir-o-cerrar\\\/#primaryimage\",\"url\":\"https:\\\/\\\/www.zaldionline.com\\\/es\\\/wp-content\\\/uploads\\\/sites\\\/2\\\/2021\\\/06\\\/Kopfeisenverstellmaschine-ZALDI-von-www.zaldionline.com_.jpg\",\"contentUrl\":\"https:\\\/\\\/www.zaldionline.com\\\/es\\\/wp-content\\\/uploads\\\/sites\\\/2\\\/2021\\\/06\\\/Kopfeisenverstellmaschine-ZALDI-von-www.zaldionline.com_.jpg\",\"width\":450,\"height\":457},{\"@type\":\"BreadcrumbList\",\"@id\":\"https:\\\/\\\/www.zaldionline.com\\\/es\\\/producto\\\/maquina-adaptadora-silla-zaldi-para-abrir-o-cerrar\\\/#breadcrumb\",\"itemListElement\":[{\"@type\":\"ListItem\",\"position\":1,\"name\":\"Portada\",\"item\":\"https:\\\/\\\/www.zaldionline.com\\\/es\\\/\"},{\"@type\":\"ListItem\",\"position\":2,\"name\":\"Sillas y accesorios\",\"item\":\"https:\\\/\\\/www.zaldionline.com\\\/es\\\/sillas-y-accesorios\\\/\"},{\"@type\":\"ListItem\",\"position\":3,\"name\":\"M\u00c1QUINA ADAPTADORA SILLA ZALDI PARA ABRIR O CERRAR\"}]},{\"@type\":\"WebSite\",\"@id\":\"https:\\\/\\\/www.zaldionline.com\\\/es\\\/#website\",\"url\":\"https:\\\/\\\/www.zaldionline.com\\\/es\\\/\",\"name\":\"Zaldionline.com\",\"description\":\"Los mejores productos para usted y su caballo\",\"potentialAction\":[{\"@type\":\"SearchAction\",\"target\":{\"@type\":\"EntryPoint\",\"urlTemplate\":\"https:\\\/\\\/www.zaldionline.com\\\/es\\\/?s={search_term_string}\"},\"query-input\":{\"@type\":\"PropertyValueSpecification\",\"valueRequired\":true,\"valueName\":\"search_term_string\"}}],\"inLanguage\":\"es\"}]}<\/script>\n<!-- \/ Yoast SEO plugin. -->","yoast_head_json":{"title":"M\u00c1QUINA ADAPTADORA SILLA ZALDI PARA ABRIR O CERRAR - Zaldionline.com","description":"Precio incl. IVA: 1.054,50\u20ac M\u00e1quina para modificar el puente de las sillas ZALDI fabricadas con armadura de polipropileno. M\u00e1quina abre-cierra sillas de montar y armaduras Zaldi. A veces es necesario adaptar una silla de montar a una medida distinta a la original, para ello tenemos a la venta nuestra m\u00e1quina Zaldi de abrir\/cerrar armaduras con la cual puede adaptar la medida al caballo si este hubiera cambiado morfol\u00f3gicamente o fuera otro caballo distinto. Siempre al comenzar con esta m\u00e1quina, es recomendable asesorarse por un experto. F\u00e1cil de utilizar. Ref.: 01005020000","robots":{"index":"noindex","follow":"follow","max-snippet":"max-snippet:-1","max-image-preview":"max-image-preview:large","max-video-preview":"max-video-preview:-1"},"og_locale":"es_ES","og_type":"article","og_title":"M\u00c1QUINA ADAPTADORA SILLA ZALDI PARA ABRIR O CERRAR - Zaldionline.com","og_description":"Precio incl. IVA: 1.054,50\u20ac M\u00e1quina para modificar el puente de las sillas ZALDI fabricadas con armadura de polipropileno. M\u00e1quina abre-cierra sillas de montar y armaduras Zaldi. A veces es necesario adaptar una silla de montar a una medida distinta a la original, para ello tenemos a la venta nuestra m\u00e1quina Zaldi de abrir\/cerrar armaduras con la cual puede adaptar la medida al caballo si este hubiera cambiado morfol\u00f3gicamente o fuera otro caballo distinto. Siempre al comenzar con esta m\u00e1quina, es recomendable asesorarse por un experto. F\u00e1cil de utilizar. Ref.: 01005020000","og_url":"https:\/\/www.zaldionline.com\/es\/producto\/maquina-adaptadora-silla-zaldi-para-abrir-o-cerrar\/","og_site_name":"Zaldionline.com","article_modified_time":"2026-02-20T09:24:40+00:00","og_image":[{"width":450,"height":457,"url":"https:\/\/www.zaldionline.com\/es\/wp-content\/uploads\/sites\/2\/2021\/06\/Kopfeisenverstellmaschine-ZALDI-von-www.zaldionline.com_.jpg","type":"image\/jpeg"}],"twitter_card":"summary_large_image","twitter_misc":{"Tiempo de lectura":"1 minuto"},"schema":{"@context":"https:\/\/schema.org","@graph":[{"@type":"WebPage","@id":"https:\/\/www.zaldionline.com\/es\/producto\/maquina-adaptadora-silla-zaldi-para-abrir-o-cerrar\/","url":"https:\/\/www.zaldionline.com\/es\/producto\/maquina-adaptadora-silla-zaldi-para-abrir-o-cerrar\/","name":"M\u00c1QUINA ADAPTADORA SILLA ZALDI PARA ABRIR O CERRAR - Zaldionline.com","isPartOf":{"@id":"https:\/\/www.zaldionline.com\/es\/#website"},"primaryImageOfPage":{"@id":"https:\/\/www.zaldionline.com\/es\/producto\/maquina-adaptadora-silla-zaldi-para-abrir-o-cerrar\/#primaryimage"},"image":{"@id":"https:\/\/www.zaldionline.com\/es\/producto\/maquina-adaptadora-silla-zaldi-para-abrir-o-cerrar\/#primaryimage"},"thumbnailUrl":"https:\/\/www.zaldionline.com\/es\/wp-content\/uploads\/sites\/2\/2021\/06\/Kopfeisenverstellmaschine-ZALDI-von-www.zaldionline.com_.jpg","datePublished":"2021-06-02T09:09:41+00:00","dateModified":"2026-02-20T09:24:40+00:00","description":"Precio incl. IVA: 1.054,50\u20ac M\u00e1quina para modificar el puente de las sillas ZALDI fabricadas con armadura de polipropileno. M\u00e1quina abre-cierra sillas de montar y armaduras Zaldi. A veces es necesario adaptar una silla de montar a una medida distinta a la original, para ello tenemos a la venta nuestra m\u00e1quina Zaldi de abrir\/cerrar armaduras con la cual puede adaptar la medida al caballo si este hubiera cambiado morfol\u00f3gicamente o fuera otro caballo distinto. Siempre al comenzar con esta m\u00e1quina, es recomendable asesorarse por un experto. F\u00e1cil de utilizar. Ref.: 01005020000","breadcrumb":{"@id":"https:\/\/www.zaldionline.com\/es\/producto\/maquina-adaptadora-silla-zaldi-para-abrir-o-cerrar\/#breadcrumb"},"inLanguage":"es","potentialAction":[{"@type":"ReadAction","target":["https:\/\/www.zaldionline.com\/es\/producto\/maquina-adaptadora-silla-zaldi-para-abrir-o-cerrar\/"]}]},{"@type":"ImageObject","inLanguage":"es","@id":"https:\/\/www.zaldionline.com\/es\/producto\/maquina-adaptadora-silla-zaldi-para-abrir-o-cerrar\/#primaryimage","url":"https:\/\/www.zaldionline.com\/es\/wp-content\/uploads\/sites\/2\/2021\/06\/Kopfeisenverstellmaschine-ZALDI-von-www.zaldionline.com_.jpg","contentUrl":"https:\/\/www.zaldionline.com\/es\/wp-content\/uploads\/sites\/2\/2021\/06\/Kopfeisenverstellmaschine-ZALDI-von-www.zaldionline.com_.jpg","width":450,"height":457},{"@type":"BreadcrumbList","@id":"https:\/\/www.zaldionline.com\/es\/producto\/maquina-adaptadora-silla-zaldi-para-abrir-o-cerrar\/#breadcrumb","itemListElement":[{"@type":"ListItem","position":1,"name":"Portada","item":"https:\/\/www.zaldionline.com\/es\/"},{"@type":"ListItem","position":2,"name":"Sillas y accesorios","item":"https:\/\/www.zaldionline.com\/es\/sillas-y-accesorios\/"},{"@type":"ListItem","position":3,"name":"M\u00c1QUINA ADAPTADORA SILLA ZALDI PARA ABRIR O CERRAR"}]},{"@type":"WebSite","@id":"https:\/\/www.zaldionline.com\/es\/#website","url":"https:\/\/www.zaldionline.com\/es\/","name":"Zaldionline.com","description":"Los mejores productos para usted y su caballo","potentialAction":[{"@type":"SearchAction","target":{"@type":"EntryPoint","urlTemplate":"https:\/\/www.zaldionline.com\/es\/?s={search_term_string}"},"query-input":{"@type":"PropertyValueSpecification","valueRequired":true,"valueName":"search_term_string"}}],"inLanguage":"es"}]}},"_links":{"self":[{"href":"https:\/\/www.zaldionline.com\/es\/wp-json\/wp\/v2\/product\/18004","targetHints":{"allow":["GET"]}}],"collection":[{"href":"https:\/\/www.zaldionline.com\/es\/wp-json\/wp\/v2\/product"}],"about":[{"href":"https:\/\/www.zaldionline.com\/es\/wp-json\/wp\/v2\/types\/product"}],"replies":[{"embeddable":true,"href":"https:\/\/www.zaldionline.com\/es\/wp-json\/wp\/v2\/comments?post=18004"}],"version-history":[{"count":6,"href":"https:\/\/www.zaldionline.com\/es\/wp-json\/wp\/v2\/product\/18004\/revisions"}],"predecessor-version":[{"id":25056,"href":"https:\/\/www.zaldionline.com\/es\/wp-json\/wp\/v2\/product\/18004\/revisions\/25056"}],"wp:featuredmedia":[{"embeddable":true,"href":"https:\/\/www.zaldionline.com\/es\/wp-json\/wp\/v2\/media\/18002"}],"wp:attachment":[{"href":"https:\/\/www.zaldionline.com\/es\/wp-json\/wp\/v2\/media?parent=18004"}],"wp:term":[{"taxonomy":"product_brand","embeddable":true,"href":"https:\/\/www.zaldionline.com\/es\/wp-json\/wp\/v2\/product_brand?post=18004"},{"taxonomy":"product_cat","embeddable":true,"href":"https:\/\/www.zaldionline.com\/es\/wp-json\/wp\/v2\/product_cat?post=18004"},{"taxonomy":"product_tag","embeddable":true,"href":"https:\/\/www.zaldionline.com\/es\/wp-json\/wp\/v2\/product_tag?post=18004"}],"curies":[{"name":"wp","href":"https:\/\/api.w.org\/{rel}","templated":true}]}}