{"id":18027,"date":"2021-06-29T11:56:42","date_gmt":"2021-06-29T11:56:42","guid":{"rendered":"https:\/\/zaldionline.com\/?post_type=product&#038;p=18027"},"modified":"2025-09-11T13:27:48","modified_gmt":"2025-09-11T13:27:48","slug":"anatomischer-dressurgurt-aus-gel-und-pvc","status":"publish","type":"product","link":"https:\/\/www.zaldionline.com\/es\/producto\/anatomischer-dressurgurt-aus-gel-und-pvc\/","title":{"rendered":"ANATOMISCHER DRESSURGURT AUS GEL UND PVC"},"content":{"rendered":"\t\t<div data-elementor-type=\"wp-post\" data-elementor-id=\"18027\" class=\"elementor elementor-18027\">\n\t\t\t\t\t\t<section class=\"elementor-section elementor-top-section elementor-element elementor-element-3f5e7b51 elementor-section-boxed elementor-section-height-default elementor-section-height-default\" data-id=\"3f5e7b51\" data-element_type=\"section\" data-e-type=\"section\">\n\t\t\t\t\t\t<div class=\"elementor-container elementor-column-gap-default\">\n\t\t\t\t\t<div class=\"elementor-column elementor-col-100 elementor-top-column elementor-element elementor-element-77db05f\" data-id=\"77db05f\" data-element_type=\"column\" data-e-type=\"column\">\n\t\t\t<div class=\"elementor-widget-wrap elementor-element-populated\">\n\t\t\t\t\t\t<div class=\"elementor-element elementor-element-7d5cdd56 elementor-widget elementor-widget-text-editor\" data-id=\"7d5cdd56\" data-element_type=\"widget\" data-e-type=\"widget\" data-widget_type=\"text-editor.default\">\n\t\t\t\t<div class=\"elementor-widget-container\">\n\t\t\t\t\t\t\t\t\t<p>Preis inkl. MwSt.: 156,64\u20ac<\/p><p><span class=\"VIiyi\" lang=\"de\"><span class=\"JLqJ4b ChMk0b\" data-language-for-alternatives=\"de\" data-language-to-translate-into=\"es\" data-phrase-index=\"0\">Anatomischer Dressurgurt aus Gel und PVC<\/span><\/span><\/p><p><span class=\"VIiyi\" lang=\"de\"><span class=\"JLqJ4b ChMk0b\" data-language-for-alternatives=\"de\" data-language-to-translate-into=\"es\" data-phrase-index=\"0\"> Druckentlastend und Sattelstabilisierend<\/span><\/span><\/p><p><span class=\"VIiyi\" lang=\"de\"><span class=\"JLqJ4b ChMk0b\" data-language-for-alternatives=\"de\" data-language-to-translate-into=\"es\" data-phrase-index=\"1\">Er kombiniert rutschhemmende und d\u00e4mpfende Eigenschaften und absorbiert die beim Reiter entstehenden St\u00f6\u00dfe<\/span><\/span><\/p><p><span class=\"VIiyi\" lang=\"de\"><span class=\"JLqJ4b ChMk0b\" data-language-for-alternatives=\"de\" data-language-to-translate-into=\"es\" data-phrase-index=\"2\">PVC ist ein perfekt geeignetes Material f\u00fcr die Herstellung von Reitsportartikeln, da es elastisch, aber sehr widerstandsf\u00e4hig ist.<\/span> <span class=\"JLqJ4b ChMk0b\" data-language-for-alternatives=\"de\" data-language-to-translate-into=\"es\" data-phrase-index=\"3\">Es ist auch kratzfest.<\/span><\/span><\/p><p><span class=\"VIiyi\" lang=\"de\"><span class=\"JLqJ4b ChMk0b\" data-language-for-alternatives=\"de\" data-language-to-translate-into=\"es\" data-phrase-index=\"4\">In der Mitte des Innenteils befindet sich eine Gel-Einlage, die die Funktion hat, Druck aufzunehmen und m\u00f6gliche Hautirritationen zu vermeiden.<\/span> <span class=\"JLqJ4b ChMk0b\" data-language-for-alternatives=\"de\" data-language-to-translate-into=\"es\" data-phrase-index=\"5\">Leichtigkeit und Elastizit\u00e4t, sowie sicher im Kontakt mit der Haut.<\/span>\u00a0<\/span><\/p><p><span class=\"VIiyi\" lang=\"de\"><span class=\"JLqJ4b ChMk0b\" data-language-for-alternatives=\"de\" data-language-to-translate-into=\"es\" data-phrase-index=\"7\">Schnallen aus Edelstahl<\/span><\/span><\/p><p><span class=\"VIiyi\" lang=\"de\"><span class=\"JLqJ4b ChMk0b\" data-language-for-alternatives=\"de\" data-language-to-translate-into=\"es\" data-phrase-index=\"8\">Pflegehinweis: Handw\u00e4sche mit milder Seife.<\/span> <span class=\"JLqJ4b ChMk0b\" data-language-for-alternatives=\"de\" data-language-to-translate-into=\"es\" data-phrase-index=\"9\">Nicht Trocknergeeignet.<\/span> <span class=\"JLqJ4b ChMk0b\" data-language-for-alternatives=\"de\" data-language-to-translate-into=\"es\" data-phrase-index=\"10\">Nicht direkter Hitze oder starker Sonneneinstrahlung aussetzen.<\/span> <span class=\"JLqJ4b ChMk0b\" data-language-for-alternatives=\"de\" data-language-to-translate-into=\"es\" data-phrase-index=\"11\">Lufttrocknen.<\/span> <\/span><\/p><p><span class=\"VIiyi\" lang=\"de\"><span class=\"JLqJ4b ChMk0b\" data-language-for-alternatives=\"de\" data-language-to-translate-into=\"es\" data-phrase-index=\"12\">Gr\u00f6\u00dfen: 55 cm &#8211; 60 cm &#8211; 65 cm &#8211; 70 cm &#8211; 75 cm &#8211; 80 cm<\/span><\/span><\/p><p><span class=\"VIiyi\" lang=\"de\"><span class=\"JLqJ4b ChMk0b\" data-language-for-alternatives=\"de\" data-language-to-translate-into=\"es\" data-phrase-index=\"12\">Farbe: Schwarz.<\/span><\/span><\/p><p>F\u00fcr weitere Informationen kontaktiere uns bitte.<\/p><p>Wir beraten Dich gerne!<\/p><p>Ref.: 21024185501<\/p>\t\t\t\t\t\t\t\t<\/div>\n\t\t\t\t<\/div>\n\t\t\t\t\t<\/div>\n\t\t<\/div>\n\t\t\t\t\t<\/div>\n\t\t<\/section>\n\t\t\t\t<\/div>\n\t\t","protected":false},"excerpt":{"rendered":"<p>Preis inkl. MwSt.: 156,64\u20ac Anatomischer Dressurgurt aus Gel und PVC Druckentlastend und Sattelstabilisierend Er kombiniert rutschhemmende und d\u00e4mpfende Eigenschaften und absorbiert die beim Reiter entstehenden St\u00f6\u00dfe PVC ist ein perfekt geeignetes Material f\u00fcr die Herstellung von Reitsportartikeln, da es elastisch, aber sehr widerstandsf\u00e4hig ist. Es ist auch kratzfest. In der Mitte des Innenteils befindet sich [&hellip;]<\/p>\n","protected":false},"featured_media":18026,"comment_status":"open","ping_status":"closed","template":"","meta":{"site-sidebar-layout":"default","site-content-layout":"default","ast-site-content-layout":"default","site-content-style":"default","site-sidebar-style":"default","ast-global-header-display":"","ast-banner-title-visibility":"","ast-main-header-display":"","ast-hfb-above-header-display":"","ast-hfb-below-header-display":"","ast-hfb-mobile-header-display":"","site-post-title":"","ast-breadcrumbs-content":"","ast-featured-img":"","footer-sml-layout":"","ast-disable-related-posts":"","theme-transparent-header-meta":"default","adv-header-id-meta":"","stick-header-meta":"","header-above-stick-meta":"","header-main-stick-meta":"","header-below-stick-meta":"","astra-migrate-meta-layouts":"set","ast-page-background-enabled":"default","ast-page-background-meta":{"desktop":{"background-color":"var(--ast-global-color-4)","background-image":"","background-repeat":"repeat","background-position":"center center","background-size":"auto","background-attachment":"scroll","background-type":"","background-media":"","overlay-type":"","overlay-color":"","overlay-opacity":"","overlay-gradient":""},"tablet":{"background-color":"","background-image":"","background-repeat":"repeat","background-position":"center center","background-size":"auto","background-attachment":"scroll","background-type":"","background-media":"","overlay-type":"","overlay-color":"","overlay-opacity":"","overlay-gradient":""},"mobile":{"background-color":"","background-image":"","background-repeat":"repeat","background-position":"center center","background-size":"auto","background-attachment":"scroll","background-type":"","background-media":"","overlay-type":"","overlay-color":"","overlay-opacity":"","overlay-gradient":""}},"ast-content-background-meta":{"desktop":{"background-color":"var(--ast-global-color-5)","background-image":"","background-repeat":"repeat","background-position":"center center","background-size":"auto","background-attachment":"scroll","background-type":"","background-media":"","overlay-type":"","overlay-color":"","overlay-opacity":"","overlay-gradient":""},"tablet":{"background-color":"var(--ast-global-color-5)","background-image":"","background-repeat":"repeat","background-position":"center center","background-size":"auto","background-attachment":"scroll","background-type":"","background-media":"","overlay-type":"","overlay-color":"","overlay-opacity":"","overlay-gradient":""},"mobile":{"background-color":"var(--ast-global-color-5)","background-image":"","background-repeat":"repeat","background-position":"center center","background-size":"auto","background-attachment":"scroll","background-type":"","background-media":"","overlay-type":"","overlay-color":"","overlay-opacity":"","overlay-gradient":""}},"ngg_post_thumbnail":0},"product_brand":[],"product_cat":[18,46],"product_tag":[674,675,341,622,343,340,337,338,339],"class_list":{"0":"post-18027","1":"product","2":"type-product","3":"status-publish","4":"has-post-thumbnail","6":"product_cat-accesorios","7":"product_cat-cinchas-accesorios","8":"product_tag-anatomischer-dressurgurt","9":"product_tag-anatomischer-gurt","10":"product_tag-bienestarcaballo","11":"product_tag-dressurgurt","12":"product_tag-sattel-guenstig","13":"product_tag-susanne-nagel","14":"product_tag-zaldi","15":"product_tag-zaldi-deutschland","16":"product_tag-zaldi-online-com","17":"desktop-align-left","18":"tablet-align-left","19":"mobile-align-left","21":"first","22":"instock","23":"taxable","24":"shipping-taxable","25":"purchasable","26":"product-type-variable"},"yoast_head":"<!-- This site is optimized with the Yoast SEO plugin v27.4 - https:\/\/yoast.com\/product\/yoast-seo-wordpress\/ -->\n<title>ANATOMISCHER DRESSURGURT AUS GEL UND PVC - Zaldionline.com<\/title>\n<meta name=\"description\" content=\"Anatomischer Dressurgurt aus Gel und PVC. Druckentlastend und Sattelstabilisierend. Er kombiniert rutschhemmende und d\u00e4mpfende Eigenschaften und absorbiert die beim Reiter entstehenden St\u00f6\u00dfe. PVC ist ein perfekt geeignetes Material f\u00fcr die Herstellung von Reitsportartikeln, da es elastisch, aber sehr widerstandsf\u00e4hig ist. Es ist auch kratzfest. In der Mitte des Innenteils befindet sich eine Gel-Einlage, die die Funktion hat, Druck aufzunehmen und m\u00f6gliche Hautirritationen zu vermeiden. Leichtigkeit und Elastizit\u00e4t, sowie sicher im Kontakt mit der Haut.\u00a0Schnallen aus Edelstahl. Pflegehinweis: Handw\u00e4sche mit milder Seife. Nicht Trocknergeeignet. Nicht direkter Hitze oder starker Sonneneinstrahlung aussetzen. Lufttrocknen. Gr\u00f6\u00dfen: 55 cm - 60 cm - 65 cm - 70 cm - 75 cm - 80 cm. Farbe: Schwarz. F\u00fcr weitere Informationen kontaktiere uns bitte. Wir beraten Dich gerne. Erh\u00e4ltlich \u00fcber Zaldionline.com Ref.: 21024185501\" \/>\n<meta name=\"robots\" content=\"noindex, follow, max-snippet:-1, max-image-preview:large, max-video-preview:-1\" \/>\n<meta property=\"og:locale\" content=\"es_ES\" \/>\n<meta property=\"og:type\" content=\"article\" \/>\n<meta property=\"og:title\" content=\"ANATOMISCHER DRESSURGURT AUS GEL UND PVC - Zaldionline.com\" \/>\n<meta property=\"og:description\" content=\"Anatomischer Dressurgurt aus Gel und PVC. Druckentlastend und Sattelstabilisierend. Er kombiniert rutschhemmende und d\u00e4mpfende Eigenschaften und absorbiert die beim Reiter entstehenden St\u00f6\u00dfe. PVC ist ein perfekt geeignetes Material f\u00fcr die Herstellung von Reitsportartikeln, da es elastisch, aber sehr widerstandsf\u00e4hig ist. Es ist auch kratzfest. In der Mitte des Innenteils befindet sich eine Gel-Einlage, die die Funktion hat, Druck aufzunehmen und m\u00f6gliche Hautirritationen zu vermeiden. Leichtigkeit und Elastizit\u00e4t, sowie sicher im Kontakt mit der Haut.\u00a0Schnallen aus Edelstahl. Pflegehinweis: Handw\u00e4sche mit milder Seife. Nicht Trocknergeeignet. Nicht direkter Hitze oder starker Sonneneinstrahlung aussetzen. Lufttrocknen. Gr\u00f6\u00dfen: 55 cm - 60 cm - 65 cm - 70 cm - 75 cm - 80 cm. Farbe: Schwarz. F\u00fcr weitere Informationen kontaktiere uns bitte. Wir beraten Dich gerne. Erh\u00e4ltlich \u00fcber Zaldionline.com Ref.: 21024185501\" \/>\n<meta property=\"og:url\" content=\"https:\/\/www.zaldionline.com\/es\/producto\/anatomischer-dressurgurt-aus-gel-und-pvc\/\" \/>\n<meta property=\"og:site_name\" content=\"Zaldionline.com\" \/>\n<meta property=\"article:modified_time\" content=\"2025-09-11T13:27:48+00:00\" \/>\n<meta property=\"og:image\" content=\"https:\/\/www.zaldionline.com\/es\/wp-content\/uploads\/sites\/2\/2021\/06\/Bild_2021-06-29_134504.png\" \/>\n\t<meta property=\"og:image:width\" content=\"512\" \/>\n\t<meta property=\"og:image:height\" content=\"503\" \/>\n\t<meta property=\"og:image:type\" content=\"image\/png\" \/>\n<meta name=\"twitter:card\" content=\"summary_large_image\" \/>\n<meta name=\"twitter:label1\" content=\"Tiempo de lectura\" \/>\n\t<meta name=\"twitter:data1\" content=\"1 minuto\" \/>\n<script type=\"application\/ld+json\" class=\"yoast-schema-graph\">{\"@context\":\"https:\\\/\\\/schema.org\",\"@graph\":[{\"@type\":\"WebPage\",\"@id\":\"https:\\\/\\\/www.zaldionline.com\\\/es\\\/producto\\\/anatomischer-dressurgurt-aus-gel-und-pvc\\\/\",\"url\":\"https:\\\/\\\/www.zaldionline.com\\\/es\\\/producto\\\/anatomischer-dressurgurt-aus-gel-und-pvc\\\/\",\"name\":\"ANATOMISCHER DRESSURGURT AUS GEL UND PVC - Zaldionline.com\",\"isPartOf\":{\"@id\":\"https:\\\/\\\/www.zaldionline.com\\\/es\\\/#website\"},\"primaryImageOfPage\":{\"@id\":\"https:\\\/\\\/www.zaldionline.com\\\/es\\\/producto\\\/anatomischer-dressurgurt-aus-gel-und-pvc\\\/#primaryimage\"},\"image\":{\"@id\":\"https:\\\/\\\/www.zaldionline.com\\\/es\\\/producto\\\/anatomischer-dressurgurt-aus-gel-und-pvc\\\/#primaryimage\"},\"thumbnailUrl\":\"https:\\\/\\\/www.zaldionline.com\\\/es\\\/wp-content\\\/uploads\\\/sites\\\/2\\\/2021\\\/06\\\/Bild_2021-06-29_134504.png\",\"datePublished\":\"2021-06-29T11:56:42+00:00\",\"dateModified\":\"2025-09-11T13:27:48+00:00\",\"description\":\"Anatomischer Dressurgurt aus Gel und PVC. Druckentlastend und Sattelstabilisierend. Er kombiniert rutschhemmende und d\u00e4mpfende Eigenschaften und absorbiert die beim Reiter entstehenden St\u00f6\u00dfe. PVC ist ein perfekt geeignetes Material f\u00fcr die Herstellung von Reitsportartikeln, da es elastisch, aber sehr widerstandsf\u00e4hig ist. Es ist auch kratzfest. In der Mitte des Innenteils befindet sich eine Gel-Einlage, die die Funktion hat, Druck aufzunehmen und m\u00f6gliche Hautirritationen zu vermeiden. Leichtigkeit und Elastizit\u00e4t, sowie sicher im Kontakt mit der Haut.\u00a0Schnallen aus Edelstahl. Pflegehinweis: Handw\u00e4sche mit milder Seife. Nicht Trocknergeeignet. Nicht direkter Hitze oder starker Sonneneinstrahlung aussetzen. Lufttrocknen. Gr\u00f6\u00dfen: 55 cm - 60 cm - 65 cm - 70 cm - 75 cm - 80 cm. Farbe: Schwarz. F\u00fcr weitere Informationen kontaktiere uns bitte. Wir beraten Dich gerne. Erh\u00e4ltlich \u00fcber Zaldionline.com Ref.: 21024185501\",\"breadcrumb\":{\"@id\":\"https:\\\/\\\/www.zaldionline.com\\\/es\\\/producto\\\/anatomischer-dressurgurt-aus-gel-und-pvc\\\/#breadcrumb\"},\"inLanguage\":\"es\",\"potentialAction\":[{\"@type\":\"ReadAction\",\"target\":[\"https:\\\/\\\/www.zaldionline.com\\\/es\\\/producto\\\/anatomischer-dressurgurt-aus-gel-und-pvc\\\/\"]}]},{\"@type\":\"ImageObject\",\"inLanguage\":\"es\",\"@id\":\"https:\\\/\\\/www.zaldionline.com\\\/es\\\/producto\\\/anatomischer-dressurgurt-aus-gel-und-pvc\\\/#primaryimage\",\"url\":\"https:\\\/\\\/www.zaldionline.com\\\/es\\\/wp-content\\\/uploads\\\/sites\\\/2\\\/2021\\\/06\\\/Bild_2021-06-29_134504.png\",\"contentUrl\":\"https:\\\/\\\/www.zaldionline.com\\\/es\\\/wp-content\\\/uploads\\\/sites\\\/2\\\/2021\\\/06\\\/Bild_2021-06-29_134504.png\",\"width\":512,\"height\":503},{\"@type\":\"BreadcrumbList\",\"@id\":\"https:\\\/\\\/www.zaldionline.com\\\/es\\\/producto\\\/anatomischer-dressurgurt-aus-gel-und-pvc\\\/#breadcrumb\",\"itemListElement\":[{\"@type\":\"ListItem\",\"position\":1,\"name\":\"Portada\",\"item\":\"https:\\\/\\\/www.zaldionline.com\\\/es\\\/\"},{\"@type\":\"ListItem\",\"position\":2,\"name\":\"Sillas y accesorios\",\"item\":\"https:\\\/\\\/www.zaldionline.com\\\/es\\\/sillas-y-accesorios\\\/\"},{\"@type\":\"ListItem\",\"position\":3,\"name\":\"ANATOMISCHER DRESSURGURT AUS GEL UND PVC\"}]},{\"@type\":\"WebSite\",\"@id\":\"https:\\\/\\\/www.zaldionline.com\\\/es\\\/#website\",\"url\":\"https:\\\/\\\/www.zaldionline.com\\\/es\\\/\",\"name\":\"Zaldionline.com\",\"description\":\"Los mejores productos para usted y su caballo\",\"potentialAction\":[{\"@type\":\"SearchAction\",\"target\":{\"@type\":\"EntryPoint\",\"urlTemplate\":\"https:\\\/\\\/www.zaldionline.com\\\/es\\\/?s={search_term_string}\"},\"query-input\":{\"@type\":\"PropertyValueSpecification\",\"valueRequired\":true,\"valueName\":\"search_term_string\"}}],\"inLanguage\":\"es\"}]}<\/script>\n<!-- \/ Yoast SEO plugin. -->","yoast_head_json":{"title":"ANATOMISCHER DRESSURGURT AUS GEL UND PVC - Zaldionline.com","description":"Anatomischer Dressurgurt aus Gel und PVC. Druckentlastend und Sattelstabilisierend. Er kombiniert rutschhemmende und d\u00e4mpfende Eigenschaften und absorbiert die beim Reiter entstehenden St\u00f6\u00dfe. PVC ist ein perfekt geeignetes Material f\u00fcr die Herstellung von Reitsportartikeln, da es elastisch, aber sehr widerstandsf\u00e4hig ist. Es ist auch kratzfest. In der Mitte des Innenteils befindet sich eine Gel-Einlage, die die Funktion hat, Druck aufzunehmen und m\u00f6gliche Hautirritationen zu vermeiden. Leichtigkeit und Elastizit\u00e4t, sowie sicher im Kontakt mit der Haut.\u00a0Schnallen aus Edelstahl. Pflegehinweis: Handw\u00e4sche mit milder Seife. Nicht Trocknergeeignet. Nicht direkter Hitze oder starker Sonneneinstrahlung aussetzen. Lufttrocknen. Gr\u00f6\u00dfen: 55 cm - 60 cm - 65 cm - 70 cm - 75 cm - 80 cm. Farbe: Schwarz. F\u00fcr weitere Informationen kontaktiere uns bitte. Wir beraten Dich gerne. Erh\u00e4ltlich \u00fcber Zaldionline.com Ref.: 21024185501","robots":{"index":"noindex","follow":"follow","max-snippet":"max-snippet:-1","max-image-preview":"max-image-preview:large","max-video-preview":"max-video-preview:-1"},"og_locale":"es_ES","og_type":"article","og_title":"ANATOMISCHER DRESSURGURT AUS GEL UND PVC - Zaldionline.com","og_description":"Anatomischer Dressurgurt aus Gel und PVC. Druckentlastend und Sattelstabilisierend. Er kombiniert rutschhemmende und d\u00e4mpfende Eigenschaften und absorbiert die beim Reiter entstehenden St\u00f6\u00dfe. PVC ist ein perfekt geeignetes Material f\u00fcr die Herstellung von Reitsportartikeln, da es elastisch, aber sehr widerstandsf\u00e4hig ist. Es ist auch kratzfest. In der Mitte des Innenteils befindet sich eine Gel-Einlage, die die Funktion hat, Druck aufzunehmen und m\u00f6gliche Hautirritationen zu vermeiden. Leichtigkeit und Elastizit\u00e4t, sowie sicher im Kontakt mit der Haut.\u00a0Schnallen aus Edelstahl. Pflegehinweis: Handw\u00e4sche mit milder Seife. Nicht Trocknergeeignet. Nicht direkter Hitze oder starker Sonneneinstrahlung aussetzen. Lufttrocknen. Gr\u00f6\u00dfen: 55 cm - 60 cm - 65 cm - 70 cm - 75 cm - 80 cm. Farbe: Schwarz. F\u00fcr weitere Informationen kontaktiere uns bitte. Wir beraten Dich gerne. Erh\u00e4ltlich \u00fcber Zaldionline.com Ref.: 21024185501","og_url":"https:\/\/www.zaldionline.com\/es\/producto\/anatomischer-dressurgurt-aus-gel-und-pvc\/","og_site_name":"Zaldionline.com","article_modified_time":"2025-09-11T13:27:48+00:00","og_image":[{"width":512,"height":503,"url":"https:\/\/www.zaldionline.com\/es\/wp-content\/uploads\/sites\/2\/2021\/06\/Bild_2021-06-29_134504.png","type":"image\/png"}],"twitter_card":"summary_large_image","twitter_misc":{"Tiempo de lectura":"1 minuto"},"schema":{"@context":"https:\/\/schema.org","@graph":[{"@type":"WebPage","@id":"https:\/\/www.zaldionline.com\/es\/producto\/anatomischer-dressurgurt-aus-gel-und-pvc\/","url":"https:\/\/www.zaldionline.com\/es\/producto\/anatomischer-dressurgurt-aus-gel-und-pvc\/","name":"ANATOMISCHER DRESSURGURT AUS GEL UND PVC - Zaldionline.com","isPartOf":{"@id":"https:\/\/www.zaldionline.com\/es\/#website"},"primaryImageOfPage":{"@id":"https:\/\/www.zaldionline.com\/es\/producto\/anatomischer-dressurgurt-aus-gel-und-pvc\/#primaryimage"},"image":{"@id":"https:\/\/www.zaldionline.com\/es\/producto\/anatomischer-dressurgurt-aus-gel-und-pvc\/#primaryimage"},"thumbnailUrl":"https:\/\/www.zaldionline.com\/es\/wp-content\/uploads\/sites\/2\/2021\/06\/Bild_2021-06-29_134504.png","datePublished":"2021-06-29T11:56:42+00:00","dateModified":"2025-09-11T13:27:48+00:00","description":"Anatomischer Dressurgurt aus Gel und PVC. Druckentlastend und Sattelstabilisierend. Er kombiniert rutschhemmende und d\u00e4mpfende Eigenschaften und absorbiert die beim Reiter entstehenden St\u00f6\u00dfe. PVC ist ein perfekt geeignetes Material f\u00fcr die Herstellung von Reitsportartikeln, da es elastisch, aber sehr widerstandsf\u00e4hig ist. Es ist auch kratzfest. In der Mitte des Innenteils befindet sich eine Gel-Einlage, die die Funktion hat, Druck aufzunehmen und m\u00f6gliche Hautirritationen zu vermeiden. Leichtigkeit und Elastizit\u00e4t, sowie sicher im Kontakt mit der Haut.\u00a0Schnallen aus Edelstahl. Pflegehinweis: Handw\u00e4sche mit milder Seife. Nicht Trocknergeeignet. Nicht direkter Hitze oder starker Sonneneinstrahlung aussetzen. Lufttrocknen. Gr\u00f6\u00dfen: 55 cm - 60 cm - 65 cm - 70 cm - 75 cm - 80 cm. Farbe: Schwarz. F\u00fcr weitere Informationen kontaktiere uns bitte. Wir beraten Dich gerne. Erh\u00e4ltlich \u00fcber Zaldionline.com Ref.: 21024185501","breadcrumb":{"@id":"https:\/\/www.zaldionline.com\/es\/producto\/anatomischer-dressurgurt-aus-gel-und-pvc\/#breadcrumb"},"inLanguage":"es","potentialAction":[{"@type":"ReadAction","target":["https:\/\/www.zaldionline.com\/es\/producto\/anatomischer-dressurgurt-aus-gel-und-pvc\/"]}]},{"@type":"ImageObject","inLanguage":"es","@id":"https:\/\/www.zaldionline.com\/es\/producto\/anatomischer-dressurgurt-aus-gel-und-pvc\/#primaryimage","url":"https:\/\/www.zaldionline.com\/es\/wp-content\/uploads\/sites\/2\/2021\/06\/Bild_2021-06-29_134504.png","contentUrl":"https:\/\/www.zaldionline.com\/es\/wp-content\/uploads\/sites\/2\/2021\/06\/Bild_2021-06-29_134504.png","width":512,"height":503},{"@type":"BreadcrumbList","@id":"https:\/\/www.zaldionline.com\/es\/producto\/anatomischer-dressurgurt-aus-gel-und-pvc\/#breadcrumb","itemListElement":[{"@type":"ListItem","position":1,"name":"Portada","item":"https:\/\/www.zaldionline.com\/es\/"},{"@type":"ListItem","position":2,"name":"Sillas y accesorios","item":"https:\/\/www.zaldionline.com\/es\/sillas-y-accesorios\/"},{"@type":"ListItem","position":3,"name":"ANATOMISCHER DRESSURGURT AUS GEL UND PVC"}]},{"@type":"WebSite","@id":"https:\/\/www.zaldionline.com\/es\/#website","url":"https:\/\/www.zaldionline.com\/es\/","name":"Zaldionline.com","description":"Los mejores productos para usted y su caballo","potentialAction":[{"@type":"SearchAction","target":{"@type":"EntryPoint","urlTemplate":"https:\/\/www.zaldionline.com\/es\/?s={search_term_string}"},"query-input":{"@type":"PropertyValueSpecification","valueRequired":true,"valueName":"search_term_string"}}],"inLanguage":"es"}]}},"_links":{"self":[{"href":"https:\/\/www.zaldionline.com\/es\/wp-json\/wp\/v2\/product\/18027","targetHints":{"allow":["GET"]}}],"collection":[{"href":"https:\/\/www.zaldionline.com\/es\/wp-json\/wp\/v2\/product"}],"about":[{"href":"https:\/\/www.zaldionline.com\/es\/wp-json\/wp\/v2\/types\/product"}],"replies":[{"embeddable":true,"href":"https:\/\/www.zaldionline.com\/es\/wp-json\/wp\/v2\/comments?post=18027"}],"version-history":[{"count":5,"href":"https:\/\/www.zaldionline.com\/es\/wp-json\/wp\/v2\/product\/18027\/revisions"}],"predecessor-version":[{"id":25896,"href":"https:\/\/www.zaldionline.com\/es\/wp-json\/wp\/v2\/product\/18027\/revisions\/25896"}],"wp:featuredmedia":[{"embeddable":true,"href":"https:\/\/www.zaldionline.com\/es\/wp-json\/wp\/v2\/media\/18026"}],"wp:attachment":[{"href":"https:\/\/www.zaldionline.com\/es\/wp-json\/wp\/v2\/media?parent=18027"}],"wp:term":[{"taxonomy":"product_brand","embeddable":true,"href":"https:\/\/www.zaldionline.com\/es\/wp-json\/wp\/v2\/product_brand?post=18027"},{"taxonomy":"product_cat","embeddable":true,"href":"https:\/\/www.zaldionline.com\/es\/wp-json\/wp\/v2\/product_cat?post=18027"},{"taxonomy":"product_tag","embeddable":true,"href":"https:\/\/www.zaldionline.com\/es\/wp-json\/wp\/v2\/product_tag?post=18027"}],"curies":[{"name":"wp","href":"https:\/\/api.w.org\/{rel}","templated":true}]}}