{"id":18089,"date":"2021-08-27T09:14:16","date_gmt":"2021-08-27T09:14:16","guid":{"rendered":"https:\/\/zaldionline.com\/?post_type=product&#038;p=18089"},"modified":"2023-04-08T15:29:31","modified_gmt":"2023-04-08T15:29:31","slug":"dressurgurt-aus-leder-mit-elastik","status":"publish","type":"product","link":"https:\/\/www.zaldionline.com\/es\/producto\/dressurgurt-aus-leder-mit-elastik\/","title":{"rendered":"DRESSURGURT AUS LEDER MIT ELASTIK"},"content":{"rendered":"\t\t<div data-elementor-type=\"wp-post\" data-elementor-id=\"18089\" class=\"elementor elementor-18089\">\n\t\t\t\t\t\t<section class=\"elementor-section elementor-top-section elementor-element elementor-element-52d4ff35 elementor-section-boxed elementor-section-height-default elementor-section-height-default\" data-id=\"52d4ff35\" data-element_type=\"section\" data-e-type=\"section\">\n\t\t\t\t\t\t<div class=\"elementor-container elementor-column-gap-default\">\n\t\t\t\t\t<div class=\"elementor-column elementor-col-100 elementor-top-column elementor-element elementor-element-40aa80ad\" data-id=\"40aa80ad\" data-element_type=\"column\" data-e-type=\"column\">\n\t\t\t<div class=\"elementor-widget-wrap elementor-element-populated\">\n\t\t\t\t\t\t<div class=\"elementor-element elementor-element-3e2a9689 elementor-widget elementor-widget-text-editor\" data-id=\"3e2a9689\" data-element_type=\"widget\" data-e-type=\"widget\" data-widget_type=\"text-editor.default\">\n\t\t\t\t<div class=\"elementor-widget-container\">\n\t\t\t\t\t\t\t\t\t<p>Preis inkl. MwSt.: 43,19 \u20ac<\/p><p><span class=\"VIiyi\" lang=\"de\"><span class=\"JLqJ4b ChMk0b\" data-language-for-alternatives=\"de\" data-language-to-translate-into=\"es\" data-phrase-index=\"0\">Gurt aus Leder<\/span><\/span><\/p><p><span class=\"VIiyi\" lang=\"de\"><span class=\"JLqJ4b ChMk0b\" data-language-for-alternatives=\"de\" data-language-to-translate-into=\"es\" data-phrase-index=\"2\">Beidseitig elastisch<\/span><\/span><\/p><p><span class=\"VIiyi\" lang=\"de\"><span class=\"JLqJ4b ChMk0b\" data-language-for-alternatives=\"de\" data-language-to-translate-into=\"es\" data-phrase-index=\"4\">Rostfreie Schnallen<\/span><\/span><\/p><p><span class=\"VIiyi\" lang=\"de\"><span class=\"JLqJ4b ChMk0b\" data-language-for-alternatives=\"de\" data-language-to-translate-into=\"es\" data-phrase-index=\"4\">Druckvermeidend<\/span><\/span><\/p><p><span class=\"VIiyi\" lang=\"de\"><span class=\"JLqJ4b ChMk0b\" data-language-for-alternatives=\"de\" data-language-to-translate-into=\"es\" data-phrase-index=\"6\">Ma\u00dfe: 55 cm, 65 cm, 75 cm\u00a0<strong>\/ BITTE GEBEN SIE DIE L\u00c4NGE IN &#8220;BEMERKUNGEN&#8221; AUF DER LETZTEN SEITE IHRES AUFTRAGS AN<\/strong><\/span><\/span><\/p><p><span class=\"VIiyi\" lang=\"de\"><span class=\"JLqJ4b ChMk0b\" data-language-for-alternatives=\"de\" data-language-to-translate-into=\"es\" data-phrase-index=\"8\">Farben: Schwarz, Braun, Tostado<\/span><\/span><\/p><p>F\u00dcR JEDES TEIL oder ST\u00dcCK WIRD VERSCHIEDENES LEDER verwendet. Daher ist jedes Teil von unterschiedlicher Gerbung, unterschiedlichem Tier, unterschiedlichem Lieferanten und unterschiedlicher T\u00f6nung. Dadurch wird es immer eine UNTERSCHIEDLICHE FARBE geben und es ist &#8220;UNM\u00d6GLICH&#8221;, genau zu einer Farbe zu passen. F\u00fcr eine Gruppe von Produkten oder Artikeln (Zaumzeug, Sattel, Gurt, Z\u00fcgel&#8230;) M\u00dcSSEN WIR IMMER \u00dcBER EINE FARBPALETTE SPRECHEN. Ein Haselnusszaum, ein Haselnusssattel und ein Haselnussgurt k\u00f6nnen zum Beispiel alle Artikel aus dem \u201eHaselnuss-Sortiment\u201c sein, trotzdem werden sich die Haselnusst\u00f6ne unterscheiden . Dies muss bei der Bestellung eines Sattels oder eines anderen Artikels aus Naturleder ber\u00fccksichtigt werden, eine genaue Farb\u00fcbereinstimmung kann niemand garantieren, es ist &#8220;UNM\u00d6GLICH&#8221;. DIE FARBEN DER FOTOS IM KATALOG SIND RICHTLINIEN<\/p><p>Ref.: 21024025509<\/p>\t\t\t\t\t\t\t\t<\/div>\n\t\t\t\t<\/div>\n\t\t\t\t\t<\/div>\n\t\t<\/div>\n\t\t\t\t\t<\/div>\n\t\t<\/section>\n\t\t\t\t<\/div>\n\t\t","protected":false},"excerpt":{"rendered":"<p>Preis inkl. MwSt.: 43,19 \u20ac Gurt aus Leder Beidseitig elastisch Rostfreie Schnallen Druckvermeidend Ma\u00dfe: 55 cm, 65 cm, 75 cm&nbsp;\/ BITTE GEBEN SIE DIE L\u00c4NGE IN &#8220;BEMERKUNGEN&#8221; AUF DER LETZTEN SEITE IHRES AUFTRAGS AN Farben: Schwarz, Braun, Tostado F\u00dcR JEDES TEIL oder ST\u00dcCK WIRD VERSCHIEDENES LEDER verwendet. Daher ist jedes Teil von unterschiedlicher Gerbung, unterschiedlichem [&hellip;]<\/p>\n","protected":false},"featured_media":18094,"comment_status":"open","ping_status":"closed","template":"","meta":{"site-sidebar-layout":"default","site-content-layout":"default","ast-site-content-layout":"default","site-content-style":"default","site-sidebar-style":"default","ast-global-header-display":"","ast-banner-title-visibility":"","ast-main-header-display":"","ast-hfb-above-header-display":"","ast-hfb-below-header-display":"","ast-hfb-mobile-header-display":"","site-post-title":"","ast-breadcrumbs-content":"","ast-featured-img":"","footer-sml-layout":"","ast-disable-related-posts":"","theme-transparent-header-meta":"default","adv-header-id-meta":"","stick-header-meta":"","header-above-stick-meta":"","header-main-stick-meta":"","header-below-stick-meta":"","astra-migrate-meta-layouts":"default","ast-page-background-enabled":"default","ast-page-background-meta":{"desktop":{"background-color":"var(--ast-global-color-4)","background-image":"","background-repeat":"repeat","background-position":"center center","background-size":"auto","background-attachment":"scroll","background-type":"","background-media":"","overlay-type":"","overlay-color":"","overlay-opacity":"","overlay-gradient":""},"tablet":{"background-color":"","background-image":"","background-repeat":"repeat","background-position":"center center","background-size":"auto","background-attachment":"scroll","background-type":"","background-media":"","overlay-type":"","overlay-color":"","overlay-opacity":"","overlay-gradient":""},"mobile":{"background-color":"","background-image":"","background-repeat":"repeat","background-position":"center center","background-size":"auto","background-attachment":"scroll","background-type":"","background-media":"","overlay-type":"","overlay-color":"","overlay-opacity":"","overlay-gradient":""}},"ast-content-background-meta":{"desktop":{"background-color":"var(--ast-global-color-5)","background-image":"","background-repeat":"repeat","background-position":"center center","background-size":"auto","background-attachment":"scroll","background-type":"","background-media":"","overlay-type":"","overlay-color":"","overlay-opacity":"","overlay-gradient":""},"tablet":{"background-color":"var(--ast-global-color-5)","background-image":"","background-repeat":"repeat","background-position":"center center","background-size":"auto","background-attachment":"scroll","background-type":"","background-media":"","overlay-type":"","overlay-color":"","overlay-opacity":"","overlay-gradient":""},"mobile":{"background-color":"var(--ast-global-color-5)","background-image":"","background-repeat":"repeat","background-position":"center center","background-size":"auto","background-attachment":"scroll","background-type":"","background-media":"","overlay-type":"","overlay-color":"","overlay-opacity":"","overlay-gradient":""}},"ngg_post_thumbnail":0},"product_brand":[],"product_cat":[18,46],"product_tag":[341,622,663,625,623,340,337,338,339],"class_list":{"0":"post-18089","1":"product","2":"type-product","3":"status-publish","4":"has-post-thumbnail","6":"product_cat-accesorios","7":"product_cat-cinchas-accesorios","8":"product_tag-bienestarcaballo","9":"product_tag-dressurgurt","10":"product_tag-dressurgurt-aus-leder","11":"product_tag-dressurgurt-elastisch","12":"product_tag-gurt","13":"product_tag-susanne-nagel","14":"product_tag-zaldi","15":"product_tag-zaldi-deutschland","16":"product_tag-zaldi-online-com","17":"desktop-align-left","18":"tablet-align-left","19":"mobile-align-left","21":"first","22":"instock","23":"taxable","24":"shipping-taxable","25":"purchasable","26":"product-type-variable"},"yoast_head":"<!-- This site is optimized with the Yoast SEO plugin v27.4 - https:\/\/yoast.com\/product\/yoast-seo-wordpress\/ -->\n<title>DRESSURGURT AUS LEDER MIT ELASTIK - Zaldionline.com<\/title>\n<meta name=\"description\" content=\"Gurt aus Leder. Beidseitig elastisch. Rostfreie Schnallen. Druckvermeidend. Ma\u00dfe: 55 cm, 65 cm, 75 cm. Farben: Schwarz, Braun, Tostado. Erh\u00e4ltlich \u00fcber Zaldionline.com Ref.: 21024025509\" \/>\n<meta name=\"robots\" content=\"noindex, follow, max-snippet:-1, max-image-preview:large, max-video-preview:-1\" \/>\n<meta property=\"og:locale\" content=\"es_ES\" \/>\n<meta property=\"og:type\" content=\"article\" \/>\n<meta property=\"og:title\" content=\"DRESSURGURT AUS LEDER MIT ELASTIK - Zaldionline.com\" \/>\n<meta property=\"og:description\" content=\"Gurt aus Leder. Beidseitig elastisch. Rostfreie Schnallen. Druckvermeidend. Ma\u00dfe: 55 cm, 65 cm, 75 cm. Farben: Schwarz, Braun, Tostado. Erh\u00e4ltlich \u00fcber Zaldionline.com Ref.: 21024025509\" \/>\n<meta property=\"og:url\" content=\"https:\/\/www.zaldionline.com\/es\/producto\/dressurgurt-aus-leder-mit-elastik\/\" \/>\n<meta property=\"og:site_name\" content=\"Zaldionline.com\" \/>\n<meta property=\"article:modified_time\" content=\"2023-04-08T15:29:31+00:00\" \/>\n<meta property=\"og:image\" content=\"https:\/\/www.zaldionline.com\/es\/wp-content\/uploads\/sites\/2\/2021\/08\/Bild_2021-08-27_111406.png\" \/>\n\t<meta property=\"og:image:width\" content=\"518\" \/>\n\t<meta property=\"og:image:height\" content=\"502\" \/>\n\t<meta property=\"og:image:type\" content=\"image\/png\" \/>\n<meta name=\"twitter:card\" content=\"summary_large_image\" \/>\n<meta name=\"twitter:label1\" content=\"Tiempo de lectura\" \/>\n\t<meta name=\"twitter:data1\" content=\"1 minuto\" \/>\n<script type=\"application\/ld+json\" class=\"yoast-schema-graph\">{\"@context\":\"https:\\\/\\\/schema.org\",\"@graph\":[{\"@type\":\"WebPage\",\"@id\":\"https:\\\/\\\/www.zaldionline.com\\\/es\\\/producto\\\/dressurgurt-aus-leder-mit-elastik\\\/\",\"url\":\"https:\\\/\\\/www.zaldionline.com\\\/es\\\/producto\\\/dressurgurt-aus-leder-mit-elastik\\\/\",\"name\":\"DRESSURGURT AUS LEDER MIT ELASTIK - Zaldionline.com\",\"isPartOf\":{\"@id\":\"https:\\\/\\\/www.zaldionline.com\\\/es\\\/#website\"},\"primaryImageOfPage\":{\"@id\":\"https:\\\/\\\/www.zaldionline.com\\\/es\\\/producto\\\/dressurgurt-aus-leder-mit-elastik\\\/#primaryimage\"},\"image\":{\"@id\":\"https:\\\/\\\/www.zaldionline.com\\\/es\\\/producto\\\/dressurgurt-aus-leder-mit-elastik\\\/#primaryimage\"},\"thumbnailUrl\":\"https:\\\/\\\/www.zaldionline.com\\\/es\\\/wp-content\\\/uploads\\\/sites\\\/2\\\/2021\\\/08\\\/Bild_2021-08-27_111406.png\",\"datePublished\":\"2021-08-27T09:14:16+00:00\",\"dateModified\":\"2023-04-08T15:29:31+00:00\",\"description\":\"Gurt aus Leder. Beidseitig elastisch. Rostfreie Schnallen. Druckvermeidend. Ma\u00dfe: 55 cm, 65 cm, 75 cm. Farben: Schwarz, Braun, Tostado. Erh\u00e4ltlich \u00fcber Zaldionline.com Ref.: 21024025509\",\"breadcrumb\":{\"@id\":\"https:\\\/\\\/www.zaldionline.com\\\/es\\\/producto\\\/dressurgurt-aus-leder-mit-elastik\\\/#breadcrumb\"},\"inLanguage\":\"es\",\"potentialAction\":[{\"@type\":\"ReadAction\",\"target\":[\"https:\\\/\\\/www.zaldionline.com\\\/es\\\/producto\\\/dressurgurt-aus-leder-mit-elastik\\\/\"]}]},{\"@type\":\"ImageObject\",\"inLanguage\":\"es\",\"@id\":\"https:\\\/\\\/www.zaldionline.com\\\/es\\\/producto\\\/dressurgurt-aus-leder-mit-elastik\\\/#primaryimage\",\"url\":\"https:\\\/\\\/www.zaldionline.com\\\/es\\\/wp-content\\\/uploads\\\/sites\\\/2\\\/2021\\\/08\\\/Bild_2021-08-27_111406.png\",\"contentUrl\":\"https:\\\/\\\/www.zaldionline.com\\\/es\\\/wp-content\\\/uploads\\\/sites\\\/2\\\/2021\\\/08\\\/Bild_2021-08-27_111406.png\",\"width\":518,\"height\":502},{\"@type\":\"BreadcrumbList\",\"@id\":\"https:\\\/\\\/www.zaldionline.com\\\/es\\\/producto\\\/dressurgurt-aus-leder-mit-elastik\\\/#breadcrumb\",\"itemListElement\":[{\"@type\":\"ListItem\",\"position\":1,\"name\":\"Portada\",\"item\":\"https:\\\/\\\/www.zaldionline.com\\\/es\\\/\"},{\"@type\":\"ListItem\",\"position\":2,\"name\":\"Sillas y accesorios\",\"item\":\"https:\\\/\\\/www.zaldionline.com\\\/es\\\/sillas-y-accesorios\\\/\"},{\"@type\":\"ListItem\",\"position\":3,\"name\":\"DRESSURGURT AUS LEDER MIT ELASTIK\"}]},{\"@type\":\"WebSite\",\"@id\":\"https:\\\/\\\/www.zaldionline.com\\\/es\\\/#website\",\"url\":\"https:\\\/\\\/www.zaldionline.com\\\/es\\\/\",\"name\":\"Zaldionline.com\",\"description\":\"Los mejores productos para usted y su caballo\",\"potentialAction\":[{\"@type\":\"SearchAction\",\"target\":{\"@type\":\"EntryPoint\",\"urlTemplate\":\"https:\\\/\\\/www.zaldionline.com\\\/es\\\/?s={search_term_string}\"},\"query-input\":{\"@type\":\"PropertyValueSpecification\",\"valueRequired\":true,\"valueName\":\"search_term_string\"}}],\"inLanguage\":\"es\"}]}<\/script>\n<!-- \/ Yoast SEO plugin. -->","yoast_head_json":{"title":"DRESSURGURT AUS LEDER MIT ELASTIK - Zaldionline.com","description":"Gurt aus Leder. Beidseitig elastisch. Rostfreie Schnallen. Druckvermeidend. Ma\u00dfe: 55 cm, 65 cm, 75 cm. Farben: Schwarz, Braun, Tostado. Erh\u00e4ltlich \u00fcber Zaldionline.com Ref.: 21024025509","robots":{"index":"noindex","follow":"follow","max-snippet":"max-snippet:-1","max-image-preview":"max-image-preview:large","max-video-preview":"max-video-preview:-1"},"og_locale":"es_ES","og_type":"article","og_title":"DRESSURGURT AUS LEDER MIT ELASTIK - Zaldionline.com","og_description":"Gurt aus Leder. Beidseitig elastisch. Rostfreie Schnallen. Druckvermeidend. Ma\u00dfe: 55 cm, 65 cm, 75 cm. Farben: Schwarz, Braun, Tostado. Erh\u00e4ltlich \u00fcber Zaldionline.com Ref.: 21024025509","og_url":"https:\/\/www.zaldionline.com\/es\/producto\/dressurgurt-aus-leder-mit-elastik\/","og_site_name":"Zaldionline.com","article_modified_time":"2023-04-08T15:29:31+00:00","og_image":[{"width":518,"height":502,"url":"https:\/\/www.zaldionline.com\/es\/wp-content\/uploads\/sites\/2\/2021\/08\/Bild_2021-08-27_111406.png","type":"image\/png"}],"twitter_card":"summary_large_image","twitter_misc":{"Tiempo de lectura":"1 minuto"},"schema":{"@context":"https:\/\/schema.org","@graph":[{"@type":"WebPage","@id":"https:\/\/www.zaldionline.com\/es\/producto\/dressurgurt-aus-leder-mit-elastik\/","url":"https:\/\/www.zaldionline.com\/es\/producto\/dressurgurt-aus-leder-mit-elastik\/","name":"DRESSURGURT AUS LEDER MIT ELASTIK - Zaldionline.com","isPartOf":{"@id":"https:\/\/www.zaldionline.com\/es\/#website"},"primaryImageOfPage":{"@id":"https:\/\/www.zaldionline.com\/es\/producto\/dressurgurt-aus-leder-mit-elastik\/#primaryimage"},"image":{"@id":"https:\/\/www.zaldionline.com\/es\/producto\/dressurgurt-aus-leder-mit-elastik\/#primaryimage"},"thumbnailUrl":"https:\/\/www.zaldionline.com\/es\/wp-content\/uploads\/sites\/2\/2021\/08\/Bild_2021-08-27_111406.png","datePublished":"2021-08-27T09:14:16+00:00","dateModified":"2023-04-08T15:29:31+00:00","description":"Gurt aus Leder. Beidseitig elastisch. Rostfreie Schnallen. Druckvermeidend. Ma\u00dfe: 55 cm, 65 cm, 75 cm. Farben: Schwarz, Braun, Tostado. Erh\u00e4ltlich \u00fcber Zaldionline.com Ref.: 21024025509","breadcrumb":{"@id":"https:\/\/www.zaldionline.com\/es\/producto\/dressurgurt-aus-leder-mit-elastik\/#breadcrumb"},"inLanguage":"es","potentialAction":[{"@type":"ReadAction","target":["https:\/\/www.zaldionline.com\/es\/producto\/dressurgurt-aus-leder-mit-elastik\/"]}]},{"@type":"ImageObject","inLanguage":"es","@id":"https:\/\/www.zaldionline.com\/es\/producto\/dressurgurt-aus-leder-mit-elastik\/#primaryimage","url":"https:\/\/www.zaldionline.com\/es\/wp-content\/uploads\/sites\/2\/2021\/08\/Bild_2021-08-27_111406.png","contentUrl":"https:\/\/www.zaldionline.com\/es\/wp-content\/uploads\/sites\/2\/2021\/08\/Bild_2021-08-27_111406.png","width":518,"height":502},{"@type":"BreadcrumbList","@id":"https:\/\/www.zaldionline.com\/es\/producto\/dressurgurt-aus-leder-mit-elastik\/#breadcrumb","itemListElement":[{"@type":"ListItem","position":1,"name":"Portada","item":"https:\/\/www.zaldionline.com\/es\/"},{"@type":"ListItem","position":2,"name":"Sillas y accesorios","item":"https:\/\/www.zaldionline.com\/es\/sillas-y-accesorios\/"},{"@type":"ListItem","position":3,"name":"DRESSURGURT AUS LEDER MIT ELASTIK"}]},{"@type":"WebSite","@id":"https:\/\/www.zaldionline.com\/es\/#website","url":"https:\/\/www.zaldionline.com\/es\/","name":"Zaldionline.com","description":"Los mejores productos para usted y su caballo","potentialAction":[{"@type":"SearchAction","target":{"@type":"EntryPoint","urlTemplate":"https:\/\/www.zaldionline.com\/es\/?s={search_term_string}"},"query-input":{"@type":"PropertyValueSpecification","valueRequired":true,"valueName":"search_term_string"}}],"inLanguage":"es"}]}},"_links":{"self":[{"href":"https:\/\/www.zaldionline.com\/es\/wp-json\/wp\/v2\/product\/18089","targetHints":{"allow":["GET"]}}],"collection":[{"href":"https:\/\/www.zaldionline.com\/es\/wp-json\/wp\/v2\/product"}],"about":[{"href":"https:\/\/www.zaldionline.com\/es\/wp-json\/wp\/v2\/types\/product"}],"replies":[{"embeddable":true,"href":"https:\/\/www.zaldionline.com\/es\/wp-json\/wp\/v2\/comments?post=18089"}],"version-history":[{"count":1,"href":"https:\/\/www.zaldionline.com\/es\/wp-json\/wp\/v2\/product\/18089\/revisions"}],"predecessor-version":[{"id":23175,"href":"https:\/\/www.zaldionline.com\/es\/wp-json\/wp\/v2\/product\/18089\/revisions\/23175"}],"wp:featuredmedia":[{"embeddable":true,"href":"https:\/\/www.zaldionline.com\/es\/wp-json\/wp\/v2\/media\/18094"}],"wp:attachment":[{"href":"https:\/\/www.zaldionline.com\/es\/wp-json\/wp\/v2\/media?parent=18089"}],"wp:term":[{"taxonomy":"product_brand","embeddable":true,"href":"https:\/\/www.zaldionline.com\/es\/wp-json\/wp\/v2\/product_brand?post=18089"},{"taxonomy":"product_cat","embeddable":true,"href":"https:\/\/www.zaldionline.com\/es\/wp-json\/wp\/v2\/product_cat?post=18089"},{"taxonomy":"product_tag","embeddable":true,"href":"https:\/\/www.zaldionline.com\/es\/wp-json\/wp\/v2\/product_tag?post=18089"}],"curies":[{"name":"wp","href":"https:\/\/api.w.org\/{rel}","templated":true}]}}