{"id":18130,"date":"2021-09-30T17:22:24","date_gmt":"2021-09-30T17:22:24","guid":{"rendered":"https:\/\/zaldionline.com\/?post_type=product&#038;p=18130"},"modified":"2025-02-12T09:08:35","modified_gmt":"2025-02-12T09:08:35","slug":"zaldi-extra-trense-trades-sencilla","status":"publish","type":"product","link":"https:\/\/www.zaldionline.com\/es\/producto\/zaldi-extra-trense-trades-sencilla\/","title":{"rendered":"ZALDI EXTRA  TRENSE TRADES SENCILLA"},"content":{"rendered":"\t\t<div data-elementor-type=\"wp-post\" data-elementor-id=\"18130\" class=\"elementor elementor-18130\">\n\t\t\t\t\t\t<section class=\"elementor-section elementor-top-section elementor-element elementor-element-46bf585b elementor-section-boxed elementor-section-height-default elementor-section-height-default\" data-id=\"46bf585b\" data-element_type=\"section\" data-e-type=\"section\">\n\t\t\t\t\t\t<div class=\"elementor-container elementor-column-gap-default\">\n\t\t\t\t\t<div class=\"elementor-column elementor-col-100 elementor-top-column elementor-element elementor-element-79432460\" data-id=\"79432460\" data-element_type=\"column\" data-e-type=\"column\">\n\t\t\t<div class=\"elementor-widget-wrap elementor-element-populated\">\n\t\t\t\t\t\t<div class=\"elementor-element elementor-element-5daa9c7c elementor-widget elementor-widget-text-editor\" data-id=\"5daa9c7c\" data-element_type=\"widget\" data-e-type=\"widget\" data-widget_type=\"text-editor.default\">\n\t\t\t\t<div class=\"elementor-widget-container\">\n\t\t\t\t\t\t\t\t\t<p>Preis inkl. MwSt.: 132,89\u20ac<\/p><p>Lederz\u00fcgel<\/p><p>Edelstahlschnalle<\/p><p>Einheitsgr\u00f6\u00dfe<\/p><p>Farben: Schwarz, Havanna, Braun, Haselnuss, Hellbraun<\/p><p>Erh\u00e4ltlich im Trades-Modell mit Doppelz\u00fcgel (Ref. 21019166)<\/p><p>Hergestellt von <em>ZALDI<\/em><\/p><p>Lieferzeit variabel<\/p><p>Ref. 210191650001<\/p><p>\u00a0<\/p>\t\t\t\t\t\t\t\t<\/div>\n\t\t\t\t<\/div>\n\t\t\t\t\t<\/div>\n\t\t<\/div>\n\t\t\t\t\t<\/div>\n\t\t<\/section>\n\t\t\t\t<\/div>\n\t\t","protected":false},"excerpt":{"rendered":"<p>Preis inkl. MwSt.: 132,89\u20ac Lederz\u00fcgel Edelstahlschnalle Einheitsgr\u00f6\u00dfe Farben: Schwarz, Havanna, Braun, Haselnuss, Hellbraun Erh\u00e4ltlich im Trades-Modell mit Doppelz\u00fcgel (Ref. 21019166) Hergestellt von ZALDI Lieferzeit variabel Ref. 210191650001<\/p>\n","protected":false},"featured_media":18129,"comment_status":"open","ping_status":"closed","template":"","meta":{"site-sidebar-layout":"default","site-content-layout":"default","ast-site-content-layout":"default","site-content-style":"default","site-sidebar-style":"default","ast-global-header-display":"","ast-banner-title-visibility":"","ast-main-header-display":"","ast-hfb-above-header-display":"","ast-hfb-below-header-display":"","ast-hfb-mobile-header-display":"","site-post-title":"","ast-breadcrumbs-content":"","ast-featured-img":"","footer-sml-layout":"","ast-disable-related-posts":"","theme-transparent-header-meta":"default","adv-header-id-meta":"","stick-header-meta":"","header-above-stick-meta":"","header-main-stick-meta":"","header-below-stick-meta":"","astra-migrate-meta-layouts":"default","ast-page-background-enabled":"default","ast-page-background-meta":{"desktop":{"background-color":"var(--ast-global-color-4)","background-image":"","background-repeat":"repeat","background-position":"center center","background-size":"auto","background-attachment":"scroll","background-type":"","background-media":"","overlay-type":"","overlay-color":"","overlay-opacity":"","overlay-gradient":""},"tablet":{"background-color":"","background-image":"","background-repeat":"repeat","background-position":"center center","background-size":"auto","background-attachment":"scroll","background-type":"","background-media":"","overlay-type":"","overlay-color":"","overlay-opacity":"","overlay-gradient":""},"mobile":{"background-color":"","background-image":"","background-repeat":"repeat","background-position":"center center","background-size":"auto","background-attachment":"scroll","background-type":"","background-media":"","overlay-type":"","overlay-color":"","overlay-opacity":"","overlay-gradient":""}},"ast-content-background-meta":{"desktop":{"background-color":"var(--ast-global-color-5)","background-image":"","background-repeat":"repeat","background-position":"center center","background-size":"auto","background-attachment":"scroll","background-type":"","background-media":"","overlay-type":"","overlay-color":"","overlay-opacity":"","overlay-gradient":""},"tablet":{"background-color":"var(--ast-global-color-5)","background-image":"","background-repeat":"repeat","background-position":"center center","background-size":"auto","background-attachment":"scroll","background-type":"","background-media":"","overlay-type":"","overlay-color":"","overlay-opacity":"","overlay-gradient":""},"mobile":{"background-color":"var(--ast-global-color-5)","background-image":"","background-repeat":"repeat","background-position":"center center","background-size":"auto","background-attachment":"scroll","background-type":"","background-media":"","overlay-type":"","overlay-color":"","overlay-opacity":"","overlay-gradient":""}},"ngg_post_thumbnail":0},"product_brand":[],"product_cat":[18,44],"product_tag":[341,660,202,340,400,513,337,338,339,514],"class_list":{"0":"post-18130","1":"product","2":"type-product","3":"status-publish","4":"has-post-thumbnail","6":"product_cat-accesorios","7":"product_cat-cabezadas-accesorios","8":"product_tag-bienestarcaballo","9":"product_tag-sencilla","10":"product_tag-sillas","11":"product_tag-susanne-nagel","12":"product_tag-trense","13":"product_tag-trensen","14":"product_tag-zaldi","15":"product_tag-zaldi-deutschland","16":"product_tag-zaldi-online-com","17":"product_tag-zaumzeug","18":"desktop-align-left","19":"tablet-align-left","20":"mobile-align-left","22":"first","23":"instock","24":"taxable","25":"shipping-taxable","26":"purchasable","27":"product-type-variable"},"yoast_head":"<!-- This site is optimized with the Yoast SEO plugin v27.5 - https:\/\/yoast.com\/product\/yoast-seo-wordpress\/ -->\n<title>ZALDI EXTRA TRENSE TRADES SENCILLA - Zaldionline.com<\/title>\n<meta name=\"description\" content=\"Lederz\u00fcgel. Edelstahlschnalle. Einheitsgr\u00f6\u00dfe. Farben: Schwarz, Havanna, Braun, Haselnuss, Hellbraun. Erh\u00e4ltlich im Trades-Modell mit Doppelz\u00fcgel (Ref. 21019166). Hergestellt von ZALDI. Erh\u00e4ltlich \u00fcber Zaldionline.com Ref. 210191650001\" \/>\n<meta name=\"robots\" content=\"noindex, follow, max-snippet:-1, max-image-preview:large, max-video-preview:-1\" \/>\n<meta property=\"og:locale\" content=\"es_ES\" \/>\n<meta property=\"og:type\" content=\"article\" \/>\n<meta property=\"og:title\" content=\"ZALDI EXTRA TRENSE TRADES SENCILLA - Zaldionline.com\" \/>\n<meta property=\"og:description\" content=\"Lederz\u00fcgel. Edelstahlschnalle. Einheitsgr\u00f6\u00dfe. Farben: Schwarz, Havanna, Braun, Haselnuss, Hellbraun. Erh\u00e4ltlich im Trades-Modell mit Doppelz\u00fcgel (Ref. 21019166). Hergestellt von ZALDI. Erh\u00e4ltlich \u00fcber Zaldionline.com Ref. 210191650001\" \/>\n<meta property=\"og:url\" content=\"https:\/\/www.zaldionline.com\/es\/producto\/zaldi-extra-trense-trades-sencilla\/\" \/>\n<meta property=\"og:site_name\" content=\"Zaldionline.com\" \/>\n<meta property=\"article:modified_time\" content=\"2025-02-12T09:08:35+00:00\" \/>\n<meta property=\"og:image\" content=\"https:\/\/www.zaldionline.com\/es\/wp-content\/uploads\/sites\/2\/2021\/09\/Bild_2021-09-30_191631.png\" \/>\n\t<meta property=\"og:image:width\" content=\"503\" \/>\n\t<meta property=\"og:image:height\" content=\"502\" \/>\n\t<meta property=\"og:image:type\" content=\"image\/png\" \/>\n<meta name=\"twitter:card\" content=\"summary_large_image\" \/>\n<meta name=\"twitter:label1\" content=\"Tiempo de lectura\" \/>\n\t<meta name=\"twitter:data1\" content=\"1 minuto\" \/>\n<script type=\"application\/ld+json\" class=\"yoast-schema-graph\">{\"@context\":\"https:\\\/\\\/schema.org\",\"@graph\":[{\"@type\":\"WebPage\",\"@id\":\"https:\\\/\\\/www.zaldionline.com\\\/es\\\/producto\\\/zaldi-extra-trense-trades-sencilla\\\/\",\"url\":\"https:\\\/\\\/www.zaldionline.com\\\/es\\\/producto\\\/zaldi-extra-trense-trades-sencilla\\\/\",\"name\":\"ZALDI EXTRA TRENSE TRADES SENCILLA - Zaldionline.com\",\"isPartOf\":{\"@id\":\"https:\\\/\\\/www.zaldionline.com\\\/es\\\/#website\"},\"primaryImageOfPage\":{\"@id\":\"https:\\\/\\\/www.zaldionline.com\\\/es\\\/producto\\\/zaldi-extra-trense-trades-sencilla\\\/#primaryimage\"},\"image\":{\"@id\":\"https:\\\/\\\/www.zaldionline.com\\\/es\\\/producto\\\/zaldi-extra-trense-trades-sencilla\\\/#primaryimage\"},\"thumbnailUrl\":\"https:\\\/\\\/www.zaldionline.com\\\/es\\\/wp-content\\\/uploads\\\/sites\\\/2\\\/2021\\\/09\\\/Bild_2021-09-30_191631.png\",\"datePublished\":\"2021-09-30T17:22:24+00:00\",\"dateModified\":\"2025-02-12T09:08:35+00:00\",\"description\":\"Lederz\u00fcgel. Edelstahlschnalle. Einheitsgr\u00f6\u00dfe. Farben: Schwarz, Havanna, Braun, Haselnuss, Hellbraun. Erh\u00e4ltlich im Trades-Modell mit Doppelz\u00fcgel (Ref. 21019166). Hergestellt von ZALDI. Erh\u00e4ltlich \u00fcber Zaldionline.com Ref. 210191650001\",\"breadcrumb\":{\"@id\":\"https:\\\/\\\/www.zaldionline.com\\\/es\\\/producto\\\/zaldi-extra-trense-trades-sencilla\\\/#breadcrumb\"},\"inLanguage\":\"es\",\"potentialAction\":[{\"@type\":\"ReadAction\",\"target\":[\"https:\\\/\\\/www.zaldionline.com\\\/es\\\/producto\\\/zaldi-extra-trense-trades-sencilla\\\/\"]}]},{\"@type\":\"ImageObject\",\"inLanguage\":\"es\",\"@id\":\"https:\\\/\\\/www.zaldionline.com\\\/es\\\/producto\\\/zaldi-extra-trense-trades-sencilla\\\/#primaryimage\",\"url\":\"https:\\\/\\\/www.zaldionline.com\\\/es\\\/wp-content\\\/uploads\\\/sites\\\/2\\\/2021\\\/09\\\/Bild_2021-09-30_191631.png\",\"contentUrl\":\"https:\\\/\\\/www.zaldionline.com\\\/es\\\/wp-content\\\/uploads\\\/sites\\\/2\\\/2021\\\/09\\\/Bild_2021-09-30_191631.png\",\"width\":503,\"height\":502},{\"@type\":\"BreadcrumbList\",\"@id\":\"https:\\\/\\\/www.zaldionline.com\\\/es\\\/producto\\\/zaldi-extra-trense-trades-sencilla\\\/#breadcrumb\",\"itemListElement\":[{\"@type\":\"ListItem\",\"position\":1,\"name\":\"Portada\",\"item\":\"https:\\\/\\\/www.zaldionline.com\\\/es\\\/\"},{\"@type\":\"ListItem\",\"position\":2,\"name\":\"Sillas y accesorios\",\"item\":\"https:\\\/\\\/www.zaldionline.com\\\/es\\\/sillas-y-accesorios\\\/\"},{\"@type\":\"ListItem\",\"position\":3,\"name\":\"ZALDI EXTRA TRENSE TRADES SENCILLA\"}]},{\"@type\":\"WebSite\",\"@id\":\"https:\\\/\\\/www.zaldionline.com\\\/es\\\/#website\",\"url\":\"https:\\\/\\\/www.zaldionline.com\\\/es\\\/\",\"name\":\"Zaldionline.com\",\"description\":\"Los mejores productos para usted y su caballo\",\"potentialAction\":[{\"@type\":\"SearchAction\",\"target\":{\"@type\":\"EntryPoint\",\"urlTemplate\":\"https:\\\/\\\/www.zaldionline.com\\\/es\\\/?s={search_term_string}\"},\"query-input\":{\"@type\":\"PropertyValueSpecification\",\"valueRequired\":true,\"valueName\":\"search_term_string\"}}],\"inLanguage\":\"es\"}]}<\/script>\n<!-- \/ Yoast SEO plugin. -->","yoast_head_json":{"title":"ZALDI EXTRA TRENSE TRADES SENCILLA - Zaldionline.com","description":"Lederz\u00fcgel. Edelstahlschnalle. Einheitsgr\u00f6\u00dfe. Farben: Schwarz, Havanna, Braun, Haselnuss, Hellbraun. Erh\u00e4ltlich im Trades-Modell mit Doppelz\u00fcgel (Ref. 21019166). Hergestellt von ZALDI. Erh\u00e4ltlich \u00fcber Zaldionline.com Ref. 210191650001","robots":{"index":"noindex","follow":"follow","max-snippet":"max-snippet:-1","max-image-preview":"max-image-preview:large","max-video-preview":"max-video-preview:-1"},"og_locale":"es_ES","og_type":"article","og_title":"ZALDI EXTRA TRENSE TRADES SENCILLA - Zaldionline.com","og_description":"Lederz\u00fcgel. Edelstahlschnalle. Einheitsgr\u00f6\u00dfe. Farben: Schwarz, Havanna, Braun, Haselnuss, Hellbraun. Erh\u00e4ltlich im Trades-Modell mit Doppelz\u00fcgel (Ref. 21019166). Hergestellt von ZALDI. Erh\u00e4ltlich \u00fcber Zaldionline.com Ref. 210191650001","og_url":"https:\/\/www.zaldionline.com\/es\/producto\/zaldi-extra-trense-trades-sencilla\/","og_site_name":"Zaldionline.com","article_modified_time":"2025-02-12T09:08:35+00:00","og_image":[{"width":503,"height":502,"url":"https:\/\/www.zaldionline.com\/es\/wp-content\/uploads\/sites\/2\/2021\/09\/Bild_2021-09-30_191631.png","type":"image\/png"}],"twitter_card":"summary_large_image","twitter_misc":{"Tiempo de lectura":"1 minuto"},"schema":{"@context":"https:\/\/schema.org","@graph":[{"@type":"WebPage","@id":"https:\/\/www.zaldionline.com\/es\/producto\/zaldi-extra-trense-trades-sencilla\/","url":"https:\/\/www.zaldionline.com\/es\/producto\/zaldi-extra-trense-trades-sencilla\/","name":"ZALDI EXTRA TRENSE TRADES SENCILLA - Zaldionline.com","isPartOf":{"@id":"https:\/\/www.zaldionline.com\/es\/#website"},"primaryImageOfPage":{"@id":"https:\/\/www.zaldionline.com\/es\/producto\/zaldi-extra-trense-trades-sencilla\/#primaryimage"},"image":{"@id":"https:\/\/www.zaldionline.com\/es\/producto\/zaldi-extra-trense-trades-sencilla\/#primaryimage"},"thumbnailUrl":"https:\/\/www.zaldionline.com\/es\/wp-content\/uploads\/sites\/2\/2021\/09\/Bild_2021-09-30_191631.png","datePublished":"2021-09-30T17:22:24+00:00","dateModified":"2025-02-12T09:08:35+00:00","description":"Lederz\u00fcgel. Edelstahlschnalle. Einheitsgr\u00f6\u00dfe. Farben: Schwarz, Havanna, Braun, Haselnuss, Hellbraun. Erh\u00e4ltlich im Trades-Modell mit Doppelz\u00fcgel (Ref. 21019166). Hergestellt von ZALDI. Erh\u00e4ltlich \u00fcber Zaldionline.com Ref. 210191650001","breadcrumb":{"@id":"https:\/\/www.zaldionline.com\/es\/producto\/zaldi-extra-trense-trades-sencilla\/#breadcrumb"},"inLanguage":"es","potentialAction":[{"@type":"ReadAction","target":["https:\/\/www.zaldionline.com\/es\/producto\/zaldi-extra-trense-trades-sencilla\/"]}]},{"@type":"ImageObject","inLanguage":"es","@id":"https:\/\/www.zaldionline.com\/es\/producto\/zaldi-extra-trense-trades-sencilla\/#primaryimage","url":"https:\/\/www.zaldionline.com\/es\/wp-content\/uploads\/sites\/2\/2021\/09\/Bild_2021-09-30_191631.png","contentUrl":"https:\/\/www.zaldionline.com\/es\/wp-content\/uploads\/sites\/2\/2021\/09\/Bild_2021-09-30_191631.png","width":503,"height":502},{"@type":"BreadcrumbList","@id":"https:\/\/www.zaldionline.com\/es\/producto\/zaldi-extra-trense-trades-sencilla\/#breadcrumb","itemListElement":[{"@type":"ListItem","position":1,"name":"Portada","item":"https:\/\/www.zaldionline.com\/es\/"},{"@type":"ListItem","position":2,"name":"Sillas y accesorios","item":"https:\/\/www.zaldionline.com\/es\/sillas-y-accesorios\/"},{"@type":"ListItem","position":3,"name":"ZALDI EXTRA TRENSE TRADES SENCILLA"}]},{"@type":"WebSite","@id":"https:\/\/www.zaldionline.com\/es\/#website","url":"https:\/\/www.zaldionline.com\/es\/","name":"Zaldionline.com","description":"Los mejores productos para usted y su caballo","potentialAction":[{"@type":"SearchAction","target":{"@type":"EntryPoint","urlTemplate":"https:\/\/www.zaldionline.com\/es\/?s={search_term_string}"},"query-input":{"@type":"PropertyValueSpecification","valueRequired":true,"valueName":"search_term_string"}}],"inLanguage":"es"}]}},"_links":{"self":[{"href":"https:\/\/www.zaldionline.com\/es\/wp-json\/wp\/v2\/product\/18130","targetHints":{"allow":["GET"]}}],"collection":[{"href":"https:\/\/www.zaldionline.com\/es\/wp-json\/wp\/v2\/product"}],"about":[{"href":"https:\/\/www.zaldionline.com\/es\/wp-json\/wp\/v2\/types\/product"}],"replies":[{"embeddable":true,"href":"https:\/\/www.zaldionline.com\/es\/wp-json\/wp\/v2\/comments?post=18130"}],"version-history":[{"count":1,"href":"https:\/\/www.zaldionline.com\/es\/wp-json\/wp\/v2\/product\/18130\/revisions"}],"predecessor-version":[{"id":23173,"href":"https:\/\/www.zaldionline.com\/es\/wp-json\/wp\/v2\/product\/18130\/revisions\/23173"}],"wp:featuredmedia":[{"embeddable":true,"href":"https:\/\/www.zaldionline.com\/es\/wp-json\/wp\/v2\/media\/18129"}],"wp:attachment":[{"href":"https:\/\/www.zaldionline.com\/es\/wp-json\/wp\/v2\/media?parent=18130"}],"wp:term":[{"taxonomy":"product_brand","embeddable":true,"href":"https:\/\/www.zaldionline.com\/es\/wp-json\/wp\/v2\/product_brand?post=18130"},{"taxonomy":"product_cat","embeddable":true,"href":"https:\/\/www.zaldionline.com\/es\/wp-json\/wp\/v2\/product_cat?post=18130"},{"taxonomy":"product_tag","embeddable":true,"href":"https:\/\/www.zaldionline.com\/es\/wp-json\/wp\/v2\/product_tag?post=18130"}],"curies":[{"name":"wp","href":"https:\/\/api.w.org\/{rel}","templated":true}]}}