{"id":18147,"date":"2021-10-24T09:14:48","date_gmt":"2021-10-24T09:14:48","guid":{"rendered":"https:\/\/zaldionline.com\/?post_type=product&#038;p=18147"},"modified":"2023-04-08T15:10:06","modified_gmt":"2023-04-08T15:10:06","slug":"zalea-lona-ueberzug-fuer-vaquera-und-amazona-zaldi-extra","status":"publish","type":"product","link":"https:\/\/www.zaldionline.com\/es\/producto\/zalea-lona-ueberzug-fuer-vaquera-und-amazona-zaldi-extra\/","title":{"rendered":"ZALEA LONA \u00dcBERZUG F\u00dcR VAQUERA UND AMAZONA ZALDI EXTRA"},"content":{"rendered":"\t\t<div data-elementor-type=\"wp-post\" data-elementor-id=\"18147\" class=\"elementor elementor-18147\">\n\t\t\t\t\t\t<section class=\"elementor-section elementor-top-section elementor-element elementor-element-3ac6976 elementor-section-boxed elementor-section-height-default elementor-section-height-default\" data-id=\"3ac6976\" data-element_type=\"section\" data-e-type=\"section\">\n\t\t\t\t\t\t<div class=\"elementor-container elementor-column-gap-default\">\n\t\t\t\t\t<div class=\"elementor-column elementor-col-100 elementor-top-column elementor-element elementor-element-3a653944\" data-id=\"3a653944\" data-element_type=\"column\" data-e-type=\"column\">\n\t\t\t<div class=\"elementor-widget-wrap elementor-element-populated\">\n\t\t\t\t\t\t<div class=\"elementor-element elementor-element-1fe38c31 elementor-widget elementor-widget-text-editor\" data-id=\"1fe38c31\" data-element_type=\"widget\" data-e-type=\"widget\" data-widget_type=\"text-editor.default\">\n\t\t\t\t<div class=\"elementor-widget-container\">\n\t\t\t\t\t\t\t\t\t<p>Preis inkl. MwSt.: 98,61\u20ac<\/p><p>\u00dcberzug wird f\u00fcr spanische <em>ZALDI<\/em> Vaquera- oder Amazonas\u00e4ttel nach Ma\u00df hergestellt<\/p><p>Baumwollstoff mit Lederr\u00e4nder<\/p><p>Sch\u00fctzen Sie Ihren ZALDI-Sattel vor Schmutz und Abnutzung<\/p><p>ZALEA \/\u00dcBERZUG<strong> nicht wasserdicht<\/strong><\/p><p><span style=\"color: #ff0000;\">Bitte geben Sie bei Ihrer Bestellung, unter &#8220;ANMERKUNGEN&#8221;, unbedingt das Model, die Sitzgr\u00f6\u00dfe und Sattelnummer (steht unter dem Sattelblatt) an.<\/span><\/p><p><span style=\"color: #000000;\">Farbe: Hell oder<\/span> gr\u00fcn<\/p><p>Exklusiv von <em>ZALDI<\/em><\/p><p>Ref: 01045(02)<\/p><p><span style=\"font-size: 14px; color: #ff0000;\"><a style=\"color: #ff0000;\" href=\"https:\/\/youtu.be\/UES6NYnbMXM\">KLICK HIER F\u00dcR EIN VIDEO <\/a><\/span><\/p>\t\t\t\t\t\t\t\t<\/div>\n\t\t\t\t<\/div>\n\t\t\t\t\t<\/div>\n\t\t<\/div>\n\t\t\t\t\t<\/div>\n\t\t<\/section>\n\t\t\t\t<\/div>\n\t\t","protected":false},"excerpt":{"rendered":"<p>Preis inkl. MwSt.: 98,61\u20ac \u00dcberzug wird f\u00fcr spanische ZALDI Vaquera- oder Amazonas\u00e4ttel nach Ma\u00df hergestellt Baumwollstoff mit Lederr\u00e4nder Sch\u00fctzen Sie Ihren ZALDI-Sattel vor Schmutz und Abnutzung ZALEA \/\u00dcBERZUG nicht wasserdicht Bitte geben Sie bei Ihrer Bestellung, unter &#8220;ANMERKUNGEN&#8221;, unbedingt das Model, die Sitzgr\u00f6\u00dfe und Sattelnummer (steht unter dem Sattelblatt) an. Farbe: Hell oder gr\u00fcn Exklusiv [&hellip;]<\/p>\n","protected":false},"featured_media":18149,"comment_status":"open","ping_status":"closed","template":"","meta":{"site-sidebar-layout":"default","site-content-layout":"default","ast-site-content-layout":"default","site-content-style":"default","site-sidebar-style":"default","ast-global-header-display":"","ast-banner-title-visibility":"","ast-main-header-display":"","ast-hfb-above-header-display":"","ast-hfb-below-header-display":"","ast-hfb-mobile-header-display":"","site-post-title":"","ast-breadcrumbs-content":"","ast-featured-img":"","footer-sml-layout":"","ast-disable-related-posts":"","theme-transparent-header-meta":"default","adv-header-id-meta":"","stick-header-meta":"","header-above-stick-meta":"","header-main-stick-meta":"","header-below-stick-meta":"","astra-migrate-meta-layouts":"default","ast-page-background-enabled":"default","ast-page-background-meta":{"desktop":{"background-color":"var(--ast-global-color-4)","background-image":"","background-repeat":"repeat","background-position":"center center","background-size":"auto","background-attachment":"scroll","background-type":"","background-media":"","overlay-type":"","overlay-color":"","overlay-opacity":"","overlay-gradient":""},"tablet":{"background-color":"","background-image":"","background-repeat":"repeat","background-position":"center center","background-size":"auto","background-attachment":"scroll","background-type":"","background-media":"","overlay-type":"","overlay-color":"","overlay-opacity":"","overlay-gradient":""},"mobile":{"background-color":"","background-image":"","background-repeat":"repeat","background-position":"center center","background-size":"auto","background-attachment":"scroll","background-type":"","background-media":"","overlay-type":"","overlay-color":"","overlay-opacity":"","overlay-gradient":""}},"ast-content-background-meta":{"desktop":{"background-color":"var(--ast-global-color-5)","background-image":"","background-repeat":"repeat","background-position":"center center","background-size":"auto","background-attachment":"scroll","background-type":"","background-media":"","overlay-type":"","overlay-color":"","overlay-opacity":"","overlay-gradient":""},"tablet":{"background-color":"var(--ast-global-color-5)","background-image":"","background-repeat":"repeat","background-position":"center center","background-size":"auto","background-attachment":"scroll","background-type":"","background-media":"","overlay-type":"","overlay-color":"","overlay-opacity":"","overlay-gradient":""},"mobile":{"background-color":"var(--ast-global-color-5)","background-image":"","background-repeat":"repeat","background-position":"center center","background-size":"auto","background-attachment":"scroll","background-type":"","background-media":"","overlay-type":"","overlay-color":"","overlay-opacity":"","overlay-gradient":""}},"ngg_post_thumbnail":0},"product_brand":[],"product_cat":[18,63],"product_tag":[341,655,654,652,651,202,653,387,340,648,433,337,338,443,339,649,650],"class_list":{"0":"post-18147","1":"product","2":"type-product","3":"status-publish","4":"has-post-thumbnail","6":"product_cat-accesorios","7":"product_cat-fundas-de-sillas-zaleas","8":"product_tag-bienestarcaballo","9":"product_tag-portugiesische-saettel","10":"product_tag-portugiesischer-sattel","11":"product_tag-sattelsitzbezug","12":"product_tag-sattelsitzbezuege","13":"product_tag-sillas","14":"product_tag-spanische-saettel","15":"product_tag-spanischer-sattel","16":"product_tag-susanne-nagel","17":"product_tag-ueberzug-fuer-damensaettel","18":"product_tag-vaquerasattel","19":"product_tag-zaldi","20":"product_tag-zaldi-deutschland","21":"product_tag-zaldi-masssattel","22":"product_tag-zaldi-online-com","23":"product_tag-zalea","24":"product_tag-zaleas","25":"desktop-align-left","26":"tablet-align-left","27":"mobile-align-left","29":"first","30":"instock","31":"taxable","32":"shipping-taxable","33":"purchasable","34":"product-type-variable"},"yoast_head":"<!-- This site is optimized with the Yoast SEO plugin v27.5 - https:\/\/yoast.com\/product\/yoast-seo-wordpress\/ -->\n<title>ZALEA LONA \u00dcBERZUG F\u00dcR VAQUERA UND AMAZONA ZALDI EXTRA - Zaldionline.com<\/title>\n<meta name=\"description\" content=\"\u00dcberzug wird f\u00fcr spanische ZALDI Vaquera- oder Amazonas\u00e4ttel nach Ma\u00df hergestellt. Baumwollstoff mit Lederr\u00e4nder. Sch\u00fctzen Sie Ihren ZALDI-Sattel vor Schmutz und Abnutzung. ZALEA \/\u00dcBERZUG nicht wasserdicht. Bitte geben Sie bei Ihrer Bestellung, unter &quot;ANMERKUNGEN&quot;, unbedingt das Model, die Sitzgr\u00f6\u00dfe und Sattelnummer (steht unter dem Sattelblatt) an. Farbe: Hell oder gr\u00fcn. Exklusiv von ZALDI. Erh\u00e4ltlich \u00fcber Zaldionline.com Ref: 01045(02)\" \/>\n<meta name=\"robots\" content=\"noindex, follow, max-snippet:-1, max-image-preview:large, max-video-preview:-1\" \/>\n<meta property=\"og:locale\" content=\"es_ES\" \/>\n<meta property=\"og:type\" content=\"article\" \/>\n<meta property=\"og:title\" content=\"ZALEA LONA \u00dcBERZUG F\u00dcR VAQUERA UND AMAZONA ZALDI EXTRA - Zaldionline.com\" \/>\n<meta property=\"og:description\" content=\"\u00dcberzug wird f\u00fcr spanische ZALDI Vaquera- oder Amazonas\u00e4ttel nach Ma\u00df hergestellt. Baumwollstoff mit Lederr\u00e4nder. Sch\u00fctzen Sie Ihren ZALDI-Sattel vor Schmutz und Abnutzung. ZALEA \/\u00dcBERZUG nicht wasserdicht. Bitte geben Sie bei Ihrer Bestellung, unter &quot;ANMERKUNGEN&quot;, unbedingt das Model, die Sitzgr\u00f6\u00dfe und Sattelnummer (steht unter dem Sattelblatt) an. Farbe: Hell oder gr\u00fcn. Exklusiv von ZALDI. Erh\u00e4ltlich \u00fcber Zaldionline.com Ref: 01045(02)\" \/>\n<meta property=\"og:url\" content=\"https:\/\/www.zaldionline.com\/es\/producto\/zalea-lona-ueberzug-fuer-vaquera-und-amazona-zaldi-extra\/\" \/>\n<meta property=\"og:site_name\" content=\"Zaldionline.com\" \/>\n<meta property=\"article:modified_time\" content=\"2023-04-08T15:10:06+00:00\" \/>\n<meta property=\"og:image\" content=\"https:\/\/www.zaldionline.com\/es\/wp-content\/uploads\/sites\/2\/2021\/10\/Bild_2021-10-24_112413.png\" \/>\n\t<meta property=\"og:image:width\" content=\"780\" \/>\n\t<meta property=\"og:image:height\" content=\"768\" \/>\n\t<meta property=\"og:image:type\" content=\"image\/png\" \/>\n<meta name=\"twitter:card\" content=\"summary_large_image\" \/>\n<meta name=\"twitter:label1\" content=\"Tiempo de lectura\" \/>\n\t<meta name=\"twitter:data1\" content=\"1 minuto\" \/>\n<script type=\"application\/ld+json\" class=\"yoast-schema-graph\">{\"@context\":\"https:\\\/\\\/schema.org\",\"@graph\":[{\"@type\":\"WebPage\",\"@id\":\"https:\\\/\\\/www.zaldionline.com\\\/es\\\/producto\\\/zalea-lona-ueberzug-fuer-vaquera-und-amazona-zaldi-extra\\\/\",\"url\":\"https:\\\/\\\/www.zaldionline.com\\\/es\\\/producto\\\/zalea-lona-ueberzug-fuer-vaquera-und-amazona-zaldi-extra\\\/\",\"name\":\"ZALEA LONA \u00dcBERZUG F\u00dcR VAQUERA UND AMAZONA ZALDI EXTRA - Zaldionline.com\",\"isPartOf\":{\"@id\":\"https:\\\/\\\/www.zaldionline.com\\\/es\\\/#website\"},\"primaryImageOfPage\":{\"@id\":\"https:\\\/\\\/www.zaldionline.com\\\/es\\\/producto\\\/zalea-lona-ueberzug-fuer-vaquera-und-amazona-zaldi-extra\\\/#primaryimage\"},\"image\":{\"@id\":\"https:\\\/\\\/www.zaldionline.com\\\/es\\\/producto\\\/zalea-lona-ueberzug-fuer-vaquera-und-amazona-zaldi-extra\\\/#primaryimage\"},\"thumbnailUrl\":\"https:\\\/\\\/www.zaldionline.com\\\/es\\\/wp-content\\\/uploads\\\/sites\\\/2\\\/2021\\\/10\\\/Bild_2021-10-24_112413.png\",\"datePublished\":\"2021-10-24T09:14:48+00:00\",\"dateModified\":\"2023-04-08T15:10:06+00:00\",\"description\":\"\u00dcberzug wird f\u00fcr spanische ZALDI Vaquera- oder Amazonas\u00e4ttel nach Ma\u00df hergestellt. Baumwollstoff mit Lederr\u00e4nder. Sch\u00fctzen Sie Ihren ZALDI-Sattel vor Schmutz und Abnutzung. ZALEA \\\/\u00dcBERZUG nicht wasserdicht. Bitte geben Sie bei Ihrer Bestellung, unter \\\"ANMERKUNGEN\\\", unbedingt das Model, die Sitzgr\u00f6\u00dfe und Sattelnummer (steht unter dem Sattelblatt) an. Farbe: Hell oder gr\u00fcn. Exklusiv von ZALDI. Erh\u00e4ltlich \u00fcber Zaldionline.com Ref: 01045(02)\",\"breadcrumb\":{\"@id\":\"https:\\\/\\\/www.zaldionline.com\\\/es\\\/producto\\\/zalea-lona-ueberzug-fuer-vaquera-und-amazona-zaldi-extra\\\/#breadcrumb\"},\"inLanguage\":\"es\",\"potentialAction\":[{\"@type\":\"ReadAction\",\"target\":[\"https:\\\/\\\/www.zaldionline.com\\\/es\\\/producto\\\/zalea-lona-ueberzug-fuer-vaquera-und-amazona-zaldi-extra\\\/\"]}]},{\"@type\":\"ImageObject\",\"inLanguage\":\"es\",\"@id\":\"https:\\\/\\\/www.zaldionline.com\\\/es\\\/producto\\\/zalea-lona-ueberzug-fuer-vaquera-und-amazona-zaldi-extra\\\/#primaryimage\",\"url\":\"https:\\\/\\\/www.zaldionline.com\\\/es\\\/wp-content\\\/uploads\\\/sites\\\/2\\\/2021\\\/10\\\/Bild_2021-10-24_112413.png\",\"contentUrl\":\"https:\\\/\\\/www.zaldionline.com\\\/es\\\/wp-content\\\/uploads\\\/sites\\\/2\\\/2021\\\/10\\\/Bild_2021-10-24_112413.png\",\"width\":780,\"height\":768},{\"@type\":\"BreadcrumbList\",\"@id\":\"https:\\\/\\\/www.zaldionline.com\\\/es\\\/producto\\\/zalea-lona-ueberzug-fuer-vaquera-und-amazona-zaldi-extra\\\/#breadcrumb\",\"itemListElement\":[{\"@type\":\"ListItem\",\"position\":1,\"name\":\"Portada\",\"item\":\"https:\\\/\\\/www.zaldionline.com\\\/es\\\/\"},{\"@type\":\"ListItem\",\"position\":2,\"name\":\"Sillas y accesorios\",\"item\":\"https:\\\/\\\/www.zaldionline.com\\\/es\\\/sillas-y-accesorios\\\/\"},{\"@type\":\"ListItem\",\"position\":3,\"name\":\"ZALEA LONA \u00dcBERZUG F\u00dcR VAQUERA UND AMAZONA ZALDI EXTRA\"}]},{\"@type\":\"WebSite\",\"@id\":\"https:\\\/\\\/www.zaldionline.com\\\/es\\\/#website\",\"url\":\"https:\\\/\\\/www.zaldionline.com\\\/es\\\/\",\"name\":\"Zaldionline.com\",\"description\":\"Los mejores productos para usted y su caballo\",\"potentialAction\":[{\"@type\":\"SearchAction\",\"target\":{\"@type\":\"EntryPoint\",\"urlTemplate\":\"https:\\\/\\\/www.zaldionline.com\\\/es\\\/?s={search_term_string}\"},\"query-input\":{\"@type\":\"PropertyValueSpecification\",\"valueRequired\":true,\"valueName\":\"search_term_string\"}}],\"inLanguage\":\"es\"}]}<\/script>\n<!-- \/ Yoast SEO plugin. -->","yoast_head_json":{"title":"ZALEA LONA \u00dcBERZUG F\u00dcR VAQUERA UND AMAZONA ZALDI EXTRA - Zaldionline.com","description":"\u00dcberzug wird f\u00fcr spanische ZALDI Vaquera- oder Amazonas\u00e4ttel nach Ma\u00df hergestellt. Baumwollstoff mit Lederr\u00e4nder. Sch\u00fctzen Sie Ihren ZALDI-Sattel vor Schmutz und Abnutzung. ZALEA \/\u00dcBERZUG nicht wasserdicht. Bitte geben Sie bei Ihrer Bestellung, unter \"ANMERKUNGEN\", unbedingt das Model, die Sitzgr\u00f6\u00dfe und Sattelnummer (steht unter dem Sattelblatt) an. Farbe: Hell oder gr\u00fcn. Exklusiv von ZALDI. Erh\u00e4ltlich \u00fcber Zaldionline.com Ref: 01045(02)","robots":{"index":"noindex","follow":"follow","max-snippet":"max-snippet:-1","max-image-preview":"max-image-preview:large","max-video-preview":"max-video-preview:-1"},"og_locale":"es_ES","og_type":"article","og_title":"ZALEA LONA \u00dcBERZUG F\u00dcR VAQUERA UND AMAZONA ZALDI EXTRA - Zaldionline.com","og_description":"\u00dcberzug wird f\u00fcr spanische ZALDI Vaquera- oder Amazonas\u00e4ttel nach Ma\u00df hergestellt. Baumwollstoff mit Lederr\u00e4nder. Sch\u00fctzen Sie Ihren ZALDI-Sattel vor Schmutz und Abnutzung. ZALEA \/\u00dcBERZUG nicht wasserdicht. Bitte geben Sie bei Ihrer Bestellung, unter \"ANMERKUNGEN\", unbedingt das Model, die Sitzgr\u00f6\u00dfe und Sattelnummer (steht unter dem Sattelblatt) an. Farbe: Hell oder gr\u00fcn. Exklusiv von ZALDI. Erh\u00e4ltlich \u00fcber Zaldionline.com Ref: 01045(02)","og_url":"https:\/\/www.zaldionline.com\/es\/producto\/zalea-lona-ueberzug-fuer-vaquera-und-amazona-zaldi-extra\/","og_site_name":"Zaldionline.com","article_modified_time":"2023-04-08T15:10:06+00:00","og_image":[{"width":780,"height":768,"url":"https:\/\/www.zaldionline.com\/es\/wp-content\/uploads\/sites\/2\/2021\/10\/Bild_2021-10-24_112413.png","type":"image\/png"}],"twitter_card":"summary_large_image","twitter_misc":{"Tiempo de lectura":"1 minuto"},"schema":{"@context":"https:\/\/schema.org","@graph":[{"@type":"WebPage","@id":"https:\/\/www.zaldionline.com\/es\/producto\/zalea-lona-ueberzug-fuer-vaquera-und-amazona-zaldi-extra\/","url":"https:\/\/www.zaldionline.com\/es\/producto\/zalea-lona-ueberzug-fuer-vaquera-und-amazona-zaldi-extra\/","name":"ZALEA LONA \u00dcBERZUG F\u00dcR VAQUERA UND AMAZONA ZALDI EXTRA - Zaldionline.com","isPartOf":{"@id":"https:\/\/www.zaldionline.com\/es\/#website"},"primaryImageOfPage":{"@id":"https:\/\/www.zaldionline.com\/es\/producto\/zalea-lona-ueberzug-fuer-vaquera-und-amazona-zaldi-extra\/#primaryimage"},"image":{"@id":"https:\/\/www.zaldionline.com\/es\/producto\/zalea-lona-ueberzug-fuer-vaquera-und-amazona-zaldi-extra\/#primaryimage"},"thumbnailUrl":"https:\/\/www.zaldionline.com\/es\/wp-content\/uploads\/sites\/2\/2021\/10\/Bild_2021-10-24_112413.png","datePublished":"2021-10-24T09:14:48+00:00","dateModified":"2023-04-08T15:10:06+00:00","description":"\u00dcberzug wird f\u00fcr spanische ZALDI Vaquera- oder Amazonas\u00e4ttel nach Ma\u00df hergestellt. Baumwollstoff mit Lederr\u00e4nder. Sch\u00fctzen Sie Ihren ZALDI-Sattel vor Schmutz und Abnutzung. ZALEA \/\u00dcBERZUG nicht wasserdicht. Bitte geben Sie bei Ihrer Bestellung, unter \"ANMERKUNGEN\", unbedingt das Model, die Sitzgr\u00f6\u00dfe und Sattelnummer (steht unter dem Sattelblatt) an. Farbe: Hell oder gr\u00fcn. Exklusiv von ZALDI. Erh\u00e4ltlich \u00fcber Zaldionline.com Ref: 01045(02)","breadcrumb":{"@id":"https:\/\/www.zaldionline.com\/es\/producto\/zalea-lona-ueberzug-fuer-vaquera-und-amazona-zaldi-extra\/#breadcrumb"},"inLanguage":"es","potentialAction":[{"@type":"ReadAction","target":["https:\/\/www.zaldionline.com\/es\/producto\/zalea-lona-ueberzug-fuer-vaquera-und-amazona-zaldi-extra\/"]}]},{"@type":"ImageObject","inLanguage":"es","@id":"https:\/\/www.zaldionline.com\/es\/producto\/zalea-lona-ueberzug-fuer-vaquera-und-amazona-zaldi-extra\/#primaryimage","url":"https:\/\/www.zaldionline.com\/es\/wp-content\/uploads\/sites\/2\/2021\/10\/Bild_2021-10-24_112413.png","contentUrl":"https:\/\/www.zaldionline.com\/es\/wp-content\/uploads\/sites\/2\/2021\/10\/Bild_2021-10-24_112413.png","width":780,"height":768},{"@type":"BreadcrumbList","@id":"https:\/\/www.zaldionline.com\/es\/producto\/zalea-lona-ueberzug-fuer-vaquera-und-amazona-zaldi-extra\/#breadcrumb","itemListElement":[{"@type":"ListItem","position":1,"name":"Portada","item":"https:\/\/www.zaldionline.com\/es\/"},{"@type":"ListItem","position":2,"name":"Sillas y accesorios","item":"https:\/\/www.zaldionline.com\/es\/sillas-y-accesorios\/"},{"@type":"ListItem","position":3,"name":"ZALEA LONA \u00dcBERZUG F\u00dcR VAQUERA UND AMAZONA ZALDI EXTRA"}]},{"@type":"WebSite","@id":"https:\/\/www.zaldionline.com\/es\/#website","url":"https:\/\/www.zaldionline.com\/es\/","name":"Zaldionline.com","description":"Los mejores productos para usted y su caballo","potentialAction":[{"@type":"SearchAction","target":{"@type":"EntryPoint","urlTemplate":"https:\/\/www.zaldionline.com\/es\/?s={search_term_string}"},"query-input":{"@type":"PropertyValueSpecification","valueRequired":true,"valueName":"search_term_string"}}],"inLanguage":"es"}]}},"_links":{"self":[{"href":"https:\/\/www.zaldionline.com\/es\/wp-json\/wp\/v2\/product\/18147","targetHints":{"allow":["GET"]}}],"collection":[{"href":"https:\/\/www.zaldionline.com\/es\/wp-json\/wp\/v2\/product"}],"about":[{"href":"https:\/\/www.zaldionline.com\/es\/wp-json\/wp\/v2\/types\/product"}],"replies":[{"embeddable":true,"href":"https:\/\/www.zaldionline.com\/es\/wp-json\/wp\/v2\/comments?post=18147"}],"version-history":[{"count":1,"href":"https:\/\/www.zaldionline.com\/es\/wp-json\/wp\/v2\/product\/18147\/revisions"}],"predecessor-version":[{"id":23171,"href":"https:\/\/www.zaldionline.com\/es\/wp-json\/wp\/v2\/product\/18147\/revisions\/23171"}],"wp:featuredmedia":[{"embeddable":true,"href":"https:\/\/www.zaldionline.com\/es\/wp-json\/wp\/v2\/media\/18149"}],"wp:attachment":[{"href":"https:\/\/www.zaldionline.com\/es\/wp-json\/wp\/v2\/media?parent=18147"}],"wp:term":[{"taxonomy":"product_brand","embeddable":true,"href":"https:\/\/www.zaldionline.com\/es\/wp-json\/wp\/v2\/product_brand?post=18147"},{"taxonomy":"product_cat","embeddable":true,"href":"https:\/\/www.zaldionline.com\/es\/wp-json\/wp\/v2\/product_cat?post=18147"},{"taxonomy":"product_tag","embeddable":true,"href":"https:\/\/www.zaldionline.com\/es\/wp-json\/wp\/v2\/product_tag?post=18147"}],"curies":[{"name":"wp","href":"https:\/\/api.w.org\/{rel}","templated":true}]}}