{"id":18946,"date":"2021-12-03T11:21:57","date_gmt":"2021-12-03T11:21:57","guid":{"rendered":"https:\/\/zaldionline.com\/?post_type=product&#038;p=18946"},"modified":"2024-10-18T12:50:17","modified_gmt":"2024-10-18T12:50:17","slug":"zaldi-dressur-sattel-drim-lusitanus-kopie-2","status":"publish","type":"product","link":"https:\/\/www.zaldionline.com\/es\/producto\/zaldi-dressur-sattel-drim-lusitanus-kopie-2\/","title":{"rendered":"SILLA ZALDI DOMA DRIM LUSITANUS"},"content":{"rendered":"\t\t<div data-elementor-type=\"wp-post\" data-elementor-id=\"18946\" class=\"elementor elementor-18946\">\n\t\t\t\t\t\t<section class=\"elementor-section elementor-top-section elementor-element elementor-element-1801e7f7 elementor-section-boxed elementor-section-height-default elementor-section-height-default\" data-id=\"1801e7f7\" data-element_type=\"section\" data-e-type=\"section\">\n\t\t\t\t\t\t<div class=\"elementor-container elementor-column-gap-default\">\n\t\t\t\t\t<div class=\"elementor-column elementor-col-100 elementor-top-column elementor-element elementor-element-6328f6bc\" data-id=\"6328f6bc\" data-element_type=\"column\" data-e-type=\"column\">\n\t\t\t<div class=\"elementor-widget-wrap elementor-element-populated\">\n\t\t\t\t\t\t<div class=\"elementor-element elementor-element-314a4ea3 elementor-widget elementor-widget-text-editor\" data-id=\"314a4ea3\" data-element_type=\"widget\" data-e-type=\"widget\" data-widget_type=\"text-editor.default\">\n\t\t\t\t<div class=\"elementor-widget-container\">\n\t\t\t\t\t\t\t\t\t<p>Precio inc. IVA<\/p><p>Esta nueva silla de doma campera combina la est\u00e9tica portuguesa con las caracter\u00edsticas de nuestra silla de doma Zaldi-Drim.<br \/><br \/>Este modelo es totalmente diferente a otras sillas portuguesas, uniendo tradici\u00f3n y tecnolog\u00eda.<br \/><br \/>Completamente configurable. Ver hoja del configurador.<br \/><br \/>Actualmente, adem\u00e1s de los colores cl\u00e1sicos, se pueden hacer m\u00faltiples combinaciones de colores en cuanto al cuero, costuras, ribetes, burletes, &#8230;<br \/><br \/>INFORMACI\u00d3N T\u00c9CNICA:<br \/><br \/>* Fabricada con una selecci\u00f3n de pieles de boxcalf y croupon vegetal.<br \/>* Asiento muy profundo (con la misma armadura que la silla Drim).<br \/>* Fald\u00f3n largo de doma cuadrado.<br \/>* Con TM-System.<br \/>* Baste de lana.<br \/>* Armadura de polipropileno, usando la tecnolog\u00eda m\u00e1s avanzada y con 10 a\u00f1os de garant\u00eda.<br \/>* Estriberas inoxidables de seguridad.<br \/>* Latiguillos largos en &#8220;V&#8221;.<br \/><br \/>Medidas: 17&#8243; &#8211; 17,5&#8243; &#8211; 18&#8243;<br \/>Colores disponibles: Negro, Marr\u00f3n, Tostado.<br \/><br \/>MEDIDAS:<br \/>* Jinete 17&#8243; (largo de 43.5 cm desde el borr\u00e9n trasero de la silla al clavo Zaldi).<br \/>* Cruz del caballo: de 28 cm a 34 cm.<br \/>* Peso: 8.300 kg.<br \/>* Largo del fald\u00f3n desde la estribera: 41 cm.<br \/>* Largo del baste por debajo: 49 cm.<br \/>* \u00c1rea de apoyo del baste sobre el lomo del caballo: 44 cm.<br \/>* Taco-Muslera: 20 cm x 8.5 cm x 9 cm.<\/p><p><strong>\u00a1AVISO IMPORTANTE!<\/strong><\/p><p><strong>COLORES DEL CUERO<\/strong><\/p><p><strong>Es \u201cIMPOSIBLE\u201d conseguir que dos art\u00edculos en cuero de color avellana, tostado, marr\u00f3n o habana sean exactamente iguales.<\/strong><\/p><p>Ref.: 00179<\/p>\t\t\t\t\t\t\t\t<\/div>\n\t\t\t\t<\/div>\n\t\t\t\t\t<\/div>\n\t\t<\/div>\n\t\t\t\t\t<\/div>\n\t\t<\/section>\n\t\t\t\t<\/div>\n\t\t","protected":false},"excerpt":{"rendered":"<p>Precio inc. IVA Esta nueva silla de doma campera combina la est\u00e9tica portuguesa con las caracter\u00edsticas de nuestra silla de doma Zaldi-Drim. Este modelo es totalmente diferente a otras sillas portuguesas, uniendo tradici\u00f3n y tecnolog\u00eda. Completamente configurable. Ver hoja del configurador. Actualmente, adem\u00e1s de los colores cl\u00e1sicos, se pueden hacer m\u00faltiples combinaciones de colores en [&hellip;]<\/p>\n","protected":false},"featured_media":12311,"comment_status":"open","ping_status":"closed","template":"","meta":{"site-sidebar-layout":"default","site-content-layout":"default","ast-site-content-layout":"default","site-content-style":"default","site-sidebar-style":"default","ast-global-header-display":"","ast-banner-title-visibility":"","ast-main-header-display":"","ast-hfb-above-header-display":"","ast-hfb-below-header-display":"","ast-hfb-mobile-header-display":"","site-post-title":"","ast-breadcrumbs-content":"","ast-featured-img":"","footer-sml-layout":"","ast-disable-related-posts":"","theme-transparent-header-meta":"default","adv-header-id-meta":"","stick-header-meta":"","header-above-stick-meta":"","header-main-stick-meta":"","header-below-stick-meta":"","astra-migrate-meta-layouts":"set","ast-page-background-enabled":"default","ast-page-background-meta":{"desktop":{"background-color":"var(--ast-global-color-4)","background-image":"","background-repeat":"repeat","background-position":"center center","background-size":"auto","background-attachment":"scroll","background-type":"","background-media":"","overlay-type":"","overlay-color":"","overlay-opacity":"","overlay-gradient":""},"tablet":{"background-color":"","background-image":"","background-repeat":"repeat","background-position":"center center","background-size":"auto","background-attachment":"scroll","background-type":"","background-media":"","overlay-type":"","overlay-color":"","overlay-opacity":"","overlay-gradient":""},"mobile":{"background-color":"","background-image":"","background-repeat":"repeat","background-position":"center center","background-size":"auto","background-attachment":"scroll","background-type":"","background-media":"","overlay-type":"","overlay-color":"","overlay-opacity":"","overlay-gradient":""}},"ast-content-background-meta":{"desktop":{"background-color":"var(--ast-global-color-5)","background-image":"","background-repeat":"repeat","background-position":"center center","background-size":"auto","background-attachment":"scroll","background-type":"","background-media":"","overlay-type":"","overlay-color":"","overlay-opacity":"","overlay-gradient":""},"tablet":{"background-color":"var(--ast-global-color-5)","background-image":"","background-repeat":"repeat","background-position":"center center","background-size":"auto","background-attachment":"scroll","background-type":"","background-media":"","overlay-type":"","overlay-color":"","overlay-opacity":"","overlay-gradient":""},"mobile":{"background-color":"var(--ast-global-color-5)","background-image":"","background-repeat":"repeat","background-position":"center center","background-size":"auto","background-attachment":"scroll","background-type":"","background-media":"","overlay-type":"","overlay-color":"","overlay-opacity":"","overlay-gradient":""}},"ngg_post_thumbnail":0},"product_brand":[],"product_cat":[25,17],"product_tag":[341,1056,1054,646,346,440,410,202,340,1048,1057,337,991,338,345,339],"class_list":{"0":"post-18946","1":"product","2":"type-product","3":"status-publish","4":"has-post-thumbnail","6":"product_cat-camperas-espanolas-portuguesas","7":"product_cat-sillas","8":"product_tag-bienestarcaballo","9":"product_tag-campera","10":"product_tag-cuero","11":"product_tag-doma","12":"product_tag-equiscan-zaldi","13":"product_tag-silla","14":"product_tag-silla-custom","15":"product_tag-sillas","16":"product_tag-susanne-nagel","17":"product_tag-vegana","18":"product_tag-vegano","19":"product_tag-zaldi","20":"product_tag-zaldi-alemania","21":"product_tag-zaldi-deutschland","22":"product_tag-zaldi-drim-lusitanus","23":"product_tag-zaldi-online-com","24":"desktop-align-left","25":"tablet-align-left","26":"mobile-align-left","28":"first","29":"instock","30":"taxable","31":"shipping-taxable","32":"purchasable","33":"product-type-variable"},"yoast_head":"<!-- This site is optimized with the Yoast SEO plugin v27.5 - https:\/\/yoast.com\/product\/yoast-seo-wordpress\/ -->\n<title>SILLA ZALDI DOMA DRIM LUSITANUS - Zaldionline.com<\/title>\n<meta name=\"description\" content=\"Precio inc. IVA. 2988.00\u20ac Esta nueva silla de doma campera combina la est\u00e9tica portuguesa con las caracter\u00edsticas de nuestra silla de doma Zaldi-Drim.Este modelo es totalmente diferente a otras sillas portuguesas, uniendo tradici\u00f3n y tecnolog\u00eda.Completamente configurable. Ver hoja del configurador. Actualmente, adem\u00e1s de los colores cl\u00e1sicos, se pueden hacer m\u00faltiples combinaciones de colores en cuanto al cuero, costuras, ribetes, burletes, ...INFORMACI\u00d3N T\u00c9CNICA:* Fabricada con una selecci\u00f3n de pieles de boxcalf y croupon vegetal.* Asiento muy profundo (con la misma armadura que la silla Drim).* Fald\u00f3n largo de doma cuadrado.* Con TM-System.* Baste de lana.* Armadura de polipropileno, usando la tecnolog\u00eda m\u00e1s avanzada y con 10 a\u00f1os de garant\u00eda.* Estriberas inoxidables de seguridad.* Latiguillos largos en &quot;V&quot;. Medidas: 17&quot; - 17,5&quot; - 18&quot;Colores disponibles: Negro, Marr\u00f3n, Tostado.MEDIDAS:* Jinete 17.5&quot; (largo de 44.5 cm desde el borr\u00e9n trasero de la silla al clavo Zaldi).* Cruz del caballo: de 28 cm a 34 cm.* Peso: 8.400 kg.* Largo del fald\u00f3n desde la estribera: 41 cm.* Largo del baste por debajo: 49 cm.* \u00c1rea de apoyo del baste sobre el lomo del caballo: 44 cm.* Taco-Muslera: 20 cm x 8.5 cm x 9 cm. \u00a1AVISO IMPORTANTE! COLORES DEL CUERO Es \u201cIMPOSIBLE\u201d conseguir que dos art\u00edculos en cuero de color avellana, tostado, marr\u00f3n o habana sean exactamente iguales. Ref 00179\" \/>\n<meta name=\"robots\" content=\"noindex, follow, max-snippet:-1, max-image-preview:large, max-video-preview:-1\" \/>\n<meta property=\"og:locale\" content=\"es_ES\" \/>\n<meta property=\"og:type\" content=\"article\" \/>\n<meta property=\"og:title\" content=\"SILLA ZALDI DOMA DRIM LUSITANUS - Zaldionline.com\" \/>\n<meta property=\"og:description\" content=\"Precio inc. IVA. 2988.00\u20ac Esta nueva silla de doma campera combina la est\u00e9tica portuguesa con las caracter\u00edsticas de nuestra silla de doma Zaldi-Drim.Este modelo es totalmente diferente a otras sillas portuguesas, uniendo tradici\u00f3n y tecnolog\u00eda.Completamente configurable. Ver hoja del configurador. Actualmente, adem\u00e1s de los colores cl\u00e1sicos, se pueden hacer m\u00faltiples combinaciones de colores en cuanto al cuero, costuras, ribetes, burletes, ...INFORMACI\u00d3N T\u00c9CNICA:* Fabricada con una selecci\u00f3n de pieles de boxcalf y croupon vegetal.* Asiento muy profundo (con la misma armadura que la silla Drim).* Fald\u00f3n largo de doma cuadrado.* Con TM-System.* Baste de lana.* Armadura de polipropileno, usando la tecnolog\u00eda m\u00e1s avanzada y con 10 a\u00f1os de garant\u00eda.* Estriberas inoxidables de seguridad.* Latiguillos largos en &quot;V&quot;. Medidas: 17&quot; - 17,5&quot; - 18&quot;Colores disponibles: Negro, Marr\u00f3n, Tostado.MEDIDAS:* Jinete 17.5&quot; (largo de 44.5 cm desde el borr\u00e9n trasero de la silla al clavo Zaldi).* Cruz del caballo: de 28 cm a 34 cm.* Peso: 8.400 kg.* Largo del fald\u00f3n desde la estribera: 41 cm.* Largo del baste por debajo: 49 cm.* \u00c1rea de apoyo del baste sobre el lomo del caballo: 44 cm.* Taco-Muslera: 20 cm x 8.5 cm x 9 cm. \u00a1AVISO IMPORTANTE! COLORES DEL CUERO Es \u201cIMPOSIBLE\u201d conseguir que dos art\u00edculos en cuero de color avellana, tostado, marr\u00f3n o habana sean exactamente iguales. Ref 00179\" \/>\n<meta property=\"og:url\" content=\"https:\/\/www.zaldionline.com\/es\/producto\/zaldi-dressur-sattel-drim-lusitanus-kopie-2\/\" \/>\n<meta property=\"og:site_name\" content=\"Zaldionline.com\" \/>\n<meta property=\"article:modified_time\" content=\"2024-10-18T12:50:17+00:00\" \/>\n<meta property=\"og:image\" content=\"https:\/\/www.zaldionline.com\/es\/wp-content\/uploads\/sites\/2\/2020\/09\/camperadrimlusitanus.jpg\" \/>\n\t<meta property=\"og:image:width\" content=\"800\" \/>\n\t<meta property=\"og:image:height\" content=\"800\" \/>\n\t<meta property=\"og:image:type\" content=\"image\/jpeg\" \/>\n<meta name=\"twitter:card\" content=\"summary_large_image\" \/>\n<meta name=\"twitter:label1\" content=\"Tiempo de lectura\" \/>\n\t<meta name=\"twitter:data1\" content=\"2 minutos\" \/>\n<script type=\"application\/ld+json\" class=\"yoast-schema-graph\">{\"@context\":\"https:\\\/\\\/schema.org\",\"@graph\":[{\"@type\":\"WebPage\",\"@id\":\"https:\\\/\\\/www.zaldionline.com\\\/es\\\/producto\\\/zaldi-dressur-sattel-drim-lusitanus-kopie-2\\\/\",\"url\":\"https:\\\/\\\/www.zaldionline.com\\\/es\\\/producto\\\/zaldi-dressur-sattel-drim-lusitanus-kopie-2\\\/\",\"name\":\"SILLA ZALDI DOMA DRIM LUSITANUS - Zaldionline.com\",\"isPartOf\":{\"@id\":\"https:\\\/\\\/www.zaldionline.com\\\/es\\\/#website\"},\"primaryImageOfPage\":{\"@id\":\"https:\\\/\\\/www.zaldionline.com\\\/es\\\/producto\\\/zaldi-dressur-sattel-drim-lusitanus-kopie-2\\\/#primaryimage\"},\"image\":{\"@id\":\"https:\\\/\\\/www.zaldionline.com\\\/es\\\/producto\\\/zaldi-dressur-sattel-drim-lusitanus-kopie-2\\\/#primaryimage\"},\"thumbnailUrl\":\"https:\\\/\\\/www.zaldionline.com\\\/es\\\/wp-content\\\/uploads\\\/sites\\\/2\\\/2020\\\/09\\\/camperadrimlusitanus.jpg\",\"datePublished\":\"2021-12-03T11:21:57+00:00\",\"dateModified\":\"2024-10-18T12:50:17+00:00\",\"description\":\"Precio inc. IVA. 2988.00\u20ac Esta nueva silla de doma campera combina la est\u00e9tica portuguesa con las caracter\u00edsticas de nuestra silla de doma Zaldi-Drim.Este modelo es totalmente diferente a otras sillas portuguesas, uniendo tradici\u00f3n y tecnolog\u00eda.Completamente configurable. Ver hoja del configurador. Actualmente, adem\u00e1s de los colores cl\u00e1sicos, se pueden hacer m\u00faltiples combinaciones de colores en cuanto al cuero, costuras, ribetes, burletes, ...INFORMACI\u00d3N T\u00c9CNICA:* Fabricada con una selecci\u00f3n de pieles de boxcalf y croupon vegetal.* Asiento muy profundo (con la misma armadura que la silla Drim).* Fald\u00f3n largo de doma cuadrado.* Con TM-System.* Baste de lana.* Armadura de polipropileno, usando la tecnolog\u00eda m\u00e1s avanzada y con 10 a\u00f1os de garant\u00eda.* Estriberas inoxidables de seguridad.* Latiguillos largos en \\\"V\\\". Medidas: 17\\\" - 17,5\\\" - 18\\\"Colores disponibles: Negro, Marr\u00f3n, Tostado.MEDIDAS:* Jinete 17.5\\\" (largo de 44.5 cm desde el borr\u00e9n trasero de la silla al clavo Zaldi).* Cruz del caballo: de 28 cm a 34 cm.* Peso: 8.400 kg.* Largo del fald\u00f3n desde la estribera: 41 cm.* Largo del baste por debajo: 49 cm.* \u00c1rea de apoyo del baste sobre el lomo del caballo: 44 cm.* Taco-Muslera: 20 cm x 8.5 cm x 9 cm. \u00a1AVISO IMPORTANTE! COLORES DEL CUERO Es \u201cIMPOSIBLE\u201d conseguir que dos art\u00edculos en cuero de color avellana, tostado, marr\u00f3n o habana sean exactamente iguales. Ref 00179\",\"breadcrumb\":{\"@id\":\"https:\\\/\\\/www.zaldionline.com\\\/es\\\/producto\\\/zaldi-dressur-sattel-drim-lusitanus-kopie-2\\\/#breadcrumb\"},\"inLanguage\":\"es\",\"potentialAction\":[{\"@type\":\"ReadAction\",\"target\":[\"https:\\\/\\\/www.zaldionline.com\\\/es\\\/producto\\\/zaldi-dressur-sattel-drim-lusitanus-kopie-2\\\/\"]}]},{\"@type\":\"ImageObject\",\"inLanguage\":\"es\",\"@id\":\"https:\\\/\\\/www.zaldionline.com\\\/es\\\/producto\\\/zaldi-dressur-sattel-drim-lusitanus-kopie-2\\\/#primaryimage\",\"url\":\"https:\\\/\\\/www.zaldionline.com\\\/es\\\/wp-content\\\/uploads\\\/sites\\\/2\\\/2020\\\/09\\\/camperadrimlusitanus.jpg\",\"contentUrl\":\"https:\\\/\\\/www.zaldionline.com\\\/es\\\/wp-content\\\/uploads\\\/sites\\\/2\\\/2020\\\/09\\\/camperadrimlusitanus.jpg\",\"width\":800,\"height\":800},{\"@type\":\"BreadcrumbList\",\"@id\":\"https:\\\/\\\/www.zaldionline.com\\\/es\\\/producto\\\/zaldi-dressur-sattel-drim-lusitanus-kopie-2\\\/#breadcrumb\",\"itemListElement\":[{\"@type\":\"ListItem\",\"position\":1,\"name\":\"Portada\",\"item\":\"https:\\\/\\\/www.zaldionline.com\\\/es\\\/\"},{\"@type\":\"ListItem\",\"position\":2,\"name\":\"Sillas y accesorios\",\"item\":\"https:\\\/\\\/www.zaldionline.com\\\/es\\\/sillas-y-accesorios\\\/\"},{\"@type\":\"ListItem\",\"position\":3,\"name\":\"SILLA ZALDI DOMA DRIM LUSITANUS\"}]},{\"@type\":\"WebSite\",\"@id\":\"https:\\\/\\\/www.zaldionline.com\\\/es\\\/#website\",\"url\":\"https:\\\/\\\/www.zaldionline.com\\\/es\\\/\",\"name\":\"Zaldionline.com\",\"description\":\"Los mejores productos para usted y su caballo\",\"potentialAction\":[{\"@type\":\"SearchAction\",\"target\":{\"@type\":\"EntryPoint\",\"urlTemplate\":\"https:\\\/\\\/www.zaldionline.com\\\/es\\\/?s={search_term_string}\"},\"query-input\":{\"@type\":\"PropertyValueSpecification\",\"valueRequired\":true,\"valueName\":\"search_term_string\"}}],\"inLanguage\":\"es\"}]}<\/script>\n<!-- \/ Yoast SEO plugin. -->","yoast_head_json":{"title":"SILLA ZALDI DOMA DRIM LUSITANUS - Zaldionline.com","description":"Precio inc. IVA. 2988.00\u20ac Esta nueva silla de doma campera combina la est\u00e9tica portuguesa con las caracter\u00edsticas de nuestra silla de doma Zaldi-Drim.Este modelo es totalmente diferente a otras sillas portuguesas, uniendo tradici\u00f3n y tecnolog\u00eda.Completamente configurable. Ver hoja del configurador. Actualmente, adem\u00e1s de los colores cl\u00e1sicos, se pueden hacer m\u00faltiples combinaciones de colores en cuanto al cuero, costuras, ribetes, burletes, ...INFORMACI\u00d3N T\u00c9CNICA:* Fabricada con una selecci\u00f3n de pieles de boxcalf y croupon vegetal.* Asiento muy profundo (con la misma armadura que la silla Drim).* Fald\u00f3n largo de doma cuadrado.* Con TM-System.* Baste de lana.* Armadura de polipropileno, usando la tecnolog\u00eda m\u00e1s avanzada y con 10 a\u00f1os de garant\u00eda.* Estriberas inoxidables de seguridad.* Latiguillos largos en \"V\". Medidas: 17\" - 17,5\" - 18\"Colores disponibles: Negro, Marr\u00f3n, Tostado.MEDIDAS:* Jinete 17.5\" (largo de 44.5 cm desde el borr\u00e9n trasero de la silla al clavo Zaldi).* Cruz del caballo: de 28 cm a 34 cm.* Peso: 8.400 kg.* Largo del fald\u00f3n desde la estribera: 41 cm.* Largo del baste por debajo: 49 cm.* \u00c1rea de apoyo del baste sobre el lomo del caballo: 44 cm.* Taco-Muslera: 20 cm x 8.5 cm x 9 cm. \u00a1AVISO IMPORTANTE! COLORES DEL CUERO Es \u201cIMPOSIBLE\u201d conseguir que dos art\u00edculos en cuero de color avellana, tostado, marr\u00f3n o habana sean exactamente iguales. Ref 00179","robots":{"index":"noindex","follow":"follow","max-snippet":"max-snippet:-1","max-image-preview":"max-image-preview:large","max-video-preview":"max-video-preview:-1"},"og_locale":"es_ES","og_type":"article","og_title":"SILLA ZALDI DOMA DRIM LUSITANUS - Zaldionline.com","og_description":"Precio inc. IVA. 2988.00\u20ac Esta nueva silla de doma campera combina la est\u00e9tica portuguesa con las caracter\u00edsticas de nuestra silla de doma Zaldi-Drim.Este modelo es totalmente diferente a otras sillas portuguesas, uniendo tradici\u00f3n y tecnolog\u00eda.Completamente configurable. Ver hoja del configurador. Actualmente, adem\u00e1s de los colores cl\u00e1sicos, se pueden hacer m\u00faltiples combinaciones de colores en cuanto al cuero, costuras, ribetes, burletes, ...INFORMACI\u00d3N T\u00c9CNICA:* Fabricada con una selecci\u00f3n de pieles de boxcalf y croupon vegetal.* Asiento muy profundo (con la misma armadura que la silla Drim).* Fald\u00f3n largo de doma cuadrado.* Con TM-System.* Baste de lana.* Armadura de polipropileno, usando la tecnolog\u00eda m\u00e1s avanzada y con 10 a\u00f1os de garant\u00eda.* Estriberas inoxidables de seguridad.* Latiguillos largos en \"V\". Medidas: 17\" - 17,5\" - 18\"Colores disponibles: Negro, Marr\u00f3n, Tostado.MEDIDAS:* Jinete 17.5\" (largo de 44.5 cm desde el borr\u00e9n trasero de la silla al clavo Zaldi).* Cruz del caballo: de 28 cm a 34 cm.* Peso: 8.400 kg.* Largo del fald\u00f3n desde la estribera: 41 cm.* Largo del baste por debajo: 49 cm.* \u00c1rea de apoyo del baste sobre el lomo del caballo: 44 cm.* Taco-Muslera: 20 cm x 8.5 cm x 9 cm. \u00a1AVISO IMPORTANTE! COLORES DEL CUERO Es \u201cIMPOSIBLE\u201d conseguir que dos art\u00edculos en cuero de color avellana, tostado, marr\u00f3n o habana sean exactamente iguales. Ref 00179","og_url":"https:\/\/www.zaldionline.com\/es\/producto\/zaldi-dressur-sattel-drim-lusitanus-kopie-2\/","og_site_name":"Zaldionline.com","article_modified_time":"2024-10-18T12:50:17+00:00","og_image":[{"width":800,"height":800,"url":"https:\/\/www.zaldionline.com\/es\/wp-content\/uploads\/sites\/2\/2020\/09\/camperadrimlusitanus.jpg","type":"image\/jpeg"}],"twitter_card":"summary_large_image","twitter_misc":{"Tiempo de lectura":"2 minutos"},"schema":{"@context":"https:\/\/schema.org","@graph":[{"@type":"WebPage","@id":"https:\/\/www.zaldionline.com\/es\/producto\/zaldi-dressur-sattel-drim-lusitanus-kopie-2\/","url":"https:\/\/www.zaldionline.com\/es\/producto\/zaldi-dressur-sattel-drim-lusitanus-kopie-2\/","name":"SILLA ZALDI DOMA DRIM LUSITANUS - Zaldionline.com","isPartOf":{"@id":"https:\/\/www.zaldionline.com\/es\/#website"},"primaryImageOfPage":{"@id":"https:\/\/www.zaldionline.com\/es\/producto\/zaldi-dressur-sattel-drim-lusitanus-kopie-2\/#primaryimage"},"image":{"@id":"https:\/\/www.zaldionline.com\/es\/producto\/zaldi-dressur-sattel-drim-lusitanus-kopie-2\/#primaryimage"},"thumbnailUrl":"https:\/\/www.zaldionline.com\/es\/wp-content\/uploads\/sites\/2\/2020\/09\/camperadrimlusitanus.jpg","datePublished":"2021-12-03T11:21:57+00:00","dateModified":"2024-10-18T12:50:17+00:00","description":"Precio inc. IVA. 2988.00\u20ac Esta nueva silla de doma campera combina la est\u00e9tica portuguesa con las caracter\u00edsticas de nuestra silla de doma Zaldi-Drim.Este modelo es totalmente diferente a otras sillas portuguesas, uniendo tradici\u00f3n y tecnolog\u00eda.Completamente configurable. Ver hoja del configurador. Actualmente, adem\u00e1s de los colores cl\u00e1sicos, se pueden hacer m\u00faltiples combinaciones de colores en cuanto al cuero, costuras, ribetes, burletes, ...INFORMACI\u00d3N T\u00c9CNICA:* Fabricada con una selecci\u00f3n de pieles de boxcalf y croupon vegetal.* Asiento muy profundo (con la misma armadura que la silla Drim).* Fald\u00f3n largo de doma cuadrado.* Con TM-System.* Baste de lana.* Armadura de polipropileno, usando la tecnolog\u00eda m\u00e1s avanzada y con 10 a\u00f1os de garant\u00eda.* Estriberas inoxidables de seguridad.* Latiguillos largos en \"V\". Medidas: 17\" - 17,5\" - 18\"Colores disponibles: Negro, Marr\u00f3n, Tostado.MEDIDAS:* Jinete 17.5\" (largo de 44.5 cm desde el borr\u00e9n trasero de la silla al clavo Zaldi).* Cruz del caballo: de 28 cm a 34 cm.* Peso: 8.400 kg.* Largo del fald\u00f3n desde la estribera: 41 cm.* Largo del baste por debajo: 49 cm.* \u00c1rea de apoyo del baste sobre el lomo del caballo: 44 cm.* Taco-Muslera: 20 cm x 8.5 cm x 9 cm. \u00a1AVISO IMPORTANTE! COLORES DEL CUERO Es \u201cIMPOSIBLE\u201d conseguir que dos art\u00edculos en cuero de color avellana, tostado, marr\u00f3n o habana sean exactamente iguales. Ref 00179","breadcrumb":{"@id":"https:\/\/www.zaldionline.com\/es\/producto\/zaldi-dressur-sattel-drim-lusitanus-kopie-2\/#breadcrumb"},"inLanguage":"es","potentialAction":[{"@type":"ReadAction","target":["https:\/\/www.zaldionline.com\/es\/producto\/zaldi-dressur-sattel-drim-lusitanus-kopie-2\/"]}]},{"@type":"ImageObject","inLanguage":"es","@id":"https:\/\/www.zaldionline.com\/es\/producto\/zaldi-dressur-sattel-drim-lusitanus-kopie-2\/#primaryimage","url":"https:\/\/www.zaldionline.com\/es\/wp-content\/uploads\/sites\/2\/2020\/09\/camperadrimlusitanus.jpg","contentUrl":"https:\/\/www.zaldionline.com\/es\/wp-content\/uploads\/sites\/2\/2020\/09\/camperadrimlusitanus.jpg","width":800,"height":800},{"@type":"BreadcrumbList","@id":"https:\/\/www.zaldionline.com\/es\/producto\/zaldi-dressur-sattel-drim-lusitanus-kopie-2\/#breadcrumb","itemListElement":[{"@type":"ListItem","position":1,"name":"Portada","item":"https:\/\/www.zaldionline.com\/es\/"},{"@type":"ListItem","position":2,"name":"Sillas y accesorios","item":"https:\/\/www.zaldionline.com\/es\/sillas-y-accesorios\/"},{"@type":"ListItem","position":3,"name":"SILLA ZALDI DOMA DRIM LUSITANUS"}]},{"@type":"WebSite","@id":"https:\/\/www.zaldionline.com\/es\/#website","url":"https:\/\/www.zaldionline.com\/es\/","name":"Zaldionline.com","description":"Los mejores productos para usted y su caballo","potentialAction":[{"@type":"SearchAction","target":{"@type":"EntryPoint","urlTemplate":"https:\/\/www.zaldionline.com\/es\/?s={search_term_string}"},"query-input":{"@type":"PropertyValueSpecification","valueRequired":true,"valueName":"search_term_string"}}],"inLanguage":"es"}]}},"_links":{"self":[{"href":"https:\/\/www.zaldionline.com\/es\/wp-json\/wp\/v2\/product\/18946","targetHints":{"allow":["GET"]}}],"collection":[{"href":"https:\/\/www.zaldionline.com\/es\/wp-json\/wp\/v2\/product"}],"about":[{"href":"https:\/\/www.zaldionline.com\/es\/wp-json\/wp\/v2\/types\/product"}],"replies":[{"embeddable":true,"href":"https:\/\/www.zaldionline.com\/es\/wp-json\/wp\/v2\/comments?post=18946"}],"version-history":[{"count":7,"href":"https:\/\/www.zaldionline.com\/es\/wp-json\/wp\/v2\/product\/18946\/revisions"}],"predecessor-version":[{"id":25554,"href":"https:\/\/www.zaldionline.com\/es\/wp-json\/wp\/v2\/product\/18946\/revisions\/25554"}],"wp:featuredmedia":[{"embeddable":true,"href":"https:\/\/www.zaldionline.com\/es\/wp-json\/wp\/v2\/media\/12311"}],"wp:attachment":[{"href":"https:\/\/www.zaldionline.com\/es\/wp-json\/wp\/v2\/media?parent=18946"}],"wp:term":[{"taxonomy":"product_brand","embeddable":true,"href":"https:\/\/www.zaldionline.com\/es\/wp-json\/wp\/v2\/product_brand?post=18946"},{"taxonomy":"product_cat","embeddable":true,"href":"https:\/\/www.zaldionline.com\/es\/wp-json\/wp\/v2\/product_cat?post=18946"},{"taxonomy":"product_tag","embeddable":true,"href":"https:\/\/www.zaldionline.com\/es\/wp-json\/wp\/v2\/product_tag?post=18946"}],"curies":[{"name":"wp","href":"https:\/\/api.w.org\/{rel}","templated":true}]}}