{"id":18959,"date":"2021-12-03T11:22:06","date_gmt":"2021-12-03T11:22:06","guid":{"rendered":"https:\/\/zaldionline.com\/?post_type=product&#038;p=18959"},"modified":"2024-10-18T12:46:13","modified_gmt":"2024-10-18T12:46:13","slug":"zaldi-dressur-sattel-drim-lusitanus-kopie-3","status":"publish","type":"product","link":"https:\/\/www.zaldionline.com\/es\/producto\/zaldi-dressur-sattel-drim-lusitanus-kopie-3\/","title":{"rendered":"ZALDI DOMA SILLA DRIM LUSITANUS"},"content":{"rendered":"\t\t<div data-elementor-type=\"wp-post\" data-elementor-id=\"18959\" class=\"elementor elementor-18959\">\n\t\t\t\t\t\t<section class=\"elementor-section elementor-top-section elementor-element elementor-element-5278632b elementor-section-boxed elementor-section-height-default elementor-section-height-default\" data-id=\"5278632b\" data-element_type=\"section\" data-e-type=\"section\">\n\t\t\t\t\t\t<div class=\"elementor-container elementor-column-gap-default\">\n\t\t\t\t\t<div class=\"elementor-column elementor-col-100 elementor-top-column elementor-element elementor-element-3c635d45\" data-id=\"3c635d45\" data-element_type=\"column\" data-e-type=\"column\">\n\t\t\t<div class=\"elementor-widget-wrap elementor-element-populated\">\n\t\t\t\t\t\t<div class=\"elementor-element elementor-element-1c724064 elementor-widget elementor-widget-text-editor\" data-id=\"1c724064\" data-element_type=\"widget\" data-e-type=\"widget\" data-widget_type=\"text-editor.default\">\n\t\t\t\t<div class=\"elementor-widget-container\">\n\t\t\t\t\t\t\t\t\t<p>Preis inkl. MwSt.: 2.878,77\u20ac<\/p><p>Ist im Prinzip der gleiche Sattel wie der DRIM Dressursattel, aber mit quadratischem Sattelblatt und Metallverzierungen. F\u00fcr mehr Info \u00fcber den Sattel, bitte beim DRIM Dressursattel schauen!<\/p><p>Spezieller Baum und 16 extra Vorteile<\/p><p>Verschiedene Farben oder mehrfarbig<\/p><p>Perfekt f\u00fcr Dressur und lange Ausritte oder Working Equitation<\/p><p>Sehr tiefer Sitz (f\u00fcr dichten Kontakt am Pferd, gibt das Gef\u00fchl einer kleineren Sitzfl\u00e4che)<\/p><p><em>TM\u00ae<\/em> System f\u00fcr perfekten Halt aber Knie und Unterschenkelfreiheit<\/p><p>Metallteile in Gold oder Silber<\/p><p>Frauenversion ohne Aufpreis<\/p><p><span style=\"color: #ff0000;\"><a style=\"color: #ff0000;\" href=\"https:\/\/www.youtube.com\/watch?v=8dIols2LBxY\">HIER KLICKEN F\u00dcR EIN<\/a><a style=\"color: #ff0000;\" href=\"https:\/\/www.youtube.com\/watch?v=8dIols2LBxY\"> VIDEO<\/a><\/span><\/p><p><em><span style=\"font-size: 16px;\"><strong>Die 16 extra Vorteile:<\/strong><\/span><\/em><\/p><p>1. NEUER SCHUTZ VOR ST\u00d6SSEN:<br \/>In viskoelastischem &#8220;Memory Foam&#8221; mit 4 cm weichem Silizium.<br \/>2. EIN BESONDERS BEQUEMER SITZ:<br \/>Hergestellt aus 3 Schichten Gummi; 2 Schichten ELAX High Density Silizium und einer Schicht<br \/>Latex.<br \/>3. SCHUTZ VOR BAUMBRUCH:<br \/>Neuer 2,5 cm h\u00f6herer Schutz am Vorderzwiesel aus Croupon-Leder und geformtem Material,<br \/>um Sch\u00e4den am Baum im Falle eines Sturzes oder Sto\u00dfes zu vermeiden<br \/>4. NEUER BAUM MIT ZWEI SCHICHTEN:<\/p><p>Der Sattelbaum der Modelle Drim, Kira Klass, Drim Atlanta ist mit einem speziellen Duplo-Dichten Schaum versehen.<\/p><p>Der untere Bereich, der im Kontakt mit dem Pferder\u00fccken ist, besteht aus einer 1,5 cm dicken Schaumschicht mit einer speziellen Dichte, die den Druck des Reitergewichts gleichm\u00e4\u00dfig auf eine breitere Oberfl\u00e4che des Pferder\u00fcckens verteilt und damit die \u00dcberlastung der R\u00fcckenmuskulatur des Pferdes einschr\u00e4nkt. 10% Elastizit\u00e4t gibt dem Pferd volle Bewegungsfreiheit.<\/p><p>Die Herstellung des Baumes basiert auf jahrelangen Studien zur Messung des Drucks, der unter dem Sattel entsteht, sowie einer optimalen gleichm\u00e4\u00dfigen Verteilung des Reitergewichts auf der R\u00fcckenmuskulatur des Pferdes. Durch diese Dekonzentration des Drucks auf einer homogenen Fl\u00e4che wird eine \u00dcberlastung der dorsalen Muskelmasse des Pferdes vermieden, was eine gute Entwicklung der Muskulatur f\u00f6rdert. Damit werden die gef\u00fcrchteten Faszieneinschr\u00e4nkungen, welche zu mechanischen Funktionsst\u00f6rungen und sogar zu Schmerzen bei unserem Pferd f\u00fchren k\u00f6nnen, vermieden.<\/p><p>Seine offene Struktur im Sattelkopf und das kalt-verstellbare Kopfeisen erm\u00f6glichen eine vollst\u00e4ndige Anpassung an den Trapez- und R\u00fcckenbereich des Pferdes.<\/p><p>Im oberen Teil wurde das Design mit einer neuen reitergerechten, 0,5 cm dicken Schicht optimiert, die sehr elastisch ist, St\u00f6\u00dfe absorbiert und verhindert, dass diese sich auf das Pferd \u00fcbertragen, was zus\u00e4tzlich die Haltbarkeit und Widerstandsf\u00e4higkeit des Sattels verl\u00e4ngert.<\/p><p>Dieser Teil des Sattelbaums verteilt das Reitergewicht optimal und verleiht ihm ein Gef\u00fchl der Schwerelosigkeit, ohne Druckpunkte. Mit dem Verlauf der Zeit, passt sich der Sattel dem Reiter progressive an, und verleiht ein optimales Sitzgef\u00fchl.<\/p><p>Der Sitzkontaktbereich wurde ergonomisch gestaltet, indem die seitlichen Bereiche angehoben wurden, wodurch eine Druckentlastung des Harnr\u00f6hrenbereichs des Reiters erzielt wird, um sp\u00e4tere Gesundheitsprobleme zu vermeiden, den Kontakt zu reduzieren und die korrekte Blutversorgung des Bereichs zu erm\u00f6glichen.<\/p><p>Durch die W\u00f6lbung des Sitzes, passt er sich dem Reiter anatomisch an und bietet optimalen Komfort und hilft, das Becken nach vorne zu dr\u00fccken sowie den R\u00fccken in eine korrekte und bequeme Reitposition zu bringen.<\/p><p>Au\u00dferdem k\u00f6nnen diese hochwertigen Modelle auch als Frauenversion gew\u00e4hlt werden.<\/p><p>5. NEUE INTELLIGENTE SATTELKISSEN: Mit Design eines Pads bestehend aus einer Schicht von\u00a0 \u00a0 \u00a0 1 Zentimeter Smartlatex Gummi, die wie ein Pad wirkt. F\u00fcllung mit Anti-Feuchtigkeits-Wolle, damit<br \/>\u00a0 \u00a0 die F\u00fcllung nicht verkrumpelt.<br \/>6. EXTRA KOMFORTABLER KEDER: Neue Neigung des Keders, um Beschwerden in den<br \/>\u00a0 \u00a0 Oberschenkeln des Reiters w\u00e4hrend des Reitens zu vermeiden.<br \/>7. ERGONOMISCHES SATTELBLATT: Erleichtert die Anpassung des Reiters f\u00fcr eine perfekte<br \/>\u00a0 \u00a0 Reitposition.<br \/>8. VERST\u00c4RKUNG GEGEN ABSCHEUERUNGEN AM SATTEL: Doubliertes Leder (Croupon) erzielt<br \/>\u00a0 \u00a0 eine wesentlich h\u00f6here Langlebigkeit des Sattels.<br \/>9. DOPPELT GEN\u00c4HTE SATTELSTRIPPEN: Doppelt gen\u00e4hte Verst\u00e4rkung mit gewachstem Garn\u00a0 \u00a0 \u00a0 \u00a0f\u00fcr maximale Festigkeit.<br \/>10. ERSTE GURTSTRIPPE ELASTISCH: Erleichtert die Bewegungen und schr\u00e4nkt die\u00a0 \u00a0 \u00a0 \u00a0 \u00a0 \u00a0 \u00a0Brustkapazit\u00e4t des Pferdes nicht ein. Vermindert den Druck. ZWEITE Gurtstrippe im &#8220;V-SYSTEM&#8221;,\u00a0 \u00a0 die den Sattel auf dem Pferd h\u00e4lt und das Kippeln des Sattels vermeidet, ohne Druck auf den\u00a0 R\u00fccken auszu\u00fcben.<\/p><p>11. LUFTEINLASS IN DIE KNIEPAUSCHEN: Lochlinie zur Verbesserung der Luftzirkulation in der<br \/>\u00a0 \u00a0 \u00a0 Pausche.<br \/>12. TM- Pauschen SYSTEM: siehe separate Information.<br \/>13. ANATOMISCHE KISSEN: (W\u00e4hlbar und ohne Aufpreis): Dreieckiger Einschnitt im Kissen im Schulterbereich f\u00fcr optimale Bewegung des Pferdes.<br \/>14. EFFEKT MONOBLATT: Die oberen 10 cm des Sattelblattes sind angen\u00e4ht, wodurch ein\u00a0 \u00a0 \u00a0 Monoblatt Effekt sowie verminderte Bewegung zwischen dem oberen und unteren Sattelblatt beim Reiten erzielt wird.<br \/>15. LANGE SPRENGER 45\u00ba STEIGB\u00dcGELAUFH\u00c4NGUNG: Hochwertige Steigb\u00fcgelaufh\u00e4ngung mit 45- Grad-Neigung, die verhindert, dass der Fu\u00df aus dem Steigb\u00fcgel kommt. SPRENGER Markengarantie.<br \/>16. Doubliertes Leder europ\u00e4ischer Rinder<\/p><p><span style=\"font-size: 14pt;\"><strong><u>Wichtige Information:<\/u><\/strong><\/span><\/p><p>Zum Wohle des Pferdes sollte jeder Sattel nach den Ma\u00dfen des Pferder\u00fcckens, sowie nach den Ma\u00dfen des Reiters, hergestellt werden.<\/p><p>Wir, <em>BIENESTARCABALLO\u00ae<\/em>, bieten die Vermessung Deines Pferdes mit dem <em>EQUIscan\u00ae<\/em> System an. <a href=\"https:\/\/www.youtube.com\/watch?v=oUsQNwcYdec&amp;feature=emb_logo\">KLICK HIER F\u00dcR EIN VIDEO<\/a> wie es funktioniert.<\/p><p>Du kannst uns auch die entsprechenden Ma\u00dfe zukommen lassen.<\/p><p>Dieser Sattel ist ver\u00e4nderbar: Das Kopfeisen ist kalt verstellbar und Wollkissen k\u00f6nnen angepasst\/ aufgef\u00fcllt werden.<\/p><p>Au\u00dferdem kann der Sattel nach Deinen W\u00fcnschen konfiguriert werden:<\/p><p>Nicht nur verschiedene Farben oder Farbkombinationen sind erh\u00e4ltlich, sondern auch viele verschiedene Extras mit und ohne Aufpreis.<\/p><p>Das von <em>ZALDI<\/em> patentierte, verstellbare <em>TM\u00ae<\/em> Pauschensystem ist f\u00fcr fast alle <em>ZALDI<\/em> S\u00e4ttel verf\u00fcgbar. <a href=\"https:\/\/www.youtube.com\/watch?v=mzGw-izXBiY\">KLICK HIER F\u00dcR EIN VIDEO<\/a> wie es funktioniert.<\/p><p>\u00a0Auf unserer <a href=\"https:\/\/www.facebook.com\/bienestarcaballo\/\">FACEBOOK\/BIENESTARCABALLO<\/a> Seite findest Du Videopr\u00e4sentationen von verschiedenen Modellen in Standard oder Sonderausf\u00fchrungen.<\/p><p>Alle S\u00e4ttel auf unserer Web k\u00f6nnen auch in der veganen, lederfreien Version hergestellt werden. Das Z-Plus Material ist ein Velourskunstleder mit samtiger Oberfl\u00e4che auf der Basis eines Microfaser-Fleecestoffs aus Polyester und Polyurethan. Es ist sehr robust und ben\u00f6tigt, im Gegensatz zu Leder, das oft mit speziellen Produkten ges\u00e4ubert und eingefettet oder einge\u00f6lt werden muss, keine besondere Pflege. Z-Plusmaterial braucht lediglich mit einem feuchten Tuch abgewischt werden.<\/p><p>Ein weiterer Vorteil des Sattels ist, dass er insgesamt leichter als ein herk\u00f6mmlicher Ledersattel ist.<\/p><p>F\u00fcr ein Video zu diesem Thema,\u00a0 <a href=\"https:\/\/www.youtube.com\/watch?v=oSGbtL6hEIY&amp;t=42s&amp;ab_channel=BIENESTARCABALLO%28bySusanneNagel%29\">Klick hier f\u00fcr ein Video<\/a><\/p><p>Wichtige Information bez\u00fcglich der Lederqualit\u00e4ten und Farben:<\/p><p>Bitte lesen Sie hierzu die Information auf der Startseite dieser Web.\u00a0<a href=\"https:\/\/www.youtube.com\/watch?v=FBEGymHtO68&amp;t=8s&amp;ab_channel=BIENESTARCABALLO%28bySusanneNagel%29\">Hier ein Video zum Thema<\/a><\/p><p>Achtung: Die N\u00e4hte auf dem Sitz sind nur bei der Wahl eines extra gepolsterten Sitzes vorhanden.\u00a0<a href=\"https:\/\/zaldionline.com\/producto\/extra-gepolsteter-sitz-innen\/\">Link zum Angebot<\/a><\/p><p>Was muss ich bei meinem Pferd ber\u00fccksichtigen? Braucht mein Pferd spezielle Eigenschaften f\u00fcr unseren neuen Sattel? Tiefer oder halbtiefer Sitz: Das beeinflusst nicht die Form der Sattelauflage auf dem Pferd, sondern ausschlie\u00dflich die Sitzfl\u00e4che bzw. die Form der Sitzschale f\u00fcr den Reiter.\u00a0<a href=\"https:\/\/www.youtube.com\/shorts\/IXqBPDqMgYs\">Hier ein kurzes Video<\/a><\/p><p>F\u00fcr alle anderen spezifischen Extras, die f\u00fcr dein Pferd und dich wichtig sein k\u00f6nnten, schau die Sektion \u201eEXTRAS\u201c auf der Web:\u00a0<a href=\"https:\/\/zaldionline.com\/categoria-producto\/sattel\/extras-tm-pauschen-und-reparatur\/\">Link zum Angebot<\/a><\/p><p>Bei diesem Sattel kann, auf Wunsch und ohne Aufpreis, eine Reduktion am Vorder- und\/oder Hinterzwiesel von 2cm vorgenommen werden. Diese Option ist auch f\u00fcr Personen die mit einer \u201eAirbag\u201c-Sicherheitsweste reiten interessant, da die Weste sich somit nicht mehr am hinteren Teil des Sattels verklemmen kann.<\/p><p><span style=\"color: var( --e-global-color-text ); font-family: var( --e-global-typography-text-font-family ), Sans-serif; font-weight: var( --e-global-typography-text-font-weight ); font-size: 0.9em;\">F\u00fcr weitere Informationen oder bei Anfragen zur Lieferdauer kontaktiere uns bitte.<\/span><\/p><p>Wir beraten Dich gerne!<\/p><p>Ref.: 00179<\/p>\t\t\t\t\t\t\t\t<\/div>\n\t\t\t\t<\/div>\n\t\t\t\t\t<\/div>\n\t\t<\/div>\n\t\t\t\t\t<\/div>\n\t\t<\/section>\n\t\t\t\t<\/div>\n\t\t","protected":false},"excerpt":{"rendered":"<p>Preis inkl. MwSt.: 2.878,77\u20ac Ist im Prinzip der gleiche Sattel wie der DRIM Dressursattel, aber mit quadratischem Sattelblatt und Metallverzierungen. F\u00fcr mehr Info \u00fcber den Sattel, bitte beim DRIM Dressursattel schauen! Spezieller Baum und 16 extra Vorteile Verschiedene Farben oder mehrfarbig Perfekt f\u00fcr Dressur und lange Ausritte oder Working Equitation Sehr tiefer Sitz (f\u00fcr dichten [&hellip;]<\/p>\n","protected":false},"featured_media":12311,"comment_status":"open","ping_status":"closed","template":"","meta":{"site-sidebar-layout":"default","site-content-layout":"default","ast-site-content-layout":"default","site-content-style":"default","site-sidebar-style":"default","ast-global-header-display":"","ast-banner-title-visibility":"","ast-main-header-display":"","ast-hfb-above-header-display":"","ast-hfb-below-header-display":"","ast-hfb-mobile-header-display":"","site-post-title":"","ast-breadcrumbs-content":"","ast-featured-img":"","footer-sml-layout":"","ast-disable-related-posts":"","theme-transparent-header-meta":"default","adv-header-id-meta":"","stick-header-meta":"","header-above-stick-meta":"","header-main-stick-meta":"","header-below-stick-meta":"","astra-migrate-meta-layouts":"set","ast-page-background-enabled":"default","ast-page-background-meta":{"desktop":{"background-color":"var(--ast-global-color-4)","background-image":"","background-repeat":"repeat","background-position":"center center","background-size":"auto","background-attachment":"scroll","background-type":"","background-media":"","overlay-type":"","overlay-color":"","overlay-opacity":"","overlay-gradient":""},"tablet":{"background-color":"","background-image":"","background-repeat":"repeat","background-position":"center center","background-size":"auto","background-attachment":"scroll","background-type":"","background-media":"","overlay-type":"","overlay-color":"","overlay-opacity":"","overlay-gradient":""},"mobile":{"background-color":"","background-image":"","background-repeat":"repeat","background-position":"center center","background-size":"auto","background-attachment":"scroll","background-type":"","background-media":"","overlay-type":"","overlay-color":"","overlay-opacity":"","overlay-gradient":""}},"ast-content-background-meta":{"desktop":{"background-color":"var(--ast-global-color-5)","background-image":"","background-repeat":"repeat","background-position":"center center","background-size":"auto","background-attachment":"scroll","background-type":"","background-media":"","overlay-type":"","overlay-color":"","overlay-opacity":"","overlay-gradient":""},"tablet":{"background-color":"var(--ast-global-color-5)","background-image":"","background-repeat":"repeat","background-position":"center center","background-size":"auto","background-attachment":"scroll","background-type":"","background-media":"","overlay-type":"","overlay-color":"","overlay-opacity":"","overlay-gradient":""},"mobile":{"background-color":"var(--ast-global-color-5)","background-image":"","background-repeat":"repeat","background-position":"center center","background-size":"auto","background-attachment":"scroll","background-type":"","background-media":"","overlay-type":"","overlay-color":"","overlay-opacity":"","overlay-gradient":""}},"ngg_post_thumbnail":0},"product_brand":[],"product_cat":[63],"product_tag":[341,1054,646,346,440,410,202,340,1048,337,991,338,345,339],"class_list":{"0":"post-18959","1":"product","2":"type-product","3":"status-publish","4":"has-post-thumbnail","6":"product_cat-fundas-de-sillas-zaleas","7":"product_tag-bienestarcaballo","8":"product_tag-cuero","9":"product_tag-doma","10":"product_tag-equiscan-zaldi","11":"product_tag-silla","12":"product_tag-silla-custom","13":"product_tag-sillas","14":"product_tag-susanne-nagel","15":"product_tag-vegana","16":"product_tag-zaldi","17":"product_tag-zaldi-alemania","18":"product_tag-zaldi-deutschland","19":"product_tag-zaldi-drim-lusitanus","20":"product_tag-zaldi-online-com","21":"desktop-align-left","22":"tablet-align-left","23":"mobile-align-left","25":"first","26":"instock","27":"taxable","28":"shipping-taxable","29":"purchasable","30":"product-type-variable"},"yoast_head":"<!-- This site is optimized with the Yoast SEO plugin v27.5 - https:\/\/yoast.com\/product\/yoast-seo-wordpress\/ -->\n<title>ZALDI DOMA SILLA DRIM LUSITANUS - Zaldionline.com<\/title>\n<meta name=\"robots\" content=\"noindex, follow, max-snippet:-1, max-image-preview:large, max-video-preview:-1\" \/>\n<meta property=\"og:locale\" content=\"es_ES\" \/>\n<meta property=\"og:type\" content=\"article\" \/>\n<meta property=\"og:title\" content=\"ZALDI DOMA SILLA DRIM LUSITANUS - Zaldionline.com\" \/>\n<meta property=\"og:description\" content=\"Preis inkl. MwSt.: 2.878,77\u20ac Ist im Prinzip der gleiche Sattel wie der DRIM Dressursattel, aber mit quadratischem Sattelblatt und Metallverzierungen. F\u00fcr mehr Info \u00fcber den Sattel, bitte beim DRIM Dressursattel schauen! Spezieller Baum und 16 extra Vorteile Verschiedene Farben oder mehrfarbig Perfekt f\u00fcr Dressur und lange Ausritte oder Working Equitation Sehr tiefer Sitz (f\u00fcr dichten [&hellip;]\" \/>\n<meta property=\"og:url\" content=\"https:\/\/www.zaldionline.com\/es\/producto\/zaldi-dressur-sattel-drim-lusitanus-kopie-3\/\" \/>\n<meta property=\"og:site_name\" content=\"Zaldionline.com\" \/>\n<meta property=\"article:modified_time\" content=\"2024-10-18T12:46:13+00:00\" \/>\n<meta property=\"og:image\" content=\"https:\/\/www.zaldionline.com\/es\/wp-content\/uploads\/sites\/2\/2020\/09\/camperadrimlusitanus.jpg\" \/>\n\t<meta property=\"og:image:width\" content=\"800\" \/>\n\t<meta property=\"og:image:height\" content=\"800\" \/>\n\t<meta property=\"og:image:type\" content=\"image\/jpeg\" \/>\n<meta name=\"twitter:card\" content=\"summary_large_image\" \/>\n<meta name=\"twitter:label1\" content=\"Tiempo de lectura\" \/>\n\t<meta name=\"twitter:data1\" content=\"6 minutos\" \/>\n<script type=\"application\/ld+json\" class=\"yoast-schema-graph\">{\"@context\":\"https:\\\/\\\/schema.org\",\"@graph\":[{\"@type\":\"WebPage\",\"@id\":\"https:\\\/\\\/www.zaldionline.com\\\/es\\\/producto\\\/zaldi-dressur-sattel-drim-lusitanus-kopie-3\\\/\",\"url\":\"https:\\\/\\\/www.zaldionline.com\\\/es\\\/producto\\\/zaldi-dressur-sattel-drim-lusitanus-kopie-3\\\/\",\"name\":\"ZALDI DOMA SILLA DRIM LUSITANUS - Zaldionline.com\",\"isPartOf\":{\"@id\":\"https:\\\/\\\/www.zaldionline.com\\\/es\\\/#website\"},\"primaryImageOfPage\":{\"@id\":\"https:\\\/\\\/www.zaldionline.com\\\/es\\\/producto\\\/zaldi-dressur-sattel-drim-lusitanus-kopie-3\\\/#primaryimage\"},\"image\":{\"@id\":\"https:\\\/\\\/www.zaldionline.com\\\/es\\\/producto\\\/zaldi-dressur-sattel-drim-lusitanus-kopie-3\\\/#primaryimage\"},\"thumbnailUrl\":\"https:\\\/\\\/www.zaldionline.com\\\/es\\\/wp-content\\\/uploads\\\/sites\\\/2\\\/2020\\\/09\\\/camperadrimlusitanus.jpg\",\"datePublished\":\"2021-12-03T11:22:06+00:00\",\"dateModified\":\"2024-10-18T12:46:13+00:00\",\"breadcrumb\":{\"@id\":\"https:\\\/\\\/www.zaldionline.com\\\/es\\\/producto\\\/zaldi-dressur-sattel-drim-lusitanus-kopie-3\\\/#breadcrumb\"},\"inLanguage\":\"es\",\"potentialAction\":[{\"@type\":\"ReadAction\",\"target\":[\"https:\\\/\\\/www.zaldionline.com\\\/es\\\/producto\\\/zaldi-dressur-sattel-drim-lusitanus-kopie-3\\\/\"]}]},{\"@type\":\"ImageObject\",\"inLanguage\":\"es\",\"@id\":\"https:\\\/\\\/www.zaldionline.com\\\/es\\\/producto\\\/zaldi-dressur-sattel-drim-lusitanus-kopie-3\\\/#primaryimage\",\"url\":\"https:\\\/\\\/www.zaldionline.com\\\/es\\\/wp-content\\\/uploads\\\/sites\\\/2\\\/2020\\\/09\\\/camperadrimlusitanus.jpg\",\"contentUrl\":\"https:\\\/\\\/www.zaldionline.com\\\/es\\\/wp-content\\\/uploads\\\/sites\\\/2\\\/2020\\\/09\\\/camperadrimlusitanus.jpg\",\"width\":800,\"height\":800},{\"@type\":\"BreadcrumbList\",\"@id\":\"https:\\\/\\\/www.zaldionline.com\\\/es\\\/producto\\\/zaldi-dressur-sattel-drim-lusitanus-kopie-3\\\/#breadcrumb\",\"itemListElement\":[{\"@type\":\"ListItem\",\"position\":1,\"name\":\"Portada\",\"item\":\"https:\\\/\\\/www.zaldionline.com\\\/es\\\/\"},{\"@type\":\"ListItem\",\"position\":2,\"name\":\"Sillas y accesorios\",\"item\":\"https:\\\/\\\/www.zaldionline.com\\\/es\\\/sillas-y-accesorios\\\/\"},{\"@type\":\"ListItem\",\"position\":3,\"name\":\"ZALDI DOMA SILLA DRIM LUSITANUS\"}]},{\"@type\":\"WebSite\",\"@id\":\"https:\\\/\\\/www.zaldionline.com\\\/es\\\/#website\",\"url\":\"https:\\\/\\\/www.zaldionline.com\\\/es\\\/\",\"name\":\"Zaldionline.com\",\"description\":\"Los mejores productos para usted y su caballo\",\"potentialAction\":[{\"@type\":\"SearchAction\",\"target\":{\"@type\":\"EntryPoint\",\"urlTemplate\":\"https:\\\/\\\/www.zaldionline.com\\\/es\\\/?s={search_term_string}\"},\"query-input\":{\"@type\":\"PropertyValueSpecification\",\"valueRequired\":true,\"valueName\":\"search_term_string\"}}],\"inLanguage\":\"es\"}]}<\/script>\n<!-- \/ Yoast SEO plugin. -->","yoast_head_json":{"title":"ZALDI DOMA SILLA DRIM LUSITANUS - Zaldionline.com","robots":{"index":"noindex","follow":"follow","max-snippet":"max-snippet:-1","max-image-preview":"max-image-preview:large","max-video-preview":"max-video-preview:-1"},"og_locale":"es_ES","og_type":"article","og_title":"ZALDI DOMA SILLA DRIM LUSITANUS - Zaldionline.com","og_description":"Preis inkl. MwSt.: 2.878,77\u20ac Ist im Prinzip der gleiche Sattel wie der DRIM Dressursattel, aber mit quadratischem Sattelblatt und Metallverzierungen. F\u00fcr mehr Info \u00fcber den Sattel, bitte beim DRIM Dressursattel schauen! Spezieller Baum und 16 extra Vorteile Verschiedene Farben oder mehrfarbig Perfekt f\u00fcr Dressur und lange Ausritte oder Working Equitation Sehr tiefer Sitz (f\u00fcr dichten [&hellip;]","og_url":"https:\/\/www.zaldionline.com\/es\/producto\/zaldi-dressur-sattel-drim-lusitanus-kopie-3\/","og_site_name":"Zaldionline.com","article_modified_time":"2024-10-18T12:46:13+00:00","og_image":[{"width":800,"height":800,"url":"https:\/\/www.zaldionline.com\/es\/wp-content\/uploads\/sites\/2\/2020\/09\/camperadrimlusitanus.jpg","type":"image\/jpeg"}],"twitter_card":"summary_large_image","twitter_misc":{"Tiempo de lectura":"6 minutos"},"schema":{"@context":"https:\/\/schema.org","@graph":[{"@type":"WebPage","@id":"https:\/\/www.zaldionline.com\/es\/producto\/zaldi-dressur-sattel-drim-lusitanus-kopie-3\/","url":"https:\/\/www.zaldionline.com\/es\/producto\/zaldi-dressur-sattel-drim-lusitanus-kopie-3\/","name":"ZALDI DOMA SILLA DRIM LUSITANUS - Zaldionline.com","isPartOf":{"@id":"https:\/\/www.zaldionline.com\/es\/#website"},"primaryImageOfPage":{"@id":"https:\/\/www.zaldionline.com\/es\/producto\/zaldi-dressur-sattel-drim-lusitanus-kopie-3\/#primaryimage"},"image":{"@id":"https:\/\/www.zaldionline.com\/es\/producto\/zaldi-dressur-sattel-drim-lusitanus-kopie-3\/#primaryimage"},"thumbnailUrl":"https:\/\/www.zaldionline.com\/es\/wp-content\/uploads\/sites\/2\/2020\/09\/camperadrimlusitanus.jpg","datePublished":"2021-12-03T11:22:06+00:00","dateModified":"2024-10-18T12:46:13+00:00","breadcrumb":{"@id":"https:\/\/www.zaldionline.com\/es\/producto\/zaldi-dressur-sattel-drim-lusitanus-kopie-3\/#breadcrumb"},"inLanguage":"es","potentialAction":[{"@type":"ReadAction","target":["https:\/\/www.zaldionline.com\/es\/producto\/zaldi-dressur-sattel-drim-lusitanus-kopie-3\/"]}]},{"@type":"ImageObject","inLanguage":"es","@id":"https:\/\/www.zaldionline.com\/es\/producto\/zaldi-dressur-sattel-drim-lusitanus-kopie-3\/#primaryimage","url":"https:\/\/www.zaldionline.com\/es\/wp-content\/uploads\/sites\/2\/2020\/09\/camperadrimlusitanus.jpg","contentUrl":"https:\/\/www.zaldionline.com\/es\/wp-content\/uploads\/sites\/2\/2020\/09\/camperadrimlusitanus.jpg","width":800,"height":800},{"@type":"BreadcrumbList","@id":"https:\/\/www.zaldionline.com\/es\/producto\/zaldi-dressur-sattel-drim-lusitanus-kopie-3\/#breadcrumb","itemListElement":[{"@type":"ListItem","position":1,"name":"Portada","item":"https:\/\/www.zaldionline.com\/es\/"},{"@type":"ListItem","position":2,"name":"Sillas y accesorios","item":"https:\/\/www.zaldionline.com\/es\/sillas-y-accesorios\/"},{"@type":"ListItem","position":3,"name":"ZALDI DOMA SILLA DRIM LUSITANUS"}]},{"@type":"WebSite","@id":"https:\/\/www.zaldionline.com\/es\/#website","url":"https:\/\/www.zaldionline.com\/es\/","name":"Zaldionline.com","description":"Los mejores productos para usted y su caballo","potentialAction":[{"@type":"SearchAction","target":{"@type":"EntryPoint","urlTemplate":"https:\/\/www.zaldionline.com\/es\/?s={search_term_string}"},"query-input":{"@type":"PropertyValueSpecification","valueRequired":true,"valueName":"search_term_string"}}],"inLanguage":"es"}]}},"_links":{"self":[{"href":"https:\/\/www.zaldionline.com\/es\/wp-json\/wp\/v2\/product\/18959","targetHints":{"allow":["GET"]}}],"collection":[{"href":"https:\/\/www.zaldionline.com\/es\/wp-json\/wp\/v2\/product"}],"about":[{"href":"https:\/\/www.zaldionline.com\/es\/wp-json\/wp\/v2\/types\/product"}],"replies":[{"embeddable":true,"href":"https:\/\/www.zaldionline.com\/es\/wp-json\/wp\/v2\/comments?post=18959"}],"version-history":[{"count":4,"href":"https:\/\/www.zaldionline.com\/es\/wp-json\/wp\/v2\/product\/18959\/revisions"}],"predecessor-version":[{"id":25552,"href":"https:\/\/www.zaldionline.com\/es\/wp-json\/wp\/v2\/product\/18959\/revisions\/25552"}],"wp:featuredmedia":[{"embeddable":true,"href":"https:\/\/www.zaldionline.com\/es\/wp-json\/wp\/v2\/media\/12311"}],"wp:attachment":[{"href":"https:\/\/www.zaldionline.com\/es\/wp-json\/wp\/v2\/media?parent=18959"}],"wp:term":[{"taxonomy":"product_brand","embeddable":true,"href":"https:\/\/www.zaldionline.com\/es\/wp-json\/wp\/v2\/product_brand?post=18959"},{"taxonomy":"product_cat","embeddable":true,"href":"https:\/\/www.zaldionline.com\/es\/wp-json\/wp\/v2\/product_cat?post=18959"},{"taxonomy":"product_tag","embeddable":true,"href":"https:\/\/www.zaldionline.com\/es\/wp-json\/wp\/v2\/product_tag?post=18959"}],"curies":[{"name":"wp","href":"https:\/\/api.w.org\/{rel}","templated":true}]}}