{"id":19773,"date":"2022-04-13T14:44:36","date_gmt":"2022-04-13T14:44:36","guid":{"rendered":"https:\/\/zaldionline.com\/?post_type=product&#038;p=19773"},"modified":"2023-03-23T23:08:07","modified_gmt":"2023-03-23T23:08:07","slug":"informationen-und-videos-vegane-saettel","status":"publish","type":"product","link":"https:\/\/www.zaldionline.com\/es\/producto\/informationen-und-videos-vegane-saettel\/","title":{"rendered":"INFORMATION INKL. VIDEO VEGANE S\u00c4TTEL"},"content":{"rendered":"\t\t<div data-elementor-type=\"wp-post\" data-elementor-id=\"19773\" class=\"elementor elementor-19773\">\n\t\t\t\t\t\t<section class=\"elementor-section elementor-top-section elementor-element elementor-element-f5e92f5 elementor-section-boxed elementor-section-height-default elementor-section-height-default\" data-id=\"f5e92f5\" data-element_type=\"section\" data-e-type=\"section\">\n\t\t\t\t\t\t<div class=\"elementor-container elementor-column-gap-default\">\n\t\t\t\t\t<div class=\"elementor-column elementor-col-100 elementor-top-column elementor-element elementor-element-8fd2dd6\" data-id=\"8fd2dd6\" data-element_type=\"column\" data-e-type=\"column\">\n\t\t\t<div class=\"elementor-widget-wrap elementor-element-populated\">\n\t\t\t\t\t\t<div class=\"elementor-element elementor-element-c533e3e elementor-widget elementor-widget-text-editor\" data-id=\"c533e3e\" data-element_type=\"widget\" data-e-type=\"widget\" data-widget_type=\"text-editor.default\">\n\t\t\t\t<div class=\"elementor-widget-container\">\n\t\t\t\t\t\t\t\t\t<p>Alle S\u00e4ttel auf unserer Web k\u00f6nnen auch in der veganen, lederfreien Version hergestellt werden. Das Z-Plus Material ist ein Velourskunstleder mit samtiger Oberfl\u00e4che auf der Basis eines Microfaser-Fleecestoffs aus Polyester und Polyurethan. Es ist sehr robust und ben\u00f6tigt, im Gegensatz zu Leder, das oft mit speziellen Produkten ges\u00e4ubert und eingefettet oder einge\u00f6lt werden muss, keine besondere Pflege. Z-Plusmaterial braucht lediglich mit einem feuchten Tuch abwischt werden.<\/p><p>Ein weiterer Vorteil des Sattels ist, dass er insgesamt leichter als ein herk\u00f6mmlicher Ledersattel ist.<\/p><p><a href=\"https:\/\/www.youtube.com\/watch?v=oSGbtL6hEIY&amp;t=42s&amp;ab_channel=BIENESTARCABALLO%28bySusanneNagel%29\">Klick hier f\u00fcr ein Video<\/a>\u00a0<\/p><p>\u00a0<\/p>\t\t\t\t\t\t\t\t<\/div>\n\t\t\t\t<\/div>\n\t\t\t\t\t<\/div>\n\t\t<\/div>\n\t\t\t\t\t<\/div>\n\t\t<\/section>\n\t\t\t\t<\/div>\n\t\t","protected":false},"excerpt":{"rendered":"<p>Alle S\u00e4ttel auf unserer Web k\u00f6nnen auch in der veganen, lederfreien Version hergestellt werden. Das Z-Plus Material ist ein Velourskunstleder mit samtiger Oberfl\u00e4che auf der Basis eines Microfaser-Fleecestoffs aus Polyester und Polyurethan. Es ist sehr robust und ben\u00f6tigt, im Gegensatz zu Leder, das oft mit speziellen Produkten ges\u00e4ubert und eingefettet oder einge\u00f6lt werden muss, keine [&hellip;]<\/p>\n","protected":false},"featured_media":19175,"comment_status":"open","ping_status":"closed","template":"","meta":{"site-sidebar-layout":"default","site-content-layout":"","ast-site-content-layout":"default","site-content-style":"default","site-sidebar-style":"default","ast-global-header-display":"","ast-banner-title-visibility":"","ast-main-header-display":"","ast-hfb-above-header-display":"","ast-hfb-below-header-display":"","ast-hfb-mobile-header-display":"","site-post-title":"","ast-breadcrumbs-content":"","ast-featured-img":"","footer-sml-layout":"","ast-disable-related-posts":"","theme-transparent-header-meta":"","adv-header-id-meta":"","stick-header-meta":"","header-above-stick-meta":"","header-main-stick-meta":"","header-below-stick-meta":"","astra-migrate-meta-layouts":"default","ast-page-background-enabled":"default","ast-page-background-meta":{"desktop":{"background-color":"var(--ast-global-color-4)","background-image":"","background-repeat":"repeat","background-position":"center center","background-size":"auto","background-attachment":"scroll","background-type":"","background-media":"","overlay-type":"","overlay-color":"","overlay-opacity":"","overlay-gradient":""},"tablet":{"background-color":"","background-image":"","background-repeat":"repeat","background-position":"center center","background-size":"auto","background-attachment":"scroll","background-type":"","background-media":"","overlay-type":"","overlay-color":"","overlay-opacity":"","overlay-gradient":""},"mobile":{"background-color":"","background-image":"","background-repeat":"repeat","background-position":"center center","background-size":"auto","background-attachment":"scroll","background-type":"","background-media":"","overlay-type":"","overlay-color":"","overlay-opacity":"","overlay-gradient":""}},"ast-content-background-meta":{"desktop":{"background-color":"var(--ast-global-color-5)","background-image":"","background-repeat":"repeat","background-position":"center center","background-size":"auto","background-attachment":"scroll","background-type":"","background-media":"","overlay-type":"","overlay-color":"","overlay-opacity":"","overlay-gradient":""},"tablet":{"background-color":"var(--ast-global-color-5)","background-image":"","background-repeat":"repeat","background-position":"center center","background-size":"auto","background-attachment":"scroll","background-type":"","background-media":"","overlay-type":"","overlay-color":"","overlay-opacity":"","overlay-gradient":""},"mobile":{"background-color":"var(--ast-global-color-5)","background-image":"","background-repeat":"repeat","background-position":"center center","background-size":"auto","background-attachment":"scroll","background-type":"","background-media":"","overlay-type":"","overlay-color":"","overlay-opacity":"","overlay-gradient":""}},"ngg_post_thumbnail":0},"product_brand":[],"product_cat":[17,398],"product_tag":[341,411,409,415,406,301,410,340,416,404,338,443,339,462],"class_list":{"0":"post-19773","1":"product","2":"type-product","3":"status-publish","4":"has-post-thumbnail","6":"product_cat-sillas","7":"product_cat-sillas-cuero-sintetico-z-plus","8":"product_tag-bienestarcaballo","9":"product_tag-custom-saddle","10":"product_tag-custom-sattel","11":"product_tag-lederfreie-saettel","12":"product_tag-lederfreier-sattel","13":"product_tag-masssattel","14":"product_tag-silla-custom","15":"product_tag-susanne-nagel","16":"product_tag-vegane-saettel","17":"product_tag-veganer-sattel","18":"product_tag-zaldi-deutschland","19":"product_tag-zaldi-masssattel","20":"product_tag-zaldi-online-com","21":"product_tag-zaldi-saettel","22":"desktop-align-left","23":"tablet-align-left","24":"mobile-align-left","26":"first","27":"instock","28":"taxable","29":"shipping-taxable","30":"product-type-simple"},"yoast_head":"<!-- This site is optimized with the Yoast SEO plugin v27.3 - https:\/\/yoast.com\/product\/yoast-seo-wordpress\/ -->\n<title>INFORMATION INKL. VIDEO VEGANE S\u00c4TTEL - Zaldionline.com<\/title>\n<meta name=\"robots\" content=\"noindex, follow, max-snippet:-1, max-image-preview:large, max-video-preview:-1\" \/>\n<meta property=\"og:locale\" content=\"es_ES\" \/>\n<meta property=\"og:type\" content=\"article\" \/>\n<meta property=\"og:title\" content=\"INFORMATION INKL. VIDEO VEGANE S\u00c4TTEL - Zaldionline.com\" \/>\n<meta property=\"og:description\" content=\"Alle S\u00e4ttel auf unserer Web k\u00f6nnen auch in der veganen, lederfreien Version hergestellt werden. Das Z-Plus Material ist ein Velourskunstleder mit samtiger Oberfl\u00e4che auf der Basis eines Microfaser-Fleecestoffs aus Polyester und Polyurethan. Es ist sehr robust und ben\u00f6tigt, im Gegensatz zu Leder, das oft mit speziellen Produkten ges\u00e4ubert und eingefettet oder einge\u00f6lt werden muss, keine [&hellip;]\" \/>\n<meta property=\"og:url\" content=\"https:\/\/www.zaldionline.com\/es\/producto\/informationen-und-videos-vegane-saettel\/\" \/>\n<meta property=\"og:site_name\" content=\"Zaldionline.com\" \/>\n<meta property=\"article:modified_time\" content=\"2023-03-23T23:08:07+00:00\" \/>\n<meta property=\"og:image\" content=\"https:\/\/www.zaldionline.com\/es\/wp-content\/uploads\/sites\/2\/2020\/10\/Zaldi-Dressursattel-Hanover-von-zaldionline-4-scaled.jpg\" \/>\n\t<meta property=\"og:image:width\" content=\"1440\" \/>\n\t<meta property=\"og:image:height\" content=\"2560\" \/>\n\t<meta property=\"og:image:type\" content=\"image\/jpeg\" \/>\n<meta name=\"twitter:card\" content=\"summary_large_image\" \/>\n<script type=\"application\/ld+json\" class=\"yoast-schema-graph\">{\"@context\":\"https:\\\/\\\/schema.org\",\"@graph\":[{\"@type\":\"WebPage\",\"@id\":\"https:\\\/\\\/www.zaldionline.com\\\/es\\\/producto\\\/informationen-und-videos-vegane-saettel\\\/\",\"url\":\"https:\\\/\\\/www.zaldionline.com\\\/es\\\/producto\\\/informationen-und-videos-vegane-saettel\\\/\",\"name\":\"INFORMATION INKL. VIDEO VEGANE S\u00c4TTEL - Zaldionline.com\",\"isPartOf\":{\"@id\":\"https:\\\/\\\/www.zaldionline.com\\\/es\\\/#website\"},\"primaryImageOfPage\":{\"@id\":\"https:\\\/\\\/www.zaldionline.com\\\/es\\\/producto\\\/informationen-und-videos-vegane-saettel\\\/#primaryimage\"},\"image\":{\"@id\":\"https:\\\/\\\/www.zaldionline.com\\\/es\\\/producto\\\/informationen-und-videos-vegane-saettel\\\/#primaryimage\"},\"thumbnailUrl\":\"https:\\\/\\\/www.zaldionline.com\\\/es\\\/wp-content\\\/uploads\\\/sites\\\/2\\\/2020\\\/10\\\/Zaldi-Dressursattel-Hanover-von-zaldionline-4-scaled.jpg\",\"datePublished\":\"2022-04-13T14:44:36+00:00\",\"dateModified\":\"2023-03-23T23:08:07+00:00\",\"breadcrumb\":{\"@id\":\"https:\\\/\\\/www.zaldionline.com\\\/es\\\/producto\\\/informationen-und-videos-vegane-saettel\\\/#breadcrumb\"},\"inLanguage\":\"es\",\"potentialAction\":[{\"@type\":\"ReadAction\",\"target\":[\"https:\\\/\\\/www.zaldionline.com\\\/es\\\/producto\\\/informationen-und-videos-vegane-saettel\\\/\"]}]},{\"@type\":\"ImageObject\",\"inLanguage\":\"es\",\"@id\":\"https:\\\/\\\/www.zaldionline.com\\\/es\\\/producto\\\/informationen-und-videos-vegane-saettel\\\/#primaryimage\",\"url\":\"https:\\\/\\\/www.zaldionline.com\\\/es\\\/wp-content\\\/uploads\\\/sites\\\/2\\\/2020\\\/10\\\/Zaldi-Dressursattel-Hanover-von-zaldionline-4-scaled.jpg\",\"contentUrl\":\"https:\\\/\\\/www.zaldionline.com\\\/es\\\/wp-content\\\/uploads\\\/sites\\\/2\\\/2020\\\/10\\\/Zaldi-Dressursattel-Hanover-von-zaldionline-4-scaled.jpg\",\"width\":1440,\"height\":2560},{\"@type\":\"BreadcrumbList\",\"@id\":\"https:\\\/\\\/www.zaldionline.com\\\/es\\\/producto\\\/informationen-und-videos-vegane-saettel\\\/#breadcrumb\",\"itemListElement\":[{\"@type\":\"ListItem\",\"position\":1,\"name\":\"Portada\",\"item\":\"https:\\\/\\\/www.zaldionline.com\\\/es\\\/\"},{\"@type\":\"ListItem\",\"position\":2,\"name\":\"Sillas y accesorios\",\"item\":\"https:\\\/\\\/www.zaldionline.com\\\/es\\\/sillas-y-accesorios\\\/\"},{\"@type\":\"ListItem\",\"position\":3,\"name\":\"INFORMATION INKL. VIDEO VEGANE S\u00c4TTEL\"}]},{\"@type\":\"WebSite\",\"@id\":\"https:\\\/\\\/www.zaldionline.com\\\/es\\\/#website\",\"url\":\"https:\\\/\\\/www.zaldionline.com\\\/es\\\/\",\"name\":\"Zaldionline.com\",\"description\":\"Los mejores productos para usted y su caballo\",\"potentialAction\":[{\"@type\":\"SearchAction\",\"target\":{\"@type\":\"EntryPoint\",\"urlTemplate\":\"https:\\\/\\\/www.zaldionline.com\\\/es\\\/?s={search_term_string}\"},\"query-input\":{\"@type\":\"PropertyValueSpecification\",\"valueRequired\":true,\"valueName\":\"search_term_string\"}}],\"inLanguage\":\"es\"}]}<\/script>\n<!-- \/ Yoast SEO plugin. -->","yoast_head_json":{"title":"INFORMATION INKL. VIDEO VEGANE S\u00c4TTEL - Zaldionline.com","robots":{"index":"noindex","follow":"follow","max-snippet":"max-snippet:-1","max-image-preview":"max-image-preview:large","max-video-preview":"max-video-preview:-1"},"og_locale":"es_ES","og_type":"article","og_title":"INFORMATION INKL. VIDEO VEGANE S\u00c4TTEL - Zaldionline.com","og_description":"Alle S\u00e4ttel auf unserer Web k\u00f6nnen auch in der veganen, lederfreien Version hergestellt werden. Das Z-Plus Material ist ein Velourskunstleder mit samtiger Oberfl\u00e4che auf der Basis eines Microfaser-Fleecestoffs aus Polyester und Polyurethan. Es ist sehr robust und ben\u00f6tigt, im Gegensatz zu Leder, das oft mit speziellen Produkten ges\u00e4ubert und eingefettet oder einge\u00f6lt werden muss, keine [&hellip;]","og_url":"https:\/\/www.zaldionline.com\/es\/producto\/informationen-und-videos-vegane-saettel\/","og_site_name":"Zaldionline.com","article_modified_time":"2023-03-23T23:08:07+00:00","og_image":[{"width":1440,"height":2560,"url":"https:\/\/www.zaldionline.com\/es\/wp-content\/uploads\/sites\/2\/2020\/10\/Zaldi-Dressursattel-Hanover-von-zaldionline-4-scaled.jpg","type":"image\/jpeg"}],"twitter_card":"summary_large_image","schema":{"@context":"https:\/\/schema.org","@graph":[{"@type":"WebPage","@id":"https:\/\/www.zaldionline.com\/es\/producto\/informationen-und-videos-vegane-saettel\/","url":"https:\/\/www.zaldionline.com\/es\/producto\/informationen-und-videos-vegane-saettel\/","name":"INFORMATION INKL. VIDEO VEGANE S\u00c4TTEL - Zaldionline.com","isPartOf":{"@id":"https:\/\/www.zaldionline.com\/es\/#website"},"primaryImageOfPage":{"@id":"https:\/\/www.zaldionline.com\/es\/producto\/informationen-und-videos-vegane-saettel\/#primaryimage"},"image":{"@id":"https:\/\/www.zaldionline.com\/es\/producto\/informationen-und-videos-vegane-saettel\/#primaryimage"},"thumbnailUrl":"https:\/\/www.zaldionline.com\/es\/wp-content\/uploads\/sites\/2\/2020\/10\/Zaldi-Dressursattel-Hanover-von-zaldionline-4-scaled.jpg","datePublished":"2022-04-13T14:44:36+00:00","dateModified":"2023-03-23T23:08:07+00:00","breadcrumb":{"@id":"https:\/\/www.zaldionline.com\/es\/producto\/informationen-und-videos-vegane-saettel\/#breadcrumb"},"inLanguage":"es","potentialAction":[{"@type":"ReadAction","target":["https:\/\/www.zaldionline.com\/es\/producto\/informationen-und-videos-vegane-saettel\/"]}]},{"@type":"ImageObject","inLanguage":"es","@id":"https:\/\/www.zaldionline.com\/es\/producto\/informationen-und-videos-vegane-saettel\/#primaryimage","url":"https:\/\/www.zaldionline.com\/es\/wp-content\/uploads\/sites\/2\/2020\/10\/Zaldi-Dressursattel-Hanover-von-zaldionline-4-scaled.jpg","contentUrl":"https:\/\/www.zaldionline.com\/es\/wp-content\/uploads\/sites\/2\/2020\/10\/Zaldi-Dressursattel-Hanover-von-zaldionline-4-scaled.jpg","width":1440,"height":2560},{"@type":"BreadcrumbList","@id":"https:\/\/www.zaldionline.com\/es\/producto\/informationen-und-videos-vegane-saettel\/#breadcrumb","itemListElement":[{"@type":"ListItem","position":1,"name":"Portada","item":"https:\/\/www.zaldionline.com\/es\/"},{"@type":"ListItem","position":2,"name":"Sillas y accesorios","item":"https:\/\/www.zaldionline.com\/es\/sillas-y-accesorios\/"},{"@type":"ListItem","position":3,"name":"INFORMATION INKL. VIDEO VEGANE S\u00c4TTEL"}]},{"@type":"WebSite","@id":"https:\/\/www.zaldionline.com\/es\/#website","url":"https:\/\/www.zaldionline.com\/es\/","name":"Zaldionline.com","description":"Los mejores productos para usted y su caballo","potentialAction":[{"@type":"SearchAction","target":{"@type":"EntryPoint","urlTemplate":"https:\/\/www.zaldionline.com\/es\/?s={search_term_string}"},"query-input":{"@type":"PropertyValueSpecification","valueRequired":true,"valueName":"search_term_string"}}],"inLanguage":"es"}]}},"_links":{"self":[{"href":"https:\/\/www.zaldionline.com\/es\/wp-json\/wp\/v2\/product\/19773","targetHints":{"allow":["GET"]}}],"collection":[{"href":"https:\/\/www.zaldionline.com\/es\/wp-json\/wp\/v2\/product"}],"about":[{"href":"https:\/\/www.zaldionline.com\/es\/wp-json\/wp\/v2\/types\/product"}],"replies":[{"embeddable":true,"href":"https:\/\/www.zaldionline.com\/es\/wp-json\/wp\/v2\/comments?post=19773"}],"version-history":[{"count":0,"href":"https:\/\/www.zaldionline.com\/es\/wp-json\/wp\/v2\/product\/19773\/revisions"}],"wp:featuredmedia":[{"embeddable":true,"href":"https:\/\/www.zaldionline.com\/es\/wp-json\/wp\/v2\/media\/19175"}],"wp:attachment":[{"href":"https:\/\/www.zaldionline.com\/es\/wp-json\/wp\/v2\/media?parent=19773"}],"wp:term":[{"taxonomy":"product_brand","embeddable":true,"href":"https:\/\/www.zaldionline.com\/es\/wp-json\/wp\/v2\/product_brand?post=19773"},{"taxonomy":"product_cat","embeddable":true,"href":"https:\/\/www.zaldionline.com\/es\/wp-json\/wp\/v2\/product_cat?post=19773"},{"taxonomy":"product_tag","embeddable":true,"href":"https:\/\/www.zaldionline.com\/es\/wp-json\/wp\/v2\/product_tag?post=19773"}],"curies":[{"name":"wp","href":"https:\/\/api.w.org\/{rel}","templated":true}]}}