{"id":20563,"date":"2022-11-15T10:12:15","date_gmt":"2022-11-15T10:12:15","guid":{"rendered":"https:\/\/www.zaldionline.com\/?post_type=product&#038;p=20563"},"modified":"2023-02-10T11:32:54","modified_gmt":"2023-02-10T11:32:54","slug":"zaldi-springsattel-lasarte-175-sonderangebot","status":"publish","type":"product","link":"https:\/\/www.zaldionline.com\/es\/producto\/zaldi-springsattel-lasarte-175-sonderangebot\/","title":{"rendered":"ZALDI SPRINGSATTEL LASARTE 17,5 &#8211; EINZELST\u00dcCK &#8211;"},"content":{"rendered":"\t\t<div data-elementor-type=\"wp-post\" data-elementor-id=\"20563\" class=\"elementor elementor-20563\">\n\t\t\t\t\t\t<section class=\"elementor-section elementor-top-section elementor-element elementor-element-69bfe68 elementor-section-boxed elementor-section-height-default elementor-section-height-default\" data-id=\"69bfe68\" data-element_type=\"section\" data-e-type=\"section\">\n\t\t\t\t\t\t<div class=\"elementor-container elementor-column-gap-default\">\n\t\t\t\t\t<div class=\"elementor-column elementor-col-100 elementor-top-column elementor-element elementor-element-36ac12e4\" data-id=\"36ac12e4\" data-element_type=\"column\" data-e-type=\"column\">\n\t\t\t<div class=\"elementor-widget-wrap elementor-element-populated\">\n\t\t\t\t\t\t<div class=\"elementor-element elementor-element-15ab4a9 elementor-widget elementor-widget-text-editor\" data-id=\"15ab4a9\" data-element_type=\"widget\" data-e-type=\"widget\" data-widget_type=\"text-editor.default\">\n\t\t\t\t<div class=\"elementor-widget-container\">\n\t\t\t\t\t\t\t\t\t<p><strong><em>Spare 600,00\u20ac!!&nbsp;<\/em><\/strong>&nbsp;Super Gelegenheit: Verkaufe neuen ZALDI Springsattel LASARTE 17,5\u201c:<\/p>\n<p>Mit: austauschbaren Kopfeisen (aktuelle Weite der Ortsspitzen 32cm, andere Gr\u00f6\u00dfen sind erh\u00e4ltlich), Latexkissen mit einem langen Klettverschluss auf der Oberseite, um diese mit Wolle auff\u00fcllen und anpassen zu k\u00f6nnen (Wolle erh\u00e4ltlich). Ausserdem kann man die Kissen in der Position \u00e4ndern. Zus\u00e4tzlich: Extra Schulterfreiheit, Vorgurtstrippen mit zwei Position, extra gepolsterten Sitz, Frauenversion,<\/p>\n<p>zweifarbig: Schwarz mit tostado Keder, Vorst\u00f6\u00dfen und N\u00e4hten.<\/p>\n<p>Handgefertigt in Spanien aus doubliertem europ\u00e4ischen Leder.<\/p>\n<p>Ein wundersch\u00f6nes Einzelst\u00fcck. Hat zwei mal auf einem Pferd zur Probe gelegen.<\/p>\n<p>Kann gegen Werthinterlage und einer Geb\u00fchr ausprobiert werden. Oder zum Testen f\u00fcr einen neuen, selbst konfigurierten Sattel (der dann auch nach <em>EQUIscan\u00ae<\/em> hergestellt werden kann) verliehen werden.<\/p>\n<p><strong>Neupreis mit<\/strong> <strong>allen Extras ist 1.800,00\u20ac, Verkaufe f\u00fcr 1.190,00\u20ac.<\/strong><\/p>\n<p>Passende Steigb\u00fcgelriemen in schwarz mit tostado N\u00e4hten extra 60,00\u20ac. Sofort lieferbar. F\u00fcr mehr Info\/Fotos oder ein Video bitte p\/<\/p>\n<p><\/p>\t\t\t\t\t\t\t\t<\/div>\n\t\t\t\t<\/div>\n\t\t\t\t\t<\/div>\n\t\t<\/div>\n\t\t\t\t\t<\/div>\n\t\t<\/section>\n\t\t\t\t<\/div>\n\t\t","protected":false},"excerpt":{"rendered":"<p>Spare 600,00\u20ac!!&nbsp;&nbsp;Super Gelegenheit: Verkaufe neuen ZALDI Springsattel LASARTE 17,5\u201c: Mit: austauschbaren Kopfeisen (aktuelle Weite der Ortsspitzen 32cm, andere Gr\u00f6\u00dfen sind erh\u00e4ltlich), Latexkissen mit einem langen Klettverschluss auf der Oberseite, um diese mit Wolle auff\u00fcllen und anpassen zu k\u00f6nnen (Wolle erh\u00e4ltlich). Ausserdem kann man die Kissen in der Position \u00e4ndern. Zus\u00e4tzlich: Extra Schulterfreiheit, Vorgurtstrippen mit zwei [&hellip;]<\/p>\n","protected":false},"featured_media":20770,"comment_status":"open","ping_status":"closed","template":"","meta":{"site-sidebar-layout":"default","site-content-layout":"","ast-site-content-layout":"default","site-content-style":"default","site-sidebar-style":"default","ast-global-header-display":"","ast-banner-title-visibility":"","ast-main-header-display":"","ast-hfb-above-header-display":"","ast-hfb-below-header-display":"","ast-hfb-mobile-header-display":"","site-post-title":"","ast-breadcrumbs-content":"","ast-featured-img":"","footer-sml-layout":"","ast-disable-related-posts":"","theme-transparent-header-meta":"","adv-header-id-meta":"","stick-header-meta":"","header-above-stick-meta":"","header-main-stick-meta":"","header-below-stick-meta":"","astra-migrate-meta-layouts":"default","ast-page-background-enabled":"default","ast-page-background-meta":{"desktop":{"background-color":"var(--ast-global-color-4)","background-image":"","background-repeat":"repeat","background-position":"center center","background-size":"auto","background-attachment":"scroll","background-type":"","background-media":"","overlay-type":"","overlay-color":"","overlay-opacity":"","overlay-gradient":""},"tablet":{"background-color":"","background-image":"","background-repeat":"repeat","background-position":"center center","background-size":"auto","background-attachment":"scroll","background-type":"","background-media":"","overlay-type":"","overlay-color":"","overlay-opacity":"","overlay-gradient":""},"mobile":{"background-color":"","background-image":"","background-repeat":"repeat","background-position":"center center","background-size":"auto","background-attachment":"scroll","background-type":"","background-media":"","overlay-type":"","overlay-color":"","overlay-opacity":"","overlay-gradient":""}},"ast-content-background-meta":{"desktop":{"background-color":"var(--ast-global-color-5)","background-image":"","background-repeat":"repeat","background-position":"center center","background-size":"auto","background-attachment":"scroll","background-type":"","background-media":"","overlay-type":"","overlay-color":"","overlay-opacity":"","overlay-gradient":""},"tablet":{"background-color":"var(--ast-global-color-5)","background-image":"","background-repeat":"repeat","background-position":"center center","background-size":"auto","background-attachment":"scroll","background-type":"","background-media":"","overlay-type":"","overlay-color":"","overlay-opacity":"","overlay-gradient":""},"mobile":{"background-color":"var(--ast-global-color-5)","background-image":"","background-repeat":"repeat","background-position":"center center","background-size":"auto","background-attachment":"scroll","background-type":"","background-media":"","overlay-type":"","overlay-color":"","overlay-opacity":"","overlay-gradient":""}},"ngg_post_thumbnail":0},"product_brand":[],"product_cat":[15],"product_tag":[341,424,409,346,415,406,301,343,410,202,391,340,413,416,412,337,338,389,443,339,390],"class_list":{"0":"post-20563","1":"product","2":"type-product","3":"status-publish","4":"has-post-thumbnail","6":"product_cat-sin-categoria","7":"product_tag-bienestarcaballo","8":"product_tag-custom-saddle-veganer-sattel","9":"product_tag-custom-sattel","10":"product_tag-equiscan-zaldi","11":"product_tag-lederfreie-saettel","12":"product_tag-lederfreier-sattel","13":"product_tag-masssattel","14":"product_tag-sattel-guenstig","15":"product_tag-silla-custom","16":"product_tag-sillas","17":"product_tag-springsattel","18":"product_tag-susanne-nagel","19":"product_tag-vegan","20":"product_tag-vegane-saettel","21":"product_tag-verstellbare-saettel","22":"product_tag-zaldi","23":"product_tag-zaldi-deutschland","24":"product_tag-zaldi-masssaettel","25":"product_tag-zaldi-masssattel","26":"product_tag-zaldi-online-com","27":"product_tag-zaldi-springsattel","28":"desktop-align-left","29":"tablet-align-left","30":"mobile-align-left","32":"first","33":"instock","34":"sale","35":"taxable","36":"shipping-taxable","37":"purchasable","38":"product-type-variable"},"yoast_head":"<!-- This site is optimized with the Yoast SEO plugin v27.4 - https:\/\/yoast.com\/product\/yoast-seo-wordpress\/ -->\n<title>ZALDI SPRINGSATTEL LASARTE 17,5 - EINZELST\u00dcCK - Zaldionline.com<\/title>\n<meta name=\"robots\" content=\"noindex, follow, max-snippet:-1, max-image-preview:large, max-video-preview:-1\" \/>\n<meta property=\"og:locale\" content=\"es_ES\" \/>\n<meta property=\"og:type\" content=\"article\" \/>\n<meta property=\"og:title\" content=\"ZALDI SPRINGSATTEL LASARTE 17,5 - EINZELST\u00dcCK - Zaldionline.com\" \/>\n<meta property=\"og:description\" content=\"Spare 600,00\u20ac!!&nbsp;&nbsp;Super Gelegenheit: Verkaufe neuen ZALDI Springsattel LASARTE 17,5\u201c: Mit: austauschbaren Kopfeisen (aktuelle Weite der Ortsspitzen 32cm, andere Gr\u00f6\u00dfen sind erh\u00e4ltlich), Latexkissen mit einem langen Klettverschluss auf der Oberseite, um diese mit Wolle auff\u00fcllen und anpassen zu k\u00f6nnen (Wolle erh\u00e4ltlich). Ausserdem kann man die Kissen in der Position \u00e4ndern. Zus\u00e4tzlich: Extra Schulterfreiheit, Vorgurtstrippen mit zwei [&hellip;]\" \/>\n<meta property=\"og:url\" content=\"https:\/\/www.zaldionline.com\/es\/producto\/zaldi-springsattel-lasarte-175-sonderangebot\/\" \/>\n<meta property=\"og:site_name\" content=\"Zaldionline.com\" \/>\n<meta property=\"article:modified_time\" content=\"2023-02-10T11:32:54+00:00\" \/>\n<meta property=\"og:image\" content=\"https:\/\/www.zaldionline.com\/es\/wp-content\/uploads\/sites\/2\/2022\/11\/ZALDI-Springsattel-Lasarte-von-ZALDIONLINE-6-1-scaled.jpg\" \/>\n\t<meta property=\"og:image:width\" content=\"1440\" \/>\n\t<meta property=\"og:image:height\" content=\"2560\" \/>\n\t<meta property=\"og:image:type\" content=\"image\/jpeg\" \/>\n<meta name=\"twitter:card\" content=\"summary_large_image\" \/>\n<meta name=\"twitter:label1\" content=\"Tiempo de lectura\" \/>\n\t<meta name=\"twitter:data1\" content=\"1 minuto\" \/>\n<script type=\"application\/ld+json\" class=\"yoast-schema-graph\">{\"@context\":\"https:\\\/\\\/schema.org\",\"@graph\":[{\"@type\":\"WebPage\",\"@id\":\"https:\\\/\\\/www.zaldionline.com\\\/es\\\/producto\\\/zaldi-springsattel-lasarte-175-sonderangebot\\\/\",\"url\":\"https:\\\/\\\/www.zaldionline.com\\\/es\\\/producto\\\/zaldi-springsattel-lasarte-175-sonderangebot\\\/\",\"name\":\"ZALDI SPRINGSATTEL LASARTE 17,5 - EINZELST\u00dcCK - Zaldionline.com\",\"isPartOf\":{\"@id\":\"https:\\\/\\\/www.zaldionline.com\\\/es\\\/#website\"},\"primaryImageOfPage\":{\"@id\":\"https:\\\/\\\/www.zaldionline.com\\\/es\\\/producto\\\/zaldi-springsattel-lasarte-175-sonderangebot\\\/#primaryimage\"},\"image\":{\"@id\":\"https:\\\/\\\/www.zaldionline.com\\\/es\\\/producto\\\/zaldi-springsattel-lasarte-175-sonderangebot\\\/#primaryimage\"},\"thumbnailUrl\":\"https:\\\/\\\/www.zaldionline.com\\\/es\\\/wp-content\\\/uploads\\\/sites\\\/2\\\/2022\\\/11\\\/ZALDI-Springsattel-Lasarte-von-ZALDIONLINE-6-1-scaled.jpg\",\"datePublished\":\"2022-11-15T10:12:15+00:00\",\"dateModified\":\"2023-02-10T11:32:54+00:00\",\"breadcrumb\":{\"@id\":\"https:\\\/\\\/www.zaldionline.com\\\/es\\\/producto\\\/zaldi-springsattel-lasarte-175-sonderangebot\\\/#breadcrumb\"},\"inLanguage\":\"es\",\"potentialAction\":[{\"@type\":\"ReadAction\",\"target\":[\"https:\\\/\\\/www.zaldionline.com\\\/es\\\/producto\\\/zaldi-springsattel-lasarte-175-sonderangebot\\\/\"]}]},{\"@type\":\"ImageObject\",\"inLanguage\":\"es\",\"@id\":\"https:\\\/\\\/www.zaldionline.com\\\/es\\\/producto\\\/zaldi-springsattel-lasarte-175-sonderangebot\\\/#primaryimage\",\"url\":\"https:\\\/\\\/www.zaldionline.com\\\/es\\\/wp-content\\\/uploads\\\/sites\\\/2\\\/2022\\\/11\\\/ZALDI-Springsattel-Lasarte-von-ZALDIONLINE-6-1-scaled.jpg\",\"contentUrl\":\"https:\\\/\\\/www.zaldionline.com\\\/es\\\/wp-content\\\/uploads\\\/sites\\\/2\\\/2022\\\/11\\\/ZALDI-Springsattel-Lasarte-von-ZALDIONLINE-6-1-scaled.jpg\",\"width\":1440,\"height\":2560},{\"@type\":\"BreadcrumbList\",\"@id\":\"https:\\\/\\\/www.zaldionline.com\\\/es\\\/producto\\\/zaldi-springsattel-lasarte-175-sonderangebot\\\/#breadcrumb\",\"itemListElement\":[{\"@type\":\"ListItem\",\"position\":1,\"name\":\"Portada\",\"item\":\"https:\\\/\\\/www.zaldionline.com\\\/es\\\/\"},{\"@type\":\"ListItem\",\"position\":2,\"name\":\"Sillas y accesorios\",\"item\":\"https:\\\/\\\/www.zaldionline.com\\\/es\\\/sillas-y-accesorios\\\/\"},{\"@type\":\"ListItem\",\"position\":3,\"name\":\"ZALDI SPRINGSATTEL LASARTE 17,5 &#8211; EINZELST\u00dcCK &#8211;\"}]},{\"@type\":\"WebSite\",\"@id\":\"https:\\\/\\\/www.zaldionline.com\\\/es\\\/#website\",\"url\":\"https:\\\/\\\/www.zaldionline.com\\\/es\\\/\",\"name\":\"Zaldionline.com\",\"description\":\"Los mejores productos para usted y su caballo\",\"potentialAction\":[{\"@type\":\"SearchAction\",\"target\":{\"@type\":\"EntryPoint\",\"urlTemplate\":\"https:\\\/\\\/www.zaldionline.com\\\/es\\\/?s={search_term_string}\"},\"query-input\":{\"@type\":\"PropertyValueSpecification\",\"valueRequired\":true,\"valueName\":\"search_term_string\"}}],\"inLanguage\":\"es\"}]}<\/script>\n<!-- \/ Yoast SEO plugin. -->","yoast_head_json":{"title":"ZALDI SPRINGSATTEL LASARTE 17,5 - EINZELST\u00dcCK - Zaldionline.com","robots":{"index":"noindex","follow":"follow","max-snippet":"max-snippet:-1","max-image-preview":"max-image-preview:large","max-video-preview":"max-video-preview:-1"},"og_locale":"es_ES","og_type":"article","og_title":"ZALDI SPRINGSATTEL LASARTE 17,5 - EINZELST\u00dcCK - Zaldionline.com","og_description":"Spare 600,00\u20ac!!&nbsp;&nbsp;Super Gelegenheit: Verkaufe neuen ZALDI Springsattel LASARTE 17,5\u201c: Mit: austauschbaren Kopfeisen (aktuelle Weite der Ortsspitzen 32cm, andere Gr\u00f6\u00dfen sind erh\u00e4ltlich), Latexkissen mit einem langen Klettverschluss auf der Oberseite, um diese mit Wolle auff\u00fcllen und anpassen zu k\u00f6nnen (Wolle erh\u00e4ltlich). Ausserdem kann man die Kissen in der Position \u00e4ndern. Zus\u00e4tzlich: Extra Schulterfreiheit, Vorgurtstrippen mit zwei [&hellip;]","og_url":"https:\/\/www.zaldionline.com\/es\/producto\/zaldi-springsattel-lasarte-175-sonderangebot\/","og_site_name":"Zaldionline.com","article_modified_time":"2023-02-10T11:32:54+00:00","og_image":[{"width":1440,"height":2560,"url":"https:\/\/www.zaldionline.com\/es\/wp-content\/uploads\/sites\/2\/2022\/11\/ZALDI-Springsattel-Lasarte-von-ZALDIONLINE-6-1-scaled.jpg","type":"image\/jpeg"}],"twitter_card":"summary_large_image","twitter_misc":{"Tiempo de lectura":"1 minuto"},"schema":{"@context":"https:\/\/schema.org","@graph":[{"@type":"WebPage","@id":"https:\/\/www.zaldionline.com\/es\/producto\/zaldi-springsattel-lasarte-175-sonderangebot\/","url":"https:\/\/www.zaldionline.com\/es\/producto\/zaldi-springsattel-lasarte-175-sonderangebot\/","name":"ZALDI SPRINGSATTEL LASARTE 17,5 - EINZELST\u00dcCK - Zaldionline.com","isPartOf":{"@id":"https:\/\/www.zaldionline.com\/es\/#website"},"primaryImageOfPage":{"@id":"https:\/\/www.zaldionline.com\/es\/producto\/zaldi-springsattel-lasarte-175-sonderangebot\/#primaryimage"},"image":{"@id":"https:\/\/www.zaldionline.com\/es\/producto\/zaldi-springsattel-lasarte-175-sonderangebot\/#primaryimage"},"thumbnailUrl":"https:\/\/www.zaldionline.com\/es\/wp-content\/uploads\/sites\/2\/2022\/11\/ZALDI-Springsattel-Lasarte-von-ZALDIONLINE-6-1-scaled.jpg","datePublished":"2022-11-15T10:12:15+00:00","dateModified":"2023-02-10T11:32:54+00:00","breadcrumb":{"@id":"https:\/\/www.zaldionline.com\/es\/producto\/zaldi-springsattel-lasarte-175-sonderangebot\/#breadcrumb"},"inLanguage":"es","potentialAction":[{"@type":"ReadAction","target":["https:\/\/www.zaldionline.com\/es\/producto\/zaldi-springsattel-lasarte-175-sonderangebot\/"]}]},{"@type":"ImageObject","inLanguage":"es","@id":"https:\/\/www.zaldionline.com\/es\/producto\/zaldi-springsattel-lasarte-175-sonderangebot\/#primaryimage","url":"https:\/\/www.zaldionline.com\/es\/wp-content\/uploads\/sites\/2\/2022\/11\/ZALDI-Springsattel-Lasarte-von-ZALDIONLINE-6-1-scaled.jpg","contentUrl":"https:\/\/www.zaldionline.com\/es\/wp-content\/uploads\/sites\/2\/2022\/11\/ZALDI-Springsattel-Lasarte-von-ZALDIONLINE-6-1-scaled.jpg","width":1440,"height":2560},{"@type":"BreadcrumbList","@id":"https:\/\/www.zaldionline.com\/es\/producto\/zaldi-springsattel-lasarte-175-sonderangebot\/#breadcrumb","itemListElement":[{"@type":"ListItem","position":1,"name":"Portada","item":"https:\/\/www.zaldionline.com\/es\/"},{"@type":"ListItem","position":2,"name":"Sillas y accesorios","item":"https:\/\/www.zaldionline.com\/es\/sillas-y-accesorios\/"},{"@type":"ListItem","position":3,"name":"ZALDI SPRINGSATTEL LASARTE 17,5 &#8211; EINZELST\u00dcCK &#8211;"}]},{"@type":"WebSite","@id":"https:\/\/www.zaldionline.com\/es\/#website","url":"https:\/\/www.zaldionline.com\/es\/","name":"Zaldionline.com","description":"Los mejores productos para usted y su caballo","potentialAction":[{"@type":"SearchAction","target":{"@type":"EntryPoint","urlTemplate":"https:\/\/www.zaldionline.com\/es\/?s={search_term_string}"},"query-input":{"@type":"PropertyValueSpecification","valueRequired":true,"valueName":"search_term_string"}}],"inLanguage":"es"}]}},"_links":{"self":[{"href":"https:\/\/www.zaldionline.com\/es\/wp-json\/wp\/v2\/product\/20563","targetHints":{"allow":["GET"]}}],"collection":[{"href":"https:\/\/www.zaldionline.com\/es\/wp-json\/wp\/v2\/product"}],"about":[{"href":"https:\/\/www.zaldionline.com\/es\/wp-json\/wp\/v2\/types\/product"}],"replies":[{"embeddable":true,"href":"https:\/\/www.zaldionline.com\/es\/wp-json\/wp\/v2\/comments?post=20563"}],"version-history":[{"count":0,"href":"https:\/\/www.zaldionline.com\/es\/wp-json\/wp\/v2\/product\/20563\/revisions"}],"wp:featuredmedia":[{"embeddable":true,"href":"https:\/\/www.zaldionline.com\/es\/wp-json\/wp\/v2\/media\/20770"}],"wp:attachment":[{"href":"https:\/\/www.zaldionline.com\/es\/wp-json\/wp\/v2\/media?parent=20563"}],"wp:term":[{"taxonomy":"product_brand","embeddable":true,"href":"https:\/\/www.zaldionline.com\/es\/wp-json\/wp\/v2\/product_brand?post=20563"},{"taxonomy":"product_cat","embeddable":true,"href":"https:\/\/www.zaldionline.com\/es\/wp-json\/wp\/v2\/product_cat?post=20563"},{"taxonomy":"product_tag","embeddable":true,"href":"https:\/\/www.zaldionline.com\/es\/wp-json\/wp\/v2\/product_tag?post=20563"}],"curies":[{"name":"wp","href":"https:\/\/api.w.org\/{rel}","templated":true}]}}