{"id":20751,"date":"2023-01-04T12:02:50","date_gmt":"2023-01-04T12:02:50","guid":{"rendered":"https:\/\/www.zaldionline.com\/?post_type=product&#038;p=20751"},"modified":"2023-04-07T15:07:56","modified_gmt":"2023-04-07T15:07:56","slug":"zaldi-extra-gamaschen-aus-schaffell-kopie","status":"publish","type":"product","link":"https:\/\/www.zaldionline.com\/es\/producto\/zaldi-extra-gamaschen-aus-schaffell-kopie\/","title":{"rendered":"ZALDI EXTRA GAMASCHEN AUS SCHAFFELL"},"content":{"rendered":"\t\t<div data-elementor-type=\"wp-post\" data-elementor-id=\"20751\" class=\"elementor elementor-20751\">\n\t\t\t\t\t\t<section class=\"elementor-section elementor-top-section elementor-element elementor-element-1d21e386 elementor-section-boxed elementor-section-height-default elementor-section-height-default\" data-id=\"1d21e386\" data-element_type=\"section\" data-e-type=\"section\">\n\t\t\t\t\t\t<div class=\"elementor-container elementor-column-gap-default\">\n\t\t\t\t\t<div class=\"elementor-column elementor-col-100 elementor-top-column elementor-element elementor-element-72b040b8\" data-id=\"72b040b8\" data-element_type=\"column\" data-e-type=\"column\">\n\t\t\t<div class=\"elementor-widget-wrap elementor-element-populated\">\n\t\t\t\t\t\t<div class=\"elementor-element elementor-element-7f3cfaa4 elementor-widget elementor-widget-text-editor\" data-id=\"7f3cfaa4\" data-element_type=\"widget\" data-e-type=\"widget\" data-widget_type=\"text-editor.default\">\n\t\t\t\t<div class=\"elementor-widget-container\">\n\t\t\t\t\t\t\t\t\t<p><span class=\"jCAhz ChMk0b\"><span class=\"ryNqvb\">Preis inkl. MwSt.: 103,91\u20ac<\/span><\/span><\/p><p><span class=\"jCAhz ChMk0b\"><span class=\"ryNqvb\"><em>Zaldi<\/em>-Extra-Lederprotektor hinten mit hochwertigem synthetischem Lammfell.<\/span><\/span><\/p><p><span class=\"jCAhz ChMk0b\"><span class=\"ryNqvb\">Die Bewegungen wird nicht eingeschr\u00e4nkt<\/span><\/span>\u00a0<\/p><p><span class=\"jCAhz ChMk0b\"><span class=\"ryNqvb\">Dank des Schaffells beugen Sie Verletzungen vor, indem Sie die Temperatur der Sehne aufrechterhalten und Scheuern vermeiden.<\/span><\/span><\/p><p><span class=\"jCAhz ChMk0b\"><span class=\"ryNqvb\">Denken Sie daran, dass es zur Sicherheit Ihres Pferdes ist. Vorbeugen ist besser als Heilen.<\/span><\/span><\/p><p><span class=\"jCAhz ChMk0b\"><span class=\"ryNqvb\">Wird paarweise verkauft.<\/span><\/span><\/p><p><span class=\"jCAhz ChMk0b\"><span class=\"ryNqvb\">Farben: Wei\u00df, Schwarz, Havanna,<\/span><\/span> <span class=\"jCAhz ChMk0b\"><span class=\"ryNqvb\">Braun, Hellbraun<\/span><\/span><\/p><p><span class=\"jCAhz ChMk0b\"><span class=\"ryNqvb\">* Gr\u00f6\u00dfe M: 26 cm<\/span><\/span>\u00a0<span class=\"jCAhz ChMk0b\"><span class=\"ryNqvb\">breit und <\/span><\/span><span class=\"jCAhz ChMk0b\"><span class=\"ryNqvb\">30 cm <\/span><\/span>h<span class=\"jCAhz ChMk0b\"><span class=\"ryNqvb\">och<\/span><\/span><\/p><p><span class=\"jCAhz ChMk0b\"><span class=\"ryNqvb\">* Gr\u00f6\u00dfe L: 28 cm<\/span><\/span>\u00a0<span class=\"jCAhz ChMk0b\"><span class=\"ryNqvb\">breit und 30 cm <\/span><\/span>h<span class=\"jCAhz ChMk0b\"><span class=\"ryNqvb\">och<\/span><\/span><\/p><p><span class=\"jCAhz ChMk0b\"><span class=\"ryNqvb\">* XL-Gr\u00f6\u00dfe: 30 cm<\/span><\/span>\u00a0<span class=\"jCAhz ChMk0b\"><span class=\"ryNqvb\">breit <\/span><\/span><span class=\"jCAhz ChMk0b\"><span class=\"ryNqvb\">und 30cm <\/span><\/span>h<span class=\"jCAhz ChMk0b\"><span class=\"ryNqvb\">och<\/span><\/span><\/p><p><span class=\"jCAhz ChMk0b\"><span class=\"ryNqvb\">Hergestellt bei ZALDI<\/span><\/span><\/p><p>Ref.: 21077244<\/p><p>Die Gamaschen k\u00f6nnen mit Zaldi Extra Sheepskin Front Protector (Art.-Nr. 21077243) und mit der Zaldi Extra Sheepskin Hood (Art.-Nr. 2102139) kombiniert werden.<\/p><p><strong>Wenn Du hier nicht gefunden hast wonach Du suchst,<\/strong><\/p><p>schau bitte auf der\u00a0<a href=\"https:\/\/zaldionline.com\/en\/104-bell-boots-bandages-leg-boots\">https:\/\/zaldionline.com\/en\/104-bell-boots-bandages-leg-boots<\/a> Seite.<\/p><p>Dort sind noch weitere Artikel aufgef\u00fchrt.<\/p><p>Suche die entsprechende Referenznummer und Beschreibung heraus und<\/p><p>sende uns Deinen gesamten Auftrag per E-Mail zu.<\/p>\t\t\t\t\t\t\t\t<\/div>\n\t\t\t\t<\/div>\n\t\t\t\t\t<\/div>\n\t\t<\/div>\n\t\t\t\t\t<\/div>\n\t\t<\/section>\n\t\t\t\t<\/div>\n\t\t","protected":false},"excerpt":{"rendered":"<p>Preis inkl. MwSt.: 103,91\u20ac Zaldi-Extra-Lederprotektor hinten mit hochwertigem synthetischem Lammfell. Die Bewegungen wird nicht eingeschr\u00e4nkt&nbsp; Dank des Schaffells beugen Sie Verletzungen vor, indem Sie die Temperatur der Sehne aufrechterhalten und Scheuern vermeiden. Denken Sie daran, dass es zur Sicherheit Ihres Pferdes ist. Vorbeugen ist besser als Heilen. Wird paarweise verkauft. Farben: Wei\u00df, Schwarz, Havanna, Braun, [&hellip;]<\/p>\n","protected":false},"featured_media":20647,"comment_status":"open","ping_status":"closed","template":"","meta":{"site-sidebar-layout":"default","site-content-layout":"default","ast-site-content-layout":"default","site-content-style":"default","site-sidebar-style":"default","ast-global-header-display":"","ast-banner-title-visibility":"","ast-main-header-display":"","ast-hfb-above-header-display":"","ast-hfb-below-header-display":"","ast-hfb-mobile-header-display":"","site-post-title":"","ast-breadcrumbs-content":"","ast-featured-img":"","footer-sml-layout":"","ast-disable-related-posts":"","theme-transparent-header-meta":"default","adv-header-id-meta":"","stick-header-meta":"","header-above-stick-meta":"","header-main-stick-meta":"","header-below-stick-meta":"","astra-migrate-meta-layouts":"default","ast-page-background-enabled":"default","ast-page-background-meta":{"desktop":{"background-color":"var(--ast-global-color-4)","background-image":"","background-repeat":"repeat","background-position":"center center","background-size":"auto","background-attachment":"scroll","background-type":"","background-media":"","overlay-type":"","overlay-color":"","overlay-opacity":"","overlay-gradient":""},"tablet":{"background-color":"","background-image":"","background-repeat":"repeat","background-position":"center center","background-size":"auto","background-attachment":"scroll","background-type":"","background-media":"","overlay-type":"","overlay-color":"","overlay-opacity":"","overlay-gradient":""},"mobile":{"background-color":"","background-image":"","background-repeat":"repeat","background-position":"center center","background-size":"auto","background-attachment":"scroll","background-type":"","background-media":"","overlay-type":"","overlay-color":"","overlay-opacity":"","overlay-gradient":""}},"ast-content-background-meta":{"desktop":{"background-color":"var(--ast-global-color-5)","background-image":"","background-repeat":"repeat","background-position":"center center","background-size":"auto","background-attachment":"scroll","background-type":"","background-media":"","overlay-type":"","overlay-color":"","overlay-opacity":"","overlay-gradient":""},"tablet":{"background-color":"var(--ast-global-color-5)","background-image":"","background-repeat":"repeat","background-position":"center center","background-size":"auto","background-attachment":"scroll","background-type":"","background-media":"","overlay-type":"","overlay-color":"","overlay-opacity":"","overlay-gradient":""},"mobile":{"background-color":"var(--ast-global-color-5)","background-image":"","background-repeat":"repeat","background-position":"center center","background-size":"auto","background-attachment":"scroll","background-type":"","background-media":"","overlay-type":"","overlay-color":"","overlay-opacity":"","overlay-gradient":""}},"ngg_post_thumbnail":0},"product_brand":[],"product_cat":[18,58],"product_tag":[612,341,608,611,613,610,609,343,202,340,337,338,339],"class_list":{"0":"post-20751","1":"product","2":"type-product","3":"status-publish","4":"has-post-thumbnail","6":"product_cat-accesorios","7":"product_cat-campanas-protectores-vendas","8":"product_tag-bandagen","9":"product_tag-bienestarcaballo","10":"product_tag-gamaschen","11":"product_tag-hufglocken","12":"product_tag-lammfell","13":"product_tag-protector","14":"product_tag-protektor","15":"product_tag-sattel-guenstig","16":"product_tag-sillas","17":"product_tag-susanne-nagel","18":"product_tag-zaldi","19":"product_tag-zaldi-deutschland","20":"product_tag-zaldi-online-com","21":"desktop-align-left","22":"tablet-align-left","23":"mobile-align-left","25":"first","26":"instock","27":"taxable","28":"shipping-taxable","29":"purchasable","30":"product-type-variable"},"yoast_head":"<!-- This site is optimized with the Yoast SEO plugin v27.3 - https:\/\/yoast.com\/product\/yoast-seo-wordpress\/ -->\n<title>ZALDI EXTRA GAMASCHEN AUS SCHAFFELL - Zaldionline.com<\/title>\n<meta name=\"description\" content=\"Zaldi-Extra-Lederprotektor hinten mit hochwertigem synthetischem Lammfell. Die Bewegungen wird nicht eingeschr\u00e4nkt\u00a0Dank des Schaffells beugen Sie Verletzungen vor, indem Sie die Temperatur der Sehne aufrechterhalten und Scheuern vermeiden. Denken Sie daran, dass es zur Sicherheit Ihres Pferdes ist. Vorbeugen ist besser als Heilen. Wird paarweise verkauft. Farben: Wei\u00df, Schwarz, Havanna, Braun, Hellbraun* Gr\u00f6\u00dfe M: 26 cm\u00a0breit und 30 cm hoch* Gr\u00f6\u00dfe L: 28 cm\u00a0breit und 30 cm hoch* XL-Gr\u00f6\u00dfe: 30 cm\u00a0breit und 30cm hoch: Erh\u00e4ltlich \u00fcber Zaldionline.com - Ref.: 21077244\" \/>\n<meta name=\"robots\" content=\"noindex, follow, max-snippet:-1, max-image-preview:large, max-video-preview:-1\" \/>\n<meta property=\"og:locale\" content=\"es_ES\" \/>\n<meta property=\"og:type\" content=\"article\" \/>\n<meta property=\"og:title\" content=\"ZALDI EXTRA GAMASCHEN AUS SCHAFFELL - Zaldionline.com\" \/>\n<meta property=\"og:description\" content=\"Zaldi-Extra-Lederprotektor hinten mit hochwertigem synthetischem Lammfell. Die Bewegungen wird nicht eingeschr\u00e4nkt\u00a0Dank des Schaffells beugen Sie Verletzungen vor, indem Sie die Temperatur der Sehne aufrechterhalten und Scheuern vermeiden. Denken Sie daran, dass es zur Sicherheit Ihres Pferdes ist. Vorbeugen ist besser als Heilen. Wird paarweise verkauft. Farben: Wei\u00df, Schwarz, Havanna, Braun, Hellbraun* Gr\u00f6\u00dfe M: 26 cm\u00a0breit und 30 cm hoch* Gr\u00f6\u00dfe L: 28 cm\u00a0breit und 30 cm hoch* XL-Gr\u00f6\u00dfe: 30 cm\u00a0breit und 30cm hoch: Erh\u00e4ltlich \u00fcber Zaldionline.com - Ref.: 21077244\" \/>\n<meta property=\"og:url\" content=\"https:\/\/www.zaldionline.com\/es\/producto\/zaldi-extra-gamaschen-aus-schaffell-kopie\/\" \/>\n<meta property=\"og:site_name\" content=\"Zaldionline.com\" \/>\n<meta property=\"article:modified_time\" content=\"2023-04-07T15:07:56+00:00\" \/>\n<meta property=\"og:image\" content=\"https:\/\/www.zaldionline.com\/es\/wp-content\/uploads\/sites\/2\/2022\/11\/Bild_2022-11-24_164947176.png\" \/>\n\t<meta property=\"og:image:width\" content=\"520\" \/>\n\t<meta property=\"og:image:height\" content=\"506\" \/>\n\t<meta property=\"og:image:type\" content=\"image\/png\" \/>\n<meta name=\"twitter:card\" content=\"summary_large_image\" \/>\n<meta name=\"twitter:label1\" content=\"Tiempo de lectura\" \/>\n\t<meta name=\"twitter:data1\" content=\"1 minuto\" \/>\n<script type=\"application\/ld+json\" class=\"yoast-schema-graph\">{\"@context\":\"https:\\\/\\\/schema.org\",\"@graph\":[{\"@type\":\"WebPage\",\"@id\":\"https:\\\/\\\/www.zaldionline.com\\\/es\\\/producto\\\/zaldi-extra-gamaschen-aus-schaffell-kopie\\\/\",\"url\":\"https:\\\/\\\/www.zaldionline.com\\\/es\\\/producto\\\/zaldi-extra-gamaschen-aus-schaffell-kopie\\\/\",\"name\":\"ZALDI EXTRA GAMASCHEN AUS SCHAFFELL - Zaldionline.com\",\"isPartOf\":{\"@id\":\"https:\\\/\\\/www.zaldionline.com\\\/es\\\/#website\"},\"primaryImageOfPage\":{\"@id\":\"https:\\\/\\\/www.zaldionline.com\\\/es\\\/producto\\\/zaldi-extra-gamaschen-aus-schaffell-kopie\\\/#primaryimage\"},\"image\":{\"@id\":\"https:\\\/\\\/www.zaldionline.com\\\/es\\\/producto\\\/zaldi-extra-gamaschen-aus-schaffell-kopie\\\/#primaryimage\"},\"thumbnailUrl\":\"https:\\\/\\\/www.zaldionline.com\\\/es\\\/wp-content\\\/uploads\\\/sites\\\/2\\\/2022\\\/11\\\/Bild_2022-11-24_164947176.png\",\"datePublished\":\"2023-01-04T12:02:50+00:00\",\"dateModified\":\"2023-04-07T15:07:56+00:00\",\"description\":\"Zaldi-Extra-Lederprotektor hinten mit hochwertigem synthetischem Lammfell. Die Bewegungen wird nicht eingeschr\u00e4nkt\u00a0Dank des Schaffells beugen Sie Verletzungen vor, indem Sie die Temperatur der Sehne aufrechterhalten und Scheuern vermeiden. Denken Sie daran, dass es zur Sicherheit Ihres Pferdes ist. Vorbeugen ist besser als Heilen. Wird paarweise verkauft. Farben: Wei\u00df, Schwarz, Havanna, Braun, Hellbraun* Gr\u00f6\u00dfe M: 26 cm\u00a0breit und 30 cm hoch* Gr\u00f6\u00dfe L: 28 cm\u00a0breit und 30 cm hoch* XL-Gr\u00f6\u00dfe: 30 cm\u00a0breit und 30cm hoch: Erh\u00e4ltlich \u00fcber Zaldionline.com - Ref.: 21077244\",\"breadcrumb\":{\"@id\":\"https:\\\/\\\/www.zaldionline.com\\\/es\\\/producto\\\/zaldi-extra-gamaschen-aus-schaffell-kopie\\\/#breadcrumb\"},\"inLanguage\":\"es\",\"potentialAction\":[{\"@type\":\"ReadAction\",\"target\":[\"https:\\\/\\\/www.zaldionline.com\\\/es\\\/producto\\\/zaldi-extra-gamaschen-aus-schaffell-kopie\\\/\"]}]},{\"@type\":\"ImageObject\",\"inLanguage\":\"es\",\"@id\":\"https:\\\/\\\/www.zaldionline.com\\\/es\\\/producto\\\/zaldi-extra-gamaschen-aus-schaffell-kopie\\\/#primaryimage\",\"url\":\"https:\\\/\\\/www.zaldionline.com\\\/es\\\/wp-content\\\/uploads\\\/sites\\\/2\\\/2022\\\/11\\\/Bild_2022-11-24_164947176.png\",\"contentUrl\":\"https:\\\/\\\/www.zaldionline.com\\\/es\\\/wp-content\\\/uploads\\\/sites\\\/2\\\/2022\\\/11\\\/Bild_2022-11-24_164947176.png\",\"width\":520,\"height\":506},{\"@type\":\"BreadcrumbList\",\"@id\":\"https:\\\/\\\/www.zaldionline.com\\\/es\\\/producto\\\/zaldi-extra-gamaschen-aus-schaffell-kopie\\\/#breadcrumb\",\"itemListElement\":[{\"@type\":\"ListItem\",\"position\":1,\"name\":\"Portada\",\"item\":\"https:\\\/\\\/www.zaldionline.com\\\/es\\\/\"},{\"@type\":\"ListItem\",\"position\":2,\"name\":\"Sillas y accesorios\",\"item\":\"https:\\\/\\\/www.zaldionline.com\\\/es\\\/sillas-y-accesorios\\\/\"},{\"@type\":\"ListItem\",\"position\":3,\"name\":\"ZALDI EXTRA GAMASCHEN AUS SCHAFFELL\"}]},{\"@type\":\"WebSite\",\"@id\":\"https:\\\/\\\/www.zaldionline.com\\\/es\\\/#website\",\"url\":\"https:\\\/\\\/www.zaldionline.com\\\/es\\\/\",\"name\":\"Zaldionline.com\",\"description\":\"Los mejores productos para usted y su caballo\",\"potentialAction\":[{\"@type\":\"SearchAction\",\"target\":{\"@type\":\"EntryPoint\",\"urlTemplate\":\"https:\\\/\\\/www.zaldionline.com\\\/es\\\/?s={search_term_string}\"},\"query-input\":{\"@type\":\"PropertyValueSpecification\",\"valueRequired\":true,\"valueName\":\"search_term_string\"}}],\"inLanguage\":\"es\"}]}<\/script>\n<!-- \/ Yoast SEO plugin. -->","yoast_head_json":{"title":"ZALDI EXTRA GAMASCHEN AUS SCHAFFELL - Zaldionline.com","description":"Zaldi-Extra-Lederprotektor hinten mit hochwertigem synthetischem Lammfell. Die Bewegungen wird nicht eingeschr\u00e4nkt\u00a0Dank des Schaffells beugen Sie Verletzungen vor, indem Sie die Temperatur der Sehne aufrechterhalten und Scheuern vermeiden. Denken Sie daran, dass es zur Sicherheit Ihres Pferdes ist. Vorbeugen ist besser als Heilen. Wird paarweise verkauft. Farben: Wei\u00df, Schwarz, Havanna, Braun, Hellbraun* Gr\u00f6\u00dfe M: 26 cm\u00a0breit und 30 cm hoch* Gr\u00f6\u00dfe L: 28 cm\u00a0breit und 30 cm hoch* XL-Gr\u00f6\u00dfe: 30 cm\u00a0breit und 30cm hoch: Erh\u00e4ltlich \u00fcber Zaldionline.com - Ref.: 21077244","robots":{"index":"noindex","follow":"follow","max-snippet":"max-snippet:-1","max-image-preview":"max-image-preview:large","max-video-preview":"max-video-preview:-1"},"og_locale":"es_ES","og_type":"article","og_title":"ZALDI EXTRA GAMASCHEN AUS SCHAFFELL - Zaldionline.com","og_description":"Zaldi-Extra-Lederprotektor hinten mit hochwertigem synthetischem Lammfell. Die Bewegungen wird nicht eingeschr\u00e4nkt\u00a0Dank des Schaffells beugen Sie Verletzungen vor, indem Sie die Temperatur der Sehne aufrechterhalten und Scheuern vermeiden. Denken Sie daran, dass es zur Sicherheit Ihres Pferdes ist. Vorbeugen ist besser als Heilen. Wird paarweise verkauft. Farben: Wei\u00df, Schwarz, Havanna, Braun, Hellbraun* Gr\u00f6\u00dfe M: 26 cm\u00a0breit und 30 cm hoch* Gr\u00f6\u00dfe L: 28 cm\u00a0breit und 30 cm hoch* XL-Gr\u00f6\u00dfe: 30 cm\u00a0breit und 30cm hoch: Erh\u00e4ltlich \u00fcber Zaldionline.com - Ref.: 21077244","og_url":"https:\/\/www.zaldionline.com\/es\/producto\/zaldi-extra-gamaschen-aus-schaffell-kopie\/","og_site_name":"Zaldionline.com","article_modified_time":"2023-04-07T15:07:56+00:00","og_image":[{"width":520,"height":506,"url":"https:\/\/www.zaldionline.com\/es\/wp-content\/uploads\/sites\/2\/2022\/11\/Bild_2022-11-24_164947176.png","type":"image\/png"}],"twitter_card":"summary_large_image","twitter_misc":{"Tiempo de lectura":"1 minuto"},"schema":{"@context":"https:\/\/schema.org","@graph":[{"@type":"WebPage","@id":"https:\/\/www.zaldionline.com\/es\/producto\/zaldi-extra-gamaschen-aus-schaffell-kopie\/","url":"https:\/\/www.zaldionline.com\/es\/producto\/zaldi-extra-gamaschen-aus-schaffell-kopie\/","name":"ZALDI EXTRA GAMASCHEN AUS SCHAFFELL - Zaldionline.com","isPartOf":{"@id":"https:\/\/www.zaldionline.com\/es\/#website"},"primaryImageOfPage":{"@id":"https:\/\/www.zaldionline.com\/es\/producto\/zaldi-extra-gamaschen-aus-schaffell-kopie\/#primaryimage"},"image":{"@id":"https:\/\/www.zaldionline.com\/es\/producto\/zaldi-extra-gamaschen-aus-schaffell-kopie\/#primaryimage"},"thumbnailUrl":"https:\/\/www.zaldionline.com\/es\/wp-content\/uploads\/sites\/2\/2022\/11\/Bild_2022-11-24_164947176.png","datePublished":"2023-01-04T12:02:50+00:00","dateModified":"2023-04-07T15:07:56+00:00","description":"Zaldi-Extra-Lederprotektor hinten mit hochwertigem synthetischem Lammfell. Die Bewegungen wird nicht eingeschr\u00e4nkt\u00a0Dank des Schaffells beugen Sie Verletzungen vor, indem Sie die Temperatur der Sehne aufrechterhalten und Scheuern vermeiden. Denken Sie daran, dass es zur Sicherheit Ihres Pferdes ist. Vorbeugen ist besser als Heilen. Wird paarweise verkauft. Farben: Wei\u00df, Schwarz, Havanna, Braun, Hellbraun* Gr\u00f6\u00dfe M: 26 cm\u00a0breit und 30 cm hoch* Gr\u00f6\u00dfe L: 28 cm\u00a0breit und 30 cm hoch* XL-Gr\u00f6\u00dfe: 30 cm\u00a0breit und 30cm hoch: Erh\u00e4ltlich \u00fcber Zaldionline.com - Ref.: 21077244","breadcrumb":{"@id":"https:\/\/www.zaldionline.com\/es\/producto\/zaldi-extra-gamaschen-aus-schaffell-kopie\/#breadcrumb"},"inLanguage":"es","potentialAction":[{"@type":"ReadAction","target":["https:\/\/www.zaldionline.com\/es\/producto\/zaldi-extra-gamaschen-aus-schaffell-kopie\/"]}]},{"@type":"ImageObject","inLanguage":"es","@id":"https:\/\/www.zaldionline.com\/es\/producto\/zaldi-extra-gamaschen-aus-schaffell-kopie\/#primaryimage","url":"https:\/\/www.zaldionline.com\/es\/wp-content\/uploads\/sites\/2\/2022\/11\/Bild_2022-11-24_164947176.png","contentUrl":"https:\/\/www.zaldionline.com\/es\/wp-content\/uploads\/sites\/2\/2022\/11\/Bild_2022-11-24_164947176.png","width":520,"height":506},{"@type":"BreadcrumbList","@id":"https:\/\/www.zaldionline.com\/es\/producto\/zaldi-extra-gamaschen-aus-schaffell-kopie\/#breadcrumb","itemListElement":[{"@type":"ListItem","position":1,"name":"Portada","item":"https:\/\/www.zaldionline.com\/es\/"},{"@type":"ListItem","position":2,"name":"Sillas y accesorios","item":"https:\/\/www.zaldionline.com\/es\/sillas-y-accesorios\/"},{"@type":"ListItem","position":3,"name":"ZALDI EXTRA GAMASCHEN AUS SCHAFFELL"}]},{"@type":"WebSite","@id":"https:\/\/www.zaldionline.com\/es\/#website","url":"https:\/\/www.zaldionline.com\/es\/","name":"Zaldionline.com","description":"Los mejores productos para usted y su caballo","potentialAction":[{"@type":"SearchAction","target":{"@type":"EntryPoint","urlTemplate":"https:\/\/www.zaldionline.com\/es\/?s={search_term_string}"},"query-input":{"@type":"PropertyValueSpecification","valueRequired":true,"valueName":"search_term_string"}}],"inLanguage":"es"}]}},"_links":{"self":[{"href":"https:\/\/www.zaldionline.com\/es\/wp-json\/wp\/v2\/product\/20751","targetHints":{"allow":["GET"]}}],"collection":[{"href":"https:\/\/www.zaldionline.com\/es\/wp-json\/wp\/v2\/product"}],"about":[{"href":"https:\/\/www.zaldionline.com\/es\/wp-json\/wp\/v2\/types\/product"}],"replies":[{"embeddable":true,"href":"https:\/\/www.zaldionline.com\/es\/wp-json\/wp\/v2\/comments?post=20751"}],"version-history":[{"count":2,"href":"https:\/\/www.zaldionline.com\/es\/wp-json\/wp\/v2\/product\/20751\/revisions"}],"predecessor-version":[{"id":23154,"href":"https:\/\/www.zaldionline.com\/es\/wp-json\/wp\/v2\/product\/20751\/revisions\/23154"}],"wp:featuredmedia":[{"embeddable":true,"href":"https:\/\/www.zaldionline.com\/es\/wp-json\/wp\/v2\/media\/20647"}],"wp:attachment":[{"href":"https:\/\/www.zaldionline.com\/es\/wp-json\/wp\/v2\/media?parent=20751"}],"wp:term":[{"taxonomy":"product_brand","embeddable":true,"href":"https:\/\/www.zaldionline.com\/es\/wp-json\/wp\/v2\/product_brand?post=20751"},{"taxonomy":"product_cat","embeddable":true,"href":"https:\/\/www.zaldionline.com\/es\/wp-json\/wp\/v2\/product_cat?post=20751"},{"taxonomy":"product_tag","embeddable":true,"href":"https:\/\/www.zaldionline.com\/es\/wp-json\/wp\/v2\/product_tag?post=20751"}],"curies":[{"name":"wp","href":"https:\/\/api.w.org\/{rel}","templated":true}]}}