{"id":22460,"date":"2023-03-29T10:54:57","date_gmt":"2023-03-29T10:54:57","guid":{"rendered":"https:\/\/www.zaldionline.com\/?post_type=product&#038;p=22460"},"modified":"2024-10-18T12:27:05","modified_gmt":"2024-10-18T12:27:05","slug":"zaldi-riad-vilas-cuero-leder","status":"publish","type":"product","link":"https:\/\/www.zaldionline.com\/es\/producto\/zaldi-riad-vilas-cuero-leder\/","title":{"rendered":"SILLA ZALDI RAID VILA&#8217;S CUERO"},"content":{"rendered":"\t\t<div data-elementor-type=\"wp-post\" data-elementor-id=\"22460\" class=\"elementor elementor-22460\">\n\t\t\t\t\t\t<section class=\"elementor-section elementor-top-section elementor-element elementor-element-69440be4 elementor-section-boxed elementor-section-height-default elementor-section-height-default\" data-id=\"69440be4\" data-element_type=\"section\" data-e-type=\"section\">\n\t\t\t\t\t\t<div class=\"elementor-container elementor-column-gap-default\">\n\t\t\t\t\t<div class=\"elementor-column elementor-col-100 elementor-top-column elementor-element elementor-element-5321caa4\" data-id=\"5321caa4\" data-element_type=\"column\" data-e-type=\"column\">\n\t\t\t<div class=\"elementor-widget-wrap elementor-element-populated\">\n\t\t\t\t\t\t<div class=\"elementor-element elementor-element-11db3dc9 elementor-widget elementor-widget-text-editor\" data-id=\"11db3dc9\" data-element_type=\"widget\" data-e-type=\"widget\" data-widget_type=\"text-editor.default\">\n\t\t\t\t<div class=\"elementor-widget-container\">\n\t\t\t\t\t\t\t\t\t<p>Precio inc. IVA<\/p><p>Tecnolog\u00eda, camino de campeones.<br \/><br \/>Zaldi Sillas de Montar y el Campe\u00f3n del Mundo de raid, Miquel Vila, binomio en desarrollo y evoluci\u00f3n de productos y equipaci\u00f3n para el Raid.<br \/><br \/>Alto confort para largas marchas a caballo, tanto para el jinete como para el caballo.<br \/><br \/>MATERIALES:<br \/><br \/>* Asiento de goma l\u00e1tex doble semiprofundo.<br \/>* Baste de goma l\u00e1tex.<br \/>* Nueva armadura semi-profunda con mayor contacto. Fabricada en polietileno termomoldeable de alta tecnolog\u00eda. Flexible y muy ligera.<br \/>* Estribera &#8220;multi-posici\u00f3n&#8221;, permite en carrera modificar nuestra posici\u00f3n para relajar m\u00fasculos o ajustarnos a las caracter\u00edsticas del terreno (Patentada por Zaldi).<br \/><br \/>Colores: actualmente adem\u00e1s de los cl\u00e1sicos colores negro, marr\u00f3n, habana, avellana, tostado; se pueden realizar m\u00faltiples combinaciones en colores de cuero, hilos, vivos, burletes\u2026<br \/><br \/><br \/>MEDIDAS:<br \/><br \/>* Jinete: standar equivalente a 17.5&#8243; (largo de 44.5 cm. desde el borr\u00e9n trasero de la silla al clavo Zaldi). Preguntar m\u00e1s medidas.<br \/>* Cruz del caballo: de 28 cm. a 34 cm.<br \/>* Peso de la silla: 4.500 Kg.<br \/>* Peso de la silla con aciones y estribos: 7.000 Kg.<br \/>* Medida del fald\u00f3n que pertenece a la acion de estribo: 48 cm. x 23 cm.<br \/>* Largo del baste por debajo: 49 cm.<br \/>* \u00c1rea de apoyo del baste sobre el lomo del caballo: 44 cm.<br \/>* Rodillera: 20 cm. x 6 cm. x 4 cm.<\/p><p><strong>\u00a1AVISO IMPORTANTE!<\/strong><\/p><p><strong>COLORES DEL CUERO<\/strong><\/p><p><strong>Es \u201cIMPOSIBLE\u201d conseguir que dos art\u00edculos en cuero de color avellana, tostado, marr\u00f3n o habana sean exactamente iguales.<\/strong><\/p><p>Ref.: 00000933<\/p>\t\t\t\t\t\t\t\t<\/div>\n\t\t\t\t<\/div>\n\t\t\t\t\t<\/div>\n\t\t<\/div>\n\t\t\t\t\t<\/div>\n\t\t<\/section>\n\t\t\t\t<\/div>\n\t\t","protected":false},"excerpt":{"rendered":"<p>Precio inc. IVA Tecnolog\u00eda, camino de campeones. Zaldi Sillas de Montar y el Campe\u00f3n del Mundo de raid, Miquel Vila, binomio en desarrollo y evoluci\u00f3n de productos y equipaci\u00f3n para el Raid. Alto confort para largas marchas a caballo, tanto para el jinete como para el caballo. MATERIALES: * Asiento de goma l\u00e1tex doble semiprofundo. [&hellip;]<\/p>\n","protected":false},"featured_media":22467,"comment_status":"open","ping_status":"closed","template":"","meta":{"site-sidebar-layout":"default","site-content-layout":"default","ast-site-content-layout":"default","site-content-style":"default","site-sidebar-style":"default","ast-global-header-display":"","ast-banner-title-visibility":"","ast-main-header-display":"","ast-hfb-above-header-display":"","ast-hfb-below-header-display":"","ast-hfb-mobile-header-display":"","site-post-title":"","ast-breadcrumbs-content":"","ast-featured-img":"","footer-sml-layout":"","ast-disable-related-posts":"","theme-transparent-header-meta":"default","adv-header-id-meta":"","stick-header-meta":"","header-above-stick-meta":"","header-main-stick-meta":"","header-below-stick-meta":"","astra-migrate-meta-layouts":"set","ast-page-background-enabled":"default","ast-page-background-meta":{"desktop":{"background-color":"var(--ast-global-color-4)","background-image":"","background-repeat":"repeat","background-position":"center center","background-size":"auto","background-attachment":"scroll","background-type":"","background-media":"","overlay-type":"","overlay-color":"","overlay-opacity":"","overlay-gradient":""},"tablet":{"background-color":"","background-image":"","background-repeat":"repeat","background-position":"center center","background-size":"auto","background-attachment":"scroll","background-type":"","background-media":"","overlay-type":"","overlay-color":"","overlay-opacity":"","overlay-gradient":""},"mobile":{"background-color":"","background-image":"","background-repeat":"repeat","background-position":"center center","background-size":"auto","background-attachment":"scroll","background-type":"","background-media":"","overlay-type":"","overlay-color":"","overlay-opacity":"","overlay-gradient":""}},"ast-content-background-meta":{"desktop":{"background-color":"var(--ast-global-color-5)","background-image":"","background-repeat":"repeat","background-position":"center center","background-size":"auto","background-attachment":"scroll","background-type":"","background-media":"","overlay-type":"","overlay-color":"","overlay-opacity":"","overlay-gradient":""},"tablet":{"background-color":"var(--ast-global-color-5)","background-image":"","background-repeat":"repeat","background-position":"center center","background-size":"auto","background-attachment":"scroll","background-type":"","background-media":"","overlay-type":"","overlay-color":"","overlay-opacity":"","overlay-gradient":""},"mobile":{"background-color":"var(--ast-global-color-5)","background-image":"","background-repeat":"repeat","background-position":"center center","background-size":"auto","background-attachment":"scroll","background-type":"","background-media":"","overlay-type":"","overlay-color":"","overlay-opacity":"","overlay-gradient":""}},"ngg_post_thumbnail":0},"product_brand":[],"product_cat":[29,17],"product_tag":[341,1054,346,442,440,410,1050,202,340,337,991,338,339,395],"class_list":{"0":"post-22460","1":"product","2":"type-product","3":"status-publish","4":"has-post-thumbnail","6":"product_cat-raid-marcha","7":"product_cat-sillas","8":"product_tag-bienestarcaballo","9":"product_tag-cuero","10":"product_tag-equiscan-zaldi","11":"product_tag-raid-marcha","12":"product_tag-silla","13":"product_tag-silla-custom","14":"product_tag-silla-de-montar-a-medida","15":"product_tag-sillas","16":"product_tag-susanne-nagel","17":"product_tag-zaldi","18":"product_tag-zaldi-alemania","19":"product_tag-zaldi-deutschland","20":"product_tag-zaldi-online-com","21":"product_tag-zaldi-raid","22":"desktop-align-left","23":"tablet-align-left","24":"mobile-align-left","26":"first","27":"instock","28":"taxable","29":"shipping-taxable","30":"purchasable","31":"product-type-variable"},"yoast_head":"<!-- This site is optimized with the Yoast SEO plugin v27.3 - https:\/\/yoast.com\/product\/yoast-seo-wordpress\/ -->\n<title>SILLA ZALDI RAID VILA&#039;S CUERO - Zaldionline.com<\/title>\n<meta name=\"description\" content=\"Precio inc. IVA: 1737.20\u20ac Tecnolog\u00eda, camino de campeones. Zaldi Sillas de Montar y el Campe\u00f3n del Mundo de raid, Miquel Vila, binomio en desarrollo y evoluci\u00f3n de productos y equipaci\u00f3n para el Raid. Alto confort para largas marchas a caballo, tanto para el jinete como para el caballo. MATERIALES:* Asiento de goma l\u00e1tex doble semiprofundo.* Baste de goma l\u00e1tex.* Nueva armadura semi-profunda con mayor contacto. Fabricada en polietileno termomoldeable de alta tecnolog\u00eda. Flexible y muy ligera.* Estribera &quot;multi-posici\u00f3n&quot;, permite en carrera modificar nuestra posici\u00f3n para relajar m\u00fasculos o ajustarnos a las caracter\u00edsticas del terreno (Patentada por Zaldi).Colores: actualmente adem\u00e1s de los cl\u00e1sicos colores negro, marr\u00f3n, habana, avellana, tostado; se pueden realizar m\u00faltiples combinaciones en colores de cuero, hilos, vivos, burletes\u2026MEDIDAS:* Jinete: standar equivalente a 17.5&quot; (largo de 44.5 cm. desde el borr\u00e9n trasero de la silla al clavo Zaldi). Preguntar m\u00e1s medidas.* Cruz del caballo: de 28 cm. a 34 cm.* Peso de la silla: 4.500 Kg.* Peso de la silla con aciones y estribos: 7.000 Kg.* Medida del fald\u00f3n que pertenece a la acion de estribo: 48 cm. x 23 cm.* Largo del baste por debajo: 49 cm.* \u00c1rea de apoyo del baste sobre el lomo del caballo: 44 cm.* Rodillera: 20 cm. x 6 cm. x 4 cm. \u00a1AVISO IMPORTANTE! COLORES DEL CUEROEs \u201cIMPOSIBLE\u201d conseguir que dos art\u00edculos en cuero de color avellana, tostado, marr\u00f3n o habana sean exactamente iguales. Ref. 00000933\" \/>\n<meta name=\"robots\" content=\"noindex, follow, max-snippet:-1, max-image-preview:large, max-video-preview:-1\" \/>\n<meta property=\"og:locale\" content=\"es_ES\" \/>\n<meta property=\"og:type\" content=\"article\" \/>\n<meta property=\"og:title\" content=\"SILLA ZALDI RAID VILA&#039;S CUERO - Zaldionline.com\" \/>\n<meta property=\"og:description\" content=\"Precio inc. IVA: 1737.20\u20ac Tecnolog\u00eda, camino de campeones. Zaldi Sillas de Montar y el Campe\u00f3n del Mundo de raid, Miquel Vila, binomio en desarrollo y evoluci\u00f3n de productos y equipaci\u00f3n para el Raid. Alto confort para largas marchas a caballo, tanto para el jinete como para el caballo. MATERIALES:* Asiento de goma l\u00e1tex doble semiprofundo.* Baste de goma l\u00e1tex.* Nueva armadura semi-profunda con mayor contacto. Fabricada en polietileno termomoldeable de alta tecnolog\u00eda. Flexible y muy ligera.* Estribera &quot;multi-posici\u00f3n&quot;, permite en carrera modificar nuestra posici\u00f3n para relajar m\u00fasculos o ajustarnos a las caracter\u00edsticas del terreno (Patentada por Zaldi).Colores: actualmente adem\u00e1s de los cl\u00e1sicos colores negro, marr\u00f3n, habana, avellana, tostado; se pueden realizar m\u00faltiples combinaciones en colores de cuero, hilos, vivos, burletes\u2026MEDIDAS:* Jinete: standar equivalente a 17.5&quot; (largo de 44.5 cm. desde el borr\u00e9n trasero de la silla al clavo Zaldi). Preguntar m\u00e1s medidas.* Cruz del caballo: de 28 cm. a 34 cm.* Peso de la silla: 4.500 Kg.* Peso de la silla con aciones y estribos: 7.000 Kg.* Medida del fald\u00f3n que pertenece a la acion de estribo: 48 cm. x 23 cm.* Largo del baste por debajo: 49 cm.* \u00c1rea de apoyo del baste sobre el lomo del caballo: 44 cm.* Rodillera: 20 cm. x 6 cm. x 4 cm. \u00a1AVISO IMPORTANTE! COLORES DEL CUEROEs \u201cIMPOSIBLE\u201d conseguir que dos art\u00edculos en cuero de color avellana, tostado, marr\u00f3n o habana sean exactamente iguales. Ref. 00000933\" \/>\n<meta property=\"og:url\" content=\"https:\/\/www.zaldionline.com\/es\/producto\/zaldi-riad-vilas-cuero-leder\/\" \/>\n<meta property=\"og:site_name\" content=\"Zaldionline.com\" \/>\n<meta property=\"article:modified_time\" content=\"2024-10-18T12:27:05+00:00\" \/>\n<meta property=\"og:image\" content=\"https:\/\/www.zaldionline.com\/es\/wp-content\/uploads\/sites\/2\/2023\/03\/Bild_2023-03-29_125616775.png\" \/>\n\t<meta property=\"og:image:width\" content=\"509\" \/>\n\t<meta property=\"og:image:height\" content=\"502\" \/>\n\t<meta property=\"og:image:type\" content=\"image\/png\" \/>\n<meta name=\"twitter:card\" content=\"summary_large_image\" \/>\n<meta name=\"twitter:label1\" content=\"Tiempo de lectura\" \/>\n\t<meta name=\"twitter:data1\" content=\"2 minutos\" \/>\n<script type=\"application\/ld+json\" class=\"yoast-schema-graph\">{\"@context\":\"https:\\\/\\\/schema.org\",\"@graph\":[{\"@type\":\"WebPage\",\"@id\":\"https:\\\/\\\/www.zaldionline.com\\\/es\\\/producto\\\/zaldi-riad-vilas-cuero-leder\\\/\",\"url\":\"https:\\\/\\\/www.zaldionline.com\\\/es\\\/producto\\\/zaldi-riad-vilas-cuero-leder\\\/\",\"name\":\"SILLA ZALDI RAID VILA'S CUERO - Zaldionline.com\",\"isPartOf\":{\"@id\":\"https:\\\/\\\/www.zaldionline.com\\\/es\\\/#website\"},\"primaryImageOfPage\":{\"@id\":\"https:\\\/\\\/www.zaldionline.com\\\/es\\\/producto\\\/zaldi-riad-vilas-cuero-leder\\\/#primaryimage\"},\"image\":{\"@id\":\"https:\\\/\\\/www.zaldionline.com\\\/es\\\/producto\\\/zaldi-riad-vilas-cuero-leder\\\/#primaryimage\"},\"thumbnailUrl\":\"https:\\\/\\\/www.zaldionline.com\\\/es\\\/wp-content\\\/uploads\\\/sites\\\/2\\\/2023\\\/03\\\/Bild_2023-03-29_125616775.png\",\"datePublished\":\"2023-03-29T10:54:57+00:00\",\"dateModified\":\"2024-10-18T12:27:05+00:00\",\"description\":\"Precio inc. IVA: 1737.20\u20ac Tecnolog\u00eda, camino de campeones. Zaldi Sillas de Montar y el Campe\u00f3n del Mundo de raid, Miquel Vila, binomio en desarrollo y evoluci\u00f3n de productos y equipaci\u00f3n para el Raid. Alto confort para largas marchas a caballo, tanto para el jinete como para el caballo. MATERIALES:* Asiento de goma l\u00e1tex doble semiprofundo.* Baste de goma l\u00e1tex.* Nueva armadura semi-profunda con mayor contacto. Fabricada en polietileno termomoldeable de alta tecnolog\u00eda. Flexible y muy ligera.* Estribera \\\"multi-posici\u00f3n\\\", permite en carrera modificar nuestra posici\u00f3n para relajar m\u00fasculos o ajustarnos a las caracter\u00edsticas del terreno (Patentada por Zaldi).Colores: actualmente adem\u00e1s de los cl\u00e1sicos colores negro, marr\u00f3n, habana, avellana, tostado; se pueden realizar m\u00faltiples combinaciones en colores de cuero, hilos, vivos, burletes\u2026MEDIDAS:* Jinete: standar equivalente a 17.5\\\" (largo de 44.5 cm. desde el borr\u00e9n trasero de la silla al clavo Zaldi). Preguntar m\u00e1s medidas.* Cruz del caballo: de 28 cm. a 34 cm.* Peso de la silla: 4.500 Kg.* Peso de la silla con aciones y estribos: 7.000 Kg.* Medida del fald\u00f3n que pertenece a la acion de estribo: 48 cm. x 23 cm.* Largo del baste por debajo: 49 cm.* \u00c1rea de apoyo del baste sobre el lomo del caballo: 44 cm.* Rodillera: 20 cm. x 6 cm. x 4 cm. \u00a1AVISO IMPORTANTE! COLORES DEL CUEROEs \u201cIMPOSIBLE\u201d conseguir que dos art\u00edculos en cuero de color avellana, tostado, marr\u00f3n o habana sean exactamente iguales. Ref. 00000933\",\"breadcrumb\":{\"@id\":\"https:\\\/\\\/www.zaldionline.com\\\/es\\\/producto\\\/zaldi-riad-vilas-cuero-leder\\\/#breadcrumb\"},\"inLanguage\":\"es\",\"potentialAction\":[{\"@type\":\"ReadAction\",\"target\":[\"https:\\\/\\\/www.zaldionline.com\\\/es\\\/producto\\\/zaldi-riad-vilas-cuero-leder\\\/\"]}]},{\"@type\":\"ImageObject\",\"inLanguage\":\"es\",\"@id\":\"https:\\\/\\\/www.zaldionline.com\\\/es\\\/producto\\\/zaldi-riad-vilas-cuero-leder\\\/#primaryimage\",\"url\":\"https:\\\/\\\/www.zaldionline.com\\\/es\\\/wp-content\\\/uploads\\\/sites\\\/2\\\/2023\\\/03\\\/Bild_2023-03-29_125616775.png\",\"contentUrl\":\"https:\\\/\\\/www.zaldionline.com\\\/es\\\/wp-content\\\/uploads\\\/sites\\\/2\\\/2023\\\/03\\\/Bild_2023-03-29_125616775.png\",\"width\":509,\"height\":502},{\"@type\":\"BreadcrumbList\",\"@id\":\"https:\\\/\\\/www.zaldionline.com\\\/es\\\/producto\\\/zaldi-riad-vilas-cuero-leder\\\/#breadcrumb\",\"itemListElement\":[{\"@type\":\"ListItem\",\"position\":1,\"name\":\"Portada\",\"item\":\"https:\\\/\\\/www.zaldionline.com\\\/es\\\/\"},{\"@type\":\"ListItem\",\"position\":2,\"name\":\"Sillas y accesorios\",\"item\":\"https:\\\/\\\/www.zaldionline.com\\\/es\\\/sillas-y-accesorios\\\/\"},{\"@type\":\"ListItem\",\"position\":3,\"name\":\"SILLA ZALDI RAID VILA&#8217;S CUERO\"}]},{\"@type\":\"WebSite\",\"@id\":\"https:\\\/\\\/www.zaldionline.com\\\/es\\\/#website\",\"url\":\"https:\\\/\\\/www.zaldionline.com\\\/es\\\/\",\"name\":\"Zaldionline.com\",\"description\":\"Los mejores productos para usted y su caballo\",\"potentialAction\":[{\"@type\":\"SearchAction\",\"target\":{\"@type\":\"EntryPoint\",\"urlTemplate\":\"https:\\\/\\\/www.zaldionline.com\\\/es\\\/?s={search_term_string}\"},\"query-input\":{\"@type\":\"PropertyValueSpecification\",\"valueRequired\":true,\"valueName\":\"search_term_string\"}}],\"inLanguage\":\"es\"}]}<\/script>\n<!-- \/ Yoast SEO plugin. -->","yoast_head_json":{"title":"SILLA ZALDI RAID VILA'S CUERO - Zaldionline.com","description":"Precio inc. IVA: 1737.20\u20ac Tecnolog\u00eda, camino de campeones. Zaldi Sillas de Montar y el Campe\u00f3n del Mundo de raid, Miquel Vila, binomio en desarrollo y evoluci\u00f3n de productos y equipaci\u00f3n para el Raid. Alto confort para largas marchas a caballo, tanto para el jinete como para el caballo. MATERIALES:* Asiento de goma l\u00e1tex doble semiprofundo.* Baste de goma l\u00e1tex.* Nueva armadura semi-profunda con mayor contacto. Fabricada en polietileno termomoldeable de alta tecnolog\u00eda. Flexible y muy ligera.* Estribera \"multi-posici\u00f3n\", permite en carrera modificar nuestra posici\u00f3n para relajar m\u00fasculos o ajustarnos a las caracter\u00edsticas del terreno (Patentada por Zaldi).Colores: actualmente adem\u00e1s de los cl\u00e1sicos colores negro, marr\u00f3n, habana, avellana, tostado; se pueden realizar m\u00faltiples combinaciones en colores de cuero, hilos, vivos, burletes\u2026MEDIDAS:* Jinete: standar equivalente a 17.5\" (largo de 44.5 cm. desde el borr\u00e9n trasero de la silla al clavo Zaldi). Preguntar m\u00e1s medidas.* Cruz del caballo: de 28 cm. a 34 cm.* Peso de la silla: 4.500 Kg.* Peso de la silla con aciones y estribos: 7.000 Kg.* Medida del fald\u00f3n que pertenece a la acion de estribo: 48 cm. x 23 cm.* Largo del baste por debajo: 49 cm.* \u00c1rea de apoyo del baste sobre el lomo del caballo: 44 cm.* Rodillera: 20 cm. x 6 cm. x 4 cm. \u00a1AVISO IMPORTANTE! COLORES DEL CUEROEs \u201cIMPOSIBLE\u201d conseguir que dos art\u00edculos en cuero de color avellana, tostado, marr\u00f3n o habana sean exactamente iguales. Ref. 00000933","robots":{"index":"noindex","follow":"follow","max-snippet":"max-snippet:-1","max-image-preview":"max-image-preview:large","max-video-preview":"max-video-preview:-1"},"og_locale":"es_ES","og_type":"article","og_title":"SILLA ZALDI RAID VILA'S CUERO - Zaldionline.com","og_description":"Precio inc. IVA: 1737.20\u20ac Tecnolog\u00eda, camino de campeones. Zaldi Sillas de Montar y el Campe\u00f3n del Mundo de raid, Miquel Vila, binomio en desarrollo y evoluci\u00f3n de productos y equipaci\u00f3n para el Raid. Alto confort para largas marchas a caballo, tanto para el jinete como para el caballo. MATERIALES:* Asiento de goma l\u00e1tex doble semiprofundo.* Baste de goma l\u00e1tex.* Nueva armadura semi-profunda con mayor contacto. Fabricada en polietileno termomoldeable de alta tecnolog\u00eda. Flexible y muy ligera.* Estribera \"multi-posici\u00f3n\", permite en carrera modificar nuestra posici\u00f3n para relajar m\u00fasculos o ajustarnos a las caracter\u00edsticas del terreno (Patentada por Zaldi).Colores: actualmente adem\u00e1s de los cl\u00e1sicos colores negro, marr\u00f3n, habana, avellana, tostado; se pueden realizar m\u00faltiples combinaciones en colores de cuero, hilos, vivos, burletes\u2026MEDIDAS:* Jinete: standar equivalente a 17.5\" (largo de 44.5 cm. desde el borr\u00e9n trasero de la silla al clavo Zaldi). Preguntar m\u00e1s medidas.* Cruz del caballo: de 28 cm. a 34 cm.* Peso de la silla: 4.500 Kg.* Peso de la silla con aciones y estribos: 7.000 Kg.* Medida del fald\u00f3n que pertenece a la acion de estribo: 48 cm. x 23 cm.* Largo del baste por debajo: 49 cm.* \u00c1rea de apoyo del baste sobre el lomo del caballo: 44 cm.* Rodillera: 20 cm. x 6 cm. x 4 cm. \u00a1AVISO IMPORTANTE! COLORES DEL CUEROEs \u201cIMPOSIBLE\u201d conseguir que dos art\u00edculos en cuero de color avellana, tostado, marr\u00f3n o habana sean exactamente iguales. Ref. 00000933","og_url":"https:\/\/www.zaldionline.com\/es\/producto\/zaldi-riad-vilas-cuero-leder\/","og_site_name":"Zaldionline.com","article_modified_time":"2024-10-18T12:27:05+00:00","og_image":[{"width":509,"height":502,"url":"https:\/\/www.zaldionline.com\/es\/wp-content\/uploads\/sites\/2\/2023\/03\/Bild_2023-03-29_125616775.png","type":"image\/png"}],"twitter_card":"summary_large_image","twitter_misc":{"Tiempo de lectura":"2 minutos"},"schema":{"@context":"https:\/\/schema.org","@graph":[{"@type":"WebPage","@id":"https:\/\/www.zaldionline.com\/es\/producto\/zaldi-riad-vilas-cuero-leder\/","url":"https:\/\/www.zaldionline.com\/es\/producto\/zaldi-riad-vilas-cuero-leder\/","name":"SILLA ZALDI RAID VILA'S CUERO - Zaldionline.com","isPartOf":{"@id":"https:\/\/www.zaldionline.com\/es\/#website"},"primaryImageOfPage":{"@id":"https:\/\/www.zaldionline.com\/es\/producto\/zaldi-riad-vilas-cuero-leder\/#primaryimage"},"image":{"@id":"https:\/\/www.zaldionline.com\/es\/producto\/zaldi-riad-vilas-cuero-leder\/#primaryimage"},"thumbnailUrl":"https:\/\/www.zaldionline.com\/es\/wp-content\/uploads\/sites\/2\/2023\/03\/Bild_2023-03-29_125616775.png","datePublished":"2023-03-29T10:54:57+00:00","dateModified":"2024-10-18T12:27:05+00:00","description":"Precio inc. IVA: 1737.20\u20ac Tecnolog\u00eda, camino de campeones. Zaldi Sillas de Montar y el Campe\u00f3n del Mundo de raid, Miquel Vila, binomio en desarrollo y evoluci\u00f3n de productos y equipaci\u00f3n para el Raid. Alto confort para largas marchas a caballo, tanto para el jinete como para el caballo. MATERIALES:* Asiento de goma l\u00e1tex doble semiprofundo.* Baste de goma l\u00e1tex.* Nueva armadura semi-profunda con mayor contacto. Fabricada en polietileno termomoldeable de alta tecnolog\u00eda. Flexible y muy ligera.* Estribera \"multi-posici\u00f3n\", permite en carrera modificar nuestra posici\u00f3n para relajar m\u00fasculos o ajustarnos a las caracter\u00edsticas del terreno (Patentada por Zaldi).Colores: actualmente adem\u00e1s de los cl\u00e1sicos colores negro, marr\u00f3n, habana, avellana, tostado; se pueden realizar m\u00faltiples combinaciones en colores de cuero, hilos, vivos, burletes\u2026MEDIDAS:* Jinete: standar equivalente a 17.5\" (largo de 44.5 cm. desde el borr\u00e9n trasero de la silla al clavo Zaldi). Preguntar m\u00e1s medidas.* Cruz del caballo: de 28 cm. a 34 cm.* Peso de la silla: 4.500 Kg.* Peso de la silla con aciones y estribos: 7.000 Kg.* Medida del fald\u00f3n que pertenece a la acion de estribo: 48 cm. x 23 cm.* Largo del baste por debajo: 49 cm.* \u00c1rea de apoyo del baste sobre el lomo del caballo: 44 cm.* Rodillera: 20 cm. x 6 cm. x 4 cm. \u00a1AVISO IMPORTANTE! COLORES DEL CUEROEs \u201cIMPOSIBLE\u201d conseguir que dos art\u00edculos en cuero de color avellana, tostado, marr\u00f3n o habana sean exactamente iguales. Ref. 00000933","breadcrumb":{"@id":"https:\/\/www.zaldionline.com\/es\/producto\/zaldi-riad-vilas-cuero-leder\/#breadcrumb"},"inLanguage":"es","potentialAction":[{"@type":"ReadAction","target":["https:\/\/www.zaldionline.com\/es\/producto\/zaldi-riad-vilas-cuero-leder\/"]}]},{"@type":"ImageObject","inLanguage":"es","@id":"https:\/\/www.zaldionline.com\/es\/producto\/zaldi-riad-vilas-cuero-leder\/#primaryimage","url":"https:\/\/www.zaldionline.com\/es\/wp-content\/uploads\/sites\/2\/2023\/03\/Bild_2023-03-29_125616775.png","contentUrl":"https:\/\/www.zaldionline.com\/es\/wp-content\/uploads\/sites\/2\/2023\/03\/Bild_2023-03-29_125616775.png","width":509,"height":502},{"@type":"BreadcrumbList","@id":"https:\/\/www.zaldionline.com\/es\/producto\/zaldi-riad-vilas-cuero-leder\/#breadcrumb","itemListElement":[{"@type":"ListItem","position":1,"name":"Portada","item":"https:\/\/www.zaldionline.com\/es\/"},{"@type":"ListItem","position":2,"name":"Sillas y accesorios","item":"https:\/\/www.zaldionline.com\/es\/sillas-y-accesorios\/"},{"@type":"ListItem","position":3,"name":"SILLA ZALDI RAID VILA&#8217;S CUERO"}]},{"@type":"WebSite","@id":"https:\/\/www.zaldionline.com\/es\/#website","url":"https:\/\/www.zaldionline.com\/es\/","name":"Zaldionline.com","description":"Los mejores productos para usted y su caballo","potentialAction":[{"@type":"SearchAction","target":{"@type":"EntryPoint","urlTemplate":"https:\/\/www.zaldionline.com\/es\/?s={search_term_string}"},"query-input":{"@type":"PropertyValueSpecification","valueRequired":true,"valueName":"search_term_string"}}],"inLanguage":"es"}]}},"_links":{"self":[{"href":"https:\/\/www.zaldionline.com\/es\/wp-json\/wp\/v2\/product\/22460","targetHints":{"allow":["GET"]}}],"collection":[{"href":"https:\/\/www.zaldionline.com\/es\/wp-json\/wp\/v2\/product"}],"about":[{"href":"https:\/\/www.zaldionline.com\/es\/wp-json\/wp\/v2\/types\/product"}],"replies":[{"embeddable":true,"href":"https:\/\/www.zaldionline.com\/es\/wp-json\/wp\/v2\/comments?post=22460"}],"version-history":[{"count":12,"href":"https:\/\/www.zaldionline.com\/es\/wp-json\/wp\/v2\/product\/22460\/revisions"}],"predecessor-version":[{"id":24012,"href":"https:\/\/www.zaldionline.com\/es\/wp-json\/wp\/v2\/product\/22460\/revisions\/24012"}],"wp:featuredmedia":[{"embeddable":true,"href":"https:\/\/www.zaldionline.com\/es\/wp-json\/wp\/v2\/media\/22467"}],"wp:attachment":[{"href":"https:\/\/www.zaldionline.com\/es\/wp-json\/wp\/v2\/media?parent=22460"}],"wp:term":[{"taxonomy":"product_brand","embeddable":true,"href":"https:\/\/www.zaldionline.com\/es\/wp-json\/wp\/v2\/product_brand?post=22460"},{"taxonomy":"product_cat","embeddable":true,"href":"https:\/\/www.zaldionline.com\/es\/wp-json\/wp\/v2\/product_cat?post=22460"},{"taxonomy":"product_tag","embeddable":true,"href":"https:\/\/www.zaldionline.com\/es\/wp-json\/wp\/v2\/product_tag?post=22460"}],"curies":[{"name":"wp","href":"https:\/\/api.w.org\/{rel}","templated":true}]}}