{"id":22469,"date":"2023-03-29T10:58:49","date_gmt":"2023-03-29T10:58:49","guid":{"rendered":"https:\/\/www.zaldionline.com\/?post_type=product&#038;p=22469"},"modified":"2024-04-14T10:23:39","modified_gmt":"2024-04-14T10:23:39","slug":"paneles-de-lana-zaldi-para-sillas-de-montar-inglesas","status":"publish","type":"product","link":"https:\/\/www.zaldionline.com\/es\/producto\/paneles-de-lana-zaldi-para-sillas-de-montar-inglesas\/","title":{"rendered":"PANELES DE LANA ZALDI PARA SILLAS DE MONTAR INGLESAS"},"content":{"rendered":"\t\t<div data-elementor-type=\"wp-post\" data-elementor-id=\"22469\" class=\"elementor elementor-22469\">\n\t\t\t\t\t\t<section class=\"elementor-section elementor-top-section elementor-element elementor-element-1801444c elementor-section-boxed elementor-section-height-default elementor-section-height-default\" data-id=\"1801444c\" data-element_type=\"section\" data-e-type=\"section\">\n\t\t\t\t\t\t<div class=\"elementor-container elementor-column-gap-default\">\n\t\t\t\t\t<div class=\"elementor-column elementor-col-100 elementor-top-column elementor-element elementor-element-2589131\" data-id=\"2589131\" data-element_type=\"column\" data-e-type=\"column\">\n\t\t\t<div class=\"elementor-widget-wrap elementor-element-populated\">\n\t\t\t\t\t\t<div class=\"elementor-element elementor-element-60b90944 elementor-widget elementor-widget-text-editor\" data-id=\"60b90944\" data-element_type=\"widget\" data-e-type=\"widget\" data-widget_type=\"text-editor.default\">\n\t\t\t\t<div class=\"elementor-widget-container\">\n\t\t\t\t\t\t\t\t\t<p>Recomendamos los paneles de lana para la fabricaci\u00f3n de sillas de montar basadas en una medici\u00f3n EQUIscan. En el caso de las sillas de montar que vienen de f\u00e1brica con paneles de l\u00e1tex del fabricante (por ejemplo, las sillas de salto, las sillas de montar de la familia Real y algunas otras), tambi\u00e9n debe solicitarse esta opci\u00f3n. A diferencia de los paneles de l\u00e1tex, los paneles de lana pueden modificarse y acolcharse.<\/p>\t\t\t\t\t\t\t\t<\/div>\n\t\t\t\t<\/div>\n\t\t\t\t\t<\/div>\n\t\t<\/div>\n\t\t\t\t\t<\/div>\n\t\t<\/section>\n\t\t\t\t<\/div>\n\t\t","protected":false},"excerpt":{"rendered":"<p>Recomendamos los paneles de lana para la fabricaci\u00f3n de sillas de montar basadas en una medici\u00f3n EQUIscan. En el caso de las sillas de montar que vienen de f\u00e1brica con paneles de l\u00e1tex del fabricante (por ejemplo, las sillas de salto, las sillas de montar de la familia Real y algunas otras), tambi\u00e9n debe solicitarse [&hellip;]<\/p>\n","protected":false},"featured_media":17601,"comment_status":"open","ping_status":"closed","template":"","meta":{"site-sidebar-layout":"default","site-content-layout":"default","ast-site-content-layout":"default","site-content-style":"default","site-sidebar-style":"default","ast-global-header-display":"","ast-banner-title-visibility":"","ast-main-header-display":"","ast-hfb-above-header-display":"","ast-hfb-below-header-display":"","ast-hfb-mobile-header-display":"","site-post-title":"","ast-breadcrumbs-content":"","ast-featured-img":"","footer-sml-layout":"","ast-disable-related-posts":"","theme-transparent-header-meta":"default","adv-header-id-meta":"","stick-header-meta":"","header-above-stick-meta":"","header-main-stick-meta":"","header-below-stick-meta":"","astra-migrate-meta-layouts":"set","ast-page-background-enabled":"default","ast-page-background-meta":{"desktop":{"background-color":"var(--ast-global-color-4)","background-image":"","background-repeat":"repeat","background-position":"center center","background-size":"auto","background-attachment":"scroll","background-type":"","background-media":"","overlay-type":"","overlay-color":"","overlay-opacity":"","overlay-gradient":""},"tablet":{"background-color":"","background-image":"","background-repeat":"repeat","background-position":"center center","background-size":"auto","background-attachment":"scroll","background-type":"","background-media":"","overlay-type":"","overlay-color":"","overlay-opacity":"","overlay-gradient":""},"mobile":{"background-color":"","background-image":"","background-repeat":"repeat","background-position":"center center","background-size":"auto","background-attachment":"scroll","background-type":"","background-media":"","overlay-type":"","overlay-color":"","overlay-opacity":"","overlay-gradient":""}},"ast-content-background-meta":{"desktop":{"background-color":"var(--ast-global-color-5)","background-image":"","background-repeat":"repeat","background-position":"center center","background-size":"auto","background-attachment":"scroll","background-type":"","background-media":"","overlay-type":"","overlay-color":"","overlay-opacity":"","overlay-gradient":""},"tablet":{"background-color":"var(--ast-global-color-5)","background-image":"","background-repeat":"repeat","background-position":"center center","background-size":"auto","background-attachment":"scroll","background-type":"","background-media":"","overlay-type":"","overlay-color":"","overlay-opacity":"","overlay-gradient":""},"mobile":{"background-color":"var(--ast-global-color-5)","background-image":"","background-repeat":"repeat","background-position":"center center","background-size":"auto","background-attachment":"scroll","background-type":"","background-media":"","overlay-type":"","overlay-color":"","overlay-opacity":"","overlay-gradient":""}},"ngg_post_thumbnail":0},"product_brand":[],"product_cat":[34,17],"product_tag":[341,1010,1011,340,337,338,339],"class_list":{"0":"post-22469","1":"product","2":"type-product","3":"status-publish","4":"has-post-thumbnail","6":"product_cat-extras-fabricacion-a-medida-rodilleras-tm-reparaciones","7":"product_cat-sillas","8":"product_tag-bienestarcaballo","9":"product_tag-paneles-de-lana","10":"product_tag-sillas-de-montar-inglesas","11":"product_tag-susanne-nagel","12":"product_tag-zaldi","13":"product_tag-zaldi-deutschland","14":"product_tag-zaldi-online-com","15":"desktop-align-left","16":"tablet-align-left","17":"mobile-align-left","19":"first","20":"instock","21":"taxable","22":"shipping-taxable","23":"purchasable","24":"product-type-simple"},"yoast_head":"<!-- This site is optimized with the Yoast SEO plugin v27.5 - https:\/\/yoast.com\/product\/yoast-seo-wordpress\/ -->\n<title>PANELES DE LANA ZALDI PARA SILLAS DE MONTAR INGLESAS - Zaldionline.com<\/title>\n<meta name=\"description\" content=\"Precio incl. IVA: 151,25\u20ac Recomendamos los paneles de lana para la fabricaci\u00f3n de sillas de montar basadas en una medici\u00f3n EQUIscan. En el caso de las sillas de montar que vienen de f\u00e1brica con paneles de l\u00e1tex del fabricante (por ejemplo, las sillas de salto, las sillas de montar de la familia Real y algunas otras), tambi\u00e9n debe solicitarse esta opci\u00f3n. A diferencia de los paneles de l\u00e1tex, los paneles de lana pueden modificarse y acolcharse.\" \/>\n<meta name=\"robots\" content=\"noindex, follow, max-snippet:-1, max-image-preview:large, max-video-preview:-1\" \/>\n<meta property=\"og:locale\" content=\"es_ES\" \/>\n<meta property=\"og:type\" content=\"article\" \/>\n<meta property=\"og:title\" content=\"PANELES DE LANA ZALDI PARA SILLAS DE MONTAR INGLESAS - Zaldionline.com\" \/>\n<meta property=\"og:description\" content=\"Precio incl. IVA: 151,25\u20ac Recomendamos los paneles de lana para la fabricaci\u00f3n de sillas de montar basadas en una medici\u00f3n EQUIscan. En el caso de las sillas de montar que vienen de f\u00e1brica con paneles de l\u00e1tex del fabricante (por ejemplo, las sillas de salto, las sillas de montar de la familia Real y algunas otras), tambi\u00e9n debe solicitarse esta opci\u00f3n. A diferencia de los paneles de l\u00e1tex, los paneles de lana pueden modificarse y acolcharse.\" \/>\n<meta property=\"og:url\" content=\"https:\/\/www.zaldionline.com\/es\/producto\/paneles-de-lana-zaldi-para-sillas-de-montar-inglesas\/\" \/>\n<meta property=\"og:site_name\" content=\"Zaldionline.com\" \/>\n<meta property=\"article:modified_time\" content=\"2024-04-14T10:23:39+00:00\" \/>\n<meta property=\"og:image\" content=\"https:\/\/www.zaldionline.com\/es\/wp-content\/uploads\/sites\/2\/2021\/01\/AUFPOLSTERN.jpg\" \/>\n\t<meta property=\"og:image:width\" content=\"144\" \/>\n\t<meta property=\"og:image:height\" content=\"140\" \/>\n\t<meta property=\"og:image:type\" content=\"image\/jpeg\" \/>\n<meta name=\"twitter:card\" content=\"summary_large_image\" \/>\n<meta name=\"twitter:label1\" content=\"Tiempo de lectura\" \/>\n\t<meta name=\"twitter:data1\" content=\"1 minuto\" \/>\n<script type=\"application\/ld+json\" class=\"yoast-schema-graph\">{\"@context\":\"https:\\\/\\\/schema.org\",\"@graph\":[{\"@type\":\"WebPage\",\"@id\":\"https:\\\/\\\/www.zaldionline.com\\\/es\\\/producto\\\/paneles-de-lana-zaldi-para-sillas-de-montar-inglesas\\\/\",\"url\":\"https:\\\/\\\/www.zaldionline.com\\\/es\\\/producto\\\/paneles-de-lana-zaldi-para-sillas-de-montar-inglesas\\\/\",\"name\":\"PANELES DE LANA ZALDI PARA SILLAS DE MONTAR INGLESAS - Zaldionline.com\",\"isPartOf\":{\"@id\":\"https:\\\/\\\/www.zaldionline.com\\\/es\\\/#website\"},\"primaryImageOfPage\":{\"@id\":\"https:\\\/\\\/www.zaldionline.com\\\/es\\\/producto\\\/paneles-de-lana-zaldi-para-sillas-de-montar-inglesas\\\/#primaryimage\"},\"image\":{\"@id\":\"https:\\\/\\\/www.zaldionline.com\\\/es\\\/producto\\\/paneles-de-lana-zaldi-para-sillas-de-montar-inglesas\\\/#primaryimage\"},\"thumbnailUrl\":\"https:\\\/\\\/www.zaldionline.com\\\/es\\\/wp-content\\\/uploads\\\/sites\\\/2\\\/2021\\\/01\\\/AUFPOLSTERN.jpg\",\"datePublished\":\"2023-03-29T10:58:49+00:00\",\"dateModified\":\"2024-04-14T10:23:39+00:00\",\"description\":\"Precio incl. IVA: 151,25\u20ac Recomendamos los paneles de lana para la fabricaci\u00f3n de sillas de montar basadas en una medici\u00f3n EQUIscan. En el caso de las sillas de montar que vienen de f\u00e1brica con paneles de l\u00e1tex del fabricante (por ejemplo, las sillas de salto, las sillas de montar de la familia Real y algunas otras), tambi\u00e9n debe solicitarse esta opci\u00f3n. A diferencia de los paneles de l\u00e1tex, los paneles de lana pueden modificarse y acolcharse.\",\"breadcrumb\":{\"@id\":\"https:\\\/\\\/www.zaldionline.com\\\/es\\\/producto\\\/paneles-de-lana-zaldi-para-sillas-de-montar-inglesas\\\/#breadcrumb\"},\"inLanguage\":\"es\",\"potentialAction\":[{\"@type\":\"ReadAction\",\"target\":[\"https:\\\/\\\/www.zaldionline.com\\\/es\\\/producto\\\/paneles-de-lana-zaldi-para-sillas-de-montar-inglesas\\\/\"]}]},{\"@type\":\"ImageObject\",\"inLanguage\":\"es\",\"@id\":\"https:\\\/\\\/www.zaldionline.com\\\/es\\\/producto\\\/paneles-de-lana-zaldi-para-sillas-de-montar-inglesas\\\/#primaryimage\",\"url\":\"https:\\\/\\\/www.zaldionline.com\\\/es\\\/wp-content\\\/uploads\\\/sites\\\/2\\\/2021\\\/01\\\/AUFPOLSTERN.jpg\",\"contentUrl\":\"https:\\\/\\\/www.zaldionline.com\\\/es\\\/wp-content\\\/uploads\\\/sites\\\/2\\\/2021\\\/01\\\/AUFPOLSTERN.jpg\",\"width\":144,\"height\":140},{\"@type\":\"BreadcrumbList\",\"@id\":\"https:\\\/\\\/www.zaldionline.com\\\/es\\\/producto\\\/paneles-de-lana-zaldi-para-sillas-de-montar-inglesas\\\/#breadcrumb\",\"itemListElement\":[{\"@type\":\"ListItem\",\"position\":1,\"name\":\"Portada\",\"item\":\"https:\\\/\\\/www.zaldionline.com\\\/es\\\/\"},{\"@type\":\"ListItem\",\"position\":2,\"name\":\"Sillas y accesorios\",\"item\":\"https:\\\/\\\/www.zaldionline.com\\\/es\\\/sillas-y-accesorios\\\/\"},{\"@type\":\"ListItem\",\"position\":3,\"name\":\"PANELES DE LANA ZALDI PARA SILLAS DE MONTAR INGLESAS\"}]},{\"@type\":\"WebSite\",\"@id\":\"https:\\\/\\\/www.zaldionline.com\\\/es\\\/#website\",\"url\":\"https:\\\/\\\/www.zaldionline.com\\\/es\\\/\",\"name\":\"Zaldionline.com\",\"description\":\"Los mejores productos para usted y su caballo\",\"potentialAction\":[{\"@type\":\"SearchAction\",\"target\":{\"@type\":\"EntryPoint\",\"urlTemplate\":\"https:\\\/\\\/www.zaldionline.com\\\/es\\\/?s={search_term_string}\"},\"query-input\":{\"@type\":\"PropertyValueSpecification\",\"valueRequired\":true,\"valueName\":\"search_term_string\"}}],\"inLanguage\":\"es\"}]}<\/script>\n<!-- \/ Yoast SEO plugin. -->","yoast_head_json":{"title":"PANELES DE LANA ZALDI PARA SILLAS DE MONTAR INGLESAS - Zaldionline.com","description":"Precio incl. IVA: 151,25\u20ac Recomendamos los paneles de lana para la fabricaci\u00f3n de sillas de montar basadas en una medici\u00f3n EQUIscan. En el caso de las sillas de montar que vienen de f\u00e1brica con paneles de l\u00e1tex del fabricante (por ejemplo, las sillas de salto, las sillas de montar de la familia Real y algunas otras), tambi\u00e9n debe solicitarse esta opci\u00f3n. A diferencia de los paneles de l\u00e1tex, los paneles de lana pueden modificarse y acolcharse.","robots":{"index":"noindex","follow":"follow","max-snippet":"max-snippet:-1","max-image-preview":"max-image-preview:large","max-video-preview":"max-video-preview:-1"},"og_locale":"es_ES","og_type":"article","og_title":"PANELES DE LANA ZALDI PARA SILLAS DE MONTAR INGLESAS - Zaldionline.com","og_description":"Precio incl. IVA: 151,25\u20ac Recomendamos los paneles de lana para la fabricaci\u00f3n de sillas de montar basadas en una medici\u00f3n EQUIscan. En el caso de las sillas de montar que vienen de f\u00e1brica con paneles de l\u00e1tex del fabricante (por ejemplo, las sillas de salto, las sillas de montar de la familia Real y algunas otras), tambi\u00e9n debe solicitarse esta opci\u00f3n. A diferencia de los paneles de l\u00e1tex, los paneles de lana pueden modificarse y acolcharse.","og_url":"https:\/\/www.zaldionline.com\/es\/producto\/paneles-de-lana-zaldi-para-sillas-de-montar-inglesas\/","og_site_name":"Zaldionline.com","article_modified_time":"2024-04-14T10:23:39+00:00","og_image":[{"width":144,"height":140,"url":"https:\/\/www.zaldionline.com\/es\/wp-content\/uploads\/sites\/2\/2021\/01\/AUFPOLSTERN.jpg","type":"image\/jpeg"}],"twitter_card":"summary_large_image","twitter_misc":{"Tiempo de lectura":"1 minuto"},"schema":{"@context":"https:\/\/schema.org","@graph":[{"@type":"WebPage","@id":"https:\/\/www.zaldionline.com\/es\/producto\/paneles-de-lana-zaldi-para-sillas-de-montar-inglesas\/","url":"https:\/\/www.zaldionline.com\/es\/producto\/paneles-de-lana-zaldi-para-sillas-de-montar-inglesas\/","name":"PANELES DE LANA ZALDI PARA SILLAS DE MONTAR INGLESAS - Zaldionline.com","isPartOf":{"@id":"https:\/\/www.zaldionline.com\/es\/#website"},"primaryImageOfPage":{"@id":"https:\/\/www.zaldionline.com\/es\/producto\/paneles-de-lana-zaldi-para-sillas-de-montar-inglesas\/#primaryimage"},"image":{"@id":"https:\/\/www.zaldionline.com\/es\/producto\/paneles-de-lana-zaldi-para-sillas-de-montar-inglesas\/#primaryimage"},"thumbnailUrl":"https:\/\/www.zaldionline.com\/es\/wp-content\/uploads\/sites\/2\/2021\/01\/AUFPOLSTERN.jpg","datePublished":"2023-03-29T10:58:49+00:00","dateModified":"2024-04-14T10:23:39+00:00","description":"Precio incl. IVA: 151,25\u20ac Recomendamos los paneles de lana para la fabricaci\u00f3n de sillas de montar basadas en una medici\u00f3n EQUIscan. En el caso de las sillas de montar que vienen de f\u00e1brica con paneles de l\u00e1tex del fabricante (por ejemplo, las sillas de salto, las sillas de montar de la familia Real y algunas otras), tambi\u00e9n debe solicitarse esta opci\u00f3n. A diferencia de los paneles de l\u00e1tex, los paneles de lana pueden modificarse y acolcharse.","breadcrumb":{"@id":"https:\/\/www.zaldionline.com\/es\/producto\/paneles-de-lana-zaldi-para-sillas-de-montar-inglesas\/#breadcrumb"},"inLanguage":"es","potentialAction":[{"@type":"ReadAction","target":["https:\/\/www.zaldionline.com\/es\/producto\/paneles-de-lana-zaldi-para-sillas-de-montar-inglesas\/"]}]},{"@type":"ImageObject","inLanguage":"es","@id":"https:\/\/www.zaldionline.com\/es\/producto\/paneles-de-lana-zaldi-para-sillas-de-montar-inglesas\/#primaryimage","url":"https:\/\/www.zaldionline.com\/es\/wp-content\/uploads\/sites\/2\/2021\/01\/AUFPOLSTERN.jpg","contentUrl":"https:\/\/www.zaldionline.com\/es\/wp-content\/uploads\/sites\/2\/2021\/01\/AUFPOLSTERN.jpg","width":144,"height":140},{"@type":"BreadcrumbList","@id":"https:\/\/www.zaldionline.com\/es\/producto\/paneles-de-lana-zaldi-para-sillas-de-montar-inglesas\/#breadcrumb","itemListElement":[{"@type":"ListItem","position":1,"name":"Portada","item":"https:\/\/www.zaldionline.com\/es\/"},{"@type":"ListItem","position":2,"name":"Sillas y accesorios","item":"https:\/\/www.zaldionline.com\/es\/sillas-y-accesorios\/"},{"@type":"ListItem","position":3,"name":"PANELES DE LANA ZALDI PARA SILLAS DE MONTAR INGLESAS"}]},{"@type":"WebSite","@id":"https:\/\/www.zaldionline.com\/es\/#website","url":"https:\/\/www.zaldionline.com\/es\/","name":"Zaldionline.com","description":"Los mejores productos para usted y su caballo","potentialAction":[{"@type":"SearchAction","target":{"@type":"EntryPoint","urlTemplate":"https:\/\/www.zaldionline.com\/es\/?s={search_term_string}"},"query-input":{"@type":"PropertyValueSpecification","valueRequired":true,"valueName":"search_term_string"}}],"inLanguage":"es"}]}},"_links":{"self":[{"href":"https:\/\/www.zaldionline.com\/es\/wp-json\/wp\/v2\/product\/22469","targetHints":{"allow":["GET"]}}],"collection":[{"href":"https:\/\/www.zaldionline.com\/es\/wp-json\/wp\/v2\/product"}],"about":[{"href":"https:\/\/www.zaldionline.com\/es\/wp-json\/wp\/v2\/types\/product"}],"replies":[{"embeddable":true,"href":"https:\/\/www.zaldionline.com\/es\/wp-json\/wp\/v2\/comments?post=22469"}],"version-history":[{"count":11,"href":"https:\/\/www.zaldionline.com\/es\/wp-json\/wp\/v2\/product\/22469\/revisions"}],"predecessor-version":[{"id":25026,"href":"https:\/\/www.zaldionline.com\/es\/wp-json\/wp\/v2\/product\/22469\/revisions\/25026"}],"wp:featuredmedia":[{"embeddable":true,"href":"https:\/\/www.zaldionline.com\/es\/wp-json\/wp\/v2\/media\/17601"}],"wp:attachment":[{"href":"https:\/\/www.zaldionline.com\/es\/wp-json\/wp\/v2\/media?parent=22469"}],"wp:term":[{"taxonomy":"product_brand","embeddable":true,"href":"https:\/\/www.zaldionline.com\/es\/wp-json\/wp\/v2\/product_brand?post=22469"},{"taxonomy":"product_cat","embeddable":true,"href":"https:\/\/www.zaldionline.com\/es\/wp-json\/wp\/v2\/product_cat?post=22469"},{"taxonomy":"product_tag","embeddable":true,"href":"https:\/\/www.zaldionline.com\/es\/wp-json\/wp\/v2\/product_tag?post=22469"}],"curies":[{"name":"wp","href":"https:\/\/api.w.org\/{rel}","templated":true}]}}