{"id":22509,"date":"2023-03-29T11:24:16","date_gmt":"2023-03-29T11:24:16","guid":{"rendered":"https:\/\/www.zaldionline.com\/?post_type=product&#038;p=22509"},"modified":"2024-04-13T11:15:55","modified_gmt":"2024-04-13T11:15:55","slug":"fabricacion-de-la-silla-segun-equiscan","status":"publish","type":"product","link":"https:\/\/www.zaldionline.com\/es\/producto\/fabricacion-de-la-silla-segun-equiscan\/","title":{"rendered":"FABRICACI\u00d3N DE LA SILLA SEG\u00daN EQUISCAN\u00ae"},"content":{"rendered":"\t\t<div data-elementor-type=\"wp-post\" data-elementor-id=\"22509\" class=\"elementor elementor-22509\">\n\t\t\t\t\t\t<section class=\"elementor-section elementor-top-section elementor-element elementor-element-2c324f9d elementor-section-boxed elementor-section-height-default elementor-section-height-default\" data-id=\"2c324f9d\" data-element_type=\"section\" data-e-type=\"section\">\n\t\t\t\t\t\t<div class=\"elementor-container elementor-column-gap-default\">\n\t\t\t\t\t<div class=\"elementor-column elementor-col-100 elementor-top-column elementor-element elementor-element-6b26a2f7\" data-id=\"6b26a2f7\" data-element_type=\"column\" data-e-type=\"column\">\n\t\t\t<div class=\"elementor-widget-wrap elementor-element-populated\">\n\t\t\t\t\t\t<div class=\"elementor-element elementor-element-61553df6 elementor-widget elementor-widget-text-editor\" data-id=\"61553df6\" data-element_type=\"widget\" data-e-type=\"widget\" data-widget_type=\"text-editor.default\">\n\t\t\t\t<div class=\"elementor-widget-container\">\n\t\t\t\t\t\t\t\t\t<p>FABRICACI\u00d3N DEL SILLA mediante la medici\u00f3n y comprobaci\u00f3n del ajuste de equiscan<\/p><p>Tras recibir la medici\u00f3n EQUIscan\u00ae, Zaldi configura el top\u00f3grafo EQUIscan\u00ae con los mismos datos y puede calcular as\u00ed los detalles correspondientes para la producci\u00f3n personalizada y fabricar el silla en consecuencia. Despu\u00e9s de la producci\u00f3n, el top\u00f3grafo se configura de nuevo, al igual que la &#8220;ventosa&#8221; correspondiente, que simula el dorso del caballo. A continuaci\u00f3n, se comprueba el ajuste de la silla en el panel. Como comprobaci\u00f3n final, se coloca el top\u00f3grafo en la silla y se comprueba. Se hacen fotos de la comprobaci\u00f3n del ajuste y se ponen a disposici\u00f3n del cliente.<\/p>\t\t\t\t\t\t\t\t<\/div>\n\t\t\t\t<\/div>\n\t\t\t\t\t<\/div>\n\t\t<\/div>\n\t\t\t\t\t<\/div>\n\t\t<\/section>\n\t\t\t\t<\/div>\n\t\t","protected":false},"excerpt":{"rendered":"<p><img decoding=\"async\" class=\"alignnone size-medium wp-image-16757\" src=\"https:\/\/zaldionline.com\/wp-content\/uploads\/2020\/11\/Fabricacion-silla-Zaldi-a-medida-de-bienestarcaballo-300x129.jpg\" alt=\"\" width=\"300\" height=\"129\" srcset=\"https:\/\/www.zaldionline.com\/es\/wp-content\/uploads\/sites\/2\/2020\/11\/Fabricacion-silla-Zaldi-a-medida-de-bienestarcaballo-300x129.jpg 300w, https:\/\/www.zaldionline.com\/es\/wp-content\/uploads\/sites\/2\/2020\/11\/Fabricacion-silla-Zaldi-a-medida-de-bienestarcaballo-600x259.jpg 600w, https:\/\/www.zaldionline.com\/es\/wp-content\/uploads\/sites\/2\/2020\/11\/Fabricacion-silla-Zaldi-a-medida-de-bienestarcaballo-1024x442.jpg 1024w, https:\/\/www.zaldionline.com\/es\/wp-content\/uploads\/sites\/2\/2020\/11\/Fabricacion-silla-Zaldi-a-medida-de-bienestarcaballo-768x331.jpg 768w, https:\/\/www.zaldionline.com\/es\/wp-content\/uploads\/sites\/2\/2020\/11\/Fabricacion-silla-Zaldi-a-medida-de-bienestarcaballo.jpg 1083w\" sizes=\"(max-width: 300px) 100vw, 300px\" \/><\/p>\n","protected":false},"featured_media":22511,"comment_status":"open","ping_status":"closed","template":"","meta":{"site-sidebar-layout":"default","site-content-layout":"default","ast-site-content-layout":"default","site-content-style":"default","site-sidebar-style":"default","ast-global-header-display":"","ast-banner-title-visibility":"","ast-main-header-display":"","ast-hfb-above-header-display":"","ast-hfb-below-header-display":"","ast-hfb-mobile-header-display":"","site-post-title":"","ast-breadcrumbs-content":"","ast-featured-img":"","footer-sml-layout":"","ast-disable-related-posts":"","theme-transparent-header-meta":"default","adv-header-id-meta":"","stick-header-meta":"","header-above-stick-meta":"","header-main-stick-meta":"","header-below-stick-meta":"","astra-migrate-meta-layouts":"set","ast-page-background-enabled":"default","ast-page-background-meta":{"desktop":{"background-color":"var(--ast-global-color-4)","background-image":"","background-repeat":"repeat","background-position":"center center","background-size":"auto","background-attachment":"scroll","background-type":"","background-media":"","overlay-type":"","overlay-color":"","overlay-opacity":"","overlay-gradient":""},"tablet":{"background-color":"","background-image":"","background-repeat":"repeat","background-position":"center center","background-size":"auto","background-attachment":"scroll","background-type":"","background-media":"","overlay-type":"","overlay-color":"","overlay-opacity":"","overlay-gradient":""},"mobile":{"background-color":"","background-image":"","background-repeat":"repeat","background-position":"center center","background-size":"auto","background-attachment":"scroll","background-type":"","background-media":"","overlay-type":"","overlay-color":"","overlay-opacity":"","overlay-gradient":""}},"ast-content-background-meta":{"desktop":{"background-color":"var(--ast-global-color-5)","background-image":"","background-repeat":"repeat","background-position":"center center","background-size":"auto","background-attachment":"scroll","background-type":"","background-media":"","overlay-type":"","overlay-color":"","overlay-opacity":"","overlay-gradient":""},"tablet":{"background-color":"var(--ast-global-color-5)","background-image":"","background-repeat":"repeat","background-position":"center center","background-size":"auto","background-attachment":"scroll","background-type":"","background-media":"","overlay-type":"","overlay-color":"","overlay-opacity":"","overlay-gradient":""},"mobile":{"background-color":"var(--ast-global-color-5)","background-image":"","background-repeat":"repeat","background-position":"center center","background-size":"auto","background-attachment":"scroll","background-type":"","background-media":"","overlay-type":"","overlay-color":"","overlay-opacity":"","overlay-gradient":""}},"ngg_post_thumbnail":0},"product_brand":[],"product_cat":[34,17],"product_tag":[300,346,1006,440,202,340,337,338,339],"class_list":{"0":"post-22509","1":"product","2":"type-product","3":"status-publish","4":"has-post-thumbnail","6":"product_cat-extras-fabricacion-a-medida-rodilleras-tm-reparaciones","7":"product_cat-sillas","8":"product_tag-equiscan","9":"product_tag-equiscan-zaldi","10":"product_tag-fabricacion-de-la-silla","11":"product_tag-silla","12":"product_tag-sillas","13":"product_tag-susanne-nagel","14":"product_tag-zaldi","15":"product_tag-zaldi-deutschland","16":"product_tag-zaldi-online-com","17":"desktop-align-left","18":"tablet-align-left","19":"mobile-align-left","21":"first","22":"instock","23":"virtual","24":"taxable","25":"purchasable","26":"product-type-simple"},"yoast_head":"<!-- This site is optimized with the Yoast SEO plugin v27.4 - https:\/\/yoast.com\/product\/yoast-seo-wordpress\/ -->\n<title>FABRICACI\u00d3N DE LA SILLA SEG\u00daN EQUISCAN\u00ae - Zaldionline.com<\/title>\n<meta name=\"description\" content=\"Precio incl. IVA: 164,00\u20ac FABRICACI\u00d3N DEL SILLA mediante la medici\u00f3n y comprobaci\u00f3n del ajuste de equiscan. Tras recibir la medici\u00f3n EQUIscan\u00ae, Zaldi configura el top\u00f3grafo EQUIscan\u00ae con los mismos datos y puede calcular as\u00ed los detalles correspondientes para la producci\u00f3n personalizada y fabricar el silla en consecuencia. Despu\u00e9s de la producci\u00f3n, el top\u00f3grafo se configura de nuevo, al igual que la &quot;ventosa&quot; correspondiente, que simula el dorso del caballo. A continuaci\u00f3n, se comprueba el ajuste de la silla en el panel. Como comprobaci\u00f3n final, se coloca el top\u00f3grafo en la silla y se comprueba. Se hacen fotos de la comprobaci\u00f3n del ajuste y se ponen a disposici\u00f3n del cliente.\" \/>\n<meta name=\"robots\" content=\"noindex, follow, max-snippet:-1, max-image-preview:large, max-video-preview:-1\" \/>\n<meta property=\"og:locale\" content=\"es_ES\" \/>\n<meta property=\"og:type\" content=\"article\" \/>\n<meta property=\"og:title\" content=\"FABRICACI\u00d3N DE LA SILLA SEG\u00daN EQUISCAN\u00ae - Zaldionline.com\" \/>\n<meta property=\"og:description\" content=\"Precio incl. IVA: 164,00\u20ac FABRICACI\u00d3N DEL SILLA mediante la medici\u00f3n y comprobaci\u00f3n del ajuste de equiscan. Tras recibir la medici\u00f3n EQUIscan\u00ae, Zaldi configura el top\u00f3grafo EQUIscan\u00ae con los mismos datos y puede calcular as\u00ed los detalles correspondientes para la producci\u00f3n personalizada y fabricar el silla en consecuencia. Despu\u00e9s de la producci\u00f3n, el top\u00f3grafo se configura de nuevo, al igual que la &quot;ventosa&quot; correspondiente, que simula el dorso del caballo. A continuaci\u00f3n, se comprueba el ajuste de la silla en el panel. Como comprobaci\u00f3n final, se coloca el top\u00f3grafo en la silla y se comprueba. Se hacen fotos de la comprobaci\u00f3n del ajuste y se ponen a disposici\u00f3n del cliente.\" \/>\n<meta property=\"og:url\" content=\"https:\/\/www.zaldionline.com\/es\/producto\/fabricacion-de-la-silla-segun-equiscan\/\" \/>\n<meta property=\"og:site_name\" content=\"Zaldionline.com\" \/>\n<meta property=\"article:modified_time\" content=\"2024-04-13T11:15:55+00:00\" \/>\n<meta property=\"og:image\" content=\"https:\/\/www.zaldionline.com\/es\/wp-content\/uploads\/sites\/2\/2023\/03\/Foto-ZALDI-EQUIscan-COMBI-REDUCED.jpg\" \/>\n\t<meta property=\"og:image:width\" content=\"531\" \/>\n\t<meta property=\"og:image:height\" content=\"625\" \/>\n\t<meta property=\"og:image:type\" content=\"image\/jpeg\" \/>\n<meta name=\"twitter:card\" content=\"summary_large_image\" \/>\n<meta name=\"twitter:label1\" content=\"Tiempo de lectura\" \/>\n\t<meta name=\"twitter:data1\" content=\"1 minuto\" \/>\n<script type=\"application\/ld+json\" class=\"yoast-schema-graph\">{\"@context\":\"https:\\\/\\\/schema.org\",\"@graph\":[{\"@type\":\"WebPage\",\"@id\":\"https:\\\/\\\/www.zaldionline.com\\\/es\\\/producto\\\/fabricacion-de-la-silla-segun-equiscan\\\/\",\"url\":\"https:\\\/\\\/www.zaldionline.com\\\/es\\\/producto\\\/fabricacion-de-la-silla-segun-equiscan\\\/\",\"name\":\"FABRICACI\u00d3N DE LA SILLA SEG\u00daN EQUISCAN\u00ae - Zaldionline.com\",\"isPartOf\":{\"@id\":\"https:\\\/\\\/www.zaldionline.com\\\/es\\\/#website\"},\"primaryImageOfPage\":{\"@id\":\"https:\\\/\\\/www.zaldionline.com\\\/es\\\/producto\\\/fabricacion-de-la-silla-segun-equiscan\\\/#primaryimage\"},\"image\":{\"@id\":\"https:\\\/\\\/www.zaldionline.com\\\/es\\\/producto\\\/fabricacion-de-la-silla-segun-equiscan\\\/#primaryimage\"},\"thumbnailUrl\":\"https:\\\/\\\/www.zaldionline.com\\\/es\\\/wp-content\\\/uploads\\\/sites\\\/2\\\/2023\\\/03\\\/Foto-ZALDI-EQUIscan-COMBI-REDUCED.jpg\",\"datePublished\":\"2023-03-29T11:24:16+00:00\",\"dateModified\":\"2024-04-13T11:15:55+00:00\",\"description\":\"Precio incl. IVA: 164,00\u20ac FABRICACI\u00d3N DEL SILLA mediante la medici\u00f3n y comprobaci\u00f3n del ajuste de equiscan. Tras recibir la medici\u00f3n EQUIscan\u00ae, Zaldi configura el top\u00f3grafo EQUIscan\u00ae con los mismos datos y puede calcular as\u00ed los detalles correspondientes para la producci\u00f3n personalizada y fabricar el silla en consecuencia. Despu\u00e9s de la producci\u00f3n, el top\u00f3grafo se configura de nuevo, al igual que la \\\"ventosa\\\" correspondiente, que simula el dorso del caballo. A continuaci\u00f3n, se comprueba el ajuste de la silla en el panel. Como comprobaci\u00f3n final, se coloca el top\u00f3grafo en la silla y se comprueba. Se hacen fotos de la comprobaci\u00f3n del ajuste y se ponen a disposici\u00f3n del cliente.\",\"breadcrumb\":{\"@id\":\"https:\\\/\\\/www.zaldionline.com\\\/es\\\/producto\\\/fabricacion-de-la-silla-segun-equiscan\\\/#breadcrumb\"},\"inLanguage\":\"es\",\"potentialAction\":[{\"@type\":\"ReadAction\",\"target\":[\"https:\\\/\\\/www.zaldionline.com\\\/es\\\/producto\\\/fabricacion-de-la-silla-segun-equiscan\\\/\"]}]},{\"@type\":\"ImageObject\",\"inLanguage\":\"es\",\"@id\":\"https:\\\/\\\/www.zaldionline.com\\\/es\\\/producto\\\/fabricacion-de-la-silla-segun-equiscan\\\/#primaryimage\",\"url\":\"https:\\\/\\\/www.zaldionline.com\\\/es\\\/wp-content\\\/uploads\\\/sites\\\/2\\\/2023\\\/03\\\/Foto-ZALDI-EQUIscan-COMBI-REDUCED.jpg\",\"contentUrl\":\"https:\\\/\\\/www.zaldionline.com\\\/es\\\/wp-content\\\/uploads\\\/sites\\\/2\\\/2023\\\/03\\\/Foto-ZALDI-EQUIscan-COMBI-REDUCED.jpg\",\"width\":531,\"height\":625},{\"@type\":\"BreadcrumbList\",\"@id\":\"https:\\\/\\\/www.zaldionline.com\\\/es\\\/producto\\\/fabricacion-de-la-silla-segun-equiscan\\\/#breadcrumb\",\"itemListElement\":[{\"@type\":\"ListItem\",\"position\":1,\"name\":\"Portada\",\"item\":\"https:\\\/\\\/www.zaldionline.com\\\/es\\\/\"},{\"@type\":\"ListItem\",\"position\":2,\"name\":\"Sillas y accesorios\",\"item\":\"https:\\\/\\\/www.zaldionline.com\\\/es\\\/sillas-y-accesorios\\\/\"},{\"@type\":\"ListItem\",\"position\":3,\"name\":\"FABRICACI\u00d3N DE LA SILLA SEG\u00daN EQUISCAN\u00ae\"}]},{\"@type\":\"WebSite\",\"@id\":\"https:\\\/\\\/www.zaldionline.com\\\/es\\\/#website\",\"url\":\"https:\\\/\\\/www.zaldionline.com\\\/es\\\/\",\"name\":\"Zaldionline.com\",\"description\":\"Los mejores productos para usted y su caballo\",\"potentialAction\":[{\"@type\":\"SearchAction\",\"target\":{\"@type\":\"EntryPoint\",\"urlTemplate\":\"https:\\\/\\\/www.zaldionline.com\\\/es\\\/?s={search_term_string}\"},\"query-input\":{\"@type\":\"PropertyValueSpecification\",\"valueRequired\":true,\"valueName\":\"search_term_string\"}}],\"inLanguage\":\"es\"}]}<\/script>\n<!-- \/ Yoast SEO plugin. -->","yoast_head_json":{"title":"FABRICACI\u00d3N DE LA SILLA SEG\u00daN EQUISCAN\u00ae - Zaldionline.com","description":"Precio incl. IVA: 164,00\u20ac FABRICACI\u00d3N DEL SILLA mediante la medici\u00f3n y comprobaci\u00f3n del ajuste de equiscan. Tras recibir la medici\u00f3n EQUIscan\u00ae, Zaldi configura el top\u00f3grafo EQUIscan\u00ae con los mismos datos y puede calcular as\u00ed los detalles correspondientes para la producci\u00f3n personalizada y fabricar el silla en consecuencia. Despu\u00e9s de la producci\u00f3n, el top\u00f3grafo se configura de nuevo, al igual que la \"ventosa\" correspondiente, que simula el dorso del caballo. A continuaci\u00f3n, se comprueba el ajuste de la silla en el panel. Como comprobaci\u00f3n final, se coloca el top\u00f3grafo en la silla y se comprueba. Se hacen fotos de la comprobaci\u00f3n del ajuste y se ponen a disposici\u00f3n del cliente.","robots":{"index":"noindex","follow":"follow","max-snippet":"max-snippet:-1","max-image-preview":"max-image-preview:large","max-video-preview":"max-video-preview:-1"},"og_locale":"es_ES","og_type":"article","og_title":"FABRICACI\u00d3N DE LA SILLA SEG\u00daN EQUISCAN\u00ae - Zaldionline.com","og_description":"Precio incl. IVA: 164,00\u20ac FABRICACI\u00d3N DEL SILLA mediante la medici\u00f3n y comprobaci\u00f3n del ajuste de equiscan. Tras recibir la medici\u00f3n EQUIscan\u00ae, Zaldi configura el top\u00f3grafo EQUIscan\u00ae con los mismos datos y puede calcular as\u00ed los detalles correspondientes para la producci\u00f3n personalizada y fabricar el silla en consecuencia. Despu\u00e9s de la producci\u00f3n, el top\u00f3grafo se configura de nuevo, al igual que la \"ventosa\" correspondiente, que simula el dorso del caballo. A continuaci\u00f3n, se comprueba el ajuste de la silla en el panel. Como comprobaci\u00f3n final, se coloca el top\u00f3grafo en la silla y se comprueba. Se hacen fotos de la comprobaci\u00f3n del ajuste y se ponen a disposici\u00f3n del cliente.","og_url":"https:\/\/www.zaldionline.com\/es\/producto\/fabricacion-de-la-silla-segun-equiscan\/","og_site_name":"Zaldionline.com","article_modified_time":"2024-04-13T11:15:55+00:00","og_image":[{"width":531,"height":625,"url":"https:\/\/www.zaldionline.com\/es\/wp-content\/uploads\/sites\/2\/2023\/03\/Foto-ZALDI-EQUIscan-COMBI-REDUCED.jpg","type":"image\/jpeg"}],"twitter_card":"summary_large_image","twitter_misc":{"Tiempo de lectura":"1 minuto"},"schema":{"@context":"https:\/\/schema.org","@graph":[{"@type":"WebPage","@id":"https:\/\/www.zaldionline.com\/es\/producto\/fabricacion-de-la-silla-segun-equiscan\/","url":"https:\/\/www.zaldionline.com\/es\/producto\/fabricacion-de-la-silla-segun-equiscan\/","name":"FABRICACI\u00d3N DE LA SILLA SEG\u00daN EQUISCAN\u00ae - Zaldionline.com","isPartOf":{"@id":"https:\/\/www.zaldionline.com\/es\/#website"},"primaryImageOfPage":{"@id":"https:\/\/www.zaldionline.com\/es\/producto\/fabricacion-de-la-silla-segun-equiscan\/#primaryimage"},"image":{"@id":"https:\/\/www.zaldionline.com\/es\/producto\/fabricacion-de-la-silla-segun-equiscan\/#primaryimage"},"thumbnailUrl":"https:\/\/www.zaldionline.com\/es\/wp-content\/uploads\/sites\/2\/2023\/03\/Foto-ZALDI-EQUIscan-COMBI-REDUCED.jpg","datePublished":"2023-03-29T11:24:16+00:00","dateModified":"2024-04-13T11:15:55+00:00","description":"Precio incl. IVA: 164,00\u20ac FABRICACI\u00d3N DEL SILLA mediante la medici\u00f3n y comprobaci\u00f3n del ajuste de equiscan. Tras recibir la medici\u00f3n EQUIscan\u00ae, Zaldi configura el top\u00f3grafo EQUIscan\u00ae con los mismos datos y puede calcular as\u00ed los detalles correspondientes para la producci\u00f3n personalizada y fabricar el silla en consecuencia. Despu\u00e9s de la producci\u00f3n, el top\u00f3grafo se configura de nuevo, al igual que la \"ventosa\" correspondiente, que simula el dorso del caballo. A continuaci\u00f3n, se comprueba el ajuste de la silla en el panel. Como comprobaci\u00f3n final, se coloca el top\u00f3grafo en la silla y se comprueba. Se hacen fotos de la comprobaci\u00f3n del ajuste y se ponen a disposici\u00f3n del cliente.","breadcrumb":{"@id":"https:\/\/www.zaldionline.com\/es\/producto\/fabricacion-de-la-silla-segun-equiscan\/#breadcrumb"},"inLanguage":"es","potentialAction":[{"@type":"ReadAction","target":["https:\/\/www.zaldionline.com\/es\/producto\/fabricacion-de-la-silla-segun-equiscan\/"]}]},{"@type":"ImageObject","inLanguage":"es","@id":"https:\/\/www.zaldionline.com\/es\/producto\/fabricacion-de-la-silla-segun-equiscan\/#primaryimage","url":"https:\/\/www.zaldionline.com\/es\/wp-content\/uploads\/sites\/2\/2023\/03\/Foto-ZALDI-EQUIscan-COMBI-REDUCED.jpg","contentUrl":"https:\/\/www.zaldionline.com\/es\/wp-content\/uploads\/sites\/2\/2023\/03\/Foto-ZALDI-EQUIscan-COMBI-REDUCED.jpg","width":531,"height":625},{"@type":"BreadcrumbList","@id":"https:\/\/www.zaldionline.com\/es\/producto\/fabricacion-de-la-silla-segun-equiscan\/#breadcrumb","itemListElement":[{"@type":"ListItem","position":1,"name":"Portada","item":"https:\/\/www.zaldionline.com\/es\/"},{"@type":"ListItem","position":2,"name":"Sillas y accesorios","item":"https:\/\/www.zaldionline.com\/es\/sillas-y-accesorios\/"},{"@type":"ListItem","position":3,"name":"FABRICACI\u00d3N DE LA SILLA SEG\u00daN EQUISCAN\u00ae"}]},{"@type":"WebSite","@id":"https:\/\/www.zaldionline.com\/es\/#website","url":"https:\/\/www.zaldionline.com\/es\/","name":"Zaldionline.com","description":"Los mejores productos para usted y su caballo","potentialAction":[{"@type":"SearchAction","target":{"@type":"EntryPoint","urlTemplate":"https:\/\/www.zaldionline.com\/es\/?s={search_term_string}"},"query-input":{"@type":"PropertyValueSpecification","valueRequired":true,"valueName":"search_term_string"}}],"inLanguage":"es"}]}},"_links":{"self":[{"href":"https:\/\/www.zaldionline.com\/es\/wp-json\/wp\/v2\/product\/22509","targetHints":{"allow":["GET"]}}],"collection":[{"href":"https:\/\/www.zaldionline.com\/es\/wp-json\/wp\/v2\/product"}],"about":[{"href":"https:\/\/www.zaldionline.com\/es\/wp-json\/wp\/v2\/types\/product"}],"replies":[{"embeddable":true,"href":"https:\/\/www.zaldionline.com\/es\/wp-json\/wp\/v2\/comments?post=22509"}],"version-history":[{"count":11,"href":"https:\/\/www.zaldionline.com\/es\/wp-json\/wp\/v2\/product\/22509\/revisions"}],"predecessor-version":[{"id":25016,"href":"https:\/\/www.zaldionline.com\/es\/wp-json\/wp\/v2\/product\/22509\/revisions\/25016"}],"wp:featuredmedia":[{"embeddable":true,"href":"https:\/\/www.zaldionline.com\/es\/wp-json\/wp\/v2\/media\/22511"}],"wp:attachment":[{"href":"https:\/\/www.zaldionline.com\/es\/wp-json\/wp\/v2\/media?parent=22509"}],"wp:term":[{"taxonomy":"product_brand","embeddable":true,"href":"https:\/\/www.zaldionline.com\/es\/wp-json\/wp\/v2\/product_brand?post=22509"},{"taxonomy":"product_cat","embeddable":true,"href":"https:\/\/www.zaldionline.com\/es\/wp-json\/wp\/v2\/product_cat?post=22509"},{"taxonomy":"product_tag","embeddable":true,"href":"https:\/\/www.zaldionline.com\/es\/wp-json\/wp\/v2\/product_tag?post=22509"}],"curies":[{"name":"wp","href":"https:\/\/api.w.org\/{rel}","templated":true}]}}