{"id":22529,"date":"2023-03-29T11:51:54","date_gmt":"2023-03-29T11:51:54","guid":{"rendered":"https:\/\/www.zaldionline.com\/?post_type=product&#038;p=22529"},"modified":"2024-04-14T08:48:30","modified_gmt":"2024-04-14T08:48:30","slug":"zaldi-neuheit-strass-stiefelverzierung-mit-clip","status":"publish","type":"product","link":"https:\/\/www.zaldionline.com\/es\/producto\/zaldi-neuheit-strass-stiefelverzierung-mit-clip\/","title":{"rendered":"ZALDI NEUHEIT STRASS STIEFELVERZIERUNG MIT CLIP"},"content":{"rendered":"\t\t<div data-elementor-type=\"wp-post\" data-elementor-id=\"22529\" class=\"elementor elementor-22529\">\n\t\t\t\t\t\t<section class=\"elementor-section elementor-top-section elementor-element elementor-element-1f3110fd elementor-section-boxed elementor-section-height-default elementor-section-height-default\" data-id=\"1f3110fd\" data-element_type=\"section\" data-e-type=\"section\">\n\t\t\t\t\t\t<div class=\"elementor-container elementor-column-gap-default\">\n\t\t\t\t\t<div class=\"elementor-column elementor-col-100 elementor-top-column elementor-element elementor-element-e2bbddc\" data-id=\"e2bbddc\" data-element_type=\"column\" data-e-type=\"column\">\n\t\t\t<div class=\"elementor-widget-wrap elementor-element-populated\">\n\t\t\t\t\t\t<div class=\"elementor-element elementor-element-19ce51a6 elementor-widget elementor-widget-text-editor\" data-id=\"19ce51a6\" data-element_type=\"widget\" data-e-type=\"widget\" data-widget_type=\"text-editor.default\">\n\t\t\t\t<div class=\"elementor-widget-container\">\n\t\t\t\t\t\t\t\t\t<p>Preis ink. MwSt.: 12,49\u20ac<\/p><p>STIEFELVERZIERUNG MIT CLIP <br \/>Verleihen Sie Ihrem Reitstiefel eine besondere Note mit diesen Stiefelclips.<br \/>Heben Sie sich von der Masse ab und ver\u00e4ndern Sie den Look Ihres Reitstiefels mit dieser Stiefelspange.<br \/>Es gibt 5 verschiedene Modelle, mit unterschiedlichen Lederoberfl\u00e4chen und verschiedenen Designs auf den dekorativen Kristallen.<br \/>Die Kristalle verst\u00e4rken die Reflexion des Lichts und verleihen Ihrem Reitstiefel einen besonderen, andersartigen und gl\u00e4nzenden Touch.<br \/>Der Clip ist einfach anzubringen und einzustellen und man sp\u00fcrt ihn nicht, wenn man ihn tr\u00e4gt. Kann an jedem Reitstiefel angebracht werden.<\/p><p>Verkauft in Paaren.<br \/>Ma\u00dfe: 10,5 cm (L\u00e4nge) x 2,75 cm (Breite)<\/p><p>Pr\u00fcfen Sie die Referenz jedes Modells und w\u00e4hlen Sie Ihre:<\/p><p>Ref. 21014250101 &#8211; Schwarzer Lederclip, verziert mit einer Reihe runder Kristalle in verschiedenen Gr\u00f6\u00dfen.<\/p><p>Ref. 21014250201 &#8211; Schwarzer Lederclip, verziert mit geometrischen Kristallen, die eine Zeichnung bilden.<\/p><p>Ref. 21014250301 &#8211; Schwarzer Lederclip, verziert mit einer Kombination aus stern- und halbmondf\u00f6rmigen Kristallen.<\/p><p>Ref. 21014250401 &#8211; Clip aus schwarzem Lackleder, verziert mit kleinen wei\u00dfen Strasssteinen, die sich von den anderen abheben.<\/p><p>Ref. 21014250501 &#8211; Clip aus Leder mit einer Kombination aus kleinen Kristallen und Strasssteinen.<\/p><p>Ref. 2101425<\/p>\t\t\t\t\t\t\t\t<\/div>\n\t\t\t\t<\/div>\n\t\t\t\t\t<\/div>\n\t\t<\/div>\n\t\t\t\t\t<\/div>\n\t\t<\/section>\n\t\t\t\t<\/div>\n\t\t","protected":false},"excerpt":{"rendered":"<p>Preis ink. MwSt.: 12,49\u20ac STIEFELVERZIERUNG MIT CLIP Verleihen Sie Ihrem Reitstiefel eine besondere Note mit diesen Stiefelclips. Heben Sie sich von der Masse ab und ver\u00e4ndern Sie den Look Ihres Reitstiefels mit dieser Stiefelspange. Es gibt 5 verschiedene Modelle, mit unterschiedlichen Lederoberfl\u00e4chen und verschiedenen Designs auf den dekorativen Kristallen. Die Kristalle verst\u00e4rken die Reflexion des [&hellip;]<\/p>\n","protected":false},"featured_media":22512,"comment_status":"open","ping_status":"closed","template":"","meta":{"site-sidebar-layout":"default","site-content-layout":"default","ast-site-content-layout":"default","site-content-style":"default","site-sidebar-style":"default","ast-global-header-display":"","ast-banner-title-visibility":"","ast-main-header-display":"","ast-hfb-above-header-display":"","ast-hfb-below-header-display":"","ast-hfb-mobile-header-display":"","site-post-title":"","ast-breadcrumbs-content":"","ast-featured-img":"","footer-sml-layout":"","ast-disable-related-posts":"","theme-transparent-header-meta":"default","adv-header-id-meta":"","stick-header-meta":"","header-above-stick-meta":"","header-main-stick-meta":"","header-below-stick-meta":"","astra-migrate-meta-layouts":"default","ast-page-background-enabled":"default","ast-page-background-meta":{"desktop":{"background-color":"var(--ast-global-color-4)","background-image":"","background-repeat":"repeat","background-position":"center center","background-size":"auto","background-attachment":"scroll","background-type":"","background-media":"","overlay-type":"","overlay-color":"","overlay-opacity":"","overlay-gradient":""},"tablet":{"background-color":"","background-image":"","background-repeat":"repeat","background-position":"center center","background-size":"auto","background-attachment":"scroll","background-type":"","background-media":"","overlay-type":"","overlay-color":"","overlay-opacity":"","overlay-gradient":""},"mobile":{"background-color":"","background-image":"","background-repeat":"repeat","background-position":"center center","background-size":"auto","background-attachment":"scroll","background-type":"","background-media":"","overlay-type":"","overlay-color":"","overlay-opacity":"","overlay-gradient":""}},"ast-content-background-meta":{"desktop":{"background-color":"var(--ast-global-color-5)","background-image":"","background-repeat":"repeat","background-position":"center center","background-size":"auto","background-attachment":"scroll","background-type":"","background-media":"","overlay-type":"","overlay-color":"","overlay-opacity":"","overlay-gradient":""},"tablet":{"background-color":"var(--ast-global-color-5)","background-image":"","background-repeat":"repeat","background-position":"center center","background-size":"auto","background-attachment":"scroll","background-type":"","background-media":"","overlay-type":"","overlay-color":"","overlay-opacity":"","overlay-gradient":""},"mobile":{"background-color":"var(--ast-global-color-5)","background-image":"","background-repeat":"repeat","background-position":"center center","background-size":"auto","background-attachment":"scroll","background-type":"","background-media":"","overlay-type":"","overlay-color":"","overlay-opacity":"","overlay-gradient":""}},"ngg_post_thumbnail":0},"product_brand":[],"product_cat":[277],"product_tag":[341,528,529,524,530,526,527,340,337,338,339],"class_list":{"0":"post-22529","1":"product","2":"type-product","3":"status-publish","4":"has-post-thumbnail","6":"product_cat-neuigkeiten","7":"product_tag-bienestarcaballo","8":"product_tag-kristalle","9":"product_tag-kristallsteine","10":"product_tag-stiefelclip","11":"product_tag-stiefelspange","12":"product_tag-strass","13":"product_tag-strasssteine","14":"product_tag-susanne-nagel","15":"product_tag-zaldi","16":"product_tag-zaldi-deutschland","17":"product_tag-zaldi-online-com","18":"desktop-align-left","19":"tablet-align-left","20":"mobile-align-left","22":"first","23":"instock","24":"taxable","25":"shipping-taxable","26":"purchasable","27":"product-type-variable"},"yoast_head":"<!-- This site is optimized with the Yoast SEO plugin v27.4 - https:\/\/yoast.com\/product\/yoast-seo-wordpress\/ -->\n<title>ZALDI NEUHEIT STRASS STIEFELVERZIERUNG MIT CLIP - Zaldionline.com<\/title>\n<meta name=\"description\" content=\"STIEFELVERZIERUNG MIT CLIP. Verleihen Sie Ihrem Reitstiefel eine besondere Note mit diesen Stiefelclips. Heben Sie sich von der Masse ab und ver\u00e4ndern Sie den Look Ihres Reitstiefels mit dieser Stiefelspange. Es gibt 5 verschiedene Modelle, mit unterschiedlichen Lederoberfl\u00e4chen und verschiedenen Designs auf den dekorativen Kristallen. Die Kristalle verst\u00e4rken die Reflexion des Lichts und verleihen Ihrem Reitstiefel einen besonderen, andersartigen und gl\u00e4nzenden Touch. Der Clip ist einfach anzubringen und einzustellen und man sp\u00fcrt ihn nicht, wenn man ihn tr\u00e4gt. Kann an jedem Reitstiefel angebracht werden. Verkauf paarweise. Ma\u00dfe: 10,5 cm (L\u00e4nge) x 2,75 cm (Breite) Pr\u00fcfen Sie die Referenz jedes Modells und w\u00e4hlen Sie Ihre: Ref. 21014250101 - Schwarzer Lederclip, verziert mit einer Reihe runder Kristalle in verschiedenen Gr\u00f6\u00dfen. Ref. 21014250201 - Schwarzer Lederclip, verziert mit geometrischen Kristallen, die eine Zeichnung bilden. Ref. 21014250301 - Schwarzer Lederclip, verziert mit einer Kombination aus stern- und halbmondf\u00f6rmigen Kristallen. Ref. 21014250401 - Clip aus schwarzem Lackleder, verziert mit kleinen wei\u00dfen Strasssteinen, die sich von den anderen abheben. Ref. 21014250501 - Clip aus Leder mit einer Kombination aus kleinen Kristallen und Strasssteinen. Ref. 2101425 Erh\u00e4ltlich \u00fcber Zaldionline.com\" \/>\n<meta name=\"robots\" content=\"noindex, follow, max-snippet:-1, max-image-preview:large, max-video-preview:-1\" \/>\n<meta property=\"og:locale\" content=\"es_ES\" \/>\n<meta property=\"og:type\" content=\"article\" \/>\n<meta property=\"og:title\" content=\"ZALDI NEUHEIT STRASS STIEFELVERZIERUNG MIT CLIP - Zaldionline.com\" \/>\n<meta property=\"og:description\" content=\"STIEFELVERZIERUNG MIT CLIP. Verleihen Sie Ihrem Reitstiefel eine besondere Note mit diesen Stiefelclips. Heben Sie sich von der Masse ab und ver\u00e4ndern Sie den Look Ihres Reitstiefels mit dieser Stiefelspange. Es gibt 5 verschiedene Modelle, mit unterschiedlichen Lederoberfl\u00e4chen und verschiedenen Designs auf den dekorativen Kristallen. Die Kristalle verst\u00e4rken die Reflexion des Lichts und verleihen Ihrem Reitstiefel einen besonderen, andersartigen und gl\u00e4nzenden Touch. Der Clip ist einfach anzubringen und einzustellen und man sp\u00fcrt ihn nicht, wenn man ihn tr\u00e4gt. Kann an jedem Reitstiefel angebracht werden. Verkauf paarweise. Ma\u00dfe: 10,5 cm (L\u00e4nge) x 2,75 cm (Breite) Pr\u00fcfen Sie die Referenz jedes Modells und w\u00e4hlen Sie Ihre: Ref. 21014250101 - Schwarzer Lederclip, verziert mit einer Reihe runder Kristalle in verschiedenen Gr\u00f6\u00dfen. Ref. 21014250201 - Schwarzer Lederclip, verziert mit geometrischen Kristallen, die eine Zeichnung bilden. Ref. 21014250301 - Schwarzer Lederclip, verziert mit einer Kombination aus stern- und halbmondf\u00f6rmigen Kristallen. Ref. 21014250401 - Clip aus schwarzem Lackleder, verziert mit kleinen wei\u00dfen Strasssteinen, die sich von den anderen abheben. Ref. 21014250501 - Clip aus Leder mit einer Kombination aus kleinen Kristallen und Strasssteinen. Ref. 2101425 Erh\u00e4ltlich \u00fcber Zaldionline.com\" \/>\n<meta property=\"og:url\" content=\"https:\/\/www.zaldionline.com\/es\/producto\/zaldi-neuheit-strass-stiefelverzierung-mit-clip\/\" \/>\n<meta property=\"og:site_name\" content=\"Zaldionline.com\" \/>\n<meta property=\"article:modified_time\" content=\"2024-04-14T08:48:30+00:00\" \/>\n<meta property=\"og:image\" content=\"https:\/\/www.zaldionline.com\/es\/wp-content\/uploads\/sites\/2\/2023\/03\/Bild_2023-03-29_133025847.png\" \/>\n\t<meta property=\"og:image:width\" content=\"506\" \/>\n\t<meta property=\"og:image:height\" content=\"505\" \/>\n\t<meta property=\"og:image:type\" content=\"image\/png\" \/>\n<meta name=\"twitter:card\" content=\"summary_large_image\" \/>\n<meta name=\"twitter:label1\" content=\"Tiempo de lectura\" \/>\n\t<meta name=\"twitter:data1\" content=\"1 minuto\" \/>\n<script type=\"application\/ld+json\" class=\"yoast-schema-graph\">{\"@context\":\"https:\\\/\\\/schema.org\",\"@graph\":[{\"@type\":\"WebPage\",\"@id\":\"https:\\\/\\\/www.zaldionline.com\\\/es\\\/producto\\\/zaldi-neuheit-strass-stiefelverzierung-mit-clip\\\/\",\"url\":\"https:\\\/\\\/www.zaldionline.com\\\/es\\\/producto\\\/zaldi-neuheit-strass-stiefelverzierung-mit-clip\\\/\",\"name\":\"ZALDI NEUHEIT STRASS STIEFELVERZIERUNG MIT CLIP - Zaldionline.com\",\"isPartOf\":{\"@id\":\"https:\\\/\\\/www.zaldionline.com\\\/es\\\/#website\"},\"primaryImageOfPage\":{\"@id\":\"https:\\\/\\\/www.zaldionline.com\\\/es\\\/producto\\\/zaldi-neuheit-strass-stiefelverzierung-mit-clip\\\/#primaryimage\"},\"image\":{\"@id\":\"https:\\\/\\\/www.zaldionline.com\\\/es\\\/producto\\\/zaldi-neuheit-strass-stiefelverzierung-mit-clip\\\/#primaryimage\"},\"thumbnailUrl\":\"https:\\\/\\\/www.zaldionline.com\\\/es\\\/wp-content\\\/uploads\\\/sites\\\/2\\\/2023\\\/03\\\/Bild_2023-03-29_133025847.png\",\"datePublished\":\"2023-03-29T11:51:54+00:00\",\"dateModified\":\"2024-04-14T08:48:30+00:00\",\"description\":\"STIEFELVERZIERUNG MIT CLIP. Verleihen Sie Ihrem Reitstiefel eine besondere Note mit diesen Stiefelclips. Heben Sie sich von der Masse ab und ver\u00e4ndern Sie den Look Ihres Reitstiefels mit dieser Stiefelspange. Es gibt 5 verschiedene Modelle, mit unterschiedlichen Lederoberfl\u00e4chen und verschiedenen Designs auf den dekorativen Kristallen. Die Kristalle verst\u00e4rken die Reflexion des Lichts und verleihen Ihrem Reitstiefel einen besonderen, andersartigen und gl\u00e4nzenden Touch. Der Clip ist einfach anzubringen und einzustellen und man sp\u00fcrt ihn nicht, wenn man ihn tr\u00e4gt. Kann an jedem Reitstiefel angebracht werden. Verkauf paarweise. Ma\u00dfe: 10,5 cm (L\u00e4nge) x 2,75 cm (Breite) Pr\u00fcfen Sie die Referenz jedes Modells und w\u00e4hlen Sie Ihre: Ref. 21014250101 - Schwarzer Lederclip, verziert mit einer Reihe runder Kristalle in verschiedenen Gr\u00f6\u00dfen. Ref. 21014250201 - Schwarzer Lederclip, verziert mit geometrischen Kristallen, die eine Zeichnung bilden. Ref. 21014250301 - Schwarzer Lederclip, verziert mit einer Kombination aus stern- und halbmondf\u00f6rmigen Kristallen. Ref. 21014250401 - Clip aus schwarzem Lackleder, verziert mit kleinen wei\u00dfen Strasssteinen, die sich von den anderen abheben. Ref. 21014250501 - Clip aus Leder mit einer Kombination aus kleinen Kristallen und Strasssteinen. Ref. 2101425 Erh\u00e4ltlich \u00fcber Zaldionline.com\",\"breadcrumb\":{\"@id\":\"https:\\\/\\\/www.zaldionline.com\\\/es\\\/producto\\\/zaldi-neuheit-strass-stiefelverzierung-mit-clip\\\/#breadcrumb\"},\"inLanguage\":\"es\",\"potentialAction\":[{\"@type\":\"ReadAction\",\"target\":[\"https:\\\/\\\/www.zaldionline.com\\\/es\\\/producto\\\/zaldi-neuheit-strass-stiefelverzierung-mit-clip\\\/\"]}]},{\"@type\":\"ImageObject\",\"inLanguage\":\"es\",\"@id\":\"https:\\\/\\\/www.zaldionline.com\\\/es\\\/producto\\\/zaldi-neuheit-strass-stiefelverzierung-mit-clip\\\/#primaryimage\",\"url\":\"https:\\\/\\\/www.zaldionline.com\\\/es\\\/wp-content\\\/uploads\\\/sites\\\/2\\\/2023\\\/03\\\/Bild_2023-03-29_133025847.png\",\"contentUrl\":\"https:\\\/\\\/www.zaldionline.com\\\/es\\\/wp-content\\\/uploads\\\/sites\\\/2\\\/2023\\\/03\\\/Bild_2023-03-29_133025847.png\",\"width\":506,\"height\":505},{\"@type\":\"BreadcrumbList\",\"@id\":\"https:\\\/\\\/www.zaldionline.com\\\/es\\\/producto\\\/zaldi-neuheit-strass-stiefelverzierung-mit-clip\\\/#breadcrumb\",\"itemListElement\":[{\"@type\":\"ListItem\",\"position\":1,\"name\":\"Portada\",\"item\":\"https:\\\/\\\/www.zaldionline.com\\\/es\\\/\"},{\"@type\":\"ListItem\",\"position\":2,\"name\":\"Sillas y accesorios\",\"item\":\"https:\\\/\\\/www.zaldionline.com\\\/es\\\/sillas-y-accesorios\\\/\"},{\"@type\":\"ListItem\",\"position\":3,\"name\":\"ZALDI NEUHEIT STRASS STIEFELVERZIERUNG MIT CLIP\"}]},{\"@type\":\"WebSite\",\"@id\":\"https:\\\/\\\/www.zaldionline.com\\\/es\\\/#website\",\"url\":\"https:\\\/\\\/www.zaldionline.com\\\/es\\\/\",\"name\":\"Zaldionline.com\",\"description\":\"Los mejores productos para usted y su caballo\",\"potentialAction\":[{\"@type\":\"SearchAction\",\"target\":{\"@type\":\"EntryPoint\",\"urlTemplate\":\"https:\\\/\\\/www.zaldionline.com\\\/es\\\/?s={search_term_string}\"},\"query-input\":{\"@type\":\"PropertyValueSpecification\",\"valueRequired\":true,\"valueName\":\"search_term_string\"}}],\"inLanguage\":\"es\"}]}<\/script>\n<!-- \/ Yoast SEO plugin. -->","yoast_head_json":{"title":"ZALDI NEUHEIT STRASS STIEFELVERZIERUNG MIT CLIP - Zaldionline.com","description":"STIEFELVERZIERUNG MIT CLIP. Verleihen Sie Ihrem Reitstiefel eine besondere Note mit diesen Stiefelclips. Heben Sie sich von der Masse ab und ver\u00e4ndern Sie den Look Ihres Reitstiefels mit dieser Stiefelspange. Es gibt 5 verschiedene Modelle, mit unterschiedlichen Lederoberfl\u00e4chen und verschiedenen Designs auf den dekorativen Kristallen. Die Kristalle verst\u00e4rken die Reflexion des Lichts und verleihen Ihrem Reitstiefel einen besonderen, andersartigen und gl\u00e4nzenden Touch. Der Clip ist einfach anzubringen und einzustellen und man sp\u00fcrt ihn nicht, wenn man ihn tr\u00e4gt. Kann an jedem Reitstiefel angebracht werden. Verkauf paarweise. Ma\u00dfe: 10,5 cm (L\u00e4nge) x 2,75 cm (Breite) Pr\u00fcfen Sie die Referenz jedes Modells und w\u00e4hlen Sie Ihre: Ref. 21014250101 - Schwarzer Lederclip, verziert mit einer Reihe runder Kristalle in verschiedenen Gr\u00f6\u00dfen. Ref. 21014250201 - Schwarzer Lederclip, verziert mit geometrischen Kristallen, die eine Zeichnung bilden. Ref. 21014250301 - Schwarzer Lederclip, verziert mit einer Kombination aus stern- und halbmondf\u00f6rmigen Kristallen. Ref. 21014250401 - Clip aus schwarzem Lackleder, verziert mit kleinen wei\u00dfen Strasssteinen, die sich von den anderen abheben. Ref. 21014250501 - Clip aus Leder mit einer Kombination aus kleinen Kristallen und Strasssteinen. Ref. 2101425 Erh\u00e4ltlich \u00fcber Zaldionline.com","robots":{"index":"noindex","follow":"follow","max-snippet":"max-snippet:-1","max-image-preview":"max-image-preview:large","max-video-preview":"max-video-preview:-1"},"og_locale":"es_ES","og_type":"article","og_title":"ZALDI NEUHEIT STRASS STIEFELVERZIERUNG MIT CLIP - Zaldionline.com","og_description":"STIEFELVERZIERUNG MIT CLIP. Verleihen Sie Ihrem Reitstiefel eine besondere Note mit diesen Stiefelclips. Heben Sie sich von der Masse ab und ver\u00e4ndern Sie den Look Ihres Reitstiefels mit dieser Stiefelspange. Es gibt 5 verschiedene Modelle, mit unterschiedlichen Lederoberfl\u00e4chen und verschiedenen Designs auf den dekorativen Kristallen. Die Kristalle verst\u00e4rken die Reflexion des Lichts und verleihen Ihrem Reitstiefel einen besonderen, andersartigen und gl\u00e4nzenden Touch. Der Clip ist einfach anzubringen und einzustellen und man sp\u00fcrt ihn nicht, wenn man ihn tr\u00e4gt. Kann an jedem Reitstiefel angebracht werden. Verkauf paarweise. Ma\u00dfe: 10,5 cm (L\u00e4nge) x 2,75 cm (Breite) Pr\u00fcfen Sie die Referenz jedes Modells und w\u00e4hlen Sie Ihre: Ref. 21014250101 - Schwarzer Lederclip, verziert mit einer Reihe runder Kristalle in verschiedenen Gr\u00f6\u00dfen. Ref. 21014250201 - Schwarzer Lederclip, verziert mit geometrischen Kristallen, die eine Zeichnung bilden. Ref. 21014250301 - Schwarzer Lederclip, verziert mit einer Kombination aus stern- und halbmondf\u00f6rmigen Kristallen. Ref. 21014250401 - Clip aus schwarzem Lackleder, verziert mit kleinen wei\u00dfen Strasssteinen, die sich von den anderen abheben. Ref. 21014250501 - Clip aus Leder mit einer Kombination aus kleinen Kristallen und Strasssteinen. Ref. 2101425 Erh\u00e4ltlich \u00fcber Zaldionline.com","og_url":"https:\/\/www.zaldionline.com\/es\/producto\/zaldi-neuheit-strass-stiefelverzierung-mit-clip\/","og_site_name":"Zaldionline.com","article_modified_time":"2024-04-14T08:48:30+00:00","og_image":[{"width":506,"height":505,"url":"https:\/\/www.zaldionline.com\/es\/wp-content\/uploads\/sites\/2\/2023\/03\/Bild_2023-03-29_133025847.png","type":"image\/png"}],"twitter_card":"summary_large_image","twitter_misc":{"Tiempo de lectura":"1 minuto"},"schema":{"@context":"https:\/\/schema.org","@graph":[{"@type":"WebPage","@id":"https:\/\/www.zaldionline.com\/es\/producto\/zaldi-neuheit-strass-stiefelverzierung-mit-clip\/","url":"https:\/\/www.zaldionline.com\/es\/producto\/zaldi-neuheit-strass-stiefelverzierung-mit-clip\/","name":"ZALDI NEUHEIT STRASS STIEFELVERZIERUNG MIT CLIP - Zaldionline.com","isPartOf":{"@id":"https:\/\/www.zaldionline.com\/es\/#website"},"primaryImageOfPage":{"@id":"https:\/\/www.zaldionline.com\/es\/producto\/zaldi-neuheit-strass-stiefelverzierung-mit-clip\/#primaryimage"},"image":{"@id":"https:\/\/www.zaldionline.com\/es\/producto\/zaldi-neuheit-strass-stiefelverzierung-mit-clip\/#primaryimage"},"thumbnailUrl":"https:\/\/www.zaldionline.com\/es\/wp-content\/uploads\/sites\/2\/2023\/03\/Bild_2023-03-29_133025847.png","datePublished":"2023-03-29T11:51:54+00:00","dateModified":"2024-04-14T08:48:30+00:00","description":"STIEFELVERZIERUNG MIT CLIP. Verleihen Sie Ihrem Reitstiefel eine besondere Note mit diesen Stiefelclips. Heben Sie sich von der Masse ab und ver\u00e4ndern Sie den Look Ihres Reitstiefels mit dieser Stiefelspange. Es gibt 5 verschiedene Modelle, mit unterschiedlichen Lederoberfl\u00e4chen und verschiedenen Designs auf den dekorativen Kristallen. Die Kristalle verst\u00e4rken die Reflexion des Lichts und verleihen Ihrem Reitstiefel einen besonderen, andersartigen und gl\u00e4nzenden Touch. Der Clip ist einfach anzubringen und einzustellen und man sp\u00fcrt ihn nicht, wenn man ihn tr\u00e4gt. Kann an jedem Reitstiefel angebracht werden. Verkauf paarweise. Ma\u00dfe: 10,5 cm (L\u00e4nge) x 2,75 cm (Breite) Pr\u00fcfen Sie die Referenz jedes Modells und w\u00e4hlen Sie Ihre: Ref. 21014250101 - Schwarzer Lederclip, verziert mit einer Reihe runder Kristalle in verschiedenen Gr\u00f6\u00dfen. Ref. 21014250201 - Schwarzer Lederclip, verziert mit geometrischen Kristallen, die eine Zeichnung bilden. Ref. 21014250301 - Schwarzer Lederclip, verziert mit einer Kombination aus stern- und halbmondf\u00f6rmigen Kristallen. Ref. 21014250401 - Clip aus schwarzem Lackleder, verziert mit kleinen wei\u00dfen Strasssteinen, die sich von den anderen abheben. Ref. 21014250501 - Clip aus Leder mit einer Kombination aus kleinen Kristallen und Strasssteinen. Ref. 2101425 Erh\u00e4ltlich \u00fcber Zaldionline.com","breadcrumb":{"@id":"https:\/\/www.zaldionline.com\/es\/producto\/zaldi-neuheit-strass-stiefelverzierung-mit-clip\/#breadcrumb"},"inLanguage":"es","potentialAction":[{"@type":"ReadAction","target":["https:\/\/www.zaldionline.com\/es\/producto\/zaldi-neuheit-strass-stiefelverzierung-mit-clip\/"]}]},{"@type":"ImageObject","inLanguage":"es","@id":"https:\/\/www.zaldionline.com\/es\/producto\/zaldi-neuheit-strass-stiefelverzierung-mit-clip\/#primaryimage","url":"https:\/\/www.zaldionline.com\/es\/wp-content\/uploads\/sites\/2\/2023\/03\/Bild_2023-03-29_133025847.png","contentUrl":"https:\/\/www.zaldionline.com\/es\/wp-content\/uploads\/sites\/2\/2023\/03\/Bild_2023-03-29_133025847.png","width":506,"height":505},{"@type":"BreadcrumbList","@id":"https:\/\/www.zaldionline.com\/es\/producto\/zaldi-neuheit-strass-stiefelverzierung-mit-clip\/#breadcrumb","itemListElement":[{"@type":"ListItem","position":1,"name":"Portada","item":"https:\/\/www.zaldionline.com\/es\/"},{"@type":"ListItem","position":2,"name":"Sillas y accesorios","item":"https:\/\/www.zaldionline.com\/es\/sillas-y-accesorios\/"},{"@type":"ListItem","position":3,"name":"ZALDI NEUHEIT STRASS STIEFELVERZIERUNG MIT CLIP"}]},{"@type":"WebSite","@id":"https:\/\/www.zaldionline.com\/es\/#website","url":"https:\/\/www.zaldionline.com\/es\/","name":"Zaldionline.com","description":"Los mejores productos para usted y su caballo","potentialAction":[{"@type":"SearchAction","target":{"@type":"EntryPoint","urlTemplate":"https:\/\/www.zaldionline.com\/es\/?s={search_term_string}"},"query-input":{"@type":"PropertyValueSpecification","valueRequired":true,"valueName":"search_term_string"}}],"inLanguage":"es"}]}},"_links":{"self":[{"href":"https:\/\/www.zaldionline.com\/es\/wp-json\/wp\/v2\/product\/22529","targetHints":{"allow":["GET"]}}],"collection":[{"href":"https:\/\/www.zaldionline.com\/es\/wp-json\/wp\/v2\/product"}],"about":[{"href":"https:\/\/www.zaldionline.com\/es\/wp-json\/wp\/v2\/types\/product"}],"replies":[{"embeddable":true,"href":"https:\/\/www.zaldionline.com\/es\/wp-json\/wp\/v2\/comments?post=22529"}],"version-history":[{"count":1,"href":"https:\/\/www.zaldionline.com\/es\/wp-json\/wp\/v2\/product\/22529\/revisions"}],"predecessor-version":[{"id":22535,"href":"https:\/\/www.zaldionline.com\/es\/wp-json\/wp\/v2\/product\/22529\/revisions\/22535"}],"wp:featuredmedia":[{"embeddable":true,"href":"https:\/\/www.zaldionline.com\/es\/wp-json\/wp\/v2\/media\/22512"}],"wp:attachment":[{"href":"https:\/\/www.zaldionline.com\/es\/wp-json\/wp\/v2\/media?parent=22529"}],"wp:term":[{"taxonomy":"product_brand","embeddable":true,"href":"https:\/\/www.zaldionline.com\/es\/wp-json\/wp\/v2\/product_brand?post=22529"},{"taxonomy":"product_cat","embeddable":true,"href":"https:\/\/www.zaldionline.com\/es\/wp-json\/wp\/v2\/product_cat?post=22529"},{"taxonomy":"product_tag","embeddable":true,"href":"https:\/\/www.zaldionline.com\/es\/wp-json\/wp\/v2\/product_tag?post=22529"}],"curies":[{"name":"wp","href":"https:\/\/api.w.org\/{rel}","templated":true}]}}