{"id":22543,"date":"2023-03-29T12:04:14","date_gmt":"2023-03-29T12:04:14","guid":{"rendered":"https:\/\/www.zaldionline.com\/?post_type=product&#038;p=22543"},"modified":"2024-04-13T10:52:32","modified_gmt":"2024-04-13T10:52:32","slug":"adorno-silla-tira-decorativa-trasera-02","status":"publish","type":"product","link":"https:\/\/www.zaldionline.com\/es\/producto\/adorno-silla-tira-decorativa-trasera-02\/","title":{"rendered":"ADORNO SILLA TIRA DECORATIVA TRASERA 02"},"content":{"rendered":"\t\t<div data-elementor-type=\"wp-post\" data-elementor-id=\"22543\" class=\"elementor elementor-22543\">\n\t\t\t\t\t\t<section class=\"elementor-section elementor-top-section elementor-element elementor-element-1f3110fd elementor-section-boxed elementor-section-height-default elementor-section-height-default\" data-id=\"1f3110fd\" data-element_type=\"section\" data-e-type=\"section\">\n\t\t\t\t\t\t<div class=\"elementor-container elementor-column-gap-default\">\n\t\t\t\t\t<div class=\"elementor-column elementor-col-100 elementor-top-column elementor-element elementor-element-e2bbddc\" data-id=\"e2bbddc\" data-element_type=\"column\" data-e-type=\"column\">\n\t\t\t<div class=\"elementor-widget-wrap elementor-element-populated\">\n\t\t\t\t\t\t<div class=\"elementor-element elementor-element-19ce51a6 elementor-widget elementor-widget-text-editor\" data-id=\"19ce51a6\" data-element_type=\"widget\" data-e-type=\"widget\" data-widget_type=\"text-editor.default\">\n\t\t\t\t<div class=\"elementor-widget-container\">\n\t\t\t\t\t\t\t\t\t<p><b>\u00a1Dale brillo a tu silla de montar!<\/b><br \/><br \/>Dale un toque original adorn\u00e1ndola con la tira decorativa Zaldi.<br \/>\u00a1Dale!!! F\u00e1cil de colocar mediante los lazos el\u00e1sticos ajustables por debajo del fald\u00f3n.<br \/>Dale un toque de brillo y color con la tira decorada con pedrer\u00eda de colores.<br \/>\u00a1Dale color!!! Gran variedad de colores, combinaciones y anchos.<br \/><br \/>Ancho tira: 1.5 cm<br \/>Largo tira: 30 cm<br \/>Color: cristales brillantes blancos y piedras negras.<\/p><p>Ref. 2130102<\/p>\t\t\t\t\t\t\t\t<\/div>\n\t\t\t\t<\/div>\n\t\t\t\t\t<\/div>\n\t\t<\/div>\n\t\t\t\t\t<\/div>\n\t\t<\/section>\n\t\t\t\t<\/div>\n\t\t","protected":false},"excerpt":{"rendered":"<p>\u00a1Dale brillo a tu silla de montar! Dale un toque original adorn\u00e1ndola con la tira decorativa Zaldi. \u00a1Dale!!! F\u00e1cil de colocar mediante los lazos el\u00e1sticos ajustables por debajo del fald\u00f3n. Dale un toque de brillo y color con la tira decorada con pedrer\u00eda de colores. \u00a1Dale color!!! Gran variedad de colores, combinaciones y anchos. Ancho [&hellip;]<\/p>\n","protected":false},"featured_media":22537,"comment_status":"open","ping_status":"closed","template":"","meta":{"site-sidebar-layout":"default","site-content-layout":"default","ast-site-content-layout":"default","site-content-style":"default","site-sidebar-style":"default","ast-global-header-display":"","ast-banner-title-visibility":"","ast-main-header-display":"","ast-hfb-above-header-display":"","ast-hfb-below-header-display":"","ast-hfb-mobile-header-display":"","site-post-title":"","ast-breadcrumbs-content":"","ast-featured-img":"","footer-sml-layout":"","ast-disable-related-posts":"","theme-transparent-header-meta":"default","adv-header-id-meta":"","stick-header-meta":"","header-above-stick-meta":"","header-main-stick-meta":"","header-below-stick-meta":"","astra-migrate-meta-layouts":"set","ast-page-background-enabled":"default","ast-page-background-meta":{"desktop":{"background-color":"var(--ast-global-color-4)","background-image":"","background-repeat":"repeat","background-position":"center center","background-size":"auto","background-attachment":"scroll","background-type":"","background-media":"","overlay-type":"","overlay-color":"","overlay-opacity":"","overlay-gradient":""},"tablet":{"background-color":"","background-image":"","background-repeat":"repeat","background-position":"center center","background-size":"auto","background-attachment":"scroll","background-type":"","background-media":"","overlay-type":"","overlay-color":"","overlay-opacity":"","overlay-gradient":""},"mobile":{"background-color":"","background-image":"","background-repeat":"repeat","background-position":"center center","background-size":"auto","background-attachment":"scroll","background-type":"","background-media":"","overlay-type":"","overlay-color":"","overlay-opacity":"","overlay-gradient":""}},"ast-content-background-meta":{"desktop":{"background-color":"var(--ast-global-color-5)","background-image":"","background-repeat":"repeat","background-position":"center center","background-size":"auto","background-attachment":"scroll","background-type":"","background-media":"","overlay-type":"","overlay-color":"","overlay-opacity":"","overlay-gradient":""},"tablet":{"background-color":"var(--ast-global-color-5)","background-image":"","background-repeat":"repeat","background-position":"center center","background-size":"auto","background-attachment":"scroll","background-type":"","background-media":"","overlay-type":"","overlay-color":"","overlay-opacity":"","overlay-gradient":""},"mobile":{"background-color":"var(--ast-global-color-5)","background-image":"","background-repeat":"repeat","background-position":"center center","background-size":"auto","background-attachment":"scroll","background-type":"","background-media":"","overlay-type":"","overlay-color":"","overlay-opacity":"","overlay-gradient":""}},"ngg_post_thumbnail":0},"product_brand":[],"product_cat":[277],"product_tag":[999,1000,341,996,1003,440,527,340,337,338,339],"class_list":{"0":"post-22543","1":"product","2":"type-product","3":"status-publish","4":"has-post-thumbnail","6":"product_cat-neuigkeiten","7":"product_tag-adorno","8":"product_tag-adorno-para-silla","9":"product_tag-bienestarcaballo","10":"product_tag-cristales-brillantes","11":"product_tag-piedras-de-cristal","12":"product_tag-silla","13":"product_tag-strasssteine","14":"product_tag-susanne-nagel","15":"product_tag-zaldi","16":"product_tag-zaldi-deutschland","17":"product_tag-zaldi-online-com","18":"desktop-align-left","19":"tablet-align-left","20":"mobile-align-left","22":"first","23":"instock","24":"taxable","25":"shipping-taxable","26":"purchasable","27":"product-type-simple"},"yoast_head":"<!-- This site is optimized with the Yoast SEO plugin v27.4 - https:\/\/yoast.com\/product\/yoast-seo-wordpress\/ -->\n<title>ADORNO SILLA TIRA DECORATIVA TRASERA 02 - Zaldionline.com<\/title>\n<meta name=\"description\" content=\"Precio incl. IVA: 20,35\u20ac \u00a1Dale brillo a tu silla de montar! Dale un toque original adorn\u00e1ndola con la tira decorativa Zaldi. \u00a1Dale!!! F\u00e1cil de colocar mediante los lazos el\u00e1sticos ajustables por debajo del fald\u00f3n. Dale un toque de brillo y color con la tira decorada con pedrer\u00eda de colores. \u00a1Dale color!!! Gran variedad de colores, combinaciones y anchos. Ancho tira: 1.5 cm Largo tira: 30 cm Color: cristales brillantes blancos y piedras negras. Ref. 2130102\" \/>\n<meta name=\"robots\" content=\"noindex, follow, max-snippet:-1, max-image-preview:large, max-video-preview:-1\" \/>\n<meta property=\"og:locale\" content=\"es_ES\" \/>\n<meta property=\"og:type\" content=\"article\" \/>\n<meta property=\"og:title\" content=\"ADORNO SILLA TIRA DECORATIVA TRASERA 02 - Zaldionline.com\" \/>\n<meta property=\"og:description\" content=\"Precio incl. IVA: 20,35\u20ac \u00a1Dale brillo a tu silla de montar! Dale un toque original adorn\u00e1ndola con la tira decorativa Zaldi. \u00a1Dale!!! F\u00e1cil de colocar mediante los lazos el\u00e1sticos ajustables por debajo del fald\u00f3n. Dale un toque de brillo y color con la tira decorada con pedrer\u00eda de colores. \u00a1Dale color!!! Gran variedad de colores, combinaciones y anchos. Ancho tira: 1.5 cm Largo tira: 30 cm Color: cristales brillantes blancos y piedras negras. Ref. 2130102\" \/>\n<meta property=\"og:url\" content=\"https:\/\/www.zaldionline.com\/es\/producto\/adorno-silla-tira-decorativa-trasera-02\/\" \/>\n<meta property=\"og:site_name\" content=\"Zaldionline.com\" \/>\n<meta property=\"article:modified_time\" content=\"2024-04-13T10:52:32+00:00\" \/>\n<meta property=\"og:image\" content=\"https:\/\/www.zaldionline.com\/es\/wp-content\/uploads\/sites\/2\/2023\/03\/Bild_2023-03-29_140019138.png\" \/>\n\t<meta property=\"og:image:width\" content=\"505\" \/>\n\t<meta property=\"og:image:height\" content=\"510\" \/>\n\t<meta property=\"og:image:type\" content=\"image\/png\" \/>\n<meta name=\"twitter:card\" content=\"summary_large_image\" \/>\n<meta name=\"twitter:label1\" content=\"Tiempo de lectura\" \/>\n\t<meta name=\"twitter:data1\" content=\"1 minuto\" \/>\n<script type=\"application\/ld+json\" class=\"yoast-schema-graph\">{\"@context\":\"https:\\\/\\\/schema.org\",\"@graph\":[{\"@type\":\"WebPage\",\"@id\":\"https:\\\/\\\/www.zaldionline.com\\\/es\\\/producto\\\/adorno-silla-tira-decorativa-trasera-02\\\/\",\"url\":\"https:\\\/\\\/www.zaldionline.com\\\/es\\\/producto\\\/adorno-silla-tira-decorativa-trasera-02\\\/\",\"name\":\"ADORNO SILLA TIRA DECORATIVA TRASERA 02 - Zaldionline.com\",\"isPartOf\":{\"@id\":\"https:\\\/\\\/www.zaldionline.com\\\/es\\\/#website\"},\"primaryImageOfPage\":{\"@id\":\"https:\\\/\\\/www.zaldionline.com\\\/es\\\/producto\\\/adorno-silla-tira-decorativa-trasera-02\\\/#primaryimage\"},\"image\":{\"@id\":\"https:\\\/\\\/www.zaldionline.com\\\/es\\\/producto\\\/adorno-silla-tira-decorativa-trasera-02\\\/#primaryimage\"},\"thumbnailUrl\":\"https:\\\/\\\/www.zaldionline.com\\\/es\\\/wp-content\\\/uploads\\\/sites\\\/2\\\/2023\\\/03\\\/Bild_2023-03-29_140019138.png\",\"datePublished\":\"2023-03-29T12:04:14+00:00\",\"dateModified\":\"2024-04-13T10:52:32+00:00\",\"description\":\"Precio incl. IVA: 20,35\u20ac \u00a1Dale brillo a tu silla de montar! Dale un toque original adorn\u00e1ndola con la tira decorativa Zaldi. \u00a1Dale!!! F\u00e1cil de colocar mediante los lazos el\u00e1sticos ajustables por debajo del fald\u00f3n. Dale un toque de brillo y color con la tira decorada con pedrer\u00eda de colores. \u00a1Dale color!!! Gran variedad de colores, combinaciones y anchos. Ancho tira: 1.5 cm Largo tira: 30 cm Color: cristales brillantes blancos y piedras negras. Ref. 2130102\",\"breadcrumb\":{\"@id\":\"https:\\\/\\\/www.zaldionline.com\\\/es\\\/producto\\\/adorno-silla-tira-decorativa-trasera-02\\\/#breadcrumb\"},\"inLanguage\":\"es\",\"potentialAction\":[{\"@type\":\"ReadAction\",\"target\":[\"https:\\\/\\\/www.zaldionline.com\\\/es\\\/producto\\\/adorno-silla-tira-decorativa-trasera-02\\\/\"]}]},{\"@type\":\"ImageObject\",\"inLanguage\":\"es\",\"@id\":\"https:\\\/\\\/www.zaldionline.com\\\/es\\\/producto\\\/adorno-silla-tira-decorativa-trasera-02\\\/#primaryimage\",\"url\":\"https:\\\/\\\/www.zaldionline.com\\\/es\\\/wp-content\\\/uploads\\\/sites\\\/2\\\/2023\\\/03\\\/Bild_2023-03-29_140019138.png\",\"contentUrl\":\"https:\\\/\\\/www.zaldionline.com\\\/es\\\/wp-content\\\/uploads\\\/sites\\\/2\\\/2023\\\/03\\\/Bild_2023-03-29_140019138.png\",\"width\":505,\"height\":510},{\"@type\":\"BreadcrumbList\",\"@id\":\"https:\\\/\\\/www.zaldionline.com\\\/es\\\/producto\\\/adorno-silla-tira-decorativa-trasera-02\\\/#breadcrumb\",\"itemListElement\":[{\"@type\":\"ListItem\",\"position\":1,\"name\":\"Portada\",\"item\":\"https:\\\/\\\/www.zaldionline.com\\\/es\\\/\"},{\"@type\":\"ListItem\",\"position\":2,\"name\":\"Sillas y accesorios\",\"item\":\"https:\\\/\\\/www.zaldionline.com\\\/es\\\/sillas-y-accesorios\\\/\"},{\"@type\":\"ListItem\",\"position\":3,\"name\":\"ADORNO SILLA TIRA DECORATIVA TRASERA 02\"}]},{\"@type\":\"WebSite\",\"@id\":\"https:\\\/\\\/www.zaldionline.com\\\/es\\\/#website\",\"url\":\"https:\\\/\\\/www.zaldionline.com\\\/es\\\/\",\"name\":\"Zaldionline.com\",\"description\":\"Los mejores productos para usted y su caballo\",\"potentialAction\":[{\"@type\":\"SearchAction\",\"target\":{\"@type\":\"EntryPoint\",\"urlTemplate\":\"https:\\\/\\\/www.zaldionline.com\\\/es\\\/?s={search_term_string}\"},\"query-input\":{\"@type\":\"PropertyValueSpecification\",\"valueRequired\":true,\"valueName\":\"search_term_string\"}}],\"inLanguage\":\"es\"}]}<\/script>\n<!-- \/ Yoast SEO plugin. -->","yoast_head_json":{"title":"ADORNO SILLA TIRA DECORATIVA TRASERA 02 - Zaldionline.com","description":"Precio incl. IVA: 20,35\u20ac \u00a1Dale brillo a tu silla de montar! Dale un toque original adorn\u00e1ndola con la tira decorativa Zaldi. \u00a1Dale!!! F\u00e1cil de colocar mediante los lazos el\u00e1sticos ajustables por debajo del fald\u00f3n. Dale un toque de brillo y color con la tira decorada con pedrer\u00eda de colores. \u00a1Dale color!!! Gran variedad de colores, combinaciones y anchos. Ancho tira: 1.5 cm Largo tira: 30 cm Color: cristales brillantes blancos y piedras negras. Ref. 2130102","robots":{"index":"noindex","follow":"follow","max-snippet":"max-snippet:-1","max-image-preview":"max-image-preview:large","max-video-preview":"max-video-preview:-1"},"og_locale":"es_ES","og_type":"article","og_title":"ADORNO SILLA TIRA DECORATIVA TRASERA 02 - Zaldionline.com","og_description":"Precio incl. IVA: 20,35\u20ac \u00a1Dale brillo a tu silla de montar! Dale un toque original adorn\u00e1ndola con la tira decorativa Zaldi. \u00a1Dale!!! F\u00e1cil de colocar mediante los lazos el\u00e1sticos ajustables por debajo del fald\u00f3n. Dale un toque de brillo y color con la tira decorada con pedrer\u00eda de colores. \u00a1Dale color!!! Gran variedad de colores, combinaciones y anchos. Ancho tira: 1.5 cm Largo tira: 30 cm Color: cristales brillantes blancos y piedras negras. Ref. 2130102","og_url":"https:\/\/www.zaldionline.com\/es\/producto\/adorno-silla-tira-decorativa-trasera-02\/","og_site_name":"Zaldionline.com","article_modified_time":"2024-04-13T10:52:32+00:00","og_image":[{"width":505,"height":510,"url":"https:\/\/www.zaldionline.com\/es\/wp-content\/uploads\/sites\/2\/2023\/03\/Bild_2023-03-29_140019138.png","type":"image\/png"}],"twitter_card":"summary_large_image","twitter_misc":{"Tiempo de lectura":"1 minuto"},"schema":{"@context":"https:\/\/schema.org","@graph":[{"@type":"WebPage","@id":"https:\/\/www.zaldionline.com\/es\/producto\/adorno-silla-tira-decorativa-trasera-02\/","url":"https:\/\/www.zaldionline.com\/es\/producto\/adorno-silla-tira-decorativa-trasera-02\/","name":"ADORNO SILLA TIRA DECORATIVA TRASERA 02 - Zaldionline.com","isPartOf":{"@id":"https:\/\/www.zaldionline.com\/es\/#website"},"primaryImageOfPage":{"@id":"https:\/\/www.zaldionline.com\/es\/producto\/adorno-silla-tira-decorativa-trasera-02\/#primaryimage"},"image":{"@id":"https:\/\/www.zaldionline.com\/es\/producto\/adorno-silla-tira-decorativa-trasera-02\/#primaryimage"},"thumbnailUrl":"https:\/\/www.zaldionline.com\/es\/wp-content\/uploads\/sites\/2\/2023\/03\/Bild_2023-03-29_140019138.png","datePublished":"2023-03-29T12:04:14+00:00","dateModified":"2024-04-13T10:52:32+00:00","description":"Precio incl. IVA: 20,35\u20ac \u00a1Dale brillo a tu silla de montar! Dale un toque original adorn\u00e1ndola con la tira decorativa Zaldi. \u00a1Dale!!! F\u00e1cil de colocar mediante los lazos el\u00e1sticos ajustables por debajo del fald\u00f3n. Dale un toque de brillo y color con la tira decorada con pedrer\u00eda de colores. \u00a1Dale color!!! Gran variedad de colores, combinaciones y anchos. Ancho tira: 1.5 cm Largo tira: 30 cm Color: cristales brillantes blancos y piedras negras. Ref. 2130102","breadcrumb":{"@id":"https:\/\/www.zaldionline.com\/es\/producto\/adorno-silla-tira-decorativa-trasera-02\/#breadcrumb"},"inLanguage":"es","potentialAction":[{"@type":"ReadAction","target":["https:\/\/www.zaldionline.com\/es\/producto\/adorno-silla-tira-decorativa-trasera-02\/"]}]},{"@type":"ImageObject","inLanguage":"es","@id":"https:\/\/www.zaldionline.com\/es\/producto\/adorno-silla-tira-decorativa-trasera-02\/#primaryimage","url":"https:\/\/www.zaldionline.com\/es\/wp-content\/uploads\/sites\/2\/2023\/03\/Bild_2023-03-29_140019138.png","contentUrl":"https:\/\/www.zaldionline.com\/es\/wp-content\/uploads\/sites\/2\/2023\/03\/Bild_2023-03-29_140019138.png","width":505,"height":510},{"@type":"BreadcrumbList","@id":"https:\/\/www.zaldionline.com\/es\/producto\/adorno-silla-tira-decorativa-trasera-02\/#breadcrumb","itemListElement":[{"@type":"ListItem","position":1,"name":"Portada","item":"https:\/\/www.zaldionline.com\/es\/"},{"@type":"ListItem","position":2,"name":"Sillas y accesorios","item":"https:\/\/www.zaldionline.com\/es\/sillas-y-accesorios\/"},{"@type":"ListItem","position":3,"name":"ADORNO SILLA TIRA DECORATIVA TRASERA 02"}]},{"@type":"WebSite","@id":"https:\/\/www.zaldionline.com\/es\/#website","url":"https:\/\/www.zaldionline.com\/es\/","name":"Zaldionline.com","description":"Los mejores productos para usted y su caballo","potentialAction":[{"@type":"SearchAction","target":{"@type":"EntryPoint","urlTemplate":"https:\/\/www.zaldionline.com\/es\/?s={search_term_string}"},"query-input":{"@type":"PropertyValueSpecification","valueRequired":true,"valueName":"search_term_string"}}],"inLanguage":"es"}]}},"_links":{"self":[{"href":"https:\/\/www.zaldionline.com\/es\/wp-json\/wp\/v2\/product\/22543","targetHints":{"allow":["GET"]}}],"collection":[{"href":"https:\/\/www.zaldionline.com\/es\/wp-json\/wp\/v2\/product"}],"about":[{"href":"https:\/\/www.zaldionline.com\/es\/wp-json\/wp\/v2\/types\/product"}],"replies":[{"embeddable":true,"href":"https:\/\/www.zaldionline.com\/es\/wp-json\/wp\/v2\/comments?post=22543"}],"version-history":[{"count":11,"href":"https:\/\/www.zaldionline.com\/es\/wp-json\/wp\/v2\/product\/22543\/revisions"}],"predecessor-version":[{"id":24998,"href":"https:\/\/www.zaldionline.com\/es\/wp-json\/wp\/v2\/product\/22543\/revisions\/24998"}],"wp:featuredmedia":[{"embeddable":true,"href":"https:\/\/www.zaldionline.com\/es\/wp-json\/wp\/v2\/media\/22537"}],"wp:attachment":[{"href":"https:\/\/www.zaldionline.com\/es\/wp-json\/wp\/v2\/media?parent=22543"}],"wp:term":[{"taxonomy":"product_brand","embeddable":true,"href":"https:\/\/www.zaldionline.com\/es\/wp-json\/wp\/v2\/product_brand?post=22543"},{"taxonomy":"product_cat","embeddable":true,"href":"https:\/\/www.zaldionline.com\/es\/wp-json\/wp\/v2\/product_cat?post=22543"},{"taxonomy":"product_tag","embeddable":true,"href":"https:\/\/www.zaldionline.com\/es\/wp-json\/wp\/v2\/product_tag?post=22543"}],"curies":[{"name":"wp","href":"https:\/\/api.w.org\/{rel}","templated":true}]}}