{"id":22648,"date":"2023-03-29T13:05:10","date_gmt":"2023-03-29T13:05:10","guid":{"rendered":"https:\/\/www.zaldionline.com\/?post_type=product&#038;p=22648"},"modified":"2023-04-06T15:38:42","modified_gmt":"2023-04-06T15:38:42","slug":"zaldi-ornament-sattel-sattelruecken-zierstreifen-04-2","status":"publish","type":"product","link":"https:\/\/www.zaldionline.com\/es\/producto\/zaldi-ornament-sattel-sattelruecken-zierstreifen-04-2\/","title":{"rendered":"ZALDI ORNAMENT SATTEL SATTELR\u00dcCKEN ZIERSTREIFEN 04"},"content":{"rendered":"\t\t<div data-elementor-type=\"wp-post\" data-elementor-id=\"22648\" class=\"elementor elementor-22648\">\n\t\t\t\t\t\t<section class=\"elementor-section elementor-top-section elementor-element elementor-element-1f3110fd elementor-section-boxed elementor-section-height-default elementor-section-height-default\" data-id=\"1f3110fd\" data-element_type=\"section\" data-e-type=\"section\">\n\t\t\t\t\t\t<div class=\"elementor-container elementor-column-gap-default\">\n\t\t\t\t\t<div class=\"elementor-column elementor-col-100 elementor-top-column elementor-element elementor-element-e2bbddc\" data-id=\"e2bbddc\" data-element_type=\"column\" data-e-type=\"column\">\n\t\t\t<div class=\"elementor-widget-wrap elementor-element-populated\">\n\t\t\t\t\t\t<div class=\"elementor-element elementor-element-19ce51a6 elementor-widget elementor-widget-text-editor\" data-id=\"19ce51a6\" data-element_type=\"widget\" data-e-type=\"widget\" data-widget_type=\"text-editor.default\">\n\t\t\t\t<div class=\"elementor-widget-container\">\n\t\t\t\t\t\t\t\t\t<p>Preis ink. MwSt.: 15,73\u20ac<\/p><p>Versch\u00f6nern Sie Ihren Sattel!<\/p><p>Verleihen Sie ihm eine originelle Note, indem Sie ihn mit dem Zaldi-Dekorstreifen verzieren.<br \/>Los geht&#8217;s! Einfach zu befestigen mit den verstellbaren, elastischen Schlaufen unter den Klappen.<br \/>Verleihen Sie Ihrem Sattel einen Hauch von Glanz und Farbe mit dem bunten, mit Strasssteinen verzierten Band.<br \/>Bringen Sie Farbe ins Spiel! Gro\u00dfe Auswahl an Farben, Kombinationen und Breiten.<\/p><p>Breite des Streifens: 1 cm<br \/>L\u00e4nge des Streifens: 30 cm<br \/>Farbe: gl\u00e4nzende schwarze und wei\u00dfe Kristalle.<\/p><p>Ref. 2130104<\/p>\t\t\t\t\t\t\t\t<\/div>\n\t\t\t\t<\/div>\n\t\t\t\t\t<\/div>\n\t\t<\/div>\n\t\t\t\t\t<\/div>\n\t\t<\/section>\n\t\t\t\t<\/div>\n\t\t","protected":false},"excerpt":{"rendered":"<p>Preis ink. MwSt.: 15,73\u20ac Versch\u00f6nern Sie Ihren Sattel! Verleihen Sie ihm eine originelle Note, indem Sie ihn mit dem Zaldi-Dekorstreifen verzieren. Los geht&#8217;s! Einfach zu befestigen mit den verstellbaren, elastischen Schlaufen unter den Klappen. Verleihen Sie Ihrem Sattel einen Hauch von Glanz und Farbe mit dem bunten, mit Strasssteinen verzierten Band. Bringen Sie Farbe ins [&hellip;]<\/p>\n","protected":false},"featured_media":22643,"comment_status":"open","ping_status":"closed","template":"","meta":{"site-sidebar-layout":"default","site-content-layout":"default","ast-site-content-layout":"default","site-content-style":"default","site-sidebar-style":"default","ast-global-header-display":"","ast-banner-title-visibility":"","ast-main-header-display":"","ast-hfb-above-header-display":"","ast-hfb-below-header-display":"","ast-hfb-mobile-header-display":"","site-post-title":"","ast-breadcrumbs-content":"","ast-featured-img":"","footer-sml-layout":"","ast-disable-related-posts":"","theme-transparent-header-meta":"default","adv-header-id-meta":"","stick-header-meta":"","header-above-stick-meta":"","header-main-stick-meta":"","header-below-stick-meta":"","astra-migrate-meta-layouts":"default","ast-page-background-enabled":"default","ast-page-background-meta":{"desktop":{"background-color":"var(--ast-global-color-4)","background-image":"","background-repeat":"repeat","background-position":"center center","background-size":"auto","background-attachment":"scroll","background-type":"","background-media":"","overlay-type":"","overlay-color":"","overlay-opacity":"","overlay-gradient":""},"tablet":{"background-color":"","background-image":"","background-repeat":"repeat","background-position":"center center","background-size":"auto","background-attachment":"scroll","background-type":"","background-media":"","overlay-type":"","overlay-color":"","overlay-opacity":"","overlay-gradient":""},"mobile":{"background-color":"","background-image":"","background-repeat":"repeat","background-position":"center center","background-size":"auto","background-attachment":"scroll","background-type":"","background-media":"","overlay-type":"","overlay-color":"","overlay-opacity":"","overlay-gradient":""}},"ast-content-background-meta":{"desktop":{"background-color":"var(--ast-global-color-5)","background-image":"","background-repeat":"repeat","background-position":"center center","background-size":"auto","background-attachment":"scroll","background-type":"","background-media":"","overlay-type":"","overlay-color":"","overlay-opacity":"","overlay-gradient":""},"tablet":{"background-color":"var(--ast-global-color-5)","background-image":"","background-repeat":"repeat","background-position":"center center","background-size":"auto","background-attachment":"scroll","background-type":"","background-media":"","overlay-type":"","overlay-color":"","overlay-opacity":"","overlay-gradient":""},"mobile":{"background-color":"var(--ast-global-color-5)","background-image":"","background-repeat":"repeat","background-position":"center center","background-size":"auto","background-attachment":"scroll","background-type":"","background-media":"","overlay-type":"","overlay-color":"","overlay-opacity":"","overlay-gradient":""}},"ngg_post_thumbnail":0},"product_brand":[],"product_cat":[277],"product_tag":[341,572,418,343,560,526,566,527,580,582,340,337,338,339,563,567],"class_list":{"0":"post-22648","1":"product","2":"type-product","3":"status-publish","4":"has-post-thumbnail","6":"product_cat-neuigkeiten","7":"product_tag-bienestarcaballo","8":"product_tag-ornament-fuer-sattel","9":"product_tag-sattel","10":"product_tag-sattel-guenstig","11":"product_tag-sattelornament","12":"product_tag-strass","13":"product_tag-strassband","14":"product_tag-strasssteine","15":"product_tag-strassverzierung","16":"product_tag-strassverzierung-fuer-sattelruecken","17":"product_tag-susanne-nagel","18":"product_tag-zaldi","19":"product_tag-zaldi-deutschland","20":"product_tag-zaldi-online-com","21":"product_tag-zierstreifen-fuer-saettel","22":"product_tag-zierstreifen-fuer-sattelruecken","23":"desktop-align-left","24":"tablet-align-left","25":"mobile-align-left","27":"first","28":"instock","29":"taxable","30":"shipping-taxable","31":"purchasable","32":"product-type-simple"},"yoast_head":"<!-- This site is optimized with the Yoast SEO plugin v27.4 - https:\/\/yoast.com\/product\/yoast-seo-wordpress\/ -->\n<title>ZALDI ORNAMENT SATTEL SATTELR\u00dcCKEN ZIERSTREIFEN 04 - Zaldionline.com<\/title>\n<meta name=\"description\" content=\"Versch\u00f6nern Sie Ihren Sattel! Verleihen Sie ihm eine originelle Note, indem Sie ihn mit dem Zaldi-Dekorstreifen verzieren. Los geht&#039;s! Einfach zu befestigen mit den verstellbaren, elastischen Schlaufen unter den Klappen. Verleihen Sie Ihrem Sattel einen Hauch von Glanz und Farbe mit dem bunten, mit Strasssteinen verzierten Band. Bringen Sie Farbe ins Spiel! Gro\u00dfe Auswahl an Farben, Kombinationen und Breiten. Breite des Streifens: 1 cm, L\u00e4nge des Streifens: 30 cm. Farbe: gl\u00e4nzende schwarze und wei\u00dfe Kristalle. Erh\u00e4ltlich \u00fcber Zaldionline.com\" \/>\n<meta name=\"robots\" content=\"noindex, follow, max-snippet:-1, max-image-preview:large, max-video-preview:-1\" \/>\n<meta property=\"og:locale\" content=\"es_ES\" \/>\n<meta property=\"og:type\" content=\"article\" \/>\n<meta property=\"og:title\" content=\"ZALDI ORNAMENT SATTEL SATTELR\u00dcCKEN ZIERSTREIFEN 04 - Zaldionline.com\" \/>\n<meta property=\"og:description\" content=\"Versch\u00f6nern Sie Ihren Sattel! Verleihen Sie ihm eine originelle Note, indem Sie ihn mit dem Zaldi-Dekorstreifen verzieren. Los geht&#039;s! Einfach zu befestigen mit den verstellbaren, elastischen Schlaufen unter den Klappen. Verleihen Sie Ihrem Sattel einen Hauch von Glanz und Farbe mit dem bunten, mit Strasssteinen verzierten Band. Bringen Sie Farbe ins Spiel! Gro\u00dfe Auswahl an Farben, Kombinationen und Breiten. Breite des Streifens: 1 cm, L\u00e4nge des Streifens: 30 cm. Farbe: gl\u00e4nzende schwarze und wei\u00dfe Kristalle. Erh\u00e4ltlich \u00fcber Zaldionline.com\" \/>\n<meta property=\"og:url\" content=\"https:\/\/www.zaldionline.com\/es\/producto\/zaldi-ornament-sattel-sattelruecken-zierstreifen-04-2\/\" \/>\n<meta property=\"og:site_name\" content=\"Zaldionline.com\" \/>\n<meta property=\"article:modified_time\" content=\"2023-04-06T15:38:42+00:00\" \/>\n<meta property=\"og:image\" content=\"https:\/\/www.zaldionline.com\/es\/wp-content\/uploads\/sites\/2\/2023\/03\/Bild_2023-03-29_150249021.png\" \/>\n\t<meta property=\"og:image:width\" content=\"502\" \/>\n\t<meta property=\"og:image:height\" content=\"501\" \/>\n\t<meta property=\"og:image:type\" content=\"image\/png\" \/>\n<meta name=\"twitter:card\" content=\"summary_large_image\" \/>\n<meta name=\"twitter:label1\" content=\"Tiempo de lectura\" \/>\n\t<meta name=\"twitter:data1\" content=\"1 minuto\" \/>\n<script type=\"application\/ld+json\" class=\"yoast-schema-graph\">{\"@context\":\"https:\\\/\\\/schema.org\",\"@graph\":[{\"@type\":\"WebPage\",\"@id\":\"https:\\\/\\\/www.zaldionline.com\\\/es\\\/producto\\\/zaldi-ornament-sattel-sattelruecken-zierstreifen-04-2\\\/\",\"url\":\"https:\\\/\\\/www.zaldionline.com\\\/es\\\/producto\\\/zaldi-ornament-sattel-sattelruecken-zierstreifen-04-2\\\/\",\"name\":\"ZALDI ORNAMENT SATTEL SATTELR\u00dcCKEN ZIERSTREIFEN 04 - Zaldionline.com\",\"isPartOf\":{\"@id\":\"https:\\\/\\\/www.zaldionline.com\\\/es\\\/#website\"},\"primaryImageOfPage\":{\"@id\":\"https:\\\/\\\/www.zaldionline.com\\\/es\\\/producto\\\/zaldi-ornament-sattel-sattelruecken-zierstreifen-04-2\\\/#primaryimage\"},\"image\":{\"@id\":\"https:\\\/\\\/www.zaldionline.com\\\/es\\\/producto\\\/zaldi-ornament-sattel-sattelruecken-zierstreifen-04-2\\\/#primaryimage\"},\"thumbnailUrl\":\"https:\\\/\\\/www.zaldionline.com\\\/es\\\/wp-content\\\/uploads\\\/sites\\\/2\\\/2023\\\/03\\\/Bild_2023-03-29_150249021.png\",\"datePublished\":\"2023-03-29T13:05:10+00:00\",\"dateModified\":\"2023-04-06T15:38:42+00:00\",\"description\":\"Versch\u00f6nern Sie Ihren Sattel! Verleihen Sie ihm eine originelle Note, indem Sie ihn mit dem Zaldi-Dekorstreifen verzieren. Los geht's! Einfach zu befestigen mit den verstellbaren, elastischen Schlaufen unter den Klappen. Verleihen Sie Ihrem Sattel einen Hauch von Glanz und Farbe mit dem bunten, mit Strasssteinen verzierten Band. Bringen Sie Farbe ins Spiel! Gro\u00dfe Auswahl an Farben, Kombinationen und Breiten. Breite des Streifens: 1 cm, L\u00e4nge des Streifens: 30 cm. Farbe: gl\u00e4nzende schwarze und wei\u00dfe Kristalle. Erh\u00e4ltlich \u00fcber Zaldionline.com\",\"breadcrumb\":{\"@id\":\"https:\\\/\\\/www.zaldionline.com\\\/es\\\/producto\\\/zaldi-ornament-sattel-sattelruecken-zierstreifen-04-2\\\/#breadcrumb\"},\"inLanguage\":\"es\",\"potentialAction\":[{\"@type\":\"ReadAction\",\"target\":[\"https:\\\/\\\/www.zaldionline.com\\\/es\\\/producto\\\/zaldi-ornament-sattel-sattelruecken-zierstreifen-04-2\\\/\"]}]},{\"@type\":\"ImageObject\",\"inLanguage\":\"es\",\"@id\":\"https:\\\/\\\/www.zaldionline.com\\\/es\\\/producto\\\/zaldi-ornament-sattel-sattelruecken-zierstreifen-04-2\\\/#primaryimage\",\"url\":\"https:\\\/\\\/www.zaldionline.com\\\/es\\\/wp-content\\\/uploads\\\/sites\\\/2\\\/2023\\\/03\\\/Bild_2023-03-29_150249021.png\",\"contentUrl\":\"https:\\\/\\\/www.zaldionline.com\\\/es\\\/wp-content\\\/uploads\\\/sites\\\/2\\\/2023\\\/03\\\/Bild_2023-03-29_150249021.png\",\"width\":502,\"height\":501},{\"@type\":\"BreadcrumbList\",\"@id\":\"https:\\\/\\\/www.zaldionline.com\\\/es\\\/producto\\\/zaldi-ornament-sattel-sattelruecken-zierstreifen-04-2\\\/#breadcrumb\",\"itemListElement\":[{\"@type\":\"ListItem\",\"position\":1,\"name\":\"Portada\",\"item\":\"https:\\\/\\\/www.zaldionline.com\\\/es\\\/\"},{\"@type\":\"ListItem\",\"position\":2,\"name\":\"Sillas y accesorios\",\"item\":\"https:\\\/\\\/www.zaldionline.com\\\/es\\\/sillas-y-accesorios\\\/\"},{\"@type\":\"ListItem\",\"position\":3,\"name\":\"ZALDI ORNAMENT SATTEL SATTELR\u00dcCKEN ZIERSTREIFEN 04\"}]},{\"@type\":\"WebSite\",\"@id\":\"https:\\\/\\\/www.zaldionline.com\\\/es\\\/#website\",\"url\":\"https:\\\/\\\/www.zaldionline.com\\\/es\\\/\",\"name\":\"Zaldionline.com\",\"description\":\"Los mejores productos para usted y su caballo\",\"potentialAction\":[{\"@type\":\"SearchAction\",\"target\":{\"@type\":\"EntryPoint\",\"urlTemplate\":\"https:\\\/\\\/www.zaldionline.com\\\/es\\\/?s={search_term_string}\"},\"query-input\":{\"@type\":\"PropertyValueSpecification\",\"valueRequired\":true,\"valueName\":\"search_term_string\"}}],\"inLanguage\":\"es\"}]}<\/script>\n<!-- \/ Yoast SEO plugin. -->","yoast_head_json":{"title":"ZALDI ORNAMENT SATTEL SATTELR\u00dcCKEN ZIERSTREIFEN 04 - Zaldionline.com","description":"Versch\u00f6nern Sie Ihren Sattel! Verleihen Sie ihm eine originelle Note, indem Sie ihn mit dem Zaldi-Dekorstreifen verzieren. Los geht's! Einfach zu befestigen mit den verstellbaren, elastischen Schlaufen unter den Klappen. Verleihen Sie Ihrem Sattel einen Hauch von Glanz und Farbe mit dem bunten, mit Strasssteinen verzierten Band. Bringen Sie Farbe ins Spiel! Gro\u00dfe Auswahl an Farben, Kombinationen und Breiten. Breite des Streifens: 1 cm, L\u00e4nge des Streifens: 30 cm. Farbe: gl\u00e4nzende schwarze und wei\u00dfe Kristalle. Erh\u00e4ltlich \u00fcber Zaldionline.com","robots":{"index":"noindex","follow":"follow","max-snippet":"max-snippet:-1","max-image-preview":"max-image-preview:large","max-video-preview":"max-video-preview:-1"},"og_locale":"es_ES","og_type":"article","og_title":"ZALDI ORNAMENT SATTEL SATTELR\u00dcCKEN ZIERSTREIFEN 04 - Zaldionline.com","og_description":"Versch\u00f6nern Sie Ihren Sattel! Verleihen Sie ihm eine originelle Note, indem Sie ihn mit dem Zaldi-Dekorstreifen verzieren. Los geht's! Einfach zu befestigen mit den verstellbaren, elastischen Schlaufen unter den Klappen. Verleihen Sie Ihrem Sattel einen Hauch von Glanz und Farbe mit dem bunten, mit Strasssteinen verzierten Band. Bringen Sie Farbe ins Spiel! Gro\u00dfe Auswahl an Farben, Kombinationen und Breiten. Breite des Streifens: 1 cm, L\u00e4nge des Streifens: 30 cm. Farbe: gl\u00e4nzende schwarze und wei\u00dfe Kristalle. Erh\u00e4ltlich \u00fcber Zaldionline.com","og_url":"https:\/\/www.zaldionline.com\/es\/producto\/zaldi-ornament-sattel-sattelruecken-zierstreifen-04-2\/","og_site_name":"Zaldionline.com","article_modified_time":"2023-04-06T15:38:42+00:00","og_image":[{"width":502,"height":501,"url":"https:\/\/www.zaldionline.com\/es\/wp-content\/uploads\/sites\/2\/2023\/03\/Bild_2023-03-29_150249021.png","type":"image\/png"}],"twitter_card":"summary_large_image","twitter_misc":{"Tiempo de lectura":"1 minuto"},"schema":{"@context":"https:\/\/schema.org","@graph":[{"@type":"WebPage","@id":"https:\/\/www.zaldionline.com\/es\/producto\/zaldi-ornament-sattel-sattelruecken-zierstreifen-04-2\/","url":"https:\/\/www.zaldionline.com\/es\/producto\/zaldi-ornament-sattel-sattelruecken-zierstreifen-04-2\/","name":"ZALDI ORNAMENT SATTEL SATTELR\u00dcCKEN ZIERSTREIFEN 04 - Zaldionline.com","isPartOf":{"@id":"https:\/\/www.zaldionline.com\/es\/#website"},"primaryImageOfPage":{"@id":"https:\/\/www.zaldionline.com\/es\/producto\/zaldi-ornament-sattel-sattelruecken-zierstreifen-04-2\/#primaryimage"},"image":{"@id":"https:\/\/www.zaldionline.com\/es\/producto\/zaldi-ornament-sattel-sattelruecken-zierstreifen-04-2\/#primaryimage"},"thumbnailUrl":"https:\/\/www.zaldionline.com\/es\/wp-content\/uploads\/sites\/2\/2023\/03\/Bild_2023-03-29_150249021.png","datePublished":"2023-03-29T13:05:10+00:00","dateModified":"2023-04-06T15:38:42+00:00","description":"Versch\u00f6nern Sie Ihren Sattel! Verleihen Sie ihm eine originelle Note, indem Sie ihn mit dem Zaldi-Dekorstreifen verzieren. Los geht's! Einfach zu befestigen mit den verstellbaren, elastischen Schlaufen unter den Klappen. Verleihen Sie Ihrem Sattel einen Hauch von Glanz und Farbe mit dem bunten, mit Strasssteinen verzierten Band. Bringen Sie Farbe ins Spiel! Gro\u00dfe Auswahl an Farben, Kombinationen und Breiten. Breite des Streifens: 1 cm, L\u00e4nge des Streifens: 30 cm. Farbe: gl\u00e4nzende schwarze und wei\u00dfe Kristalle. Erh\u00e4ltlich \u00fcber Zaldionline.com","breadcrumb":{"@id":"https:\/\/www.zaldionline.com\/es\/producto\/zaldi-ornament-sattel-sattelruecken-zierstreifen-04-2\/#breadcrumb"},"inLanguage":"es","potentialAction":[{"@type":"ReadAction","target":["https:\/\/www.zaldionline.com\/es\/producto\/zaldi-ornament-sattel-sattelruecken-zierstreifen-04-2\/"]}]},{"@type":"ImageObject","inLanguage":"es","@id":"https:\/\/www.zaldionline.com\/es\/producto\/zaldi-ornament-sattel-sattelruecken-zierstreifen-04-2\/#primaryimage","url":"https:\/\/www.zaldionline.com\/es\/wp-content\/uploads\/sites\/2\/2023\/03\/Bild_2023-03-29_150249021.png","contentUrl":"https:\/\/www.zaldionline.com\/es\/wp-content\/uploads\/sites\/2\/2023\/03\/Bild_2023-03-29_150249021.png","width":502,"height":501},{"@type":"BreadcrumbList","@id":"https:\/\/www.zaldionline.com\/es\/producto\/zaldi-ornament-sattel-sattelruecken-zierstreifen-04-2\/#breadcrumb","itemListElement":[{"@type":"ListItem","position":1,"name":"Portada","item":"https:\/\/www.zaldionline.com\/es\/"},{"@type":"ListItem","position":2,"name":"Sillas y accesorios","item":"https:\/\/www.zaldionline.com\/es\/sillas-y-accesorios\/"},{"@type":"ListItem","position":3,"name":"ZALDI ORNAMENT SATTEL SATTELR\u00dcCKEN ZIERSTREIFEN 04"}]},{"@type":"WebSite","@id":"https:\/\/www.zaldionline.com\/es\/#website","url":"https:\/\/www.zaldionline.com\/es\/","name":"Zaldionline.com","description":"Los mejores productos para usted y su caballo","potentialAction":[{"@type":"SearchAction","target":{"@type":"EntryPoint","urlTemplate":"https:\/\/www.zaldionline.com\/es\/?s={search_term_string}"},"query-input":{"@type":"PropertyValueSpecification","valueRequired":true,"valueName":"search_term_string"}}],"inLanguage":"es"}]}},"_links":{"self":[{"href":"https:\/\/www.zaldionline.com\/es\/wp-json\/wp\/v2\/product\/22648","targetHints":{"allow":["GET"]}}],"collection":[{"href":"https:\/\/www.zaldionline.com\/es\/wp-json\/wp\/v2\/product"}],"about":[{"href":"https:\/\/www.zaldionline.com\/es\/wp-json\/wp\/v2\/types\/product"}],"replies":[{"embeddable":true,"href":"https:\/\/www.zaldionline.com\/es\/wp-json\/wp\/v2\/comments?post=22648"}],"version-history":[{"count":1,"href":"https:\/\/www.zaldionline.com\/es\/wp-json\/wp\/v2\/product\/22648\/revisions"}],"predecessor-version":[{"id":22649,"href":"https:\/\/www.zaldionline.com\/es\/wp-json\/wp\/v2\/product\/22648\/revisions\/22649"}],"wp:featuredmedia":[{"embeddable":true,"href":"https:\/\/www.zaldionline.com\/es\/wp-json\/wp\/v2\/media\/22643"}],"wp:attachment":[{"href":"https:\/\/www.zaldionline.com\/es\/wp-json\/wp\/v2\/media?parent=22648"}],"wp:term":[{"taxonomy":"product_brand","embeddable":true,"href":"https:\/\/www.zaldionline.com\/es\/wp-json\/wp\/v2\/product_brand?post=22648"},{"taxonomy":"product_cat","embeddable":true,"href":"https:\/\/www.zaldionline.com\/es\/wp-json\/wp\/v2\/product_cat?post=22648"},{"taxonomy":"product_tag","embeddable":true,"href":"https:\/\/www.zaldionline.com\/es\/wp-json\/wp\/v2\/product_tag?post=22648"}],"curies":[{"name":"wp","href":"https:\/\/api.w.org\/{rel}","templated":true}]}}