{"id":22713,"date":"2023-03-29T17:58:26","date_gmt":"2023-03-29T17:58:26","guid":{"rendered":"https:\/\/www.zaldionline.com\/?post_type=product&#038;p=22713"},"modified":"2024-10-18T12:17:36","modified_gmt":"2024-10-18T12:17:36","slug":"zaldi-raid-endur-ligera-cuero-leder","status":"publish","type":"product","link":"https:\/\/www.zaldionline.com\/es\/producto\/zaldi-raid-endur-ligera-cuero-leder\/","title":{"rendered":"SILLA ZALDI RAID ENDUR LIGERA CUERO"},"content":{"rendered":"\t\t<div data-elementor-type=\"wp-post\" data-elementor-id=\"22713\" class=\"elementor elementor-22713\">\n\t\t\t\t\t\t<section class=\"elementor-section elementor-top-section elementor-element elementor-element-69440be4 elementor-section-boxed elementor-section-height-default elementor-section-height-default\" data-id=\"69440be4\" data-element_type=\"section\" data-e-type=\"section\">\n\t\t\t\t\t\t<div class=\"elementor-container elementor-column-gap-default\">\n\t\t\t\t\t<div class=\"elementor-column elementor-col-100 elementor-top-column elementor-element elementor-element-5321caa4\" data-id=\"5321caa4\" data-element_type=\"column\" data-e-type=\"column\">\n\t\t\t<div class=\"elementor-widget-wrap elementor-element-populated\">\n\t\t\t\t\t\t<div class=\"elementor-element elementor-element-11db3dc9 elementor-widget elementor-widget-text-editor\" data-id=\"11db3dc9\" data-element_type=\"widget\" data-e-type=\"widget\" data-widget_type=\"text-editor.default\">\n\t\t\t\t<div class=\"elementor-widget-container\">\n\t\t\t\t\t\t\t\t\t<p>Precio inc. IVA<\/p><p>\u00bfCu\u00e1nto pesa una silla de raid?<br \/>Endur-Ligera cuero raid pesa 3.100 Kg.<\/p><p>Tecnolog\u00eda ZALDI T+T.<\/p><p>Alto confort para largas marchas a caballo, tanto para el jinete como para el caballo.<\/p><p>MATERIALES:<\/p><p>* Nueva armadura semi-plana con mayor contacto. Fabricada en polietileno termomoldeable de alta tecnolog\u00eda.<br \/>* Asiento de goma l\u00e1tex doble semi-plano.<br \/>* Baste de goma l\u00e1tex moldeable.<br \/>* Estribera inoxidable de seguridad.<\/p><p>Pesos:<\/p><p>* Silla: 3.100 Kg.<br \/>* Aci\u00f3n: 0.300 Kg. (unidad).<br \/>* Estribo: 0.400 Kg. (unidad).<\/p><p>Colores: actualmente adem\u00e1s de los cl\u00e1sicos colores negro, marr\u00f3n, habana, avellana, tostado; se pueden realizar m\u00faltiples combinaciones en colores de cuero, hilos, vivos, burletes e incluso combinar materiales como el ante\/z-plus. Por ejemplo el modelo de la imagen es bicolor de cuero negro con cuero blanco, con hilos y vivos en blanco.<\/p><p>MEDIDAS:<\/p><p>* Jinete: standar equivalente a 17.5&#8243; (largo de 44.5 cm. desde el borr\u00e9n trasero de la silla al clavo Zaldi). Preguntar m\u00e1s medidas.<br \/>* Cruz del caballo: de 28 cm. a 34 cm.<br \/>* Peso de la silla: 3.100 Kg.<br \/>* Peso de la silla con aciones y estribos: 4.500 Kg.<br \/>* Medida del fald\u00f3n que pertenece a la aci\u00f3n del estribo: 36 cm. x 22 cm.<br \/>* Largo del baste por debajo: 46 cm.<br \/>* \u00c1rea de apoyo del baste sobre el lomo del caballo: 41 cm.<br \/>* Rodillera: 20 cm. x 6 cm. x 4 cm.<\/p><p><strong>\u00a1AVISO IMPORTANTE!<\/strong><\/p><p><strong>COLORES DEL CUERO<\/strong><\/p><p><strong>Es \u201cIMPOSIBLE\u201d conseguir que dos art\u00edculos en cuero de color avellana, tostado, marr\u00f3n o habana sean exactamente iguales.<\/strong><\/p><p>Ref.: 00000946<\/p>\t\t\t\t\t\t\t\t<\/div>\n\t\t\t\t<\/div>\n\t\t\t\t\t<\/div>\n\t\t<\/div>\n\t\t\t\t\t<\/div>\n\t\t<\/section>\n\t\t\t\t<\/div>\n\t\t","protected":false},"excerpt":{"rendered":"<p>Precio inc. IVA \u00bfCu\u00e1nto pesa una silla de raid? Endur-Ligera cuero raid pesa 3.100 Kg. Tecnolog\u00eda ZALDI T+T. Alto confort para largas marchas a caballo, tanto para el jinete como para el caballo. MATERIALES: * Nueva armadura semi-plana con mayor contacto. Fabricada en polietileno termomoldeable de alta tecnolog\u00eda. * Asiento de goma l\u00e1tex doble semi-plano. [&hellip;]<\/p>\n","protected":false},"featured_media":22730,"comment_status":"open","ping_status":"closed","template":"","meta":{"site-sidebar-layout":"default","site-content-layout":"default","ast-site-content-layout":"default","site-content-style":"default","site-sidebar-style":"default","ast-global-header-display":"","ast-banner-title-visibility":"","ast-main-header-display":"","ast-hfb-above-header-display":"","ast-hfb-below-header-display":"","ast-hfb-mobile-header-display":"","site-post-title":"","ast-breadcrumbs-content":"","ast-featured-img":"","footer-sml-layout":"","ast-disable-related-posts":"","theme-transparent-header-meta":"default","adv-header-id-meta":"","stick-header-meta":"","header-above-stick-meta":"","header-main-stick-meta":"","header-below-stick-meta":"","astra-migrate-meta-layouts":"set","ast-page-background-enabled":"default","ast-page-background-meta":{"desktop":{"background-color":"var(--ast-global-color-4)","background-image":"","background-repeat":"repeat","background-position":"center center","background-size":"auto","background-attachment":"scroll","background-type":"","background-media":"","overlay-type":"","overlay-color":"","overlay-opacity":"","overlay-gradient":""},"tablet":{"background-color":"","background-image":"","background-repeat":"repeat","background-position":"center center","background-size":"auto","background-attachment":"scroll","background-type":"","background-media":"","overlay-type":"","overlay-color":"","overlay-opacity":"","overlay-gradient":""},"mobile":{"background-color":"","background-image":"","background-repeat":"repeat","background-position":"center center","background-size":"auto","background-attachment":"scroll","background-type":"","background-media":"","overlay-type":"","overlay-color":"","overlay-opacity":"","overlay-gradient":""}},"ast-content-background-meta":{"desktop":{"background-color":"var(--ast-global-color-5)","background-image":"","background-repeat":"repeat","background-position":"center center","background-size":"auto","background-attachment":"scroll","background-type":"","background-media":"","overlay-type":"","overlay-color":"","overlay-opacity":"","overlay-gradient":""},"tablet":{"background-color":"var(--ast-global-color-5)","background-image":"","background-repeat":"repeat","background-position":"center center","background-size":"auto","background-attachment":"scroll","background-type":"","background-media":"","overlay-type":"","overlay-color":"","overlay-opacity":"","overlay-gradient":""},"mobile":{"background-color":"var(--ast-global-color-5)","background-image":"","background-repeat":"repeat","background-position":"center center","background-size":"auto","background-attachment":"scroll","background-type":"","background-media":"","overlay-type":"","overlay-color":"","overlay-opacity":"","overlay-gradient":""}},"ngg_post_thumbnail":0},"product_brand":[],"product_cat":[29,17],"product_tag":[341,346,1052,440,410,1050,202,340,337,991,338,339,395],"class_list":{"0":"post-22713","1":"product","2":"type-product","3":"status-publish","4":"has-post-thumbnail","6":"product_cat-raid-marcha","7":"product_cat-sillas","8":"product_tag-bienestarcaballo","9":"product_tag-equiscan-zaldi","10":"product_tag-marcha","11":"product_tag-silla","12":"product_tag-silla-custom","13":"product_tag-silla-de-montar-a-medida","14":"product_tag-sillas","15":"product_tag-susanne-nagel","16":"product_tag-zaldi","17":"product_tag-zaldi-alemania","18":"product_tag-zaldi-deutschland","19":"product_tag-zaldi-online-com","20":"product_tag-zaldi-raid","21":"desktop-align-left","22":"tablet-align-left","23":"mobile-align-left","25":"first","26":"instock","27":"taxable","28":"shipping-taxable","29":"purchasable","30":"product-type-variable"},"yoast_head":"<!-- This site is optimized with the Yoast SEO plugin v27.5 - https:\/\/yoast.com\/product\/yoast-seo-wordpress\/ -->\n<title>SILLA ZALDI RAID ENDUR LIGERA CUERO - Zaldionline.com<\/title>\n<meta name=\"description\" content=\"Precio inc. IVA \u00bfCu\u00e1nto pesa una silla de raid? Endur-Ligera cuero raid pesa 3.100 Kg. Tecnolog\u00eda ZALDI T+T.Alto confort para largas marchas a caballo, tanto para el jinete como para el caballo. MATERIALES:* Nueva armadura semi-plana con mayor contacto. Fabricada en polietileno termomoldeable de alta tecnolog\u00eda.* Asiento de goma l\u00e1tex doble semi-plano.* Baste de goma l\u00e1tex moldeable.* Estribera inoxidable de seguridad.Pesos:* Silla: 3.100 Kg.* Aci\u00f3n: 0.300 Kg. (unidad).* Estribo: 0.400 Kg. (unidad).Colores: actualmente adem\u00e1s de los cl\u00e1sicos colores negro, marr\u00f3n, habana, avellana, tostado; se pueden realizar m\u00faltiples combinaciones en colores de cuero, hilos, vivos, burletes e incluso combinar materiales como el ante\/z-plus. Por ejemplo el modelo de la imagen es bicolor de cuero negro con cuero blanco, con hilos y vivos en blanco.MEDIDAS:* Jinete: standar equivalente a 17.5&quot; (largo de 44.5 cm. desde el borr\u00e9n trasero de la silla al clavo Zaldi). Preguntar m\u00e1s medidas.* Cruz del caballo: de 28 cm. a 34 cm.* Peso de la silla: 3.100 Kg.* Peso de la silla con aciones y estribos: 4.500 Kg.* Medida del fald\u00f3n que pertenece a la aci\u00f3n del estribo: 36 cm. x 22 cm.* Largo del baste por debajo: 46 cm.* \u00c1rea de apoyo del baste sobre el lomo del caballo: 41 cm.* Rodillera: 20 cm. x 6 cm. x 4 cm.TIPOS DE PRODUCTOS+Sillas+Caballo+Cuidados y Salud+Establo, Guadarn\u00e9s y Pista+Jinete+Guarnicioner\u00eda+HerrajePerros+Regalos y Complementos+Destacados \u00a1AVISO IMPORTANTE! COLORES DEL CUEROEs \u201cIMPOSIBLE\u201d conseguir que dos art\u00edculos en cuero de color avellana, tostado, marr\u00f3n o habana sean exactamente iguales. Ref. 00000946\" \/>\n<meta name=\"robots\" content=\"noindex, follow, max-snippet:-1, max-image-preview:large, max-video-preview:-1\" \/>\n<meta property=\"og:locale\" content=\"es_ES\" \/>\n<meta property=\"og:type\" content=\"article\" \/>\n<meta property=\"og:title\" content=\"SILLA ZALDI RAID ENDUR LIGERA CUERO - Zaldionline.com\" \/>\n<meta property=\"og:description\" content=\"Precio inc. IVA \u00bfCu\u00e1nto pesa una silla de raid? Endur-Ligera cuero raid pesa 3.100 Kg. Tecnolog\u00eda ZALDI T+T.Alto confort para largas marchas a caballo, tanto para el jinete como para el caballo. MATERIALES:* Nueva armadura semi-plana con mayor contacto. Fabricada en polietileno termomoldeable de alta tecnolog\u00eda.* Asiento de goma l\u00e1tex doble semi-plano.* Baste de goma l\u00e1tex moldeable.* Estribera inoxidable de seguridad.Pesos:* Silla: 3.100 Kg.* Aci\u00f3n: 0.300 Kg. (unidad).* Estribo: 0.400 Kg. (unidad).Colores: actualmente adem\u00e1s de los cl\u00e1sicos colores negro, marr\u00f3n, habana, avellana, tostado; se pueden realizar m\u00faltiples combinaciones en colores de cuero, hilos, vivos, burletes e incluso combinar materiales como el ante\/z-plus. Por ejemplo el modelo de la imagen es bicolor de cuero negro con cuero blanco, con hilos y vivos en blanco.MEDIDAS:* Jinete: standar equivalente a 17.5&quot; (largo de 44.5 cm. desde el borr\u00e9n trasero de la silla al clavo Zaldi). Preguntar m\u00e1s medidas.* Cruz del caballo: de 28 cm. a 34 cm.* Peso de la silla: 3.100 Kg.* Peso de la silla con aciones y estribos: 4.500 Kg.* Medida del fald\u00f3n que pertenece a la aci\u00f3n del estribo: 36 cm. x 22 cm.* Largo del baste por debajo: 46 cm.* \u00c1rea de apoyo del baste sobre el lomo del caballo: 41 cm.* Rodillera: 20 cm. x 6 cm. x 4 cm.TIPOS DE PRODUCTOS+Sillas+Caballo+Cuidados y Salud+Establo, Guadarn\u00e9s y Pista+Jinete+Guarnicioner\u00eda+HerrajePerros+Regalos y Complementos+Destacados \u00a1AVISO IMPORTANTE! COLORES DEL CUEROEs \u201cIMPOSIBLE\u201d conseguir que dos art\u00edculos en cuero de color avellana, tostado, marr\u00f3n o habana sean exactamente iguales. Ref. 00000946\" \/>\n<meta property=\"og:url\" content=\"https:\/\/www.zaldionline.com\/es\/producto\/zaldi-raid-endur-ligera-cuero-leder\/\" \/>\n<meta property=\"og:site_name\" content=\"Zaldionline.com\" \/>\n<meta property=\"article:modified_time\" content=\"2024-10-18T12:17:36+00:00\" \/>\n<meta property=\"og:image\" content=\"https:\/\/www.zaldionline.com\/es\/wp-content\/uploads\/sites\/2\/2023\/03\/Bild_2023-03-29_201904006.png\" \/>\n\t<meta property=\"og:image:width\" content=\"505\" \/>\n\t<meta property=\"og:image:height\" content=\"508\" \/>\n\t<meta property=\"og:image:type\" content=\"image\/png\" \/>\n<meta name=\"twitter:card\" content=\"summary_large_image\" \/>\n<meta name=\"twitter:label1\" content=\"Tiempo de lectura\" \/>\n\t<meta name=\"twitter:data1\" content=\"2 minutos\" \/>\n<script type=\"application\/ld+json\" class=\"yoast-schema-graph\">{\"@context\":\"https:\\\/\\\/schema.org\",\"@graph\":[{\"@type\":\"WebPage\",\"@id\":\"https:\\\/\\\/www.zaldionline.com\\\/es\\\/producto\\\/zaldi-raid-endur-ligera-cuero-leder\\\/\",\"url\":\"https:\\\/\\\/www.zaldionline.com\\\/es\\\/producto\\\/zaldi-raid-endur-ligera-cuero-leder\\\/\",\"name\":\"SILLA ZALDI RAID ENDUR LIGERA CUERO - Zaldionline.com\",\"isPartOf\":{\"@id\":\"https:\\\/\\\/www.zaldionline.com\\\/es\\\/#website\"},\"primaryImageOfPage\":{\"@id\":\"https:\\\/\\\/www.zaldionline.com\\\/es\\\/producto\\\/zaldi-raid-endur-ligera-cuero-leder\\\/#primaryimage\"},\"image\":{\"@id\":\"https:\\\/\\\/www.zaldionline.com\\\/es\\\/producto\\\/zaldi-raid-endur-ligera-cuero-leder\\\/#primaryimage\"},\"thumbnailUrl\":\"https:\\\/\\\/www.zaldionline.com\\\/es\\\/wp-content\\\/uploads\\\/sites\\\/2\\\/2023\\\/03\\\/Bild_2023-03-29_201904006.png\",\"datePublished\":\"2023-03-29T17:58:26+00:00\",\"dateModified\":\"2024-10-18T12:17:36+00:00\",\"description\":\"Precio inc. IVA \u00bfCu\u00e1nto pesa una silla de raid? Endur-Ligera cuero raid pesa 3.100 Kg. Tecnolog\u00eda ZALDI T+T.Alto confort para largas marchas a caballo, tanto para el jinete como para el caballo. MATERIALES:* Nueva armadura semi-plana con mayor contacto. Fabricada en polietileno termomoldeable de alta tecnolog\u00eda.* Asiento de goma l\u00e1tex doble semi-plano.* Baste de goma l\u00e1tex moldeable.* Estribera inoxidable de seguridad.Pesos:* Silla: 3.100 Kg.* Aci\u00f3n: 0.300 Kg. (unidad).* Estribo: 0.400 Kg. (unidad).Colores: actualmente adem\u00e1s de los cl\u00e1sicos colores negro, marr\u00f3n, habana, avellana, tostado; se pueden realizar m\u00faltiples combinaciones en colores de cuero, hilos, vivos, burletes e incluso combinar materiales como el ante\\\/z-plus. Por ejemplo el modelo de la imagen es bicolor de cuero negro con cuero blanco, con hilos y vivos en blanco.MEDIDAS:* Jinete: standar equivalente a 17.5\\\" (largo de 44.5 cm. desde el borr\u00e9n trasero de la silla al clavo Zaldi). Preguntar m\u00e1s medidas.* Cruz del caballo: de 28 cm. a 34 cm.* Peso de la silla: 3.100 Kg.* Peso de la silla con aciones y estribos: 4.500 Kg.* Medida del fald\u00f3n que pertenece a la aci\u00f3n del estribo: 36 cm. x 22 cm.* Largo del baste por debajo: 46 cm.* \u00c1rea de apoyo del baste sobre el lomo del caballo: 41 cm.* Rodillera: 20 cm. x 6 cm. x 4 cm.TIPOS DE PRODUCTOS+Sillas+Caballo+Cuidados y Salud+Establo, Guadarn\u00e9s y Pista+Jinete+Guarnicioner\u00eda+HerrajePerros+Regalos y Complementos+Destacados \u00a1AVISO IMPORTANTE! COLORES DEL CUEROEs \u201cIMPOSIBLE\u201d conseguir que dos art\u00edculos en cuero de color avellana, tostado, marr\u00f3n o habana sean exactamente iguales. Ref. 00000946\",\"breadcrumb\":{\"@id\":\"https:\\\/\\\/www.zaldionline.com\\\/es\\\/producto\\\/zaldi-raid-endur-ligera-cuero-leder\\\/#breadcrumb\"},\"inLanguage\":\"es\",\"potentialAction\":[{\"@type\":\"ReadAction\",\"target\":[\"https:\\\/\\\/www.zaldionline.com\\\/es\\\/producto\\\/zaldi-raid-endur-ligera-cuero-leder\\\/\"]}]},{\"@type\":\"ImageObject\",\"inLanguage\":\"es\",\"@id\":\"https:\\\/\\\/www.zaldionline.com\\\/es\\\/producto\\\/zaldi-raid-endur-ligera-cuero-leder\\\/#primaryimage\",\"url\":\"https:\\\/\\\/www.zaldionline.com\\\/es\\\/wp-content\\\/uploads\\\/sites\\\/2\\\/2023\\\/03\\\/Bild_2023-03-29_201904006.png\",\"contentUrl\":\"https:\\\/\\\/www.zaldionline.com\\\/es\\\/wp-content\\\/uploads\\\/sites\\\/2\\\/2023\\\/03\\\/Bild_2023-03-29_201904006.png\",\"width\":505,\"height\":508},{\"@type\":\"BreadcrumbList\",\"@id\":\"https:\\\/\\\/www.zaldionline.com\\\/es\\\/producto\\\/zaldi-raid-endur-ligera-cuero-leder\\\/#breadcrumb\",\"itemListElement\":[{\"@type\":\"ListItem\",\"position\":1,\"name\":\"Portada\",\"item\":\"https:\\\/\\\/www.zaldionline.com\\\/es\\\/\"},{\"@type\":\"ListItem\",\"position\":2,\"name\":\"Sillas y accesorios\",\"item\":\"https:\\\/\\\/www.zaldionline.com\\\/es\\\/sillas-y-accesorios\\\/\"},{\"@type\":\"ListItem\",\"position\":3,\"name\":\"SILLA ZALDI RAID ENDUR LIGERA CUERO\"}]},{\"@type\":\"WebSite\",\"@id\":\"https:\\\/\\\/www.zaldionline.com\\\/es\\\/#website\",\"url\":\"https:\\\/\\\/www.zaldionline.com\\\/es\\\/\",\"name\":\"Zaldionline.com\",\"description\":\"Los mejores productos para usted y su caballo\",\"potentialAction\":[{\"@type\":\"SearchAction\",\"target\":{\"@type\":\"EntryPoint\",\"urlTemplate\":\"https:\\\/\\\/www.zaldionline.com\\\/es\\\/?s={search_term_string}\"},\"query-input\":{\"@type\":\"PropertyValueSpecification\",\"valueRequired\":true,\"valueName\":\"search_term_string\"}}],\"inLanguage\":\"es\"}]}<\/script>\n<!-- \/ Yoast SEO plugin. -->","yoast_head_json":{"title":"SILLA ZALDI RAID ENDUR LIGERA CUERO - Zaldionline.com","description":"Precio inc. IVA \u00bfCu\u00e1nto pesa una silla de raid? Endur-Ligera cuero raid pesa 3.100 Kg. Tecnolog\u00eda ZALDI T+T.Alto confort para largas marchas a caballo, tanto para el jinete como para el caballo. MATERIALES:* Nueva armadura semi-plana con mayor contacto. Fabricada en polietileno termomoldeable de alta tecnolog\u00eda.* Asiento de goma l\u00e1tex doble semi-plano.* Baste de goma l\u00e1tex moldeable.* Estribera inoxidable de seguridad.Pesos:* Silla: 3.100 Kg.* Aci\u00f3n: 0.300 Kg. (unidad).* Estribo: 0.400 Kg. (unidad).Colores: actualmente adem\u00e1s de los cl\u00e1sicos colores negro, marr\u00f3n, habana, avellana, tostado; se pueden realizar m\u00faltiples combinaciones en colores de cuero, hilos, vivos, burletes e incluso combinar materiales como el ante\/z-plus. Por ejemplo el modelo de la imagen es bicolor de cuero negro con cuero blanco, con hilos y vivos en blanco.MEDIDAS:* Jinete: standar equivalente a 17.5\" (largo de 44.5 cm. desde el borr\u00e9n trasero de la silla al clavo Zaldi). Preguntar m\u00e1s medidas.* Cruz del caballo: de 28 cm. a 34 cm.* Peso de la silla: 3.100 Kg.* Peso de la silla con aciones y estribos: 4.500 Kg.* Medida del fald\u00f3n que pertenece a la aci\u00f3n del estribo: 36 cm. x 22 cm.* Largo del baste por debajo: 46 cm.* \u00c1rea de apoyo del baste sobre el lomo del caballo: 41 cm.* Rodillera: 20 cm. x 6 cm. x 4 cm.TIPOS DE PRODUCTOS+Sillas+Caballo+Cuidados y Salud+Establo, Guadarn\u00e9s y Pista+Jinete+Guarnicioner\u00eda+HerrajePerros+Regalos y Complementos+Destacados \u00a1AVISO IMPORTANTE! COLORES DEL CUEROEs \u201cIMPOSIBLE\u201d conseguir que dos art\u00edculos en cuero de color avellana, tostado, marr\u00f3n o habana sean exactamente iguales. Ref. 00000946","robots":{"index":"noindex","follow":"follow","max-snippet":"max-snippet:-1","max-image-preview":"max-image-preview:large","max-video-preview":"max-video-preview:-1"},"og_locale":"es_ES","og_type":"article","og_title":"SILLA ZALDI RAID ENDUR LIGERA CUERO - Zaldionline.com","og_description":"Precio inc. IVA \u00bfCu\u00e1nto pesa una silla de raid? Endur-Ligera cuero raid pesa 3.100 Kg. Tecnolog\u00eda ZALDI T+T.Alto confort para largas marchas a caballo, tanto para el jinete como para el caballo. MATERIALES:* Nueva armadura semi-plana con mayor contacto. Fabricada en polietileno termomoldeable de alta tecnolog\u00eda.* Asiento de goma l\u00e1tex doble semi-plano.* Baste de goma l\u00e1tex moldeable.* Estribera inoxidable de seguridad.Pesos:* Silla: 3.100 Kg.* Aci\u00f3n: 0.300 Kg. (unidad).* Estribo: 0.400 Kg. (unidad).Colores: actualmente adem\u00e1s de los cl\u00e1sicos colores negro, marr\u00f3n, habana, avellana, tostado; se pueden realizar m\u00faltiples combinaciones en colores de cuero, hilos, vivos, burletes e incluso combinar materiales como el ante\/z-plus. Por ejemplo el modelo de la imagen es bicolor de cuero negro con cuero blanco, con hilos y vivos en blanco.MEDIDAS:* Jinete: standar equivalente a 17.5\" (largo de 44.5 cm. desde el borr\u00e9n trasero de la silla al clavo Zaldi). Preguntar m\u00e1s medidas.* Cruz del caballo: de 28 cm. a 34 cm.* Peso de la silla: 3.100 Kg.* Peso de la silla con aciones y estribos: 4.500 Kg.* Medida del fald\u00f3n que pertenece a la aci\u00f3n del estribo: 36 cm. x 22 cm.* Largo del baste por debajo: 46 cm.* \u00c1rea de apoyo del baste sobre el lomo del caballo: 41 cm.* Rodillera: 20 cm. x 6 cm. x 4 cm.TIPOS DE PRODUCTOS+Sillas+Caballo+Cuidados y Salud+Establo, Guadarn\u00e9s y Pista+Jinete+Guarnicioner\u00eda+HerrajePerros+Regalos y Complementos+Destacados \u00a1AVISO IMPORTANTE! COLORES DEL CUEROEs \u201cIMPOSIBLE\u201d conseguir que dos art\u00edculos en cuero de color avellana, tostado, marr\u00f3n o habana sean exactamente iguales. Ref. 00000946","og_url":"https:\/\/www.zaldionline.com\/es\/producto\/zaldi-raid-endur-ligera-cuero-leder\/","og_site_name":"Zaldionline.com","article_modified_time":"2024-10-18T12:17:36+00:00","og_image":[{"width":505,"height":508,"url":"https:\/\/www.zaldionline.com\/es\/wp-content\/uploads\/sites\/2\/2023\/03\/Bild_2023-03-29_201904006.png","type":"image\/png"}],"twitter_card":"summary_large_image","twitter_misc":{"Tiempo de lectura":"2 minutos"},"schema":{"@context":"https:\/\/schema.org","@graph":[{"@type":"WebPage","@id":"https:\/\/www.zaldionline.com\/es\/producto\/zaldi-raid-endur-ligera-cuero-leder\/","url":"https:\/\/www.zaldionline.com\/es\/producto\/zaldi-raid-endur-ligera-cuero-leder\/","name":"SILLA ZALDI RAID ENDUR LIGERA CUERO - Zaldionline.com","isPartOf":{"@id":"https:\/\/www.zaldionline.com\/es\/#website"},"primaryImageOfPage":{"@id":"https:\/\/www.zaldionline.com\/es\/producto\/zaldi-raid-endur-ligera-cuero-leder\/#primaryimage"},"image":{"@id":"https:\/\/www.zaldionline.com\/es\/producto\/zaldi-raid-endur-ligera-cuero-leder\/#primaryimage"},"thumbnailUrl":"https:\/\/www.zaldionline.com\/es\/wp-content\/uploads\/sites\/2\/2023\/03\/Bild_2023-03-29_201904006.png","datePublished":"2023-03-29T17:58:26+00:00","dateModified":"2024-10-18T12:17:36+00:00","description":"Precio inc. IVA \u00bfCu\u00e1nto pesa una silla de raid? Endur-Ligera cuero raid pesa 3.100 Kg. Tecnolog\u00eda ZALDI T+T.Alto confort para largas marchas a caballo, tanto para el jinete como para el caballo. MATERIALES:* Nueva armadura semi-plana con mayor contacto. Fabricada en polietileno termomoldeable de alta tecnolog\u00eda.* Asiento de goma l\u00e1tex doble semi-plano.* Baste de goma l\u00e1tex moldeable.* Estribera inoxidable de seguridad.Pesos:* Silla: 3.100 Kg.* Aci\u00f3n: 0.300 Kg. (unidad).* Estribo: 0.400 Kg. (unidad).Colores: actualmente adem\u00e1s de los cl\u00e1sicos colores negro, marr\u00f3n, habana, avellana, tostado; se pueden realizar m\u00faltiples combinaciones en colores de cuero, hilos, vivos, burletes e incluso combinar materiales como el ante\/z-plus. Por ejemplo el modelo de la imagen es bicolor de cuero negro con cuero blanco, con hilos y vivos en blanco.MEDIDAS:* Jinete: standar equivalente a 17.5\" (largo de 44.5 cm. desde el borr\u00e9n trasero de la silla al clavo Zaldi). Preguntar m\u00e1s medidas.* Cruz del caballo: de 28 cm. a 34 cm.* Peso de la silla: 3.100 Kg.* Peso de la silla con aciones y estribos: 4.500 Kg.* Medida del fald\u00f3n que pertenece a la aci\u00f3n del estribo: 36 cm. x 22 cm.* Largo del baste por debajo: 46 cm.* \u00c1rea de apoyo del baste sobre el lomo del caballo: 41 cm.* Rodillera: 20 cm. x 6 cm. x 4 cm.TIPOS DE PRODUCTOS+Sillas+Caballo+Cuidados y Salud+Establo, Guadarn\u00e9s y Pista+Jinete+Guarnicioner\u00eda+HerrajePerros+Regalos y Complementos+Destacados \u00a1AVISO IMPORTANTE! COLORES DEL CUEROEs \u201cIMPOSIBLE\u201d conseguir que dos art\u00edculos en cuero de color avellana, tostado, marr\u00f3n o habana sean exactamente iguales. Ref. 00000946","breadcrumb":{"@id":"https:\/\/www.zaldionline.com\/es\/producto\/zaldi-raid-endur-ligera-cuero-leder\/#breadcrumb"},"inLanguage":"es","potentialAction":[{"@type":"ReadAction","target":["https:\/\/www.zaldionline.com\/es\/producto\/zaldi-raid-endur-ligera-cuero-leder\/"]}]},{"@type":"ImageObject","inLanguage":"es","@id":"https:\/\/www.zaldionline.com\/es\/producto\/zaldi-raid-endur-ligera-cuero-leder\/#primaryimage","url":"https:\/\/www.zaldionline.com\/es\/wp-content\/uploads\/sites\/2\/2023\/03\/Bild_2023-03-29_201904006.png","contentUrl":"https:\/\/www.zaldionline.com\/es\/wp-content\/uploads\/sites\/2\/2023\/03\/Bild_2023-03-29_201904006.png","width":505,"height":508},{"@type":"BreadcrumbList","@id":"https:\/\/www.zaldionline.com\/es\/producto\/zaldi-raid-endur-ligera-cuero-leder\/#breadcrumb","itemListElement":[{"@type":"ListItem","position":1,"name":"Portada","item":"https:\/\/www.zaldionline.com\/es\/"},{"@type":"ListItem","position":2,"name":"Sillas y accesorios","item":"https:\/\/www.zaldionline.com\/es\/sillas-y-accesorios\/"},{"@type":"ListItem","position":3,"name":"SILLA ZALDI RAID ENDUR LIGERA CUERO"}]},{"@type":"WebSite","@id":"https:\/\/www.zaldionline.com\/es\/#website","url":"https:\/\/www.zaldionline.com\/es\/","name":"Zaldionline.com","description":"Los mejores productos para usted y su caballo","potentialAction":[{"@type":"SearchAction","target":{"@type":"EntryPoint","urlTemplate":"https:\/\/www.zaldionline.com\/es\/?s={search_term_string}"},"query-input":{"@type":"PropertyValueSpecification","valueRequired":true,"valueName":"search_term_string"}}],"inLanguage":"es"}]}},"_links":{"self":[{"href":"https:\/\/www.zaldionline.com\/es\/wp-json\/wp\/v2\/product\/22713","targetHints":{"allow":["GET"]}}],"collection":[{"href":"https:\/\/www.zaldionline.com\/es\/wp-json\/wp\/v2\/product"}],"about":[{"href":"https:\/\/www.zaldionline.com\/es\/wp-json\/wp\/v2\/types\/product"}],"replies":[{"embeddable":true,"href":"https:\/\/www.zaldionline.com\/es\/wp-json\/wp\/v2\/comments?post=22713"}],"version-history":[{"count":17,"href":"https:\/\/www.zaldionline.com\/es\/wp-json\/wp\/v2\/product\/22713\/revisions"}],"predecessor-version":[{"id":25549,"href":"https:\/\/www.zaldionline.com\/es\/wp-json\/wp\/v2\/product\/22713\/revisions\/25549"}],"wp:featuredmedia":[{"embeddable":true,"href":"https:\/\/www.zaldionline.com\/es\/wp-json\/wp\/v2\/media\/22730"}],"wp:attachment":[{"href":"https:\/\/www.zaldionline.com\/es\/wp-json\/wp\/v2\/media?parent=22713"}],"wp:term":[{"taxonomy":"product_brand","embeddable":true,"href":"https:\/\/www.zaldionline.com\/es\/wp-json\/wp\/v2\/product_brand?post=22713"},{"taxonomy":"product_cat","embeddable":true,"href":"https:\/\/www.zaldionline.com\/es\/wp-json\/wp\/v2\/product_cat?post=22713"},{"taxonomy":"product_tag","embeddable":true,"href":"https:\/\/www.zaldionline.com\/es\/wp-json\/wp\/v2\/product_tag?post=22713"}],"curies":[{"name":"wp","href":"https:\/\/api.w.org\/{rel}","templated":true}]}}