{"id":22876,"date":"2023-04-03T15:53:43","date_gmt":"2023-04-03T15:53:43","guid":{"rendered":"https:\/\/www.zaldionline.com\/?post_type=product&#038;p=22876"},"modified":"2023-04-05T14:39:08","modified_gmt":"2023-04-05T14:39:08","slug":"zaldi-konfigurierbares-stirnband-kristalle-frontalera-cabezada-3","status":"publish","type":"product","link":"https:\/\/www.zaldionline.com\/es\/producto\/zaldi-konfigurierbares-stirnband-kristalle-frontalera-cabezada-3\/","title":{"rendered":"ZALDI KONFIGURIERBARES STIRNBAND KRISTALLE FRONTALERA CABEZADA"},"content":{"rendered":"\t\t<div data-elementor-type=\"wp-post\" data-elementor-id=\"22876\" class=\"elementor elementor-22876\">\n\t\t\t\t\t\t<section class=\"elementor-section elementor-top-section elementor-element elementor-element-1f3110fd elementor-section-boxed elementor-section-height-default elementor-section-height-default\" data-id=\"1f3110fd\" data-element_type=\"section\" data-e-type=\"section\">\n\t\t\t\t\t\t<div class=\"elementor-container elementor-column-gap-default\">\n\t\t\t\t\t<div class=\"elementor-column elementor-col-100 elementor-top-column elementor-element elementor-element-e2bbddc\" data-id=\"e2bbddc\" data-element_type=\"column\" data-e-type=\"column\">\n\t\t\t<div class=\"elementor-widget-wrap elementor-element-populated\">\n\t\t\t\t\t\t<div class=\"elementor-element elementor-element-19ce51a6 elementor-widget elementor-widget-text-editor\" data-id=\"19ce51a6\" data-element_type=\"widget\" data-e-type=\"widget\" data-widget_type=\"text-editor.default\">\n\t\t\t\t<div class=\"elementor-widget-container\">\n\t\t\t\t\t\t\t\t\t<p>Preis ink. MwSt.: 13,50\u20ac<\/p><p>Zaumzeug nach Ma\u00df<\/p><p>Mit <em>Zaldi<\/em> k\u00f6nnen Sie Ihr eigenes Zaumzeug nach Ma\u00df entwerfen.<\/p><p>W\u00e4hlen, konfigurieren und kombinieren Sie die verschiedenen Elemente, um Ihre Traumz\u00e4umung zu kreieren.<\/p><p>W\u00e4hlen Sie zuerst das Kopfst\u00fcck, dann den Stirnriemen, dann die Sattelst\u00fctze, dann den Nasenriemen und schlie\u00dflich die Z\u00fcgel.<\/p><p>Frontalera f\u00fcr englisches Zaumzeug. Geflochten mit einem doppelten Streifen aus kleinen, gl\u00e4nzenden Kristallen, die je nach Lichtreflexion in verschiedenen Farben leuchten.<\/p><p>Hergestellt aus Leder.<br \/>Farbe: Schwarz, Braun.<br \/>Abmessungen: 41 cm x 1,5 cm<\/p><p>Ref. 21999030003<\/p>\t\t\t\t\t\t\t\t<\/div>\n\t\t\t\t<\/div>\n\t\t\t\t\t<\/div>\n\t\t<\/div>\n\t\t\t\t\t<\/div>\n\t\t<\/section>\n\t\t\t\t<\/div>\n\t\t","protected":false},"excerpt":{"rendered":"<p>Preis ink. MwSt.: 13,50\u20ac Zaumzeug nach Ma\u00df Mit Zaldi k\u00f6nnen Sie Ihr eigenes Zaumzeug nach Ma\u00df entwerfen. W\u00e4hlen, konfigurieren und kombinieren Sie die verschiedenen Elemente, um Ihre Traumz\u00e4umung zu kreieren. W\u00e4hlen Sie zuerst das Kopfst\u00fcck, dann den Stirnriemen, dann die Sattelst\u00fctze, dann den Nasenriemen und schlie\u00dflich die Z\u00fcgel. Frontalera f\u00fcr englisches Zaumzeug. Geflochten mit einem [&hellip;]<\/p>\n","protected":false},"featured_media":22880,"comment_status":"open","ping_status":"closed","template":"","meta":{"site-sidebar-layout":"default","site-content-layout":"default","ast-site-content-layout":"default","site-content-style":"default","site-sidebar-style":"default","ast-global-header-display":"","ast-banner-title-visibility":"","ast-main-header-display":"","ast-hfb-above-header-display":"","ast-hfb-below-header-display":"","ast-hfb-mobile-header-display":"","site-post-title":"","ast-breadcrumbs-content":"","ast-featured-img":"","footer-sml-layout":"","ast-disable-related-posts":"","theme-transparent-header-meta":"default","adv-header-id-meta":"","stick-header-meta":"","header-above-stick-meta":"","header-main-stick-meta":"","header-below-stick-meta":"","astra-migrate-meta-layouts":"default","ast-page-background-enabled":"default","ast-page-background-meta":{"desktop":{"background-color":"var(--ast-global-color-4)","background-image":"","background-repeat":"repeat","background-position":"center center","background-size":"auto","background-attachment":"scroll","background-type":"","background-media":"","overlay-type":"","overlay-color":"","overlay-opacity":"","overlay-gradient":""},"tablet":{"background-color":"","background-image":"","background-repeat":"repeat","background-position":"center center","background-size":"auto","background-attachment":"scroll","background-type":"","background-media":"","overlay-type":"","overlay-color":"","overlay-opacity":"","overlay-gradient":""},"mobile":{"background-color":"","background-image":"","background-repeat":"repeat","background-position":"center center","background-size":"auto","background-attachment":"scroll","background-type":"","background-media":"","overlay-type":"","overlay-color":"","overlay-opacity":"","overlay-gradient":""}},"ast-content-background-meta":{"desktop":{"background-color":"var(--ast-global-color-5)","background-image":"","background-repeat":"repeat","background-position":"center center","background-size":"auto","background-attachment":"scroll","background-type":"","background-media":"","overlay-type":"","overlay-color":"","overlay-opacity":"","overlay-gradient":""},"tablet":{"background-color":"var(--ast-global-color-5)","background-image":"","background-repeat":"repeat","background-position":"center center","background-size":"auto","background-attachment":"scroll","background-type":"","background-media":"","overlay-type":"","overlay-color":"","overlay-opacity":"","overlay-gradient":""},"mobile":{"background-color":"var(--ast-global-color-5)","background-image":"","background-repeat":"repeat","background-position":"center center","background-size":"auto","background-attachment":"scroll","background-type":"","background-media":"","overlay-type":"","overlay-color":"","overlay-opacity":"","overlay-gradient":""}},"ngg_post_thumbnail":0},"product_brand":[],"product_cat":[277],"product_tag":[534,533,536,539,528,529,531,518,517,340,521,337,338,339,514,535,516],"class_list":{"0":"post-22876","1":"product","2":"type-product","3":"status-publish","4":"has-post-thumbnail","6":"product_cat-neuigkeiten","7":"product_tag-cabezada","8":"product_tag-frontalera","9":"product_tag-konfigurierbares-stirnband","10":"product_tag-kristall","11":"product_tag-kristalle","12":"product_tag-kristallsteine","13":"product_tag-stirnband","14":"product_tag-stirngurt","15":"product_tag-stirnriemen","16":"product_tag-susanne-nagel","17":"product_tag-vorderzeug","18":"product_tag-zaldi","19":"product_tag-zaldi-deutschland","20":"product_tag-zaldi-online-com","21":"product_tag-zaumzeug","22":"product_tag-zaumzeug-nach-mass","23":"product_tag-zuegel","24":"desktop-align-left","25":"tablet-align-left","26":"mobile-align-left","28":"first","29":"instock","30":"taxable","31":"shipping-taxable","32":"purchasable","33":"product-type-variable"},"yoast_head":"<!-- This site is optimized with the Yoast SEO plugin v27.5 - https:\/\/yoast.com\/product\/yoast-seo-wordpress\/ -->\n<title>ZALDI KONFIGURIERBARES STIRNBAND KRISTALLE FRONTALERA CABEZADA - Zaldionline.com<\/title>\n<meta name=\"description\" content=\"Zaumzeug nach Ma\u00df. Mit Zaldi k\u00f6nnen Sie Ihr eigenes Zaumzeug nach Ma\u00df entwerfen. W\u00e4hlen, konfigurieren und kombinieren Sie die verschiedenen Elemente, um Ihre Traumz\u00e4umung zu kreieren. Frontalera f\u00fcr englisches Zaumzeug. Geflochten mit einem doppelten Streifen aus kleinen, gl\u00e4nzenden Kristallen, die je nach Lichtreflexion in verschiedenen Farben leuchten. Hergestellt aus Leder. Farbe: Schwarz, Braun. Ma\u00dfe: 41 cm x 1,5 cm. Erh\u00e4ltlich \u00fcber Zaldionline.com\" \/>\n<meta name=\"robots\" content=\"noindex, follow, max-snippet:-1, max-image-preview:large, max-video-preview:-1\" \/>\n<meta property=\"og:locale\" content=\"es_ES\" \/>\n<meta property=\"og:type\" content=\"article\" \/>\n<meta property=\"og:title\" content=\"ZALDI KONFIGURIERBARES STIRNBAND KRISTALLE FRONTALERA CABEZADA - Zaldionline.com\" \/>\n<meta property=\"og:description\" content=\"Zaumzeug nach Ma\u00df. Mit Zaldi k\u00f6nnen Sie Ihr eigenes Zaumzeug nach Ma\u00df entwerfen. W\u00e4hlen, konfigurieren und kombinieren Sie die verschiedenen Elemente, um Ihre Traumz\u00e4umung zu kreieren. Frontalera f\u00fcr englisches Zaumzeug. Geflochten mit einem doppelten Streifen aus kleinen, gl\u00e4nzenden Kristallen, die je nach Lichtreflexion in verschiedenen Farben leuchten. Hergestellt aus Leder. Farbe: Schwarz, Braun. Ma\u00dfe: 41 cm x 1,5 cm. Erh\u00e4ltlich \u00fcber Zaldionline.com\" \/>\n<meta property=\"og:url\" content=\"https:\/\/www.zaldionline.com\/es\/producto\/zaldi-konfigurierbares-stirnband-kristalle-frontalera-cabezada-3\/\" \/>\n<meta property=\"og:site_name\" content=\"Zaldionline.com\" \/>\n<meta property=\"article:modified_time\" content=\"2023-04-05T14:39:08+00:00\" \/>\n<meta property=\"og:image\" content=\"https:\/\/www.zaldionline.com\/es\/wp-content\/uploads\/sites\/2\/2023\/04\/Bild_2023-04-03_175525886.png\" \/>\n\t<meta property=\"og:image:width\" content=\"519\" \/>\n\t<meta property=\"og:image:height\" content=\"503\" \/>\n\t<meta property=\"og:image:type\" content=\"image\/png\" \/>\n<meta name=\"twitter:card\" content=\"summary_large_image\" \/>\n<meta name=\"twitter:label1\" content=\"Tiempo de lectura\" \/>\n\t<meta name=\"twitter:data1\" content=\"1 minuto\" \/>\n<script type=\"application\/ld+json\" class=\"yoast-schema-graph\">{\"@context\":\"https:\\\/\\\/schema.org\",\"@graph\":[{\"@type\":\"WebPage\",\"@id\":\"https:\\\/\\\/www.zaldionline.com\\\/es\\\/producto\\\/zaldi-konfigurierbares-stirnband-kristalle-frontalera-cabezada-3\\\/\",\"url\":\"https:\\\/\\\/www.zaldionline.com\\\/es\\\/producto\\\/zaldi-konfigurierbares-stirnband-kristalle-frontalera-cabezada-3\\\/\",\"name\":\"ZALDI KONFIGURIERBARES STIRNBAND KRISTALLE FRONTALERA CABEZADA - Zaldionline.com\",\"isPartOf\":{\"@id\":\"https:\\\/\\\/www.zaldionline.com\\\/es\\\/#website\"},\"primaryImageOfPage\":{\"@id\":\"https:\\\/\\\/www.zaldionline.com\\\/es\\\/producto\\\/zaldi-konfigurierbares-stirnband-kristalle-frontalera-cabezada-3\\\/#primaryimage\"},\"image\":{\"@id\":\"https:\\\/\\\/www.zaldionline.com\\\/es\\\/producto\\\/zaldi-konfigurierbares-stirnband-kristalle-frontalera-cabezada-3\\\/#primaryimage\"},\"thumbnailUrl\":\"https:\\\/\\\/www.zaldionline.com\\\/es\\\/wp-content\\\/uploads\\\/sites\\\/2\\\/2023\\\/04\\\/Bild_2023-04-03_175525886.png\",\"datePublished\":\"2023-04-03T15:53:43+00:00\",\"dateModified\":\"2023-04-05T14:39:08+00:00\",\"description\":\"Zaumzeug nach Ma\u00df. Mit Zaldi k\u00f6nnen Sie Ihr eigenes Zaumzeug nach Ma\u00df entwerfen. W\u00e4hlen, konfigurieren und kombinieren Sie die verschiedenen Elemente, um Ihre Traumz\u00e4umung zu kreieren. Frontalera f\u00fcr englisches Zaumzeug. Geflochten mit einem doppelten Streifen aus kleinen, gl\u00e4nzenden Kristallen, die je nach Lichtreflexion in verschiedenen Farben leuchten. Hergestellt aus Leder. Farbe: Schwarz, Braun. Ma\u00dfe: 41 cm x 1,5 cm. Erh\u00e4ltlich \u00fcber Zaldionline.com\",\"breadcrumb\":{\"@id\":\"https:\\\/\\\/www.zaldionline.com\\\/es\\\/producto\\\/zaldi-konfigurierbares-stirnband-kristalle-frontalera-cabezada-3\\\/#breadcrumb\"},\"inLanguage\":\"es\",\"potentialAction\":[{\"@type\":\"ReadAction\",\"target\":[\"https:\\\/\\\/www.zaldionline.com\\\/es\\\/producto\\\/zaldi-konfigurierbares-stirnband-kristalle-frontalera-cabezada-3\\\/\"]}]},{\"@type\":\"ImageObject\",\"inLanguage\":\"es\",\"@id\":\"https:\\\/\\\/www.zaldionline.com\\\/es\\\/producto\\\/zaldi-konfigurierbares-stirnband-kristalle-frontalera-cabezada-3\\\/#primaryimage\",\"url\":\"https:\\\/\\\/www.zaldionline.com\\\/es\\\/wp-content\\\/uploads\\\/sites\\\/2\\\/2023\\\/04\\\/Bild_2023-04-03_175525886.png\",\"contentUrl\":\"https:\\\/\\\/www.zaldionline.com\\\/es\\\/wp-content\\\/uploads\\\/sites\\\/2\\\/2023\\\/04\\\/Bild_2023-04-03_175525886.png\",\"width\":519,\"height\":503},{\"@type\":\"BreadcrumbList\",\"@id\":\"https:\\\/\\\/www.zaldionline.com\\\/es\\\/producto\\\/zaldi-konfigurierbares-stirnband-kristalle-frontalera-cabezada-3\\\/#breadcrumb\",\"itemListElement\":[{\"@type\":\"ListItem\",\"position\":1,\"name\":\"Portada\",\"item\":\"https:\\\/\\\/www.zaldionline.com\\\/es\\\/\"},{\"@type\":\"ListItem\",\"position\":2,\"name\":\"Sillas y accesorios\",\"item\":\"https:\\\/\\\/www.zaldionline.com\\\/es\\\/sillas-y-accesorios\\\/\"},{\"@type\":\"ListItem\",\"position\":3,\"name\":\"ZALDI KONFIGURIERBARES STIRNBAND KRISTALLE FRONTALERA CABEZADA\"}]},{\"@type\":\"WebSite\",\"@id\":\"https:\\\/\\\/www.zaldionline.com\\\/es\\\/#website\",\"url\":\"https:\\\/\\\/www.zaldionline.com\\\/es\\\/\",\"name\":\"Zaldionline.com\",\"description\":\"Los mejores productos para usted y su caballo\",\"potentialAction\":[{\"@type\":\"SearchAction\",\"target\":{\"@type\":\"EntryPoint\",\"urlTemplate\":\"https:\\\/\\\/www.zaldionline.com\\\/es\\\/?s={search_term_string}\"},\"query-input\":{\"@type\":\"PropertyValueSpecification\",\"valueRequired\":true,\"valueName\":\"search_term_string\"}}],\"inLanguage\":\"es\"}]}<\/script>\n<!-- \/ Yoast SEO plugin. -->","yoast_head_json":{"title":"ZALDI KONFIGURIERBARES STIRNBAND KRISTALLE FRONTALERA CABEZADA - Zaldionline.com","description":"Zaumzeug nach Ma\u00df. Mit Zaldi k\u00f6nnen Sie Ihr eigenes Zaumzeug nach Ma\u00df entwerfen. W\u00e4hlen, konfigurieren und kombinieren Sie die verschiedenen Elemente, um Ihre Traumz\u00e4umung zu kreieren. Frontalera f\u00fcr englisches Zaumzeug. Geflochten mit einem doppelten Streifen aus kleinen, gl\u00e4nzenden Kristallen, die je nach Lichtreflexion in verschiedenen Farben leuchten. Hergestellt aus Leder. Farbe: Schwarz, Braun. Ma\u00dfe: 41 cm x 1,5 cm. Erh\u00e4ltlich \u00fcber Zaldionline.com","robots":{"index":"noindex","follow":"follow","max-snippet":"max-snippet:-1","max-image-preview":"max-image-preview:large","max-video-preview":"max-video-preview:-1"},"og_locale":"es_ES","og_type":"article","og_title":"ZALDI KONFIGURIERBARES STIRNBAND KRISTALLE FRONTALERA CABEZADA - Zaldionline.com","og_description":"Zaumzeug nach Ma\u00df. Mit Zaldi k\u00f6nnen Sie Ihr eigenes Zaumzeug nach Ma\u00df entwerfen. W\u00e4hlen, konfigurieren und kombinieren Sie die verschiedenen Elemente, um Ihre Traumz\u00e4umung zu kreieren. Frontalera f\u00fcr englisches Zaumzeug. Geflochten mit einem doppelten Streifen aus kleinen, gl\u00e4nzenden Kristallen, die je nach Lichtreflexion in verschiedenen Farben leuchten. Hergestellt aus Leder. Farbe: Schwarz, Braun. Ma\u00dfe: 41 cm x 1,5 cm. Erh\u00e4ltlich \u00fcber Zaldionline.com","og_url":"https:\/\/www.zaldionline.com\/es\/producto\/zaldi-konfigurierbares-stirnband-kristalle-frontalera-cabezada-3\/","og_site_name":"Zaldionline.com","article_modified_time":"2023-04-05T14:39:08+00:00","og_image":[{"width":519,"height":503,"url":"https:\/\/www.zaldionline.com\/es\/wp-content\/uploads\/sites\/2\/2023\/04\/Bild_2023-04-03_175525886.png","type":"image\/png"}],"twitter_card":"summary_large_image","twitter_misc":{"Tiempo de lectura":"1 minuto"},"schema":{"@context":"https:\/\/schema.org","@graph":[{"@type":"WebPage","@id":"https:\/\/www.zaldionline.com\/es\/producto\/zaldi-konfigurierbares-stirnband-kristalle-frontalera-cabezada-3\/","url":"https:\/\/www.zaldionline.com\/es\/producto\/zaldi-konfigurierbares-stirnband-kristalle-frontalera-cabezada-3\/","name":"ZALDI KONFIGURIERBARES STIRNBAND KRISTALLE FRONTALERA CABEZADA - Zaldionline.com","isPartOf":{"@id":"https:\/\/www.zaldionline.com\/es\/#website"},"primaryImageOfPage":{"@id":"https:\/\/www.zaldionline.com\/es\/producto\/zaldi-konfigurierbares-stirnband-kristalle-frontalera-cabezada-3\/#primaryimage"},"image":{"@id":"https:\/\/www.zaldionline.com\/es\/producto\/zaldi-konfigurierbares-stirnband-kristalle-frontalera-cabezada-3\/#primaryimage"},"thumbnailUrl":"https:\/\/www.zaldionline.com\/es\/wp-content\/uploads\/sites\/2\/2023\/04\/Bild_2023-04-03_175525886.png","datePublished":"2023-04-03T15:53:43+00:00","dateModified":"2023-04-05T14:39:08+00:00","description":"Zaumzeug nach Ma\u00df. Mit Zaldi k\u00f6nnen Sie Ihr eigenes Zaumzeug nach Ma\u00df entwerfen. W\u00e4hlen, konfigurieren und kombinieren Sie die verschiedenen Elemente, um Ihre Traumz\u00e4umung zu kreieren. Frontalera f\u00fcr englisches Zaumzeug. Geflochten mit einem doppelten Streifen aus kleinen, gl\u00e4nzenden Kristallen, die je nach Lichtreflexion in verschiedenen Farben leuchten. Hergestellt aus Leder. Farbe: Schwarz, Braun. Ma\u00dfe: 41 cm x 1,5 cm. Erh\u00e4ltlich \u00fcber Zaldionline.com","breadcrumb":{"@id":"https:\/\/www.zaldionline.com\/es\/producto\/zaldi-konfigurierbares-stirnband-kristalle-frontalera-cabezada-3\/#breadcrumb"},"inLanguage":"es","potentialAction":[{"@type":"ReadAction","target":["https:\/\/www.zaldionline.com\/es\/producto\/zaldi-konfigurierbares-stirnband-kristalle-frontalera-cabezada-3\/"]}]},{"@type":"ImageObject","inLanguage":"es","@id":"https:\/\/www.zaldionline.com\/es\/producto\/zaldi-konfigurierbares-stirnband-kristalle-frontalera-cabezada-3\/#primaryimage","url":"https:\/\/www.zaldionline.com\/es\/wp-content\/uploads\/sites\/2\/2023\/04\/Bild_2023-04-03_175525886.png","contentUrl":"https:\/\/www.zaldionline.com\/es\/wp-content\/uploads\/sites\/2\/2023\/04\/Bild_2023-04-03_175525886.png","width":519,"height":503},{"@type":"BreadcrumbList","@id":"https:\/\/www.zaldionline.com\/es\/producto\/zaldi-konfigurierbares-stirnband-kristalle-frontalera-cabezada-3\/#breadcrumb","itemListElement":[{"@type":"ListItem","position":1,"name":"Portada","item":"https:\/\/www.zaldionline.com\/es\/"},{"@type":"ListItem","position":2,"name":"Sillas y accesorios","item":"https:\/\/www.zaldionline.com\/es\/sillas-y-accesorios\/"},{"@type":"ListItem","position":3,"name":"ZALDI KONFIGURIERBARES STIRNBAND KRISTALLE FRONTALERA CABEZADA"}]},{"@type":"WebSite","@id":"https:\/\/www.zaldionline.com\/es\/#website","url":"https:\/\/www.zaldionline.com\/es\/","name":"Zaldionline.com","description":"Los mejores productos para usted y su caballo","potentialAction":[{"@type":"SearchAction","target":{"@type":"EntryPoint","urlTemplate":"https:\/\/www.zaldionline.com\/es\/?s={search_term_string}"},"query-input":{"@type":"PropertyValueSpecification","valueRequired":true,"valueName":"search_term_string"}}],"inLanguage":"es"}]}},"_links":{"self":[{"href":"https:\/\/www.zaldionline.com\/es\/wp-json\/wp\/v2\/product\/22876","targetHints":{"allow":["GET"]}}],"collection":[{"href":"https:\/\/www.zaldionline.com\/es\/wp-json\/wp\/v2\/product"}],"about":[{"href":"https:\/\/www.zaldionline.com\/es\/wp-json\/wp\/v2\/types\/product"}],"replies":[{"embeddable":true,"href":"https:\/\/www.zaldionline.com\/es\/wp-json\/wp\/v2\/comments?post=22876"}],"version-history":[{"count":8,"href":"https:\/\/www.zaldionline.com\/es\/wp-json\/wp\/v2\/product\/22876\/revisions"}],"predecessor-version":[{"id":23026,"href":"https:\/\/www.zaldionline.com\/es\/wp-json\/wp\/v2\/product\/22876\/revisions\/23026"}],"wp:featuredmedia":[{"embeddable":true,"href":"https:\/\/www.zaldionline.com\/es\/wp-json\/wp\/v2\/media\/22880"}],"wp:attachment":[{"href":"https:\/\/www.zaldionline.com\/es\/wp-json\/wp\/v2\/media?parent=22876"}],"wp:term":[{"taxonomy":"product_brand","embeddable":true,"href":"https:\/\/www.zaldionline.com\/es\/wp-json\/wp\/v2\/product_brand?post=22876"},{"taxonomy":"product_cat","embeddable":true,"href":"https:\/\/www.zaldionline.com\/es\/wp-json\/wp\/v2\/product_cat?post=22876"},{"taxonomy":"product_tag","embeddable":true,"href":"https:\/\/www.zaldionline.com\/es\/wp-json\/wp\/v2\/product_tag?post=22876"}],"curies":[{"name":"wp","href":"https:\/\/api.w.org\/{rel}","templated":true}]}}